{"id":52212,"date":"2022-01-11T16:16:11","date_gmt":"2022-01-11T16:16:11","guid":{"rendered":"https:\/\/www.accuratereviews.com\/?page_id=52212"},"modified":"2022-01-11T16:16:11","modified_gmt":"2022-01-11T16:16:11","slug":"eventcreate-recensione","status":"publish","type":"page","link":"https:\/\/www.accuratereviews.com\/it\/software-gestire-registrazioni-eventi\/eventcreate-recensione\/","title":{"rendered":"EventCreate"},"content":{"rendered":"<p><strong>EventCreate<\/strong>\u00a0\u00e8 un programma amato da tutti gli <strong>organizzatori di eventi<\/strong> che hanno bisogno di creare un sito web professionale ed efficace che faccia da vetrina ai loro eventi. Si tratta di un vero e proprio costruttore di siti web che non richiede nessuna competenza nell&#8217;ambito e che ti consente di scegliere il tema, il design, i contenuti, i testi, le immagini e tutto ci\u00f2 che vuoi inserire nel tuo sito. Una volta realizzato questo, ti baster\u00e0 <strong>creare l&#8217;evento<\/strong>, personalizzarne il processo di registrazioni, inviare gli inviti tramite messaggi di testo o condividendo un link e vendere i biglietti.<br \/>\nInoltre con <strong>EventCreate<\/strong> puoi promuovere il sito del tuo evento anche attraverso la promozione del sito partner, l&#8217;ottimizzazione dei motori di ricerca, la condivisione social, i referral o incorporando i pulsanti su un altro sito web.<\/p>\n<h2>EVENTCREATE -TUTORIAL<\/h2>\n<p>Di seguito un video per conoscere meglio questo <strong>programma per gestire le registrazioni agli eventi<\/strong>:<\/p>\n<div id=\"fluid-wrapper-counter-1\" class=\"g1-fluid-wrapper \" style=\"width:686px;\">\n<div style=\"padding-bottom:56.268221574344%;\"><iframe loading=\"lazy\" title=\"EventCreate - Event Website Editor Demo\" width=\"686\" height=\"386\" src=\"https:\/\/www.youtube.com\/embed\/4s0_is_NW4Q?feature=oembed&amp;wmode=transparent&amp;autohide=1&amp;autoplay=0&amp;disablekb=0&amp;fs=1&amp;loop=0&amp;enablejsapi=1&amp;rel=0&amp;controls=2&amp;showinfo=0&amp;wmode=transparent&amp;autohide=2&amp;autoplay=0&amp;disablekb=0&amp;fs=1&amp;loop=0&amp;enablejsapi=1&amp;rel=0&amp;controls=2&amp;showinfo=1\" frameborder=\"0\" allow=\"accelerometer; autoplay; clipboard-write; encrypted-media; gyroscope; picture-in-picture\" allowfullscreen><\/iframe><\/div>\n<\/div>\n<h3>EVENTCREATE &#8211; CARATTERISTICHE<\/h3>\n<ul>\n<li><strong>Dashboard dell&#8217;evento<\/strong>: ti permette di monitorare facilmente gli indicatori di performance chiave del tuo evento (o KPI) per analizzare il successo del tuo evento. Traccia le entrate, i biglietti venduti, gli ordini, le visite, il tasso di conversione, il volume medio degli ordini e le entrate per visita<\/li>\n<li><strong>Bellissimi temi per siti web di eventi<\/strong>: scegli tra una variet\u00e0 di splendidi temi per siti web di eventi realizzati a mano dal team di design<\/li>\n<li><strong>Blocchi di contenuti<\/strong>: ha dozzine di blocchi di contenuti pre-costruiti, come Mappe, Relatori, Moduli di contatto e liste di partecipanti che puoi aggiungere facilmente al tuo sito web per eventi. I blocchi sono anche completamente personalizzabili<\/li>\n<li><strong>Integrazione CRM<\/strong>: condividi facilmente i contatti con il tuo software CRM preferito<\/li>\n<li><strong>Mobile-ready<\/strong>: il sito del tuo evento \u00e8 completamente compatibile con i browser e mobile-ready. I partecipanti possono navigare, registrarsi e comprare i biglietti su qualsiasi dispositivo mobile o tablet<\/li>\n<li><strong>Costruttore WYSIWYG potente e facile da usare<\/strong>: il tuo sito web per eventi \u00e8 costruito sul nostro potente sistema di gestione dei contenuti e offre decine di impostazioni, inclusi font e colori<\/li>\n<li><strong>Raccogli registrazioni, RSVP o vendi biglietti<\/strong>: personalizza il processo di registrazione esattamente come ti serve. Raccogli facilmente registrazioni, RSVP o vendi biglietti per il tuo evento online<\/li>\n<li><strong>Ticketing illimitato e avanzato<\/strong>: il sistema di ticketing a livello aziendale ti permette di vendere pi\u00f9 tipi di biglietti e di personalizzare le impostazioni dei biglietti, il tutto in pochi clic<\/li>\n<li><strong>Impostazione facile del pagamento<\/strong>: inizia a vendere biglietti e ad essere pagato tramite deposito diretto in pochi secondi. Collegati a Stripe all&#8217;istante, il tutto senza complicate scartoffie o moduli<\/li>\n<li><strong>Metodi di pagamento multipli<\/strong>: accetta tutte le principali carte di credito, incluse Visa, Mastercard, Discover e American express per il tuo evento<\/li>\n<li><strong>A\/B e test dei prezzi<\/strong>: non sei sicuro di quale dovrebbe essere il prezzo ottimale dei biglietti? EventCreate ti permette di fare un test &#8220;A\/B&#8221; o split test sui dettagli della pagina dei biglietti, compreso il prezzo del biglietto, per aiutarti a massimizzare le entrate del tuo evento<\/li>\n<li><strong>Coupon<\/strong>: offri ai tuoi ospiti coupon e sconti per aumentare le vendite dei biglietti. I coupon possono essere personalizzati in percentuale o per un importo fisso<\/li>\n<li><strong>Biglietti in PDF<\/strong>: consegna ai tuoi partecipanti biglietti in PDF con codice QR, in modo che possano stamparli a casa<\/li>\n<li><strong>Altamente sicuro<\/strong>: conforme a PCI. SSL abilitato<\/li>\n<li><strong>Check-in<\/strong>: registra rapidamente e facilmente i partecipanti utilizzando la nostra pagina di check-in mobile. La pagina di check-in \u00e8 accessibile da qualsiasi dispositivo senza alcun download<\/li>\n<li><strong>Invia inviti:<\/strong> carica le tue liste di contatti e invia inviti personalizzati in pochi secondi. Personalizza l&#8217;oggetto della tua email, le immagini, i colori e il testo per renderla tua<\/li>\n<li><strong>Condividi su Facebook o Twitter<\/strong>: sfrutta il tuo social network per aumentare le vendite dei biglietti. Pubblica il tuo evento su Facebook o Twitter e inizia a vendere i biglietti in pochi secondi.<\/li>\n<\/ul>\n<h4>LE RECENSIONI DEGLI UTENTI<\/h4>\n<p><strong>Edith W. &#8220;Ottimo sito per raccogliere RSVP online&#8221;<\/strong><br \/>\nCOMMENTI: sito web molto utile. L&#8217;ho usato per raccogliere RSVP per l&#8217;evento di celebrazione del matrimonio non tradizionale delle mie sorelle.<br \/>\nPRO: i modelli semplicistici, facili da usare e ben progettati. L&#8217;interfaccia utente \u00e8 molto amichevole per i principianti e c&#8217;\u00e8 un sacco di personalizzazione possibile anche su una prova gratuita.<br \/>\nCONTRO: Onestamente non ho trovato nulla che abbia bisogno di essere migliorato usando la versione di prova gratuita.<\/p>\n<p><strong>Nickia W. &#8220;o facile e semplice ma il prodotto finito sembra molto pi\u00f9 complesso e costoso!&#8221;<\/strong><br \/>\nCOMMENTI: nel complesso Sono rimasto soddisfatto.<br \/>\nPRO: facile e il livello di personalizzazione alto. Anche il passo-passo \u00e8 stato bello.<br \/>\nCONTRO: non appena mi sono iscritto dopo aver creato il sito web, il sistema si \u00e8 bloccato prima che potessi premere &#8220;pubblica&#8221;. \u00c8 stato un po&#8217; deludente dover aspettare un&#8217;ora o gi\u00f9 di l\u00ec prima che tornasse su. Ha ucciso l&#8217;eccitazione :(<\/p>\n<p><strong>Laura P. &#8220;Incredibilmente facile fare inviti dall&#8217;aspetto professionale&#8221;<\/strong><br \/>\nCOMMENTI: \u00e8 stato semplicissimo da usare e lo rifarei. Lo consiglio vivamente.<br \/>\nPRO: \u00e8 stato cos\u00ec facile (e divertente!) mettere insieme un invito. L&#8217;ho personalizzato un po&#8217; e non ci \u00e8 voluto molto. Sembrava molto pi\u00f9 professionale di quello che ho visto da altre aziende di e-viti. Il monitoraggio \u00e8 molto facile da vedere a colpo d&#8217;occhio.<br \/>\nCONTRO: non ho lamentele. Tutto ci\u00f2 che riguarda il suo utilizzo \u00e8 stato meraviglioso.<\/p>\n","protected":false},"excerpt":{"rendered":"<p>EventCreate\u00a0\u00e8 un programma amato da tutti gli organizzatori di eventi che hanno bisogno di creare un sito web professionale ed efficace che faccia da vetrina al\/ai loro eventi. Si tratta di un vero e proprio costruttore di siti web che non richiede nessuna competenza nell&#8217;ambito e che ti consente di scegliere il tema, il design, i contenuti, i testi, le immagini e tutto ci\u00f2 che vuoi inserire nel tuo sito.<\/p>\n","protected":false},"author":17,"featured_media":52215,"parent":51909,"menu_order":0,"comment_status":"open","ping_status":"closed","template":"g1_template_page_review_new.php","meta":{"_acf_changed":false,"cwp_meta_box_check":"No","cwp_rev_product_name":"","cwp_rev_product_image":"","wppr_links":[],"cwp_rev_price":"","wppr_options":[],"wppr_pros":[],"wppr_cons":[],"_monsterinsights_skip_tracking":false,"_monsterinsights_sitenote_active":false,"_monsterinsights_sitenote_note":"","_monsterinsights_sitenote_category":0,"footnotes":""},"categories":[11738],"tags":[11746,11745,11743,11741,11740,11744],"features":[],"class_list":{"0":"post-52212","1":"page","2":"type-page","3":"status-publish","4":"has-post-thumbnail","6":"category-software-gestire-registrazioni-eventi-categoria","7":"tag-gestire-le-registrazioni-agli-eventi","8":"tag-piattaforma-per-gestire-le-registrazioni-agli-eventi","9":"tag-programma-per-gestire-le-registrazioni-agli-eventi","10":"tag-registrazione-eventi","11":"tag-software-per-gestire-le-registrazioni-agli-eventi","12":"tag-soluzione-per-gestire-le-registrazioni-agli-eventi"},"wppr_data":{"cwp_meta_box_check":"No"},"acf":[],"yoast_head":"<!-- This site is optimized with the Yoast SEO plugin v27.4 - https:\/\/yoast.com\/product\/yoast-seo-wordpress\/ -->\n<title>EventCreate: programma registrazioni eventi - Accurate Reviews<\/title>\n<meta name=\"description\" content=\"EventCreate: recensione del programma amato da tutti gli organizzatori di eventi che hanno bisogno di creare un sito web per eventi.\" \/>\n<meta name=\"robots\" content=\"index, follow, max-snippet:-1, max-image-preview:large, max-video-preview:-1\" \/>\n<link rel=\"canonical\" href=\"https:\/\/www.accuratereviews.com\/it\/software-gestire-registrazioni-eventi\/eventcreate-recensione\/\" \/>\n<meta property=\"og:locale\" content=\"it_IT\" \/>\n<meta property=\"og:type\" content=\"article\" \/>\n<meta property=\"og:title\" content=\"EventCreate: programma registrazioni eventi - Accurate Reviews\" \/>\n<meta property=\"og:description\" content=\"EventCreate: recensione del programma amato da tutti gli organizzatori di eventi che hanno bisogno di creare un sito web per eventi.\" \/>\n<meta property=\"og:url\" content=\"https:\/\/www.accuratereviews.com\/it\/software-gestire-registrazioni-eventi\/eventcreate-recensione\/\" \/>\n<meta property=\"og:site_name\" content=\"Accurate Reviews\" \/>\n<meta property=\"og:image\" content=\"https:\/\/www.accuratereviews.com\/wp-content\/uploads\/2022\/01\/Schermata-2022-01-11-alle-16.30.53.png\" \/>\n\t<meta property=\"og:image:width\" content=\"923\" \/>\n\t<meta property=\"og:image:height\" content=\"200\" \/>\n\t<meta property=\"og:image:type\" content=\"image\/png\" \/>\n<meta name=\"twitter:card\" content=\"summary_large_image\" \/>\n<meta name=\"twitter:label1\" content=\"Tempo di lettura stimato\" \/>\n\t<meta name=\"twitter:data1\" content=\"5 minuti\" \/>\n<script type=\"application\/ld+json\" class=\"yoast-schema-graph\">{\"@context\":\"https:\\\/\\\/schema.org\",\"@graph\":[{\"@type\":\"WebPage\",\"@id\":\"https:\\\/\\\/www.accuratereviews.com\\\/it\\\/software-gestire-registrazioni-eventi\\\/eventcreate-recensione\\\/\",\"url\":\"https:\\\/\\\/www.accuratereviews.com\\\/it\\\/software-gestire-registrazioni-eventi\\\/eventcreate-recensione\\\/\",\"name\":\"EventCreate: programma registrazioni eventi - Accurate Reviews\",\"isPartOf\":{\"@id\":\"https:\\\/\\\/www.accuratereviews.com\\\/it\\\/#website\"},\"primaryImageOfPage\":{\"@id\":\"https:\\\/\\\/www.accuratereviews.com\\\/it\\\/software-gestire-registrazioni-eventi\\\/eventcreate-recensione\\\/#primaryimage\"},\"image\":{\"@id\":\"https:\\\/\\\/www.accuratereviews.com\\\/it\\\/software-gestire-registrazioni-eventi\\\/eventcreate-recensione\\\/#primaryimage\"},\"thumbnailUrl\":\"https:\\\/\\\/www.accuratereviews.com\\\/wp-content\\\/uploads\\\/2022\\\/01\\\/Schermata-2022-01-11-alle-16.30.53.png\",\"datePublished\":\"2022-01-11T16:16:11+00:00\",\"description\":\"EventCreate: recensione del programma amato da tutti gli organizzatori di eventi che hanno bisogno di creare un sito web per eventi.\",\"breadcrumb\":{\"@id\":\"https:\\\/\\\/www.accuratereviews.com\\\/it\\\/software-gestire-registrazioni-eventi\\\/eventcreate-recensione\\\/#breadcrumb\"},\"inLanguage\":\"it-IT\",\"potentialAction\":[{\"@type\":\"ReadAction\",\"target\":[\"https:\\\/\\\/www.accuratereviews.com\\\/it\\\/software-gestire-registrazioni-eventi\\\/eventcreate-recensione\\\/\"]}]},{\"@type\":\"ImageObject\",\"inLanguage\":\"it-IT\",\"@id\":\"https:\\\/\\\/www.accuratereviews.com\\\/it\\\/software-gestire-registrazioni-eventi\\\/eventcreate-recensione\\\/#primaryimage\",\"url\":\"https:\\\/\\\/www.accuratereviews.com\\\/wp-content\\\/uploads\\\/2022\\\/01\\\/Schermata-2022-01-11-alle-16.30.53.png\",\"contentUrl\":\"https:\\\/\\\/www.accuratereviews.com\\\/wp-content\\\/uploads\\\/2022\\\/01\\\/Schermata-2022-01-11-alle-16.30.53.png\",\"width\":923,\"height\":200},{\"@type\":\"BreadcrumbList\",\"@id\":\"https:\\\/\\\/www.accuratereviews.com\\\/it\\\/software-gestire-registrazioni-eventi\\\/eventcreate-recensione\\\/#breadcrumb\",\"itemListElement\":[{\"@type\":\"ListItem\",\"position\":1,\"name\":\"Home\",\"item\":\"https:\\\/\\\/www.accuratereviews.com\\\/it\\\/\"},{\"@type\":\"ListItem\",\"position\":2,\"name\":\"Software per gestire le registrazioni agli eventi\",\"item\":\"https:\\\/\\\/www.accuratereviews.com\\\/it\\\/software-gestire-registrazioni-eventi\\\/\"},{\"@type\":\"ListItem\",\"position\":3,\"name\":\"EventCreate\"}]},{\"@type\":\"WebSite\",\"@id\":\"https:\\\/\\\/www.accuratereviews.com\\\/it\\\/#website\",\"url\":\"https:\\\/\\\/www.accuratereviews.com\\\/it\\\/\",\"name\":\"Accurate Reviews\",\"description\":\"\",\"potentialAction\":[{\"@type\":\"SearchAction\",\"target\":{\"@type\":\"EntryPoint\",\"urlTemplate\":\"https:\\\/\\\/www.accuratereviews.com\\\/it\\\/?s={search_term_string}\"},\"query-input\":{\"@type\":\"PropertyValueSpecification\",\"valueRequired\":true,\"valueName\":\"search_term_string\"}}],\"inLanguage\":\"it-IT\"}]}<\/script>\n<!-- \/ Yoast SEO plugin. -->","yoast_head_json":{"title":"EventCreate: programma registrazioni eventi - Accurate Reviews","description":"EventCreate: recensione del programma amato da tutti gli organizzatori di eventi che hanno bisogno di creare un sito web per eventi.","robots":{"index":"index","follow":"follow","max-snippet":"max-snippet:-1","max-image-preview":"max-image-preview:large","max-video-preview":"max-video-preview:-1"},"canonical":"https:\/\/www.accuratereviews.com\/it\/software-gestire-registrazioni-eventi\/eventcreate-recensione\/","og_locale":"it_IT","og_type":"article","og_title":"EventCreate: programma registrazioni eventi - Accurate Reviews","og_description":"EventCreate: recensione del programma amato da tutti gli organizzatori di eventi che hanno bisogno di creare un sito web per eventi.","og_url":"https:\/\/www.accuratereviews.com\/it\/software-gestire-registrazioni-eventi\/eventcreate-recensione\/","og_site_name":"Accurate Reviews","og_image":[{"width":923,"height":200,"url":"https:\/\/www.accuratereviews.com\/wp-content\/uploads\/2022\/01\/Schermata-2022-01-11-alle-16.30.53.png","type":"image\/png"}],"twitter_card":"summary_large_image","twitter_misc":{"Tempo di lettura stimato":"5 minuti"},"schema":{"@context":"https:\/\/schema.org","@graph":[{"@type":"WebPage","@id":"https:\/\/www.accuratereviews.com\/it\/software-gestire-registrazioni-eventi\/eventcreate-recensione\/","url":"https:\/\/www.accuratereviews.com\/it\/software-gestire-registrazioni-eventi\/eventcreate-recensione\/","name":"EventCreate: programma registrazioni eventi - Accurate Reviews","isPartOf":{"@id":"https:\/\/www.accuratereviews.com\/it\/#website"},"primaryImageOfPage":{"@id":"https:\/\/www.accuratereviews.com\/it\/software-gestire-registrazioni-eventi\/eventcreate-recensione\/#primaryimage"},"image":{"@id":"https:\/\/www.accuratereviews.com\/it\/software-gestire-registrazioni-eventi\/eventcreate-recensione\/#primaryimage"},"thumbnailUrl":"https:\/\/www.accuratereviews.com\/wp-content\/uploads\/2022\/01\/Schermata-2022-01-11-alle-16.30.53.png","datePublished":"2022-01-11T16:16:11+00:00","description":"EventCreate: recensione del programma amato da tutti gli organizzatori di eventi che hanno bisogno di creare un sito web per eventi.","breadcrumb":{"@id":"https:\/\/www.accuratereviews.com\/it\/software-gestire-registrazioni-eventi\/eventcreate-recensione\/#breadcrumb"},"inLanguage":"it-IT","potentialAction":[{"@type":"ReadAction","target":["https:\/\/www.accuratereviews.com\/it\/software-gestire-registrazioni-eventi\/eventcreate-recensione\/"]}]},{"@type":"ImageObject","inLanguage":"it-IT","@id":"https:\/\/www.accuratereviews.com\/it\/software-gestire-registrazioni-eventi\/eventcreate-recensione\/#primaryimage","url":"https:\/\/www.accuratereviews.com\/wp-content\/uploads\/2022\/01\/Schermata-2022-01-11-alle-16.30.53.png","contentUrl":"https:\/\/www.accuratereviews.com\/wp-content\/uploads\/2022\/01\/Schermata-2022-01-11-alle-16.30.53.png","width":923,"height":200},{"@type":"BreadcrumbList","@id":"https:\/\/www.accuratereviews.com\/it\/software-gestire-registrazioni-eventi\/eventcreate-recensione\/#breadcrumb","itemListElement":[{"@type":"ListItem","position":1,"name":"Home","item":"https:\/\/www.accuratereviews.com\/it\/"},{"@type":"ListItem","position":2,"name":"Software per gestire le registrazioni agli eventi","item":"https:\/\/www.accuratereviews.com\/it\/software-gestire-registrazioni-eventi\/"},{"@type":"ListItem","position":3,"name":"EventCreate"}]},{"@type":"WebSite","@id":"https:\/\/www.accuratereviews.com\/it\/#website","url":"https:\/\/www.accuratereviews.com\/it\/","name":"Accurate Reviews","description":"","potentialAction":[{"@type":"SearchAction","target":{"@type":"EntryPoint","urlTemplate":"https:\/\/www.accuratereviews.com\/it\/?s={search_term_string}"},"query-input":{"@type":"PropertyValueSpecification","valueRequired":true,"valueName":"search_term_string"}}],"inLanguage":"it-IT"}]}},"_links":{"self":[{"href":"https:\/\/www.accuratereviews.com\/it\/wp-json\/wp\/v2\/pages\/52212","targetHints":{"allow":["GET"]}}],"collection":[{"href":"https:\/\/www.accuratereviews.com\/it\/wp-json\/wp\/v2\/pages"}],"about":[{"href":"https:\/\/www.accuratereviews.com\/it\/wp-json\/wp\/v2\/types\/page"}],"author":[{"embeddable":true,"href":"https:\/\/www.accuratereviews.com\/it\/wp-json\/wp\/v2\/users\/17"}],"replies":[{"embeddable":true,"href":"https:\/\/www.accuratereviews.com\/it\/wp-json\/wp\/v2\/comments?post=52212"}],"version-history":[{"count":5,"href":"https:\/\/www.accuratereviews.com\/it\/wp-json\/wp\/v2\/pages\/52212\/revisions"}],"predecessor-version":[{"id":52232,"href":"https:\/\/www.accuratereviews.com\/it\/wp-json\/wp\/v2\/pages\/52212\/revisions\/52232"}],"up":[{"embeddable":true,"href":"https:\/\/www.accuratereviews.com\/it\/wp-json\/wp\/v2\/pages\/51909"}],"wp:featuredmedia":[{"embeddable":true,"href":"https:\/\/www.accuratereviews.com\/it\/wp-json\/wp\/v2\/media\/52215"}],"wp:attachment":[{"href":"https:\/\/www.accuratereviews.com\/it\/wp-json\/wp\/v2\/media?parent=52212"}],"wp:term":[{"taxonomy":"category","embeddable":true,"href":"https:\/\/www.accuratereviews.com\/it\/wp-json\/wp\/v2\/categories?post=52212"},{"taxonomy":"post_tag","embeddable":true,"href":"https:\/\/www.accuratereviews.com\/it\/wp-json\/wp\/v2\/tags?post=52212"},{"taxonomy":"features","embeddable":true,"href":"https:\/\/www.accuratereviews.com\/it\/wp-json\/wp\/v2\/features?post=52212"}],"curies":[{"name":"wp","href":"https:\/\/api.w.org\/{rel}","templated":true}]}}