{"id":52235,"date":"2022-01-12T12:02:27","date_gmt":"2022-01-12T12:02:27","guid":{"rendered":"https:\/\/www.accuratereviews.com\/?page_id=52235"},"modified":"2022-01-12T12:02:27","modified_gmt":"2022-01-12T12:02:27","slug":"purplepass-ticketing-recensione","status":"publish","type":"page","link":"https:\/\/www.accuratereviews.com\/it\/software-gestire-registrazioni-eventi\/purplepass-ticketing-recensione\/","title":{"rendered":"Purplepass Ticketing"},"content":{"rendered":"<p><strong>Purplepass Ticketing<\/strong> \u00e8 una piattaforma di biglietteria completa con funzionalit\u00e0 integrate per le vendite online e al botteghino, registrazione dei POS, marketing social e gestione delle ammissioni. Il software fornisce agli utenti tutti gli strumenti necessari per impostare eventi, gestire le vendite e analizzare le prestazioni con report approfonditi. I widget di vendita con marchio consentono ai visitatori di acquistare i biglietti direttamente dal sito web dell&#8217;organizzazione, nonch\u00e9 di scegliere i propri posti utilizzando grafici dei posti interattivi. La piattaforma aiuta le organizzazioni a costruire la propria presenza sui social media utilizzando una serie di funzionalit\u00e0 integrate di Facebook.\u00a0Gli organizzatori ottengono il pieno controllo gestionale sui loro eventi, inclusi livelli di prezzo, prenotazioni, grafica, modifiche e altro ancora. Gli utenti possono progettare e ordinare biglietti stampati personalizzati e braccialetti in una variet\u00e0 di colori diversi, nonch\u00e9 offrire abbonamenti stagionali, opzioni di gruppo\/pacchetto e gestire gli abbonamenti.<\/p>\n<h2>PURPLEPASS TICKETING &#8211; TUTORIAL<\/h2>\n<p>In questo video vedrai come ordinare i biglietti in stock online sulla dashboard del tuo promotore:<\/p>\n<div id=\"fluid-wrapper-counter-1\" class=\"g1-fluid-wrapper \" style=\"width:686px;\">\n<div style=\"padding-bottom:56.268221574344%;\"><iframe loading=\"lazy\" title=\"Purplepass How-To: Ordering Ticket Stock Online\" width=\"686\" height=\"386\" src=\"https:\/\/www.youtube.com\/embed\/17D4rT02zdw?feature=oembed&amp;wmode=transparent&amp;autohide=1&amp;autoplay=0&amp;disablekb=0&amp;fs=1&amp;loop=0&amp;enablejsapi=1&amp;rel=0&amp;controls=2&amp;showinfo=0&amp;wmode=transparent&amp;autohide=2&amp;autoplay=0&amp;disablekb=0&amp;fs=1&amp;loop=0&amp;enablejsapi=1&amp;rel=0&amp;controls=2&amp;showinfo=1\" frameborder=\"0\" allow=\"accelerometer; autoplay; clipboard-write; encrypted-media; gyroscope; picture-in-picture\" allowfullscreen><\/iframe><\/div>\n<\/div>\n<h3>PURPLEPASS TICKETING &#8211; CARATTERISTICHE<\/h3>\n<ul>\n<li><strong>Pagina evento personalizzata<\/strong>: aggiungi icone personalizzate, includi un banner di intestazione di grandi dimensioni, un&#8217;immagine di sfondo, video promozionali, ecc. I promotori possono utilizzare le opzioni multimediali per personalizzare la propria pagina e mostrare l&#8217;evento<\/li>\n<li><strong>URL personalizzato<\/strong>: crea una url personalizzata per la tua pagina evento in modo che gli ospiti possano facilmente saperne di pi\u00f9 sul tuo evento, ottenere dettagli e selezionare i loro biglietti<\/li>\n<li><strong>Messaggi<\/strong>: lascia un messaggio di ringraziamento sulla ricevuta finale e sull&#8217;email di conferma<\/li>\n<li><strong>Questionari di verifica<\/strong>: crea questionari personalizzati per conoscere i tuoi ospiti quando acquistano i biglietti. Questo \u00e8 un ottimo modo per raccogliere informazioni demografiche o verificare la loro esperienza<\/li>\n<li><strong>Biglietti digitali<\/strong>: risparmia carta e fai in modo che gli ospiti utilizzino il proprio telefono.\u00a0Tutte le app per smartphone e le attrezzature professionali possono scansionare direttamente dai cellulari.<\/li>\n<li><strong>Basato su cloud<\/strong>:\u00a0piattaforma completamente basata su cloud, che ti d\u00e0 la libert\u00e0 di gestire completamente la tua attivit\u00e0 mentre sei in movimento.<\/li>\n<\/ul>\n<h4>LE RECENSIONI DEGLI UTENTI<\/h4>\n<p class=\"font-weight-bold mb-2\"><strong>Jennifer K.&#8221;Ottimo per piccole organizzazioni&#8221;<\/strong><\/p>\n<p class=\"font-weight-bold mb-2\"><strong>Pro<\/strong>:\u00a0Molto facile da usare, facile da scansionare i biglietti per chiunque e c&#8217;\u00e8 meno seccatura con la presa dei biglietti<\/p>\n<p class=\"font-weight-bold mb-2\"><strong>Contro<\/strong>:\u00a0L&#8217;app \u00e8 ancora molto semplice, ma so che migliorer\u00e0 con gli aggiornamenti pi\u00f9 recenti<\/p>\n<p class=\"font-weight-bold mb-2\"><strong>W.p. L.&#8221;Purplepass \u00e8 la strada da percorrere!&#8221;<\/strong><\/p>\n<p><span class=\"font-weight-bold\"><strong>Commenti<\/strong>: <\/span>Abbiamo eliminato le frodi sui biglietti con gli scanner Purplepass.<\/p>\n<p class=\"font-weight-bold mb-2\"><strong>Pro<\/strong>:\u00a0Abbiamo lavorato con Purplepass negli ultimi 5 anni e Purplepass \u00e8 di gran lunga la migliore compagnia di biglietti negli Stati Uniti con cui occuparsi: Il livello del servizio clienti \u00e8 eccezionale. Evento facile da usare con stampa del biglietto personalizzato per l&#8217;evento. Il software del giorno dell&#8217;evento \u00e8 facile da usare e hai i fondi per l&#8217;evento entro pochi giorni.<\/p>\n<p class=\"font-weight-bold mb-2\"><strong>Contro<\/strong>:\u00a0Non abbiamo avuto problemi con il software, una volta che abbiamo imparato a farlo funzionare correttamente.<\/p>\n<p class=\"font-weight-bold mb-2\"><strong>Samir A.&#8221;Ideale per Piccole Imprese&#8221;<\/strong><\/p>\n<p><span class=\"font-weight-bold\"><strong>Commenti<\/strong>: <\/span>Lavoro con Purplepass da alcuni mesi ormai e sono di gran lunga la migliore compagnia di biglietti con cui collaborare: il loro supporto clienti \u00e8 eccezionale. Configurazione dell&#8217;evento facile da usare con stampa del biglietto personalizzata. L&#8217;app del giorno dell&#8217;evento \u00e8 semplice da usare e avrai i fondi per l&#8217;evento nel giro di pochi giorni.<\/p>\n<p class=\"font-weight-bold mb-2\"><strong>Pro<\/strong>:\u00a0\u00c8 facile da usare, ha molte funzioni, ha un prezzo ragionevole e i rappresentanti del servizio clienti sono gentili e disponibili.<\/p>\n<p class=\"font-weight-bold mb-2\"><strong>Contro<\/strong>:\u00a0Non abbiamo avuto problemi con l&#8217;app finch\u00e9 non abbiamo capito come usarla correttamente.<\/p>\n","protected":false},"excerpt":{"rendered":"<p>Purplepass Ticketing \u00e8 una piattaforma di biglietteria completa con funzionalit\u00e0 integrate per le vendite online e al botteghino, registrazione dei POS, marketing social e gestione delle ammissioni. Il software fornisce agli utenti tutti gli strumenti necessari per impostare eventi, gestire le vendite e analizzare le prestazioni con report approfonditi.<\/p>\n","protected":false},"author":16,"featured_media":52238,"parent":51909,"menu_order":0,"comment_status":"open","ping_status":"closed","template":"g1_template_page_review_new.php","meta":{"_acf_changed":false,"cwp_meta_box_check":"No","cwp_rev_product_name":"","cwp_rev_product_image":"","wppr_links":[],"cwp_rev_price":"","wppr_options":[],"wppr_pros":[],"wppr_cons":[],"_monsterinsights_skip_tracking":false,"_monsterinsights_sitenote_active":false,"_monsterinsights_sitenote_note":"","_monsterinsights_sitenote_category":0,"footnotes":""},"categories":[11738],"tags":[11745,11743,11813,11741,11740,11744],"features":[],"class_list":{"0":"post-52235","1":"page","2":"type-page","3":"status-publish","4":"has-post-thumbnail","6":"category-software-gestire-registrazioni-eventi-categoria","7":"tag-piattaforma-per-gestire-le-registrazioni-agli-eventi","8":"tag-programma-per-gestire-le-registrazioni-agli-eventi","9":"tag-purplepass-ticketing","10":"tag-registrazione-eventi","11":"tag-software-per-gestire-le-registrazioni-agli-eventi","12":"tag-soluzione-per-gestire-le-registrazioni-agli-eventi"},"wppr_data":{"cwp_meta_box_check":"No"},"acf":[],"yoast_head":"<!-- This site is optimized with the Yoast SEO plugin v27.4 - https:\/\/yoast.com\/product\/yoast-seo-wordpress\/ -->\n<title>Purplepass Ticketing: recensione per gestire le registrazioni a eventi<\/title>\n<meta name=\"description\" content=\"Purplepass Ticketing: recensione piattaforma di biglietteria completa con funzionalit\u00e0 integrate per le vendite online e al botteghino.\" \/>\n<meta name=\"robots\" content=\"index, follow, max-snippet:-1, max-image-preview:large, max-video-preview:-1\" \/>\n<link rel=\"canonical\" href=\"https:\/\/www.accuratereviews.com\/it\/software-gestire-registrazioni-eventi\/purplepass-ticketing-recensione\/\" \/>\n<meta property=\"og:locale\" content=\"it_IT\" \/>\n<meta property=\"og:type\" content=\"article\" \/>\n<meta property=\"og:title\" content=\"Purplepass Ticketing: recensione per gestire le registrazioni a eventi\" \/>\n<meta property=\"og:description\" content=\"Purplepass Ticketing: recensione piattaforma di biglietteria completa con funzionalit\u00e0 integrate per le vendite online e al botteghino.\" \/>\n<meta property=\"og:url\" content=\"https:\/\/www.accuratereviews.com\/it\/software-gestire-registrazioni-eventi\/purplepass-ticketing-recensione\/\" \/>\n<meta property=\"og:site_name\" content=\"Accurate Reviews\" \/>\n<meta property=\"og:image\" content=\"https:\/\/www.accuratereviews.com\/wp-content\/uploads\/2022\/01\/purplepass.png\" \/>\n\t<meta property=\"og:image:width\" content=\"1200\" \/>\n\t<meta property=\"og:image:height\" content=\"630\" \/>\n\t<meta property=\"og:image:type\" content=\"image\/png\" \/>\n<meta name=\"twitter:card\" content=\"summary_large_image\" \/>\n<meta name=\"twitter:label1\" content=\"Tempo di lettura stimato\" \/>\n\t<meta name=\"twitter:data1\" content=\"4 minuti\" \/>\n<script type=\"application\/ld+json\" class=\"yoast-schema-graph\">{\"@context\":\"https:\\\/\\\/schema.org\",\"@graph\":[{\"@type\":\"WebPage\",\"@id\":\"https:\\\/\\\/www.accuratereviews.com\\\/it\\\/software-gestire-registrazioni-eventi\\\/purplepass-ticketing-recensione\\\/\",\"url\":\"https:\\\/\\\/www.accuratereviews.com\\\/it\\\/software-gestire-registrazioni-eventi\\\/purplepass-ticketing-recensione\\\/\",\"name\":\"Purplepass Ticketing: recensione per gestire le registrazioni a eventi\",\"isPartOf\":{\"@id\":\"https:\\\/\\\/www.accuratereviews.com\\\/it\\\/#website\"},\"primaryImageOfPage\":{\"@id\":\"https:\\\/\\\/www.accuratereviews.com\\\/it\\\/software-gestire-registrazioni-eventi\\\/purplepass-ticketing-recensione\\\/#primaryimage\"},\"image\":{\"@id\":\"https:\\\/\\\/www.accuratereviews.com\\\/it\\\/software-gestire-registrazioni-eventi\\\/purplepass-ticketing-recensione\\\/#primaryimage\"},\"thumbnailUrl\":\"https:\\\/\\\/www.accuratereviews.com\\\/wp-content\\\/uploads\\\/2022\\\/01\\\/purplepass.png\",\"datePublished\":\"2022-01-12T12:02:27+00:00\",\"description\":\"Purplepass Ticketing: recensione piattaforma di biglietteria completa con funzionalit\u00e0 integrate per le vendite online e al botteghino.\",\"breadcrumb\":{\"@id\":\"https:\\\/\\\/www.accuratereviews.com\\\/it\\\/software-gestire-registrazioni-eventi\\\/purplepass-ticketing-recensione\\\/#breadcrumb\"},\"inLanguage\":\"it-IT\",\"potentialAction\":[{\"@type\":\"ReadAction\",\"target\":[\"https:\\\/\\\/www.accuratereviews.com\\\/it\\\/software-gestire-registrazioni-eventi\\\/purplepass-ticketing-recensione\\\/\"]}]},{\"@type\":\"ImageObject\",\"inLanguage\":\"it-IT\",\"@id\":\"https:\\\/\\\/www.accuratereviews.com\\\/it\\\/software-gestire-registrazioni-eventi\\\/purplepass-ticketing-recensione\\\/#primaryimage\",\"url\":\"https:\\\/\\\/www.accuratereviews.com\\\/wp-content\\\/uploads\\\/2022\\\/01\\\/purplepass.png\",\"contentUrl\":\"https:\\\/\\\/www.accuratereviews.com\\\/wp-content\\\/uploads\\\/2022\\\/01\\\/purplepass.png\",\"width\":1200,\"height\":630},{\"@type\":\"BreadcrumbList\",\"@id\":\"https:\\\/\\\/www.accuratereviews.com\\\/it\\\/software-gestire-registrazioni-eventi\\\/purplepass-ticketing-recensione\\\/#breadcrumb\",\"itemListElement\":[{\"@type\":\"ListItem\",\"position\":1,\"name\":\"Home\",\"item\":\"https:\\\/\\\/www.accuratereviews.com\\\/it\\\/\"},{\"@type\":\"ListItem\",\"position\":2,\"name\":\"Software per gestire le registrazioni agli eventi\",\"item\":\"https:\\\/\\\/www.accuratereviews.com\\\/it\\\/software-gestire-registrazioni-eventi\\\/\"},{\"@type\":\"ListItem\",\"position\":3,\"name\":\"Purplepass Ticketing\"}]},{\"@type\":\"WebSite\",\"@id\":\"https:\\\/\\\/www.accuratereviews.com\\\/it\\\/#website\",\"url\":\"https:\\\/\\\/www.accuratereviews.com\\\/it\\\/\",\"name\":\"Accurate Reviews\",\"description\":\"\",\"potentialAction\":[{\"@type\":\"SearchAction\",\"target\":{\"@type\":\"EntryPoint\",\"urlTemplate\":\"https:\\\/\\\/www.accuratereviews.com\\\/it\\\/?s={search_term_string}\"},\"query-input\":{\"@type\":\"PropertyValueSpecification\",\"valueRequired\":true,\"valueName\":\"search_term_string\"}}],\"inLanguage\":\"it-IT\"}]}<\/script>\n<!-- \/ Yoast SEO plugin. -->","yoast_head_json":{"title":"Purplepass Ticketing: recensione per gestire le registrazioni a eventi","description":"Purplepass Ticketing: recensione piattaforma di biglietteria completa con funzionalit\u00e0 integrate per le vendite online e al botteghino.","robots":{"index":"index","follow":"follow","max-snippet":"max-snippet:-1","max-image-preview":"max-image-preview:large","max-video-preview":"max-video-preview:-1"},"canonical":"https:\/\/www.accuratereviews.com\/it\/software-gestire-registrazioni-eventi\/purplepass-ticketing-recensione\/","og_locale":"it_IT","og_type":"article","og_title":"Purplepass Ticketing: recensione per gestire le registrazioni a eventi","og_description":"Purplepass Ticketing: recensione piattaforma di biglietteria completa con funzionalit\u00e0 integrate per le vendite online e al botteghino.","og_url":"https:\/\/www.accuratereviews.com\/it\/software-gestire-registrazioni-eventi\/purplepass-ticketing-recensione\/","og_site_name":"Accurate Reviews","og_image":[{"width":1200,"height":630,"url":"https:\/\/www.accuratereviews.com\/wp-content\/uploads\/2022\/01\/purplepass.png","type":"image\/png"}],"twitter_card":"summary_large_image","twitter_misc":{"Tempo di lettura stimato":"4 minuti"},"schema":{"@context":"https:\/\/schema.org","@graph":[{"@type":"WebPage","@id":"https:\/\/www.accuratereviews.com\/it\/software-gestire-registrazioni-eventi\/purplepass-ticketing-recensione\/","url":"https:\/\/www.accuratereviews.com\/it\/software-gestire-registrazioni-eventi\/purplepass-ticketing-recensione\/","name":"Purplepass Ticketing: recensione per gestire le registrazioni a eventi","isPartOf":{"@id":"https:\/\/www.accuratereviews.com\/it\/#website"},"primaryImageOfPage":{"@id":"https:\/\/www.accuratereviews.com\/it\/software-gestire-registrazioni-eventi\/purplepass-ticketing-recensione\/#primaryimage"},"image":{"@id":"https:\/\/www.accuratereviews.com\/it\/software-gestire-registrazioni-eventi\/purplepass-ticketing-recensione\/#primaryimage"},"thumbnailUrl":"https:\/\/www.accuratereviews.com\/wp-content\/uploads\/2022\/01\/purplepass.png","datePublished":"2022-01-12T12:02:27+00:00","description":"Purplepass Ticketing: recensione piattaforma di biglietteria completa con funzionalit\u00e0 integrate per le vendite online e al botteghino.","breadcrumb":{"@id":"https:\/\/www.accuratereviews.com\/it\/software-gestire-registrazioni-eventi\/purplepass-ticketing-recensione\/#breadcrumb"},"inLanguage":"it-IT","potentialAction":[{"@type":"ReadAction","target":["https:\/\/www.accuratereviews.com\/it\/software-gestire-registrazioni-eventi\/purplepass-ticketing-recensione\/"]}]},{"@type":"ImageObject","inLanguage":"it-IT","@id":"https:\/\/www.accuratereviews.com\/it\/software-gestire-registrazioni-eventi\/purplepass-ticketing-recensione\/#primaryimage","url":"https:\/\/www.accuratereviews.com\/wp-content\/uploads\/2022\/01\/purplepass.png","contentUrl":"https:\/\/www.accuratereviews.com\/wp-content\/uploads\/2022\/01\/purplepass.png","width":1200,"height":630},{"@type":"BreadcrumbList","@id":"https:\/\/www.accuratereviews.com\/it\/software-gestire-registrazioni-eventi\/purplepass-ticketing-recensione\/#breadcrumb","itemListElement":[{"@type":"ListItem","position":1,"name":"Home","item":"https:\/\/www.accuratereviews.com\/it\/"},{"@type":"ListItem","position":2,"name":"Software per gestire le registrazioni agli eventi","item":"https:\/\/www.accuratereviews.com\/it\/software-gestire-registrazioni-eventi\/"},{"@type":"ListItem","position":3,"name":"Purplepass Ticketing"}]},{"@type":"WebSite","@id":"https:\/\/www.accuratereviews.com\/it\/#website","url":"https:\/\/www.accuratereviews.com\/it\/","name":"Accurate Reviews","description":"","potentialAction":[{"@type":"SearchAction","target":{"@type":"EntryPoint","urlTemplate":"https:\/\/www.accuratereviews.com\/it\/?s={search_term_string}"},"query-input":{"@type":"PropertyValueSpecification","valueRequired":true,"valueName":"search_term_string"}}],"inLanguage":"it-IT"}]}},"_links":{"self":[{"href":"https:\/\/www.accuratereviews.com\/it\/wp-json\/wp\/v2\/pages\/52235","targetHints":{"allow":["GET"]}}],"collection":[{"href":"https:\/\/www.accuratereviews.com\/it\/wp-json\/wp\/v2\/pages"}],"about":[{"href":"https:\/\/www.accuratereviews.com\/it\/wp-json\/wp\/v2\/types\/page"}],"author":[{"embeddable":true,"href":"https:\/\/www.accuratereviews.com\/it\/wp-json\/wp\/v2\/users\/16"}],"replies":[{"embeddable":true,"href":"https:\/\/www.accuratereviews.com\/it\/wp-json\/wp\/v2\/comments?post=52235"}],"version-history":[{"count":11,"href":"https:\/\/www.accuratereviews.com\/it\/wp-json\/wp\/v2\/pages\/52235\/revisions"}],"predecessor-version":[{"id":52299,"href":"https:\/\/www.accuratereviews.com\/it\/wp-json\/wp\/v2\/pages\/52235\/revisions\/52299"}],"up":[{"embeddable":true,"href":"https:\/\/www.accuratereviews.com\/it\/wp-json\/wp\/v2\/pages\/51909"}],"wp:featuredmedia":[{"embeddable":true,"href":"https:\/\/www.accuratereviews.com\/it\/wp-json\/wp\/v2\/media\/52238"}],"wp:attachment":[{"href":"https:\/\/www.accuratereviews.com\/it\/wp-json\/wp\/v2\/media?parent=52235"}],"wp:term":[{"taxonomy":"category","embeddable":true,"href":"https:\/\/www.accuratereviews.com\/it\/wp-json\/wp\/v2\/categories?post=52235"},{"taxonomy":"post_tag","embeddable":true,"href":"https:\/\/www.accuratereviews.com\/it\/wp-json\/wp\/v2\/tags?post=52235"},{"taxonomy":"features","embeddable":true,"href":"https:\/\/www.accuratereviews.com\/it\/wp-json\/wp\/v2\/features?post=52235"}],"curies":[{"name":"wp","href":"https:\/\/api.w.org\/{rel}","templated":true}]}}