{"id":52244,"date":"2022-01-12T12:00:31","date_gmt":"2022-01-12T12:00:31","guid":{"rendered":"https:\/\/www.accuratereviews.com\/?page_id=52244"},"modified":"2022-01-12T12:00:31","modified_gmt":"2022-01-12T12:00:31","slug":"socio-recensione","status":"publish","type":"page","link":"https:\/\/www.accuratereviews.com\/it\/software-gestire-registrazioni-eventi\/socio-recensione\/","title":{"rendered":"Socio"},"content":{"rendered":"<p><strong>Socio<\/strong> \u00e8 una <strong>soluzione di biglietteria e gestione degli eventi<\/strong> che aiuta le aziende a gestire le registrazioni, le riunioni online e le operazioni di acquisizione dei lead tramite una piattaforma unificata. Consente alle organizzazioni di allestire eventi virtuali, di persona e ibridi, trasmettere in streaming programmi audio o video e gestire le attivit\u00e0 di coinvolgimento dei partecipanti. Il software\u00a0consente agli organizzatori di eventi di acquisire e archiviare i dati dei partecipanti in un repository centralizzato e inviare inviti alle riunioni via email. Offre una variet\u00e0 di funzionalit\u00e0 tra cui moduli personalizzati, check-in dei partecipanti, analisi in tempo reale e altro ancora. Inoltre, i dipendenti possono utilizzare l&#8217;applicazione per tenere traccia dei processi di sponsorizzazione e finanziamento, condurre sondaggi tra gli utenti e personalizzare l&#8217;interfaccia utilizzando loghi, colori e temi dell&#8217;azienda.<\/p>\n<h2>SOCIO &#8211; TUTORIAL<\/h2>\n<p>Guardiamo insieme questo breve video su questo<strong> software per gestire le registrazioni a eventi<\/strong>:<\/p>\n<div id=\"fluid-wrapper-counter-1\" class=\"g1-fluid-wrapper \" style=\"width:686px;\">\n<div style=\"padding-bottom:56.268221574344%;\"><iframe loading=\"lazy\" title=\"Socio Overview - End-to-end event management\" width=\"686\" height=\"386\" src=\"https:\/\/www.youtube.com\/embed\/Aho2y4ylB9k?feature=oembed&amp;wmode=transparent&amp;autohide=1&amp;autoplay=0&amp;disablekb=0&amp;fs=1&amp;loop=0&amp;enablejsapi=1&amp;rel=0&amp;controls=2&amp;showinfo=0&amp;wmode=transparent&amp;autohide=2&amp;autoplay=0&amp;disablekb=0&amp;fs=1&amp;loop=0&amp;enablejsapi=1&amp;rel=0&amp;controls=2&amp;showinfo=1\" frameborder=\"0\" allow=\"accelerometer; autoplay; clipboard-write; encrypted-media; gyroscope; picture-in-picture\" allowfullscreen><\/iframe><\/div>\n<\/div>\n<h2>SOCIO &#8211; CARATTERISTICHE<\/h2>\n<ul>\n<li><strong>Streaming sociale<\/strong>: soluzione di streaming nativa completamente attrezzata con strumenti ad alto valore di produzione. I partecipanti possono partecipare direttamente dalla funzione Agenda o Live Stream per avviare immediatamente lo streaming dell&#8217;evento su un dispositivo mobile o un computer<\/li>\n<li><strong>Integrazioni native e RTMP<\/strong>: la soluzione si integra nativamente con tutti i principali provider, inclusi Webex, Twitch, YouTube e Facebook. Hai bisogno di qualcosa di pi\u00f9 personalizzato? Usa RTMP per lo streaming utilizzando quasi tutte le altre piattaforme<\/li>\n<li><strong>Video preregistrati e on-demand:<\/strong> scegli di visualizzare video preregistrati con il feed live e rendi disponibili sessioni su richiesta per massimizzare il coinvolgimento dei partecipanti<\/li>\n<li><strong>Pronto per l&#8217;ibrido<\/strong>: passa facilmente tra eventi virtuali e ibridi, sincronizza pi\u00f9 luoghi con il tuo pubblico dal vivo e combina perfettamente video live e preregistrati<\/li>\n<li><strong>Coinvolgimento del pubblico:<\/strong> strumenti nativi che rendono interattivo il tuo evento<\/li>\n<li><strong>Branding e personalizzazione dell&#8217;evento<\/strong>: costruisci l&#8217;evento che immagini, con l&#8217;aspetto che preferisci<\/li>\n<li><strong>Rete dei partecipanti<\/strong>: offri ai tuoi partecipanti gli strumenti di cui hanno bisogno per connettersi alle loro condizioni<\/li>\n<li><strong>Strumenti di sponsorizzazione<\/strong>: monetizza il tuo evento massimizzando il ROI dello sponsor<\/li>\n<li><strong>Videocamere per gruppi di lavoro<\/strong>: coinvolgi i partecipanti e offri pi\u00f9 valore agli sponsor<\/li>\n<li><strong>Agenda dell&#8217;evento e guida digitale<\/strong>: centralizza il programma e i contenuti degli eventi in un&#8217;unica posizione<\/li>\n<li><strong>Accessibilit\u00e0<\/strong>: assicurati che il tuo evento sia inclusivo e accessibile a tutti<\/li>\n<li><strong>Dati e analisi degli eventi<\/strong>: ottieni le informazioni di cui hai bisogno dai dati del tuo evento.<\/li>\n<\/ul>\n<h4>LE RECENSIONI DEGLI UTENTI<\/h4>\n<p class=\"font-weight-bold mb-2\"><strong>Thomas S.&#8221;Ottima app per eventi&#8221;<\/strong><\/p>\n<p class=\"font-weight-bold mb-2\"><strong>Pro<\/strong>:\u00a0Socio \u00e8 stato molto facile da usare e da configurare. Il servizio clienti \u00e8 probabilmente uno dei loro maggiori punti di forza, super disponibile e reattivo. \u00c8 disponibile un&#8217;ampia gamma di opzioni per creare un&#8217;app per eventi\/piattaforma web<\/p>\n<p class=\"font-weight-bold mb-2\"><strong>Contro<\/strong>:\u00a0Ci sarebbe piaciuto poter personalizzare qualche dettaglio in pi\u00f9. Le metriche che ricevi dopo l&#8217;evento sono piuttosto semplici, ma attualmente stanno migliorando questo punto.<\/p>\n<p class=\"h5 font-weight-bold\"><strong>Johon D: &#8220;Eventi ibridi e app per eventi di persona&#8221;<\/strong><\/p>\n<p><span class=\"font-weight-bold\"><strong>Commenti<\/strong>: <\/span>In qualit\u00e0 di coordinatore di eventi, so di dover utilizzare la tecnologia per rendere il nostro evento coinvolgente e consentire una comunicazione a 2 vie. Circa il 70% dei partecipanti ha adottato l&#8217;installazione dell&#8217;app ed \u00e8 stato ottimo per le comunicazioni, la condivisione sui social, gli aggiornamenti dell&#8217;agenda e il coinvolgimento durante l&#8217;evento. La funzionalit\u00e0 di rete di Socio \u00e8 una delle pi\u00f9 singolari che abbia mai visto e sembrava che le persone si divertissero con l&#8217;app.<\/p>\n<p class=\"font-weight-bold mb-2\"><strong>Pro<\/strong>:\u00a0\u00c8 stato molto facile impostare molte funzionalit\u00e0 uniche sulla nostra app per eventi. I nostri partecipanti hanno adorato giocare le sfide ed \u00e8 stato un ottimo modo per coinvolgerli e coinvolgerli.<\/p>\n<p class=\"font-weight-bold mb-2\"><strong>Contro<\/strong>:\u00a0Alcuni dei nostri partecipanti hanno affermato di aver avuto problemi con l&#8217;accesso e la scoperta dell&#8217;evento nell&#8217;elenco generico, ma ci\u00f2 \u00e8 stato facilmente risolto al momento della registrazione.<\/p>\n<p class=\"font-weight-bold mb-2\"><strong>Cassey G.&#8221;Adoriamo Socio!&#8221;<\/strong><\/p>\n<p><span class=\"font-weight-bold\"><strong>Commenti<\/strong>: <\/span>Siamo cos\u00ec soddisfatti del prodotto e del supporto. Consiglio vivamente.<\/p>\n<p class=\"font-weight-bold mb-2\"><strong>Pro<\/strong>:\u00a0Socio consente facilit\u00e0 d&#8217;uso sia per il pianificatore che per il partecipante. Ci \u00e8 piaciuto molto creare un marchio specifico per il nostro evento e impostare le cose nel modo in cui le volevamo e i nostri partecipanti non hanno fornito altro che feedback positivi sulla piattaforma. E il loro supporto \u00e8 diverso da quelli che ho mai ricevuto per un prodotto.<\/p>\n<p class=\"font-weight-bold mb-2\"><strong>Contro<\/strong>:\u00a0Non ho proprio niente da dire. Ci sono piccole stranezze qua e l\u00e0 come ci si aspetta con qualsiasi software, ma funziona bene e offre un&#8217;esperienza fantastica.<\/p>\n","protected":false},"excerpt":{"rendered":"<p>Socio \u00e8 una soluzione di biglietteria e gestione degli eventi che aiuta le aziende a gestire le registrazioni, le riunioni online e le operazioni di acquisizione dei lead tramite una piattaforma unificata. Consente alle organizzazioni di allestire eventi virtuali, di persona e ibridi, trasmettere in streaming programmi audio o video e gestire le attivit\u00e0 di coinvolgimento dei partecipanti.<\/p>\n","protected":false},"author":16,"featured_media":52245,"parent":51909,"menu_order":0,"comment_status":"open","ping_status":"closed","template":"g1_template_page_review_new.php","meta":{"_acf_changed":false,"cwp_meta_box_check":"No","cwp_rev_product_name":"","cwp_rev_product_image":"","wppr_links":[],"cwp_rev_price":"","wppr_options":[],"wppr_pros":[],"wppr_cons":[],"_monsterinsights_skip_tracking":false,"_monsterinsights_sitenote_active":false,"_monsterinsights_sitenote_note":"","_monsterinsights_sitenote_category":0,"footnotes":""},"categories":[11738],"tags":[11804,11803,11806,11807,11745,11743,11808,3262,11809,11812,11740,11744,11805,11811,11810],"features":[],"class_list":{"0":"post-52244","1":"page","2":"type-page","3":"status-publish","4":"has-post-thumbnail","6":"category-software-gestire-registrazioni-eventi-categoria","7":"tag-cvent","8":"tag-eventbrite","9":"tag-formstack","10":"tag-google-forms","11":"tag-piattaforma-per-gestire-le-registrazioni-agli-eventi","12":"tag-programma-per-gestire-le-registrazioni-agli-eventi","13":"tag-qualtrics","14":"tag-salesforce-it","15":"tag-slido","16":"tag-socio","17":"tag-software-per-gestire-le-registrazioni-agli-eventi","18":"tag-soluzione-per-gestire-le-registrazioni-agli-eventi","19":"tag-surveymonkey","20":"tag-vimeo","21":"tag-zoom"},"wppr_data":{"cwp_meta_box_check":"No"},"acf":[],"yoast_head":"<!-- This site is optimized with the Yoast SEO plugin v27.4 - https:\/\/yoast.com\/product\/yoast-seo-wordpress\/ -->\n<title>Socio: recensione software per gestire le registrazioni a eventi<\/title>\n<meta name=\"description\" content=\"Socio: recensione soluzione di biglietteria che aiuta a gestire le registrazioni, le riunioni online e le operazioni di acquisizione dei lead\" \/>\n<meta name=\"robots\" content=\"index, follow, max-snippet:-1, max-image-preview:large, max-video-preview:-1\" \/>\n<link rel=\"canonical\" href=\"https:\/\/www.accuratereviews.com\/it\/software-gestire-registrazioni-eventi\/socio-recensione\/\" \/>\n<meta property=\"og:locale\" content=\"it_IT\" \/>\n<meta property=\"og:type\" content=\"article\" \/>\n<meta property=\"og:title\" content=\"Socio: recensione software per gestire le registrazioni a eventi\" \/>\n<meta property=\"og:description\" content=\"Socio: recensione soluzione di biglietteria che aiuta a gestire le registrazioni, le riunioni online e le operazioni di acquisizione dei lead\" \/>\n<meta property=\"og:url\" content=\"https:\/\/www.accuratereviews.com\/it\/software-gestire-registrazioni-eventi\/socio-recensione\/\" \/>\n<meta property=\"og:site_name\" content=\"Accurate Reviews\" \/>\n<meta property=\"og:image\" content=\"https:\/\/www.accuratereviews.com\/wp-content\/uploads\/2022\/01\/socio.png\" \/>\n\t<meta property=\"og:image:width\" content=\"600\" \/>\n\t<meta property=\"og:image:height\" content=\"315\" \/>\n\t<meta property=\"og:image:type\" content=\"image\/png\" \/>\n<meta name=\"twitter:card\" content=\"summary_large_image\" \/>\n<meta name=\"twitter:label1\" content=\"Tempo di lettura stimato\" \/>\n\t<meta name=\"twitter:data1\" content=\"4 minuti\" \/>\n<script type=\"application\/ld+json\" class=\"yoast-schema-graph\">{\"@context\":\"https:\\\/\\\/schema.org\",\"@graph\":[{\"@type\":\"WebPage\",\"@id\":\"https:\\\/\\\/www.accuratereviews.com\\\/it\\\/software-gestire-registrazioni-eventi\\\/socio-recensione\\\/\",\"url\":\"https:\\\/\\\/www.accuratereviews.com\\\/it\\\/software-gestire-registrazioni-eventi\\\/socio-recensione\\\/\",\"name\":\"Socio: recensione software per gestire le registrazioni a eventi\",\"isPartOf\":{\"@id\":\"https:\\\/\\\/www.accuratereviews.com\\\/it\\\/#website\"},\"primaryImageOfPage\":{\"@id\":\"https:\\\/\\\/www.accuratereviews.com\\\/it\\\/software-gestire-registrazioni-eventi\\\/socio-recensione\\\/#primaryimage\"},\"image\":{\"@id\":\"https:\\\/\\\/www.accuratereviews.com\\\/it\\\/software-gestire-registrazioni-eventi\\\/socio-recensione\\\/#primaryimage\"},\"thumbnailUrl\":\"https:\\\/\\\/www.accuratereviews.com\\\/wp-content\\\/uploads\\\/2022\\\/01\\\/socio.png\",\"datePublished\":\"2022-01-12T12:00:31+00:00\",\"description\":\"Socio: recensione soluzione di biglietteria che aiuta a gestire le registrazioni, le riunioni online e le operazioni di acquisizione dei lead\",\"breadcrumb\":{\"@id\":\"https:\\\/\\\/www.accuratereviews.com\\\/it\\\/software-gestire-registrazioni-eventi\\\/socio-recensione\\\/#breadcrumb\"},\"inLanguage\":\"it-IT\",\"potentialAction\":[{\"@type\":\"ReadAction\",\"target\":[\"https:\\\/\\\/www.accuratereviews.com\\\/it\\\/software-gestire-registrazioni-eventi\\\/socio-recensione\\\/\"]}]},{\"@type\":\"ImageObject\",\"inLanguage\":\"it-IT\",\"@id\":\"https:\\\/\\\/www.accuratereviews.com\\\/it\\\/software-gestire-registrazioni-eventi\\\/socio-recensione\\\/#primaryimage\",\"url\":\"https:\\\/\\\/www.accuratereviews.com\\\/wp-content\\\/uploads\\\/2022\\\/01\\\/socio.png\",\"contentUrl\":\"https:\\\/\\\/www.accuratereviews.com\\\/wp-content\\\/uploads\\\/2022\\\/01\\\/socio.png\",\"width\":600,\"height\":315},{\"@type\":\"BreadcrumbList\",\"@id\":\"https:\\\/\\\/www.accuratereviews.com\\\/it\\\/software-gestire-registrazioni-eventi\\\/socio-recensione\\\/#breadcrumb\",\"itemListElement\":[{\"@type\":\"ListItem\",\"position\":1,\"name\":\"Home\",\"item\":\"https:\\\/\\\/www.accuratereviews.com\\\/it\\\/\"},{\"@type\":\"ListItem\",\"position\":2,\"name\":\"Software per gestire le registrazioni agli eventi\",\"item\":\"https:\\\/\\\/www.accuratereviews.com\\\/it\\\/software-gestire-registrazioni-eventi\\\/\"},{\"@type\":\"ListItem\",\"position\":3,\"name\":\"Socio\"}]},{\"@type\":\"WebSite\",\"@id\":\"https:\\\/\\\/www.accuratereviews.com\\\/it\\\/#website\",\"url\":\"https:\\\/\\\/www.accuratereviews.com\\\/it\\\/\",\"name\":\"Accurate Reviews\",\"description\":\"\",\"potentialAction\":[{\"@type\":\"SearchAction\",\"target\":{\"@type\":\"EntryPoint\",\"urlTemplate\":\"https:\\\/\\\/www.accuratereviews.com\\\/it\\\/?s={search_term_string}\"},\"query-input\":{\"@type\":\"PropertyValueSpecification\",\"valueRequired\":true,\"valueName\":\"search_term_string\"}}],\"inLanguage\":\"it-IT\"}]}<\/script>\n<!-- \/ Yoast SEO plugin. -->","yoast_head_json":{"title":"Socio: recensione software per gestire le registrazioni a eventi","description":"Socio: recensione soluzione di biglietteria che aiuta a gestire le registrazioni, le riunioni online e le operazioni di acquisizione dei lead","robots":{"index":"index","follow":"follow","max-snippet":"max-snippet:-1","max-image-preview":"max-image-preview:large","max-video-preview":"max-video-preview:-1"},"canonical":"https:\/\/www.accuratereviews.com\/it\/software-gestire-registrazioni-eventi\/socio-recensione\/","og_locale":"it_IT","og_type":"article","og_title":"Socio: recensione software per gestire le registrazioni a eventi","og_description":"Socio: recensione soluzione di biglietteria che aiuta a gestire le registrazioni, le riunioni online e le operazioni di acquisizione dei lead","og_url":"https:\/\/www.accuratereviews.com\/it\/software-gestire-registrazioni-eventi\/socio-recensione\/","og_site_name":"Accurate Reviews","og_image":[{"width":600,"height":315,"url":"https:\/\/www.accuratereviews.com\/wp-content\/uploads\/2022\/01\/socio.png","type":"image\/png"}],"twitter_card":"summary_large_image","twitter_misc":{"Tempo di lettura stimato":"4 minuti"},"schema":{"@context":"https:\/\/schema.org","@graph":[{"@type":"WebPage","@id":"https:\/\/www.accuratereviews.com\/it\/software-gestire-registrazioni-eventi\/socio-recensione\/","url":"https:\/\/www.accuratereviews.com\/it\/software-gestire-registrazioni-eventi\/socio-recensione\/","name":"Socio: recensione software per gestire le registrazioni a eventi","isPartOf":{"@id":"https:\/\/www.accuratereviews.com\/it\/#website"},"primaryImageOfPage":{"@id":"https:\/\/www.accuratereviews.com\/it\/software-gestire-registrazioni-eventi\/socio-recensione\/#primaryimage"},"image":{"@id":"https:\/\/www.accuratereviews.com\/it\/software-gestire-registrazioni-eventi\/socio-recensione\/#primaryimage"},"thumbnailUrl":"https:\/\/www.accuratereviews.com\/wp-content\/uploads\/2022\/01\/socio.png","datePublished":"2022-01-12T12:00:31+00:00","description":"Socio: recensione soluzione di biglietteria che aiuta a gestire le registrazioni, le riunioni online e le operazioni di acquisizione dei lead","breadcrumb":{"@id":"https:\/\/www.accuratereviews.com\/it\/software-gestire-registrazioni-eventi\/socio-recensione\/#breadcrumb"},"inLanguage":"it-IT","potentialAction":[{"@type":"ReadAction","target":["https:\/\/www.accuratereviews.com\/it\/software-gestire-registrazioni-eventi\/socio-recensione\/"]}]},{"@type":"ImageObject","inLanguage":"it-IT","@id":"https:\/\/www.accuratereviews.com\/it\/software-gestire-registrazioni-eventi\/socio-recensione\/#primaryimage","url":"https:\/\/www.accuratereviews.com\/wp-content\/uploads\/2022\/01\/socio.png","contentUrl":"https:\/\/www.accuratereviews.com\/wp-content\/uploads\/2022\/01\/socio.png","width":600,"height":315},{"@type":"BreadcrumbList","@id":"https:\/\/www.accuratereviews.com\/it\/software-gestire-registrazioni-eventi\/socio-recensione\/#breadcrumb","itemListElement":[{"@type":"ListItem","position":1,"name":"Home","item":"https:\/\/www.accuratereviews.com\/it\/"},{"@type":"ListItem","position":2,"name":"Software per gestire le registrazioni agli eventi","item":"https:\/\/www.accuratereviews.com\/it\/software-gestire-registrazioni-eventi\/"},{"@type":"ListItem","position":3,"name":"Socio"}]},{"@type":"WebSite","@id":"https:\/\/www.accuratereviews.com\/it\/#website","url":"https:\/\/www.accuratereviews.com\/it\/","name":"Accurate Reviews","description":"","potentialAction":[{"@type":"SearchAction","target":{"@type":"EntryPoint","urlTemplate":"https:\/\/www.accuratereviews.com\/it\/?s={search_term_string}"},"query-input":{"@type":"PropertyValueSpecification","valueRequired":true,"valueName":"search_term_string"}}],"inLanguage":"it-IT"}]}},"_links":{"self":[{"href":"https:\/\/www.accuratereviews.com\/it\/wp-json\/wp\/v2\/pages\/52244","targetHints":{"allow":["GET"]}}],"collection":[{"href":"https:\/\/www.accuratereviews.com\/it\/wp-json\/wp\/v2\/pages"}],"about":[{"href":"https:\/\/www.accuratereviews.com\/it\/wp-json\/wp\/v2\/types\/page"}],"author":[{"embeddable":true,"href":"https:\/\/www.accuratereviews.com\/it\/wp-json\/wp\/v2\/users\/16"}],"replies":[{"embeddable":true,"href":"https:\/\/www.accuratereviews.com\/it\/wp-json\/wp\/v2\/comments?post=52244"}],"version-history":[{"count":12,"href":"https:\/\/www.accuratereviews.com\/it\/wp-json\/wp\/v2\/pages\/52244\/revisions"}],"predecessor-version":[{"id":52297,"href":"https:\/\/www.accuratereviews.com\/it\/wp-json\/wp\/v2\/pages\/52244\/revisions\/52297"}],"up":[{"embeddable":true,"href":"https:\/\/www.accuratereviews.com\/it\/wp-json\/wp\/v2\/pages\/51909"}],"wp:featuredmedia":[{"embeddable":true,"href":"https:\/\/www.accuratereviews.com\/it\/wp-json\/wp\/v2\/media\/52245"}],"wp:attachment":[{"href":"https:\/\/www.accuratereviews.com\/it\/wp-json\/wp\/v2\/media?parent=52244"}],"wp:term":[{"taxonomy":"category","embeddable":true,"href":"https:\/\/www.accuratereviews.com\/it\/wp-json\/wp\/v2\/categories?post=52244"},{"taxonomy":"post_tag","embeddable":true,"href":"https:\/\/www.accuratereviews.com\/it\/wp-json\/wp\/v2\/tags?post=52244"},{"taxonomy":"features","embeddable":true,"href":"https:\/\/www.accuratereviews.com\/it\/wp-json\/wp\/v2\/features?post=52244"}],"curies":[{"name":"wp","href":"https:\/\/api.w.org\/{rel}","templated":true}]}}