{"id":52275,"date":"2022-01-12T12:04:25","date_gmt":"2022-01-12T12:04:25","guid":{"rendered":"https:\/\/www.accuratereviews.com\/?page_id=52275"},"modified":"2022-01-12T12:04:25","modified_gmt":"2022-01-12T12:04:25","slug":"bookwhen-recensione","status":"publish","type":"page","link":"https:\/\/www.accuratereviews.com\/it\/software-gestire-registrazioni-eventi\/bookwhen-recensione\/","title":{"rendered":"Bookwhen"},"content":{"rendered":"<p><strong>Bookwhen<\/strong>\u00a0\u00e8 un<strong> sistema di prenotazione online<\/strong> che permette ad aziende, associazioni, organizzazioni no profit, singoli individui di gestire le prenotazioni ai loro eventi. Si tratta di un&#8217;applicazione web semplice e intuitiva, funzionale per qualsiasi tipo di evento: attivit\u00e0 all&#8217;aperto, festival, concerti, sessioni di centri ricreativi e tanti altri ancora.<br \/>\nCon <strong>Bookwhen<\/strong> non dovrai pi\u00f9 pensare a nulla perch\u00e9 si occuper\u00e0 dei partecipanti, delle prenotazioni, delle liste di attesa, delle conferme, di eventuali cancellazioni, delle mail di promemoria, del check-in e di tutto ci\u00f2 che prima ti richiedeva tempo e fatica.<\/p>\n<h2>BOOKWHEN &#8211; TUTORIAL<\/h2>\n<p>In questo video viene spiegato come cambiare il giorno e l&#8217;ora dell&#8217;evento:<\/p>\n<div id=\"fluid-wrapper-counter-1\" class=\"g1-fluid-wrapper \" style=\"width:686px;\">\n<div style=\"padding-bottom:56.268221574344%;\"><iframe loading=\"lazy\" title=\"How to change the date\/time or duration of an event\" width=\"686\" height=\"386\" src=\"https:\/\/www.youtube.com\/embed\/mIoXa2AIygU?feature=oembed&amp;wmode=transparent&amp;autohide=1&amp;autoplay=0&amp;disablekb=0&amp;fs=1&amp;loop=0&amp;enablejsapi=1&amp;rel=0&amp;controls=2&amp;showinfo=0&amp;wmode=transparent&amp;autohide=2&amp;autoplay=0&amp;disablekb=0&amp;fs=1&amp;loop=0&amp;enablejsapi=1&amp;rel=0&amp;controls=2&amp;showinfo=1\" frameborder=\"0\" allow=\"accelerometer; autoplay; clipboard-write; encrypted-media; gyroscope; picture-in-picture\" allowfullscreen><\/iframe><\/div>\n<\/div>\n<h3>BOOKWHEN &#8211; CARATTERISTICHE<\/h3>\n<ul>\n<li><strong>Moduli di prenotazione personalizzati<\/strong>: personalizza i tuoi moduli di prenotazione per ogni evento, convalida le risposte, aggiungi allegati per le rinunce e gli opt-in per il marketing<\/li>\n<li><strong>Pagamenti online e offline:<\/strong> accetta pagamenti online attraverso il gateway di pagamento scelto, offline attraverso la funzione &#8220;paga pi\u00f9 tardi&#8221;, o sii flessibile e permetti entrambi. I pagamenti online sono accettati tramite Stripe, Paypal o WorldPay e puoi trasferire le loro commissioni ai tuoi clienti se lo desideri<\/li>\n<li><strong>Email di conferma e promemoria<\/strong>: le email di conferma includono i dettagli essenziali, un link per gestire la prenotazione, un file di calendario e un testo che puoi personalizzare. Imposta le email di promemoria prima dell&#8217;evento, ad un orario che tu determini<\/li>\n<li><strong>Biglietti multipli e partecipanti per prenotazione<\/strong>: biglietti multipli possono essere selezionati prima del checkout, consentendo la prenotazione e il pagamento di pi\u00f9 classi, o pi\u00f9 persone in un singolo evento allo stesso tempo<\/li>\n<li><strong>Programmi ricorrenti<\/strong>: imposta il tuo evento una volta e d\u00ec a Bookwhen come e quando dovrebbe ripetersi in futuro<\/li>\n<li><strong>Pagina di prenotazione personalizzata<\/strong>: personalizza la tua pagina web di prenotazione ospitata da Bookwhen. Carica logo, intestazione e immagini. Esegui pi\u00f9 pagine in parallelo, ognuna con il proprio link<\/li>\n<li><strong>Checkout veloce<\/strong>: il semplice sistema del carrello rende facile la selezione dei biglietti, e i dettagli possono essere salvati per rendere il checkout ancora pi\u00f9 veloce la prossima volta<\/li>\n<li><strong>Liste d&#8217;attesa<\/strong>: un sistema equo che ti permette di scegliere quanto tempo i clienti hanno a disposizione per rispondere alla disponibilit\u00e0 di un posto. Bookwhen gestisce automaticamente la lista d&#8217;attesa &#8211; massimizzando le vendite dei biglietti e assicurando che i tuoi eventi siano sempre pieni<\/li>\n<li><strong>Incorpora in qualsiasi sito web<\/strong>: aggiungi la tua pagina di calendario a qualsiasi piattaforma web (compresi WordPress, Wix e Squarespace) con un semplice frammento di codice<\/li>\n<li><strong>Lista clienti<\/strong>: database clienti con profili per ognuno dei tuoi clienti, incluso lo storico delle prenotazioni. Facile da esportare con marketing opt-in registrato<\/li>\n<li><strong>Esportazione di prenotazioni e presenze<\/strong>: esegui rapporti su prenotazioni e presenze ed esporta via .csv<\/li>\n<li><strong>Integrazione con Zoom<\/strong>: genera automaticamente incontri in Zoom, li aggiunge alle classi e manda email ai partecipanti<\/li>\n<li><strong>Integrazione YouTube e Vimeo<\/strong>: incorpora i video di YouTube o Vimeo su una pagina di evento sicura solo per i partecipanti. Perfetto per i video su richiesta<\/li>\n<li><strong>Supporto per eventi online<\/strong>: aggiungi le istruzioni di adesione per qualsiasi fornitore di streaming online &#8211; solo i partecipanti prenotati possono accedere al link<\/li>\n<li><strong>Feed del calendario<\/strong>: collega facilmente la tua pagina dell&#8217;evento a un&#8217;app del calendario. Opzioni di feed pubblico e privato, cos\u00ec puoi decidere se includere i nomi dei partecipanti prenotati all&#8217;evento<\/li>\n<li><strong>API<\/strong>: usa l&#8217;API per integrare i dati dell&#8217;evento nel tuo sito web. Vedi la documentazione per gli sviluppatori per maggiori dettagli.<\/li>\n<\/ul>\n<h4>LE RECENSIONI DEGLI UTENTI<\/h4>\n<p><strong>Amelia U. &#8220;Piattaforma favolosa&#8221;<\/strong><br \/>\nCOMMENTI: ho usato Bookwhen per molti anni. La piattaforma offre tutto il necessario e il supporto \u00e8 incredibile!<br \/>\nPRO: offre tutto il necessario e il supporto \u00e8 veloce ed eccellente<br \/>\nCONTRO: a volte pu\u00f2 essere difficile da usare ma il supporto \u00e8 incredibile<\/p>\n<p><strong>Sarah T. &#8220;Ottimo software di prenotazione&#8221;<\/strong><br \/>\nCOMMENTI: esperienza molto positiva.<br \/>\nPRO: la programmazione \u00e8 facile, la prenotazione \u00e8 semplice per i clienti. Il supporto tecnico \u00e8 molto buono.<br \/>\nCONTRO: si adatta perfettamente alle mie esigenze aziendali.<\/p>\n<p><strong>David S. &#8220;Bookwhen &#8211; semplicemente fantastico&#8221;<\/strong><br \/>\nCOMMENTI: i genitori possono prenotare le vacanze ai figli presso i nostri club vacanze e scuole estive. Non abbiamo mai avuto una lamentela. \u00c8 molto facile da usare e rende la vita cos\u00ec facile per me come leader aziendale.<br \/>\nPRO: Bookwhen \u00e8 stato cos\u00ec facile da implementare nel mio sito web. Abbiamo avuto circa 500 prenotazioni tramite bookwhen nell&#8217;ultimo anno e non abbiamo mai avuto un problema. Ha davvero trasformato la mia attivit\u00e0.<br \/>\nCONTRO: non c&#8217;\u00e8 niente che non mi piaccia di questo prodotto.<\/p>\n","protected":false},"excerpt":{"rendered":"<p>Bookwhen\u00a0\u00e8 un sistema di prenotazione online che permette ad aziende, associazioni, organizzazioni no profit, singoli individui di gestire le prenotazioni ai loro eventi. Si tratta di un&#8217;applicazione web semplice e intuitiva, funzionale per qualsiasi tipo di evento: attivit\u00e0 all&#8217;aperto, festival, concerti, sessioni di centri ricreativi e tanti altri ancora.<\/p>\n","protected":false},"author":17,"featured_media":52281,"parent":51909,"menu_order":0,"comment_status":"open","ping_status":"closed","template":"g1_template_page_review_new.php","meta":{"_acf_changed":false,"cwp_meta_box_check":"No","cwp_rev_product_name":"","cwp_rev_product_image":"","wppr_links":[],"cwp_rev_price":"","wppr_options":[],"wppr_pros":[],"wppr_cons":[],"_monsterinsights_skip_tracking":false,"_monsterinsights_sitenote_active":false,"_monsterinsights_sitenote_note":"","_monsterinsights_sitenote_category":0,"footnotes":""},"categories":[11738],"tags":[11746,11745,11743,11741,11740,11744],"features":[],"class_list":{"0":"post-52275","1":"page","2":"type-page","3":"status-publish","4":"has-post-thumbnail","6":"category-software-gestire-registrazioni-eventi-categoria","7":"tag-gestire-le-registrazioni-agli-eventi","8":"tag-piattaforma-per-gestire-le-registrazioni-agli-eventi","9":"tag-programma-per-gestire-le-registrazioni-agli-eventi","10":"tag-registrazione-eventi","11":"tag-software-per-gestire-le-registrazioni-agli-eventi","12":"tag-soluzione-per-gestire-le-registrazioni-agli-eventi"},"wppr_data":{"cwp_meta_box_check":"No"},"acf":[],"yoast_head":"<!-- This site is optimized with the Yoast SEO plugin v27.4 - https:\/\/yoast.com\/product\/yoast-seo-wordpress\/ -->\n<title>Bookwhen: recensione app registrazione eventi - Accurate Reviews<\/title>\n<meta name=\"description\" content=\"Bookwhen: recensione del sistema di prenotazione online che permette a chiunque di gestire le prenotazioni agli eventi.\" \/>\n<meta name=\"robots\" content=\"index, follow, max-snippet:-1, max-image-preview:large, max-video-preview:-1\" \/>\n<link rel=\"canonical\" href=\"https:\/\/www.accuratereviews.com\/it\/software-gestire-registrazioni-eventi\/bookwhen-recensione\/\" \/>\n<meta property=\"og:locale\" content=\"it_IT\" \/>\n<meta property=\"og:type\" content=\"article\" \/>\n<meta property=\"og:title\" content=\"Bookwhen: recensione app registrazione eventi - Accurate Reviews\" \/>\n<meta property=\"og:description\" content=\"Bookwhen: recensione del sistema di prenotazione online che permette a chiunque di gestire le prenotazioni agli eventi.\" \/>\n<meta property=\"og:url\" content=\"https:\/\/www.accuratereviews.com\/it\/software-gestire-registrazioni-eventi\/bookwhen-recensione\/\" \/>\n<meta property=\"og:site_name\" content=\"Accurate Reviews\" \/>\n<meta property=\"og:image\" content=\"https:\/\/www.accuratereviews.com\/wp-content\/uploads\/2022\/01\/Unknown-3.png\" \/>\n\t<meta property=\"og:image:width\" content=\"357\" \/>\n\t<meta property=\"og:image:height\" content=\"200\" \/>\n\t<meta property=\"og:image:type\" content=\"image\/png\" \/>\n<meta name=\"twitter:card\" content=\"summary_large_image\" \/>\n<meta name=\"twitter:label1\" content=\"Tempo di lettura stimato\" \/>\n\t<meta name=\"twitter:data1\" content=\"4 minuti\" \/>\n<script type=\"application\/ld+json\" class=\"yoast-schema-graph\">{\"@context\":\"https:\\\/\\\/schema.org\",\"@graph\":[{\"@type\":\"WebPage\",\"@id\":\"https:\\\/\\\/www.accuratereviews.com\\\/it\\\/software-gestire-registrazioni-eventi\\\/bookwhen-recensione\\\/\",\"url\":\"https:\\\/\\\/www.accuratereviews.com\\\/it\\\/software-gestire-registrazioni-eventi\\\/bookwhen-recensione\\\/\",\"name\":\"Bookwhen: recensione app registrazione eventi - Accurate Reviews\",\"isPartOf\":{\"@id\":\"https:\\\/\\\/www.accuratereviews.com\\\/it\\\/#website\"},\"primaryImageOfPage\":{\"@id\":\"https:\\\/\\\/www.accuratereviews.com\\\/it\\\/software-gestire-registrazioni-eventi\\\/bookwhen-recensione\\\/#primaryimage\"},\"image\":{\"@id\":\"https:\\\/\\\/www.accuratereviews.com\\\/it\\\/software-gestire-registrazioni-eventi\\\/bookwhen-recensione\\\/#primaryimage\"},\"thumbnailUrl\":\"https:\\\/\\\/www.accuratereviews.com\\\/wp-content\\\/uploads\\\/2022\\\/01\\\/Unknown-3.png\",\"datePublished\":\"2022-01-12T12:04:25+00:00\",\"description\":\"Bookwhen: recensione del sistema di prenotazione online che permette a chiunque di gestire le prenotazioni agli eventi.\",\"breadcrumb\":{\"@id\":\"https:\\\/\\\/www.accuratereviews.com\\\/it\\\/software-gestire-registrazioni-eventi\\\/bookwhen-recensione\\\/#breadcrumb\"},\"inLanguage\":\"it-IT\",\"potentialAction\":[{\"@type\":\"ReadAction\",\"target\":[\"https:\\\/\\\/www.accuratereviews.com\\\/it\\\/software-gestire-registrazioni-eventi\\\/bookwhen-recensione\\\/\"]}]},{\"@type\":\"ImageObject\",\"inLanguage\":\"it-IT\",\"@id\":\"https:\\\/\\\/www.accuratereviews.com\\\/it\\\/software-gestire-registrazioni-eventi\\\/bookwhen-recensione\\\/#primaryimage\",\"url\":\"https:\\\/\\\/www.accuratereviews.com\\\/wp-content\\\/uploads\\\/2022\\\/01\\\/Unknown-3.png\",\"contentUrl\":\"https:\\\/\\\/www.accuratereviews.com\\\/wp-content\\\/uploads\\\/2022\\\/01\\\/Unknown-3.png\",\"width\":357,\"height\":200},{\"@type\":\"BreadcrumbList\",\"@id\":\"https:\\\/\\\/www.accuratereviews.com\\\/it\\\/software-gestire-registrazioni-eventi\\\/bookwhen-recensione\\\/#breadcrumb\",\"itemListElement\":[{\"@type\":\"ListItem\",\"position\":1,\"name\":\"Home\",\"item\":\"https:\\\/\\\/www.accuratereviews.com\\\/it\\\/\"},{\"@type\":\"ListItem\",\"position\":2,\"name\":\"Software per gestire le registrazioni agli eventi\",\"item\":\"https:\\\/\\\/www.accuratereviews.com\\\/it\\\/software-gestire-registrazioni-eventi\\\/\"},{\"@type\":\"ListItem\",\"position\":3,\"name\":\"Bookwhen\"}]},{\"@type\":\"WebSite\",\"@id\":\"https:\\\/\\\/www.accuratereviews.com\\\/it\\\/#website\",\"url\":\"https:\\\/\\\/www.accuratereviews.com\\\/it\\\/\",\"name\":\"Accurate Reviews\",\"description\":\"\",\"potentialAction\":[{\"@type\":\"SearchAction\",\"target\":{\"@type\":\"EntryPoint\",\"urlTemplate\":\"https:\\\/\\\/www.accuratereviews.com\\\/it\\\/?s={search_term_string}\"},\"query-input\":{\"@type\":\"PropertyValueSpecification\",\"valueRequired\":true,\"valueName\":\"search_term_string\"}}],\"inLanguage\":\"it-IT\"}]}<\/script>\n<!-- \/ Yoast SEO plugin. -->","yoast_head_json":{"title":"Bookwhen: recensione app registrazione eventi - Accurate Reviews","description":"Bookwhen: recensione del sistema di prenotazione online che permette a chiunque di gestire le prenotazioni agli eventi.","robots":{"index":"index","follow":"follow","max-snippet":"max-snippet:-1","max-image-preview":"max-image-preview:large","max-video-preview":"max-video-preview:-1"},"canonical":"https:\/\/www.accuratereviews.com\/it\/software-gestire-registrazioni-eventi\/bookwhen-recensione\/","og_locale":"it_IT","og_type":"article","og_title":"Bookwhen: recensione app registrazione eventi - Accurate Reviews","og_description":"Bookwhen: recensione del sistema di prenotazione online che permette a chiunque di gestire le prenotazioni agli eventi.","og_url":"https:\/\/www.accuratereviews.com\/it\/software-gestire-registrazioni-eventi\/bookwhen-recensione\/","og_site_name":"Accurate Reviews","og_image":[{"width":357,"height":200,"url":"https:\/\/www.accuratereviews.com\/wp-content\/uploads\/2022\/01\/Unknown-3.png","type":"image\/png"}],"twitter_card":"summary_large_image","twitter_misc":{"Tempo di lettura stimato":"4 minuti"},"schema":{"@context":"https:\/\/schema.org","@graph":[{"@type":"WebPage","@id":"https:\/\/www.accuratereviews.com\/it\/software-gestire-registrazioni-eventi\/bookwhen-recensione\/","url":"https:\/\/www.accuratereviews.com\/it\/software-gestire-registrazioni-eventi\/bookwhen-recensione\/","name":"Bookwhen: recensione app registrazione eventi - Accurate Reviews","isPartOf":{"@id":"https:\/\/www.accuratereviews.com\/it\/#website"},"primaryImageOfPage":{"@id":"https:\/\/www.accuratereviews.com\/it\/software-gestire-registrazioni-eventi\/bookwhen-recensione\/#primaryimage"},"image":{"@id":"https:\/\/www.accuratereviews.com\/it\/software-gestire-registrazioni-eventi\/bookwhen-recensione\/#primaryimage"},"thumbnailUrl":"https:\/\/www.accuratereviews.com\/wp-content\/uploads\/2022\/01\/Unknown-3.png","datePublished":"2022-01-12T12:04:25+00:00","description":"Bookwhen: recensione del sistema di prenotazione online che permette a chiunque di gestire le prenotazioni agli eventi.","breadcrumb":{"@id":"https:\/\/www.accuratereviews.com\/it\/software-gestire-registrazioni-eventi\/bookwhen-recensione\/#breadcrumb"},"inLanguage":"it-IT","potentialAction":[{"@type":"ReadAction","target":["https:\/\/www.accuratereviews.com\/it\/software-gestire-registrazioni-eventi\/bookwhen-recensione\/"]}]},{"@type":"ImageObject","inLanguage":"it-IT","@id":"https:\/\/www.accuratereviews.com\/it\/software-gestire-registrazioni-eventi\/bookwhen-recensione\/#primaryimage","url":"https:\/\/www.accuratereviews.com\/wp-content\/uploads\/2022\/01\/Unknown-3.png","contentUrl":"https:\/\/www.accuratereviews.com\/wp-content\/uploads\/2022\/01\/Unknown-3.png","width":357,"height":200},{"@type":"BreadcrumbList","@id":"https:\/\/www.accuratereviews.com\/it\/software-gestire-registrazioni-eventi\/bookwhen-recensione\/#breadcrumb","itemListElement":[{"@type":"ListItem","position":1,"name":"Home","item":"https:\/\/www.accuratereviews.com\/it\/"},{"@type":"ListItem","position":2,"name":"Software per gestire le registrazioni agli eventi","item":"https:\/\/www.accuratereviews.com\/it\/software-gestire-registrazioni-eventi\/"},{"@type":"ListItem","position":3,"name":"Bookwhen"}]},{"@type":"WebSite","@id":"https:\/\/www.accuratereviews.com\/it\/#website","url":"https:\/\/www.accuratereviews.com\/it\/","name":"Accurate Reviews","description":"","potentialAction":[{"@type":"SearchAction","target":{"@type":"EntryPoint","urlTemplate":"https:\/\/www.accuratereviews.com\/it\/?s={search_term_string}"},"query-input":{"@type":"PropertyValueSpecification","valueRequired":true,"valueName":"search_term_string"}}],"inLanguage":"it-IT"}]}},"_links":{"self":[{"href":"https:\/\/www.accuratereviews.com\/it\/wp-json\/wp\/v2\/pages\/52275","targetHints":{"allow":["GET"]}}],"collection":[{"href":"https:\/\/www.accuratereviews.com\/it\/wp-json\/wp\/v2\/pages"}],"about":[{"href":"https:\/\/www.accuratereviews.com\/it\/wp-json\/wp\/v2\/types\/page"}],"author":[{"embeddable":true,"href":"https:\/\/www.accuratereviews.com\/it\/wp-json\/wp\/v2\/users\/17"}],"replies":[{"embeddable":true,"href":"https:\/\/www.accuratereviews.com\/it\/wp-json\/wp\/v2\/comments?post=52275"}],"version-history":[{"count":8,"href":"https:\/\/www.accuratereviews.com\/it\/wp-json\/wp\/v2\/pages\/52275\/revisions"}],"predecessor-version":[{"id":52301,"href":"https:\/\/www.accuratereviews.com\/it\/wp-json\/wp\/v2\/pages\/52275\/revisions\/52301"}],"up":[{"embeddable":true,"href":"https:\/\/www.accuratereviews.com\/it\/wp-json\/wp\/v2\/pages\/51909"}],"wp:featuredmedia":[{"embeddable":true,"href":"https:\/\/www.accuratereviews.com\/it\/wp-json\/wp\/v2\/media\/52281"}],"wp:attachment":[{"href":"https:\/\/www.accuratereviews.com\/it\/wp-json\/wp\/v2\/media?parent=52275"}],"wp:term":[{"taxonomy":"category","embeddable":true,"href":"https:\/\/www.accuratereviews.com\/it\/wp-json\/wp\/v2\/categories?post=52275"},{"taxonomy":"post_tag","embeddable":true,"href":"https:\/\/www.accuratereviews.com\/it\/wp-json\/wp\/v2\/tags?post=52275"},{"taxonomy":"features","embeddable":true,"href":"https:\/\/www.accuratereviews.com\/it\/wp-json\/wp\/v2\/features?post=52275"}],"curies":[{"name":"wp","href":"https:\/\/api.w.org\/{rel}","templated":true}]}}