{"id":52302,"date":"2022-01-13T12:22:31","date_gmt":"2022-01-13T12:22:31","guid":{"rendered":"https:\/\/www.accuratereviews.com\/?page_id=52302"},"modified":"2022-01-13T12:22:31","modified_gmt":"2022-01-13T12:22:31","slug":"eventtia-recensione","status":"publish","type":"page","link":"https:\/\/www.accuratereviews.com\/it\/software-gestire-registrazioni-eventi\/eventtia-recensione\/","title":{"rendered":"Eventtia"},"content":{"rendered":"<p><strong>Eventtia<\/strong> \u00e8 una <strong>piattaforma di gestione degli eventi<\/strong> basata su <strong>cloud<\/strong> che aiuta gli organizzatori di eventi nelle organizzazioni di piccole e medie dimensioni a gestire eventi aziendali, accademici, di networking e commerciali. Gli utenti possono creare landing page, eseguire campagne di email marketing, registrare partecipanti, vendere biglietti, controllare l&#8217;accesso all&#8217;evento e tenere traccia dei partecipanti. Con l&#8217;editor di siti web drag and drop del programma, gli utenti possono creare e personalizzare le pagine degli eventi in modo rapido ed efficiente. Allo stesso modo, con i moduli di registrazione personalizzati di <strong>Eventtia<\/strong>, gli amministratori possono gestire la registrazione dei partecipanti in modo produttivo. Supporta l&#8217;integrazione con Stripe e Paypal, permettendo cos\u00ec agli utenti di accettare i pagamenti dei partecipanti in modo semplice e sicuro. Stabilendo un rapido processo di check-in e monitorando la partecipazione degli ospiti, il software consente agli utenti di raccogliere dati preziosi sui partecipanti con i quali, i manager, possono ottenere informazioni utili sulle prestazioni del loro evento.<\/p>\n<h2>EVENTTIA &#8211; TUTORIAL<\/h2>\n<p>Vediamo come gestire un <strong>evento<\/strong> utilizzando questo software:<\/p>\n<div id=\"fluid-wrapper-counter-1\" class=\"g1-fluid-wrapper \" style=\"width:686px;\">\n<div style=\"padding-bottom:56.268221574344%;\"><iframe loading=\"lazy\" title=\"Eventtia: General Overview\" width=\"686\" height=\"386\" src=\"https:\/\/www.youtube.com\/embed\/D9VORLyS5zs?feature=oembed&amp;wmode=transparent&amp;autohide=1&amp;autoplay=0&amp;disablekb=0&amp;fs=1&amp;loop=0&amp;enablejsapi=1&amp;rel=0&amp;controls=2&amp;showinfo=0&amp;wmode=transparent&amp;autohide=2&amp;autoplay=0&amp;disablekb=0&amp;fs=1&amp;loop=0&amp;enablejsapi=1&amp;rel=0&amp;controls=2&amp;showinfo=1\" frameborder=\"0\" allow=\"accelerometer; autoplay; clipboard-write; encrypted-media; gyroscope; picture-in-picture\" allowfullscreen><\/iframe><\/div>\n<\/div>\n<h3>EVENTTIA &#8211; CARATTERISTICHE<\/h3>\n<ul>\n<li><strong>Registrazione online<\/strong>: la registrazione online \u00e8 al centro del software di gestione degli eventi integrando un modulo completo di registrazione e biglietteria<\/li>\n<li><strong>Pagamento e fatture<\/strong>: genera e invia facilmente fatture personalizzate. Grazie alle integrazioni con PayPal, PayU e Stripe, puoi iniziare subito a ricevere pagamenti online<\/li>\n<li><strong>Funzionalit\u00e0 di check-in mobile<\/strong>: utilizzando l&#8217;app mobile per il check-in potrai finalmente evitare le lunghe file di attesa all&#8217;ingresso, gestendo anche senza sforzo il flusso di accesso<\/li>\n<li><strong>Stampa badge<\/strong>: sfruttando il sistema di pianificazione, puoi progettare e stampare facilmente i badge. Sia che tu voglia generare e-badge o stamparli in loco<\/li>\n<li><strong>Buoni sconto e biglietti early bird<\/strong>: sconti e codici coupon sono il modo pi\u00f9 sicuro per entrare nel cuore del tuo pubblico. Puoi offrirli come incentivo per quegli ospiti che spargeranno la voce sul tuo evento<\/li>\n<li><strong>Campagna di eventi:<\/strong> se vuoi promuovere in modo efficiente il tuo evento, preparati a inviare email. EMS integra un potente motore che ti consente di inviare comunicazioni mirate<\/li>\n<li><strong>Gestione dei partecipant<\/strong>i: la gestione di un elenco di invitati per un evento \u00e8 fondamentale per svolgere attivit\u00e0 come facilitare il check-in, indirizzare la comunicazione e controllare l&#8217;accesso alle diverse attivit\u00e0 dell&#8217;evento<\/li>\n<li><strong>Collaborazione in team e gestione dei permessi<\/strong>: utilizzando il software sarai in grado di gestire facilmente la collaborazione tra i membri del tuo team ed emettere tutte le autorizzazioni utente che ritieni necessarie<\/li>\n<li><strong>Indagini sugli eventi:<\/strong> scopri cosa pensano i tuoi partecipanti del tuo evento. Organizza sondaggi durante o dopo l&#8217;evento e scopri tutto ci\u00f2 che devi sapere per migliorare l&#8217;esperienza degli ospiti.<\/li>\n<\/ul>\n<h4>LE RECENSIONI DEGLI UTENTI<\/h4>\n<p class=\"font-weight-bold mb-2\"><strong>Teresa G.&#8221;Settimana della gestione del cambio&#8221;<\/strong><\/p>\n<p><span class=\"font-weight-bold\"><strong>Commenti<\/strong>: <\/span>La mia esperienza complessiva con eventtia \u00e8 davvero buona.\u00a0Non solo a livello di software, ma anche per il capitale umano che contribuisce. Sia il servizio di vendita che il servizio di supporto, sono stati un chiaro esempio di professionalit\u00e0. Molto soddisfatto di loro, sceglierei nuovamente Eventtia senza esitazione.<\/p>\n<p class=\"font-weight-bold mb-2\"><strong>Pro<\/strong>:\u00a0Mi \u00e8 piaciuta la quantit\u00e0 di funzionalit\u00e0 per gli utenti. La personalizzazione della piattaforma e la facilit\u00e0 di aggiunta dei partecipanti.<\/p>\n<p class=\"font-weight-bold mb-2\"><strong>Contro<\/strong>:\u00a0quanto \u00e8 poco intuitivo per alcune cose in background. Che in live streaming ti permette di partire per andare sulla piattaforma che lo trasmette (come YouTube)<\/p>\n<p class=\"font-weight-bold mb-2\"><strong>Raphael S.&#8221;Una piacevole esperienza&#8221;<\/strong><\/p>\n<p><span class=\"font-weight-bold\"><strong>Commenti<\/strong>: <\/span>Sono stati di supporto e coinvolti nel successo del mio evento.<\/p>\n<p class=\"font-weight-bold mb-2\"><strong>Pro<\/strong>:\u00a0La caratteristica principale \u00e8 che non sono impegnato in un singolo evento specifico, ho accesso alla piattaforma, ho pagato per un pacchetto di partecipanti e funzionalit\u00e0 e posso fare tutti gli eventi di cui ho bisogno. \u00c8 facile da usare come partecipante (il palco virtuale \u00e8 intuitivo) e ha tutte le funzionalit\u00e0 per gestire e costruire l&#8217;evento.<\/p>\n<p class=\"font-weight-bold mb-2\"><strong>Contro<\/strong>:\u00a0Ha ancora spazio per migliorare l&#8217;interfaccia utente del back-office, ma sembra un costruttore di siti WordPress, quindi funziona e ha gli strumenti necessari.<\/p>\n<p class=\"font-weight-bold mb-2\"><strong>Kristele A.&#8221;Ottima piattaforma per conferenze online&#8221;<\/strong><\/p>\n<p class=\"font-weight-bold mb-2\"><strong>Pro<\/strong>:\u00a0Facile da usare e visivamente accattivante (sia il front-end che il back-end di Eventtia), Personalizzazione, Cabine virtuali 3D interattive, Sviluppi richieste speciali, Fantastica assistenza clienti<\/p>\n<p class=\"font-weight-bold mb-2\"><strong>Contro<\/strong>:\u00a0Poche possibilit\u00e0 di coinvolgimento dei partecipanti<\/p>\n","protected":false},"excerpt":{"rendered":"<p>Eventtia \u00e8 una piattaforma di gestione degli eventi basata su cloud che aiuta gli amministratori di eventi nelle organizzazioni di piccole e medie dimensioni a gestire eventi aziendali, accademici, di networking e commerciali. Gli utenti possono creare landing page, eseguire campagne di email marketing, registrare partecipanti, vendere biglietti, controllare l&#8217;accesso all&#8217;evento e tenere traccia dei partecipanti.<\/p>\n","protected":false},"author":16,"featured_media":52303,"parent":51909,"menu_order":0,"comment_status":"open","ping_status":"closed","template":"g1_template_page_review_new.php","meta":{"_acf_changed":false,"cwp_meta_box_check":"No","cwp_rev_product_name":"","cwp_rev_product_image":"","wppr_links":[],"cwp_rev_price":"","wppr_options":[],"wppr_pros":[],"wppr_cons":[],"_monsterinsights_skip_tracking":false,"_monsterinsights_sitenote_active":false,"_monsterinsights_sitenote_note":"","_monsterinsights_sitenote_category":0,"footnotes":""},"categories":[11738],"tags":[11815,11745,11743,11741,11740,11744],"features":[],"class_list":{"0":"post-52302","1":"page","2":"type-page","3":"status-publish","4":"has-post-thumbnail","6":"category-software-gestire-registrazioni-eventi-categoria","7":"tag-eventtia","8":"tag-piattaforma-per-gestire-le-registrazioni-agli-eventi","9":"tag-programma-per-gestire-le-registrazioni-agli-eventi","10":"tag-registrazione-eventi","11":"tag-software-per-gestire-le-registrazioni-agli-eventi","12":"tag-soluzione-per-gestire-le-registrazioni-agli-eventi"},"wppr_data":{"cwp_meta_box_check":"No"},"acf":[],"yoast_head":"<!-- This site is optimized with the Yoast SEO plugin v27.4 - https:\/\/yoast.com\/product\/yoast-seo-wordpress\/ -->\n<title>Eventtia: recensione software per gestire le registrazioni a eventi<\/title>\n<meta name=\"description\" content=\"Eventtia: recensione soluzione di gestione degli eventi che incorpora un editor drag and drop, moduli di registrazione personalizzati e molto altro.\" \/>\n<meta name=\"robots\" content=\"index, follow, max-snippet:-1, max-image-preview:large, max-video-preview:-1\" \/>\n<link rel=\"canonical\" href=\"https:\/\/www.accuratereviews.com\/it\/software-gestire-registrazioni-eventi\/eventtia-recensione\/\" \/>\n<meta property=\"og:locale\" content=\"it_IT\" \/>\n<meta property=\"og:type\" content=\"article\" \/>\n<meta property=\"og:title\" content=\"Eventtia: recensione software per gestire le registrazioni a eventi\" \/>\n<meta property=\"og:description\" content=\"Eventtia: recensione soluzione di gestione degli eventi che incorpora un editor drag and drop, moduli di registrazione personalizzati e molto altro.\" \/>\n<meta property=\"og:url\" content=\"https:\/\/www.accuratereviews.com\/it\/software-gestire-registrazioni-eventi\/eventtia-recensione\/\" \/>\n<meta property=\"og:site_name\" content=\"Accurate Reviews\" \/>\n<meta property=\"og:image\" content=\"https:\/\/www.accuratereviews.com\/wp-content\/uploads\/2022\/01\/Eventtia.png\" \/>\n\t<meta property=\"og:image:width\" content=\"300\" \/>\n\t<meta property=\"og:image:height\" content=\"200\" \/>\n\t<meta property=\"og:image:type\" content=\"image\/png\" \/>\n<meta name=\"twitter:card\" content=\"summary_large_image\" \/>\n<meta name=\"twitter:label1\" content=\"Tempo di lettura stimato\" \/>\n\t<meta name=\"twitter:data1\" content=\"4 minuti\" \/>\n<script type=\"application\/ld+json\" class=\"yoast-schema-graph\">{\"@context\":\"https:\\\/\\\/schema.org\",\"@graph\":[{\"@type\":\"WebPage\",\"@id\":\"https:\\\/\\\/www.accuratereviews.com\\\/it\\\/software-gestire-registrazioni-eventi\\\/eventtia-recensione\\\/\",\"url\":\"https:\\\/\\\/www.accuratereviews.com\\\/it\\\/software-gestire-registrazioni-eventi\\\/eventtia-recensione\\\/\",\"name\":\"Eventtia: recensione software per gestire le registrazioni a eventi\",\"isPartOf\":{\"@id\":\"https:\\\/\\\/www.accuratereviews.com\\\/it\\\/#website\"},\"primaryImageOfPage\":{\"@id\":\"https:\\\/\\\/www.accuratereviews.com\\\/it\\\/software-gestire-registrazioni-eventi\\\/eventtia-recensione\\\/#primaryimage\"},\"image\":{\"@id\":\"https:\\\/\\\/www.accuratereviews.com\\\/it\\\/software-gestire-registrazioni-eventi\\\/eventtia-recensione\\\/#primaryimage\"},\"thumbnailUrl\":\"https:\\\/\\\/www.accuratereviews.com\\\/wp-content\\\/uploads\\\/2022\\\/01\\\/Eventtia.png\",\"datePublished\":\"2022-01-13T12:22:31+00:00\",\"description\":\"Eventtia: recensione soluzione di gestione degli eventi che incorpora un editor drag and drop, moduli di registrazione personalizzati e molto altro.\",\"breadcrumb\":{\"@id\":\"https:\\\/\\\/www.accuratereviews.com\\\/it\\\/software-gestire-registrazioni-eventi\\\/eventtia-recensione\\\/#breadcrumb\"},\"inLanguage\":\"it-IT\",\"potentialAction\":[{\"@type\":\"ReadAction\",\"target\":[\"https:\\\/\\\/www.accuratereviews.com\\\/it\\\/software-gestire-registrazioni-eventi\\\/eventtia-recensione\\\/\"]}]},{\"@type\":\"ImageObject\",\"inLanguage\":\"it-IT\",\"@id\":\"https:\\\/\\\/www.accuratereviews.com\\\/it\\\/software-gestire-registrazioni-eventi\\\/eventtia-recensione\\\/#primaryimage\",\"url\":\"https:\\\/\\\/www.accuratereviews.com\\\/wp-content\\\/uploads\\\/2022\\\/01\\\/Eventtia.png\",\"contentUrl\":\"https:\\\/\\\/www.accuratereviews.com\\\/wp-content\\\/uploads\\\/2022\\\/01\\\/Eventtia.png\",\"width\":300,\"height\":200},{\"@type\":\"BreadcrumbList\",\"@id\":\"https:\\\/\\\/www.accuratereviews.com\\\/it\\\/software-gestire-registrazioni-eventi\\\/eventtia-recensione\\\/#breadcrumb\",\"itemListElement\":[{\"@type\":\"ListItem\",\"position\":1,\"name\":\"Home\",\"item\":\"https:\\\/\\\/www.accuratereviews.com\\\/it\\\/\"},{\"@type\":\"ListItem\",\"position\":2,\"name\":\"Software per gestire le registrazioni agli eventi\",\"item\":\"https:\\\/\\\/www.accuratereviews.com\\\/it\\\/software-gestire-registrazioni-eventi\\\/\"},{\"@type\":\"ListItem\",\"position\":3,\"name\":\"Eventtia\"}]},{\"@type\":\"WebSite\",\"@id\":\"https:\\\/\\\/www.accuratereviews.com\\\/it\\\/#website\",\"url\":\"https:\\\/\\\/www.accuratereviews.com\\\/it\\\/\",\"name\":\"Accurate Reviews\",\"description\":\"\",\"potentialAction\":[{\"@type\":\"SearchAction\",\"target\":{\"@type\":\"EntryPoint\",\"urlTemplate\":\"https:\\\/\\\/www.accuratereviews.com\\\/it\\\/?s={search_term_string}\"},\"query-input\":{\"@type\":\"PropertyValueSpecification\",\"valueRequired\":true,\"valueName\":\"search_term_string\"}}],\"inLanguage\":\"it-IT\"}]}<\/script>\n<!-- \/ Yoast SEO plugin. -->","yoast_head_json":{"title":"Eventtia: recensione software per gestire le registrazioni a eventi","description":"Eventtia: recensione soluzione di gestione degli eventi che incorpora un editor drag and drop, moduli di registrazione personalizzati e molto altro.","robots":{"index":"index","follow":"follow","max-snippet":"max-snippet:-1","max-image-preview":"max-image-preview:large","max-video-preview":"max-video-preview:-1"},"canonical":"https:\/\/www.accuratereviews.com\/it\/software-gestire-registrazioni-eventi\/eventtia-recensione\/","og_locale":"it_IT","og_type":"article","og_title":"Eventtia: recensione software per gestire le registrazioni a eventi","og_description":"Eventtia: recensione soluzione di gestione degli eventi che incorpora un editor drag and drop, moduli di registrazione personalizzati e molto altro.","og_url":"https:\/\/www.accuratereviews.com\/it\/software-gestire-registrazioni-eventi\/eventtia-recensione\/","og_site_name":"Accurate Reviews","og_image":[{"width":300,"height":200,"url":"https:\/\/www.accuratereviews.com\/wp-content\/uploads\/2022\/01\/Eventtia.png","type":"image\/png"}],"twitter_card":"summary_large_image","twitter_misc":{"Tempo di lettura stimato":"4 minuti"},"schema":{"@context":"https:\/\/schema.org","@graph":[{"@type":"WebPage","@id":"https:\/\/www.accuratereviews.com\/it\/software-gestire-registrazioni-eventi\/eventtia-recensione\/","url":"https:\/\/www.accuratereviews.com\/it\/software-gestire-registrazioni-eventi\/eventtia-recensione\/","name":"Eventtia: recensione software per gestire le registrazioni a eventi","isPartOf":{"@id":"https:\/\/www.accuratereviews.com\/it\/#website"},"primaryImageOfPage":{"@id":"https:\/\/www.accuratereviews.com\/it\/software-gestire-registrazioni-eventi\/eventtia-recensione\/#primaryimage"},"image":{"@id":"https:\/\/www.accuratereviews.com\/it\/software-gestire-registrazioni-eventi\/eventtia-recensione\/#primaryimage"},"thumbnailUrl":"https:\/\/www.accuratereviews.com\/wp-content\/uploads\/2022\/01\/Eventtia.png","datePublished":"2022-01-13T12:22:31+00:00","description":"Eventtia: recensione soluzione di gestione degli eventi che incorpora un editor drag and drop, moduli di registrazione personalizzati e molto altro.","breadcrumb":{"@id":"https:\/\/www.accuratereviews.com\/it\/software-gestire-registrazioni-eventi\/eventtia-recensione\/#breadcrumb"},"inLanguage":"it-IT","potentialAction":[{"@type":"ReadAction","target":["https:\/\/www.accuratereviews.com\/it\/software-gestire-registrazioni-eventi\/eventtia-recensione\/"]}]},{"@type":"ImageObject","inLanguage":"it-IT","@id":"https:\/\/www.accuratereviews.com\/it\/software-gestire-registrazioni-eventi\/eventtia-recensione\/#primaryimage","url":"https:\/\/www.accuratereviews.com\/wp-content\/uploads\/2022\/01\/Eventtia.png","contentUrl":"https:\/\/www.accuratereviews.com\/wp-content\/uploads\/2022\/01\/Eventtia.png","width":300,"height":200},{"@type":"BreadcrumbList","@id":"https:\/\/www.accuratereviews.com\/it\/software-gestire-registrazioni-eventi\/eventtia-recensione\/#breadcrumb","itemListElement":[{"@type":"ListItem","position":1,"name":"Home","item":"https:\/\/www.accuratereviews.com\/it\/"},{"@type":"ListItem","position":2,"name":"Software per gestire le registrazioni agli eventi","item":"https:\/\/www.accuratereviews.com\/it\/software-gestire-registrazioni-eventi\/"},{"@type":"ListItem","position":3,"name":"Eventtia"}]},{"@type":"WebSite","@id":"https:\/\/www.accuratereviews.com\/it\/#website","url":"https:\/\/www.accuratereviews.com\/it\/","name":"Accurate Reviews","description":"","potentialAction":[{"@type":"SearchAction","target":{"@type":"EntryPoint","urlTemplate":"https:\/\/www.accuratereviews.com\/it\/?s={search_term_string}"},"query-input":{"@type":"PropertyValueSpecification","valueRequired":true,"valueName":"search_term_string"}}],"inLanguage":"it-IT"}]}},"_links":{"self":[{"href":"https:\/\/www.accuratereviews.com\/it\/wp-json\/wp\/v2\/pages\/52302","targetHints":{"allow":["GET"]}}],"collection":[{"href":"https:\/\/www.accuratereviews.com\/it\/wp-json\/wp\/v2\/pages"}],"about":[{"href":"https:\/\/www.accuratereviews.com\/it\/wp-json\/wp\/v2\/types\/page"}],"author":[{"embeddable":true,"href":"https:\/\/www.accuratereviews.com\/it\/wp-json\/wp\/v2\/users\/16"}],"replies":[{"embeddable":true,"href":"https:\/\/www.accuratereviews.com\/it\/wp-json\/wp\/v2\/comments?post=52302"}],"version-history":[{"count":6,"href":"https:\/\/www.accuratereviews.com\/it\/wp-json\/wp\/v2\/pages\/52302\/revisions"}],"predecessor-version":[{"id":52340,"href":"https:\/\/www.accuratereviews.com\/it\/wp-json\/wp\/v2\/pages\/52302\/revisions\/52340"}],"up":[{"embeddable":true,"href":"https:\/\/www.accuratereviews.com\/it\/wp-json\/wp\/v2\/pages\/51909"}],"wp:featuredmedia":[{"embeddable":true,"href":"https:\/\/www.accuratereviews.com\/it\/wp-json\/wp\/v2\/media\/52303"}],"wp:attachment":[{"href":"https:\/\/www.accuratereviews.com\/it\/wp-json\/wp\/v2\/media?parent=52302"}],"wp:term":[{"taxonomy":"category","embeddable":true,"href":"https:\/\/www.accuratereviews.com\/it\/wp-json\/wp\/v2\/categories?post=52302"},{"taxonomy":"post_tag","embeddable":true,"href":"https:\/\/www.accuratereviews.com\/it\/wp-json\/wp\/v2\/tags?post=52302"},{"taxonomy":"features","embeddable":true,"href":"https:\/\/www.accuratereviews.com\/it\/wp-json\/wp\/v2\/features?post=52302"}],"curies":[{"name":"wp","href":"https:\/\/api.w.org\/{rel}","templated":true}]}}