{"id":52355,"date":"2022-01-14T12:07:07","date_gmt":"2022-01-14T12:07:07","guid":{"rendered":"https:\/\/www.accuratereviews.com\/?page_id=52355"},"modified":"2022-01-14T12:07:07","modified_gmt":"2022-01-14T12:07:07","slug":"bizzabo-recensione","status":"publish","type":"page","link":"https:\/\/www.accuratereviews.com\/it\/software-gestire-registrazioni-eventi\/bizzabo-recensione\/","title":{"rendered":"Bizzabo"},"content":{"rendered":"<p>Il<strong> software per eventi all-in-one<\/strong> di <strong>Bizzabo<\/strong> consente agli organizzatori di offrire esperienze uniche ai partecipanti attraverso un coinvolgimento personalizzato intelligente e basato sulle intenzioni. Aiutano le aziende a misurare, gestire e ridimensionare gli eventi verso risultati aziendali chiave, consentendo a ogni utente, marketer, espositore e partecipante di liberare il potere degli eventi professionali. <strong>Bizzabo<\/strong> organizza eventi per marchi come Forbes, INBOUND di Hubspot, Dow Jones, Gainsight, Bank of Ireland ed Electronic Arts. L&#8217;azienda \u00e8 stata fondata da Boaz Katz, Alon Alroy ed Eran Ben-Shushan con sedi a New York e Tel-Aviv. Le caratteristiche principali della piattaforma per eventi include: biglietteria e registrazione, creazione di siti web per eventi, applicazioni, gestione dei contatti, strumenti di networking, sondaggi, report e dashboard per misurare il successo.<\/p>\n<h2>BIZZABO &#8211; TUTORIAL<\/h2>\n<p>Trova tutto ci\u00f2 di cui hai bisogno per dare vita al tuo evento, tutto in un unico posto e senza limitazioni tecniche. Guardiamo insieme il video:<\/p>\n<div id=\"fluid-wrapper-counter-1\" class=\"g1-fluid-wrapper \" style=\"width:686px;\">\n<div style=\"padding-bottom:56.268221574344%;\"><iframe loading=\"lazy\" title=\"Bizzabo - App Market\" width=\"686\" height=\"386\" src=\"https:\/\/www.youtube.com\/embed\/xvmu5eUxk5U?feature=oembed&amp;wmode=transparent&amp;autohide=1&amp;autoplay=0&amp;disablekb=0&amp;fs=1&amp;loop=0&amp;enablejsapi=1&amp;rel=0&amp;controls=2&amp;showinfo=0&amp;wmode=transparent&amp;autohide=2&amp;autoplay=0&amp;disablekb=0&amp;fs=1&amp;loop=0&amp;enablejsapi=1&amp;rel=0&amp;controls=2&amp;showinfo=1\" frameborder=\"0\" allow=\"accelerometer; autoplay; clipboard-write; encrypted-media; gyroscope; picture-in-picture\" allowfullscreen><\/iframe><\/div>\n<\/div>\n<h3>BIZZABO &#8211; CARATTERISTICHE<\/h3>\n<ul>\n<li><strong>Gestione<\/strong>: il modulo di gestione degli eventi della piattaforma offre le funzionalit\u00e0 di base per la gestione degli eventi che ti aspetteresti come registrazione, biglietteria e sito web dell&#8217;evento, ma anche nuove innovazioni, come il check-in digitale in loco<\/li>\n<li><strong>Marketing<\/strong>: la soluzione offre uno strumento di email marketing, un generatore di codici promozionali e una profonda integrazione con i social media. I dati social vengono recuperati e presentati per creare marketing intelligence<\/li>\n<li><strong>Impegno<\/strong>: il programma nasce come app mobile e offre forti funzionalit\u00e0 in termini di networking e social media interface, ma anche sondaggi live e sistemi di risposta dell&#8217;audience<\/li>\n<li><strong>Analisi<\/strong>: le azioni sui social media vengono misurate e presentate insieme a elementi vitali di eventi come la vendita dei biglietti in un&#8217;interfaccia facile da assimilare. La dashboard presenta anche i dati di eventi precedenti.<\/li>\n<\/ul>\n<h4>LE RECENSIONI DEGLI UTENTI<\/h4>\n<p class=\"font-weight-bold mb-2\"><strong>Dora F.&#8221;Prodotto solido per eventi virtuali&#8221;<\/strong><\/p>\n<p><span class=\"font-weight-bold\"><strong>Commenti<\/strong>:\u00a0<\/span>Nel complesso \u00e8 un prodotto solido paragonabile ad altri software per eventi virtuali di fascia alta.<\/p>\n<p class=\"font-weight-bold mb-2\"><strong>Pro<\/strong>: Facile creare un sito web dall&#8217;aspetto gradevole con pi\u00f9 pagine e registrazione anche se non hai esperienza di codifica\/HTML. L&#8217;assistenza clienti via email \u00e8 stata abbastanza reattiva e generalmente utile. La mia organizzazione deve utilizzare Zoom per riunioni virtuali e Bizzabo ha consentito un&#8217;esperienza senza interruzioni con un clic nelle nostre sessioni Zoom dall&#8217;agenda del sito Web, che ci ha fornito dati sulle presenze molto pi\u00f9 facili da usare rispetto a Zoom. Il software \u00e8 completo e onestamente fornisce praticamente tutto ci\u00f2 di cui hai bisogno per eventi virtuali, ibridi e di persona. Il sito di assistenza clienti (Bizzaknowledge) aveva una fantastica funzione di voto positivo per consentire agli utenti di supportarsi a vicenda nel far notare le nuove richieste di funzionalit\u00e0.<\/p>\n<p class=\"font-weight-bold mb-2\"><strong>Contro<\/strong>: L&#8217;assistenza clienti \u00e8 sempre stata ottima, ma sarebbe bello avere una funzione di chat sul sito di Bizzabo o anche una documentazione facile da usare sul sito di assistenza clienti. I nostri partecipanti in Cina non sono stati in grado di registrarsi per il nostro evento, quindi sarebbe bello che questo fosse disponibile anche l\u00ec. A volte si verificano piccoli problemi casuali; ad esempio, con il gestore di comunicazioni\/campagna nativo, in cui i nostri colori con il marchio a volte non funzionavano in alcune email, in definitiva senza alcuna soluzione dal servizio clienti.<\/p>\n<p class=\"font-weight-bold mb-2\"><strong>Dan A.&#8221;Recensione Bizzabo&#8221;<\/strong><\/p>\n<p><span class=\"font-weight-bold\"><strong>Commenti<\/strong>:\u00a0<\/span>La nostra esperienza con Bizzabo \u00e8 stata fantastica. Abbiamo davvero apprezzato il team Bizzabo che ci ha contattato in modo proattivo per vedere come sta andando tutto e il processo di onboarding ha davvero aiutato a familiarizzare con la piattaforma.<\/p>\n<p class=\"font-weight-bold mb-2\"><strong>Pro<\/strong>: Mi \u00e8 piaciuta la facilit\u00e0 d&#8217;uso e il fatto che la piattaforma fosse drag and drop per una facile creazione di eventi. Nella nostra azienda \u00e8 stato utilizzato principalmente lo strumento virtuale.<\/p>\n<p class=\"font-weight-bold mb-2\">\u00a0<strong>Contro<\/strong>: Alcune delle analitiche richiedevano che i report vengano eseguiti dal supporto Bizzabo. I limiti di capacit\u00e0 sull&#8217;opzione di interazione, ma si rendono conto che da allora \u00e8 stato aggiornato e i limiti sono stati rimossi.<\/p>\n<p class=\"font-weight-bold mb-2\"><strong>Kamran Y.&#8221;Bizzabo per la gestione degli eventi&#8221;<\/strong><\/p>\n<p><span class=\"font-weight-bold\"><strong>Commenti<\/strong>:\u00a0<\/span>In qualit\u00e0 di azienda organizzatrice di eventi, Bizzabo ha risolto alcuni dei nostri problemi in modo semplice ed efficiente. Ma alcune funzionalit\u00e0 aggiuntive sarebbero utili come la segnalazione professionale e cos\u00ec via.<\/p>\n<p class=\"font-weight-bold mb-2\"><strong>Pro<\/strong>: Aiuta a costruire facilmente pagine web di eventi personalizzate ed \u00e8 facile da configurare. Offre un sistema di registrazione e biglietteria ben strutturato. Le campagne email e l&#8217;email marketing aiutano per il branding.<\/p>\n<p class=\"font-weight-bold mb-2\"><strong>Contro<\/strong>: Il servizio clienti non \u00e8 abbastanza veloce. Ora sono soddisfatto di altre qualit\u00e0 del servizio.<\/p>\n","protected":false},"excerpt":{"rendered":"<p>Il software per eventi all-in-one di Bizzabo consente agli organizzatori di offrire esperienze uniche ai partecipanti attraverso un coinvolgimento personalizzato intelligente e basato sulle intenzioni. Aiutano le aziende a misurare, gestire e ridimensionare gli eventi verso risultati aziendali chiave, consentendo a ogni utente, marketer, espositore e partecipante di liberare il potere degli eventi professionali.<\/p>\n","protected":false},"author":19,"featured_media":52385,"parent":51909,"menu_order":0,"comment_status":"open","ping_status":"closed","template":"g1_template_page_review_new.php","meta":{"_acf_changed":false,"cwp_meta_box_check":"No","cwp_rev_product_name":"","cwp_rev_product_image":"","wppr_links":[],"cwp_rev_price":"","wppr_options":[],"wppr_pros":[],"wppr_cons":[],"_monsterinsights_skip_tracking":false,"_monsterinsights_sitenote_active":false,"_monsterinsights_sitenote_note":"","_monsterinsights_sitenote_category":0,"footnotes":""},"categories":[11738],"tags":[11838,11836,11835,11740,11744],"features":[],"class_list":{"0":"post-52355","1":"page","2":"type-page","3":"status-publish","4":"has-post-thumbnail","6":"category-software-gestire-registrazioni-eventi-categoria","7":"tag-bizzabo","8":"tag-piattaforma-per-gestire-le-registrazioni-a-eventi","9":"tag-programma-per-gestire-le-registrazioni-a-eventi","10":"tag-software-per-gestire-le-registrazioni-agli-eventi","11":"tag-soluzione-per-gestire-le-registrazioni-agli-eventi"},"wppr_data":{"cwp_meta_box_check":"No"},"acf":[],"yoast_head":"<!-- This site is optimized with the Yoast SEO plugin v27.4 - https:\/\/yoast.com\/product\/yoast-seo-wordpress\/ -->\n<title>Bizzabo: recensione software per gestire registrazioni a eventi<\/title>\n<meta name=\"description\" content=\"Bizzabo: recensione soluzione per eventi che consente agli organizzatori di dare esperienze uniche attraverso un coinvolgimento personalizzato.\" \/>\n<meta name=\"robots\" content=\"index, follow, max-snippet:-1, max-image-preview:large, max-video-preview:-1\" \/>\n<link rel=\"canonical\" href=\"https:\/\/www.accuratereviews.com\/it\/software-gestire-registrazioni-eventi\/bizzabo-recensione\/\" \/>\n<meta property=\"og:locale\" content=\"it_IT\" \/>\n<meta property=\"og:type\" content=\"article\" \/>\n<meta property=\"og:title\" content=\"Bizzabo: recensione software per gestire registrazioni a eventi\" \/>\n<meta property=\"og:description\" content=\"Bizzabo: recensione soluzione per eventi che consente agli organizzatori di dare esperienze uniche attraverso un coinvolgimento personalizzato.\" \/>\n<meta property=\"og:url\" content=\"https:\/\/www.accuratereviews.com\/it\/software-gestire-registrazioni-eventi\/bizzabo-recensione\/\" \/>\n<meta property=\"og:site_name\" content=\"Accurate Reviews\" \/>\n<meta property=\"og:image\" content=\"https:\/\/www.accuratereviews.com\/wp-content\/uploads\/2022\/01\/bizzabo.png\" \/>\n\t<meta property=\"og:image:width\" content=\"512\" \/>\n\t<meta property=\"og:image:height\" content=\"512\" \/>\n\t<meta property=\"og:image:type\" content=\"image\/png\" \/>\n<meta name=\"twitter:card\" content=\"summary_large_image\" \/>\n<meta name=\"twitter:label1\" content=\"Tempo di lettura stimato\" \/>\n\t<meta name=\"twitter:data1\" content=\"4 minuti\" \/>\n<script type=\"application\/ld+json\" class=\"yoast-schema-graph\">{\"@context\":\"https:\\\/\\\/schema.org\",\"@graph\":[{\"@type\":\"WebPage\",\"@id\":\"https:\\\/\\\/www.accuratereviews.com\\\/it\\\/software-gestire-registrazioni-eventi\\\/bizzabo-recensione\\\/\",\"url\":\"https:\\\/\\\/www.accuratereviews.com\\\/it\\\/software-gestire-registrazioni-eventi\\\/bizzabo-recensione\\\/\",\"name\":\"Bizzabo: recensione software per gestire registrazioni a eventi\",\"isPartOf\":{\"@id\":\"https:\\\/\\\/www.accuratereviews.com\\\/it\\\/#website\"},\"primaryImageOfPage\":{\"@id\":\"https:\\\/\\\/www.accuratereviews.com\\\/it\\\/software-gestire-registrazioni-eventi\\\/bizzabo-recensione\\\/#primaryimage\"},\"image\":{\"@id\":\"https:\\\/\\\/www.accuratereviews.com\\\/it\\\/software-gestire-registrazioni-eventi\\\/bizzabo-recensione\\\/#primaryimage\"},\"thumbnailUrl\":\"https:\\\/\\\/www.accuratereviews.com\\\/wp-content\\\/uploads\\\/2022\\\/01\\\/bizzabo.png\",\"datePublished\":\"2022-01-14T12:07:07+00:00\",\"description\":\"Bizzabo: recensione soluzione per eventi che consente agli organizzatori di dare esperienze uniche attraverso un coinvolgimento personalizzato.\",\"breadcrumb\":{\"@id\":\"https:\\\/\\\/www.accuratereviews.com\\\/it\\\/software-gestire-registrazioni-eventi\\\/bizzabo-recensione\\\/#breadcrumb\"},\"inLanguage\":\"it-IT\",\"potentialAction\":[{\"@type\":\"ReadAction\",\"target\":[\"https:\\\/\\\/www.accuratereviews.com\\\/it\\\/software-gestire-registrazioni-eventi\\\/bizzabo-recensione\\\/\"]}]},{\"@type\":\"ImageObject\",\"inLanguage\":\"it-IT\",\"@id\":\"https:\\\/\\\/www.accuratereviews.com\\\/it\\\/software-gestire-registrazioni-eventi\\\/bizzabo-recensione\\\/#primaryimage\",\"url\":\"https:\\\/\\\/www.accuratereviews.com\\\/wp-content\\\/uploads\\\/2022\\\/01\\\/bizzabo.png\",\"contentUrl\":\"https:\\\/\\\/www.accuratereviews.com\\\/wp-content\\\/uploads\\\/2022\\\/01\\\/bizzabo.png\",\"width\":512,\"height\":512},{\"@type\":\"BreadcrumbList\",\"@id\":\"https:\\\/\\\/www.accuratereviews.com\\\/it\\\/software-gestire-registrazioni-eventi\\\/bizzabo-recensione\\\/#breadcrumb\",\"itemListElement\":[{\"@type\":\"ListItem\",\"position\":1,\"name\":\"Home\",\"item\":\"https:\\\/\\\/www.accuratereviews.com\\\/it\\\/\"},{\"@type\":\"ListItem\",\"position\":2,\"name\":\"Software per gestire le registrazioni agli eventi\",\"item\":\"https:\\\/\\\/www.accuratereviews.com\\\/it\\\/software-gestire-registrazioni-eventi\\\/\"},{\"@type\":\"ListItem\",\"position\":3,\"name\":\"Bizzabo\"}]},{\"@type\":\"WebSite\",\"@id\":\"https:\\\/\\\/www.accuratereviews.com\\\/it\\\/#website\",\"url\":\"https:\\\/\\\/www.accuratereviews.com\\\/it\\\/\",\"name\":\"Accurate Reviews\",\"description\":\"\",\"potentialAction\":[{\"@type\":\"SearchAction\",\"target\":{\"@type\":\"EntryPoint\",\"urlTemplate\":\"https:\\\/\\\/www.accuratereviews.com\\\/it\\\/?s={search_term_string}\"},\"query-input\":{\"@type\":\"PropertyValueSpecification\",\"valueRequired\":true,\"valueName\":\"search_term_string\"}}],\"inLanguage\":\"it-IT\"}]}<\/script>\n<!-- \/ Yoast SEO plugin. -->","yoast_head_json":{"title":"Bizzabo: recensione software per gestire registrazioni a eventi","description":"Bizzabo: recensione soluzione per eventi che consente agli organizzatori di dare esperienze uniche attraverso un coinvolgimento personalizzato.","robots":{"index":"index","follow":"follow","max-snippet":"max-snippet:-1","max-image-preview":"max-image-preview:large","max-video-preview":"max-video-preview:-1"},"canonical":"https:\/\/www.accuratereviews.com\/it\/software-gestire-registrazioni-eventi\/bizzabo-recensione\/","og_locale":"it_IT","og_type":"article","og_title":"Bizzabo: recensione software per gestire registrazioni a eventi","og_description":"Bizzabo: recensione soluzione per eventi che consente agli organizzatori di dare esperienze uniche attraverso un coinvolgimento personalizzato.","og_url":"https:\/\/www.accuratereviews.com\/it\/software-gestire-registrazioni-eventi\/bizzabo-recensione\/","og_site_name":"Accurate Reviews","og_image":[{"width":512,"height":512,"url":"https:\/\/www.accuratereviews.com\/wp-content\/uploads\/2022\/01\/bizzabo.png","type":"image\/png"}],"twitter_card":"summary_large_image","twitter_misc":{"Tempo di lettura stimato":"4 minuti"},"schema":{"@context":"https:\/\/schema.org","@graph":[{"@type":"WebPage","@id":"https:\/\/www.accuratereviews.com\/it\/software-gestire-registrazioni-eventi\/bizzabo-recensione\/","url":"https:\/\/www.accuratereviews.com\/it\/software-gestire-registrazioni-eventi\/bizzabo-recensione\/","name":"Bizzabo: recensione software per gestire registrazioni a eventi","isPartOf":{"@id":"https:\/\/www.accuratereviews.com\/it\/#website"},"primaryImageOfPage":{"@id":"https:\/\/www.accuratereviews.com\/it\/software-gestire-registrazioni-eventi\/bizzabo-recensione\/#primaryimage"},"image":{"@id":"https:\/\/www.accuratereviews.com\/it\/software-gestire-registrazioni-eventi\/bizzabo-recensione\/#primaryimage"},"thumbnailUrl":"https:\/\/www.accuratereviews.com\/wp-content\/uploads\/2022\/01\/bizzabo.png","datePublished":"2022-01-14T12:07:07+00:00","description":"Bizzabo: recensione soluzione per eventi che consente agli organizzatori di dare esperienze uniche attraverso un coinvolgimento personalizzato.","breadcrumb":{"@id":"https:\/\/www.accuratereviews.com\/it\/software-gestire-registrazioni-eventi\/bizzabo-recensione\/#breadcrumb"},"inLanguage":"it-IT","potentialAction":[{"@type":"ReadAction","target":["https:\/\/www.accuratereviews.com\/it\/software-gestire-registrazioni-eventi\/bizzabo-recensione\/"]}]},{"@type":"ImageObject","inLanguage":"it-IT","@id":"https:\/\/www.accuratereviews.com\/it\/software-gestire-registrazioni-eventi\/bizzabo-recensione\/#primaryimage","url":"https:\/\/www.accuratereviews.com\/wp-content\/uploads\/2022\/01\/bizzabo.png","contentUrl":"https:\/\/www.accuratereviews.com\/wp-content\/uploads\/2022\/01\/bizzabo.png","width":512,"height":512},{"@type":"BreadcrumbList","@id":"https:\/\/www.accuratereviews.com\/it\/software-gestire-registrazioni-eventi\/bizzabo-recensione\/#breadcrumb","itemListElement":[{"@type":"ListItem","position":1,"name":"Home","item":"https:\/\/www.accuratereviews.com\/it\/"},{"@type":"ListItem","position":2,"name":"Software per gestire le registrazioni agli eventi","item":"https:\/\/www.accuratereviews.com\/it\/software-gestire-registrazioni-eventi\/"},{"@type":"ListItem","position":3,"name":"Bizzabo"}]},{"@type":"WebSite","@id":"https:\/\/www.accuratereviews.com\/it\/#website","url":"https:\/\/www.accuratereviews.com\/it\/","name":"Accurate Reviews","description":"","potentialAction":[{"@type":"SearchAction","target":{"@type":"EntryPoint","urlTemplate":"https:\/\/www.accuratereviews.com\/it\/?s={search_term_string}"},"query-input":{"@type":"PropertyValueSpecification","valueRequired":true,"valueName":"search_term_string"}}],"inLanguage":"it-IT"}]}},"_links":{"self":[{"href":"https:\/\/www.accuratereviews.com\/it\/wp-json\/wp\/v2\/pages\/52355","targetHints":{"allow":["GET"]}}],"collection":[{"href":"https:\/\/www.accuratereviews.com\/it\/wp-json\/wp\/v2\/pages"}],"about":[{"href":"https:\/\/www.accuratereviews.com\/it\/wp-json\/wp\/v2\/types\/page"}],"author":[{"embeddable":true,"href":"https:\/\/www.accuratereviews.com\/it\/wp-json\/wp\/v2\/users\/19"}],"replies":[{"embeddable":true,"href":"https:\/\/www.accuratereviews.com\/it\/wp-json\/wp\/v2\/comments?post=52355"}],"version-history":[{"count":11,"href":"https:\/\/www.accuratereviews.com\/it\/wp-json\/wp\/v2\/pages\/52355\/revisions"}],"predecessor-version":[{"id":52401,"href":"https:\/\/www.accuratereviews.com\/it\/wp-json\/wp\/v2\/pages\/52355\/revisions\/52401"}],"up":[{"embeddable":true,"href":"https:\/\/www.accuratereviews.com\/it\/wp-json\/wp\/v2\/pages\/51909"}],"wp:featuredmedia":[{"embeddable":true,"href":"https:\/\/www.accuratereviews.com\/it\/wp-json\/wp\/v2\/media\/52385"}],"wp:attachment":[{"href":"https:\/\/www.accuratereviews.com\/it\/wp-json\/wp\/v2\/media?parent=52355"}],"wp:term":[{"taxonomy":"category","embeddable":true,"href":"https:\/\/www.accuratereviews.com\/it\/wp-json\/wp\/v2\/categories?post=52355"},{"taxonomy":"post_tag","embeddable":true,"href":"https:\/\/www.accuratereviews.com\/it\/wp-json\/wp\/v2\/tags?post=52355"},{"taxonomy":"features","embeddable":true,"href":"https:\/\/www.accuratereviews.com\/it\/wp-json\/wp\/v2\/features?post=52355"}],"curies":[{"name":"wp","href":"https:\/\/api.w.org\/{rel}","templated":true}]}}