{"id":52357,"date":"2022-01-14T12:02:22","date_gmt":"2022-01-14T12:02:22","guid":{"rendered":"https:\/\/www.accuratereviews.com\/?page_id=52357"},"modified":"2022-01-14T12:02:22","modified_gmt":"2022-01-14T12:02:22","slug":"sparxo-recensione","status":"publish","type":"page","link":"https:\/\/www.accuratereviews.com\/it\/software-gestire-registrazioni-eventi\/sparxo-recensione\/","title":{"rendered":"Sparxo"},"content":{"rendered":"<p><strong>Sparxo<\/strong> \u00e8 una <strong>piattaforma di biglietteria<\/strong> per eventi basata su <strong>cloud<\/strong>, progettata per aiutare le aziende a gestire le registrazioni, coinvolgere i clienti ed elaborare le transazioni tramite dispositivi mobili e web. Gli organizzatori possono incorporare eventi sul sito web utilizzando widget personalizzati e creare pagine di eventi utilizzando video, immagini e audio. Possono creare offerte promozionali, impostare tempi per la vendita dei biglietti e acquisire dettagli dai partecipanti utilizzando campi personalizzati. Le organizzazioni possono premiare i clienti e ricordare ai partecipanti di invitare gli amici.\u00a0Offre un sistema di check-in mobile, che consente ai volontari di scansionare i QR code dei biglietti per l&#8217;ingresso, cercare gli ospiti per nome, email o codice del biglietto e rivedere la cronologia dei check-in. Utilizzando il modulo di analisi, i manager possono determinare i canali di marketing ad alte prestazioni, tenere traccia del numero di biglietti venduti e visualizzare la struttura di ripartizione delle entrate.<\/p>\n<h2>SPARXO &#8211; TUTORIAL<\/h2>\n<p>Ecco un tutorial che illustra come utilizzare questo <strong>software per gestire le registrazioni a eventi<\/strong>:<\/p>\n<div id=\"fluid-wrapper-counter-1\" class=\"g1-fluid-wrapper \" style=\"width:686px;\">\n<div style=\"padding-bottom:56.268221574344%;\"><iframe loading=\"lazy\" title=\"Editing Splash Pages\" width=\"686\" height=\"386\" src=\"https:\/\/www.youtube.com\/embed\/Ciua8Lx1bdE?feature=oembed&amp;wmode=transparent&amp;autohide=1&amp;autoplay=0&amp;disablekb=0&amp;fs=1&amp;loop=0&amp;enablejsapi=1&amp;rel=0&amp;controls=2&amp;showinfo=0&amp;wmode=transparent&amp;autohide=2&amp;autoplay=0&amp;disablekb=0&amp;fs=1&amp;loop=0&amp;enablejsapi=1&amp;rel=0&amp;controls=2&amp;showinfo=1\" frameborder=\"0\" allow=\"accelerometer; autoplay; clipboard-write; encrypted-media; gyroscope; picture-in-picture\" allowfullscreen><\/iframe><\/div>\n<\/div>\n<p>&nbsp;<\/p>\n<h3>SPARXO &#8211; CARATTERISTICHE<\/h3>\n<ul>\n<li><strong>Integrazione diretta<\/strong>: vendi biglietti direttamente dal tuo sito web in pochi minuti senza reindirizzamento. Migliora la tua SEO e massimizza i tuoi sforzi di marketing<\/li>\n<li><strong>Codici sconto offerte<\/strong>: offri facilmente codici promozionali ai partecipanti all&#8217;evento che desideri premiare<\/li>\n<li><strong>Raccogli informazioni aggiuntive<\/strong>: crea campi personalizzati per raccogliere informazioni aggiuntive sui tuoi partecipanti<\/li>\n<li><strong>Gestire le commissioni<\/strong>: riscuoti i pagamenti da 2 a 5 giorni lavorativi dopo l&#8217;acquisto del biglietto. Non dovrai pi\u00f9 aspettare i fondi fino al termine del tuo evento<\/li>\n<li><strong>Raccogli donazioni<\/strong>: riscuoti donazioni e fondi direttamente sulla tua pagina web o Facebook per una campagna di raccolta fondi o un evento di beneficenza<\/li>\n<li><strong>Imposta gli orari di inizio e fine del biglietto<\/strong>: decidi esattamente quando e per quanto tempo vuoi vendere i biglietti. Gestisci automaticamente pi\u00f9 intervalli di tempo per diversi livelli di prezzo del biglietto<\/li>\n<li><strong>Premia i tuoi clienti<\/strong>: fai sapere ai tuoi clienti quanto sei grato. Dai loro soldi o offri biglietti gratuiti per aiutarti a vendere i biglietti. Trasforma i clienti in promotori.<\/li>\n<\/ul>\n<h4>LE RECENSIONI DEGLI UTENTI<\/h4>\n<p class=\"font-weight-bold mb-2\"><strong>Florence B.&#8221;Molto facile da usare per noi come clienti e per i nostri utenti che acquistano i biglietti.&#8221;<\/strong><\/p>\n<p class=\"font-weight-bold mb-2\"><strong>Pro<\/strong>: Facilit\u00e0 d&#8217;uso. Tante funzionalit\u00e0 da aggiungere per i nostri diversi eventi. Caratteristica preferita: possibilit\u00e0 di aggiungere domande per i nostri clienti e decidere il tipo di risposta da dare (breve, scelta multipla, ecc.)<\/p>\n<p class=\"font-weight-bold mb-2\"><strong>Contro<\/strong>: Il servizio clienti non era cos\u00ec efficiente. Ho fatto una domanda, poich\u00e9 il mio problema non faceva parte delle FAQ. ci sono volute almeno due settimane per ottenere una risposta e a quel punto avevo trovato una soluzione da solo.<\/p>\n<p class=\"font-weight-bold mb-2\"><strong>Elizabeth G.&#8221;Sparxo \u00e8 una piattaforma di eventi semplice e pulita.&#8221;<\/strong><\/p>\n<p><span class=\"font-weight-bold\"><strong>Commenti<\/strong>:\u00a0<\/span>Buon calendario incorporato per il nostro sito web. Raccoglie informazioni RSVP e invia email di conferma.<\/p>\n<p class=\"font-weight-bold mb-2\"><strong>Pro<\/strong>: Interfaccia semplice e pulita, disponibilit\u00e0 di codici di integrazione, come appare sul nostro sito Web, facilit\u00e0 di RSVP e landing page.<\/p>\n<p class=\"font-weight-bold mb-2\">\u00a0<strong>Contro<\/strong>: Necessit\u00e0 di implementare pi\u00f9 funzionalit\u00e0 come eventi ricorrenti, eliminare un evento, riportare i tempi durante la clonazione.<\/p>\n<p class=\"font-weight-bold mb-2\"><strong>Ryan G.&#8221;\u00c8 molto facile. Non ci dobbiamo pensare molto.&#8221;<\/strong><\/p>\n<p class=\"font-weight-bold mb-2\">\u00a0<strong>Pro<\/strong>: Lo facciamo funzionare in modo molto automatico, quindi non dobbiamo dedicare molto pensiero o sforzo alla manutenzione delle cose.<\/p>\n<p class=\"font-weight-bold mb-2\"><strong>Contro<\/strong>: Sarebbe pi\u00f9 felice se fosse un po&#8217; pi\u00f9 universalmente conosciuto e accettato. Abbiamo clienti che hanno ancora problemi di interfaccia.<\/p>\n","protected":false},"excerpt":{"rendered":"<p>Sparxo \u00e8 una piattaforma di biglietteria per eventi basata su cloud, progettata per aiutare le aziende a gestire le registrazioni, coinvolgere i clienti ed elaborare le transazioni tramite dispositivi mobili e web. Gli organizzatori possono incorporare eventi sul sito web utilizzando widget personalizzati e creare pagine di eventi utilizzando video, immagini e audio<\/p>\n","protected":false},"author":19,"featured_media":52358,"parent":51909,"menu_order":0,"comment_status":"open","ping_status":"closed","template":"g1_template_page_review_new.php","meta":{"_acf_changed":false,"cwp_meta_box_check":"No","cwp_rev_product_name":"","cwp_rev_product_image":"","wppr_links":[],"cwp_rev_price":"","wppr_options":[],"wppr_pros":[],"wppr_cons":[],"_monsterinsights_skip_tracking":false,"_monsterinsights_sitenote_active":false,"_monsterinsights_sitenote_note":"","_monsterinsights_sitenote_category":0,"footnotes":""},"categories":[11738],"tags":[11836,11835,11833,11834,11837],"features":[],"class_list":{"0":"post-52357","1":"page","2":"type-page","3":"status-publish","4":"has-post-thumbnail","6":"category-software-gestire-registrazioni-eventi-categoria","7":"tag-piattaforma-per-gestire-le-registrazioni-a-eventi","8":"tag-programma-per-gestire-le-registrazioni-a-eventi","9":"tag-software-per-gestire-le-registrazini-a-eventi","10":"tag-soluzine-per-gestire-le-registrazioni-a-eventi","11":"tag-sparxo"},"wppr_data":{"cwp_meta_box_check":"No"},"acf":[],"yoast_head":"<!-- This site is optimized with the Yoast SEO plugin v27.4 - https:\/\/yoast.com\/product\/yoast-seo-wordpress\/ -->\n<title>Sparxo: recensione software per gestire le registrazioni a eventi<\/title>\n<meta name=\"description\" content=\"Sparxo: recensione soluzione biglietteria basata su cloud progettata per gestire registrazioni, coinvolgere clienti ed elaborare transazioni.\" \/>\n<meta name=\"robots\" content=\"index, follow, max-snippet:-1, max-image-preview:large, max-video-preview:-1\" \/>\n<link rel=\"canonical\" href=\"https:\/\/www.accuratereviews.com\/it\/software-gestire-registrazioni-eventi\/sparxo-recensione\/\" \/>\n<meta property=\"og:locale\" content=\"it_IT\" \/>\n<meta property=\"og:type\" content=\"article\" \/>\n<meta property=\"og:title\" content=\"Sparxo: recensione software per gestire le registrazioni a eventi\" \/>\n<meta property=\"og:description\" content=\"Sparxo: recensione soluzione biglietteria basata su cloud progettata per gestire registrazioni, coinvolgere clienti ed elaborare transazioni.\" \/>\n<meta property=\"og:url\" content=\"https:\/\/www.accuratereviews.com\/it\/software-gestire-registrazioni-eventi\/sparxo-recensione\/\" \/>\n<meta property=\"og:site_name\" content=\"Accurate Reviews\" \/>\n<meta property=\"og:image\" content=\"https:\/\/www.accuratereviews.com\/wp-content\/uploads\/2022\/01\/sparxo.png\" \/>\n\t<meta property=\"og:image:width\" content=\"611\" \/>\n\t<meta property=\"og:image:height\" content=\"326\" \/>\n\t<meta property=\"og:image:type\" content=\"image\/png\" \/>\n<meta name=\"twitter:card\" content=\"summary_large_image\" \/>\n<meta name=\"twitter:label1\" content=\"Tempo di lettura stimato\" \/>\n\t<meta name=\"twitter:data1\" content=\"3 minuti\" \/>\n<script type=\"application\/ld+json\" class=\"yoast-schema-graph\">{\"@context\":\"https:\\\/\\\/schema.org\",\"@graph\":[{\"@type\":\"WebPage\",\"@id\":\"https:\\\/\\\/www.accuratereviews.com\\\/it\\\/software-gestire-registrazioni-eventi\\\/sparxo-recensione\\\/\",\"url\":\"https:\\\/\\\/www.accuratereviews.com\\\/it\\\/software-gestire-registrazioni-eventi\\\/sparxo-recensione\\\/\",\"name\":\"Sparxo: recensione software per gestire le registrazioni a eventi\",\"isPartOf\":{\"@id\":\"https:\\\/\\\/www.accuratereviews.com\\\/it\\\/#website\"},\"primaryImageOfPage\":{\"@id\":\"https:\\\/\\\/www.accuratereviews.com\\\/it\\\/software-gestire-registrazioni-eventi\\\/sparxo-recensione\\\/#primaryimage\"},\"image\":{\"@id\":\"https:\\\/\\\/www.accuratereviews.com\\\/it\\\/software-gestire-registrazioni-eventi\\\/sparxo-recensione\\\/#primaryimage\"},\"thumbnailUrl\":\"https:\\\/\\\/www.accuratereviews.com\\\/wp-content\\\/uploads\\\/2022\\\/01\\\/sparxo.png\",\"datePublished\":\"2022-01-14T12:02:22+00:00\",\"description\":\"Sparxo: recensione soluzione biglietteria basata su cloud progettata per gestire registrazioni, coinvolgere clienti ed elaborare transazioni.\",\"breadcrumb\":{\"@id\":\"https:\\\/\\\/www.accuratereviews.com\\\/it\\\/software-gestire-registrazioni-eventi\\\/sparxo-recensione\\\/#breadcrumb\"},\"inLanguage\":\"it-IT\",\"potentialAction\":[{\"@type\":\"ReadAction\",\"target\":[\"https:\\\/\\\/www.accuratereviews.com\\\/it\\\/software-gestire-registrazioni-eventi\\\/sparxo-recensione\\\/\"]}]},{\"@type\":\"ImageObject\",\"inLanguage\":\"it-IT\",\"@id\":\"https:\\\/\\\/www.accuratereviews.com\\\/it\\\/software-gestire-registrazioni-eventi\\\/sparxo-recensione\\\/#primaryimage\",\"url\":\"https:\\\/\\\/www.accuratereviews.com\\\/wp-content\\\/uploads\\\/2022\\\/01\\\/sparxo.png\",\"contentUrl\":\"https:\\\/\\\/www.accuratereviews.com\\\/wp-content\\\/uploads\\\/2022\\\/01\\\/sparxo.png\",\"width\":611,\"height\":326},{\"@type\":\"BreadcrumbList\",\"@id\":\"https:\\\/\\\/www.accuratereviews.com\\\/it\\\/software-gestire-registrazioni-eventi\\\/sparxo-recensione\\\/#breadcrumb\",\"itemListElement\":[{\"@type\":\"ListItem\",\"position\":1,\"name\":\"Home\",\"item\":\"https:\\\/\\\/www.accuratereviews.com\\\/it\\\/\"},{\"@type\":\"ListItem\",\"position\":2,\"name\":\"Software per gestire le registrazioni agli eventi\",\"item\":\"https:\\\/\\\/www.accuratereviews.com\\\/it\\\/software-gestire-registrazioni-eventi\\\/\"},{\"@type\":\"ListItem\",\"position\":3,\"name\":\"Sparxo\"}]},{\"@type\":\"WebSite\",\"@id\":\"https:\\\/\\\/www.accuratereviews.com\\\/it\\\/#website\",\"url\":\"https:\\\/\\\/www.accuratereviews.com\\\/it\\\/\",\"name\":\"Accurate Reviews\",\"description\":\"\",\"potentialAction\":[{\"@type\":\"SearchAction\",\"target\":{\"@type\":\"EntryPoint\",\"urlTemplate\":\"https:\\\/\\\/www.accuratereviews.com\\\/it\\\/?s={search_term_string}\"},\"query-input\":{\"@type\":\"PropertyValueSpecification\",\"valueRequired\":true,\"valueName\":\"search_term_string\"}}],\"inLanguage\":\"it-IT\"}]}<\/script>\n<!-- \/ Yoast SEO plugin. -->","yoast_head_json":{"title":"Sparxo: recensione software per gestire le registrazioni a eventi","description":"Sparxo: recensione soluzione biglietteria basata su cloud progettata per gestire registrazioni, coinvolgere clienti ed elaborare transazioni.","robots":{"index":"index","follow":"follow","max-snippet":"max-snippet:-1","max-image-preview":"max-image-preview:large","max-video-preview":"max-video-preview:-1"},"canonical":"https:\/\/www.accuratereviews.com\/it\/software-gestire-registrazioni-eventi\/sparxo-recensione\/","og_locale":"it_IT","og_type":"article","og_title":"Sparxo: recensione software per gestire le registrazioni a eventi","og_description":"Sparxo: recensione soluzione biglietteria basata su cloud progettata per gestire registrazioni, coinvolgere clienti ed elaborare transazioni.","og_url":"https:\/\/www.accuratereviews.com\/it\/software-gestire-registrazioni-eventi\/sparxo-recensione\/","og_site_name":"Accurate Reviews","og_image":[{"width":611,"height":326,"url":"https:\/\/www.accuratereviews.com\/wp-content\/uploads\/2022\/01\/sparxo.png","type":"image\/png"}],"twitter_card":"summary_large_image","twitter_misc":{"Tempo di lettura stimato":"3 minuti"},"schema":{"@context":"https:\/\/schema.org","@graph":[{"@type":"WebPage","@id":"https:\/\/www.accuratereviews.com\/it\/software-gestire-registrazioni-eventi\/sparxo-recensione\/","url":"https:\/\/www.accuratereviews.com\/it\/software-gestire-registrazioni-eventi\/sparxo-recensione\/","name":"Sparxo: recensione software per gestire le registrazioni a eventi","isPartOf":{"@id":"https:\/\/www.accuratereviews.com\/it\/#website"},"primaryImageOfPage":{"@id":"https:\/\/www.accuratereviews.com\/it\/software-gestire-registrazioni-eventi\/sparxo-recensione\/#primaryimage"},"image":{"@id":"https:\/\/www.accuratereviews.com\/it\/software-gestire-registrazioni-eventi\/sparxo-recensione\/#primaryimage"},"thumbnailUrl":"https:\/\/www.accuratereviews.com\/wp-content\/uploads\/2022\/01\/sparxo.png","datePublished":"2022-01-14T12:02:22+00:00","description":"Sparxo: recensione soluzione biglietteria basata su cloud progettata per gestire registrazioni, coinvolgere clienti ed elaborare transazioni.","breadcrumb":{"@id":"https:\/\/www.accuratereviews.com\/it\/software-gestire-registrazioni-eventi\/sparxo-recensione\/#breadcrumb"},"inLanguage":"it-IT","potentialAction":[{"@type":"ReadAction","target":["https:\/\/www.accuratereviews.com\/it\/software-gestire-registrazioni-eventi\/sparxo-recensione\/"]}]},{"@type":"ImageObject","inLanguage":"it-IT","@id":"https:\/\/www.accuratereviews.com\/it\/software-gestire-registrazioni-eventi\/sparxo-recensione\/#primaryimage","url":"https:\/\/www.accuratereviews.com\/wp-content\/uploads\/2022\/01\/sparxo.png","contentUrl":"https:\/\/www.accuratereviews.com\/wp-content\/uploads\/2022\/01\/sparxo.png","width":611,"height":326},{"@type":"BreadcrumbList","@id":"https:\/\/www.accuratereviews.com\/it\/software-gestire-registrazioni-eventi\/sparxo-recensione\/#breadcrumb","itemListElement":[{"@type":"ListItem","position":1,"name":"Home","item":"https:\/\/www.accuratereviews.com\/it\/"},{"@type":"ListItem","position":2,"name":"Software per gestire le registrazioni agli eventi","item":"https:\/\/www.accuratereviews.com\/it\/software-gestire-registrazioni-eventi\/"},{"@type":"ListItem","position":3,"name":"Sparxo"}]},{"@type":"WebSite","@id":"https:\/\/www.accuratereviews.com\/it\/#website","url":"https:\/\/www.accuratereviews.com\/it\/","name":"Accurate Reviews","description":"","potentialAction":[{"@type":"SearchAction","target":{"@type":"EntryPoint","urlTemplate":"https:\/\/www.accuratereviews.com\/it\/?s={search_term_string}"},"query-input":{"@type":"PropertyValueSpecification","valueRequired":true,"valueName":"search_term_string"}}],"inLanguage":"it-IT"}]}},"_links":{"self":[{"href":"https:\/\/www.accuratereviews.com\/it\/wp-json\/wp\/v2\/pages\/52357","targetHints":{"allow":["GET"]}}],"collection":[{"href":"https:\/\/www.accuratereviews.com\/it\/wp-json\/wp\/v2\/pages"}],"about":[{"href":"https:\/\/www.accuratereviews.com\/it\/wp-json\/wp\/v2\/types\/page"}],"author":[{"embeddable":true,"href":"https:\/\/www.accuratereviews.com\/it\/wp-json\/wp\/v2\/users\/19"}],"replies":[{"embeddable":true,"href":"https:\/\/www.accuratereviews.com\/it\/wp-json\/wp\/v2\/comments?post=52357"}],"version-history":[{"count":10,"href":"https:\/\/www.accuratereviews.com\/it\/wp-json\/wp\/v2\/pages\/52357\/revisions"}],"predecessor-version":[{"id":52399,"href":"https:\/\/www.accuratereviews.com\/it\/wp-json\/wp\/v2\/pages\/52357\/revisions\/52399"}],"up":[{"embeddable":true,"href":"https:\/\/www.accuratereviews.com\/it\/wp-json\/wp\/v2\/pages\/51909"}],"wp:featuredmedia":[{"embeddable":true,"href":"https:\/\/www.accuratereviews.com\/it\/wp-json\/wp\/v2\/media\/52358"}],"wp:attachment":[{"href":"https:\/\/www.accuratereviews.com\/it\/wp-json\/wp\/v2\/media?parent=52357"}],"wp:term":[{"taxonomy":"category","embeddable":true,"href":"https:\/\/www.accuratereviews.com\/it\/wp-json\/wp\/v2\/categories?post=52357"},{"taxonomy":"post_tag","embeddable":true,"href":"https:\/\/www.accuratereviews.com\/it\/wp-json\/wp\/v2\/tags?post=52357"},{"taxonomy":"features","embeddable":true,"href":"https:\/\/www.accuratereviews.com\/it\/wp-json\/wp\/v2\/features?post=52357"}],"curies":[{"name":"wp","href":"https:\/\/api.w.org\/{rel}","templated":true}]}}