{"id":52413,"date":"2022-01-18T11:48:24","date_gmt":"2022-01-18T11:48:24","guid":{"rendered":"https:\/\/www.accuratereviews.com\/?page_id=52413"},"modified":"2022-01-19T15:49:12","modified_gmt":"2022-01-19T15:49:12","slug":"waitwhile-recensione","status":"publish","type":"page","link":"https:\/\/www.accuratereviews.com\/it\/software-gestire-registrazioni-eventi\/waitwhile-recensione\/","title":{"rendered":"Waitwhile"},"content":{"rendered":"<p><strong>Waitwhile<\/strong> \u00e8 un<strong>&#8216;applicazione per liste d&#8217;attesa<\/strong> online semplice, intuitiva e intelligente che mira a semplificare le operazioni di vari tipi di aziende e organizzazioni. Con questo programma, i manager e il loro personale saranno in grado di accogliere i loro clienti molto pi\u00f9 facilmente e offrire loro un&#8217;esperienza felice e senza interruzioni. La caratteristica principale di creare una lista d&#8217;attesa online che possono personalizzare ed eseguire su qualsiasi dispositivo. Una volta creata una lista d&#8217;attesa online \u00e8 possibile aggiungere ospiti, inviare notifiche a quelli in attesa quando si \u00e8 pronti a servirli e a configurare la lista aggiungendo servizi, beni, personale e persino il proprio logo aziendale. Con questa soluzione puoi anche generare analisi significative che consentono agli utenti di ottenere informazioni dettagliate su quanto tempo gli ospiti aspettano il loro turno, quali ore del giorno hanno pi\u00f9 clienti e in quali giorni il loro personale \u00e8 pi\u00f9 impegnato. Inoltre, l&#8217;app consente loro di raccogliere informazioni preziose sui propri clienti, ad esempio la frequenza con cui effettuano le visite e la loro fedelt\u00e0.<\/p>\n<h2>WAITWHILE &#8211; TUTORIAL<\/h2>\n<p>Una rapida introduzione alla potente lista d&#8217;attesa virtuale di <strong>Waitwhile<\/strong> e un nuovo modo per non fare la fila:<\/p>\n<div id=\"fluid-wrapper-counter-1\" class=\"g1-fluid-wrapper \" style=\"width:686px;\">\n<div style=\"padding-bottom:56.268221574344%;\"><iframe loading=\"lazy\" title=\"Waitwhile - Meet your Virtual Waitlist\" width=\"686\" height=\"386\" src=\"https:\/\/www.youtube.com\/embed\/hOblwhxYpBc?feature=oembed&amp;wmode=transparent&amp;autohide=1&amp;autoplay=0&amp;disablekb=0&amp;fs=1&amp;loop=0&amp;enablejsapi=1&amp;rel=0&amp;controls=2&amp;showinfo=0&amp;wmode=transparent&amp;autohide=2&amp;autoplay=0&amp;disablekb=0&amp;fs=1&amp;loop=0&amp;enablejsapi=1&amp;rel=0&amp;controls=2&amp;showinfo=1\" frameborder=\"0\" allow=\"accelerometer; autoplay; clipboard-write; encrypted-media; gyroscope; picture-in-picture\" allowfullscreen><\/iframe><\/div>\n<\/div>\n<h2>WAITWHILE &#8211; CARATTERISTICHE<\/h2>\n<ul>\n<li><strong>Molti modi per unirti alla tua lista d&#8217;attesa<\/strong>: consenti agli ospiti di unirsi a una linea virtuale in tempo reale o fissare un appuntamento per una data futura<\/li>\n<li><strong>Fornisci stime precise sui tempi di attesa<\/strong>: i tempi di attesa sono stimati utilizzando l&#8217;apprendimento automatico. Sono fatti su misura per la tua attivit\u00e0 unica, eliminando la possibilit\u00e0 di errore umano. Se qualcosa cambia, i preventivi vengono aggiornati in tempo reale e i tuoi ospiti vengono avvisati automaticamente.<\/li>\n<li><strong>Ottieni clienti puntuali<\/strong>: scegli quando ricordare agli ospiti il \u200b\u200bloro turno o l&#8217;appuntamento in arrivo inviando un sms, un&#8217;email o entrambi. Potrai dire loro cosa portare e qualsiasi altra informazione importante<\/li>\n<li><strong>Gestisce automaticamente la capacit\u00e0 e l&#8217;overflow<\/strong>: le funzionalit\u00e0 di gestione ti consentono di rimanere aggiornato sul numero di persone nella tua struttura, tenendo conto di chi entra e esce. Una volta raggiunta la capacit\u00e0 massima, i clienti verranno automaticamente indirizzati ad attendere in una linea virtuale<\/li>\n<li><strong>Riduci i tempi di attesa<\/strong>: visualizza i tempi di attesa suddivisi in base ai membri del tuo personale, alle ore di punta o ai servizi, quindi monitora automaticamente e ottieni aiuto per ridurre i tempi di attesa<\/li>\n<li><strong>Organizza la tua lista d&#8217;attesa<\/strong>: ordina, filtra e assegna la priorit\u00e0 agli ospiti VIP o in attesa di un particolare servizio, membro dello staff o tavolo. Scegli di apportare modifiche manualmente o di impostare regole e farlo automaticamente.<\/li>\n<li><strong>Mostra la tua lista d&#8217;attesa ovunque<\/strong>: puoi far apparire la tua lista d&#8217;attesa sul grande schermo o incorporarla direttamente nel tuo sito web o nella tua pagina Facebook affinch\u00e9 i clienti la vedano<\/li>\n<li><strong>Gestisci pi\u00f9 sedi<\/strong>: la dashboard semplifica la visualizzazione delle informazioni su una o pi\u00f9 posizioni.<\/li>\n<\/ul>\n<h4>LE RECENSIONI DEGLI UTENTI<\/h4>\n<p class=\"font-weight-bold mb-2\"><strong>Brett S.&#8221;Ottima combinazione per la pianificazione e la lista d&#8217;attesa&#8221;<\/strong><\/p>\n<p><span class=\"font-weight-bold\"><strong>Commenti<\/strong>:\u00a0<\/span>La nostra attivit\u00e0 soffrirebbe molto senza il software che fa quasi tutto ci\u00f2 di cui abbiamo bisogno.<\/p>\n<p class=\"font-weight-bold mb-2\"><strong>Pro<\/strong>: I testi di programmazione e promemoria. La vista e l&#8217;uso del back-end.<\/p>\n<p class=\"font-weight-bold mb-2\"><strong>Contro<\/strong>: A volte cercare appuntamenti futuri \u00e8 un po&#8217; pi\u00f9 difficile di quanto vorrei<\/p>\n<p class=\"font-weight-bold mb-2\"><strong>Luis B.&#8221;Ottimo sistema MA&#8221;<\/strong><\/p>\n<p><span class=\"font-weight-bold\"><strong>Commenti<\/strong>:\u00a0<\/span>Nel complesso la mia esperienza con esso \u00e8 stata ok. Perch\u00e9 per quanto sia facile lavorarci, \u00e8 altrettanto difficile e difficile affrontare i nuovi cambiamenti apportati dall&#8217;IT. Alcune volte mi sono pentito di passare a questo sistema. Sto ancora lottando per un sistema facile da usare, non mi ascoltano quando do loro un feedback<\/p>\n<p class=\"font-weight-bold mb-2\">\u00a0<strong>Pro<\/strong>: Mi \u00e8 piaciuto che tu sia facile da usare a meno che il gruppo it non decida di cambiare le cose al suo interno e rovina tutto<\/p>\n<p class=\"font-weight-bold mb-2\"><strong>Contro<\/strong>: Non ho mentito sul passaggio dalla V1 alla V2 Spostare e rilanciare gli URL non \u00e8 stato efficiente .. avrebbe dovuto essere pi\u00f9 facile correggere<\/p>\n<p class=\"font-weight-bold mb-2\"><strong>Patricia S.&#8221;Prenotazioni barbiere&#8221;<\/strong><\/p>\n<p><span class=\"font-weight-bold\"><strong>Commenti<\/strong>:\u00a0<\/span>Sinceramente lo adoro davvero! ci ha salvato durante la pandemia siamo stati un negozio unico per oltre 50 anni. Quando abbiamo riaperto le normative ci hanno costretto a cambiare e il passaggio agli appuntamenti con attesa ha funzionato abbastanza senza intoppi.<\/p>\n<p class=\"font-weight-bold mb-2\">\u00a0<strong>Pro<\/strong>: Facilit\u00e0 d&#8217;uso per i clienti di tutte le et\u00e0 che lo adorano. Il supporto in linea del personale per il proprietario \u00e8 ottimo<\/p>\n<p class=\"font-weight-bold mb-2\"><strong>Contro<\/strong>: Penso che possa consentire una maggiore personalizzazione per gli utenti e l&#8217;amministratore per aiutare nella creazione del marchio e nella facilit\u00e0 di utilizzo del calendario e delle combinazioni di colori<\/p>\n","protected":false},"excerpt":{"rendered":"<p>Waitwhile \u00e8 un&#8217;applicazione per liste d&#8217;attesa online semplice, intuitiva e intelligente che mira a semplificare le operazioni di vari tipi di aziende e organizzazioni. Con questo programma, i manager e il loro personale saranno in grado di accogliere i loro clienti molto pi\u00f9 facilmente e offrire loro un&#8217;esperienza felice e senza interruzioni.<\/p>\n","protected":false},"author":19,"featured_media":52414,"parent":51909,"menu_order":0,"comment_status":"open","ping_status":"closed","template":"g1_template_page_review_new.php","meta":{"_acf_changed":false,"cwp_meta_box_check":"Yes","cwp_rev_product_name":"","cwp_rev_product_image":"","wppr_links":[],"cwp_rev_price":"","wppr_options":[],"wppr_pros":[],"wppr_cons":[],"_monsterinsights_skip_tracking":false,"_monsterinsights_sitenote_active":false,"_monsterinsights_sitenote_note":"","_monsterinsights_sitenote_category":0,"footnotes":""},"categories":[11738],"tags":[11745,11743,11741,11740,11744,11846],"features":[],"class_list":{"0":"post-52413","1":"page","2":"type-page","3":"status-publish","4":"has-post-thumbnail","6":"category-software-gestire-registrazioni-eventi-categoria","7":"tag-piattaforma-per-gestire-le-registrazioni-agli-eventi","8":"tag-programma-per-gestire-le-registrazioni-agli-eventi","9":"tag-registrazione-eventi","10":"tag-software-per-gestire-le-registrazioni-agli-eventi","11":"tag-soluzione-per-gestire-le-registrazioni-agli-eventi","12":"tag-waitwhile"},"wppr_data":{"cwp_meta_box_check":"Yes","cwp_rev_product_name":"","cwp_rev_product_image":"","cwp_image_link":"image","cwp_rev_price":"","wppr_rating":"0.00"},"acf":[],"yoast_head":"<!-- This site is optimized with the Yoast SEO plugin v27.4 - https:\/\/yoast.com\/product\/yoast-seo-wordpress\/ -->\n<title>Waitwhile: recensione software per gestire le registrazioni a eventi<\/title>\n<meta name=\"description\" content=\"Waitwhile: recensione soluzione per liste d&#039;attesa online intuitiva e intelligente che mira a semplificare le operazioni delle aziende.\" \/>\n<meta name=\"robots\" content=\"index, follow, max-snippet:-1, max-image-preview:large, max-video-preview:-1\" \/>\n<link rel=\"canonical\" href=\"https:\/\/www.accuratereviews.com\/it\/software-gestire-registrazioni-eventi\/waitwhile-recensione\/\" \/>\n<meta property=\"og:locale\" content=\"it_IT\" \/>\n<meta property=\"og:type\" content=\"article\" \/>\n<meta property=\"og:title\" content=\"Waitwhile: recensione software per gestire le registrazioni a eventi\" \/>\n<meta property=\"og:description\" content=\"Waitwhile: recensione soluzione per liste d&#039;attesa online intuitiva e intelligente che mira a semplificare le operazioni delle aziende.\" \/>\n<meta property=\"og:url\" content=\"https:\/\/www.accuratereviews.com\/it\/software-gestire-registrazioni-eventi\/waitwhile-recensione\/\" \/>\n<meta property=\"og:site_name\" content=\"Accurate Reviews\" \/>\n<meta property=\"article:modified_time\" content=\"2022-01-19T15:49:12+00:00\" \/>\n<meta property=\"og:image\" content=\"https:\/\/www.accuratereviews.com\/wp-content\/uploads\/2022\/01\/waitwhile.png\" \/>\n\t<meta property=\"og:image:width\" content=\"600\" \/>\n\t<meta property=\"og:image:height\" content=\"315\" \/>\n\t<meta property=\"og:image:type\" content=\"image\/png\" \/>\n<meta name=\"twitter:card\" content=\"summary_large_image\" \/>\n<meta name=\"twitter:label1\" content=\"Tempo di lettura stimato\" \/>\n\t<meta name=\"twitter:data1\" content=\"4 minuti\" \/>\n<script type=\"application\/ld+json\" class=\"yoast-schema-graph\">{\"@context\":\"https:\\\/\\\/schema.org\",\"@graph\":[{\"@type\":\"WebPage\",\"@id\":\"https:\\\/\\\/www.accuratereviews.com\\\/it\\\/software-gestire-registrazioni-eventi\\\/waitwhile-recensione\\\/\",\"url\":\"https:\\\/\\\/www.accuratereviews.com\\\/it\\\/software-gestire-registrazioni-eventi\\\/waitwhile-recensione\\\/\",\"name\":\"Waitwhile: recensione software per gestire le registrazioni a eventi\",\"isPartOf\":{\"@id\":\"https:\\\/\\\/www.accuratereviews.com\\\/it\\\/#website\"},\"primaryImageOfPage\":{\"@id\":\"https:\\\/\\\/www.accuratereviews.com\\\/it\\\/software-gestire-registrazioni-eventi\\\/waitwhile-recensione\\\/#primaryimage\"},\"image\":{\"@id\":\"https:\\\/\\\/www.accuratereviews.com\\\/it\\\/software-gestire-registrazioni-eventi\\\/waitwhile-recensione\\\/#primaryimage\"},\"thumbnailUrl\":\"https:\\\/\\\/www.accuratereviews.com\\\/wp-content\\\/uploads\\\/2022\\\/01\\\/waitwhile.png\",\"datePublished\":\"2022-01-18T11:48:24+00:00\",\"dateModified\":\"2022-01-19T15:49:12+00:00\",\"description\":\"Waitwhile: recensione soluzione per liste d'attesa online intuitiva e intelligente che mira a semplificare le operazioni delle aziende.\",\"breadcrumb\":{\"@id\":\"https:\\\/\\\/www.accuratereviews.com\\\/it\\\/software-gestire-registrazioni-eventi\\\/waitwhile-recensione\\\/#breadcrumb\"},\"inLanguage\":\"it-IT\",\"potentialAction\":[{\"@type\":\"ReadAction\",\"target\":[\"https:\\\/\\\/www.accuratereviews.com\\\/it\\\/software-gestire-registrazioni-eventi\\\/waitwhile-recensione\\\/\"]}]},{\"@type\":\"ImageObject\",\"inLanguage\":\"it-IT\",\"@id\":\"https:\\\/\\\/www.accuratereviews.com\\\/it\\\/software-gestire-registrazioni-eventi\\\/waitwhile-recensione\\\/#primaryimage\",\"url\":\"https:\\\/\\\/www.accuratereviews.com\\\/wp-content\\\/uploads\\\/2022\\\/01\\\/waitwhile.png\",\"contentUrl\":\"https:\\\/\\\/www.accuratereviews.com\\\/wp-content\\\/uploads\\\/2022\\\/01\\\/waitwhile.png\",\"width\":600,\"height\":315},{\"@type\":\"BreadcrumbList\",\"@id\":\"https:\\\/\\\/www.accuratereviews.com\\\/it\\\/software-gestire-registrazioni-eventi\\\/waitwhile-recensione\\\/#breadcrumb\",\"itemListElement\":[{\"@type\":\"ListItem\",\"position\":1,\"name\":\"Home\",\"item\":\"https:\\\/\\\/www.accuratereviews.com\\\/it\\\/\"},{\"@type\":\"ListItem\",\"position\":2,\"name\":\"Software per gestire le registrazioni agli eventi\",\"item\":\"https:\\\/\\\/www.accuratereviews.com\\\/it\\\/software-gestire-registrazioni-eventi\\\/\"},{\"@type\":\"ListItem\",\"position\":3,\"name\":\"Waitwhile\"}]},{\"@type\":\"WebSite\",\"@id\":\"https:\\\/\\\/www.accuratereviews.com\\\/it\\\/#website\",\"url\":\"https:\\\/\\\/www.accuratereviews.com\\\/it\\\/\",\"name\":\"Accurate Reviews\",\"description\":\"\",\"potentialAction\":[{\"@type\":\"SearchAction\",\"target\":{\"@type\":\"EntryPoint\",\"urlTemplate\":\"https:\\\/\\\/www.accuratereviews.com\\\/it\\\/?s={search_term_string}\"},\"query-input\":{\"@type\":\"PropertyValueSpecification\",\"valueRequired\":true,\"valueName\":\"search_term_string\"}}],\"inLanguage\":\"it-IT\"}]}<\/script>\n<!-- \/ Yoast SEO plugin. -->","yoast_head_json":{"title":"Waitwhile: recensione software per gestire le registrazioni a eventi","description":"Waitwhile: recensione soluzione per liste d'attesa online intuitiva e intelligente che mira a semplificare le operazioni delle aziende.","robots":{"index":"index","follow":"follow","max-snippet":"max-snippet:-1","max-image-preview":"max-image-preview:large","max-video-preview":"max-video-preview:-1"},"canonical":"https:\/\/www.accuratereviews.com\/it\/software-gestire-registrazioni-eventi\/waitwhile-recensione\/","og_locale":"it_IT","og_type":"article","og_title":"Waitwhile: recensione software per gestire le registrazioni a eventi","og_description":"Waitwhile: recensione soluzione per liste d'attesa online intuitiva e intelligente che mira a semplificare le operazioni delle aziende.","og_url":"https:\/\/www.accuratereviews.com\/it\/software-gestire-registrazioni-eventi\/waitwhile-recensione\/","og_site_name":"Accurate Reviews","article_modified_time":"2022-01-19T15:49:12+00:00","og_image":[{"width":600,"height":315,"url":"https:\/\/www.accuratereviews.com\/wp-content\/uploads\/2022\/01\/waitwhile.png","type":"image\/png"}],"twitter_card":"summary_large_image","twitter_misc":{"Tempo di lettura stimato":"4 minuti"},"schema":{"@context":"https:\/\/schema.org","@graph":[{"@type":"WebPage","@id":"https:\/\/www.accuratereviews.com\/it\/software-gestire-registrazioni-eventi\/waitwhile-recensione\/","url":"https:\/\/www.accuratereviews.com\/it\/software-gestire-registrazioni-eventi\/waitwhile-recensione\/","name":"Waitwhile: recensione software per gestire le registrazioni a eventi","isPartOf":{"@id":"https:\/\/www.accuratereviews.com\/it\/#website"},"primaryImageOfPage":{"@id":"https:\/\/www.accuratereviews.com\/it\/software-gestire-registrazioni-eventi\/waitwhile-recensione\/#primaryimage"},"image":{"@id":"https:\/\/www.accuratereviews.com\/it\/software-gestire-registrazioni-eventi\/waitwhile-recensione\/#primaryimage"},"thumbnailUrl":"https:\/\/www.accuratereviews.com\/wp-content\/uploads\/2022\/01\/waitwhile.png","datePublished":"2022-01-18T11:48:24+00:00","dateModified":"2022-01-19T15:49:12+00:00","description":"Waitwhile: recensione soluzione per liste d'attesa online intuitiva e intelligente che mira a semplificare le operazioni delle aziende.","breadcrumb":{"@id":"https:\/\/www.accuratereviews.com\/it\/software-gestire-registrazioni-eventi\/waitwhile-recensione\/#breadcrumb"},"inLanguage":"it-IT","potentialAction":[{"@type":"ReadAction","target":["https:\/\/www.accuratereviews.com\/it\/software-gestire-registrazioni-eventi\/waitwhile-recensione\/"]}]},{"@type":"ImageObject","inLanguage":"it-IT","@id":"https:\/\/www.accuratereviews.com\/it\/software-gestire-registrazioni-eventi\/waitwhile-recensione\/#primaryimage","url":"https:\/\/www.accuratereviews.com\/wp-content\/uploads\/2022\/01\/waitwhile.png","contentUrl":"https:\/\/www.accuratereviews.com\/wp-content\/uploads\/2022\/01\/waitwhile.png","width":600,"height":315},{"@type":"BreadcrumbList","@id":"https:\/\/www.accuratereviews.com\/it\/software-gestire-registrazioni-eventi\/waitwhile-recensione\/#breadcrumb","itemListElement":[{"@type":"ListItem","position":1,"name":"Home","item":"https:\/\/www.accuratereviews.com\/it\/"},{"@type":"ListItem","position":2,"name":"Software per gestire le registrazioni agli eventi","item":"https:\/\/www.accuratereviews.com\/it\/software-gestire-registrazioni-eventi\/"},{"@type":"ListItem","position":3,"name":"Waitwhile"}]},{"@type":"WebSite","@id":"https:\/\/www.accuratereviews.com\/it\/#website","url":"https:\/\/www.accuratereviews.com\/it\/","name":"Accurate Reviews","description":"","potentialAction":[{"@type":"SearchAction","target":{"@type":"EntryPoint","urlTemplate":"https:\/\/www.accuratereviews.com\/it\/?s={search_term_string}"},"query-input":{"@type":"PropertyValueSpecification","valueRequired":true,"valueName":"search_term_string"}}],"inLanguage":"it-IT"}]}},"_links":{"self":[{"href":"https:\/\/www.accuratereviews.com\/it\/wp-json\/wp\/v2\/pages\/52413","targetHints":{"allow":["GET"]}}],"collection":[{"href":"https:\/\/www.accuratereviews.com\/it\/wp-json\/wp\/v2\/pages"}],"about":[{"href":"https:\/\/www.accuratereviews.com\/it\/wp-json\/wp\/v2\/types\/page"}],"author":[{"embeddable":true,"href":"https:\/\/www.accuratereviews.com\/it\/wp-json\/wp\/v2\/users\/19"}],"replies":[{"embeddable":true,"href":"https:\/\/www.accuratereviews.com\/it\/wp-json\/wp\/v2\/comments?post=52413"}],"version-history":[{"count":15,"href":"https:\/\/www.accuratereviews.com\/it\/wp-json\/wp\/v2\/pages\/52413\/revisions"}],"predecessor-version":[{"id":52704,"href":"https:\/\/www.accuratereviews.com\/it\/wp-json\/wp\/v2\/pages\/52413\/revisions\/52704"}],"up":[{"embeddable":true,"href":"https:\/\/www.accuratereviews.com\/it\/wp-json\/wp\/v2\/pages\/51909"}],"wp:featuredmedia":[{"embeddable":true,"href":"https:\/\/www.accuratereviews.com\/it\/wp-json\/wp\/v2\/media\/52414"}],"wp:attachment":[{"href":"https:\/\/www.accuratereviews.com\/it\/wp-json\/wp\/v2\/media?parent=52413"}],"wp:term":[{"taxonomy":"category","embeddable":true,"href":"https:\/\/www.accuratereviews.com\/it\/wp-json\/wp\/v2\/categories?post=52413"},{"taxonomy":"post_tag","embeddable":true,"href":"https:\/\/www.accuratereviews.com\/it\/wp-json\/wp\/v2\/tags?post=52413"},{"taxonomy":"features","embeddable":true,"href":"https:\/\/www.accuratereviews.com\/it\/wp-json\/wp\/v2\/features?post=52413"}],"curies":[{"name":"wp","href":"https:\/\/api.w.org\/{rel}","templated":true}]}}