{"id":52446,"date":"2022-01-17T15:51:29","date_gmt":"2022-01-17T15:51:29","guid":{"rendered":"https:\/\/www.accuratereviews.com\/?page_id=52446"},"modified":"2022-01-17T15:51:29","modified_gmt":"2022-01-17T15:51:29","slug":"nextme-recensione","status":"publish","type":"page","link":"https:\/\/www.accuratereviews.com\/it\/software-gestire-registrazioni-eventi\/nextme-recensione\/","title":{"rendered":"NextME"},"content":{"rendered":"<p><strong>NextME<\/strong> \u00e8 un <strong>software per gestire le registrazioni agli eventi<\/strong>, gli appuntamenti, le liste d&#8217;attesa, le code in tutti i settori: da quello automobilistico a quello sanitario a quello della ristorazione, della vendita al dettaglio e a molti altri ancora. Si tratta di un sistema semplice da usare che permette al personale di aggiungere dati sugli utenti 2 volte pi\u00f9 velocemente della concorrenza, offrendo quindi un servizio efficiente e, di conseguenza, un incremento delle entrate.<br \/>\n<strong>NextME<\/strong> ha l&#8217;obiettivo di coinvolgere maggiormente i clienti creando una vetrina online personalizzata e una sala d&#8217;attesa virtuale, funzionali per migliorare e dare maggiore visibilit\u00e0 al tuo ecommerce e alla tua attivit\u00e0 in generale.<\/p>\n<h2>NEXTME &#8211; TUTORIAL<\/h2>\n<div id=\"fluid-wrapper-counter-1\" class=\"g1-fluid-wrapper \" style=\"width:686px;\">\n<div style=\"padding-bottom:56.268221574344%;\"><iframe loading=\"lazy\" title=\"NextME Overview - The leading 1:1 Appointment Waitlist for Event Exhibitors\" width=\"515\" height=\"386\" src=\"https:\/\/www.youtube.com\/embed\/j-K3F0dYlJ0?feature=oembed&amp;wmode=transparent&amp;autohide=1&amp;autoplay=0&amp;disablekb=0&amp;fs=1&amp;loop=0&amp;enablejsapi=1&amp;rel=0&amp;controls=2&amp;showinfo=0&amp;wmode=transparent&amp;autohide=2&amp;autoplay=0&amp;disablekb=0&amp;fs=1&amp;loop=0&amp;enablejsapi=1&amp;rel=0&amp;controls=2&amp;showinfo=1\" frameborder=\"0\" allow=\"accelerometer; autoplay; clipboard-write; encrypted-media; gyroscope; picture-in-picture\" allowfullscreen><\/iframe><\/div>\n<\/div>\n<h3>NEXTME &#8211; CARATTERISTICHE<\/h3>\n<ul>\n<li><strong>Riconosci facilmente i visitatori abituali<\/strong>: \u00e8 in grado di riconoscere i clienti che ritornano e auto-popolare le loro informazioni, aiutando a velocizzare il servizio e a creare opportunit\u00e0 per premiare la fedelt\u00e0<\/li>\n<li><strong>Nessun lavoro extra per i clienti<\/strong>: tutto quello che i tuoi clienti devono fare \u00e8 fornire il loro numero di telefono<\/li>\n<li><strong>Sincronizzazione su pi\u00f9 dispositivi<\/strong>: aiuta il tuo staff a tenere traccia dei clienti in attesa da qualsiasi luogo con la sincronizzazione su pi\u00f9 dispositivi iOS<\/li>\n<li><strong>Prenota in anticipo<\/strong>: aggiungi facilmente prenotazioni\/appuntamenti futuri alla tua lista d&#8217;attesa<\/li>\n<li><strong>Self Check-in Kiosk<\/strong>: i tuoi ospiti possono facilmente fare il check-in e aggiungersi alla coda di persona o online<\/li>\n<li><strong>Integrazioni API<\/strong>: crea il tuo modulo di registrazione personalizzato per aggiungere gli ospiti in coda usando la tua app di fidelizzazione, il tuo sito web, il tuo sistema POS e altro ancora.<\/li>\n<\/ul>\n<h4>LE RECENSIONI DEGLI UTENTI<\/h4>\n<p><strong>Brian R. &#8220;Facile da usare&#8221;<\/strong><br \/>\nPRO: grande app, cos\u00ec facile da usare e ci vogliono circa 10min per formare un dipendente!<br \/>\nCONTRO: niente, tutto \u00e8 cos\u00ec facile. Raccomando a chiunque<\/p>\n<p><strong>Marti L. &#8220;NextMe \u00e8 un grande partner!<\/strong><br \/>\nPRO: amo la facilit\u00e0 d&#8217;uso di questo software. Lo usiamo per due eventi all&#8217;anno e non abbiamo sempre lo stesso personale che gestisce il software per noi. \u00c8 cos\u00ec semplice che rende la formazione facile per noi. NextMe \u00e8 anche molto bravo a recepire il feedback dei clienti e a implementare miglioramenti &#8211; apprezziamo molto questa collaborazione.<br \/>\nCONTRO: dobbiamo ancora aggiungere qualche altro paese internazionale per \u00a0inviare messaggi<\/p>\n<p><strong>Levi K. &#8220;Recensione&#8221;<\/strong><br \/>\nPRO: lo usiamo per le liste d&#8217;attesa e le prenotazioni.<br \/>\nCONTRO: non molto per ora. Useremo di pi\u00f9 di quello che avete da offrire quando saremo pi\u00f9 occupati e il nostro business pi\u00f9 annunciato.<\/p>\n","protected":false},"excerpt":{"rendered":"<p>NextME \u00e8 un software per gestire le registrazioni agli eventi, gli appuntamenti, le liste d&#8217;attesa, le code in tutti i settori: da quello automobilistico a quello sanitario a quello della ristorazione, della vendita al dettaglio e a molti altri ancora. Si tratta di un sistema semplice da usare che permette al personale di aggiungere dati sugli utenti 2 volte pi\u00f9 velocemente della concorrenza, offrendo quindi un servizio efficiente e, di conseguenza, un incremento delle entrate.\u00a0<\/p>\n","protected":false},"author":17,"featured_media":52448,"parent":51909,"menu_order":0,"comment_status":"open","ping_status":"closed","template":"g1_template_page_review_new.php","meta":{"_acf_changed":false,"cwp_meta_box_check":"No","cwp_rev_product_name":"","cwp_rev_product_image":"","wppr_links":[],"cwp_rev_price":"","wppr_options":[],"wppr_pros":[],"wppr_cons":[],"_monsterinsights_skip_tracking":false,"_monsterinsights_sitenote_active":false,"_monsterinsights_sitenote_note":"","_monsterinsights_sitenote_category":0,"footnotes":""},"categories":[11738],"tags":[11746,11836,11743,11741,11740,11744],"features":[],"class_list":{"0":"post-52446","1":"page","2":"type-page","3":"status-publish","4":"has-post-thumbnail","6":"category-software-gestire-registrazioni-eventi-categoria","7":"tag-gestire-le-registrazioni-agli-eventi","8":"tag-piattaforma-per-gestire-le-registrazioni-a-eventi","9":"tag-programma-per-gestire-le-registrazioni-agli-eventi","10":"tag-registrazione-eventi","11":"tag-software-per-gestire-le-registrazioni-agli-eventi","12":"tag-soluzione-per-gestire-le-registrazioni-agli-eventi"},"wppr_data":{"cwp_meta_box_check":"No"},"acf":[],"yoast_head":"<!-- This site is optimized with the Yoast SEO plugin v27.4 - https:\/\/yoast.com\/product\/yoast-seo-wordpress\/ -->\n<title>NextME: recensione software registrazione eventi - Accurate Reviews<\/title>\n<meta name=\"description\" content=\"NextME: recensione del software per gestire le registrazioni agli eventi, gli appuntamenti, le liste d&#039;attesa, le code in tutti i settori.\" \/>\n<meta name=\"robots\" content=\"index, follow, max-snippet:-1, max-image-preview:large, max-video-preview:-1\" \/>\n<link rel=\"canonical\" href=\"https:\/\/www.accuratereviews.com\/it\/software-gestire-registrazioni-eventi\/nextme-recensione\/\" \/>\n<meta property=\"og:locale\" content=\"it_IT\" \/>\n<meta property=\"og:type\" content=\"article\" \/>\n<meta property=\"og:title\" content=\"NextME: recensione software registrazione eventi - Accurate Reviews\" \/>\n<meta property=\"og:description\" content=\"NextME: recensione del software per gestire le registrazioni agli eventi, gli appuntamenti, le liste d&#039;attesa, le code in tutti i settori.\" \/>\n<meta property=\"og:url\" content=\"https:\/\/www.accuratereviews.com\/it\/software-gestire-registrazioni-eventi\/nextme-recensione\/\" \/>\n<meta property=\"og:site_name\" content=\"Accurate Reviews\" \/>\n<meta property=\"og:image\" content=\"https:\/\/www.accuratereviews.com\/wp-content\/uploads\/2022\/01\/nextme.png\" \/>\n\t<meta property=\"og:image:width\" content=\"600\" \/>\n\t<meta property=\"og:image:height\" content=\"315\" \/>\n\t<meta property=\"og:image:type\" content=\"image\/png\" \/>\n<meta name=\"twitter:card\" content=\"summary_large_image\" \/>\n<meta name=\"twitter:label1\" content=\"Tempo di lettura stimato\" \/>\n\t<meta name=\"twitter:data1\" content=\"3 minuti\" \/>\n<script type=\"application\/ld+json\" class=\"yoast-schema-graph\">{\"@context\":\"https:\\\/\\\/schema.org\",\"@graph\":[{\"@type\":\"WebPage\",\"@id\":\"https:\\\/\\\/www.accuratereviews.com\\\/it\\\/software-gestire-registrazioni-eventi\\\/nextme-recensione\\\/\",\"url\":\"https:\\\/\\\/www.accuratereviews.com\\\/it\\\/software-gestire-registrazioni-eventi\\\/nextme-recensione\\\/\",\"name\":\"NextME: recensione software registrazione eventi - Accurate Reviews\",\"isPartOf\":{\"@id\":\"https:\\\/\\\/www.accuratereviews.com\\\/it\\\/#website\"},\"primaryImageOfPage\":{\"@id\":\"https:\\\/\\\/www.accuratereviews.com\\\/it\\\/software-gestire-registrazioni-eventi\\\/nextme-recensione\\\/#primaryimage\"},\"image\":{\"@id\":\"https:\\\/\\\/www.accuratereviews.com\\\/it\\\/software-gestire-registrazioni-eventi\\\/nextme-recensione\\\/#primaryimage\"},\"thumbnailUrl\":\"https:\\\/\\\/www.accuratereviews.com\\\/wp-content\\\/uploads\\\/2022\\\/01\\\/nextme.png\",\"datePublished\":\"2022-01-17T15:51:29+00:00\",\"description\":\"NextME: recensione del software per gestire le registrazioni agli eventi, gli appuntamenti, le liste d'attesa, le code in tutti i settori.\",\"breadcrumb\":{\"@id\":\"https:\\\/\\\/www.accuratereviews.com\\\/it\\\/software-gestire-registrazioni-eventi\\\/nextme-recensione\\\/#breadcrumb\"},\"inLanguage\":\"it-IT\",\"potentialAction\":[{\"@type\":\"ReadAction\",\"target\":[\"https:\\\/\\\/www.accuratereviews.com\\\/it\\\/software-gestire-registrazioni-eventi\\\/nextme-recensione\\\/\"]}]},{\"@type\":\"ImageObject\",\"inLanguage\":\"it-IT\",\"@id\":\"https:\\\/\\\/www.accuratereviews.com\\\/it\\\/software-gestire-registrazioni-eventi\\\/nextme-recensione\\\/#primaryimage\",\"url\":\"https:\\\/\\\/www.accuratereviews.com\\\/wp-content\\\/uploads\\\/2022\\\/01\\\/nextme.png\",\"contentUrl\":\"https:\\\/\\\/www.accuratereviews.com\\\/wp-content\\\/uploads\\\/2022\\\/01\\\/nextme.png\",\"width\":600,\"height\":315},{\"@type\":\"BreadcrumbList\",\"@id\":\"https:\\\/\\\/www.accuratereviews.com\\\/it\\\/software-gestire-registrazioni-eventi\\\/nextme-recensione\\\/#breadcrumb\",\"itemListElement\":[{\"@type\":\"ListItem\",\"position\":1,\"name\":\"Home\",\"item\":\"https:\\\/\\\/www.accuratereviews.com\\\/it\\\/\"},{\"@type\":\"ListItem\",\"position\":2,\"name\":\"Software per gestire le registrazioni agli eventi\",\"item\":\"https:\\\/\\\/www.accuratereviews.com\\\/it\\\/software-gestire-registrazioni-eventi\\\/\"},{\"@type\":\"ListItem\",\"position\":3,\"name\":\"NextME\"}]},{\"@type\":\"WebSite\",\"@id\":\"https:\\\/\\\/www.accuratereviews.com\\\/it\\\/#website\",\"url\":\"https:\\\/\\\/www.accuratereviews.com\\\/it\\\/\",\"name\":\"Accurate Reviews\",\"description\":\"\",\"potentialAction\":[{\"@type\":\"SearchAction\",\"target\":{\"@type\":\"EntryPoint\",\"urlTemplate\":\"https:\\\/\\\/www.accuratereviews.com\\\/it\\\/?s={search_term_string}\"},\"query-input\":{\"@type\":\"PropertyValueSpecification\",\"valueRequired\":true,\"valueName\":\"search_term_string\"}}],\"inLanguage\":\"it-IT\"}]}<\/script>\n<!-- \/ Yoast SEO plugin. -->","yoast_head_json":{"title":"NextME: recensione software registrazione eventi - Accurate Reviews","description":"NextME: recensione del software per gestire le registrazioni agli eventi, gli appuntamenti, le liste d'attesa, le code in tutti i settori.","robots":{"index":"index","follow":"follow","max-snippet":"max-snippet:-1","max-image-preview":"max-image-preview:large","max-video-preview":"max-video-preview:-1"},"canonical":"https:\/\/www.accuratereviews.com\/it\/software-gestire-registrazioni-eventi\/nextme-recensione\/","og_locale":"it_IT","og_type":"article","og_title":"NextME: recensione software registrazione eventi - Accurate Reviews","og_description":"NextME: recensione del software per gestire le registrazioni agli eventi, gli appuntamenti, le liste d'attesa, le code in tutti i settori.","og_url":"https:\/\/www.accuratereviews.com\/it\/software-gestire-registrazioni-eventi\/nextme-recensione\/","og_site_name":"Accurate Reviews","og_image":[{"width":600,"height":315,"url":"https:\/\/www.accuratereviews.com\/wp-content\/uploads\/2022\/01\/nextme.png","type":"image\/png"}],"twitter_card":"summary_large_image","twitter_misc":{"Tempo di lettura stimato":"3 minuti"},"schema":{"@context":"https:\/\/schema.org","@graph":[{"@type":"WebPage","@id":"https:\/\/www.accuratereviews.com\/it\/software-gestire-registrazioni-eventi\/nextme-recensione\/","url":"https:\/\/www.accuratereviews.com\/it\/software-gestire-registrazioni-eventi\/nextme-recensione\/","name":"NextME: recensione software registrazione eventi - Accurate Reviews","isPartOf":{"@id":"https:\/\/www.accuratereviews.com\/it\/#website"},"primaryImageOfPage":{"@id":"https:\/\/www.accuratereviews.com\/it\/software-gestire-registrazioni-eventi\/nextme-recensione\/#primaryimage"},"image":{"@id":"https:\/\/www.accuratereviews.com\/it\/software-gestire-registrazioni-eventi\/nextme-recensione\/#primaryimage"},"thumbnailUrl":"https:\/\/www.accuratereviews.com\/wp-content\/uploads\/2022\/01\/nextme.png","datePublished":"2022-01-17T15:51:29+00:00","description":"NextME: recensione del software per gestire le registrazioni agli eventi, gli appuntamenti, le liste d'attesa, le code in tutti i settori.","breadcrumb":{"@id":"https:\/\/www.accuratereviews.com\/it\/software-gestire-registrazioni-eventi\/nextme-recensione\/#breadcrumb"},"inLanguage":"it-IT","potentialAction":[{"@type":"ReadAction","target":["https:\/\/www.accuratereviews.com\/it\/software-gestire-registrazioni-eventi\/nextme-recensione\/"]}]},{"@type":"ImageObject","inLanguage":"it-IT","@id":"https:\/\/www.accuratereviews.com\/it\/software-gestire-registrazioni-eventi\/nextme-recensione\/#primaryimage","url":"https:\/\/www.accuratereviews.com\/wp-content\/uploads\/2022\/01\/nextme.png","contentUrl":"https:\/\/www.accuratereviews.com\/wp-content\/uploads\/2022\/01\/nextme.png","width":600,"height":315},{"@type":"BreadcrumbList","@id":"https:\/\/www.accuratereviews.com\/it\/software-gestire-registrazioni-eventi\/nextme-recensione\/#breadcrumb","itemListElement":[{"@type":"ListItem","position":1,"name":"Home","item":"https:\/\/www.accuratereviews.com\/it\/"},{"@type":"ListItem","position":2,"name":"Software per gestire le registrazioni agli eventi","item":"https:\/\/www.accuratereviews.com\/it\/software-gestire-registrazioni-eventi\/"},{"@type":"ListItem","position":3,"name":"NextME"}]},{"@type":"WebSite","@id":"https:\/\/www.accuratereviews.com\/it\/#website","url":"https:\/\/www.accuratereviews.com\/it\/","name":"Accurate Reviews","description":"","potentialAction":[{"@type":"SearchAction","target":{"@type":"EntryPoint","urlTemplate":"https:\/\/www.accuratereviews.com\/it\/?s={search_term_string}"},"query-input":{"@type":"PropertyValueSpecification","valueRequired":true,"valueName":"search_term_string"}}],"inLanguage":"it-IT"}]}},"_links":{"self":[{"href":"https:\/\/www.accuratereviews.com\/it\/wp-json\/wp\/v2\/pages\/52446","targetHints":{"allow":["GET"]}}],"collection":[{"href":"https:\/\/www.accuratereviews.com\/it\/wp-json\/wp\/v2\/pages"}],"about":[{"href":"https:\/\/www.accuratereviews.com\/it\/wp-json\/wp\/v2\/types\/page"}],"author":[{"embeddable":true,"href":"https:\/\/www.accuratereviews.com\/it\/wp-json\/wp\/v2\/users\/17"}],"replies":[{"embeddable":true,"href":"https:\/\/www.accuratereviews.com\/it\/wp-json\/wp\/v2\/comments?post=52446"}],"version-history":[{"count":7,"href":"https:\/\/www.accuratereviews.com\/it\/wp-json\/wp\/v2\/pages\/52446\/revisions"}],"predecessor-version":[{"id":52466,"href":"https:\/\/www.accuratereviews.com\/it\/wp-json\/wp\/v2\/pages\/52446\/revisions\/52466"}],"up":[{"embeddable":true,"href":"https:\/\/www.accuratereviews.com\/it\/wp-json\/wp\/v2\/pages\/51909"}],"wp:featuredmedia":[{"embeddable":true,"href":"https:\/\/www.accuratereviews.com\/it\/wp-json\/wp\/v2\/media\/52448"}],"wp:attachment":[{"href":"https:\/\/www.accuratereviews.com\/it\/wp-json\/wp\/v2\/media?parent=52446"}],"wp:term":[{"taxonomy":"category","embeddable":true,"href":"https:\/\/www.accuratereviews.com\/it\/wp-json\/wp\/v2\/categories?post=52446"},{"taxonomy":"post_tag","embeddable":true,"href":"https:\/\/www.accuratereviews.com\/it\/wp-json\/wp\/v2\/tags?post=52446"},{"taxonomy":"features","embeddable":true,"href":"https:\/\/www.accuratereviews.com\/it\/wp-json\/wp\/v2\/features?post=52446"}],"curies":[{"name":"wp","href":"https:\/\/api.w.org\/{rel}","templated":true}]}}