{"id":52480,"date":"2022-01-18T11:50:56","date_gmt":"2022-01-18T11:50:56","guid":{"rendered":"https:\/\/www.accuratereviews.com\/?page_id=52480"},"modified":"2022-01-18T18:22:21","modified_gmt":"2022-01-18T18:22:21","slug":"swoogo-recensione","status":"publish","type":"page","link":"https:\/\/www.accuratereviews.com\/it\/software-gestire-registrazioni-eventi\/swoogo-recensione\/","title":{"rendered":"Swoogo"},"content":{"rendered":"<p><strong>Swoogo<\/strong> \u00e8 un <strong>software per gestire le registrazioni agli eventi<\/strong>, funzionale per gestori di eventi e aziende di marketing che si occupano di eventi di qualsiasi tipo: virtuali, ibridi ecc&#8230; Permette inoltre di creare in pochi passi un sito web utilizzando strumenti semplici con drag-and-drop o incorporando il tuo codice HTML. In quello modo potrai offrire un&#8217;esperienza utente completa ed efficace che render\u00e0 le campagne marketing ancora pi\u00f9 intelligenti, in grado di raggiungere e coinvolgere un pubblico pi\u00f9 ampio.<br \/>\nCon <strong>Swoogo<\/strong> diventa tutto pi\u00f9 semplice: crea esperienze su misura per ogni tipo di partecipante, ottieni report accurati degli eventi e tieni traccia di tutto ci\u00f2 che ti interessa.<\/p>\n<h2>SWOOGO &#8211; TUTORIAL<\/h2>\n<p>Ecco come funziona:<\/p>\n<div id=\"fluid-wrapper-counter-1\" class=\"g1-fluid-wrapper \" style=\"width:686px;\">\n<div style=\"padding-bottom:56.268221574344%;\"><iframe loading=\"lazy\" title=\"Swoogo\" width=\"686\" height=\"386\" src=\"https:\/\/www.youtube.com\/embed\/Q3vJoE3Cwcs?feature=oembed&amp;wmode=transparent&amp;autohide=1&amp;autoplay=0&amp;disablekb=0&amp;fs=1&amp;loop=0&amp;enablejsapi=1&amp;rel=0&amp;controls=2&amp;showinfo=0&amp;wmode=transparent&amp;autohide=2&amp;autoplay=0&amp;disablekb=0&amp;fs=1&amp;loop=0&amp;enablejsapi=1&amp;rel=0&amp;controls=2&amp;showinfo=1\" frameborder=\"0\" allow=\"accelerometer; autoplay; clipboard-write; encrypted-media; gyroscope; picture-in-picture\" allowfullscreen><\/iframe><\/div>\n<\/div>\n<h3>SWOOGO &#8211; CARATTERISTICHE<\/h3>\n<ul>\n<li><strong>Registrazione<\/strong>: crea un numero illimitato di percorsi di registrazione personalizzati in un singolo evento con il semplicissimo builder di moduli drag-and-drog<\/li>\n<li><strong>Hub virtuale dell&#8217;evento<\/strong>: ospita le informazioni dell&#8217;evento, i contenuti, gli sponsor e le opportunit\u00e0 di networking in un unico bellissimo hub virtuale con il nostro marchio<\/li>\n<li><strong>Sistema di analisi<\/strong>: sapere che il tuo pubblico \u00e8 coinvolto nel tuo evento \u00e8 fantastico, sapere chi \u00e8 coinvolto in cosa \u00e8 meglio. Attiva Swoogo Analytics per un&#8217;insuperabile comprensione dell&#8217;attivit\u00e0 dei partecipanti<\/li>\n<li><strong>Marketing dell&#8217;evento<\/strong>: dalle landing page alle comunicazioni dell&#8217;evento, il marketing del tuo evento \u00e8 semplice come il drag-and-drop (o portando il tuo html)<\/li>\n<li><strong>30+ integrazioni gratuite<\/strong>: puoi integrarlo con HubSpot, Zoom, Pigeonhole, Marketo, Salesforce e molti altri.<\/li>\n<\/ul>\n<h4>LE RECENSIONI DEGLI UTENTI<\/h4>\n<p><strong>Pam W. &#8220;Swoogo ha una grande funzionalit\u00e0&#8221;<\/strong><br \/>\nCOMMENTI: amo Swoogo. Esiste una linea 800 da chiamare quando hai bisogno di aiuto con qualsiasi problema. La chat non \u00e8 sempre aperta e quando sei nel processo di registrazione di un membro non hai il tempo di aspettare un messaggio di ritorno per andare avanti.<br \/>\nPRO: questo software \u00e8 stato uno dei pochi che ho usato in questi anni e ha tutte le funzioni necessarie per la mia organizzazione.<\/p>\n<p><strong>Ryan A. &#8220;Sono passato a Swoogo e non mi guarderei indietro&#8221;<\/strong><br \/>\nCOMMENTI: abbiamo dovuto cambiare il software di gestione degli eventi\/registrazioni l&#8217;anno scorso, e uno dei nostri fornitori ci ha raccomandato Swoogo &#8211; cavolo, siamo felici di averlo fatto! \u00c8 super facile da usare, flessibile e facile da aggiornare. Amiamo anche il loro schema di prezzi; essendo un evento religioso senza scopo di lucro, \u00e8 bello pagare per ogni evento, invece di essere spremuti su ogni singola registrazione. Amo il prodotto e spero di usarlo per gli anni a venire!<br \/>\nPRO: facilit\u00e0 d&#8217;uso; Molto adattabile e configurabile alle tue esigenze<\/p>\n<p><strong>George D. &#8220;Swoogo mi fa impazzire!<\/strong><br \/>\nPRO: \u00e8 cos\u00ec divertente da usare! Tutto \u00e8 organizzato proprio di fronte a te. Per alcuni eventi di lavoro, usiamo Swoogo e lo rende super facile. Possiamo facilmente aggiornare i partecipanti, inviare nuovamente le email di conferma, comunicare con i partecipanti. Molto impressionante!<br \/>\nCONTRO: ho avuto dei problemi con il programma, ma succede molto molto raramente. A parte questo, non ho assolutamente lamentele.<\/p>\n","protected":false},"excerpt":{"rendered":"<p>Swoogo \u00e8 un software per gestire le registrazioni agli eventi, funzionale per gestori di eventi e aziende di marketing che si occupano di eventi di qualsiasi tipo: virtuali, ibridi ecc. Inoltre permette di creare in pochi passi un sito web utilizzando strumenti semplici con drag-and-drop o incorporando il tuo codice HTML.<\/p>\n","protected":false},"author":17,"featured_media":52481,"parent":51909,"menu_order":0,"comment_status":"open","ping_status":"closed","template":"g1_template_page_review_new.php","meta":{"_acf_changed":false,"cwp_meta_box_check":"No","cwp_rev_product_name":"","cwp_rev_product_image":"","wppr_links":[],"cwp_rev_price":"","wppr_options":[],"wppr_pros":[],"wppr_cons":[],"_monsterinsights_skip_tracking":false,"_monsterinsights_sitenote_active":false,"_monsterinsights_sitenote_note":"","_monsterinsights_sitenote_category":0,"footnotes":""},"categories":[11738],"tags":[11746,11836,11835,11741,11740,11744],"features":[],"class_list":{"0":"post-52480","1":"page","2":"type-page","3":"status-publish","4":"has-post-thumbnail","6":"category-software-gestire-registrazioni-eventi-categoria","7":"tag-gestire-le-registrazioni-agli-eventi","8":"tag-piattaforma-per-gestire-le-registrazioni-a-eventi","9":"tag-programma-per-gestire-le-registrazioni-a-eventi","10":"tag-registrazione-eventi","11":"tag-software-per-gestire-le-registrazioni-agli-eventi","12":"tag-soluzione-per-gestire-le-registrazioni-agli-eventi"},"wppr_data":{"cwp_meta_box_check":"No"},"acf":[],"yoast_head":"<!-- This site is optimized with the Yoast SEO plugin v27.4 - https:\/\/yoast.com\/product\/yoast-seo-wordpress\/ -->\n<title>Swoogo: recensione software registrazione eventi - Accurate Reviews<\/title>\n<meta name=\"description\" content=\"Swoogo: recensione del software per gestire le registrazioni agli eventi, funzionale per gestori di eventi e aziende di marketing.\" \/>\n<meta name=\"robots\" content=\"index, follow, max-snippet:-1, max-image-preview:large, max-video-preview:-1\" \/>\n<link rel=\"canonical\" href=\"https:\/\/www.accuratereviews.com\/it\/software-gestire-registrazioni-eventi\/swoogo-recensione\/\" \/>\n<meta property=\"og:locale\" content=\"it_IT\" \/>\n<meta property=\"og:type\" content=\"article\" \/>\n<meta property=\"og:title\" content=\"Swoogo: recensione software registrazione eventi - Accurate Reviews\" \/>\n<meta property=\"og:description\" content=\"Swoogo: recensione del software per gestire le registrazioni agli eventi, funzionale per gestori di eventi e aziende di marketing.\" \/>\n<meta property=\"og:url\" content=\"https:\/\/www.accuratereviews.com\/it\/software-gestire-registrazioni-eventi\/swoogo-recensione\/\" \/>\n<meta property=\"og:site_name\" content=\"Accurate Reviews\" \/>\n<meta property=\"article:modified_time\" content=\"2022-01-18T18:22:21+00:00\" \/>\n<meta property=\"og:image\" content=\"https:\/\/www.accuratereviews.com\/wp-content\/uploads\/2022\/01\/Swoogo_FullLogo_Small2.png\" \/>\n\t<meta property=\"og:image:width\" content=\"510\" \/>\n\t<meta property=\"og:image:height\" content=\"200\" \/>\n\t<meta property=\"og:image:type\" content=\"image\/png\" \/>\n<meta name=\"twitter:card\" content=\"summary_large_image\" \/>\n<meta name=\"twitter:label1\" content=\"Tempo di lettura stimato\" \/>\n\t<meta name=\"twitter:data1\" content=\"3 minuti\" \/>\n<script type=\"application\/ld+json\" class=\"yoast-schema-graph\">{\"@context\":\"https:\\\/\\\/schema.org\",\"@graph\":[{\"@type\":\"WebPage\",\"@id\":\"https:\\\/\\\/www.accuratereviews.com\\\/it\\\/software-gestire-registrazioni-eventi\\\/swoogo-recensione\\\/\",\"url\":\"https:\\\/\\\/www.accuratereviews.com\\\/it\\\/software-gestire-registrazioni-eventi\\\/swoogo-recensione\\\/\",\"name\":\"Swoogo: recensione software registrazione eventi - Accurate Reviews\",\"isPartOf\":{\"@id\":\"https:\\\/\\\/www.accuratereviews.com\\\/it\\\/#website\"},\"primaryImageOfPage\":{\"@id\":\"https:\\\/\\\/www.accuratereviews.com\\\/it\\\/software-gestire-registrazioni-eventi\\\/swoogo-recensione\\\/#primaryimage\"},\"image\":{\"@id\":\"https:\\\/\\\/www.accuratereviews.com\\\/it\\\/software-gestire-registrazioni-eventi\\\/swoogo-recensione\\\/#primaryimage\"},\"thumbnailUrl\":\"https:\\\/\\\/www.accuratereviews.com\\\/wp-content\\\/uploads\\\/2022\\\/01\\\/Swoogo_FullLogo_Small2.png\",\"datePublished\":\"2022-01-18T11:50:56+00:00\",\"dateModified\":\"2022-01-18T18:22:21+00:00\",\"description\":\"Swoogo: recensione del software per gestire le registrazioni agli eventi, funzionale per gestori di eventi e aziende di marketing.\",\"breadcrumb\":{\"@id\":\"https:\\\/\\\/www.accuratereviews.com\\\/it\\\/software-gestire-registrazioni-eventi\\\/swoogo-recensione\\\/#breadcrumb\"},\"inLanguage\":\"it-IT\",\"potentialAction\":[{\"@type\":\"ReadAction\",\"target\":[\"https:\\\/\\\/www.accuratereviews.com\\\/it\\\/software-gestire-registrazioni-eventi\\\/swoogo-recensione\\\/\"]}]},{\"@type\":\"ImageObject\",\"inLanguage\":\"it-IT\",\"@id\":\"https:\\\/\\\/www.accuratereviews.com\\\/it\\\/software-gestire-registrazioni-eventi\\\/swoogo-recensione\\\/#primaryimage\",\"url\":\"https:\\\/\\\/www.accuratereviews.com\\\/wp-content\\\/uploads\\\/2022\\\/01\\\/Swoogo_FullLogo_Small2.png\",\"contentUrl\":\"https:\\\/\\\/www.accuratereviews.com\\\/wp-content\\\/uploads\\\/2022\\\/01\\\/Swoogo_FullLogo_Small2.png\",\"width\":510,\"height\":200},{\"@type\":\"BreadcrumbList\",\"@id\":\"https:\\\/\\\/www.accuratereviews.com\\\/it\\\/software-gestire-registrazioni-eventi\\\/swoogo-recensione\\\/#breadcrumb\",\"itemListElement\":[{\"@type\":\"ListItem\",\"position\":1,\"name\":\"Home\",\"item\":\"https:\\\/\\\/www.accuratereviews.com\\\/it\\\/\"},{\"@type\":\"ListItem\",\"position\":2,\"name\":\"Software per gestire le registrazioni agli eventi\",\"item\":\"https:\\\/\\\/www.accuratereviews.com\\\/it\\\/software-gestire-registrazioni-eventi\\\/\"},{\"@type\":\"ListItem\",\"position\":3,\"name\":\"Swoogo\"}]},{\"@type\":\"WebSite\",\"@id\":\"https:\\\/\\\/www.accuratereviews.com\\\/it\\\/#website\",\"url\":\"https:\\\/\\\/www.accuratereviews.com\\\/it\\\/\",\"name\":\"Accurate Reviews\",\"description\":\"\",\"potentialAction\":[{\"@type\":\"SearchAction\",\"target\":{\"@type\":\"EntryPoint\",\"urlTemplate\":\"https:\\\/\\\/www.accuratereviews.com\\\/it\\\/?s={search_term_string}\"},\"query-input\":{\"@type\":\"PropertyValueSpecification\",\"valueRequired\":true,\"valueName\":\"search_term_string\"}}],\"inLanguage\":\"it-IT\"}]}<\/script>\n<!-- \/ Yoast SEO plugin. -->","yoast_head_json":{"title":"Swoogo: recensione software registrazione eventi - Accurate Reviews","description":"Swoogo: recensione del software per gestire le registrazioni agli eventi, funzionale per gestori di eventi e aziende di marketing.","robots":{"index":"index","follow":"follow","max-snippet":"max-snippet:-1","max-image-preview":"max-image-preview:large","max-video-preview":"max-video-preview:-1"},"canonical":"https:\/\/www.accuratereviews.com\/it\/software-gestire-registrazioni-eventi\/swoogo-recensione\/","og_locale":"it_IT","og_type":"article","og_title":"Swoogo: recensione software registrazione eventi - Accurate Reviews","og_description":"Swoogo: recensione del software per gestire le registrazioni agli eventi, funzionale per gestori di eventi e aziende di marketing.","og_url":"https:\/\/www.accuratereviews.com\/it\/software-gestire-registrazioni-eventi\/swoogo-recensione\/","og_site_name":"Accurate Reviews","article_modified_time":"2022-01-18T18:22:21+00:00","og_image":[{"width":510,"height":200,"url":"https:\/\/www.accuratereviews.com\/wp-content\/uploads\/2022\/01\/Swoogo_FullLogo_Small2.png","type":"image\/png"}],"twitter_card":"summary_large_image","twitter_misc":{"Tempo di lettura stimato":"3 minuti"},"schema":{"@context":"https:\/\/schema.org","@graph":[{"@type":"WebPage","@id":"https:\/\/www.accuratereviews.com\/it\/software-gestire-registrazioni-eventi\/swoogo-recensione\/","url":"https:\/\/www.accuratereviews.com\/it\/software-gestire-registrazioni-eventi\/swoogo-recensione\/","name":"Swoogo: recensione software registrazione eventi - Accurate Reviews","isPartOf":{"@id":"https:\/\/www.accuratereviews.com\/it\/#website"},"primaryImageOfPage":{"@id":"https:\/\/www.accuratereviews.com\/it\/software-gestire-registrazioni-eventi\/swoogo-recensione\/#primaryimage"},"image":{"@id":"https:\/\/www.accuratereviews.com\/it\/software-gestire-registrazioni-eventi\/swoogo-recensione\/#primaryimage"},"thumbnailUrl":"https:\/\/www.accuratereviews.com\/wp-content\/uploads\/2022\/01\/Swoogo_FullLogo_Small2.png","datePublished":"2022-01-18T11:50:56+00:00","dateModified":"2022-01-18T18:22:21+00:00","description":"Swoogo: recensione del software per gestire le registrazioni agli eventi, funzionale per gestori di eventi e aziende di marketing.","breadcrumb":{"@id":"https:\/\/www.accuratereviews.com\/it\/software-gestire-registrazioni-eventi\/swoogo-recensione\/#breadcrumb"},"inLanguage":"it-IT","potentialAction":[{"@type":"ReadAction","target":["https:\/\/www.accuratereviews.com\/it\/software-gestire-registrazioni-eventi\/swoogo-recensione\/"]}]},{"@type":"ImageObject","inLanguage":"it-IT","@id":"https:\/\/www.accuratereviews.com\/it\/software-gestire-registrazioni-eventi\/swoogo-recensione\/#primaryimage","url":"https:\/\/www.accuratereviews.com\/wp-content\/uploads\/2022\/01\/Swoogo_FullLogo_Small2.png","contentUrl":"https:\/\/www.accuratereviews.com\/wp-content\/uploads\/2022\/01\/Swoogo_FullLogo_Small2.png","width":510,"height":200},{"@type":"BreadcrumbList","@id":"https:\/\/www.accuratereviews.com\/it\/software-gestire-registrazioni-eventi\/swoogo-recensione\/#breadcrumb","itemListElement":[{"@type":"ListItem","position":1,"name":"Home","item":"https:\/\/www.accuratereviews.com\/it\/"},{"@type":"ListItem","position":2,"name":"Software per gestire le registrazioni agli eventi","item":"https:\/\/www.accuratereviews.com\/it\/software-gestire-registrazioni-eventi\/"},{"@type":"ListItem","position":3,"name":"Swoogo"}]},{"@type":"WebSite","@id":"https:\/\/www.accuratereviews.com\/it\/#website","url":"https:\/\/www.accuratereviews.com\/it\/","name":"Accurate Reviews","description":"","potentialAction":[{"@type":"SearchAction","target":{"@type":"EntryPoint","urlTemplate":"https:\/\/www.accuratereviews.com\/it\/?s={search_term_string}"},"query-input":{"@type":"PropertyValueSpecification","valueRequired":true,"valueName":"search_term_string"}}],"inLanguage":"it-IT"}]}},"_links":{"self":[{"href":"https:\/\/www.accuratereviews.com\/it\/wp-json\/wp\/v2\/pages\/52480","targetHints":{"allow":["GET"]}}],"collection":[{"href":"https:\/\/www.accuratereviews.com\/it\/wp-json\/wp\/v2\/pages"}],"about":[{"href":"https:\/\/www.accuratereviews.com\/it\/wp-json\/wp\/v2\/types\/page"}],"author":[{"embeddable":true,"href":"https:\/\/www.accuratereviews.com\/it\/wp-json\/wp\/v2\/users\/17"}],"replies":[{"embeddable":true,"href":"https:\/\/www.accuratereviews.com\/it\/wp-json\/wp\/v2\/comments?post=52480"}],"version-history":[{"count":7,"href":"https:\/\/www.accuratereviews.com\/it\/wp-json\/wp\/v2\/pages\/52480\/revisions"}],"predecessor-version":[{"id":52537,"href":"https:\/\/www.accuratereviews.com\/it\/wp-json\/wp\/v2\/pages\/52480\/revisions\/52537"}],"up":[{"embeddable":true,"href":"https:\/\/www.accuratereviews.com\/it\/wp-json\/wp\/v2\/pages\/51909"}],"wp:featuredmedia":[{"embeddable":true,"href":"https:\/\/www.accuratereviews.com\/it\/wp-json\/wp\/v2\/media\/52481"}],"wp:attachment":[{"href":"https:\/\/www.accuratereviews.com\/it\/wp-json\/wp\/v2\/media?parent=52480"}],"wp:term":[{"taxonomy":"category","embeddable":true,"href":"https:\/\/www.accuratereviews.com\/it\/wp-json\/wp\/v2\/categories?post=52480"},{"taxonomy":"post_tag","embeddable":true,"href":"https:\/\/www.accuratereviews.com\/it\/wp-json\/wp\/v2\/tags?post=52480"},{"taxonomy":"features","embeddable":true,"href":"https:\/\/www.accuratereviews.com\/it\/wp-json\/wp\/v2\/features?post=52480"}],"curies":[{"name":"wp","href":"https:\/\/api.w.org\/{rel}","templated":true}]}}