{"id":52488,"date":"2022-01-18T11:41:09","date_gmt":"2022-01-18T11:41:09","guid":{"rendered":"https:\/\/www.accuratereviews.com\/?page_id=52488"},"modified":"2022-01-18T11:41:09","modified_gmt":"2022-01-18T11:41:09","slug":"boomset-recensione","status":"publish","type":"page","link":"https:\/\/www.accuratereviews.com\/it\/software-gestire-registrazioni-eventi\/boomset-recensione\/","title":{"rendered":"Boomset"},"content":{"rendered":"<p><strong>Boomset<\/strong> di Hopin \u00e8 <strong>una suite di gestione degli eventi all-in-one<\/strong>. Le caratteristiche principali includono il check-in degli ospiti, la stampa di badge, il riconoscimento facciale, la gestione RFID, il controllo degli accessi, il riscatto degli articoli, i servizi in loco e il recupero dei lead. Crea bellissime pagine di registrazione degli eventi personalizzate e gestisci la comunicazione con email personalizzate. Consente agli utenti di stampare badge e programmi su richiesta, tenere traccia della partecipazione alle sessioni, gestire la tecnologia RFID e offrire il recupero dei lead agli espositori durante gli eventi. Gli utenti possono visualizzare i dati di check-in o check-out, visualizzare i rapporti sulle presenze, raccogliere foto e informazioni sulle firme e scaricare i dati demografici degli eventi dal sistema.<\/p>\n<h2>BOOMSET &#8211; TUTORIAL<\/h2>\n<p>Guardiamo insieme la demo di questo <strong>software per gestire la registrazione degli eventi<\/strong>:<\/p>\n<div id=\"fluid-wrapper-counter-1\" class=\"g1-fluid-wrapper \" style=\"width:686px;\">\n<div style=\"padding-bottom:56.268221574344%;\"><iframe loading=\"lazy\" title=\"Boomset Web Platform: Boomset Lite Demo (2019)\" width=\"686\" height=\"386\" src=\"https:\/\/www.youtube.com\/embed\/YymnQ_4SY2Y?feature=oembed&amp;wmode=transparent&amp;autohide=1&amp;autoplay=0&amp;disablekb=0&amp;fs=1&amp;loop=0&amp;enablejsapi=1&amp;rel=0&amp;controls=2&amp;showinfo=0&amp;wmode=transparent&amp;autohide=2&amp;autoplay=0&amp;disablekb=0&amp;fs=1&amp;loop=0&amp;enablejsapi=1&amp;rel=0&amp;controls=2&amp;showinfo=1\" frameborder=\"0\" allow=\"accelerometer; autoplay; clipboard-write; encrypted-media; gyroscope; picture-in-picture\" allowfullscreen><\/iframe><\/div>\n<\/div>\n<p>&nbsp;<\/p>\n<h3>BOOMSET &#8211; CARATTERISTICHE<\/h3>\n<ul>\n<li>Crea bellissime pagine di registrazione degli eventi personalizzate<\/li>\n<li>Vendi biglietti online e accetta registrazioni in loco<\/li>\n<li>Gestisci le vendite, tieni traccia delle presenze e acquisisci analisi degli eventi in tempo reale<\/li>\n<li>Promuovi eventi e gestisci la comunicazione con email personalizzate<\/li>\n<li>Allinea la tua esperienza con postazioni per il check-in e badge nominativi personalizzati<\/li>\n<li>Ricevi notifiche di testo al check-in degli ospiti e gestisci l&#8217;accesso alla sessione<\/li>\n<li>Stupisci i tuoi partecipanti con la tecnologia di riconoscimento facciale<\/li>\n<li>Consenti ai partecipanti di registrarsi per sessioni a pagamento e di creare o modificare i loro programmi in tempo reale<\/li>\n<li>Coinvolgi i partecipanti con esperienze uniche e pagamenti elettronici<\/li>\n<li>Utilizza lo strumento di riconoscimento facciale per migliorare la sicurezza e ridurre il rischio di badge scambiati o restituiti. I dati biometrici vengono eliminati dopo l&#8217;evento.<\/li>\n<li>Conforme al 100% alla GDPR<\/li>\n<\/ul>\n<h4>LE RECENSIONI DEGLI UTENTI<\/h4>\n<h5 class=\"font-weight-bold mb-2\">Danika T. &#8220;Buon software di gestione degli eventi per determinati scenari&#8221;<\/h5>\n<p><span class=\"font-weight-bold\"><strong>Commenti<\/strong>:\u00a0<\/span>Nel complesso \u00e8 stata una buona esperienza. Il team del servizio clienti ha finito per trovarci una soluzione anche se non \u00e8 stata semplice.<\/p>\n<p class=\"font-weight-bold mb-2\"><strong>Pro<\/strong>: Come la maggior parte dei software di gestione degli eventi, funziona se il tuo evento rientra nelle capacit\u00e0 del software, ma ci saranno casi in cui potresti aver bisogno di qualcos&#8217;altro o potresti dover trovare una soluzione per farlo funzionare per te.<\/p>\n<p class=\"font-weight-bold mb-2\"><strong>Contro<\/strong>: C&#8217;erano funzionalit\u00e0 che pensavamo di aver impostato correttamente o che il sistema potesse ospitare ci\u00f2 di cui avevamo bisogno, ma alla fine sono diventate goffe e non cos\u00ec semplici come dovrebbero essere. Sembrava che la funzionalit\u00e0 dovesse gi\u00e0 essere disponibile per ci\u00f2 di cui avevamo bisogno.<\/p>\n<p class=\"font-weight-bold mb-2\"><strong>Vishal M.&#8221;Una piattaforma e una soluzione incredibili per rendere virtuali i tuoi eventi!&#8221;<\/strong><\/p>\n<p><span class=\"font-weight-bold\"><strong>Commenti<\/strong>:\u00a0<\/span>L&#8217;esperienza \u00e8 stata incredibile. Avendo ospitato conferenze per anni di persona, eravamo preoccupati che sarebbero mancati troppi elementi essendo completamente virtuali. Dopo aver visto come la piattaforma Boomset ha favorito il coinvolgimento tra i partecipanti, sapevamo di aver preservato il senso di normalit\u00e0 che stavamo cercando.<\/p>\n<p class=\"font-weight-bold mb-2\"><strong>Pro<\/strong>: La piattaforma \u00e8 incredibilmente intuitiva e facile da usare. Puoi sentire il controllo del tuo evento sapendo che hai un team di supporto dedicato per assicurarti che il tuo evento abbia successo. Lo streaming nativo ti consente di trasmettere senza problemi per raggiungere un vasto pubblico senza alcuna integrazione e il layout della piattaforma consente ai partecipanti di avere uno sportello unico per l&#8217;intera esperienza dell&#8217;evento.<\/p>\n<p class=\"font-weight-bold mb-2\"><strong>Contro<\/strong>: Poich\u00e9 la soluzione virtuale di Boomset \u00e8 una piattaforma basata sul Web, esistono barriere naturali per garantire che le persone possano accedere con successo (es: firewall). Con una pianificazione proattiva, tuttavia, puoi evitare queste sfide.<\/p>\n<p class=\"font-weight-bold mb-2\"><strong>Elizabeth A.&#8221;Servizio facile da usare&#8221;<\/strong><\/p>\n<p><span class=\"font-weight-bold\"><strong>Commenti<\/strong>:\u00a0<\/span>Boomset ci \u00e8 stato d&#8217;aiuto mentre snelliamo e semplifichiamo il nostro processo di registrazione per gli eventi.<\/p>\n<p class=\"font-weight-bold mb-2\"><strong>Pro<\/strong>: Boomset \u00e8 molto amichevole con i partecipanti. I nostri partecipanti hanno commentato quanto sia facile effettuare il check-in e ottenere un badge ai nostri eventi utilizzando Boomset. Gli elementi di design sono facili da modificare per adattarsi al tuo marchio. Il loro servizio clienti \u00e8 molto reattivo e sempre in grado di aiutare con qualsiasi domanda.<\/p>\n<p class=\"font-weight-bold mb-2\"><strong>Contro<\/strong>: L&#8217;unico aspetto negativo \u00e8 che non sincronizza i rapporti con il nostro software di registrazione. Tuttavia, Boomset ha migliorato i propri strumenti di reporting che riducono questo problema.<\/p>\n<p>&nbsp;<\/p>\n","protected":false},"excerpt":{"rendered":"<p>Boomset di Hopin \u00e8 una suite di gestione degli eventi all-in-one. Le caratteristiche principali includono il check-in degli ospiti, la stampa di badge, il riconoscimento facciale, la gestione RFID, il controllo degli accessi, il riscatto degli articoli, i servizi in loco e il recupero dei lead. Crea bellissime pagine di registrazione degli eventi personalizzate e gestisci la comunicazione con e-mail personalizzate.<\/p>\n","protected":false},"author":19,"featured_media":52489,"parent":51909,"menu_order":0,"comment_status":"open","ping_status":"closed","template":"g1_template_page_review_new.php","meta":{"_acf_changed":false,"cwp_meta_box_check":"Yes","cwp_rev_product_name":"","cwp_rev_product_image":"","wppr_links":[],"cwp_rev_price":"","wppr_options":[],"wppr_pros":[],"wppr_cons":[],"_monsterinsights_skip_tracking":false,"_monsterinsights_sitenote_active":false,"_monsterinsights_sitenote_note":"","_monsterinsights_sitenote_category":0,"footnotes":""},"categories":[11738],"tags":[11848,11745,11743,11741,11740,11744],"features":[],"class_list":{"0":"post-52488","1":"page","2":"type-page","3":"status-publish","4":"has-post-thumbnail","6":"category-software-gestire-registrazioni-eventi-categoria","7":"tag-boomset","8":"tag-piattaforma-per-gestire-le-registrazioni-agli-eventi","9":"tag-programma-per-gestire-le-registrazioni-agli-eventi","10":"tag-registrazione-eventi","11":"tag-software-per-gestire-le-registrazioni-agli-eventi","12":"tag-soluzione-per-gestire-le-registrazioni-agli-eventi"},"wppr_data":{"cwp_meta_box_check":"Yes","cwp_rev_product_name":"","cwp_rev_product_image":"","cwp_image_link":"image","cwp_rev_price":"","wppr_rating":"0.00"},"acf":[],"yoast_head":"<!-- This site is optimized with the Yoast SEO plugin v27.4 - https:\/\/yoast.com\/product\/yoast-seo-wordpress\/ -->\n<title>Boomset: recensione software per gestire le registrazioni a eventi<\/title>\n<meta name=\"description\" content=\"Boomset: \u00e8 un software per la registrazione a eventi per promuovere quest&#039;ultimi e vendere biglietti online o in loco.\" \/>\n<meta name=\"robots\" content=\"index, follow, max-snippet:-1, max-image-preview:large, max-video-preview:-1\" \/>\n<link rel=\"canonical\" href=\"https:\/\/www.accuratereviews.com\/it\/software-gestire-registrazioni-eventi\/boomset-recensione\/\" \/>\n<meta property=\"og:locale\" content=\"it_IT\" \/>\n<meta property=\"og:type\" content=\"article\" \/>\n<meta property=\"og:title\" content=\"Boomset: recensione software per gestire le registrazioni a eventi\" \/>\n<meta property=\"og:description\" content=\"Boomset: \u00e8 un software per la registrazione a eventi per promuovere quest&#039;ultimi e vendere biglietti online o in loco.\" \/>\n<meta property=\"og:url\" content=\"https:\/\/www.accuratereviews.com\/it\/software-gestire-registrazioni-eventi\/boomset-recensione\/\" \/>\n<meta property=\"og:site_name\" content=\"Accurate Reviews\" \/>\n<meta property=\"og:image\" content=\"https:\/\/www.accuratereviews.com\/wp-content\/uploads\/2022\/01\/Boomset-png.jpg\" \/>\n\t<meta property=\"og:image:width\" content=\"820\" \/>\n\t<meta property=\"og:image:height\" content=\"274\" \/>\n\t<meta property=\"og:image:type\" content=\"image\/jpeg\" \/>\n<meta name=\"twitter:card\" content=\"summary_large_image\" \/>\n<meta name=\"twitter:label1\" content=\"Tempo di lettura stimato\" \/>\n\t<meta name=\"twitter:data1\" content=\"4 minuti\" \/>\n<script type=\"application\/ld+json\" class=\"yoast-schema-graph\">{\"@context\":\"https:\\\/\\\/schema.org\",\"@graph\":[{\"@type\":\"WebPage\",\"@id\":\"https:\\\/\\\/www.accuratereviews.com\\\/it\\\/software-gestire-registrazioni-eventi\\\/boomset-recensione\\\/\",\"url\":\"https:\\\/\\\/www.accuratereviews.com\\\/it\\\/software-gestire-registrazioni-eventi\\\/boomset-recensione\\\/\",\"name\":\"Boomset: recensione software per gestire le registrazioni a eventi\",\"isPartOf\":{\"@id\":\"https:\\\/\\\/www.accuratereviews.com\\\/it\\\/#website\"},\"primaryImageOfPage\":{\"@id\":\"https:\\\/\\\/www.accuratereviews.com\\\/it\\\/software-gestire-registrazioni-eventi\\\/boomset-recensione\\\/#primaryimage\"},\"image\":{\"@id\":\"https:\\\/\\\/www.accuratereviews.com\\\/it\\\/software-gestire-registrazioni-eventi\\\/boomset-recensione\\\/#primaryimage\"},\"thumbnailUrl\":\"https:\\\/\\\/www.accuratereviews.com\\\/wp-content\\\/uploads\\\/2022\\\/01\\\/Boomset-png.jpg\",\"datePublished\":\"2022-01-18T11:41:09+00:00\",\"description\":\"Boomset: \u00e8 un software per la registrazione a eventi per promuovere quest'ultimi e vendere biglietti online o in loco.\",\"breadcrumb\":{\"@id\":\"https:\\\/\\\/www.accuratereviews.com\\\/it\\\/software-gestire-registrazioni-eventi\\\/boomset-recensione\\\/#breadcrumb\"},\"inLanguage\":\"it-IT\",\"potentialAction\":[{\"@type\":\"ReadAction\",\"target\":[\"https:\\\/\\\/www.accuratereviews.com\\\/it\\\/software-gestire-registrazioni-eventi\\\/boomset-recensione\\\/\"]}]},{\"@type\":\"ImageObject\",\"inLanguage\":\"it-IT\",\"@id\":\"https:\\\/\\\/www.accuratereviews.com\\\/it\\\/software-gestire-registrazioni-eventi\\\/boomset-recensione\\\/#primaryimage\",\"url\":\"https:\\\/\\\/www.accuratereviews.com\\\/wp-content\\\/uploads\\\/2022\\\/01\\\/Boomset-png.jpg\",\"contentUrl\":\"https:\\\/\\\/www.accuratereviews.com\\\/wp-content\\\/uploads\\\/2022\\\/01\\\/Boomset-png.jpg\",\"width\":820,\"height\":274},{\"@type\":\"BreadcrumbList\",\"@id\":\"https:\\\/\\\/www.accuratereviews.com\\\/it\\\/software-gestire-registrazioni-eventi\\\/boomset-recensione\\\/#breadcrumb\",\"itemListElement\":[{\"@type\":\"ListItem\",\"position\":1,\"name\":\"Home\",\"item\":\"https:\\\/\\\/www.accuratereviews.com\\\/it\\\/\"},{\"@type\":\"ListItem\",\"position\":2,\"name\":\"Software per gestire le registrazioni agli eventi\",\"item\":\"https:\\\/\\\/www.accuratereviews.com\\\/it\\\/software-gestire-registrazioni-eventi\\\/\"},{\"@type\":\"ListItem\",\"position\":3,\"name\":\"Boomset\"}]},{\"@type\":\"WebSite\",\"@id\":\"https:\\\/\\\/www.accuratereviews.com\\\/it\\\/#website\",\"url\":\"https:\\\/\\\/www.accuratereviews.com\\\/it\\\/\",\"name\":\"Accurate Reviews\",\"description\":\"\",\"potentialAction\":[{\"@type\":\"SearchAction\",\"target\":{\"@type\":\"EntryPoint\",\"urlTemplate\":\"https:\\\/\\\/www.accuratereviews.com\\\/it\\\/?s={search_term_string}\"},\"query-input\":{\"@type\":\"PropertyValueSpecification\",\"valueRequired\":true,\"valueName\":\"search_term_string\"}}],\"inLanguage\":\"it-IT\"}]}<\/script>\n<!-- \/ Yoast SEO plugin. -->","yoast_head_json":{"title":"Boomset: recensione software per gestire le registrazioni a eventi","description":"Boomset: \u00e8 un software per la registrazione a eventi per promuovere quest'ultimi e vendere biglietti online o in loco.","robots":{"index":"index","follow":"follow","max-snippet":"max-snippet:-1","max-image-preview":"max-image-preview:large","max-video-preview":"max-video-preview:-1"},"canonical":"https:\/\/www.accuratereviews.com\/it\/software-gestire-registrazioni-eventi\/boomset-recensione\/","og_locale":"it_IT","og_type":"article","og_title":"Boomset: recensione software per gestire le registrazioni a eventi","og_description":"Boomset: \u00e8 un software per la registrazione a eventi per promuovere quest'ultimi e vendere biglietti online o in loco.","og_url":"https:\/\/www.accuratereviews.com\/it\/software-gestire-registrazioni-eventi\/boomset-recensione\/","og_site_name":"Accurate Reviews","og_image":[{"width":820,"height":274,"url":"https:\/\/www.accuratereviews.com\/wp-content\/uploads\/2022\/01\/Boomset-png.jpg","type":"image\/jpeg"}],"twitter_card":"summary_large_image","twitter_misc":{"Tempo di lettura stimato":"4 minuti"},"schema":{"@context":"https:\/\/schema.org","@graph":[{"@type":"WebPage","@id":"https:\/\/www.accuratereviews.com\/it\/software-gestire-registrazioni-eventi\/boomset-recensione\/","url":"https:\/\/www.accuratereviews.com\/it\/software-gestire-registrazioni-eventi\/boomset-recensione\/","name":"Boomset: recensione software per gestire le registrazioni a eventi","isPartOf":{"@id":"https:\/\/www.accuratereviews.com\/it\/#website"},"primaryImageOfPage":{"@id":"https:\/\/www.accuratereviews.com\/it\/software-gestire-registrazioni-eventi\/boomset-recensione\/#primaryimage"},"image":{"@id":"https:\/\/www.accuratereviews.com\/it\/software-gestire-registrazioni-eventi\/boomset-recensione\/#primaryimage"},"thumbnailUrl":"https:\/\/www.accuratereviews.com\/wp-content\/uploads\/2022\/01\/Boomset-png.jpg","datePublished":"2022-01-18T11:41:09+00:00","description":"Boomset: \u00e8 un software per la registrazione a eventi per promuovere quest'ultimi e vendere biglietti online o in loco.","breadcrumb":{"@id":"https:\/\/www.accuratereviews.com\/it\/software-gestire-registrazioni-eventi\/boomset-recensione\/#breadcrumb"},"inLanguage":"it-IT","potentialAction":[{"@type":"ReadAction","target":["https:\/\/www.accuratereviews.com\/it\/software-gestire-registrazioni-eventi\/boomset-recensione\/"]}]},{"@type":"ImageObject","inLanguage":"it-IT","@id":"https:\/\/www.accuratereviews.com\/it\/software-gestire-registrazioni-eventi\/boomset-recensione\/#primaryimage","url":"https:\/\/www.accuratereviews.com\/wp-content\/uploads\/2022\/01\/Boomset-png.jpg","contentUrl":"https:\/\/www.accuratereviews.com\/wp-content\/uploads\/2022\/01\/Boomset-png.jpg","width":820,"height":274},{"@type":"BreadcrumbList","@id":"https:\/\/www.accuratereviews.com\/it\/software-gestire-registrazioni-eventi\/boomset-recensione\/#breadcrumb","itemListElement":[{"@type":"ListItem","position":1,"name":"Home","item":"https:\/\/www.accuratereviews.com\/it\/"},{"@type":"ListItem","position":2,"name":"Software per gestire le registrazioni agli eventi","item":"https:\/\/www.accuratereviews.com\/it\/software-gestire-registrazioni-eventi\/"},{"@type":"ListItem","position":3,"name":"Boomset"}]},{"@type":"WebSite","@id":"https:\/\/www.accuratereviews.com\/it\/#website","url":"https:\/\/www.accuratereviews.com\/it\/","name":"Accurate Reviews","description":"","potentialAction":[{"@type":"SearchAction","target":{"@type":"EntryPoint","urlTemplate":"https:\/\/www.accuratereviews.com\/it\/?s={search_term_string}"},"query-input":{"@type":"PropertyValueSpecification","valueRequired":true,"valueName":"search_term_string"}}],"inLanguage":"it-IT"}]}},"_links":{"self":[{"href":"https:\/\/www.accuratereviews.com\/it\/wp-json\/wp\/v2\/pages\/52488","targetHints":{"allow":["GET"]}}],"collection":[{"href":"https:\/\/www.accuratereviews.com\/it\/wp-json\/wp\/v2\/pages"}],"about":[{"href":"https:\/\/www.accuratereviews.com\/it\/wp-json\/wp\/v2\/types\/page"}],"author":[{"embeddable":true,"href":"https:\/\/www.accuratereviews.com\/it\/wp-json\/wp\/v2\/users\/19"}],"replies":[{"embeddable":true,"href":"https:\/\/www.accuratereviews.com\/it\/wp-json\/wp\/v2\/comments?post=52488"}],"version-history":[{"count":7,"href":"https:\/\/www.accuratereviews.com\/it\/wp-json\/wp\/v2\/pages\/52488\/revisions"}],"predecessor-version":[{"id":52504,"href":"https:\/\/www.accuratereviews.com\/it\/wp-json\/wp\/v2\/pages\/52488\/revisions\/52504"}],"up":[{"embeddable":true,"href":"https:\/\/www.accuratereviews.com\/it\/wp-json\/wp\/v2\/pages\/51909"}],"wp:featuredmedia":[{"embeddable":true,"href":"https:\/\/www.accuratereviews.com\/it\/wp-json\/wp\/v2\/media\/52489"}],"wp:attachment":[{"href":"https:\/\/www.accuratereviews.com\/it\/wp-json\/wp\/v2\/media?parent=52488"}],"wp:term":[{"taxonomy":"category","embeddable":true,"href":"https:\/\/www.accuratereviews.com\/it\/wp-json\/wp\/v2\/categories?post=52488"},{"taxonomy":"post_tag","embeddable":true,"href":"https:\/\/www.accuratereviews.com\/it\/wp-json\/wp\/v2\/tags?post=52488"},{"taxonomy":"features","embeddable":true,"href":"https:\/\/www.accuratereviews.com\/it\/wp-json\/wp\/v2\/features?post=52488"}],"curies":[{"name":"wp","href":"https:\/\/api.w.org\/{rel}","templated":true}]}}