{"id":52510,"date":"2022-01-19T10:33:21","date_gmt":"2022-01-19T10:33:21","guid":{"rendered":"https:\/\/www.accuratereviews.com\/?page_id=52510"},"modified":"2022-01-19T10:33:21","modified_gmt":"2022-01-19T10:33:21","slug":"eventmobi-recensione","status":"publish","type":"page","link":"https:\/\/www.accuratereviews.com\/it\/software-gestire-registrazioni-eventi\/eventmobi-recensione\/","title":{"rendered":"EventMobi"},"content":{"rendered":"<p><strong>EventMobi<\/strong> \u00e8 una <strong>piattaforma integrata per organizzare gli eventi<\/strong> che copre l&#8217;intero ciclo di vita della tua conferenza o riunione. La piattaforma \u00e8 dotata degli strumenti e della tecnologia necessari per coinvolgere ospiti e partecipanti dall&#8217;inizio alla fine: come ad esempio app per la registrazione e sondaggi in tempo reale. Questa tecnologia per eventi \u00e8 veloce da configurare e facile da usare sia per gli organizzatori che per i partecipanti. <strong>EventMobi<\/strong> \u00e8 anche altamente personalizzabile. Puoi creare un design che si adatta al tuo brand e al tuo evento, che si tratti di una sessione di formazione, di una riunione del personale o di conferenze su larga scala o di lancio di vendite. Le sue caratteristiche principali includono registrazione e check-in, app per eventi, networking, notifiche, sondaggi, visualizzazione in tempo reale e analisi per una soluzione end-to-end nella gestione dell&#8217;esperienza dell&#8217;evento. Puoi anche sfruttare l&#8217;opportunit\u00e0 di sponsorizzazione per aumentare le entrate dell&#8217;evento.<\/p>\n<h2>EVENTMOBI &#8211; TUTORIAL<\/h2>\n<p>Il tutorial che segue mostra le principali funzioni di questo <strong>software per gestire le registrazioni a eventi<\/strong>:<\/p>\n<div id=\"fluid-wrapper-counter-1\" class=\"g1-fluid-wrapper \" style=\"width:686px;\">\n<div style=\"padding-bottom:56.268221574344%;\"><iframe loading=\"lazy\" title=\"EventMobi&#039;s Home Page Designer\" width=\"686\" height=\"386\" src=\"https:\/\/www.youtube.com\/embed\/5CQ9QF6ks8M?feature=oembed&amp;wmode=transparent&amp;autohide=1&amp;autoplay=0&amp;disablekb=0&amp;fs=1&amp;loop=0&amp;enablejsapi=1&amp;rel=0&amp;controls=2&amp;showinfo=0&amp;wmode=transparent&amp;autohide=2&amp;autoplay=0&amp;disablekb=0&amp;fs=1&amp;loop=0&amp;enablejsapi=1&amp;rel=0&amp;controls=2&amp;showinfo=1\" frameborder=\"0\" allow=\"accelerometer; autoplay; clipboard-write; encrypted-media; gyroscope; picture-in-picture\" allowfullscreen><\/iframe><\/div>\n<\/div>\n<h2>EVENTMOBI &#8211; CARATTERISTICHE<\/h2>\n<ul>\n<li><strong>Rendi pi\u00f9 facili le registrazioni<\/strong>: i tuoi invitati possono iscriversi a pi\u00f9 eventi in modo rapido e conveniente.<\/li>\n<li><strong>Facile accesso ai singoli eventi:<\/strong> i partecipanti possono avviare facilmente l&#8217;app per il loro evento. Inoltre, accedi alle informazioni sulla sessione, ai relatori, ai dettagli sulla sede e interagisci con la community dell&#8217;evento<\/li>\n<li><strong>Semplifica la gestione degli eventi<\/strong>: molti eventi, tutti gestiti in un unico luogo. Ci\u00f2 semplifica la pianificazione e la gestione, migliorando al contempo la comodit\u00e0 per gli ospiti multi-evento<\/li>\n<li><strong>Controlla la creativit\u00e0<\/strong>: crea un&#8217;esperienza di brand personalizzata. Hai la possibilit\u00e0 di progettare un&#8217;esperienza mobile unica, visivamente d&#8217;impatto per i tuoi ospiti<\/li>\n<li><strong>Semplifica il tuo marchio<\/strong>: immagini, colori e loghi possono essere adattati al tuo stile. Ora il tema dell&#8217;evento e il brand possono essere messi in evidenza in tutto il mondo<\/li>\n<li><strong>Restyling in tempo reale<\/strong>: questo ti d\u00e0 la possibilit\u00e0 di adattarti in qualsiasi momento. Puoi modificare lo stile di qualsiasi aspetto della tua piattaforma eventi modificando il CSS personalizzato in tempo reale<\/li>\n<li><strong>Le agende interattive offrono un&#8217;esperienza personalizzata<\/strong>: un&#8217;agenda interattiva significa che gli iscritti all&#8217;evento possono ordinare le sessioni per data e ora o per tracce. Durante la navigazione, possono facilmente aggiungere sessioni al loro programma personale contrassegnandole come Speciali. L&#8217;organizzatore pu\u00f2 anche fare il lavoro per loro creando programmi personalizzati per interi gruppi di partecipanti alla volta<\/li>\n<li><strong>La rete rende migliore la comunicazione con la messaggistica, i profili e le riunioni<\/strong>: avere opzioni di messaggistica pubblica e privata aiuta i partecipanti a fare rete e creare connessioni preziose. Con i profili dell&#8217;app dell&#8217;evento, puoi anche incoraggiare partecipanti, relatori ed espositori a condividere informazioni personali. Se i partecipanti vogliono connettersi, possono richiedere una riunione direttamente da un profilo<\/li>\n<li><strong>Mappatura interattiva semplifica l&#8217;orientamento<\/strong>: da semplici mappe a complessi layout multi-sede o multi-piano, la mappatura avanzata consente ai partecipanti di individuare facilmente la loro destinazione e orientarsi all&#8217;interno dell&#8217;evento. Semplifica la ricerca dei tuoi sponsor chiave e assicurati che nessun partecipante venga lasciato indietro.<\/li>\n<\/ul>\n<h4>LE RECENSIONI DEGLI UTENTI<\/h4>\n<p class=\"font-weight-bold mb-2\"><strong>Toby F. &#8220;Recensione EventMobi e valutazione del prodotto&#8221;<\/strong><\/p>\n<p><span class=\"font-weight-bold\"><strong>Commenti<\/strong>:\u00a0<\/span>Possibilit\u00e0 di tenere una conferenza mondiale tutto online.<\/p>\n<p class=\"font-weight-bold mb-2\">Pro: Facilit\u00e0 d&#8217;uso e funzionalit\u00e0 integrate disponibili.<\/p>\n<p class=\"font-weight-bold mb-2\"><strong>Contro<\/strong>: La risposta dell&#8217;help desk \u00e8 stata a volte imprecisa. Alcune delle funzionalit\u00e0 a volte erano difficili da navigare.<\/p>\n<p class=\"font-weight-bold mb-2\"><strong>Claude L. &#8220;Recensione EM&#8221;<\/strong><\/p>\n<p><span class=\"font-weight-bold\"><strong>Commenti<\/strong>:\u00a0<\/span>Siamo molto soddisfatti del prodotto e del supporto fornito da EventMobi. Anche i nostri partecipanti apprezzano molto il software.<\/p>\n<p class=\"font-weight-bold mb-2\"><strong>Pro<\/strong>: Facile da usare sia per gli utenti che per gli amministratori. Miglioramento continuo. Grande supporto.<\/p>\n<p class=\"font-weight-bold mb-2\"><strong>Contro<\/strong>: Mancanza di funzionalit\u00e0 visive, come la possibilit\u00e0 di creare una galleria di immagini. Non \u00e8 possibile creare una sessione all&#8217;interno della sessione. nessuna funzione di chat nel modulo aziende.<\/p>\n<p class=\"font-weight-bold mb-2\"><strong>Arienne G. &#8220;EventMobi&#8221;<\/strong><\/p>\n<p><span class=\"font-weight-bold\"><strong>Commenti<\/strong>:\u00a0<\/span>Molto soddisfatto del supporto che abbiamo ricevuto e di come si \u00e8 comportato bene.<\/p>\n<p class=\"font-weight-bold mb-2\"><strong>Pro<\/strong>: Questa piattaforma ci ha davvero aiutato a trasformare il nostro vertice annuale in un evento di tre giorni che \u00e8 andato molto pi\u00f9 lontano di quanto ci saremmo aspettati. \u00c8 stato molto intuitivo, il che aiuta sempre con la manutenzione dei partecipanti.<\/p>\n<p class=\"font-weight-bold mb-2\"><strong>Contro<\/strong>: Davvero l&#8217;unico inconveniente per noi con un budget senza scopo di lucro \u00e8 stato quello di riuscire a farlo andare avanti. La piattaforma \u00e8 fantastica e non vediamo l&#8217;ora di usarla di nuovo. Non riesco a mantenere il costo per un anno intero.<\/p>\n","protected":false},"excerpt":{"rendered":"<p>EventMobi \u00e8 una piattaforma integrata per organizzare gli eventi che copre l&#8217;intero ciclo di vita della tua conferenza o riunione. La piattaforma \u00e8 dotata degli strumenti e della tecnologia necessari per coinvolgere ospiti e partecipanti dall&#8217;inizio alla fine: app per la registrazione e sondaggi in tempo reale ad esempio. Questa tecnologia per eventi \u00e8 veloce da configurare e facile da usare sia per gli organizzatori che per i partecipanti.<\/p>\n","protected":false},"author":19,"featured_media":52525,"parent":51909,"menu_order":0,"comment_status":"open","ping_status":"closed","template":"g1_template_page_review_new.php","meta":{"_acf_changed":false,"cwp_meta_box_check":"Yes","cwp_rev_product_name":"","cwp_rev_product_image":"","wppr_links":[],"cwp_rev_price":"","wppr_options":[],"wppr_pros":[],"wppr_cons":[],"_monsterinsights_skip_tracking":false,"_monsterinsights_sitenote_active":false,"_monsterinsights_sitenote_note":"","_monsterinsights_sitenote_category":0,"footnotes":""},"categories":[11738],"tags":[11850,11836,11835,11740,11744],"features":[],"class_list":{"0":"post-52510","1":"page","2":"type-page","3":"status-publish","4":"has-post-thumbnail","6":"category-software-gestire-registrazioni-eventi-categoria","7":"tag-eventmobi","8":"tag-piattaforma-per-gestire-le-registrazioni-a-eventi","9":"tag-programma-per-gestire-le-registrazioni-a-eventi","10":"tag-software-per-gestire-le-registrazioni-agli-eventi","11":"tag-soluzione-per-gestire-le-registrazioni-agli-eventi"},"wppr_data":{"cwp_meta_box_check":"Yes","cwp_rev_product_name":"","cwp_rev_product_image":"","cwp_image_link":"image","cwp_rev_price":"","wppr_rating":"0.00"},"acf":[],"yoast_head":"<!-- This site is optimized with the Yoast SEO plugin v27.4 - https:\/\/yoast.com\/product\/yoast-seo-wordpress\/ -->\n<title>EventMobi: recensione software per gestire le registrazioni a eventi<\/title>\n<meta name=\"description\" content=\"EventMobi: recensione piattaforma integrata per organizzare gli eventi che copre l&#039;intero ciclo di vita della tua conferenza o riunione.\" \/>\n<meta name=\"robots\" content=\"index, follow, max-snippet:-1, max-image-preview:large, max-video-preview:-1\" \/>\n<link rel=\"canonical\" href=\"https:\/\/www.accuratereviews.com\/it\/software-gestire-registrazioni-eventi\/eventmobi-recensione\/\" \/>\n<meta property=\"og:locale\" content=\"it_IT\" \/>\n<meta property=\"og:type\" content=\"article\" \/>\n<meta property=\"og:title\" content=\"EventMobi: recensione software per gestire le registrazioni a eventi\" \/>\n<meta property=\"og:description\" content=\"EventMobi: recensione piattaforma integrata per organizzare gli eventi che copre l&#039;intero ciclo di vita della tua conferenza o riunione.\" \/>\n<meta property=\"og:url\" content=\"https:\/\/www.accuratereviews.com\/it\/software-gestire-registrazioni-eventi\/eventmobi-recensione\/\" \/>\n<meta property=\"og:site_name\" content=\"Accurate Reviews\" \/>\n<meta property=\"og:image\" content=\"https:\/\/www.accuratereviews.com\/wp-content\/uploads\/2022\/01\/ai2a2gb1ksegn2ifktwi.png\" \/>\n\t<meta property=\"og:image:width\" content=\"256\" \/>\n\t<meta property=\"og:image:height\" content=\"256\" \/>\n\t<meta property=\"og:image:type\" content=\"image\/png\" \/>\n<meta name=\"twitter:card\" content=\"summary_large_image\" \/>\n<meta name=\"twitter:label1\" content=\"Tempo di lettura stimato\" \/>\n\t<meta name=\"twitter:data1\" content=\"4 minuti\" \/>\n<script type=\"application\/ld+json\" class=\"yoast-schema-graph\">{\"@context\":\"https:\\\/\\\/schema.org\",\"@graph\":[{\"@type\":\"WebPage\",\"@id\":\"https:\\\/\\\/www.accuratereviews.com\\\/it\\\/software-gestire-registrazioni-eventi\\\/eventmobi-recensione\\\/\",\"url\":\"https:\\\/\\\/www.accuratereviews.com\\\/it\\\/software-gestire-registrazioni-eventi\\\/eventmobi-recensione\\\/\",\"name\":\"EventMobi: recensione software per gestire le registrazioni a eventi\",\"isPartOf\":{\"@id\":\"https:\\\/\\\/www.accuratereviews.com\\\/it\\\/#website\"},\"primaryImageOfPage\":{\"@id\":\"https:\\\/\\\/www.accuratereviews.com\\\/it\\\/software-gestire-registrazioni-eventi\\\/eventmobi-recensione\\\/#primaryimage\"},\"image\":{\"@id\":\"https:\\\/\\\/www.accuratereviews.com\\\/it\\\/software-gestire-registrazioni-eventi\\\/eventmobi-recensione\\\/#primaryimage\"},\"thumbnailUrl\":\"https:\\\/\\\/www.accuratereviews.com\\\/wp-content\\\/uploads\\\/2022\\\/01\\\/ai2a2gb1ksegn2ifktwi.png\",\"datePublished\":\"2022-01-19T10:33:21+00:00\",\"description\":\"EventMobi: recensione piattaforma integrata per organizzare gli eventi che copre l'intero ciclo di vita della tua conferenza o riunione.\",\"breadcrumb\":{\"@id\":\"https:\\\/\\\/www.accuratereviews.com\\\/it\\\/software-gestire-registrazioni-eventi\\\/eventmobi-recensione\\\/#breadcrumb\"},\"inLanguage\":\"it-IT\",\"potentialAction\":[{\"@type\":\"ReadAction\",\"target\":[\"https:\\\/\\\/www.accuratereviews.com\\\/it\\\/software-gestire-registrazioni-eventi\\\/eventmobi-recensione\\\/\"]}]},{\"@type\":\"ImageObject\",\"inLanguage\":\"it-IT\",\"@id\":\"https:\\\/\\\/www.accuratereviews.com\\\/it\\\/software-gestire-registrazioni-eventi\\\/eventmobi-recensione\\\/#primaryimage\",\"url\":\"https:\\\/\\\/www.accuratereviews.com\\\/wp-content\\\/uploads\\\/2022\\\/01\\\/ai2a2gb1ksegn2ifktwi.png\",\"contentUrl\":\"https:\\\/\\\/www.accuratereviews.com\\\/wp-content\\\/uploads\\\/2022\\\/01\\\/ai2a2gb1ksegn2ifktwi.png\",\"width\":256,\"height\":256},{\"@type\":\"BreadcrumbList\",\"@id\":\"https:\\\/\\\/www.accuratereviews.com\\\/it\\\/software-gestire-registrazioni-eventi\\\/eventmobi-recensione\\\/#breadcrumb\",\"itemListElement\":[{\"@type\":\"ListItem\",\"position\":1,\"name\":\"Home\",\"item\":\"https:\\\/\\\/www.accuratereviews.com\\\/it\\\/\"},{\"@type\":\"ListItem\",\"position\":2,\"name\":\"Software per gestire le registrazioni agli eventi\",\"item\":\"https:\\\/\\\/www.accuratereviews.com\\\/it\\\/software-gestire-registrazioni-eventi\\\/\"},{\"@type\":\"ListItem\",\"position\":3,\"name\":\"EventMobi\"}]},{\"@type\":\"WebSite\",\"@id\":\"https:\\\/\\\/www.accuratereviews.com\\\/it\\\/#website\",\"url\":\"https:\\\/\\\/www.accuratereviews.com\\\/it\\\/\",\"name\":\"Accurate Reviews\",\"description\":\"\",\"potentialAction\":[{\"@type\":\"SearchAction\",\"target\":{\"@type\":\"EntryPoint\",\"urlTemplate\":\"https:\\\/\\\/www.accuratereviews.com\\\/it\\\/?s={search_term_string}\"},\"query-input\":{\"@type\":\"PropertyValueSpecification\",\"valueRequired\":true,\"valueName\":\"search_term_string\"}}],\"inLanguage\":\"it-IT\"}]}<\/script>\n<!-- \/ Yoast SEO plugin. -->","yoast_head_json":{"title":"EventMobi: recensione software per gestire le registrazioni a eventi","description":"EventMobi: recensione piattaforma integrata per organizzare gli eventi che copre l'intero ciclo di vita della tua conferenza o riunione.","robots":{"index":"index","follow":"follow","max-snippet":"max-snippet:-1","max-image-preview":"max-image-preview:large","max-video-preview":"max-video-preview:-1"},"canonical":"https:\/\/www.accuratereviews.com\/it\/software-gestire-registrazioni-eventi\/eventmobi-recensione\/","og_locale":"it_IT","og_type":"article","og_title":"EventMobi: recensione software per gestire le registrazioni a eventi","og_description":"EventMobi: recensione piattaforma integrata per organizzare gli eventi che copre l'intero ciclo di vita della tua conferenza o riunione.","og_url":"https:\/\/www.accuratereviews.com\/it\/software-gestire-registrazioni-eventi\/eventmobi-recensione\/","og_site_name":"Accurate Reviews","og_image":[{"width":256,"height":256,"url":"https:\/\/www.accuratereviews.com\/wp-content\/uploads\/2022\/01\/ai2a2gb1ksegn2ifktwi.png","type":"image\/png"}],"twitter_card":"summary_large_image","twitter_misc":{"Tempo di lettura stimato":"4 minuti"},"schema":{"@context":"https:\/\/schema.org","@graph":[{"@type":"WebPage","@id":"https:\/\/www.accuratereviews.com\/it\/software-gestire-registrazioni-eventi\/eventmobi-recensione\/","url":"https:\/\/www.accuratereviews.com\/it\/software-gestire-registrazioni-eventi\/eventmobi-recensione\/","name":"EventMobi: recensione software per gestire le registrazioni a eventi","isPartOf":{"@id":"https:\/\/www.accuratereviews.com\/it\/#website"},"primaryImageOfPage":{"@id":"https:\/\/www.accuratereviews.com\/it\/software-gestire-registrazioni-eventi\/eventmobi-recensione\/#primaryimage"},"image":{"@id":"https:\/\/www.accuratereviews.com\/it\/software-gestire-registrazioni-eventi\/eventmobi-recensione\/#primaryimage"},"thumbnailUrl":"https:\/\/www.accuratereviews.com\/wp-content\/uploads\/2022\/01\/ai2a2gb1ksegn2ifktwi.png","datePublished":"2022-01-19T10:33:21+00:00","description":"EventMobi: recensione piattaforma integrata per organizzare gli eventi che copre l'intero ciclo di vita della tua conferenza o riunione.","breadcrumb":{"@id":"https:\/\/www.accuratereviews.com\/it\/software-gestire-registrazioni-eventi\/eventmobi-recensione\/#breadcrumb"},"inLanguage":"it-IT","potentialAction":[{"@type":"ReadAction","target":["https:\/\/www.accuratereviews.com\/it\/software-gestire-registrazioni-eventi\/eventmobi-recensione\/"]}]},{"@type":"ImageObject","inLanguage":"it-IT","@id":"https:\/\/www.accuratereviews.com\/it\/software-gestire-registrazioni-eventi\/eventmobi-recensione\/#primaryimage","url":"https:\/\/www.accuratereviews.com\/wp-content\/uploads\/2022\/01\/ai2a2gb1ksegn2ifktwi.png","contentUrl":"https:\/\/www.accuratereviews.com\/wp-content\/uploads\/2022\/01\/ai2a2gb1ksegn2ifktwi.png","width":256,"height":256},{"@type":"BreadcrumbList","@id":"https:\/\/www.accuratereviews.com\/it\/software-gestire-registrazioni-eventi\/eventmobi-recensione\/#breadcrumb","itemListElement":[{"@type":"ListItem","position":1,"name":"Home","item":"https:\/\/www.accuratereviews.com\/it\/"},{"@type":"ListItem","position":2,"name":"Software per gestire le registrazioni agli eventi","item":"https:\/\/www.accuratereviews.com\/it\/software-gestire-registrazioni-eventi\/"},{"@type":"ListItem","position":3,"name":"EventMobi"}]},{"@type":"WebSite","@id":"https:\/\/www.accuratereviews.com\/it\/#website","url":"https:\/\/www.accuratereviews.com\/it\/","name":"Accurate Reviews","description":"","potentialAction":[{"@type":"SearchAction","target":{"@type":"EntryPoint","urlTemplate":"https:\/\/www.accuratereviews.com\/it\/?s={search_term_string}"},"query-input":{"@type":"PropertyValueSpecification","valueRequired":true,"valueName":"search_term_string"}}],"inLanguage":"it-IT"}]}},"_links":{"self":[{"href":"https:\/\/www.accuratereviews.com\/it\/wp-json\/wp\/v2\/pages\/52510","targetHints":{"allow":["GET"]}}],"collection":[{"href":"https:\/\/www.accuratereviews.com\/it\/wp-json\/wp\/v2\/pages"}],"about":[{"href":"https:\/\/www.accuratereviews.com\/it\/wp-json\/wp\/v2\/types\/page"}],"author":[{"embeddable":true,"href":"https:\/\/www.accuratereviews.com\/it\/wp-json\/wp\/v2\/users\/19"}],"replies":[{"embeddable":true,"href":"https:\/\/www.accuratereviews.com\/it\/wp-json\/wp\/v2\/comments?post=52510"}],"version-history":[{"count":12,"href":"https:\/\/www.accuratereviews.com\/it\/wp-json\/wp\/v2\/pages\/52510\/revisions"}],"predecessor-version":[{"id":52630,"href":"https:\/\/www.accuratereviews.com\/it\/wp-json\/wp\/v2\/pages\/52510\/revisions\/52630"}],"up":[{"embeddable":true,"href":"https:\/\/www.accuratereviews.com\/it\/wp-json\/wp\/v2\/pages\/51909"}],"wp:featuredmedia":[{"embeddable":true,"href":"https:\/\/www.accuratereviews.com\/it\/wp-json\/wp\/v2\/media\/52525"}],"wp:attachment":[{"href":"https:\/\/www.accuratereviews.com\/it\/wp-json\/wp\/v2\/media?parent=52510"}],"wp:term":[{"taxonomy":"category","embeddable":true,"href":"https:\/\/www.accuratereviews.com\/it\/wp-json\/wp\/v2\/categories?post=52510"},{"taxonomy":"post_tag","embeddable":true,"href":"https:\/\/www.accuratereviews.com\/it\/wp-json\/wp\/v2\/tags?post=52510"},{"taxonomy":"features","embeddable":true,"href":"https:\/\/www.accuratereviews.com\/it\/wp-json\/wp\/v2\/features?post=52510"}],"curies":[{"name":"wp","href":"https:\/\/api.w.org\/{rel}","templated":true}]}}