{"id":52511,"date":"2022-01-19T10:38:19","date_gmt":"2022-01-19T10:38:19","guid":{"rendered":"https:\/\/www.accuratereviews.com\/?page_id=52511"},"modified":"2022-01-19T10:38:19","modified_gmt":"2022-01-19T10:38:19","slug":"audienceview-recensione","status":"publish","type":"page","link":"https:\/\/www.accuratereviews.com\/it\/software-gestire-registrazioni-eventi\/audienceview-recensione\/","title":{"rendered":"AudienceView"},"content":{"rendered":"<p><strong>AudienceView<\/strong> \u00e8 una <strong>soluzione di biglietteria<\/strong> basata su <strong>cloud<\/strong> che consente a di vendere biglietti e raccogliere fondi. La soluzione consente alle organizzazioni di gestire i prezzi dei biglietti per singoli posti o sezioni e offrire biglietti gratuiti e scontati a clienti. Permette inoltre alle aziende di creare layout dei tagliandi con il logo e i colori del brand. La soluzione consente agli utenti di tenere traccia delle presenze, della cronologia dei donatori, l&#8217;elenco dei membri, dati demografici e delle informazioni sugli abbonati. La funzione di analisi della soluzione consente ai gestori di eventi di creare campagne di appartenenza ed elenchi segmentati. Possono anche identificare i donatori occasionali e indirizzarli specificamente a donazioni continue.<\/p>\n<h2>AUDIENCEVIEW &#8211; TUTORIAL<\/h2>\n<p>Guardiamo come prenotare date e posti dell&#8217;evento con questo <strong>software di gestione delle registrazioni a eventi<\/strong>:<\/p>\n<div id=\"fluid-wrapper-counter-1\" class=\"g1-fluid-wrapper \" style=\"width:686px;\">\n<div style=\"padding-bottom:56.268221574344%;\"><iframe loading=\"lazy\" title=\"Cabaret Seating\" width=\"686\" height=\"386\" src=\"https:\/\/www.youtube.com\/embed\/IQXImSIVnig?feature=oembed&amp;wmode=transparent&amp;autohide=1&amp;autoplay=0&amp;disablekb=0&amp;fs=1&amp;loop=0&amp;enablejsapi=1&amp;rel=0&amp;controls=2&amp;showinfo=0&amp;wmode=transparent&amp;autohide=2&amp;autoplay=0&amp;disablekb=0&amp;fs=1&amp;loop=0&amp;enablejsapi=1&amp;rel=0&amp;controls=2&amp;showinfo=1\" frameborder=\"0\" allow=\"accelerometer; autoplay; clipboard-write; encrypted-media; gyroscope; picture-in-picture\" allowfullscreen><\/iframe><\/div>\n<\/div>\n<h3>AUDIENCEVIEW &#8211; CARATTERISTICHE<\/h3>\n<ul>\n<li><strong>Aumenta i ricavi delle vendite e della raccolta fondi<\/strong>: converti gli acquirenti di biglietti una tantum in fan fedeli con pacchetti di abbonamento flessibili, codici promozionali e campagne di donazioni<\/li>\n<li><strong>Migliora il coinvolgimento del pubblico<\/strong>: conosci meglio i tuoi clienti attraverso dati, tagging, gestione della famiglia e segmentazione per indirizzare offerte e campagne di raccolta fondi<\/li>\n<li><strong>Semplifica il tuo botteghino<\/strong>: ottieni l&#8217;accesso a un software intuitivo che \u00e8 facile da imparare per il personale e i volontari. Elabora rapidamente i walk-up con pochi semplici passaggi<\/li>\n<li><strong>Reportistica completa<\/strong>: comprendi meglio la tua attivit\u00e0 con report che offrono filtri flessibili per una facile automazione ed esportazione<\/li>\n<li><strong>Soluzione All-in-One<\/strong>: risparmia tempo, crea maggiore efficienza e migliora il coinvolgimento dei clienti con un&#8217;unica piattaforma che riunisce tutto<\/li>\n<li><strong>Facile da usare<\/strong>: intuitivo e facile da navigare, semplifica la vita quotidiana per concentrarti sul tuo core business<\/li>\n<li><strong>Coinvolgi un nuovo pubblico<\/strong>: accedi a siti web di consumatori ad alto traffico in cui gli elenchi di eventi aiutano ad aumentare la copertura del pubblico e il potenziale di coinvolgimento<\/li>\n<li><strong>Estremamente affidabile<\/strong>: con un tempo di attivit\u00e0 del 99,9% la soluzione mantiene le operazioni senza intoppi, indipendentemente da ci\u00f2 che sta accadendo alla tua attivit\u00e0.<\/li>\n<\/ul>\n<h4>LE RECENSIONI DEGLI UTENTI<\/h4>\n<p class=\"font-weight-bold mb-2\"><strong>Erin C. &#8220;Fondamentale per la mia compagnia teatrale&#8221;<\/strong><\/p>\n<p class=\"font-weight-bold mb-2\"><strong>Pro<\/strong>: Adoro l&#8217;integrazione di questo software di biglietteria con il nostro sito web e il servizio clienti \u00e8 di prim&#8217;ordine: amichevole, completo e tempestivo.<\/p>\n<p class=\"font-weight-bold mb-2\"><strong>Contro<\/strong>: Mi piacerebbe che il design dell&#8217;integrazione fosse pi\u00f9 facile da aggiornare: abbiamo apportato modifiche al nostro sito Web e mi \u00e8 stato spiegato che ci sarebbe voluto un team di loro per rifare il design in modo che le pagine corrispondessero. All&#8217;epoca ho deciso di non farlo fare, poich\u00e9 le nostre modifiche erano minori. Ma attualmente stiamo facendo un progetto di rebranding e dovremo essere in grado di reintegrare il design &#8211; spero che possa essere fatto in modo tempestivo (quando saremo pronti). Detto questo, il servizio clienti \u00e8 sempre stato fantastico, quindi questo &#8220;mi piace di meno&#8221; non influisce sulla mia opinione sull&#8217;azienda.<\/p>\n<p class=\"font-weight-bold mb-2\"><strong>Patrick F.&#8221; Ottimo prodotto e servizio clienti eccezionale!&#8221;<\/strong><\/p>\n<p><span class=\"font-weight-bold\"><strong>Commenti<\/strong>:\u00a0<\/span>Nel complesso, siamo molto felici. \u00c8 un software complicato che richiede del tempo per abituarsi ma \u00e8 molto flessibile.<\/p>\n<p class=\"font-weight-bold mb-2\"><strong>Pro<\/strong>: Abbiamo scelto OvationTix per la stagione 2019-20 e siamo stati molto felici. Il loro team di vendita \u00e8 stato di grande aiuto nella configurazione di tutti i nostri dati. Ogni volta che abbiamo domande, il team del servizio clienti \u00e8 ben informato, molto paziente e disponibile. Consiglio vivamente di utilizzare OvationTix per le tue esigenze di biglietteria.<\/p>\n<p class=\"font-weight-bold mb-2\"><strong>Contro<\/strong>: Abbiamo avuto problemi con il nuovo lancio della loro tabella dei posti. Sfortunatamente, la nostra tabella dei posti sembra essere troppo grande per il sistema pi\u00f9 recente e siamo bloccati con la versione precedente. Stanno lavorando a un aggiornamento ma non abbiamo ancora sentito nulla.<\/p>\n<p><strong>Hillary C.&#8221;Un eccellente botteghino con strumenti di sviluppo in espansione&#8221;<\/strong><\/p>\n<p><span class=\"font-weight-bold\"><strong>Commenti<\/strong>:\u00a0<\/span>Tutti sono stati molto aperti a ricevere feedback e avvisare immediatamente gli utenti quando vengono implementate nuove funzionalit\u00e0. Ad esempio, sono stato entusiasta quando sono state aggiunte le note di sviluppo per segnalare l&#8217;output.<\/p>\n<p class=\"font-weight-bold mb-2\"><strong>Pro<\/strong>: Apprezzo quanto sia facile impostare, gestire e seguire i nostri eventi durante tutta la stagione. \u00c8 particolarmente efficace essere in grado di monitorare la partecipazione a 360* di un membro del pubblico dal primo RSVP, all&#8217;acquirente del pacchetto, al donatore.<\/p>\n<p class=\"font-weight-bold mb-2\"><strong>Contro<\/strong>: Le funzioni &#8220;Comunicazioni&#8221;, che essenzialmente tengono traccia degli appelli inviati, non sono cos\u00ec ricercabili e facili da segnalare come vorrei.<\/p>\n","protected":false},"excerpt":{"rendered":"<p>AudienceView \u00e8 una soluzione di biglietteria basata su cloud che consente a di vendere biglietti e raccogliere fondi. La soluzione consente alle organizzazioni di gestire i prezzi dei biglietti per singoli posti o sezioni e offrire biglietti gratuiti e scontati a clienti. Permette inoltre alle aziende di creare layout di biglietti con il logo e i colori del marchio.<\/p>\n","protected":false},"author":19,"featured_media":52512,"parent":51909,"menu_order":0,"comment_status":"open","ping_status":"closed","template":"g1_template_page_review_new.php","meta":{"_acf_changed":false,"cwp_meta_box_check":"No","cwp_rev_product_name":"","cwp_rev_product_image":"","wppr_links":[],"cwp_rev_price":"","wppr_options":[],"wppr_pros":[],"wppr_cons":[],"_monsterinsights_skip_tracking":false,"_monsterinsights_sitenote_active":false,"_monsterinsights_sitenote_note":"","_monsterinsights_sitenote_category":0,"footnotes":""},"categories":[11738],"tags":[11849,11836,11743,11741,11740,11744],"features":[],"class_list":{"0":"post-52511","1":"page","2":"type-page","3":"status-publish","4":"has-post-thumbnail","6":"category-software-gestire-registrazioni-eventi-categoria","7":"tag-audienceview","8":"tag-piattaforma-per-gestire-le-registrazioni-a-eventi","9":"tag-programma-per-gestire-le-registrazioni-agli-eventi","10":"tag-registrazione-eventi","11":"tag-software-per-gestire-le-registrazioni-agli-eventi","12":"tag-soluzione-per-gestire-le-registrazioni-agli-eventi"},"wppr_data":{"cwp_meta_box_check":"No"},"acf":[],"yoast_head":"<!-- This site is optimized with the Yoast SEO plugin v27.4 - https:\/\/yoast.com\/product\/yoast-seo-wordpress\/ -->\n<title>AudienceView: recensione software per gestire le registrazioni a eventi<\/title>\n<meta name=\"description\" content=\"AudienceView: recensione soluzione di biglietteria basata su cloud che consente di vendere biglietti e raccogliere fondi.\" \/>\n<meta name=\"robots\" content=\"index, follow, max-snippet:-1, max-image-preview:large, max-video-preview:-1\" \/>\n<link rel=\"canonical\" href=\"https:\/\/www.accuratereviews.com\/it\/software-gestire-registrazioni-eventi\/audienceview-recensione\/\" \/>\n<meta property=\"og:locale\" content=\"it_IT\" \/>\n<meta property=\"og:type\" content=\"article\" \/>\n<meta property=\"og:title\" content=\"AudienceView: recensione software per gestire le registrazioni a eventi\" \/>\n<meta property=\"og:description\" content=\"AudienceView: recensione soluzione di biglietteria basata su cloud che consente di vendere biglietti e raccogliere fondi.\" \/>\n<meta property=\"og:url\" content=\"https:\/\/www.accuratereviews.com\/it\/software-gestire-registrazioni-eventi\/audienceview-recensione\/\" \/>\n<meta property=\"og:site_name\" content=\"Accurate Reviews\" \/>\n<meta property=\"og:image\" content=\"https:\/\/www.accuratereviews.com\/wp-content\/uploads\/2022\/01\/audienceview-professional.png\" \/>\n\t<meta property=\"og:image:width\" content=\"600\" \/>\n\t<meta property=\"og:image:height\" content=\"315\" \/>\n\t<meta property=\"og:image:type\" content=\"image\/png\" \/>\n<meta name=\"twitter:card\" content=\"summary_large_image\" \/>\n<meta name=\"twitter:label1\" content=\"Tempo di lettura stimato\" \/>\n\t<meta name=\"twitter:data1\" content=\"4 minuti\" \/>\n<script type=\"application\/ld+json\" class=\"yoast-schema-graph\">{\"@context\":\"https:\\\/\\\/schema.org\",\"@graph\":[{\"@type\":\"WebPage\",\"@id\":\"https:\\\/\\\/www.accuratereviews.com\\\/it\\\/software-gestire-registrazioni-eventi\\\/audienceview-recensione\\\/\",\"url\":\"https:\\\/\\\/www.accuratereviews.com\\\/it\\\/software-gestire-registrazioni-eventi\\\/audienceview-recensione\\\/\",\"name\":\"AudienceView: recensione software per gestire le registrazioni a eventi\",\"isPartOf\":{\"@id\":\"https:\\\/\\\/www.accuratereviews.com\\\/it\\\/#website\"},\"primaryImageOfPage\":{\"@id\":\"https:\\\/\\\/www.accuratereviews.com\\\/it\\\/software-gestire-registrazioni-eventi\\\/audienceview-recensione\\\/#primaryimage\"},\"image\":{\"@id\":\"https:\\\/\\\/www.accuratereviews.com\\\/it\\\/software-gestire-registrazioni-eventi\\\/audienceview-recensione\\\/#primaryimage\"},\"thumbnailUrl\":\"https:\\\/\\\/www.accuratereviews.com\\\/wp-content\\\/uploads\\\/2022\\\/01\\\/audienceview-professional.png\",\"datePublished\":\"2022-01-19T10:38:19+00:00\",\"description\":\"AudienceView: recensione soluzione di biglietteria basata su cloud che consente di vendere biglietti e raccogliere fondi.\",\"breadcrumb\":{\"@id\":\"https:\\\/\\\/www.accuratereviews.com\\\/it\\\/software-gestire-registrazioni-eventi\\\/audienceview-recensione\\\/#breadcrumb\"},\"inLanguage\":\"it-IT\",\"potentialAction\":[{\"@type\":\"ReadAction\",\"target\":[\"https:\\\/\\\/www.accuratereviews.com\\\/it\\\/software-gestire-registrazioni-eventi\\\/audienceview-recensione\\\/\"]}]},{\"@type\":\"ImageObject\",\"inLanguage\":\"it-IT\",\"@id\":\"https:\\\/\\\/www.accuratereviews.com\\\/it\\\/software-gestire-registrazioni-eventi\\\/audienceview-recensione\\\/#primaryimage\",\"url\":\"https:\\\/\\\/www.accuratereviews.com\\\/wp-content\\\/uploads\\\/2022\\\/01\\\/audienceview-professional.png\",\"contentUrl\":\"https:\\\/\\\/www.accuratereviews.com\\\/wp-content\\\/uploads\\\/2022\\\/01\\\/audienceview-professional.png\",\"width\":600,\"height\":315},{\"@type\":\"BreadcrumbList\",\"@id\":\"https:\\\/\\\/www.accuratereviews.com\\\/it\\\/software-gestire-registrazioni-eventi\\\/audienceview-recensione\\\/#breadcrumb\",\"itemListElement\":[{\"@type\":\"ListItem\",\"position\":1,\"name\":\"Home\",\"item\":\"https:\\\/\\\/www.accuratereviews.com\\\/it\\\/\"},{\"@type\":\"ListItem\",\"position\":2,\"name\":\"Software per gestire le registrazioni agli eventi\",\"item\":\"https:\\\/\\\/www.accuratereviews.com\\\/it\\\/software-gestire-registrazioni-eventi\\\/\"},{\"@type\":\"ListItem\",\"position\":3,\"name\":\"AudienceView\"}]},{\"@type\":\"WebSite\",\"@id\":\"https:\\\/\\\/www.accuratereviews.com\\\/it\\\/#website\",\"url\":\"https:\\\/\\\/www.accuratereviews.com\\\/it\\\/\",\"name\":\"Accurate Reviews\",\"description\":\"\",\"potentialAction\":[{\"@type\":\"SearchAction\",\"target\":{\"@type\":\"EntryPoint\",\"urlTemplate\":\"https:\\\/\\\/www.accuratereviews.com\\\/it\\\/?s={search_term_string}\"},\"query-input\":{\"@type\":\"PropertyValueSpecification\",\"valueRequired\":true,\"valueName\":\"search_term_string\"}}],\"inLanguage\":\"it-IT\"}]}<\/script>\n<!-- \/ Yoast SEO plugin. -->","yoast_head_json":{"title":"AudienceView: recensione software per gestire le registrazioni a eventi","description":"AudienceView: recensione soluzione di biglietteria basata su cloud che consente di vendere biglietti e raccogliere fondi.","robots":{"index":"index","follow":"follow","max-snippet":"max-snippet:-1","max-image-preview":"max-image-preview:large","max-video-preview":"max-video-preview:-1"},"canonical":"https:\/\/www.accuratereviews.com\/it\/software-gestire-registrazioni-eventi\/audienceview-recensione\/","og_locale":"it_IT","og_type":"article","og_title":"AudienceView: recensione software per gestire le registrazioni a eventi","og_description":"AudienceView: recensione soluzione di biglietteria basata su cloud che consente di vendere biglietti e raccogliere fondi.","og_url":"https:\/\/www.accuratereviews.com\/it\/software-gestire-registrazioni-eventi\/audienceview-recensione\/","og_site_name":"Accurate Reviews","og_image":[{"width":600,"height":315,"url":"https:\/\/www.accuratereviews.com\/wp-content\/uploads\/2022\/01\/audienceview-professional.png","type":"image\/png"}],"twitter_card":"summary_large_image","twitter_misc":{"Tempo di lettura stimato":"4 minuti"},"schema":{"@context":"https:\/\/schema.org","@graph":[{"@type":"WebPage","@id":"https:\/\/www.accuratereviews.com\/it\/software-gestire-registrazioni-eventi\/audienceview-recensione\/","url":"https:\/\/www.accuratereviews.com\/it\/software-gestire-registrazioni-eventi\/audienceview-recensione\/","name":"AudienceView: recensione software per gestire le registrazioni a eventi","isPartOf":{"@id":"https:\/\/www.accuratereviews.com\/it\/#website"},"primaryImageOfPage":{"@id":"https:\/\/www.accuratereviews.com\/it\/software-gestire-registrazioni-eventi\/audienceview-recensione\/#primaryimage"},"image":{"@id":"https:\/\/www.accuratereviews.com\/it\/software-gestire-registrazioni-eventi\/audienceview-recensione\/#primaryimage"},"thumbnailUrl":"https:\/\/www.accuratereviews.com\/wp-content\/uploads\/2022\/01\/audienceview-professional.png","datePublished":"2022-01-19T10:38:19+00:00","description":"AudienceView: recensione soluzione di biglietteria basata su cloud che consente di vendere biglietti e raccogliere fondi.","breadcrumb":{"@id":"https:\/\/www.accuratereviews.com\/it\/software-gestire-registrazioni-eventi\/audienceview-recensione\/#breadcrumb"},"inLanguage":"it-IT","potentialAction":[{"@type":"ReadAction","target":["https:\/\/www.accuratereviews.com\/it\/software-gestire-registrazioni-eventi\/audienceview-recensione\/"]}]},{"@type":"ImageObject","inLanguage":"it-IT","@id":"https:\/\/www.accuratereviews.com\/it\/software-gestire-registrazioni-eventi\/audienceview-recensione\/#primaryimage","url":"https:\/\/www.accuratereviews.com\/wp-content\/uploads\/2022\/01\/audienceview-professional.png","contentUrl":"https:\/\/www.accuratereviews.com\/wp-content\/uploads\/2022\/01\/audienceview-professional.png","width":600,"height":315},{"@type":"BreadcrumbList","@id":"https:\/\/www.accuratereviews.com\/it\/software-gestire-registrazioni-eventi\/audienceview-recensione\/#breadcrumb","itemListElement":[{"@type":"ListItem","position":1,"name":"Home","item":"https:\/\/www.accuratereviews.com\/it\/"},{"@type":"ListItem","position":2,"name":"Software per gestire le registrazioni agli eventi","item":"https:\/\/www.accuratereviews.com\/it\/software-gestire-registrazioni-eventi\/"},{"@type":"ListItem","position":3,"name":"AudienceView"}]},{"@type":"WebSite","@id":"https:\/\/www.accuratereviews.com\/it\/#website","url":"https:\/\/www.accuratereviews.com\/it\/","name":"Accurate Reviews","description":"","potentialAction":[{"@type":"SearchAction","target":{"@type":"EntryPoint","urlTemplate":"https:\/\/www.accuratereviews.com\/it\/?s={search_term_string}"},"query-input":{"@type":"PropertyValueSpecification","valueRequired":true,"valueName":"search_term_string"}}],"inLanguage":"it-IT"}]}},"_links":{"self":[{"href":"https:\/\/www.accuratereviews.com\/it\/wp-json\/wp\/v2\/pages\/52511","targetHints":{"allow":["GET"]}}],"collection":[{"href":"https:\/\/www.accuratereviews.com\/it\/wp-json\/wp\/v2\/pages"}],"about":[{"href":"https:\/\/www.accuratereviews.com\/it\/wp-json\/wp\/v2\/types\/page"}],"author":[{"embeddable":true,"href":"https:\/\/www.accuratereviews.com\/it\/wp-json\/wp\/v2\/users\/19"}],"replies":[{"embeddable":true,"href":"https:\/\/www.accuratereviews.com\/it\/wp-json\/wp\/v2\/comments?post=52511"}],"version-history":[{"count":10,"href":"https:\/\/www.accuratereviews.com\/it\/wp-json\/wp\/v2\/pages\/52511\/revisions"}],"predecessor-version":[{"id":52555,"href":"https:\/\/www.accuratereviews.com\/it\/wp-json\/wp\/v2\/pages\/52511\/revisions\/52555"}],"up":[{"embeddable":true,"href":"https:\/\/www.accuratereviews.com\/it\/wp-json\/wp\/v2\/pages\/51909"}],"wp:featuredmedia":[{"embeddable":true,"href":"https:\/\/www.accuratereviews.com\/it\/wp-json\/wp\/v2\/media\/52512"}],"wp:attachment":[{"href":"https:\/\/www.accuratereviews.com\/it\/wp-json\/wp\/v2\/media?parent=52511"}],"wp:term":[{"taxonomy":"category","embeddable":true,"href":"https:\/\/www.accuratereviews.com\/it\/wp-json\/wp\/v2\/categories?post=52511"},{"taxonomy":"post_tag","embeddable":true,"href":"https:\/\/www.accuratereviews.com\/it\/wp-json\/wp\/v2\/tags?post=52511"},{"taxonomy":"features","embeddable":true,"href":"https:\/\/www.accuratereviews.com\/it\/wp-json\/wp\/v2\/features?post=52511"}],"curies":[{"name":"wp","href":"https:\/\/api.w.org\/{rel}","templated":true}]}}