{"id":52546,"date":"2022-01-20T11:41:52","date_gmt":"2022-01-20T11:41:52","guid":{"rendered":"https:\/\/www.accuratereviews.com\/?page_id=52546"},"modified":"2022-01-20T11:41:52","modified_gmt":"2022-01-20T11:41:52","slug":"eventdex-recensione","status":"publish","type":"page","link":"https:\/\/www.accuratereviews.com\/it\/software-gestire-registrazioni-eventi\/eventdex-recensione\/","title":{"rendered":"Eventdex"},"content":{"rendered":"<p><strong>Eventdex<\/strong> \u00e8 una soluzione integrata che soddisfa le esigenze di <strong>gestione degli eventi<\/strong> da parte degli organizzatori. Pu\u00f2 occuparsi delle registrazioni alle manifestazioni, dei check-in, dell&#8217;organizzazione in loco, del recupero dei lead e pu\u00f2 persino fornire approfondimenti sugli eventi. Con <strong>Eventdex<\/strong> puoi organizzare ed eseguire conferenze e workshop da un&#8217;unica piattaforma. I processi sono anche senza soluzione di continuit\u00e0 grazie all&#8217;interfaccia user-friendly e intuitiva della soluzione. Il programma ti consente inoltre di portare la gestione degli eventi in movimento. Ottieni la tua app per il tuo evento in cui puoi interagire con i partecipanti.\u00a0 Gli utenti possono visualizzare le biografie degli oratori, i profili dei social media, i video, i documenti degli eventi e altri allegati. Gli orari e le descrizioni dei seminari possono essere gestiti con la funzione agenda. Inoltre, metti le mani su una mappatura digitale completa dei tuoi eventi per aiutarti a prendere decisioni pi\u00f9 informate supportate da dati e analisi.<\/p>\n<h2>EVENTDEX &#8211; TUTORIAL<\/h2>\n<p>Guardiamo come creare un seminario con questo <strong>software per gestire le registrazione a eventi<\/strong>:<\/p>\n<div id=\"fluid-wrapper-counter-1\" class=\"g1-fluid-wrapper \" style=\"width:686px;\">\n<div style=\"padding-bottom:56.268221574344%;\"><iframe loading=\"lazy\" title=\"Eventdex - Create Seminar\" width=\"515\" height=\"386\" src=\"https:\/\/www.youtube.com\/embed\/LpMFc0ngKBI?feature=oembed&amp;wmode=transparent&amp;autohide=1&amp;autoplay=0&amp;disablekb=0&amp;fs=1&amp;loop=0&amp;enablejsapi=1&amp;rel=0&amp;controls=2&amp;showinfo=0&amp;wmode=transparent&amp;autohide=2&amp;autoplay=0&amp;disablekb=0&amp;fs=1&amp;loop=0&amp;enablejsapi=1&amp;rel=0&amp;controls=2&amp;showinfo=1\" frameborder=\"0\" allow=\"accelerometer; autoplay; clipboard-write; encrypted-media; gyroscope; picture-in-picture\" allowfullscreen><\/iframe><\/div>\n<\/div>\n<h3>EVENTDEX &#8211; CARATTERISTICHE<\/h3>\n<ul>\n<li><strong>Piattaforma per eventi virtuale e ibrida<\/strong>: raggiungi un pubblico globale e crea eventi scalabili che offrono reti superiori e ROI elevati<\/li>\n<li><strong>Recupero dei lead<\/strong>: consenti ai tuoi sponsor ed espositori di acquisire ed elaborare lead in occasione di fiere e conferenze<\/li>\n<li><strong>Gestione eventi in loco<\/strong>: crea un evento ibrido o di persona pi\u00f9 coinvolgente con registrazioni contactless, check-in e stampa di badge<\/li>\n<li><strong>App mobile per eventi<\/strong>: avvia conversazioni coinvolgenti e condividi contenuti interessanti per interagire con i partecipanti prima, durante e dopo l&#8217;evento<\/li>\n<li><strong>Facile da usare<\/strong>: il software fornisce un&#8217;interfaccia intuitiva con strumenti di gestione che ti mettono al posto di guida. Ottieni il controllo totale sui tuoi eventi, dalle planimetrie all&#8217;assegnazione delle attivit\u00e0 alla registrazione online<\/li>\n<li><strong>Garantire il successo<\/strong>: aumenta l&#8217;efficienza e aumenta il coinvolgimento\u00a0 automatizzando le noiose attivit\u00e0 di pianificazione. Gestisci le finanze e misura il ROI di ogni evento con il software di pianificazione di eventi aziendali end-to-end<\/li>\n<li><strong>Personalizzabile<\/strong>: utilizza il software per creare siti web personalizzati, elenchi di invitati e prezzi dei biglietti. Genera report personalizzati per misurare meglio il ROI e il successo dell&#8217;evento, incluso il coinvolgimento dei partecipanti.<\/li>\n<\/ul>\n<h4>LE RECENSIONE DEGLI UTENTI<\/h4>\n<p class=\"font-weight-bold mb-2\"><strong>Leigh C.&#8221;ECCEZIONALE Supporto ed Evento&#8221;<\/strong><\/p>\n<p><span class=\"font-weight-bold\"><strong>Commenti<\/strong>:\u00a0<\/span>MOLTO REATTIVO. Ho dovuto apportare una modifica all&#8217;ultimo minuto ed \u00e8 stato fantastico lavorare con loro e cos\u00ec reattivi. Ero a corto di personale e hanno preso tutti i clienti e hanno lavorato con loro. IL MIGLIOR SERVIZIO DI SEMPRE!<\/p>\n<p class=\"font-weight-bold mb-2\"><strong>Pro<\/strong>: Il software Eventdex \u00e8 stato fantastico, facile da usare, il supporto \u00e8 stato molto reattivo<\/p>\n<p class=\"font-weight-bold mb-2\"><strong>Contro<\/strong>: Eventdex ha funzionato alla grande &#8211; i clienti dell&#8217;ultimo minuto non sono stati in grado di garantire gli appuntamenti che desideravano, tuttavia non era Eventdex &#8211; quello era il cliente<\/p>\n<p class=\"font-weight-bold mb-2\"><strong>David R.&#8221;Eventdex \u00e8 fantastico per eventi e matchmaking&#8221;<\/strong><\/p>\n<p><span class=\"font-weight-bold\"><strong>Commenti<\/strong>:\u00a0<\/span>Uso Eventdex da diversi anni ormai con un&#8217;organizzazione no-profit di cui faccio parte. Il software \u00e8 molto potente e migliora ogni anno. Non si basano sugli ultimi successi. Il supporto \u00e8 incredibile.<\/p>\n<p class=\"font-weight-bold mb-2\"><strong>Pro<\/strong>: Eventdex \u00e8 facile da usare. Il nuovo evento online, lo stand espositivo e la funzionalit\u00e0 di match maker \u00e8 molto pi\u00f9 avanti di altri che abbiamo visto.<\/p>\n<p class=\"font-weight-bold mb-2\"><strong>Contro<\/strong>: L&#8217;interfaccia di amministrazione potrebbe migliorare, ma questo non \u00e8 stato un ostacolo per noi.<\/p>\n<p class=\"font-weight-bold mb-2\"><strong>Pedro F. &#8220;Una piattaforma molto potente&#8221;<\/strong><\/p>\n<p><span class=\"font-weight-bold\"><strong>Commenti<\/strong>:\u00a0<\/span>Ottimo prezzo e caratteristiche<\/p>\n<p class=\"font-weight-bold mb-2\"><strong>Pro<\/strong>: La funzionalit\u00e0 della piattaforma multipla ne fa una soluzione robusta per l&#8217;industria degli eventi, dalla semplice registrazione al modulo di matchmaking.<\/p>\n<p class=\"font-weight-bold mb-2\"><strong>Contro<\/strong>: Ci sar\u00e0 un miglioramento in futuro, ma sicuramente il servizio clienti \u00e8 un team A+ e sar\u00e0 con te in ogni fase.<\/p>\n","protected":false},"excerpt":{"rendered":"<p>Eventdex \u00e8 una soluzione integrata che soddisfa le esigenze di gestione degli eventi degli organizzatori. Pu\u00f2 occuparsi delle registrazioni alle manifestazioni, dei check-in, dell&#8217;organizzazione in loco, del recupero dei lead e pu\u00f2 persino fornire approfondimenti sugli eventi. Con Eventdex, puoi organizzare ed eseguire conferenze e workshop da un&#8217;unica piattaforma.<\/p>\n","protected":false},"author":19,"featured_media":52547,"parent":51909,"menu_order":0,"comment_status":"open","ping_status":"closed","template":"g1_template_page_review_new.php","meta":{"_acf_changed":false,"cwp_meta_box_check":"No","cwp_rev_product_name":"","cwp_rev_product_image":"","wppr_links":[],"cwp_rev_price":"","wppr_options":[],"wppr_pros":[],"wppr_cons":[],"_monsterinsights_skip_tracking":false,"_monsterinsights_sitenote_active":false,"_monsterinsights_sitenote_note":"","_monsterinsights_sitenote_category":0,"footnotes":""},"categories":[11738],"tags":[11851,11745,11743,11741,11740,11744],"features":[],"class_list":{"0":"post-52546","1":"page","2":"type-page","3":"status-publish","4":"has-post-thumbnail","6":"category-software-gestire-registrazioni-eventi-categoria","7":"tag-eventdex","8":"tag-piattaforma-per-gestire-le-registrazioni-agli-eventi","9":"tag-programma-per-gestire-le-registrazioni-agli-eventi","10":"tag-registrazione-eventi","11":"tag-software-per-gestire-le-registrazioni-agli-eventi","12":"tag-soluzione-per-gestire-le-registrazioni-agli-eventi"},"wppr_data":{"cwp_meta_box_check":"No"},"acf":[],"yoast_head":"<!-- This site is optimized with the Yoast SEO plugin v27.4 - https:\/\/yoast.com\/product\/yoast-seo-wordpress\/ -->\n<title>Eventdex: recensione software per gestire le registrazioni a eventi<\/title>\n<meta name=\"description\" content=\"Eventdex: recensione soluzione integrata che soddisfa le esigenze di gestione degli eventi da parte degli organizzatori.\" \/>\n<meta name=\"robots\" content=\"index, follow, max-snippet:-1, max-image-preview:large, max-video-preview:-1\" \/>\n<link rel=\"canonical\" href=\"https:\/\/www.accuratereviews.com\/it\/software-gestire-registrazioni-eventi\/eventdex-recensione\/\" \/>\n<meta property=\"og:locale\" content=\"it_IT\" \/>\n<meta property=\"og:type\" content=\"article\" \/>\n<meta property=\"og:title\" content=\"Eventdex: recensione software per gestire le registrazioni a eventi\" \/>\n<meta property=\"og:description\" content=\"Eventdex: recensione soluzione integrata che soddisfa le esigenze di gestione degli eventi da parte degli organizzatori.\" \/>\n<meta property=\"og:url\" content=\"https:\/\/www.accuratereviews.com\/it\/software-gestire-registrazioni-eventi\/eventdex-recensione\/\" \/>\n<meta property=\"og:site_name\" content=\"Accurate Reviews\" \/>\n<meta property=\"og:image\" content=\"https:\/\/www.accuratereviews.com\/wp-content\/uploads\/2022\/01\/Eventdex.jpg\" \/>\n\t<meta property=\"og:image:width\" content=\"900\" \/>\n\t<meta property=\"og:image:height\" content=\"900\" \/>\n\t<meta property=\"og:image:type\" content=\"image\/jpeg\" \/>\n<meta name=\"twitter:card\" content=\"summary_large_image\" \/>\n<meta name=\"twitter:label1\" content=\"Tempo di lettura stimato\" \/>\n\t<meta name=\"twitter:data1\" content=\"4 minuti\" \/>\n<script type=\"application\/ld+json\" class=\"yoast-schema-graph\">{\"@context\":\"https:\\\/\\\/schema.org\",\"@graph\":[{\"@type\":\"WebPage\",\"@id\":\"https:\\\/\\\/www.accuratereviews.com\\\/it\\\/software-gestire-registrazioni-eventi\\\/eventdex-recensione\\\/\",\"url\":\"https:\\\/\\\/www.accuratereviews.com\\\/it\\\/software-gestire-registrazioni-eventi\\\/eventdex-recensione\\\/\",\"name\":\"Eventdex: recensione software per gestire le registrazioni a eventi\",\"isPartOf\":{\"@id\":\"https:\\\/\\\/www.accuratereviews.com\\\/it\\\/#website\"},\"primaryImageOfPage\":{\"@id\":\"https:\\\/\\\/www.accuratereviews.com\\\/it\\\/software-gestire-registrazioni-eventi\\\/eventdex-recensione\\\/#primaryimage\"},\"image\":{\"@id\":\"https:\\\/\\\/www.accuratereviews.com\\\/it\\\/software-gestire-registrazioni-eventi\\\/eventdex-recensione\\\/#primaryimage\"},\"thumbnailUrl\":\"https:\\\/\\\/www.accuratereviews.com\\\/wp-content\\\/uploads\\\/2022\\\/01\\\/Eventdex.jpg\",\"datePublished\":\"2022-01-20T11:41:52+00:00\",\"description\":\"Eventdex: recensione soluzione integrata che soddisfa le esigenze di gestione degli eventi da parte degli organizzatori.\",\"breadcrumb\":{\"@id\":\"https:\\\/\\\/www.accuratereviews.com\\\/it\\\/software-gestire-registrazioni-eventi\\\/eventdex-recensione\\\/#breadcrumb\"},\"inLanguage\":\"it-IT\",\"potentialAction\":[{\"@type\":\"ReadAction\",\"target\":[\"https:\\\/\\\/www.accuratereviews.com\\\/it\\\/software-gestire-registrazioni-eventi\\\/eventdex-recensione\\\/\"]}]},{\"@type\":\"ImageObject\",\"inLanguage\":\"it-IT\",\"@id\":\"https:\\\/\\\/www.accuratereviews.com\\\/it\\\/software-gestire-registrazioni-eventi\\\/eventdex-recensione\\\/#primaryimage\",\"url\":\"https:\\\/\\\/www.accuratereviews.com\\\/wp-content\\\/uploads\\\/2022\\\/01\\\/Eventdex.jpg\",\"contentUrl\":\"https:\\\/\\\/www.accuratereviews.com\\\/wp-content\\\/uploads\\\/2022\\\/01\\\/Eventdex.jpg\",\"width\":900,\"height\":900},{\"@type\":\"BreadcrumbList\",\"@id\":\"https:\\\/\\\/www.accuratereviews.com\\\/it\\\/software-gestire-registrazioni-eventi\\\/eventdex-recensione\\\/#breadcrumb\",\"itemListElement\":[{\"@type\":\"ListItem\",\"position\":1,\"name\":\"Home\",\"item\":\"https:\\\/\\\/www.accuratereviews.com\\\/it\\\/\"},{\"@type\":\"ListItem\",\"position\":2,\"name\":\"Software per gestire le registrazioni agli eventi\",\"item\":\"https:\\\/\\\/www.accuratereviews.com\\\/it\\\/software-gestire-registrazioni-eventi\\\/\"},{\"@type\":\"ListItem\",\"position\":3,\"name\":\"Eventdex\"}]},{\"@type\":\"WebSite\",\"@id\":\"https:\\\/\\\/www.accuratereviews.com\\\/it\\\/#website\",\"url\":\"https:\\\/\\\/www.accuratereviews.com\\\/it\\\/\",\"name\":\"Accurate Reviews\",\"description\":\"\",\"potentialAction\":[{\"@type\":\"SearchAction\",\"target\":{\"@type\":\"EntryPoint\",\"urlTemplate\":\"https:\\\/\\\/www.accuratereviews.com\\\/it\\\/?s={search_term_string}\"},\"query-input\":{\"@type\":\"PropertyValueSpecification\",\"valueRequired\":true,\"valueName\":\"search_term_string\"}}],\"inLanguage\":\"it-IT\"}]}<\/script>\n<!-- \/ Yoast SEO plugin. -->","yoast_head_json":{"title":"Eventdex: recensione software per gestire le registrazioni a eventi","description":"Eventdex: recensione soluzione integrata che soddisfa le esigenze di gestione degli eventi da parte degli organizzatori.","robots":{"index":"index","follow":"follow","max-snippet":"max-snippet:-1","max-image-preview":"max-image-preview:large","max-video-preview":"max-video-preview:-1"},"canonical":"https:\/\/www.accuratereviews.com\/it\/software-gestire-registrazioni-eventi\/eventdex-recensione\/","og_locale":"it_IT","og_type":"article","og_title":"Eventdex: recensione software per gestire le registrazioni a eventi","og_description":"Eventdex: recensione soluzione integrata che soddisfa le esigenze di gestione degli eventi da parte degli organizzatori.","og_url":"https:\/\/www.accuratereviews.com\/it\/software-gestire-registrazioni-eventi\/eventdex-recensione\/","og_site_name":"Accurate Reviews","og_image":[{"width":900,"height":900,"url":"https:\/\/www.accuratereviews.com\/wp-content\/uploads\/2022\/01\/Eventdex.jpg","type":"image\/jpeg"}],"twitter_card":"summary_large_image","twitter_misc":{"Tempo di lettura stimato":"4 minuti"},"schema":{"@context":"https:\/\/schema.org","@graph":[{"@type":"WebPage","@id":"https:\/\/www.accuratereviews.com\/it\/software-gestire-registrazioni-eventi\/eventdex-recensione\/","url":"https:\/\/www.accuratereviews.com\/it\/software-gestire-registrazioni-eventi\/eventdex-recensione\/","name":"Eventdex: recensione software per gestire le registrazioni a eventi","isPartOf":{"@id":"https:\/\/www.accuratereviews.com\/it\/#website"},"primaryImageOfPage":{"@id":"https:\/\/www.accuratereviews.com\/it\/software-gestire-registrazioni-eventi\/eventdex-recensione\/#primaryimage"},"image":{"@id":"https:\/\/www.accuratereviews.com\/it\/software-gestire-registrazioni-eventi\/eventdex-recensione\/#primaryimage"},"thumbnailUrl":"https:\/\/www.accuratereviews.com\/wp-content\/uploads\/2022\/01\/Eventdex.jpg","datePublished":"2022-01-20T11:41:52+00:00","description":"Eventdex: recensione soluzione integrata che soddisfa le esigenze di gestione degli eventi da parte degli organizzatori.","breadcrumb":{"@id":"https:\/\/www.accuratereviews.com\/it\/software-gestire-registrazioni-eventi\/eventdex-recensione\/#breadcrumb"},"inLanguage":"it-IT","potentialAction":[{"@type":"ReadAction","target":["https:\/\/www.accuratereviews.com\/it\/software-gestire-registrazioni-eventi\/eventdex-recensione\/"]}]},{"@type":"ImageObject","inLanguage":"it-IT","@id":"https:\/\/www.accuratereviews.com\/it\/software-gestire-registrazioni-eventi\/eventdex-recensione\/#primaryimage","url":"https:\/\/www.accuratereviews.com\/wp-content\/uploads\/2022\/01\/Eventdex.jpg","contentUrl":"https:\/\/www.accuratereviews.com\/wp-content\/uploads\/2022\/01\/Eventdex.jpg","width":900,"height":900},{"@type":"BreadcrumbList","@id":"https:\/\/www.accuratereviews.com\/it\/software-gestire-registrazioni-eventi\/eventdex-recensione\/#breadcrumb","itemListElement":[{"@type":"ListItem","position":1,"name":"Home","item":"https:\/\/www.accuratereviews.com\/it\/"},{"@type":"ListItem","position":2,"name":"Software per gestire le registrazioni agli eventi","item":"https:\/\/www.accuratereviews.com\/it\/software-gestire-registrazioni-eventi\/"},{"@type":"ListItem","position":3,"name":"Eventdex"}]},{"@type":"WebSite","@id":"https:\/\/www.accuratereviews.com\/it\/#website","url":"https:\/\/www.accuratereviews.com\/it\/","name":"Accurate Reviews","description":"","potentialAction":[{"@type":"SearchAction","target":{"@type":"EntryPoint","urlTemplate":"https:\/\/www.accuratereviews.com\/it\/?s={search_term_string}"},"query-input":{"@type":"PropertyValueSpecification","valueRequired":true,"valueName":"search_term_string"}}],"inLanguage":"it-IT"}]}},"_links":{"self":[{"href":"https:\/\/www.accuratereviews.com\/it\/wp-json\/wp\/v2\/pages\/52546","targetHints":{"allow":["GET"]}}],"collection":[{"href":"https:\/\/www.accuratereviews.com\/it\/wp-json\/wp\/v2\/pages"}],"about":[{"href":"https:\/\/www.accuratereviews.com\/it\/wp-json\/wp\/v2\/types\/page"}],"author":[{"embeddable":true,"href":"https:\/\/www.accuratereviews.com\/it\/wp-json\/wp\/v2\/users\/19"}],"replies":[{"embeddable":true,"href":"https:\/\/www.accuratereviews.com\/it\/wp-json\/wp\/v2\/comments?post=52546"}],"version-history":[{"count":12,"href":"https:\/\/www.accuratereviews.com\/it\/wp-json\/wp\/v2\/pages\/52546\/revisions"}],"predecessor-version":[{"id":52612,"href":"https:\/\/www.accuratereviews.com\/it\/wp-json\/wp\/v2\/pages\/52546\/revisions\/52612"}],"up":[{"embeddable":true,"href":"https:\/\/www.accuratereviews.com\/it\/wp-json\/wp\/v2\/pages\/51909"}],"wp:featuredmedia":[{"embeddable":true,"href":"https:\/\/www.accuratereviews.com\/it\/wp-json\/wp\/v2\/media\/52547"}],"wp:attachment":[{"href":"https:\/\/www.accuratereviews.com\/it\/wp-json\/wp\/v2\/media?parent=52546"}],"wp:term":[{"taxonomy":"category","embeddable":true,"href":"https:\/\/www.accuratereviews.com\/it\/wp-json\/wp\/v2\/categories?post=52546"},{"taxonomy":"post_tag","embeddable":true,"href":"https:\/\/www.accuratereviews.com\/it\/wp-json\/wp\/v2\/tags?post=52546"},{"taxonomy":"features","embeddable":true,"href":"https:\/\/www.accuratereviews.com\/it\/wp-json\/wp\/v2\/features?post=52546"}],"curies":[{"name":"wp","href":"https:\/\/api.w.org\/{rel}","templated":true}]}}