{"id":52560,"date":"2022-01-19T15:49:52","date_gmt":"2022-01-19T15:49:52","guid":{"rendered":"https:\/\/www.accuratereviews.com\/?page_id=52560"},"modified":"2022-01-19T15:49:52","modified_gmt":"2022-01-19T15:49:52","slug":"meetapp-recensione","status":"publish","type":"page","link":"https:\/\/www.accuratereviews.com\/it\/software-gestire-registrazioni-eventi\/meetapp-recensione\/","title":{"rendered":"MeetApp"},"content":{"rendered":"<p><strong>MeetApp<\/strong> \u00e8 un&#8217;<strong>applicazione per gestire le registrazioni agli eventi<\/strong>, disponibile sia in versione desktop che in versione mobile per dispositivi iOS e Android. Utilizzando questa piattaforma end-to-end, potrete creare conferenze ed eventi di qualsiasi tipo: dal vivo, virtuali, ibridi coinvolgendo e interagendo con tutti i partecipanti prima, durante e dopo l&#8217;evento.<br \/>\nSfruttando le potenti funzioni di dialogo di <strong>MeetApp<\/strong>, potrai trasformare un pubblico passivo in un pubblico attivo, informato, impegnato e connesso in tempo reale. Semplifica e automatizza la creazione degli inviti personalizzati, delle pagine di registrazione dei partecipanti, dei promemoria e di tutto ci\u00f2 che riguarda il tuo evento.<\/p>\n<h2>MEETAPP &#8211; TUTORIAL<\/h2>\n<p>Ecco un breve video che ci mostra come funziona questa applicazione:<\/p>\n<div id=\"fluid-wrapper-counter-1\" class=\"g1-fluid-wrapper \" style=\"width:686px;\">\n<div style=\"padding-bottom:56.268221574344%;\"><iframe loading=\"lazy\" title=\"Effective meetings, amazing events with MeetApp\" width=\"686\" height=\"386\" src=\"https:\/\/www.youtube.com\/embed\/w28UN09bwV8?feature=oembed&amp;wmode=transparent&amp;autohide=1&amp;autoplay=0&amp;disablekb=0&amp;fs=1&amp;loop=0&amp;enablejsapi=1&amp;rel=0&amp;controls=2&amp;showinfo=0&amp;wmode=transparent&amp;autohide=2&amp;autoplay=0&amp;disablekb=0&amp;fs=1&amp;loop=0&amp;enablejsapi=1&amp;rel=0&amp;controls=2&amp;showinfo=1\" frameborder=\"0\" allow=\"accelerometer; autoplay; clipboard-write; encrypted-media; gyroscope; picture-in-picture\" allowfullscreen><\/iframe><\/div>\n<\/div>\n<h3>MEETAPP &#8211; CARATTERISTICHE<\/h3>\n<ul>\n<li><strong>Virtual Venue per eventi virtuali e ibridi<\/strong>: lo streaming dal vivo in primo piano, combinato con tutte le grandi caratteristiche di MeetApp in un&#8217;esperienza web di marca per il desktop<\/li>\n<li><strong>Registrazione all&#8217;evento<\/strong>: grandi pagine di registrazione con domande personalizzate. Invia inviti e condividi link con un solo clic per l&#8217;accesso al web e all&#8217;app<\/li>\n<li><strong>Agenda<\/strong>: programma aggiornato dell&#8217;evento e sessioni di break-out. Filtra ed etichetta per creare la tua agenda personale<\/li>\n<li><strong>Video in diretta<\/strong>: i partecipanti possono seguire il tuo evento da ovunque si trovino con i video in diretta incorporati<\/li>\n<li><strong>Notifiche Push<\/strong>: tieni aggiornati i tuoi partecipanti inviando loro aggiornamenti dal vivo direttamente sui loro telefoni<\/li>\n<li><strong>Informazioni personalizzate<\/strong>: condividi informazioni uniche con ogni partecipante: posti a sedere, biglietti, sessioni selezionate e altro<\/li>\n<li><strong>Sondaggi<\/strong>: scopri cosa pensano, sanno e sentono i tuoi partecipanti prima, durante e dopo i tuoi eventi<\/li>\n<li><strong>Chat dei partecipanti<\/strong>: accendi la conversazione e continua a parlare prima, durante e dopo l&#8217;evento<\/li>\n<li><strong>Dettagli dei partecipanti<\/strong>: lascia che i partecipanti inseriscano nome e dettagli di contatto su una pagina di registrazione brandizzata. Sincronizzazione automatica con l&#8217;app<\/li>\n<li><strong>Domande e scelte personalizzate<\/strong>: dai ai partecipanti una scelta di sessioni di break-out, attivit\u00e0 e preferenze. Imposta un limite al numero massimo di posti disponibili<\/li>\n<li><strong>Raggruppamento dei partecipanti<\/strong>: raggruppa automaticamente i partecipanti in base alle loro scelte. Invia notifiche push a gruppi specifici<\/li>\n<li><strong>Eventi multipli<\/strong>: tieni tutti i tuoi eventi in un unico posto con un&#8217;esperienza utente coerente. Controlla la quantit\u00e0 di accesso dei tuoi utenti admin<\/li>\n<li><strong>Privacy dei dati<\/strong>: \u00e8 una piattaforma completamente conforme al GDPR che ti d\u00e0 il pieno controllo dei tuoi dati. Tutte le tue informazioni sono sicure e private.<\/li>\n<\/ul>\n<h4>LE RECENSIONI DEGLI UTENTI<\/h4>\n<p><strong>Scott S. &#8220;MeetApp \u00e8 un ottimo prodotto per i professori di meeting&#8221;<\/strong><br \/>\nCOMMENTI: il servizio \u00e8 fantastico, veloce a rispondere, paziente quando si spiega un problema, e molto amichevole.<br \/>\nPRO: MeetApp \u00e8 intuitivo quando si costruisce l&#8217;app, facile da usare per noi sul back-end e per gli ospiti che utilizzano il prodotto. E&#8217; acuto, facile da usare e robusto nelle sue offerte.<br \/>\nCONTRO: vorremmo utilizzare la piattaforma di registrazione di MeetApp, ma il portale di pagamento non \u00e8 integrato con MeetApp, quindi siamo in attesa di questa funzionalit\u00e0.<\/p>\n<p><strong>Mandy L. &#8220;Dove sei stato?&#8221;<\/strong><br \/>\nCOMMENTI: tutto dal team, la formazione online e il follow up Q\/A \u00e8 stato semplicemente fantastico!<br \/>\nPRO: il manager dell&#8217;evento ci ha presentato il team di Meet App. Sono stati cos\u00ec disponibili e comprensivi della nostra riprogrammazione nel 2020 e abbiamo ripreso da dove avevamo lasciato nel 2021 per il nostro evento di persona.<br \/>\nCONTRO: onestamente, questa \u00e8 la prima volta che ho usato un&#8217;app come questa e sono cos\u00ec grato che Meet App sia stata progettata e cos\u00ec facile da usare.<\/p>\n<p><strong>Tracy S. &#8220;Eccellente app per eventi&#8221;<\/strong><br \/>\nCOMMENTI: l&#8217;abbiamo trovata estremamente utile per condividere informazioni con i nostri partecipanti alla conferenza e per ricevere un feedback pi\u00f9 accurato.<br \/>\nPRO: mi piace che sia molto semplice per gli utenti accedere a una vasta gamma di informazioni e impegnarsi in tempo reale con i presentatori e tra di loro.<br \/>\nCONTRO: se hai una grande conferenza con molti relatori ecc. ci vuole un po&#8217; per inserire tutte le informazioni, come sarebbe con qualsiasi app.<\/p>\n","protected":false},"excerpt":{"rendered":"<p>MeetApp \u00e8 un&#8217;applicazione per gestire le registrazioni agli eventi, disponibile sia in versione desktop che in versione mobile per dispositivi iOS e Android. Utilizzando questa piattaforma end-to-end, potrete creare conferenze ed eventi di qualsiasi tipo: dal vivo, virtuali, ibridi coinvolgendo e interagendo con tutti i partecipanti prima, durante e dopo l&#8217;evento.<\/p>\n","protected":false},"author":17,"featured_media":52561,"parent":51909,"menu_order":0,"comment_status":"open","ping_status":"closed","template":"g1_template_page_review_new.php","meta":{"_acf_changed":false,"cwp_meta_box_check":"No","cwp_rev_product_name":"","cwp_rev_product_image":"","wppr_links":[],"cwp_rev_price":"","wppr_options":[],"wppr_pros":[],"wppr_cons":[],"_monsterinsights_skip_tracking":false,"_monsterinsights_sitenote_active":false,"_monsterinsights_sitenote_note":"","_monsterinsights_sitenote_category":0,"footnotes":""},"categories":[11738],"tags":[11746,11835,11741,11740,11744],"features":[],"class_list":{"0":"post-52560","1":"page","2":"type-page","3":"status-publish","4":"has-post-thumbnail","6":"category-software-gestire-registrazioni-eventi-categoria","7":"tag-gestire-le-registrazioni-agli-eventi","8":"tag-programma-per-gestire-le-registrazioni-a-eventi","9":"tag-registrazione-eventi","10":"tag-software-per-gestire-le-registrazioni-agli-eventi","11":"tag-soluzione-per-gestire-le-registrazioni-agli-eventi"},"wppr_data":{"cwp_meta_box_check":"No"},"acf":[],"yoast_head":"<!-- This site is optimized with the Yoast SEO plugin v27.4 - https:\/\/yoast.com\/product\/yoast-seo-wordpress\/ -->\n<title>MeetApp: recensione software registrazione eventi - Accurate Reviews<\/title>\n<meta name=\"description\" content=\"MeetApp: recensione dell&#039;applicazione per gestire le registrazioni agli eventi, disponibile sia in versione desktop che in versione mobile.\" \/>\n<meta name=\"robots\" content=\"index, follow, max-snippet:-1, max-image-preview:large, max-video-preview:-1\" \/>\n<link rel=\"canonical\" href=\"https:\/\/www.accuratereviews.com\/it\/software-gestire-registrazioni-eventi\/meetapp-recensione\/\" \/>\n<meta property=\"og:locale\" content=\"it_IT\" \/>\n<meta property=\"og:type\" content=\"article\" \/>\n<meta property=\"og:title\" content=\"MeetApp: recensione software registrazione eventi - Accurate Reviews\" \/>\n<meta property=\"og:description\" content=\"MeetApp: recensione dell&#039;applicazione per gestire le registrazioni agli eventi, disponibile sia in versione desktop che in versione mobile.\" \/>\n<meta property=\"og:url\" content=\"https:\/\/www.accuratereviews.com\/it\/software-gestire-registrazioni-eventi\/meetapp-recensione\/\" \/>\n<meta property=\"og:site_name\" content=\"Accurate Reviews\" \/>\n<meta property=\"og:image\" content=\"https:\/\/www.accuratereviews.com\/wp-content\/uploads\/2022\/01\/unnamed.png\" \/>\n\t<meta property=\"og:image:width\" content=\"512\" \/>\n\t<meta property=\"og:image:height\" content=\"512\" \/>\n\t<meta property=\"og:image:type\" content=\"image\/png\" \/>\n<meta name=\"twitter:card\" content=\"summary_large_image\" \/>\n<meta name=\"twitter:label1\" content=\"Tempo di lettura stimato\" \/>\n\t<meta name=\"twitter:data1\" content=\"1 minuto\" \/>\n<script type=\"application\/ld+json\" class=\"yoast-schema-graph\">{\"@context\":\"https:\\\/\\\/schema.org\",\"@graph\":[{\"@type\":\"WebPage\",\"@id\":\"https:\\\/\\\/www.accuratereviews.com\\\/it\\\/software-gestire-registrazioni-eventi\\\/meetapp-recensione\\\/\",\"url\":\"https:\\\/\\\/www.accuratereviews.com\\\/it\\\/software-gestire-registrazioni-eventi\\\/meetapp-recensione\\\/\",\"name\":\"MeetApp: recensione software registrazione eventi - Accurate Reviews\",\"isPartOf\":{\"@id\":\"https:\\\/\\\/www.accuratereviews.com\\\/it\\\/#website\"},\"primaryImageOfPage\":{\"@id\":\"https:\\\/\\\/www.accuratereviews.com\\\/it\\\/software-gestire-registrazioni-eventi\\\/meetapp-recensione\\\/#primaryimage\"},\"image\":{\"@id\":\"https:\\\/\\\/www.accuratereviews.com\\\/it\\\/software-gestire-registrazioni-eventi\\\/meetapp-recensione\\\/#primaryimage\"},\"thumbnailUrl\":\"https:\\\/\\\/www.accuratereviews.com\\\/wp-content\\\/uploads\\\/2022\\\/01\\\/unnamed.png\",\"datePublished\":\"2022-01-19T15:49:52+00:00\",\"description\":\"MeetApp: recensione dell'applicazione per gestire le registrazioni agli eventi, disponibile sia in versione desktop che in versione mobile.\",\"breadcrumb\":{\"@id\":\"https:\\\/\\\/www.accuratereviews.com\\\/it\\\/software-gestire-registrazioni-eventi\\\/meetapp-recensione\\\/#breadcrumb\"},\"inLanguage\":\"it-IT\",\"potentialAction\":[{\"@type\":\"ReadAction\",\"target\":[\"https:\\\/\\\/www.accuratereviews.com\\\/it\\\/software-gestire-registrazioni-eventi\\\/meetapp-recensione\\\/\"]}]},{\"@type\":\"ImageObject\",\"inLanguage\":\"it-IT\",\"@id\":\"https:\\\/\\\/www.accuratereviews.com\\\/it\\\/software-gestire-registrazioni-eventi\\\/meetapp-recensione\\\/#primaryimage\",\"url\":\"https:\\\/\\\/www.accuratereviews.com\\\/wp-content\\\/uploads\\\/2022\\\/01\\\/unnamed.png\",\"contentUrl\":\"https:\\\/\\\/www.accuratereviews.com\\\/wp-content\\\/uploads\\\/2022\\\/01\\\/unnamed.png\",\"width\":512,\"height\":512},{\"@type\":\"BreadcrumbList\",\"@id\":\"https:\\\/\\\/www.accuratereviews.com\\\/it\\\/software-gestire-registrazioni-eventi\\\/meetapp-recensione\\\/#breadcrumb\",\"itemListElement\":[{\"@type\":\"ListItem\",\"position\":1,\"name\":\"Home\",\"item\":\"https:\\\/\\\/www.accuratereviews.com\\\/it\\\/\"},{\"@type\":\"ListItem\",\"position\":2,\"name\":\"Software per gestire le registrazioni agli eventi\",\"item\":\"https:\\\/\\\/www.accuratereviews.com\\\/it\\\/software-gestire-registrazioni-eventi\\\/\"},{\"@type\":\"ListItem\",\"position\":3,\"name\":\"MeetApp\"}]},{\"@type\":\"WebSite\",\"@id\":\"https:\\\/\\\/www.accuratereviews.com\\\/it\\\/#website\",\"url\":\"https:\\\/\\\/www.accuratereviews.com\\\/it\\\/\",\"name\":\"Accurate Reviews\",\"description\":\"\",\"potentialAction\":[{\"@type\":\"SearchAction\",\"target\":{\"@type\":\"EntryPoint\",\"urlTemplate\":\"https:\\\/\\\/www.accuratereviews.com\\\/it\\\/?s={search_term_string}\"},\"query-input\":{\"@type\":\"PropertyValueSpecification\",\"valueRequired\":true,\"valueName\":\"search_term_string\"}}],\"inLanguage\":\"it-IT\"}]}<\/script>\n<!-- \/ Yoast SEO plugin. -->","yoast_head_json":{"title":"MeetApp: recensione software registrazione eventi - Accurate Reviews","description":"MeetApp: recensione dell'applicazione per gestire le registrazioni agli eventi, disponibile sia in versione desktop che in versione mobile.","robots":{"index":"index","follow":"follow","max-snippet":"max-snippet:-1","max-image-preview":"max-image-preview:large","max-video-preview":"max-video-preview:-1"},"canonical":"https:\/\/www.accuratereviews.com\/it\/software-gestire-registrazioni-eventi\/meetapp-recensione\/","og_locale":"it_IT","og_type":"article","og_title":"MeetApp: recensione software registrazione eventi - Accurate Reviews","og_description":"MeetApp: recensione dell'applicazione per gestire le registrazioni agli eventi, disponibile sia in versione desktop che in versione mobile.","og_url":"https:\/\/www.accuratereviews.com\/it\/software-gestire-registrazioni-eventi\/meetapp-recensione\/","og_site_name":"Accurate Reviews","og_image":[{"width":512,"height":512,"url":"https:\/\/www.accuratereviews.com\/wp-content\/uploads\/2022\/01\/unnamed.png","type":"image\/png"}],"twitter_card":"summary_large_image","twitter_misc":{"Tempo di lettura stimato":"1 minuto"},"schema":{"@context":"https:\/\/schema.org","@graph":[{"@type":"WebPage","@id":"https:\/\/www.accuratereviews.com\/it\/software-gestire-registrazioni-eventi\/meetapp-recensione\/","url":"https:\/\/www.accuratereviews.com\/it\/software-gestire-registrazioni-eventi\/meetapp-recensione\/","name":"MeetApp: recensione software registrazione eventi - Accurate Reviews","isPartOf":{"@id":"https:\/\/www.accuratereviews.com\/it\/#website"},"primaryImageOfPage":{"@id":"https:\/\/www.accuratereviews.com\/it\/software-gestire-registrazioni-eventi\/meetapp-recensione\/#primaryimage"},"image":{"@id":"https:\/\/www.accuratereviews.com\/it\/software-gestire-registrazioni-eventi\/meetapp-recensione\/#primaryimage"},"thumbnailUrl":"https:\/\/www.accuratereviews.com\/wp-content\/uploads\/2022\/01\/unnamed.png","datePublished":"2022-01-19T15:49:52+00:00","description":"MeetApp: recensione dell'applicazione per gestire le registrazioni agli eventi, disponibile sia in versione desktop che in versione mobile.","breadcrumb":{"@id":"https:\/\/www.accuratereviews.com\/it\/software-gestire-registrazioni-eventi\/meetapp-recensione\/#breadcrumb"},"inLanguage":"it-IT","potentialAction":[{"@type":"ReadAction","target":["https:\/\/www.accuratereviews.com\/it\/software-gestire-registrazioni-eventi\/meetapp-recensione\/"]}]},{"@type":"ImageObject","inLanguage":"it-IT","@id":"https:\/\/www.accuratereviews.com\/it\/software-gestire-registrazioni-eventi\/meetapp-recensione\/#primaryimage","url":"https:\/\/www.accuratereviews.com\/wp-content\/uploads\/2022\/01\/unnamed.png","contentUrl":"https:\/\/www.accuratereviews.com\/wp-content\/uploads\/2022\/01\/unnamed.png","width":512,"height":512},{"@type":"BreadcrumbList","@id":"https:\/\/www.accuratereviews.com\/it\/software-gestire-registrazioni-eventi\/meetapp-recensione\/#breadcrumb","itemListElement":[{"@type":"ListItem","position":1,"name":"Home","item":"https:\/\/www.accuratereviews.com\/it\/"},{"@type":"ListItem","position":2,"name":"Software per gestire le registrazioni agli eventi","item":"https:\/\/www.accuratereviews.com\/it\/software-gestire-registrazioni-eventi\/"},{"@type":"ListItem","position":3,"name":"MeetApp"}]},{"@type":"WebSite","@id":"https:\/\/www.accuratereviews.com\/it\/#website","url":"https:\/\/www.accuratereviews.com\/it\/","name":"Accurate Reviews","description":"","potentialAction":[{"@type":"SearchAction","target":{"@type":"EntryPoint","urlTemplate":"https:\/\/www.accuratereviews.com\/it\/?s={search_term_string}"},"query-input":{"@type":"PropertyValueSpecification","valueRequired":true,"valueName":"search_term_string"}}],"inLanguage":"it-IT"}]}},"_links":{"self":[{"href":"https:\/\/www.accuratereviews.com\/it\/wp-json\/wp\/v2\/pages\/52560","targetHints":{"allow":["GET"]}}],"collection":[{"href":"https:\/\/www.accuratereviews.com\/it\/wp-json\/wp\/v2\/pages"}],"about":[{"href":"https:\/\/www.accuratereviews.com\/it\/wp-json\/wp\/v2\/types\/page"}],"author":[{"embeddable":true,"href":"https:\/\/www.accuratereviews.com\/it\/wp-json\/wp\/v2\/users\/17"}],"replies":[{"embeddable":true,"href":"https:\/\/www.accuratereviews.com\/it\/wp-json\/wp\/v2\/comments?post=52560"}],"version-history":[{"count":4,"href":"https:\/\/www.accuratereviews.com\/it\/wp-json\/wp\/v2\/pages\/52560\/revisions"}],"predecessor-version":[{"id":52569,"href":"https:\/\/www.accuratereviews.com\/it\/wp-json\/wp\/v2\/pages\/52560\/revisions\/52569"}],"up":[{"embeddable":true,"href":"https:\/\/www.accuratereviews.com\/it\/wp-json\/wp\/v2\/pages\/51909"}],"wp:featuredmedia":[{"embeddable":true,"href":"https:\/\/www.accuratereviews.com\/it\/wp-json\/wp\/v2\/media\/52561"}],"wp:attachment":[{"href":"https:\/\/www.accuratereviews.com\/it\/wp-json\/wp\/v2\/media?parent=52560"}],"wp:term":[{"taxonomy":"category","embeddable":true,"href":"https:\/\/www.accuratereviews.com\/it\/wp-json\/wp\/v2\/categories?post=52560"},{"taxonomy":"post_tag","embeddable":true,"href":"https:\/\/www.accuratereviews.com\/it\/wp-json\/wp\/v2\/tags?post=52560"},{"taxonomy":"features","embeddable":true,"href":"https:\/\/www.accuratereviews.com\/it\/wp-json\/wp\/v2\/features?post=52560"}],"curies":[{"name":"wp","href":"https:\/\/api.w.org\/{rel}","templated":true}]}}