{"id":52583,"date":"2022-01-20T11:49:12","date_gmt":"2022-01-20T11:49:12","guid":{"rendered":"https:\/\/www.accuratereviews.com\/?page_id=52583"},"modified":"2022-01-20T11:49:12","modified_gmt":"2022-01-20T11:49:12","slug":"brown-paper-tickets-recensione","status":"publish","type":"page","link":"https:\/\/www.accuratereviews.com\/it\/software-gestire-registrazioni-eventi\/brown-paper-tickets-recensione\/","title":{"rendered":"Brown Paper Tickets"},"content":{"rendered":"<p><strong>Brown Paper Tickets<\/strong> \u00e8 una<strong> piattaforma di registrazione e biglietteria eventi<\/strong> per produttori, organizzatori e partecipanti, con strumenti per la vendita di biglietti, l&#8217;elaborazione delle carte di credito, la stampa e la spedizione dei biglietti, la gestione delle donazioni, la scansione dei codici a barre, la personalizzazione degli eventi e altro ancora. Le aziende possono anche promuovere i propri eventi attraverso la piattaforma con mailing list e integrazione con Mailchimp per la creazione e il monitoraggio di campagne di marketing. I biglietti possono essere venduti online tramite un widget personalizzato sul sito web aziendale e il processo di pagamento in due passaggi consente acquisti rapidi. Gli elenchi di eventi possono essere creati e completamente personalizzati con immagini, video, testo personalizzato e altro e le aziende hanno la possibilit\u00e0 di creare, modificare e gestire gli elenchi di eventi in qualsiasi momento. Le opzioni di gestione degli elenchi includono il collegamento, la promozione, il monitoraggio delle metriche, la generazione di report e il monitoraggio dei partecipanti.<\/p>\n<h2>BROWN PAPER TICKETS &#8211; TUTORIAL<\/h2>\n<p>Guardiamo il tutorial su questo software per gestire le registrazioni a eventi:<\/p>\n<div id=\"fluid-wrapper-counter-1\" class=\"g1-fluid-wrapper \" style=\"width:686px;\">\n<div style=\"padding-bottom:56.268221574344%;\"><iframe loading=\"lazy\" title=\"Brown Paper Ticket app - [show-specific tutorial only]\" width=\"686\" height=\"386\" src=\"https:\/\/www.youtube.com\/embed\/CZIJE-t16qg?feature=oembed&amp;wmode=transparent&amp;autohide=1&amp;autoplay=0&amp;disablekb=0&amp;fs=1&amp;loop=0&amp;enablejsapi=1&amp;rel=0&amp;controls=2&amp;showinfo=0&amp;wmode=transparent&amp;autohide=2&amp;autoplay=0&amp;disablekb=0&amp;fs=1&amp;loop=0&amp;enablejsapi=1&amp;rel=0&amp;controls=2&amp;showinfo=1\" frameborder=\"0\" allow=\"accelerometer; autoplay; clipboard-write; encrypted-media; gyroscope; picture-in-picture\" allowfullscreen><\/iframe><\/div>\n<\/div>\n<h2>BROWN PAPER TICKETS &#8211; CARATTERISTICHE<\/h2>\n<ul>\n<li><strong>Aggiungi donazioni ai tuoi eventi<\/strong>: puoi raccogliere donazioni in aggiunta o indipendentemente dalla vendita dei biglietti<\/li>\n<li><strong>Pieno controllo<\/strong>: crea, modifica e gestisci il tuo evento a piacimento<\/li>\n<li><strong>Statistiche in tempo reale<\/strong>: con le statistiche di vendita in tempo reale per i tuoi eventi, conosci sempre lo stato del tuo inventario<\/li>\n<li><strong>Questionari per gli acquirenti di biglietti<\/strong>: aggiungi domande al processo di acquisto per raccogliere le informazioni specifiche di cui hai bisogno per il tuo evento<\/li>\n<li><strong>Dettagli di contatto completi dell&#8217;acquirente del biglietto<\/strong>: ottieni le informazioni di contatto complete degli acquirenti, inclusi nomi, indirizzi email e numeri di telefono<\/li>\n<li><strong>Immagini e video<\/strong>: aggiungi facilmente immagini e video al tuo evento<\/li>\n<li><strong>Vendi biglietti dal tuo sito web<\/strong>: usa Ticket Widget per consentire ai tuoi acquirenti di iniziare il processo di acquisto direttamente dal tuo sito web<\/li>\n<li><strong>Lingue<\/strong>: vendita e assistenza interna in inglese, francese e spagnolo<\/li>\n<li><strong>Processo di pagamento in due fasi<\/strong>: abilita Fast Checkout per consentire agli acquirenti di biglietti di acquistare i tuoi biglietti in due semplici passaggi<\/li>\n<li><strong>Sconti last minute<\/strong>: abilita gli sconti last minute automatici per il tuo evento per riempire i tuoi ultimi posti<\/li>\n<li><strong>Biglietti mobili con codice a barre<\/strong>: consenti agli utenti di ricevere i biglietti sul proprio telefono<\/li>\n<li><strong>Social media<\/strong>: vendi e promuovi tramite social i tuoi eventi<\/li>\n<li><strong>Grafici dei posti personalizzati gratuiti<\/strong>: nessuna commissione per la creazione di classifiche dei posti personalizzati per eventi con posti assegnati<\/li>\n<li><strong>Statistiche di vendita in tempo reale<\/strong>: scopri quali posti sono venduti e quali sono disponibili in tempo reale.<\/li>\n<\/ul>\n<h4>LE RECENSIONI DEGLI UTENTI<\/h4>\n<p class=\"font-weight-bold mb-2\"><strong>Colleen M. &#8220;Pi\u00f9 economico di molte alternative e facile da usare&#8221;<\/strong><\/p>\n<p class=\"font-weight-bold mb-2\"><strong>Pro<\/strong>: Molto facile da usare e da implementare. Vendevamo i biglietti per gli eventi direttamente dal nostro sito Web utilizzando un processo pi\u00f9 manuale e durante l&#8217;esplorazione delle opzioni ci veniva consigliato Brown Paper Tickets. Dopo averlo esaminato, abbiamo deciso di provarlo in un evento gratuito. \u00c8 andata cos\u00ec bene che abbiamo iniziato a usarlo anche per eventi a pagamento. Di recente abbiamo organizzato un evento con diverse opzioni di orario e il loro servizio clienti \u00e8 stato estremamente utile nel guidarci nella corretta impostazione del nostro evento.<\/p>\n<p class=\"font-weight-bold mb-2\"><strong>Contro<\/strong>: L&#8217;interfaccia\/aspetto del sito \u00e8 un po&#8217; datato. Manca la possibilit\u00e0 di\u00a0 personalizzarlo di pi\u00f9.<\/p>\n<p class=\"font-weight-bold mb-2\"><strong>Ayano J.&#8221;Piattaforma semplice per le esigenze degli eventi&#8221;<\/strong><\/p>\n<p class=\"font-weight-bold mb-2\"><strong>Commenti<\/strong>: \u00c8 stato fantastico! Molto semplice e diretto, il che \u00e8 positivo per i miei clienti che potrebbero non essere cos\u00ec esperti di tecnologia.<\/p>\n<p><strong>Pro<\/strong>: Mi piace molto il modello di &#8220;commercio equo&#8221; incarnato da Brown Paper Tickets. Essendo nel lavoro di sviluppo della comunit\u00e0, mi piace procurarmi strumenti e software equi per i miei impegni.<\/p>\n<p><strong>Contro<\/strong>: L&#8217;interfaccia del sito web BPT potrebbe essere migliorata. Ha un aspetto vecchio stile che potrebbe non piacere a tutti gli utenti.<\/p>\n<p class=\"font-weight-bold mb-2\"><strong>Blake P.&#8221;Perfetto per le organizzazioni non profit a basso budget&#8221;<\/strong><\/p>\n<p class=\"font-weight-bold mb-2\"><strong>Pro<\/strong>: \u00c8 sicuro dire che BPT \u00e8 rimasta fedele alla sua missione sin dall&#8217;inizio: fornire biglietti a basso costo e gestione di eventi adatti a gruppi di studenti e organizzazioni no profit a basso budget. \u00c8 semplice, efficace e non ci siamo mai lamentati dell&#8217;UX.<\/p>\n<p><strong>Contro<\/strong>: Sarebbe interessante vedere il loro flusso di branding\/utente aggiornato a qualcosa di simile a Eventbrite, ma sono quasi esitante a dirlo perch\u00e9 a questo punto \u00e8 quasi nostalgico.<\/p>\n","protected":false},"excerpt":{"rendered":"<p>Brown Paper Tickets \u00e8 una piattaforma di registrazione e biglietteria per eventi per produttori, organizzatori e partecipanti di eventi, con strumenti per la vendita di biglietti, l&#8217;elaborazione delle carte di credito, la stampa e la spedizione dei biglietti, la gestione delle donazioni, la scansione dei codici a barre, la personalizzazione degli eventi e altro ancora.<\/p>\n","protected":false},"author":19,"featured_media":52584,"parent":51909,"menu_order":0,"comment_status":"open","ping_status":"closed","template":"g1_template_page_review_new.php","meta":{"_acf_changed":false,"cwp_meta_box_check":"Yes","cwp_rev_product_name":"","cwp_rev_product_image":"","wppr_links":[],"cwp_rev_price":"","wppr_options":[],"wppr_pros":[],"wppr_cons":[],"_monsterinsights_skip_tracking":false,"_monsterinsights_sitenote_active":false,"_monsterinsights_sitenote_note":"","_monsterinsights_sitenote_category":0,"footnotes":""},"categories":[11738],"tags":[11853,11745,11743,11741,11740,11744],"features":[],"class_list":{"0":"post-52583","1":"page","2":"type-page","3":"status-publish","4":"has-post-thumbnail","6":"category-software-gestire-registrazioni-eventi-categoria","7":"tag-brown-paper-tickets","8":"tag-piattaforma-per-gestire-le-registrazioni-agli-eventi","9":"tag-programma-per-gestire-le-registrazioni-agli-eventi","10":"tag-registrazione-eventi","11":"tag-software-per-gestire-le-registrazioni-agli-eventi","12":"tag-soluzione-per-gestire-le-registrazioni-agli-eventi"},"wppr_data":{"cwp_meta_box_check":"Yes","cwp_rev_product_name":"","cwp_rev_product_image":"","cwp_image_link":"image","cwp_rev_price":"","wppr_rating":"0.00"},"acf":[],"yoast_head":"<!-- This site is optimized with the Yoast SEO plugin v27.4 - https:\/\/yoast.com\/product\/yoast-seo-wordpress\/ -->\n<title>Brown Paper Tickets: recensione software per gestire registrazioni a eventi<\/title>\n<meta name=\"description\" content=\"Brown Paper Tickets: recensione piattaforma di registrazione e biglietteria eventi per produttori, organizzatori e partecipanti.\" \/>\n<meta name=\"robots\" content=\"index, follow, max-snippet:-1, max-image-preview:large, max-video-preview:-1\" \/>\n<link rel=\"canonical\" href=\"https:\/\/www.accuratereviews.com\/it\/software-gestire-registrazioni-eventi\/brown-paper-tickets-recensione\/\" \/>\n<meta property=\"og:locale\" content=\"it_IT\" \/>\n<meta property=\"og:type\" content=\"article\" \/>\n<meta property=\"og:title\" content=\"Brown Paper Tickets: recensione software per gestire registrazioni a eventi\" \/>\n<meta property=\"og:description\" content=\"Brown Paper Tickets: recensione piattaforma di registrazione e biglietteria eventi per produttori, organizzatori e partecipanti.\" \/>\n<meta property=\"og:url\" content=\"https:\/\/www.accuratereviews.com\/it\/software-gestire-registrazioni-eventi\/brown-paper-tickets-recensione\/\" \/>\n<meta property=\"og:site_name\" content=\"Accurate Reviews\" \/>\n<meta property=\"og:image\" content=\"https:\/\/www.accuratereviews.com\/wp-content\/uploads\/2022\/01\/Brown-Paper-Tickets.png\" \/>\n\t<meta property=\"og:image:width\" content=\"934\" \/>\n\t<meta property=\"og:image:height\" content=\"974\" \/>\n\t<meta property=\"og:image:type\" content=\"image\/png\" \/>\n<meta name=\"twitter:card\" content=\"summary_large_image\" \/>\n<meta name=\"twitter:label1\" content=\"Tempo di lettura stimato\" \/>\n\t<meta name=\"twitter:data1\" content=\"4 minuti\" \/>\n<script type=\"application\/ld+json\" class=\"yoast-schema-graph\">{\"@context\":\"https:\\\/\\\/schema.org\",\"@graph\":[{\"@type\":\"WebPage\",\"@id\":\"https:\\\/\\\/www.accuratereviews.com\\\/it\\\/software-gestire-registrazioni-eventi\\\/brown-paper-tickets-recensione\\\/\",\"url\":\"https:\\\/\\\/www.accuratereviews.com\\\/it\\\/software-gestire-registrazioni-eventi\\\/brown-paper-tickets-recensione\\\/\",\"name\":\"Brown Paper Tickets: recensione software per gestire registrazioni a eventi\",\"isPartOf\":{\"@id\":\"https:\\\/\\\/www.accuratereviews.com\\\/it\\\/#website\"},\"primaryImageOfPage\":{\"@id\":\"https:\\\/\\\/www.accuratereviews.com\\\/it\\\/software-gestire-registrazioni-eventi\\\/brown-paper-tickets-recensione\\\/#primaryimage\"},\"image\":{\"@id\":\"https:\\\/\\\/www.accuratereviews.com\\\/it\\\/software-gestire-registrazioni-eventi\\\/brown-paper-tickets-recensione\\\/#primaryimage\"},\"thumbnailUrl\":\"https:\\\/\\\/www.accuratereviews.com\\\/wp-content\\\/uploads\\\/2022\\\/01\\\/Brown-Paper-Tickets.png\",\"datePublished\":\"2022-01-20T11:49:12+00:00\",\"description\":\"Brown Paper Tickets: recensione piattaforma di registrazione e biglietteria eventi per produttori, organizzatori e partecipanti.\",\"breadcrumb\":{\"@id\":\"https:\\\/\\\/www.accuratereviews.com\\\/it\\\/software-gestire-registrazioni-eventi\\\/brown-paper-tickets-recensione\\\/#breadcrumb\"},\"inLanguage\":\"it-IT\",\"potentialAction\":[{\"@type\":\"ReadAction\",\"target\":[\"https:\\\/\\\/www.accuratereviews.com\\\/it\\\/software-gestire-registrazioni-eventi\\\/brown-paper-tickets-recensione\\\/\"]}]},{\"@type\":\"ImageObject\",\"inLanguage\":\"it-IT\",\"@id\":\"https:\\\/\\\/www.accuratereviews.com\\\/it\\\/software-gestire-registrazioni-eventi\\\/brown-paper-tickets-recensione\\\/#primaryimage\",\"url\":\"https:\\\/\\\/www.accuratereviews.com\\\/wp-content\\\/uploads\\\/2022\\\/01\\\/Brown-Paper-Tickets.png\",\"contentUrl\":\"https:\\\/\\\/www.accuratereviews.com\\\/wp-content\\\/uploads\\\/2022\\\/01\\\/Brown-Paper-Tickets.png\",\"width\":934,\"height\":974},{\"@type\":\"BreadcrumbList\",\"@id\":\"https:\\\/\\\/www.accuratereviews.com\\\/it\\\/software-gestire-registrazioni-eventi\\\/brown-paper-tickets-recensione\\\/#breadcrumb\",\"itemListElement\":[{\"@type\":\"ListItem\",\"position\":1,\"name\":\"Home\",\"item\":\"https:\\\/\\\/www.accuratereviews.com\\\/it\\\/\"},{\"@type\":\"ListItem\",\"position\":2,\"name\":\"Software per gestire le registrazioni agli eventi\",\"item\":\"https:\\\/\\\/www.accuratereviews.com\\\/it\\\/software-gestire-registrazioni-eventi\\\/\"},{\"@type\":\"ListItem\",\"position\":3,\"name\":\"Brown Paper Tickets\"}]},{\"@type\":\"WebSite\",\"@id\":\"https:\\\/\\\/www.accuratereviews.com\\\/it\\\/#website\",\"url\":\"https:\\\/\\\/www.accuratereviews.com\\\/it\\\/\",\"name\":\"Accurate Reviews\",\"description\":\"\",\"potentialAction\":[{\"@type\":\"SearchAction\",\"target\":{\"@type\":\"EntryPoint\",\"urlTemplate\":\"https:\\\/\\\/www.accuratereviews.com\\\/it\\\/?s={search_term_string}\"},\"query-input\":{\"@type\":\"PropertyValueSpecification\",\"valueRequired\":true,\"valueName\":\"search_term_string\"}}],\"inLanguage\":\"it-IT\"}]}<\/script>\n<!-- \/ Yoast SEO plugin. -->","yoast_head_json":{"title":"Brown Paper Tickets: recensione software per gestire registrazioni a eventi","description":"Brown Paper Tickets: recensione piattaforma di registrazione e biglietteria eventi per produttori, organizzatori e partecipanti.","robots":{"index":"index","follow":"follow","max-snippet":"max-snippet:-1","max-image-preview":"max-image-preview:large","max-video-preview":"max-video-preview:-1"},"canonical":"https:\/\/www.accuratereviews.com\/it\/software-gestire-registrazioni-eventi\/brown-paper-tickets-recensione\/","og_locale":"it_IT","og_type":"article","og_title":"Brown Paper Tickets: recensione software per gestire registrazioni a eventi","og_description":"Brown Paper Tickets: recensione piattaforma di registrazione e biglietteria eventi per produttori, organizzatori e partecipanti.","og_url":"https:\/\/www.accuratereviews.com\/it\/software-gestire-registrazioni-eventi\/brown-paper-tickets-recensione\/","og_site_name":"Accurate Reviews","og_image":[{"width":934,"height":974,"url":"https:\/\/www.accuratereviews.com\/wp-content\/uploads\/2022\/01\/Brown-Paper-Tickets.png","type":"image\/png"}],"twitter_card":"summary_large_image","twitter_misc":{"Tempo di lettura stimato":"4 minuti"},"schema":{"@context":"https:\/\/schema.org","@graph":[{"@type":"WebPage","@id":"https:\/\/www.accuratereviews.com\/it\/software-gestire-registrazioni-eventi\/brown-paper-tickets-recensione\/","url":"https:\/\/www.accuratereviews.com\/it\/software-gestire-registrazioni-eventi\/brown-paper-tickets-recensione\/","name":"Brown Paper Tickets: recensione software per gestire registrazioni a eventi","isPartOf":{"@id":"https:\/\/www.accuratereviews.com\/it\/#website"},"primaryImageOfPage":{"@id":"https:\/\/www.accuratereviews.com\/it\/software-gestire-registrazioni-eventi\/brown-paper-tickets-recensione\/#primaryimage"},"image":{"@id":"https:\/\/www.accuratereviews.com\/it\/software-gestire-registrazioni-eventi\/brown-paper-tickets-recensione\/#primaryimage"},"thumbnailUrl":"https:\/\/www.accuratereviews.com\/wp-content\/uploads\/2022\/01\/Brown-Paper-Tickets.png","datePublished":"2022-01-20T11:49:12+00:00","description":"Brown Paper Tickets: recensione piattaforma di registrazione e biglietteria eventi per produttori, organizzatori e partecipanti.","breadcrumb":{"@id":"https:\/\/www.accuratereviews.com\/it\/software-gestire-registrazioni-eventi\/brown-paper-tickets-recensione\/#breadcrumb"},"inLanguage":"it-IT","potentialAction":[{"@type":"ReadAction","target":["https:\/\/www.accuratereviews.com\/it\/software-gestire-registrazioni-eventi\/brown-paper-tickets-recensione\/"]}]},{"@type":"ImageObject","inLanguage":"it-IT","@id":"https:\/\/www.accuratereviews.com\/it\/software-gestire-registrazioni-eventi\/brown-paper-tickets-recensione\/#primaryimage","url":"https:\/\/www.accuratereviews.com\/wp-content\/uploads\/2022\/01\/Brown-Paper-Tickets.png","contentUrl":"https:\/\/www.accuratereviews.com\/wp-content\/uploads\/2022\/01\/Brown-Paper-Tickets.png","width":934,"height":974},{"@type":"BreadcrumbList","@id":"https:\/\/www.accuratereviews.com\/it\/software-gestire-registrazioni-eventi\/brown-paper-tickets-recensione\/#breadcrumb","itemListElement":[{"@type":"ListItem","position":1,"name":"Home","item":"https:\/\/www.accuratereviews.com\/it\/"},{"@type":"ListItem","position":2,"name":"Software per gestire le registrazioni agli eventi","item":"https:\/\/www.accuratereviews.com\/it\/software-gestire-registrazioni-eventi\/"},{"@type":"ListItem","position":3,"name":"Brown Paper Tickets"}]},{"@type":"WebSite","@id":"https:\/\/www.accuratereviews.com\/it\/#website","url":"https:\/\/www.accuratereviews.com\/it\/","name":"Accurate Reviews","description":"","potentialAction":[{"@type":"SearchAction","target":{"@type":"EntryPoint","urlTemplate":"https:\/\/www.accuratereviews.com\/it\/?s={search_term_string}"},"query-input":{"@type":"PropertyValueSpecification","valueRequired":true,"valueName":"search_term_string"}}],"inLanguage":"it-IT"}]}},"_links":{"self":[{"href":"https:\/\/www.accuratereviews.com\/it\/wp-json\/wp\/v2\/pages\/52583","targetHints":{"allow":["GET"]}}],"collection":[{"href":"https:\/\/www.accuratereviews.com\/it\/wp-json\/wp\/v2\/pages"}],"about":[{"href":"https:\/\/www.accuratereviews.com\/it\/wp-json\/wp\/v2\/types\/page"}],"author":[{"embeddable":true,"href":"https:\/\/www.accuratereviews.com\/it\/wp-json\/wp\/v2\/users\/19"}],"replies":[{"embeddable":true,"href":"https:\/\/www.accuratereviews.com\/it\/wp-json\/wp\/v2\/comments?post=52583"}],"version-history":[{"count":8,"href":"https:\/\/www.accuratereviews.com\/it\/wp-json\/wp\/v2\/pages\/52583\/revisions"}],"predecessor-version":[{"id":52614,"href":"https:\/\/www.accuratereviews.com\/it\/wp-json\/wp\/v2\/pages\/52583\/revisions\/52614"}],"up":[{"embeddable":true,"href":"https:\/\/www.accuratereviews.com\/it\/wp-json\/wp\/v2\/pages\/51909"}],"wp:featuredmedia":[{"embeddable":true,"href":"https:\/\/www.accuratereviews.com\/it\/wp-json\/wp\/v2\/media\/52584"}],"wp:attachment":[{"href":"https:\/\/www.accuratereviews.com\/it\/wp-json\/wp\/v2\/media?parent=52583"}],"wp:term":[{"taxonomy":"category","embeddable":true,"href":"https:\/\/www.accuratereviews.com\/it\/wp-json\/wp\/v2\/categories?post=52583"},{"taxonomy":"post_tag","embeddable":true,"href":"https:\/\/www.accuratereviews.com\/it\/wp-json\/wp\/v2\/tags?post=52583"},{"taxonomy":"features","embeddable":true,"href":"https:\/\/www.accuratereviews.com\/it\/wp-json\/wp\/v2\/features?post=52583"}],"curies":[{"name":"wp","href":"https:\/\/api.w.org\/{rel}","templated":true}]}}