{"id":52607,"date":"2022-01-21T13:10:46","date_gmt":"2022-01-21T13:10:46","guid":{"rendered":"https:\/\/www.accuratereviews.com\/?page_id=52607"},"modified":"2022-01-21T13:10:46","modified_gmt":"2022-01-21T13:10:46","slug":"inevent-recensione","status":"publish","type":"page","link":"https:\/\/www.accuratereviews.com\/it\/software-gestire-registrazioni-eventi\/inevent-recensione\/","title":{"rendered":"InEvent"},"content":{"rendered":"<p><strong>InEvent<\/strong> \u00e8 una<strong> soluzione di gestione degli eventi<\/strong> progettata per aiutare le aziende a semplificare i processi relativi alle registrazioni online, al check-in self-service e altro ancora. Le sue capacit\u00e0 di etichettatura consentono agli amministratori di creare pagine di destinazione personalizzabili o applicazioni mobili aggiungendo loghi, colori e immagini del marchio. Le caratteristiche principali includono Single Sign-On (SSO), autenticazione a due fattori, gestione delle autorizzazioni e live streaming. Le organizzazioni possono creare agende degli eventi inclusi dettagli come relatori, sponsor, descrizioni e altro. Le aziende possono visualizzare gli eventi su un calendario e ospitare sondaggi per interagire con i partecipanti durante le sessioni. Inoltre, offre applicazioni mobili ai partecipanti per visualizzare agende, condividere approfondimenti e scaricare documenti.<\/p>\n<h2>INEVENT &#8211; TUTORIAL<\/h2>\n<p>Vediamo come integrare questo <strong>software per gestire le registrazioni a eventi<\/strong> con Hubspot:<\/p>\n<div id=\"fluid-wrapper-counter-1\" class=\"g1-fluid-wrapper \" style=\"width:686px;\">\n<div style=\"padding-bottom:56.268221574344%;\"><iframe loading=\"lazy\" title=\"Hubspot Integration | How to InEvent\" width=\"686\" height=\"386\" src=\"https:\/\/www.youtube.com\/embed\/JvIm-ep5Q8M?feature=oembed&amp;wmode=transparent&amp;autohide=1&amp;autoplay=0&amp;disablekb=0&amp;fs=1&amp;loop=0&amp;enablejsapi=1&amp;rel=0&amp;controls=2&amp;showinfo=0&amp;wmode=transparent&amp;autohide=2&amp;autoplay=0&amp;disablekb=0&amp;fs=1&amp;loop=0&amp;enablejsapi=1&amp;rel=0&amp;controls=2&amp;showinfo=1\" frameborder=\"0\" allow=\"accelerometer; autoplay; clipboard-write; encrypted-media; gyroscope; picture-in-picture\" allowfullscreen><\/iframe><\/div>\n<\/div>\n<h3>INEVENT &#8211; CARATTERISTICHE<\/h3>\n<ul>\n<li><strong>Lobby virtuale e videoconferenza<\/strong>: crea il tuo evento virtuale o ibrido con la premiata Control Room, sessioni RTMP simultanee, sponsor di fiere e sale riunioni di videoconferenza<\/li>\n<li><strong>Registrazioni, pagine di destinazione, moduli ed email<\/strong>: acquisisci informazioni utilizzando potenti moduli per applicazioni mobili e web, con integrazioni (Salesforce, Marketo, ecc.), inviti multipli, siti web dinamici, fogli di calcolo, RSVP, sms ed elenchi di email<\/li>\n<li><strong>CRM, integrazione e gestione dei dati<\/strong>: gestisci tutti i tuoi partecipanti con filtri e dashboard, integrati direttamente con l&#8217;organigramma, la sicurezza e il marchio della tua azienda. Il CMS include i campi dell&#8217;evento, il programma, i relatori, gli sponsor, i file, gli annunci e altro ancora<\/li>\n<li><strong>Analisi, rapporti e conformit\u00e0<\/strong>: ottieni report accurati e dettagliati a livello di organizzazione, consentendoti di estrarre facilmente i dati, creare flussi di lavoro integrati e generare report analitici finanziari<\/li>\n<li><strong>Check-in, badge e controllo accessi<\/strong>: usa la tecnologia mobile per la stampa del badge del tuo evento, il check-in self-service e il controllo della sessione con cinturini indossabili o QR code, il tutto con report e statistiche multicanale in tempo reale<\/li>\n<li><strong>Logistica, hotel e piani di viaggio<\/strong>: integra la logistica e le operazioni del tuo evento, fornendo informazioni sui voli, elenchi di camere d&#8217;albergo, buoni pasto e integrazioni dei fornitori in tempo reale<\/li>\n<li><strong>Accessibilit\u00e0<\/strong>: la piattaforma \u00e8 dotata di funzionalit\u00e0 che ti permetteranno di fornire contenuti a un pubblico con disabilit\u00e0 visive e uditive. Puoi anche raggiungere diverse comunit\u00e0 con i canali in pi\u00f9 lingue.<\/li>\n<\/ul>\n<h4>LE RECENSIONI DEGLI UTENTI<\/h4>\n<p class=\"font-weight-bold mb-2\"><strong>Tori B. &#8220;Ottima soluzione per eventi ibridi&#8221;<\/strong><\/p>\n<p class=\"font-weight-bold mb-2\">Pro: Nel complesso, InEvent \u00e8 stato abbastanza facile da usare sia sul back-end che dall&#8217;esperienza utente. Il servizio clienti e la knowledge base di InEvent erano eccezionali.<\/p>\n<p class=\"font-weight-bold mb-2\">Contro: La funzionalit\u00e0 dello sponsor potrebbe essere migliorata. Abbiamo avuto problemi con la nostra sala espositiva virtuale e con l&#8217;accesso a pi\u00f9 di uno staff dello stand.<\/p>\n<div class=\"pl-4 my-4 py-3 border-left border-fog text-ash i18n-translation_vendor_container\" data-translation-id=\"2731850\" data-translation-vendor-target=\"original\">\n<p class=\"font-weight-bold mb-2\"><strong>Gisela N. &#8220;Il miglior strumento: flessibile al 100%.&#8221;<\/strong><\/p>\n<p><span class=\"font-weight-bold\"><strong>Commenti<\/strong>:\u00a0<\/span>\u00c8 stato fantastico poter adattare le interfacce demo per offrire una soluzione su misura ai potenziali clienti. Inoltre, la facilit\u00e0 d&#8217;uso del back-end aiuta a disporre rapidamente tutte le sezioni e i pulsanti.<\/p>\n<p class=\"font-weight-bold mb-2\"><strong>Pro<\/strong>: La possibilit\u00e0 di adattare funzionalit\u00e0, personalizzare e includere link esterni per ampliare le informazioni su qualsiasi sezione o argomento. L&#8217;interfaccia user-friendly e il back-end intuitivo.<\/p>\n<p class=\"font-weight-bold mb-2\"><strong>Contro<\/strong>: La curva di apprendimento dietro un viaggio di successo. Necessit\u00e0 di investire un bel po&#8217; di tempo.<\/p>\n<p class=\"font-weight-bold mb-2\"><strong>Nathalie R. &#8220;Grande supporto!&#8221;<\/strong><\/p>\n<p><span class=\"font-weight-bold\"><strong>Commenti<\/strong>:\u00a0<\/span>Nel complesso, sono molto contento della mia esperienza con InEvent. Il team \u00e8 sempre disponibile e super cordiale.<br \/>\n\u00c8 rassicurante sapere che c&#8217;\u00e8 sempre qualcuno che pu\u00f2 aiutare in qualsiasi momento.<\/p>\n<p class=\"font-weight-bold mb-2\">Pro: Penso davvero che questo software sia facile da usare e questo \u00e8 arrivato al miglior tempismo di sempre. Durante il confinamento abbiamo posticipato e annullato tutti i nostri eventi. Grazie a InEvent siamo di nuovo in pista!<\/p>\n<p class=\"font-weight-bold mb-2\">Contro: Poich\u00e9 InEvent \u00e8 ancora molto nuovo sul mercato, ci sono ancora alcuni miglioramenti da apportare per quanto riguarda il &#8220;targeting&#8221; e anche la creazione di pagine di informazioni generali. Ma sono sicuro che questo seguir\u00e0 molto presto.<\/p>\n<\/div>\n<p>&nbsp;<\/p>\n<p>&nbsp;<\/p>\n","protected":false},"excerpt":{"rendered":"<p>InEvent \u00e8 una soluzione di gestione degli eventi progettata per aiutare le aziende a semplificare i processi relativi alle registrazioni online, al check-in self-service e altro ancora. Le sue capacit\u00e0 di etichettatura consentono agli amministratori di creare pagine di destinazione personalizzabili o applicazioni mobili aggiungendo loghi, colori e immagini del marchio.<\/p>\n","protected":false},"author":19,"featured_media":52668,"parent":51909,"menu_order":0,"comment_status":"open","ping_status":"closed","template":"g1_template_page_review_new.php","meta":{"_acf_changed":false,"cwp_meta_box_check":"Yes","cwp_rev_product_name":"","cwp_rev_product_image":"","wppr_links":[],"cwp_rev_price":"","wppr_options":[],"wppr_pros":[],"wppr_cons":[],"_monsterinsights_skip_tracking":false,"_monsterinsights_sitenote_active":false,"_monsterinsights_sitenote_note":"","_monsterinsights_sitenote_category":0,"footnotes":""},"categories":[11738],"tags":[11855,11745,11743,11741,11740,11744],"features":[],"class_list":{"0":"post-52607","1":"page","2":"type-page","3":"status-publish","4":"has-post-thumbnail","6":"category-software-gestire-registrazioni-eventi-categoria","7":"tag-inevent","8":"tag-piattaforma-per-gestire-le-registrazioni-agli-eventi","9":"tag-programma-per-gestire-le-registrazioni-agli-eventi","10":"tag-registrazione-eventi","11":"tag-software-per-gestire-le-registrazioni-agli-eventi","12":"tag-soluzione-per-gestire-le-registrazioni-agli-eventi"},"wppr_data":{"cwp_meta_box_check":"Yes","cwp_rev_product_name":"","cwp_rev_product_image":"","cwp_image_link":"image","cwp_rev_price":"","wppr_rating":"0.00"},"acf":[],"yoast_head":"<!-- This site is optimized with the Yoast SEO plugin v27.4 - https:\/\/yoast.com\/product\/yoast-seo-wordpress\/ -->\n<title>InEvent: recensione software per gestire le registrazioni a eventi<\/title>\n<meta name=\"description\" content=\"InEvent: recensione soluzione di gestione degli eventi progettata per aiutare le aziende a semplificare i processi di organizzazione.\" \/>\n<meta name=\"robots\" content=\"index, follow, max-snippet:-1, max-image-preview:large, max-video-preview:-1\" \/>\n<link rel=\"canonical\" href=\"https:\/\/www.accuratereviews.com\/it\/software-gestire-registrazioni-eventi\/inevent-recensione\/\" \/>\n<meta property=\"og:locale\" content=\"it_IT\" \/>\n<meta property=\"og:type\" content=\"article\" \/>\n<meta property=\"og:title\" content=\"InEvent: recensione software per gestire le registrazioni a eventi\" \/>\n<meta property=\"og:description\" content=\"InEvent: recensione soluzione di gestione degli eventi progettata per aiutare le aziende a semplificare i processi di organizzazione.\" \/>\n<meta property=\"og:url\" content=\"https:\/\/www.accuratereviews.com\/it\/software-gestire-registrazioni-eventi\/inevent-recensione\/\" \/>\n<meta property=\"og:site_name\" content=\"Accurate Reviews\" \/>\n<meta property=\"og:image\" content=\"https:\/\/www.accuratereviews.com\/wp-content\/uploads\/2022\/01\/InEvent_Logo.png\" \/>\n\t<meta property=\"og:image:width\" content=\"1000\" \/>\n\t<meta property=\"og:image:height\" content=\"600\" \/>\n\t<meta property=\"og:image:type\" content=\"image\/png\" \/>\n<meta name=\"twitter:card\" content=\"summary_large_image\" \/>\n<meta name=\"twitter:label1\" content=\"Tempo di lettura stimato\" \/>\n\t<meta name=\"twitter:data1\" content=\"4 minuti\" \/>\n<script type=\"application\/ld+json\" class=\"yoast-schema-graph\">{\"@context\":\"https:\\\/\\\/schema.org\",\"@graph\":[{\"@type\":\"WebPage\",\"@id\":\"https:\\\/\\\/www.accuratereviews.com\\\/it\\\/software-gestire-registrazioni-eventi\\\/inevent-recensione\\\/\",\"url\":\"https:\\\/\\\/www.accuratereviews.com\\\/it\\\/software-gestire-registrazioni-eventi\\\/inevent-recensione\\\/\",\"name\":\"InEvent: recensione software per gestire le registrazioni a eventi\",\"isPartOf\":{\"@id\":\"https:\\\/\\\/www.accuratereviews.com\\\/it\\\/#website\"},\"primaryImageOfPage\":{\"@id\":\"https:\\\/\\\/www.accuratereviews.com\\\/it\\\/software-gestire-registrazioni-eventi\\\/inevent-recensione\\\/#primaryimage\"},\"image\":{\"@id\":\"https:\\\/\\\/www.accuratereviews.com\\\/it\\\/software-gestire-registrazioni-eventi\\\/inevent-recensione\\\/#primaryimage\"},\"thumbnailUrl\":\"https:\\\/\\\/www.accuratereviews.com\\\/wp-content\\\/uploads\\\/2022\\\/01\\\/InEvent_Logo.png\",\"datePublished\":\"2022-01-21T13:10:46+00:00\",\"description\":\"InEvent: recensione soluzione di gestione degli eventi progettata per aiutare le aziende a semplificare i processi di organizzazione.\",\"breadcrumb\":{\"@id\":\"https:\\\/\\\/www.accuratereviews.com\\\/it\\\/software-gestire-registrazioni-eventi\\\/inevent-recensione\\\/#breadcrumb\"},\"inLanguage\":\"it-IT\",\"potentialAction\":[{\"@type\":\"ReadAction\",\"target\":[\"https:\\\/\\\/www.accuratereviews.com\\\/it\\\/software-gestire-registrazioni-eventi\\\/inevent-recensione\\\/\"]}]},{\"@type\":\"ImageObject\",\"inLanguage\":\"it-IT\",\"@id\":\"https:\\\/\\\/www.accuratereviews.com\\\/it\\\/software-gestire-registrazioni-eventi\\\/inevent-recensione\\\/#primaryimage\",\"url\":\"https:\\\/\\\/www.accuratereviews.com\\\/wp-content\\\/uploads\\\/2022\\\/01\\\/InEvent_Logo.png\",\"contentUrl\":\"https:\\\/\\\/www.accuratereviews.com\\\/wp-content\\\/uploads\\\/2022\\\/01\\\/InEvent_Logo.png\",\"width\":1000,\"height\":600},{\"@type\":\"BreadcrumbList\",\"@id\":\"https:\\\/\\\/www.accuratereviews.com\\\/it\\\/software-gestire-registrazioni-eventi\\\/inevent-recensione\\\/#breadcrumb\",\"itemListElement\":[{\"@type\":\"ListItem\",\"position\":1,\"name\":\"Home\",\"item\":\"https:\\\/\\\/www.accuratereviews.com\\\/it\\\/\"},{\"@type\":\"ListItem\",\"position\":2,\"name\":\"Software per gestire le registrazioni agli eventi\",\"item\":\"https:\\\/\\\/www.accuratereviews.com\\\/it\\\/software-gestire-registrazioni-eventi\\\/\"},{\"@type\":\"ListItem\",\"position\":3,\"name\":\"InEvent\"}]},{\"@type\":\"WebSite\",\"@id\":\"https:\\\/\\\/www.accuratereviews.com\\\/it\\\/#website\",\"url\":\"https:\\\/\\\/www.accuratereviews.com\\\/it\\\/\",\"name\":\"Accurate Reviews\",\"description\":\"\",\"potentialAction\":[{\"@type\":\"SearchAction\",\"target\":{\"@type\":\"EntryPoint\",\"urlTemplate\":\"https:\\\/\\\/www.accuratereviews.com\\\/it\\\/?s={search_term_string}\"},\"query-input\":{\"@type\":\"PropertyValueSpecification\",\"valueRequired\":true,\"valueName\":\"search_term_string\"}}],\"inLanguage\":\"it-IT\"}]}<\/script>\n<!-- \/ Yoast SEO plugin. -->","yoast_head_json":{"title":"InEvent: recensione software per gestire le registrazioni a eventi","description":"InEvent: recensione soluzione di gestione degli eventi progettata per aiutare le aziende a semplificare i processi di organizzazione.","robots":{"index":"index","follow":"follow","max-snippet":"max-snippet:-1","max-image-preview":"max-image-preview:large","max-video-preview":"max-video-preview:-1"},"canonical":"https:\/\/www.accuratereviews.com\/it\/software-gestire-registrazioni-eventi\/inevent-recensione\/","og_locale":"it_IT","og_type":"article","og_title":"InEvent: recensione software per gestire le registrazioni a eventi","og_description":"InEvent: recensione soluzione di gestione degli eventi progettata per aiutare le aziende a semplificare i processi di organizzazione.","og_url":"https:\/\/www.accuratereviews.com\/it\/software-gestire-registrazioni-eventi\/inevent-recensione\/","og_site_name":"Accurate Reviews","og_image":[{"width":1000,"height":600,"url":"https:\/\/www.accuratereviews.com\/wp-content\/uploads\/2022\/01\/InEvent_Logo.png","type":"image\/png"}],"twitter_card":"summary_large_image","twitter_misc":{"Tempo di lettura stimato":"4 minuti"},"schema":{"@context":"https:\/\/schema.org","@graph":[{"@type":"WebPage","@id":"https:\/\/www.accuratereviews.com\/it\/software-gestire-registrazioni-eventi\/inevent-recensione\/","url":"https:\/\/www.accuratereviews.com\/it\/software-gestire-registrazioni-eventi\/inevent-recensione\/","name":"InEvent: recensione software per gestire le registrazioni a eventi","isPartOf":{"@id":"https:\/\/www.accuratereviews.com\/it\/#website"},"primaryImageOfPage":{"@id":"https:\/\/www.accuratereviews.com\/it\/software-gestire-registrazioni-eventi\/inevent-recensione\/#primaryimage"},"image":{"@id":"https:\/\/www.accuratereviews.com\/it\/software-gestire-registrazioni-eventi\/inevent-recensione\/#primaryimage"},"thumbnailUrl":"https:\/\/www.accuratereviews.com\/wp-content\/uploads\/2022\/01\/InEvent_Logo.png","datePublished":"2022-01-21T13:10:46+00:00","description":"InEvent: recensione soluzione di gestione degli eventi progettata per aiutare le aziende a semplificare i processi di organizzazione.","breadcrumb":{"@id":"https:\/\/www.accuratereviews.com\/it\/software-gestire-registrazioni-eventi\/inevent-recensione\/#breadcrumb"},"inLanguage":"it-IT","potentialAction":[{"@type":"ReadAction","target":["https:\/\/www.accuratereviews.com\/it\/software-gestire-registrazioni-eventi\/inevent-recensione\/"]}]},{"@type":"ImageObject","inLanguage":"it-IT","@id":"https:\/\/www.accuratereviews.com\/it\/software-gestire-registrazioni-eventi\/inevent-recensione\/#primaryimage","url":"https:\/\/www.accuratereviews.com\/wp-content\/uploads\/2022\/01\/InEvent_Logo.png","contentUrl":"https:\/\/www.accuratereviews.com\/wp-content\/uploads\/2022\/01\/InEvent_Logo.png","width":1000,"height":600},{"@type":"BreadcrumbList","@id":"https:\/\/www.accuratereviews.com\/it\/software-gestire-registrazioni-eventi\/inevent-recensione\/#breadcrumb","itemListElement":[{"@type":"ListItem","position":1,"name":"Home","item":"https:\/\/www.accuratereviews.com\/it\/"},{"@type":"ListItem","position":2,"name":"Software per gestire le registrazioni agli eventi","item":"https:\/\/www.accuratereviews.com\/it\/software-gestire-registrazioni-eventi\/"},{"@type":"ListItem","position":3,"name":"InEvent"}]},{"@type":"WebSite","@id":"https:\/\/www.accuratereviews.com\/it\/#website","url":"https:\/\/www.accuratereviews.com\/it\/","name":"Accurate Reviews","description":"","potentialAction":[{"@type":"SearchAction","target":{"@type":"EntryPoint","urlTemplate":"https:\/\/www.accuratereviews.com\/it\/?s={search_term_string}"},"query-input":{"@type":"PropertyValueSpecification","valueRequired":true,"valueName":"search_term_string"}}],"inLanguage":"it-IT"}]}},"_links":{"self":[{"href":"https:\/\/www.accuratereviews.com\/it\/wp-json\/wp\/v2\/pages\/52607","targetHints":{"allow":["GET"]}}],"collection":[{"href":"https:\/\/www.accuratereviews.com\/it\/wp-json\/wp\/v2\/pages"}],"about":[{"href":"https:\/\/www.accuratereviews.com\/it\/wp-json\/wp\/v2\/types\/page"}],"author":[{"embeddable":true,"href":"https:\/\/www.accuratereviews.com\/it\/wp-json\/wp\/v2\/users\/19"}],"replies":[{"embeddable":true,"href":"https:\/\/www.accuratereviews.com\/it\/wp-json\/wp\/v2\/comments?post=52607"}],"version-history":[{"count":8,"href":"https:\/\/www.accuratereviews.com\/it\/wp-json\/wp\/v2\/pages\/52607\/revisions"}],"predecessor-version":[{"id":52681,"href":"https:\/\/www.accuratereviews.com\/it\/wp-json\/wp\/v2\/pages\/52607\/revisions\/52681"}],"up":[{"embeddable":true,"href":"https:\/\/www.accuratereviews.com\/it\/wp-json\/wp\/v2\/pages\/51909"}],"wp:featuredmedia":[{"embeddable":true,"href":"https:\/\/www.accuratereviews.com\/it\/wp-json\/wp\/v2\/media\/52668"}],"wp:attachment":[{"href":"https:\/\/www.accuratereviews.com\/it\/wp-json\/wp\/v2\/media?parent=52607"}],"wp:term":[{"taxonomy":"category","embeddable":true,"href":"https:\/\/www.accuratereviews.com\/it\/wp-json\/wp\/v2\/categories?post=52607"},{"taxonomy":"post_tag","embeddable":true,"href":"https:\/\/www.accuratereviews.com\/it\/wp-json\/wp\/v2\/tags?post=52607"},{"taxonomy":"features","embeddable":true,"href":"https:\/\/www.accuratereviews.com\/it\/wp-json\/wp\/v2\/features?post=52607"}],"curies":[{"name":"wp","href":"https:\/\/api.w.org\/{rel}","templated":true}]}}