{"id":52609,"date":"2022-01-21T13:19:38","date_gmt":"2022-01-21T13:19:38","guid":{"rendered":"https:\/\/www.accuratereviews.com\/?page_id=52609"},"modified":"2022-01-21T13:19:38","modified_gmt":"2022-01-21T13:19:38","slug":"viewstub-recensione","status":"publish","type":"page","link":"https:\/\/www.accuratereviews.com\/it\/software-gestire-registrazioni-eventi\/viewstub-recensione\/","title":{"rendered":"ViewStub"},"content":{"rendered":"<p><strong>ViewStub<\/strong> \u00e8 un <strong>software di gestione degli eventi<\/strong> progettato per aiutare le aziende a pianificare streaming live e organizzare eventi. La piattaforma consente agli amministratori di gestire biglietti, promozioni, pagamenti, contenuti e registrazioni su un&#8217;interfaccia unificata. I gestori possono offrire abbonamenti e biglietti basati su donazioni e configurare le autorizzazioni di accesso ai video per gli utenti. <strong>ViewStub<\/strong> consente ai team di eseguire lo streaming simultaneo di pi\u00f9 sessioni live con diverse angolazioni della telecamera su una dashboard centralizzata. Inoltre, i supervisori possono anche condividere link di affiliazione con gli inserzionisti, gestire le commissioni e monitorare le vendite. Il software consente alle aziende di bloccare il traffico non autorizzato utilizzando gateway di accesso sicuri e di comunicare con i partecipanti tramite sondaggi in tempo reale e strumenti di chat.<\/p>\n<h2>VIEWSTUB &#8211; TUTORIAL<\/h2>\n<p>Guardiamo questo tutorial in cui illustra come <strong>creare eventi e gestirli<\/strong> con questo programma:<\/p>\n<div id=\"fluid-wrapper-counter-1\" class=\"g1-fluid-wrapper \" style=\"width:686px;\">\n<div style=\"padding-bottom:56.268221574344%;\"><iframe loading=\"lazy\" title=\"ViewStub Demo\" width=\"686\" height=\"386\" src=\"https:\/\/www.youtube.com\/embed\/gw7951Q-zN0?feature=oembed&amp;wmode=transparent&amp;autohide=1&amp;autoplay=0&amp;disablekb=0&amp;fs=1&amp;loop=0&amp;enablejsapi=1&amp;rel=0&amp;controls=2&amp;showinfo=0&amp;wmode=transparent&amp;autohide=2&amp;autoplay=0&amp;disablekb=0&amp;fs=1&amp;loop=0&amp;enablejsapi=1&amp;rel=0&amp;controls=2&amp;showinfo=1\" frameborder=\"0\" allow=\"accelerometer; autoplay; clipboard-write; encrypted-media; gyroscope; picture-in-picture\" allowfullscreen><\/iframe><\/div>\n<\/div>\n<h3>VIEWSTUB &#8211; CARATTERISTICHE<\/h3>\n<ul>\n<li><strong>Vendere i biglietti<\/strong>: aumenta la redditivit\u00e0 del tuo evento grazie a biglietti personalizzati per eventi, componenti aggiuntivi e up-sell, merchandising e tariffe di convenienza personalizzate<\/li>\n<li><strong>Mappe dei posti riservati<\/strong>: gestisci facilmente i posti a sedere VIP, le sezioni riservate e le presenze di gruppo<\/li>\n<li><strong>Botteghino<\/strong>: amministra rapidamente la vendita dei biglietti porta a porta\u00a0 in modo da poter tenere il locale pieno e la fila in movimento. Vendi i biglietti in loco presso la sede<\/li>\n<li><strong>Promozioni<\/strong>: crea campagne di incentivi e promozioni personalizzate per aumentare la consapevolezza degli eventi, il clamore e la vendita dei biglietti. Organizza concorsi e omaggi personalizzati, promuovi il marketing del passaparola e l&#8217;esperienza di partecipazione<\/li>\n<li><strong>Gestione degli accessi in loco<\/strong>: effettua il check-in dei partecipanti con lo scanner QR basato sul web e prendi il controllo dei presenti<\/li>\n<li><strong>Tutti i tuoi eventi in un unico posto<\/strong>: gestisci le vendite dei biglietti, i partecipanti, i fan e le preziose metriche di tutti i tuoi eventi. Consolida tutti i tuoi eventi su un&#8217;unica dashboard personalizzata<\/li>\n<li><strong>Archivia i dati dei clienti:<\/strong> organizza i dati importanti sui clienti come acquirenti di biglietti ed elenchi di email con lo stesso software che utilizzi per gestire la vendita dei biglietti<\/li>\n<li><strong>Marketing via email e sms<\/strong>: tieni informati i partecipanti con strumenti di marketing personalizzati tramite email e sms creati per promuovere eventi e fornire ai partecipanti tutte le informazioni di cui hanno bisogno<\/li>\n<li><strong>Opinioni dei clienti:<\/strong> ottieni una visione unica della tua base di clienti. Scopri da dove proviene il tuo traffico, a quali eventi partecipano i tuoi clienti e dove spendono i loro soldi per i tuoi eventi.<\/li>\n<\/ul>\n<h4>LE RECENSIONI DEGLI UTENTI<\/h4>\n<p class=\"font-weight-bold mb-2\"><strong>Doc S.&#8221;Il servizio clienti ha fatto la differenza&#8221;<\/strong><\/p>\n<p><span class=\"font-weight-bold\"><strong>Commenti<\/strong>:\u00a0<\/span>ViewStub ci ha permesso di produrre una conferenza professionale, con l&#8217;unico inconveniente che siamo stati noi stessi. Siamo sufficientemente impressionati che intendiamo utilizzarlo di nuovo l&#8217;anno prossimo.<\/p>\n<p class=\"font-weight-bold mb-2\"><strong>Pro<\/strong>: La piattaforma offre soluzioni per ogni aspetto della produzione e gestione degli eventi e il livello del servizio clienti fornito \u00e8 stato esemplare<\/p>\n<p class=\"font-weight-bold mb-2\"><strong>Contro<\/strong>: Abbiamo riscontrato che i controlli in studio sono leggermente meno che intuitivi, il che ci ha fatto inciampare alcune volte sia durante le prove che durante l&#8217;evento vero e proprio. Se avessimo avuto pi\u00f9 familiarit\u00e0 con il sistema, avrebbe potuto avere un impatto minore.<\/p>\n<h5 class=\"font-weight-bold mb-2\">Nia H. &#8220;Piattaforma incredibile&#8221;<\/h5>\n<p><span class=\"font-weight-bold\"><strong>Commenti<\/strong>:\u00a0<\/span>Questa \u00e8 un&#8217;ottima piattaforma nel complesso e ha cos\u00ec tante funzionalit\u00e0 che sono utili per organizzare un evento online di successo. Lo consiglio vivamente ai miei colleghi e lo user\u00f2 sicuramente di nuovo in futuro.<\/p>\n<p class=\"font-weight-bold mb-2\"><strong>Pro<\/strong>: \u00c8 estremamente facile da usare. E ha cos\u00ec tante funzioni utili e fantastiche. Sono stato in grado di impostare tutto rapidamente e il servizio clienti \u00e8 molto disponibile ed efficiente<\/p>\n<p class=\"font-weight-bold mb-2\"><strong>Contro<\/strong>: Sto ancora esplorando tutte le funzionalit\u00e0 di questa piattaforma, ma finora tutto \u00e8 fantastico<\/p>\n<h5 class=\"font-weight-bold mb-2\">Christine P. &#8220;Ottima piattaforma di streaming&#8221;<\/h5>\n<p><span class=\"font-weight-bold\"><strong>Commenti<\/strong>:\u00a0<\/span>Mi \u00e8 piaciuto molto il modo in cui le persone potevano postare mentre guardavano il nostro evento in tempo reale.<\/p>\n<p class=\"font-weight-bold mb-2\"><strong>Pro<\/strong>: Mi piace la facilit\u00e0 di configurazione. \u00c8 stato facile completare il modulo e pubblicare il mio evento.<\/p>\n<p class=\"font-weight-bold mb-2\"><strong>Contro<\/strong>: \u00c8 stato un po&#8217; confuso quando volevo rendere il mio evento gratuito, ma c&#8217;era comunque un costo che doveva pagare ogni partecipante.<\/p>\n","protected":false},"excerpt":{"rendered":"<p>ViewStub \u00e8 un software di gestione degli eventi progettato per aiutare le aziende a pianificare streaming live e organizzare eventi. La piattaforma consente agli amministratori di gestire biglietti, promozioni, pagamenti, contenuti e registrazioni su un&#8217;interfaccia unificata. I gestori possono offrire abbonamenti e biglietti basati su donazioni e configurare le autorizzazioni di accesso ai video per gli utenti.<\/p>\n","protected":false},"author":19,"featured_media":52642,"parent":51909,"menu_order":0,"comment_status":"open","ping_status":"closed","template":"g1_template_page_review_new.php","meta":{"_acf_changed":false,"cwp_meta_box_check":"No","cwp_rev_product_name":"","cwp_rev_product_image":"","wppr_links":[],"cwp_rev_price":"","wppr_options":[],"wppr_pros":[],"wppr_cons":[],"_monsterinsights_skip_tracking":false,"_monsterinsights_sitenote_active":false,"_monsterinsights_sitenote_note":"","_monsterinsights_sitenote_category":0,"footnotes":""},"categories":[11738],"tags":[11745,11743,11741,11740,11744,11856],"features":[],"class_list":{"0":"post-52609","1":"page","2":"type-page","3":"status-publish","4":"has-post-thumbnail","6":"category-software-gestire-registrazioni-eventi-categoria","7":"tag-piattaforma-per-gestire-le-registrazioni-agli-eventi","8":"tag-programma-per-gestire-le-registrazioni-agli-eventi","9":"tag-registrazione-eventi","10":"tag-software-per-gestire-le-registrazioni-agli-eventi","11":"tag-soluzione-per-gestire-le-registrazioni-agli-eventi","12":"tag-viewstub"},"wppr_data":{"cwp_meta_box_check":"No"},"acf":[],"yoast_head":"<!-- This site is optimized with the Yoast SEO plugin v27.4 - https:\/\/yoast.com\/product\/yoast-seo-wordpress\/ -->\n<title>ViewStub: recensione software per gestire le registrazioni a eventi<\/title>\n<meta name=\"description\" content=\"ViewStub: recensione software gestione di eventi progettato per aiutare le aziende a pianificare live streaming e organizzare manifestazioni.\" \/>\n<meta name=\"robots\" content=\"index, follow, max-snippet:-1, max-image-preview:large, max-video-preview:-1\" \/>\n<link rel=\"canonical\" href=\"https:\/\/www.accuratereviews.com\/it\/software-gestire-registrazioni-eventi\/viewstub-recensione\/\" \/>\n<meta property=\"og:locale\" content=\"it_IT\" \/>\n<meta property=\"og:type\" content=\"article\" \/>\n<meta property=\"og:title\" content=\"ViewStub: recensione software per gestire le registrazioni a eventi\" \/>\n<meta property=\"og:description\" content=\"ViewStub: recensione software gestione di eventi progettato per aiutare le aziende a pianificare live streaming e organizzare manifestazioni.\" \/>\n<meta property=\"og:url\" content=\"https:\/\/www.accuratereviews.com\/it\/software-gestire-registrazioni-eventi\/viewstub-recensione\/\" \/>\n<meta property=\"og:site_name\" content=\"Accurate Reviews\" \/>\n<meta property=\"og:image\" content=\"https:\/\/www.accuratereviews.com\/wp-content\/uploads\/2022\/01\/viewstub-logo.png\" \/>\n\t<meta property=\"og:image:width\" content=\"200\" \/>\n\t<meta property=\"og:image:height\" content=\"200\" \/>\n\t<meta property=\"og:image:type\" content=\"image\/png\" \/>\n<meta name=\"twitter:card\" content=\"summary_large_image\" \/>\n<meta name=\"twitter:label1\" content=\"Tempo di lettura stimato\" \/>\n\t<meta name=\"twitter:data1\" content=\"4 minuti\" \/>\n<script type=\"application\/ld+json\" class=\"yoast-schema-graph\">{\"@context\":\"https:\\\/\\\/schema.org\",\"@graph\":[{\"@type\":\"WebPage\",\"@id\":\"https:\\\/\\\/www.accuratereviews.com\\\/it\\\/software-gestire-registrazioni-eventi\\\/viewstub-recensione\\\/\",\"url\":\"https:\\\/\\\/www.accuratereviews.com\\\/it\\\/software-gestire-registrazioni-eventi\\\/viewstub-recensione\\\/\",\"name\":\"ViewStub: recensione software per gestire le registrazioni a eventi\",\"isPartOf\":{\"@id\":\"https:\\\/\\\/www.accuratereviews.com\\\/it\\\/#website\"},\"primaryImageOfPage\":{\"@id\":\"https:\\\/\\\/www.accuratereviews.com\\\/it\\\/software-gestire-registrazioni-eventi\\\/viewstub-recensione\\\/#primaryimage\"},\"image\":{\"@id\":\"https:\\\/\\\/www.accuratereviews.com\\\/it\\\/software-gestire-registrazioni-eventi\\\/viewstub-recensione\\\/#primaryimage\"},\"thumbnailUrl\":\"https:\\\/\\\/www.accuratereviews.com\\\/wp-content\\\/uploads\\\/2022\\\/01\\\/viewstub-logo.png\",\"datePublished\":\"2022-01-21T13:19:38+00:00\",\"description\":\"ViewStub: recensione software gestione di eventi progettato per aiutare le aziende a pianificare live streaming e organizzare manifestazioni.\",\"breadcrumb\":{\"@id\":\"https:\\\/\\\/www.accuratereviews.com\\\/it\\\/software-gestire-registrazioni-eventi\\\/viewstub-recensione\\\/#breadcrumb\"},\"inLanguage\":\"it-IT\",\"potentialAction\":[{\"@type\":\"ReadAction\",\"target\":[\"https:\\\/\\\/www.accuratereviews.com\\\/it\\\/software-gestire-registrazioni-eventi\\\/viewstub-recensione\\\/\"]}]},{\"@type\":\"ImageObject\",\"inLanguage\":\"it-IT\",\"@id\":\"https:\\\/\\\/www.accuratereviews.com\\\/it\\\/software-gestire-registrazioni-eventi\\\/viewstub-recensione\\\/#primaryimage\",\"url\":\"https:\\\/\\\/www.accuratereviews.com\\\/wp-content\\\/uploads\\\/2022\\\/01\\\/viewstub-logo.png\",\"contentUrl\":\"https:\\\/\\\/www.accuratereviews.com\\\/wp-content\\\/uploads\\\/2022\\\/01\\\/viewstub-logo.png\",\"width\":200,\"height\":200},{\"@type\":\"BreadcrumbList\",\"@id\":\"https:\\\/\\\/www.accuratereviews.com\\\/it\\\/software-gestire-registrazioni-eventi\\\/viewstub-recensione\\\/#breadcrumb\",\"itemListElement\":[{\"@type\":\"ListItem\",\"position\":1,\"name\":\"Home\",\"item\":\"https:\\\/\\\/www.accuratereviews.com\\\/it\\\/\"},{\"@type\":\"ListItem\",\"position\":2,\"name\":\"Software per gestire le registrazioni agli eventi\",\"item\":\"https:\\\/\\\/www.accuratereviews.com\\\/it\\\/software-gestire-registrazioni-eventi\\\/\"},{\"@type\":\"ListItem\",\"position\":3,\"name\":\"ViewStub\"}]},{\"@type\":\"WebSite\",\"@id\":\"https:\\\/\\\/www.accuratereviews.com\\\/it\\\/#website\",\"url\":\"https:\\\/\\\/www.accuratereviews.com\\\/it\\\/\",\"name\":\"Accurate Reviews\",\"description\":\"\",\"potentialAction\":[{\"@type\":\"SearchAction\",\"target\":{\"@type\":\"EntryPoint\",\"urlTemplate\":\"https:\\\/\\\/www.accuratereviews.com\\\/it\\\/?s={search_term_string}\"},\"query-input\":{\"@type\":\"PropertyValueSpecification\",\"valueRequired\":true,\"valueName\":\"search_term_string\"}}],\"inLanguage\":\"it-IT\"}]}<\/script>\n<!-- \/ Yoast SEO plugin. -->","yoast_head_json":{"title":"ViewStub: recensione software per gestire le registrazioni a eventi","description":"ViewStub: recensione software gestione di eventi progettato per aiutare le aziende a pianificare live streaming e organizzare manifestazioni.","robots":{"index":"index","follow":"follow","max-snippet":"max-snippet:-1","max-image-preview":"max-image-preview:large","max-video-preview":"max-video-preview:-1"},"canonical":"https:\/\/www.accuratereviews.com\/it\/software-gestire-registrazioni-eventi\/viewstub-recensione\/","og_locale":"it_IT","og_type":"article","og_title":"ViewStub: recensione software per gestire le registrazioni a eventi","og_description":"ViewStub: recensione software gestione di eventi progettato per aiutare le aziende a pianificare live streaming e organizzare manifestazioni.","og_url":"https:\/\/www.accuratereviews.com\/it\/software-gestire-registrazioni-eventi\/viewstub-recensione\/","og_site_name":"Accurate Reviews","og_image":[{"width":200,"height":200,"url":"https:\/\/www.accuratereviews.com\/wp-content\/uploads\/2022\/01\/viewstub-logo.png","type":"image\/png"}],"twitter_card":"summary_large_image","twitter_misc":{"Tempo di lettura stimato":"4 minuti"},"schema":{"@context":"https:\/\/schema.org","@graph":[{"@type":"WebPage","@id":"https:\/\/www.accuratereviews.com\/it\/software-gestire-registrazioni-eventi\/viewstub-recensione\/","url":"https:\/\/www.accuratereviews.com\/it\/software-gestire-registrazioni-eventi\/viewstub-recensione\/","name":"ViewStub: recensione software per gestire le registrazioni a eventi","isPartOf":{"@id":"https:\/\/www.accuratereviews.com\/it\/#website"},"primaryImageOfPage":{"@id":"https:\/\/www.accuratereviews.com\/it\/software-gestire-registrazioni-eventi\/viewstub-recensione\/#primaryimage"},"image":{"@id":"https:\/\/www.accuratereviews.com\/it\/software-gestire-registrazioni-eventi\/viewstub-recensione\/#primaryimage"},"thumbnailUrl":"https:\/\/www.accuratereviews.com\/wp-content\/uploads\/2022\/01\/viewstub-logo.png","datePublished":"2022-01-21T13:19:38+00:00","description":"ViewStub: recensione software gestione di eventi progettato per aiutare le aziende a pianificare live streaming e organizzare manifestazioni.","breadcrumb":{"@id":"https:\/\/www.accuratereviews.com\/it\/software-gestire-registrazioni-eventi\/viewstub-recensione\/#breadcrumb"},"inLanguage":"it-IT","potentialAction":[{"@type":"ReadAction","target":["https:\/\/www.accuratereviews.com\/it\/software-gestire-registrazioni-eventi\/viewstub-recensione\/"]}]},{"@type":"ImageObject","inLanguage":"it-IT","@id":"https:\/\/www.accuratereviews.com\/it\/software-gestire-registrazioni-eventi\/viewstub-recensione\/#primaryimage","url":"https:\/\/www.accuratereviews.com\/wp-content\/uploads\/2022\/01\/viewstub-logo.png","contentUrl":"https:\/\/www.accuratereviews.com\/wp-content\/uploads\/2022\/01\/viewstub-logo.png","width":200,"height":200},{"@type":"BreadcrumbList","@id":"https:\/\/www.accuratereviews.com\/it\/software-gestire-registrazioni-eventi\/viewstub-recensione\/#breadcrumb","itemListElement":[{"@type":"ListItem","position":1,"name":"Home","item":"https:\/\/www.accuratereviews.com\/it\/"},{"@type":"ListItem","position":2,"name":"Software per gestire le registrazioni agli eventi","item":"https:\/\/www.accuratereviews.com\/it\/software-gestire-registrazioni-eventi\/"},{"@type":"ListItem","position":3,"name":"ViewStub"}]},{"@type":"WebSite","@id":"https:\/\/www.accuratereviews.com\/it\/#website","url":"https:\/\/www.accuratereviews.com\/it\/","name":"Accurate Reviews","description":"","potentialAction":[{"@type":"SearchAction","target":{"@type":"EntryPoint","urlTemplate":"https:\/\/www.accuratereviews.com\/it\/?s={search_term_string}"},"query-input":{"@type":"PropertyValueSpecification","valueRequired":true,"valueName":"search_term_string"}}],"inLanguage":"it-IT"}]}},"_links":{"self":[{"href":"https:\/\/www.accuratereviews.com\/it\/wp-json\/wp\/v2\/pages\/52609","targetHints":{"allow":["GET"]}}],"collection":[{"href":"https:\/\/www.accuratereviews.com\/it\/wp-json\/wp\/v2\/pages"}],"about":[{"href":"https:\/\/www.accuratereviews.com\/it\/wp-json\/wp\/v2\/types\/page"}],"author":[{"embeddable":true,"href":"https:\/\/www.accuratereviews.com\/it\/wp-json\/wp\/v2\/users\/19"}],"replies":[{"embeddable":true,"href":"https:\/\/www.accuratereviews.com\/it\/wp-json\/wp\/v2\/comments?post=52609"}],"version-history":[{"count":15,"href":"https:\/\/www.accuratereviews.com\/it\/wp-json\/wp\/v2\/pages\/52609\/revisions"}],"predecessor-version":[{"id":52683,"href":"https:\/\/www.accuratereviews.com\/it\/wp-json\/wp\/v2\/pages\/52609\/revisions\/52683"}],"up":[{"embeddable":true,"href":"https:\/\/www.accuratereviews.com\/it\/wp-json\/wp\/v2\/pages\/51909"}],"wp:featuredmedia":[{"embeddable":true,"href":"https:\/\/www.accuratereviews.com\/it\/wp-json\/wp\/v2\/media\/52642"}],"wp:attachment":[{"href":"https:\/\/www.accuratereviews.com\/it\/wp-json\/wp\/v2\/media?parent=52609"}],"wp:term":[{"taxonomy":"category","embeddable":true,"href":"https:\/\/www.accuratereviews.com\/it\/wp-json\/wp\/v2\/categories?post=52609"},{"taxonomy":"post_tag","embeddable":true,"href":"https:\/\/www.accuratereviews.com\/it\/wp-json\/wp\/v2\/tags?post=52609"},{"taxonomy":"features","embeddable":true,"href":"https:\/\/www.accuratereviews.com\/it\/wp-json\/wp\/v2\/features?post=52609"}],"curies":[{"name":"wp","href":"https:\/\/api.w.org\/{rel}","templated":true}]}}