{"id":52684,"date":"2022-01-21T15:37:05","date_gmt":"2022-01-21T15:37:05","guid":{"rendered":"https:\/\/www.accuratereviews.com\/?page_id=52684"},"modified":"2022-01-21T15:37:05","modified_gmt":"2022-01-21T15:37:05","slug":"holdmyticket-recensione","status":"publish","type":"page","link":"https:\/\/www.accuratereviews.com\/it\/software-gestire-registrazioni-eventi\/holdmyticket-recensione\/","title":{"rendered":"Holdmyticket"},"content":{"rendered":"<p><strong>Holdmyticket<\/strong>\u00a0ti permette di automatizzare e gestire facilmente i tuoi eventi, partendo dalla loro creazione per arrivare alla loro vendita. Si tratta di una biglietteria online che offre strumenti avanzati per incorporare i widget white-label, creare un sito web personalizzato con le informazioni dell&#8217;evento, inviare sondaggi agli spettatori, aggiungere codici promozionali, gestire i posti a sedere e molto altro ancora.<br \/>\n<strong>Holdmyticket<\/strong> \u00e8 disponibile sia in versione desktop per Windows e Mac che in versione mobile per dispositivi iOS e Android.<\/p>\n<h3>HOLDMYTICKET &#8211; TUTORIAL<\/h3>\n<p>In questo video viene spiegato come aggiungere eventi su questa piattaforma:<\/p>\n<div id=\"fluid-wrapper-counter-1\" class=\"g1-fluid-wrapper \" style=\"width:686px;\">\n<div style=\"padding-bottom:56.268221574344%;\"><iframe loading=\"lazy\" title=\"Add Events on HoldMyTicket\" width=\"686\" height=\"386\" src=\"https:\/\/www.youtube.com\/embed\/xOeq9RLlZEw?feature=oembed&amp;wmode=transparent&amp;autohide=1&amp;autoplay=0&amp;disablekb=0&amp;fs=1&amp;loop=0&amp;enablejsapi=1&amp;rel=0&amp;controls=2&amp;showinfo=0&amp;wmode=transparent&amp;autohide=2&amp;autoplay=0&amp;disablekb=0&amp;fs=1&amp;loop=0&amp;enablejsapi=1&amp;rel=0&amp;controls=2&amp;showinfo=1\" frameborder=\"0\" allow=\"accelerometer; autoplay; clipboard-write; encrypted-media; gyroscope; picture-in-picture\" allowfullscreen><\/iframe><\/div>\n<\/div>\n<h3>HOLDMYTICKET &#8211; CARATTERSITICHE<\/h3>\n<p>Di seguito le sue principali caratteristiche:<\/p>\n<ul>\n<li><strong>Creazione di una pagina evento personalizzata<\/strong>: costruisci una pagina di destinazione personalizzata per il tuo evento che include tutte le informazioni necessarie, opzioni di acquisto, una mappa di Google per la tua posizione, colori e immagini personalizzate e un URL unico. Quando aggiungi il tuo evento a HoldMyTicket, aggiunger\u00e0 anche il tuo evento al tuo sito web e ai feed del calendario RSS<\/li>\n<li><strong>Crea eventi ripetuti<\/strong>: hai un evento che si ripete? Crea semplicemente l&#8217;evento una volta, classificalo come evento ripetitivo e scegli la frequenza e la data di fine. L&#8217;evento verr\u00e0 quindi creato e verr\u00e0 creato un evento per tutte le date che desideri, tutto in una volta<\/li>\n<li><strong>Offerte<\/strong>: puoi creare un&#8217;offerta e inviarla via email a tutti i destinatari che vuoi. Una volta che la tua offerta \u00e8 confermata, puoi usare quei dati specifici per costruire il tuo evento<\/li>\n<li><strong>Gestione degli eventi<\/strong>: non c&#8217;\u00e8 limite al numero di eventi o sedi che puoi gestire. Passa facilmente da una sede all&#8217;altra o da un evento all&#8217;altro in pochi secondi. Costruisci ogni sede con le sue impostazioni predefinite per accelerare la creazione dell&#8217;evento<\/li>\n<li><strong>Sondaggi<\/strong>: hai un evento in cui hai bisogno di ottenere le taglie delle magliette degli avventori, le scelte dei pasti o altre informazioni? Lo strumento Survey di HMT ti d\u00e0 la possibilit\u00e0 di imparare molto di pi\u00f9 sui tuoi acquirenti di biglietti<\/li>\n<li><strong>Lista d&#8217;attesa<\/strong>: hai un evento sold-out, ma prevedi di aggiungere biglietti in seguito? Questa funzione permetter\u00e0 ai tuoi sostenitori di iscriversi alla lista d&#8217;attesa in modo da poterli avvisare per primi quando i biglietti saranno in vendita<\/li>\n<li><strong>Marketing &amp; Social Media<\/strong>: utilizza gli strumenti di email marketing, le funzioni di monitoraggio FB Pixel e Google Tag Manager, l&#8217;integrazione degli eventi Facebook e altro ancora<\/li>\n<li><strong>Report e analisi<\/strong>: i report dettagliati faranno sorridere i tuoi dipartimenti di contabilit\u00e0 e marketing. Usa i dati del tuo evento per commercializzare accuratamente il tuo evento e sfruttare al massimo il tuo budget di marketing.<\/li>\n<\/ul>\n<h4>LE RECENSIONI DEGLI UTENTI<\/h4>\n<p><strong>Ron P. &#8220;Fanno quello che dicono e altro&#8221;<\/strong><br \/>\nCOMMENTI: promettono meno e fanno di pi\u00f9. \u00c8 un piacere assoluto lavorare con il team di HMT, non potrei chiedere un partner migliore. Sono cos\u00ec felice che abbiamo scelto loro rispetto ai &#8220;Big Guys&#8221; dell&#8217;industria dei biglietti. 5 Stelle tutta la vita!<br \/>\nPRO: prodotto e servizio di qualit\u00e0 costante da parte del loro staff. Rispondono sempre al telefono e rispondono alle mail<br \/>\nCONTRO: difficile trovare qualcosa qui. Ci sono pi\u00f9 cose che vorrei facessero, ma sono disposti a integrare o costruire API e sono sempre agili.<\/p>\n<p><strong>Elizabeth H. &#8220;Modo facile per coordinare i biglietti di gruppo&#8221;<\/strong><br \/>\nCOMMENTI: \u00e8 decisamente facile vendere biglietti per eventi. L&#8217;esperienza utente \u00e8 molto semplice e snella.<br \/>\nPRO: questo sito \u00e8 stato abbastanza facile da navigare e per individuare i biglietti di cui avevo bisogno. \u00c8 particolarmente utile per noi con eventi virtuali. Mi piace come inviano gli aggiornamenti, ogni volta che un biglietto viene acquistato.<br \/>\nCONTRO: non ci sono molti contro, ma forse sarebbe pi\u00f9 facile vedere il numero totale di biglietti venduti per un certo evento, se ci fosse una pagina specifica sul sito che lo traccia.<\/p>\n<p><strong>Abbey R. &#8220;Recensione di HoldMyTicket&#8221;<\/strong><br \/>\nCOMMENTI: incredibile si preoccupano, rispondono. Sono fantastici con i miei clienti per domande\/rimborsi ecc. considerano i suggerimenti di aggiornamento. Sono persone vere. Amo questa azienda. Sono un vero partner nella mia attivit\u00e0.<br \/>\nPRO: la funzione calendario, la funzione offerte, la dashboard, l&#8217;integrazione con i social media. La newsletter<br \/>\nCONTRO: l&#8217;integrazione\/stile\/look del sito web potrebbe essere migliore, ma funziona ed \u00e8 stabile e in 12 anni di utilizzo, non \u00e8 mai stato non funzionale.<\/p>\n","protected":false},"excerpt":{"rendered":"<p>Holdmyticket\u00a0ti permette di automatizzare e gestire facilmente i tuoi eventi, partendo dalla loro creazione per arrivare alla loro vendita. Si tratta di una biglietteria online che offre strumenti avanzati per incorporare i widget white-label, creare un sito web personalizzato con le informazioni dell&#8217;evento, inviare sondaggi agli spettatori, aggiungere codici promozionali, gestire i posti a sedere e molto altro ancora.<\/p>\n","protected":false},"author":17,"featured_media":52685,"parent":51909,"menu_order":0,"comment_status":"open","ping_status":"closed","template":"g1_template_page_review_new.php","meta":{"_acf_changed":false,"cwp_meta_box_check":"No","cwp_rev_product_name":"","cwp_rev_product_image":"","wppr_links":[],"cwp_rev_price":"","wppr_options":[],"wppr_pros":[],"wppr_cons":[],"_monsterinsights_skip_tracking":false,"_monsterinsights_sitenote_active":false,"_monsterinsights_sitenote_note":"","_monsterinsights_sitenote_category":0,"footnotes":""},"categories":[11738],"tags":[11746,11836,11745,11743,11741,11833,11744],"features":[],"class_list":{"0":"post-52684","1":"page","2":"type-page","3":"status-publish","4":"has-post-thumbnail","6":"category-software-gestire-registrazioni-eventi-categoria","7":"tag-gestire-le-registrazioni-agli-eventi","8":"tag-piattaforma-per-gestire-le-registrazioni-a-eventi","9":"tag-piattaforma-per-gestire-le-registrazioni-agli-eventi","10":"tag-programma-per-gestire-le-registrazioni-agli-eventi","11":"tag-registrazione-eventi","12":"tag-software-per-gestire-le-registrazini-a-eventi","13":"tag-soluzione-per-gestire-le-registrazioni-agli-eventi"},"wppr_data":{"cwp_meta_box_check":"No"},"acf":[],"yoast_head":"<!-- This site is optimized with the Yoast SEO plugin v27.4 - https:\/\/yoast.com\/product\/yoast-seo-wordpress\/ -->\n<title>Holdmyticket: recensione software per gestire registrazioni eventi<\/title>\n<meta name=\"description\" content=\"Holdmyticket: recensione del software che ti permette di automatizzare e gestire facilmente i tuoi eventi.\" \/>\n<meta name=\"robots\" content=\"index, follow, max-snippet:-1, max-image-preview:large, max-video-preview:-1\" \/>\n<link rel=\"canonical\" href=\"https:\/\/www.accuratereviews.com\/it\/software-gestire-registrazioni-eventi\/holdmyticket-recensione\/\" \/>\n<meta property=\"og:locale\" content=\"it_IT\" \/>\n<meta property=\"og:type\" content=\"article\" \/>\n<meta property=\"og:title\" content=\"Holdmyticket: recensione software per gestire registrazioni eventi\" \/>\n<meta property=\"og:description\" content=\"Holdmyticket: recensione del software che ti permette di automatizzare e gestire facilmente i tuoi eventi.\" \/>\n<meta property=\"og:url\" content=\"https:\/\/www.accuratereviews.com\/it\/software-gestire-registrazioni-eventi\/holdmyticket-recensione\/\" \/>\n<meta property=\"og:site_name\" content=\"Accurate Reviews\" \/>\n<meta property=\"og:image\" content=\"https:\/\/www.accuratereviews.com\/wp-content\/uploads\/2022\/01\/holdmyticket.png\" \/>\n\t<meta property=\"og:image:width\" content=\"600\" \/>\n\t<meta property=\"og:image:height\" content=\"315\" \/>\n\t<meta property=\"og:image:type\" content=\"image\/png\" \/>\n<meta name=\"twitter:card\" content=\"summary_large_image\" \/>\n<meta name=\"twitter:label1\" content=\"Tempo di lettura stimato\" \/>\n\t<meta name=\"twitter:data1\" content=\"4 minuti\" \/>\n<script type=\"application\/ld+json\" class=\"yoast-schema-graph\">{\"@context\":\"https:\\\/\\\/schema.org\",\"@graph\":[{\"@type\":\"WebPage\",\"@id\":\"https:\\\/\\\/www.accuratereviews.com\\\/it\\\/software-gestire-registrazioni-eventi\\\/holdmyticket-recensione\\\/\",\"url\":\"https:\\\/\\\/www.accuratereviews.com\\\/it\\\/software-gestire-registrazioni-eventi\\\/holdmyticket-recensione\\\/\",\"name\":\"Holdmyticket: recensione software per gestire registrazioni eventi\",\"isPartOf\":{\"@id\":\"https:\\\/\\\/www.accuratereviews.com\\\/it\\\/#website\"},\"primaryImageOfPage\":{\"@id\":\"https:\\\/\\\/www.accuratereviews.com\\\/it\\\/software-gestire-registrazioni-eventi\\\/holdmyticket-recensione\\\/#primaryimage\"},\"image\":{\"@id\":\"https:\\\/\\\/www.accuratereviews.com\\\/it\\\/software-gestire-registrazioni-eventi\\\/holdmyticket-recensione\\\/#primaryimage\"},\"thumbnailUrl\":\"https:\\\/\\\/www.accuratereviews.com\\\/wp-content\\\/uploads\\\/2022\\\/01\\\/holdmyticket.png\",\"datePublished\":\"2022-01-21T15:37:05+00:00\",\"description\":\"Holdmyticket: recensione del software che ti permette di automatizzare e gestire facilmente i tuoi eventi.\",\"breadcrumb\":{\"@id\":\"https:\\\/\\\/www.accuratereviews.com\\\/it\\\/software-gestire-registrazioni-eventi\\\/holdmyticket-recensione\\\/#breadcrumb\"},\"inLanguage\":\"it-IT\",\"potentialAction\":[{\"@type\":\"ReadAction\",\"target\":[\"https:\\\/\\\/www.accuratereviews.com\\\/it\\\/software-gestire-registrazioni-eventi\\\/holdmyticket-recensione\\\/\"]}]},{\"@type\":\"ImageObject\",\"inLanguage\":\"it-IT\",\"@id\":\"https:\\\/\\\/www.accuratereviews.com\\\/it\\\/software-gestire-registrazioni-eventi\\\/holdmyticket-recensione\\\/#primaryimage\",\"url\":\"https:\\\/\\\/www.accuratereviews.com\\\/wp-content\\\/uploads\\\/2022\\\/01\\\/holdmyticket.png\",\"contentUrl\":\"https:\\\/\\\/www.accuratereviews.com\\\/wp-content\\\/uploads\\\/2022\\\/01\\\/holdmyticket.png\",\"width\":600,\"height\":315},{\"@type\":\"BreadcrumbList\",\"@id\":\"https:\\\/\\\/www.accuratereviews.com\\\/it\\\/software-gestire-registrazioni-eventi\\\/holdmyticket-recensione\\\/#breadcrumb\",\"itemListElement\":[{\"@type\":\"ListItem\",\"position\":1,\"name\":\"Home\",\"item\":\"https:\\\/\\\/www.accuratereviews.com\\\/it\\\/\"},{\"@type\":\"ListItem\",\"position\":2,\"name\":\"Software per gestire le registrazioni agli eventi\",\"item\":\"https:\\\/\\\/www.accuratereviews.com\\\/it\\\/software-gestire-registrazioni-eventi\\\/\"},{\"@type\":\"ListItem\",\"position\":3,\"name\":\"Holdmyticket\"}]},{\"@type\":\"WebSite\",\"@id\":\"https:\\\/\\\/www.accuratereviews.com\\\/it\\\/#website\",\"url\":\"https:\\\/\\\/www.accuratereviews.com\\\/it\\\/\",\"name\":\"Accurate Reviews\",\"description\":\"\",\"potentialAction\":[{\"@type\":\"SearchAction\",\"target\":{\"@type\":\"EntryPoint\",\"urlTemplate\":\"https:\\\/\\\/www.accuratereviews.com\\\/it\\\/?s={search_term_string}\"},\"query-input\":{\"@type\":\"PropertyValueSpecification\",\"valueRequired\":true,\"valueName\":\"search_term_string\"}}],\"inLanguage\":\"it-IT\"}]}<\/script>\n<!-- \/ Yoast SEO plugin. -->","yoast_head_json":{"title":"Holdmyticket: recensione software per gestire registrazioni eventi","description":"Holdmyticket: recensione del software che ti permette di automatizzare e gestire facilmente i tuoi eventi.","robots":{"index":"index","follow":"follow","max-snippet":"max-snippet:-1","max-image-preview":"max-image-preview:large","max-video-preview":"max-video-preview:-1"},"canonical":"https:\/\/www.accuratereviews.com\/it\/software-gestire-registrazioni-eventi\/holdmyticket-recensione\/","og_locale":"it_IT","og_type":"article","og_title":"Holdmyticket: recensione software per gestire registrazioni eventi","og_description":"Holdmyticket: recensione del software che ti permette di automatizzare e gestire facilmente i tuoi eventi.","og_url":"https:\/\/www.accuratereviews.com\/it\/software-gestire-registrazioni-eventi\/holdmyticket-recensione\/","og_site_name":"Accurate Reviews","og_image":[{"width":600,"height":315,"url":"https:\/\/www.accuratereviews.com\/wp-content\/uploads\/2022\/01\/holdmyticket.png","type":"image\/png"}],"twitter_card":"summary_large_image","twitter_misc":{"Tempo di lettura stimato":"4 minuti"},"schema":{"@context":"https:\/\/schema.org","@graph":[{"@type":"WebPage","@id":"https:\/\/www.accuratereviews.com\/it\/software-gestire-registrazioni-eventi\/holdmyticket-recensione\/","url":"https:\/\/www.accuratereviews.com\/it\/software-gestire-registrazioni-eventi\/holdmyticket-recensione\/","name":"Holdmyticket: recensione software per gestire registrazioni eventi","isPartOf":{"@id":"https:\/\/www.accuratereviews.com\/it\/#website"},"primaryImageOfPage":{"@id":"https:\/\/www.accuratereviews.com\/it\/software-gestire-registrazioni-eventi\/holdmyticket-recensione\/#primaryimage"},"image":{"@id":"https:\/\/www.accuratereviews.com\/it\/software-gestire-registrazioni-eventi\/holdmyticket-recensione\/#primaryimage"},"thumbnailUrl":"https:\/\/www.accuratereviews.com\/wp-content\/uploads\/2022\/01\/holdmyticket.png","datePublished":"2022-01-21T15:37:05+00:00","description":"Holdmyticket: recensione del software che ti permette di automatizzare e gestire facilmente i tuoi eventi.","breadcrumb":{"@id":"https:\/\/www.accuratereviews.com\/it\/software-gestire-registrazioni-eventi\/holdmyticket-recensione\/#breadcrumb"},"inLanguage":"it-IT","potentialAction":[{"@type":"ReadAction","target":["https:\/\/www.accuratereviews.com\/it\/software-gestire-registrazioni-eventi\/holdmyticket-recensione\/"]}]},{"@type":"ImageObject","inLanguage":"it-IT","@id":"https:\/\/www.accuratereviews.com\/it\/software-gestire-registrazioni-eventi\/holdmyticket-recensione\/#primaryimage","url":"https:\/\/www.accuratereviews.com\/wp-content\/uploads\/2022\/01\/holdmyticket.png","contentUrl":"https:\/\/www.accuratereviews.com\/wp-content\/uploads\/2022\/01\/holdmyticket.png","width":600,"height":315},{"@type":"BreadcrumbList","@id":"https:\/\/www.accuratereviews.com\/it\/software-gestire-registrazioni-eventi\/holdmyticket-recensione\/#breadcrumb","itemListElement":[{"@type":"ListItem","position":1,"name":"Home","item":"https:\/\/www.accuratereviews.com\/it\/"},{"@type":"ListItem","position":2,"name":"Software per gestire le registrazioni agli eventi","item":"https:\/\/www.accuratereviews.com\/it\/software-gestire-registrazioni-eventi\/"},{"@type":"ListItem","position":3,"name":"Holdmyticket"}]},{"@type":"WebSite","@id":"https:\/\/www.accuratereviews.com\/it\/#website","url":"https:\/\/www.accuratereviews.com\/it\/","name":"Accurate Reviews","description":"","potentialAction":[{"@type":"SearchAction","target":{"@type":"EntryPoint","urlTemplate":"https:\/\/www.accuratereviews.com\/it\/?s={search_term_string}"},"query-input":{"@type":"PropertyValueSpecification","valueRequired":true,"valueName":"search_term_string"}}],"inLanguage":"it-IT"}]}},"_links":{"self":[{"href":"https:\/\/www.accuratereviews.com\/it\/wp-json\/wp\/v2\/pages\/52684","targetHints":{"allow":["GET"]}}],"collection":[{"href":"https:\/\/www.accuratereviews.com\/it\/wp-json\/wp\/v2\/pages"}],"about":[{"href":"https:\/\/www.accuratereviews.com\/it\/wp-json\/wp\/v2\/types\/page"}],"author":[{"embeddable":true,"href":"https:\/\/www.accuratereviews.com\/it\/wp-json\/wp\/v2\/users\/17"}],"replies":[{"embeddable":true,"href":"https:\/\/www.accuratereviews.com\/it\/wp-json\/wp\/v2\/comments?post=52684"}],"version-history":[{"count":5,"href":"https:\/\/www.accuratereviews.com\/it\/wp-json\/wp\/v2\/pages\/52684\/revisions"}],"predecessor-version":[{"id":52701,"href":"https:\/\/www.accuratereviews.com\/it\/wp-json\/wp\/v2\/pages\/52684\/revisions\/52701"}],"up":[{"embeddable":true,"href":"https:\/\/www.accuratereviews.com\/it\/wp-json\/wp\/v2\/pages\/51909"}],"wp:featuredmedia":[{"embeddable":true,"href":"https:\/\/www.accuratereviews.com\/it\/wp-json\/wp\/v2\/media\/52685"}],"wp:attachment":[{"href":"https:\/\/www.accuratereviews.com\/it\/wp-json\/wp\/v2\/media?parent=52684"}],"wp:term":[{"taxonomy":"category","embeddable":true,"href":"https:\/\/www.accuratereviews.com\/it\/wp-json\/wp\/v2\/categories?post=52684"},{"taxonomy":"post_tag","embeddable":true,"href":"https:\/\/www.accuratereviews.com\/it\/wp-json\/wp\/v2\/tags?post=52684"},{"taxonomy":"features","embeddable":true,"href":"https:\/\/www.accuratereviews.com\/it\/wp-json\/wp\/v2\/features?post=52684"}],"curies":[{"name":"wp","href":"https:\/\/api.w.org\/{rel}","templated":true}]}}