{"id":52775,"date":"2022-01-25T14:47:33","date_gmt":"2022-01-25T14:47:33","guid":{"rendered":"https:\/\/www.accuratereviews.com\/?page_id=52775"},"modified":"2022-01-25T14:47:33","modified_gmt":"2022-01-25T14:47:33","slug":"xaitcpq-recensione","status":"publish","type":"page","link":"https:\/\/www.accuratereviews.com\/it\/programmi-preventivi\/xaitcpq-recensione\/","title":{"rendered":"XaitCPQ"},"content":{"rendered":"<p>Il software <strong>Xait CPQ<\/strong> (ex BlueprintCPQ) \u00e8 un <strong>sistema per fare preventivi<\/strong> su <strong>cloud<\/strong>. Pu\u00f2 essere utilizzato come software autonomo o integrato con i principali sistemi CRM ed ERP. Aiutare i venditori, i partner di canale e gli utenti finali a fare scelte informate, eseguire calcoli complessi, valutare e produrre documenti.\u00a0Il sistema \u00e8 compatibile con il tuo ecommerce consente di semplificare a sufficienza sezioni di prodotti per essere utilizzate dai clienti.\u00a0<strong>Xait CPQ<\/strong> pu\u00f2 essere utilizzato anche sui siti web per acquisire dati in forma controllata, eseguire regole e connettersi a un output da email a documenti a sistemi esistenti.\u00a0Utilizzata come sistema autonomo o completamente integrata nel tuo CRM esistente, incluso Salesforce.com, l&#8217;applicazione aiuta le aziende a soddisfare livelli elevati di domanda e incoraggia nuove attivit\u00e0 ottenendo la massima efficienza operativa.<\/p>\n<h2><a href=\"https:\/\/www.accuratereviews.com\/wp-content\/uploads\/2022\/01\/Schermata-2022-01-25-alle-11.16.51.png\"><img loading=\"lazy\" decoding=\"async\" class=\"alignnone size-full wp-image-52792\" src=\"https:\/\/www.accuratereviews.com\/wp-content\/uploads\/2022\/01\/Schermata-2022-01-25-alle-11.16.51.png\" alt=\"\" width=\"2520\" height=\"1576\" srcset=\"https:\/\/www.accuratereviews.com\/wp-content\/uploads\/2022\/01\/Schermata-2022-01-25-alle-11.16.51.png 2520w, https:\/\/www.accuratereviews.com\/wp-content\/uploads\/2022\/01\/Schermata-2022-01-25-alle-11.16.51-300x188.png 300w, https:\/\/www.accuratereviews.com\/wp-content\/uploads\/2022\/01\/Schermata-2022-01-25-alle-11.16.51-1024x640.png 1024w, https:\/\/www.accuratereviews.com\/wp-content\/uploads\/2022\/01\/Schermata-2022-01-25-alle-11.16.51-768x480.png 768w, https:\/\/www.accuratereviews.com\/wp-content\/uploads\/2022\/01\/Schermata-2022-01-25-alle-11.16.51-1536x961.png 1536w, https:\/\/www.accuratereviews.com\/wp-content\/uploads\/2022\/01\/Schermata-2022-01-25-alle-11.16.51-2048x1281.png 2048w, https:\/\/www.accuratereviews.com\/wp-content\/uploads\/2022\/01\/Schermata-2022-01-25-alle-11.16.51-200x125.png 200w, https:\/\/www.accuratereviews.com\/wp-content\/uploads\/2022\/01\/Schermata-2022-01-25-alle-11.16.51-50x31.png 50w, https:\/\/www.accuratereviews.com\/wp-content\/uploads\/2022\/01\/Schermata-2022-01-25-alle-11.16.51-968x605.png 968w, https:\/\/www.accuratereviews.com\/wp-content\/uploads\/2022\/01\/Schermata-2022-01-25-alle-11.16.51-636x398.png 636w, https:\/\/www.accuratereviews.com\/wp-content\/uploads\/2022\/01\/Schermata-2022-01-25-alle-11.16.51-320x200.png 320w, https:\/\/www.accuratereviews.com\/wp-content\/uploads\/2022\/01\/Schermata-2022-01-25-alle-11.16.51-239x149.png 239w\" sizes=\"auto, (max-width: 2520px) 100vw, 2520px\" \/><\/a><\/h2>\n<h2>XAITCPQ &#8211; CARATTERISTICHE<\/h2>\n<ul>\n<li><strong>Sei autosufficiente e veloce<\/strong>: nessun calcolo e nessuna regola \u00e8 troppo complessa per essere soddisfatta. Adatta facilmente il software alla tua azienda, non il contrario. Tu scrivi le regole aziendali, il software fornisce il risultato. Essere rapidamente indipendenti da competenze e risorse esterne<\/li>\n<li><strong>Adattarsi facilmente al futuro<\/strong>: quando le regole aziendali cambiano, sarai sicuro che il tuo sistema di quotazione si adatter\u00e0. Anche se l&#8217;intera base dei tuoi costi e dei prezzi cambia, stai certo che andr\u00e0 tutto a buon fine<\/li>\n<li><strong>Integralo con i tuoi sistemi esistenti<\/strong>: integra il tuo sistema di preventivi con il tuo sito web per ottenere il vantaggio della collaborazione. Goditi i vantaggi di un sistema di preventivi completamente integrato con eCommerce e CRM. Passa gli ordini direttamente a ERP quando i preventivi si trasformano in ordini, per un&#8217;elaborazione senza errori<\/li>\n<li><strong>Affronta l&#8217;imprevisto<\/strong>: sappi che il tuo sistema di quotazione \u00e8 scalabile e flessibile. Sar\u00e0 in grado di far fronte a nuove situazioni man mano che si presentano, che si tratti di nuovi prodotti o dell&#8217;aggiunta di attivit\u00e0 completamente nuove<\/li>\n<li><strong>Uno strumento facile da usare<\/strong>: lo strumento di amministrazione \u00e8 semplice da usare. Consente di acquisire regole complesse. Semplifica una buona progettazione dello schermo, per ottenere il giusto equilibrio tra l&#8217;accettazione da parte dell&#8217;utente e il sovraccarico amministrativo<\/li>\n<li><strong>Aumento della capacit\u00e0 di quotazione<\/strong>: un preventivo veloce significa che \u00e8 possibile produrre pi\u00f9 preventivi. L&#8217;utilizzo di una struttura basata su regole consente a pi\u00f9 persone di creare preventivi accurati, non importa quanto complessi. La dipendenza dal personale chiave viene rimossa e le revisioni dei preventivi possono essere consegnate rapidamente ai clienti<\/li>\n<li><strong>Zero errori e omissioni:<\/strong> vengono quotati solo i prodotti vendibili e le combinazioni di caratteristiche concordate. Non vengono pi\u00f9 utilizzati prezzi errati o scaduti. Non vengono pi\u00f9 commessi errori di valuta o listino prezzi. E con un approccio di acquisto guidato, i tuoi team di vendita sono indirizzati a massimizzare il valore degli ordini<\/li>\n<li><strong>Team di vendita operativi 24 ore su 24, 7 giorni su 7<\/strong>: quando i preventivi vengono preparati durante una chiamata di vendita, vengono chiuse pi\u00f9 offerte. E convertendo un preventivo in un ordine senza indugio, le relazioni iniziali con il cliente vengono stabilite positivamente. Accedi in qualsiasi momento, in qualsiasi luogo, su qualsiasi dispositivo<\/li>\n<li><strong>I partner di canale e le comunit\u00e0 collaborano<\/strong>: consenti ai tuoi partner di canale di produrre quotazioni accurate. Comunica le tue promozioni e offerte in modo preciso. Potenzia i team di vendita dei partner e rendili parte del tuo team di vendita. Assicurati che gli ordini che effettuano per i prodotti configurati siano accurati e visibili all&#8217;interno delle tue previsioni.<\/li>\n<\/ul>\n<h3>LE RECENSIONI DEGLI UTETI<\/h3>\n<p class=\"font-weight-bold mb-2\"><strong>Lisa R.&#8221;Fantastico prodotto&#8221;<\/strong><\/p>\n<p class=\"font-weight-bold mb-2\"><strong>Pro<\/strong>:\u00a0Capacit\u00e0 di personalizzazione. Questo software \u00e8 pi\u00f9 facile da usare per gli amministratori e per gli utenti finali per creare preventivi.<\/p>\n<p class=\"font-weight-bold mb-2\"><strong>Contro<\/strong>:\u00a0Finora non viene davvero in mente nulla di negativo per questo software.<\/p>\n<p class=\"font-weight-bold mb-2\"><strong>Charles Q.&#8221;Ottimo CPQ per le piccole imprese&#8221;<\/strong><\/p>\n<p class=\"font-weight-bold mb-2\"><strong>Pro<\/strong>:\u00a0Prodotto altamente personalizzabile, il prezzo \u00e8 pi\u00f9 sensato per le piccole organizzazioni che necessitano solo di poche licenze, un&#8217;ottima assistenza clienti<\/p>\n<p class=\"font-weight-bold mb-2\"><strong>Contro<\/strong>:\u00a0Alcune funzionalit\u00e0 non erano necessarie per la fase della nostra azienda, ma potrebbero essere utili in seguito<\/p>\n<h5 class=\"font-weight-bold mb-2\">Alexis K. &#8220;Preventivi pi\u00f9 veloci e facili da usare&#8221;<\/h5>\n<p><span class=\"font-weight-bold\"><strong>Commenti<\/strong>: <\/span>Dalla prima registrazione, il team BP \u00e8 stato d&#8217;aiuto e ci ha guidato in ogni fase. Il supporto \u00e8 rapido quando necessario e l&#8217;implementazione \u00e8 stata semplicissima.<\/p>\n<p class=\"font-weight-bold mb-2\"><strong>Pro<\/strong>:\u00a0Eliminati gli errori dal nostro processo di preventivo, il supporto \u00e8 stato rapido ed estremamente utile. Guide su come produrre un preventivo. Il riepilogo dei prezzi \u00e8 rapido ed efficiente. \u00c8 possibile aggiungere suggerimenti sugli strumenti che semplificano il processo.<\/p>\n<p class=\"font-weight-bold mb-2\"><strong>Contro<\/strong>:\u00a0La creazione di modelli di documento pu\u00f2 richiedere un po&#8217; di tempo<\/p>\n","protected":false},"excerpt":{"rendered":"<p>Il software Xait CPQ (ex BlueprintCPQ) \u00e8 un sistema per fare preventivi su cloud. Pu\u00f2 essere utilizzato come software autonomo o integrato con i principali sistemi CRM ed ERP. Aiutare i venditori, i partner di canale e gli utenti finali a fare scelte informate, eseguire calcoli complessi, valutare e produrre documenti.\u00a0<\/p>\n","protected":false},"author":16,"featured_media":52806,"parent":52783,"menu_order":0,"comment_status":"open","ping_status":"closed","template":"g1_template_page_review_new.php","meta":{"_acf_changed":false,"cwp_meta_box_check":"No","cwp_rev_product_name":"","cwp_rev_product_image":"","wppr_links":[],"cwp_rev_price":"","wppr_options":[],"wppr_pros":[],"wppr_cons":[],"_monsterinsights_skip_tracking":false,"_monsterinsights_sitenote_active":false,"_monsterinsights_sitenote_note":"","_monsterinsights_sitenote_category":0,"footnotes":""},"categories":[11869],"tags":[11874,11877,3262,11876,11872,11875],"features":[],"class_list":{"0":"post-52775","1":"page","2":"type-page","3":"status-publish","4":"has-post-thumbnail","6":"category-programmi-preventivi-cat","7":"tag-piattaforma-per-fare-preventivi","8":"tag-programma-per-fare-preventivi","9":"tag-salesforce-it","10":"tag-sistema-per-fare-preventivi","11":"tag-software-per-fare-preventivi","12":"tag-xait-cpq"},"wppr_data":{"cwp_meta_box_check":"No"},"acf":[],"yoast_head":"<!-- This site is optimized with the Yoast SEO plugin v27.4 - https:\/\/yoast.com\/product\/yoast-seo-wordpress\/ -->\n<title>Xait CPQ: recensione programma per fare preventivi - Accurate Reviews<\/title>\n<meta name=\"description\" content=\"Xait CPQ: recensione sistema per fare preventivi basato su cloud precedentemente conosciuto con il nome BlueprintCPQ.\" \/>\n<meta name=\"robots\" content=\"index, follow, max-snippet:-1, max-image-preview:large, max-video-preview:-1\" \/>\n<link rel=\"canonical\" href=\"https:\/\/www.accuratereviews.com\/it\/programmi-preventivi\/xaitcpq-recensione\/\" \/>\n<meta property=\"og:locale\" content=\"it_IT\" \/>\n<meta property=\"og:type\" content=\"article\" \/>\n<meta property=\"og:title\" content=\"Xait CPQ: recensione programma per fare preventivi - Accurate Reviews\" \/>\n<meta property=\"og:description\" content=\"Xait CPQ: recensione sistema per fare preventivi basato su cloud precedentemente conosciuto con il nome BlueprintCPQ.\" \/>\n<meta property=\"og:url\" content=\"https:\/\/www.accuratereviews.com\/it\/programmi-preventivi\/xaitcpq-recensione\/\" \/>\n<meta property=\"og:site_name\" content=\"Accurate Reviews\" \/>\n<meta property=\"og:image\" content=\"https:\/\/www.accuratereviews.com\/wp-content\/uploads\/2022\/01\/xaitcpq.png\" \/>\n\t<meta property=\"og:image:width\" content=\"364\" \/>\n\t<meta property=\"og:image:height\" content=\"364\" \/>\n\t<meta property=\"og:image:type\" content=\"image\/png\" \/>\n<meta name=\"twitter:card\" content=\"summary_large_image\" \/>\n<meta name=\"twitter:label1\" content=\"Tempo di lettura stimato\" \/>\n\t<meta name=\"twitter:data1\" content=\"5 minuti\" \/>\n<script type=\"application\/ld+json\" class=\"yoast-schema-graph\">{\"@context\":\"https:\\\/\\\/schema.org\",\"@graph\":[{\"@type\":\"WebPage\",\"@id\":\"https:\\\/\\\/www.accuratereviews.com\\\/it\\\/programmi-preventivi\\\/xaitcpq-recensione\\\/\",\"url\":\"https:\\\/\\\/www.accuratereviews.com\\\/it\\\/programmi-preventivi\\\/xaitcpq-recensione\\\/\",\"name\":\"Xait CPQ: recensione programma per fare preventivi - Accurate Reviews\",\"isPartOf\":{\"@id\":\"https:\\\/\\\/www.accuratereviews.com\\\/it\\\/#website\"},\"primaryImageOfPage\":{\"@id\":\"https:\\\/\\\/www.accuratereviews.com\\\/it\\\/programmi-preventivi\\\/xaitcpq-recensione\\\/#primaryimage\"},\"image\":{\"@id\":\"https:\\\/\\\/www.accuratereviews.com\\\/it\\\/programmi-preventivi\\\/xaitcpq-recensione\\\/#primaryimage\"},\"thumbnailUrl\":\"https:\\\/\\\/www.accuratereviews.com\\\/wp-content\\\/uploads\\\/2022\\\/01\\\/xaitcpq.png\",\"datePublished\":\"2022-01-25T14:47:33+00:00\",\"description\":\"Xait CPQ: recensione sistema per fare preventivi basato su cloud precedentemente conosciuto con il nome BlueprintCPQ.\",\"breadcrumb\":{\"@id\":\"https:\\\/\\\/www.accuratereviews.com\\\/it\\\/programmi-preventivi\\\/xaitcpq-recensione\\\/#breadcrumb\"},\"inLanguage\":\"it-IT\",\"potentialAction\":[{\"@type\":\"ReadAction\",\"target\":[\"https:\\\/\\\/www.accuratereviews.com\\\/it\\\/programmi-preventivi\\\/xaitcpq-recensione\\\/\"]}]},{\"@type\":\"ImageObject\",\"inLanguage\":\"it-IT\",\"@id\":\"https:\\\/\\\/www.accuratereviews.com\\\/it\\\/programmi-preventivi\\\/xaitcpq-recensione\\\/#primaryimage\",\"url\":\"https:\\\/\\\/www.accuratereviews.com\\\/wp-content\\\/uploads\\\/2022\\\/01\\\/xaitcpq.png\",\"contentUrl\":\"https:\\\/\\\/www.accuratereviews.com\\\/wp-content\\\/uploads\\\/2022\\\/01\\\/xaitcpq.png\",\"width\":364,\"height\":364},{\"@type\":\"BreadcrumbList\",\"@id\":\"https:\\\/\\\/www.accuratereviews.com\\\/it\\\/programmi-preventivi\\\/xaitcpq-recensione\\\/#breadcrumb\",\"itemListElement\":[{\"@type\":\"ListItem\",\"position\":1,\"name\":\"Home\",\"item\":\"https:\\\/\\\/www.accuratereviews.com\\\/it\\\/\"},{\"@type\":\"ListItem\",\"position\":2,\"name\":\"Programmi per fare preventivi\",\"item\":\"https:\\\/\\\/www.accuratereviews.com\\\/it\\\/programmi-preventivi\\\/\"},{\"@type\":\"ListItem\",\"position\":3,\"name\":\"XaitCPQ\"}]},{\"@type\":\"WebSite\",\"@id\":\"https:\\\/\\\/www.accuratereviews.com\\\/it\\\/#website\",\"url\":\"https:\\\/\\\/www.accuratereviews.com\\\/it\\\/\",\"name\":\"Accurate Reviews\",\"description\":\"\",\"potentialAction\":[{\"@type\":\"SearchAction\",\"target\":{\"@type\":\"EntryPoint\",\"urlTemplate\":\"https:\\\/\\\/www.accuratereviews.com\\\/it\\\/?s={search_term_string}\"},\"query-input\":{\"@type\":\"PropertyValueSpecification\",\"valueRequired\":true,\"valueName\":\"search_term_string\"}}],\"inLanguage\":\"it-IT\"}]}<\/script>\n<!-- \/ Yoast SEO plugin. -->","yoast_head_json":{"title":"Xait CPQ: recensione programma per fare preventivi - Accurate Reviews","description":"Xait CPQ: recensione sistema per fare preventivi basato su cloud precedentemente conosciuto con il nome BlueprintCPQ.","robots":{"index":"index","follow":"follow","max-snippet":"max-snippet:-1","max-image-preview":"max-image-preview:large","max-video-preview":"max-video-preview:-1"},"canonical":"https:\/\/www.accuratereviews.com\/it\/programmi-preventivi\/xaitcpq-recensione\/","og_locale":"it_IT","og_type":"article","og_title":"Xait CPQ: recensione programma per fare preventivi - Accurate Reviews","og_description":"Xait CPQ: recensione sistema per fare preventivi basato su cloud precedentemente conosciuto con il nome BlueprintCPQ.","og_url":"https:\/\/www.accuratereviews.com\/it\/programmi-preventivi\/xaitcpq-recensione\/","og_site_name":"Accurate Reviews","og_image":[{"width":364,"height":364,"url":"https:\/\/www.accuratereviews.com\/wp-content\/uploads\/2022\/01\/xaitcpq.png","type":"image\/png"}],"twitter_card":"summary_large_image","twitter_misc":{"Tempo di lettura stimato":"5 minuti"},"schema":{"@context":"https:\/\/schema.org","@graph":[{"@type":"WebPage","@id":"https:\/\/www.accuratereviews.com\/it\/programmi-preventivi\/xaitcpq-recensione\/","url":"https:\/\/www.accuratereviews.com\/it\/programmi-preventivi\/xaitcpq-recensione\/","name":"Xait CPQ: recensione programma per fare preventivi - Accurate Reviews","isPartOf":{"@id":"https:\/\/www.accuratereviews.com\/it\/#website"},"primaryImageOfPage":{"@id":"https:\/\/www.accuratereviews.com\/it\/programmi-preventivi\/xaitcpq-recensione\/#primaryimage"},"image":{"@id":"https:\/\/www.accuratereviews.com\/it\/programmi-preventivi\/xaitcpq-recensione\/#primaryimage"},"thumbnailUrl":"https:\/\/www.accuratereviews.com\/wp-content\/uploads\/2022\/01\/xaitcpq.png","datePublished":"2022-01-25T14:47:33+00:00","description":"Xait CPQ: recensione sistema per fare preventivi basato su cloud precedentemente conosciuto con il nome BlueprintCPQ.","breadcrumb":{"@id":"https:\/\/www.accuratereviews.com\/it\/programmi-preventivi\/xaitcpq-recensione\/#breadcrumb"},"inLanguage":"it-IT","potentialAction":[{"@type":"ReadAction","target":["https:\/\/www.accuratereviews.com\/it\/programmi-preventivi\/xaitcpq-recensione\/"]}]},{"@type":"ImageObject","inLanguage":"it-IT","@id":"https:\/\/www.accuratereviews.com\/it\/programmi-preventivi\/xaitcpq-recensione\/#primaryimage","url":"https:\/\/www.accuratereviews.com\/wp-content\/uploads\/2022\/01\/xaitcpq.png","contentUrl":"https:\/\/www.accuratereviews.com\/wp-content\/uploads\/2022\/01\/xaitcpq.png","width":364,"height":364},{"@type":"BreadcrumbList","@id":"https:\/\/www.accuratereviews.com\/it\/programmi-preventivi\/xaitcpq-recensione\/#breadcrumb","itemListElement":[{"@type":"ListItem","position":1,"name":"Home","item":"https:\/\/www.accuratereviews.com\/it\/"},{"@type":"ListItem","position":2,"name":"Programmi per fare preventivi","item":"https:\/\/www.accuratereviews.com\/it\/programmi-preventivi\/"},{"@type":"ListItem","position":3,"name":"XaitCPQ"}]},{"@type":"WebSite","@id":"https:\/\/www.accuratereviews.com\/it\/#website","url":"https:\/\/www.accuratereviews.com\/it\/","name":"Accurate Reviews","description":"","potentialAction":[{"@type":"SearchAction","target":{"@type":"EntryPoint","urlTemplate":"https:\/\/www.accuratereviews.com\/it\/?s={search_term_string}"},"query-input":{"@type":"PropertyValueSpecification","valueRequired":true,"valueName":"search_term_string"}}],"inLanguage":"it-IT"}]}},"_links":{"self":[{"href":"https:\/\/www.accuratereviews.com\/it\/wp-json\/wp\/v2\/pages\/52775","targetHints":{"allow":["GET"]}}],"collection":[{"href":"https:\/\/www.accuratereviews.com\/it\/wp-json\/wp\/v2\/pages"}],"about":[{"href":"https:\/\/www.accuratereviews.com\/it\/wp-json\/wp\/v2\/types\/page"}],"author":[{"embeddable":true,"href":"https:\/\/www.accuratereviews.com\/it\/wp-json\/wp\/v2\/users\/16"}],"replies":[{"embeddable":true,"href":"https:\/\/www.accuratereviews.com\/it\/wp-json\/wp\/v2\/comments?post=52775"}],"version-history":[{"count":9,"href":"https:\/\/www.accuratereviews.com\/it\/wp-json\/wp\/v2\/pages\/52775\/revisions"}],"predecessor-version":[{"id":52855,"href":"https:\/\/www.accuratereviews.com\/it\/wp-json\/wp\/v2\/pages\/52775\/revisions\/52855"}],"up":[{"embeddable":true,"href":"https:\/\/www.accuratereviews.com\/it\/wp-json\/wp\/v2\/pages\/52783"}],"wp:featuredmedia":[{"embeddable":true,"href":"https:\/\/www.accuratereviews.com\/it\/wp-json\/wp\/v2\/media\/52806"}],"wp:attachment":[{"href":"https:\/\/www.accuratereviews.com\/it\/wp-json\/wp\/v2\/media?parent=52775"}],"wp:term":[{"taxonomy":"category","embeddable":true,"href":"https:\/\/www.accuratereviews.com\/it\/wp-json\/wp\/v2\/categories?post=52775"},{"taxonomy":"post_tag","embeddable":true,"href":"https:\/\/www.accuratereviews.com\/it\/wp-json\/wp\/v2\/tags?post=52775"},{"taxonomy":"features","embeddable":true,"href":"https:\/\/www.accuratereviews.com\/it\/wp-json\/wp\/v2\/features?post=52775"}],"curies":[{"name":"wp","href":"https:\/\/api.w.org\/{rel}","templated":true}]}}