{"id":52790,"date":"2022-01-25T10:17:36","date_gmt":"2022-01-25T10:17:36","guid":{"rendered":"https:\/\/www.accuratereviews.com\/?page_id=52790"},"modified":"2022-01-25T10:29:19","modified_gmt":"2022-01-25T10:29:19","slug":"programmi-preventivi-guida-utente","status":"publish","type":"page","link":"https:\/\/www.accuratereviews.com\/it\/programmi-preventivi-guida-utente\/","title":{"rendered":"Programmi per fare preventivi"},"content":{"rendered":"<p>Una delle pratiche commerciali pi\u00f9 utilizzate \u00e8 sicuramente quella del preventivo, \u00e8 infatti fondamentale fornire al cliente il prezzo di un determinato servizio. Per questo motivo molte aziende utilizzano software che realizzano preventivi accurati, su misura e in poco tempo.<br \/>\nIn questa guida abbiamo inserito i\u00a0<strong>migliori\u00a0<\/strong><strong>programmi per fare preventivi<\/strong>, analizzando i loro pro e contro, il rapporto qualit\u00e0 prezzo e le funzionalit\u00e0 che offrono.<\/p>\n<div class=\"container\">\n<div class=\"row\">\n<nav id=\"categoryNav\" class=\"col-12 px-0 px-md-3\">&nbsp;<\/p>\n<\/nav>\n<\/div>\n<\/div>\n","protected":false},"excerpt":{"rendered":"<p>Una delle pratiche commerciali pi\u00f9 utilizzate \u00e8 sicuramente quella del preventivo, \u00e8 infatti fondamentale fornire al cliente il prezzo di un determinato servizio. Per questo motivo molte aziende utilizzano software che realizzano preventivi accurati, su misura e in poco tempo. In questa guida abbiamo inserito i\u00a0migliori\u00a0programmi per fare preventivi, analizzando i loro pro e contro, [&hellip;]<\/p>\n","protected":false},"author":17,"featured_media":0,"parent":0,"menu_order":0,"comment_status":"open","ping_status":"closed","template":"g1_template_page_category_userguide.php","meta":{"_acf_changed":false,"cwp_meta_box_check":"No","cwp_rev_product_name":"","cwp_rev_product_image":"","wppr_links":[],"cwp_rev_price":"","wppr_options":[],"wppr_pros":[],"wppr_cons":[],"_monsterinsights_skip_tracking":false,"_monsterinsights_sitenote_active":false,"_monsterinsights_sitenote_note":"","_monsterinsights_sitenote_category":0,"footnotes":""},"categories":[11869],"tags":[11874,11871,11870,11872,11873],"features":[],"class_list":{"0":"post-52790","1":"page","2":"type-page","3":"status-publish","5":"category-programmi-preventivi-cat","6":"tag-piattaforma-per-fare-preventivi","7":"tag-preventivi","8":"tag-programmi-per-fare-preventivi","9":"tag-software-per-fare-preventivi","10":"tag-soluzione-per-fare-preventivi"},"wppr_data":{"cwp_meta_box_check":"No"},"acf":[],"yoast_head":"<!-- This site is optimized with the Yoast SEO plugin v27.4 - https:\/\/yoast.com\/product\/yoast-seo-wordpress\/ -->\n<title>Programmi per fare preventivi - Accurate Reviews<\/title>\n<meta name=\"description\" content=\"Gli esperti di Accurate Reviews vi guidano nella scelta del miglior programma per fare preventivi. Scegli quello che fa per te.\" \/>\n<meta name=\"robots\" content=\"index, follow, max-snippet:-1, max-image-preview:large, max-video-preview:-1\" \/>\n<link rel=\"canonical\" href=\"https:\/\/www.accuratereviews.com\/it\/programmi-preventivi-guida-utente\/\" \/>\n<meta property=\"og:locale\" content=\"it_IT\" \/>\n<meta property=\"og:type\" content=\"article\" \/>\n<meta property=\"og:title\" content=\"Programmi per fare preventivi - Accurate Reviews\" \/>\n<meta property=\"og:description\" content=\"Gli esperti di Accurate Reviews vi guidano nella scelta del miglior programma per fare preventivi. Scegli quello che fa per te.\" \/>\n<meta property=\"og:url\" content=\"https:\/\/www.accuratereviews.com\/it\/programmi-preventivi-guida-utente\/\" \/>\n<meta property=\"og:site_name\" content=\"Accurate Reviews\" \/>\n<meta property=\"article:modified_time\" content=\"2022-01-25T10:29:19+00:00\" \/>\n<meta name=\"twitter:card\" content=\"summary_large_image\" \/>\n<meta name=\"twitter:label1\" content=\"Tempo di lettura stimato\" \/>\n\t<meta name=\"twitter:data1\" content=\"1 minuto\" \/>\n<script type=\"application\/ld+json\" class=\"yoast-schema-graph\">{\"@context\":\"https:\\\/\\\/schema.org\",\"@graph\":[{\"@type\":\"WebPage\",\"@id\":\"https:\\\/\\\/www.accuratereviews.com\\\/it\\\/programmi-preventivi-guida-utente\\\/\",\"url\":\"https:\\\/\\\/www.accuratereviews.com\\\/it\\\/programmi-preventivi-guida-utente\\\/\",\"name\":\"Programmi per fare preventivi - Accurate Reviews\",\"isPartOf\":{\"@id\":\"https:\\\/\\\/www.accuratereviews.com\\\/it\\\/#website\"},\"datePublished\":\"2022-01-25T10:17:36+00:00\",\"dateModified\":\"2022-01-25T10:29:19+00:00\",\"description\":\"Gli esperti di Accurate Reviews vi guidano nella scelta del miglior programma per fare preventivi. Scegli quello che fa per te.\",\"breadcrumb\":{\"@id\":\"https:\\\/\\\/www.accuratereviews.com\\\/it\\\/programmi-preventivi-guida-utente\\\/#breadcrumb\"},\"inLanguage\":\"it-IT\",\"potentialAction\":[{\"@type\":\"ReadAction\",\"target\":[\"https:\\\/\\\/www.accuratereviews.com\\\/it\\\/programmi-preventivi-guida-utente\\\/\"]}]},{\"@type\":\"BreadcrumbList\",\"@id\":\"https:\\\/\\\/www.accuratereviews.com\\\/it\\\/programmi-preventivi-guida-utente\\\/#breadcrumb\",\"itemListElement\":[{\"@type\":\"ListItem\",\"position\":1,\"name\":\"Home\",\"item\":\"https:\\\/\\\/www.accuratereviews.com\\\/it\\\/\"},{\"@type\":\"ListItem\",\"position\":2,\"name\":\"Programmi per fare preventivi\"}]},{\"@type\":\"WebSite\",\"@id\":\"https:\\\/\\\/www.accuratereviews.com\\\/it\\\/#website\",\"url\":\"https:\\\/\\\/www.accuratereviews.com\\\/it\\\/\",\"name\":\"Accurate Reviews\",\"description\":\"\",\"potentialAction\":[{\"@type\":\"SearchAction\",\"target\":{\"@type\":\"EntryPoint\",\"urlTemplate\":\"https:\\\/\\\/www.accuratereviews.com\\\/it\\\/?s={search_term_string}\"},\"query-input\":{\"@type\":\"PropertyValueSpecification\",\"valueRequired\":true,\"valueName\":\"search_term_string\"}}],\"inLanguage\":\"it-IT\"}]}<\/script>\n<!-- \/ Yoast SEO plugin. -->","yoast_head_json":{"title":"Programmi per fare preventivi - Accurate Reviews","description":"Gli esperti di Accurate Reviews vi guidano nella scelta del miglior programma per fare preventivi. Scegli quello che fa per te.","robots":{"index":"index","follow":"follow","max-snippet":"max-snippet:-1","max-image-preview":"max-image-preview:large","max-video-preview":"max-video-preview:-1"},"canonical":"https:\/\/www.accuratereviews.com\/it\/programmi-preventivi-guida-utente\/","og_locale":"it_IT","og_type":"article","og_title":"Programmi per fare preventivi - Accurate Reviews","og_description":"Gli esperti di Accurate Reviews vi guidano nella scelta del miglior programma per fare preventivi. Scegli quello che fa per te.","og_url":"https:\/\/www.accuratereviews.com\/it\/programmi-preventivi-guida-utente\/","og_site_name":"Accurate Reviews","article_modified_time":"2022-01-25T10:29:19+00:00","twitter_card":"summary_large_image","twitter_misc":{"Tempo di lettura stimato":"1 minuto"},"schema":{"@context":"https:\/\/schema.org","@graph":[{"@type":"WebPage","@id":"https:\/\/www.accuratereviews.com\/it\/programmi-preventivi-guida-utente\/","url":"https:\/\/www.accuratereviews.com\/it\/programmi-preventivi-guida-utente\/","name":"Programmi per fare preventivi - Accurate Reviews","isPartOf":{"@id":"https:\/\/www.accuratereviews.com\/it\/#website"},"datePublished":"2022-01-25T10:17:36+00:00","dateModified":"2022-01-25T10:29:19+00:00","description":"Gli esperti di Accurate Reviews vi guidano nella scelta del miglior programma per fare preventivi. Scegli quello che fa per te.","breadcrumb":{"@id":"https:\/\/www.accuratereviews.com\/it\/programmi-preventivi-guida-utente\/#breadcrumb"},"inLanguage":"it-IT","potentialAction":[{"@type":"ReadAction","target":["https:\/\/www.accuratereviews.com\/it\/programmi-preventivi-guida-utente\/"]}]},{"@type":"BreadcrumbList","@id":"https:\/\/www.accuratereviews.com\/it\/programmi-preventivi-guida-utente\/#breadcrumb","itemListElement":[{"@type":"ListItem","position":1,"name":"Home","item":"https:\/\/www.accuratereviews.com\/it\/"},{"@type":"ListItem","position":2,"name":"Programmi per fare preventivi"}]},{"@type":"WebSite","@id":"https:\/\/www.accuratereviews.com\/it\/#website","url":"https:\/\/www.accuratereviews.com\/it\/","name":"Accurate Reviews","description":"","potentialAction":[{"@type":"SearchAction","target":{"@type":"EntryPoint","urlTemplate":"https:\/\/www.accuratereviews.com\/it\/?s={search_term_string}"},"query-input":{"@type":"PropertyValueSpecification","valueRequired":true,"valueName":"search_term_string"}}],"inLanguage":"it-IT"}]}},"_links":{"self":[{"href":"https:\/\/www.accuratereviews.com\/it\/wp-json\/wp\/v2\/pages\/52790","targetHints":{"allow":["GET"]}}],"collection":[{"href":"https:\/\/www.accuratereviews.com\/it\/wp-json\/wp\/v2\/pages"}],"about":[{"href":"https:\/\/www.accuratereviews.com\/it\/wp-json\/wp\/v2\/types\/page"}],"author":[{"embeddable":true,"href":"https:\/\/www.accuratereviews.com\/it\/wp-json\/wp\/v2\/users\/17"}],"replies":[{"embeddable":true,"href":"https:\/\/www.accuratereviews.com\/it\/wp-json\/wp\/v2\/comments?post=52790"}],"version-history":[{"count":3,"href":"https:\/\/www.accuratereviews.com\/it\/wp-json\/wp\/v2\/pages\/52790\/revisions"}],"predecessor-version":[{"id":52803,"href":"https:\/\/www.accuratereviews.com\/it\/wp-json\/wp\/v2\/pages\/52790\/revisions\/52803"}],"wp:attachment":[{"href":"https:\/\/www.accuratereviews.com\/it\/wp-json\/wp\/v2\/media?parent=52790"}],"wp:term":[{"taxonomy":"category","embeddable":true,"href":"https:\/\/www.accuratereviews.com\/it\/wp-json\/wp\/v2\/categories?post=52790"},{"taxonomy":"post_tag","embeddable":true,"href":"https:\/\/www.accuratereviews.com\/it\/wp-json\/wp\/v2\/tags?post=52790"},{"taxonomy":"features","embeddable":true,"href":"https:\/\/www.accuratereviews.com\/it\/wp-json\/wp\/v2\/features?post=52790"}],"curies":[{"name":"wp","href":"https:\/\/api.w.org\/{rel}","templated":true}]}}