{"id":52814,"date":"2022-01-25T14:48:01","date_gmt":"2022-01-25T14:48:01","guid":{"rendered":"https:\/\/www.accuratereviews.com\/?page_id=52814"},"modified":"2022-01-27T09:44:27","modified_gmt":"2022-01-27T09:44:27","slug":"dealhub-recensione","status":"publish","type":"page","link":"https:\/\/www.accuratereviews.com\/it\/programmi-preventivi\/dealhub-recensione\/","title":{"rendered":"DealHub"},"content":{"rendered":"<p><strong>DealHub<\/strong> offre una <strong>piattaforma unificata<\/strong> che aiuta le aziende a <strong>generare preventivi e contratti<\/strong>, connettersi con potenziali clienti e accedere alle informazioni sugli acquirenti. Il software \u00e8 stato progettato utilizzando un approccio di amplificazione dei ricavi che aiuta a colmare il divario tra il CPQ aziendale e altre operazioni sui ricavi. La piattaforma include funzionalit\u00e0 di gestione dei contratti per aiutare i team di vendita a concludere accordi in modo efficiente. Utilizzando un flusso guidato, i team possono creare contratti accurati che soddisfano i requisiti di conformit\u00e0. DealHub pu\u00f2 essere utilizzato per creare accordi, preventivi e altri documenti in formato Word, PDF o basato sul web. La piattaforma include modelli preapprovati per aiutare i team a ridurre al minimo gli errori.<\/p>\n<h2>DEALHUB &#8211; TUTORIAL<\/h2>\n<p>Il video che segue mostra come questo<strong> programma per fare preventivi<\/strong> ti aiuter\u00e0 nel tuo lavoro:<\/p>\n<div id=\"fluid-wrapper-counter-1\" class=\"g1-fluid-wrapper \" style=\"width:686px;\">\n<div style=\"padding-bottom:56.268221574344%;\"><iframe loading=\"lazy\" title=\"What Business Should Feel Like | DealHub\" width=\"686\" height=\"386\" src=\"https:\/\/www.youtube.com\/embed\/5VLtKCvn2O0?feature=oembed&amp;wmode=transparent&amp;autohide=1&amp;autoplay=0&amp;disablekb=0&amp;fs=1&amp;loop=0&amp;enablejsapi=1&amp;rel=0&amp;controls=2&amp;showinfo=0&amp;wmode=transparent&amp;autohide=2&amp;autoplay=0&amp;disablekb=0&amp;fs=1&amp;loop=0&amp;enablejsapi=1&amp;rel=0&amp;controls=2&amp;showinfo=1\" frameborder=\"0\" allow=\"accelerometer; autoplay; clipboard-write; encrypted-media; gyroscope; picture-in-picture\" allowfullscreen><\/iframe><\/div>\n<\/div>\n<h3>DEALHUB &#8211; CARATTERISTICHE<\/h3>\n<ul>\n<li>Configura preventivi personalizzati in base alle esigenze dei tuoi clienti<\/li>\n<li>Genera preventivi senza errori in qualsiasi formato (ad es. DealRoom, PDF, Word, Excel)<\/li>\n<li>Modifica le quantit\u00e0 e applica sconti senza complicati calcoli<\/li>\n<li>Semplifica il processo di approvazione con flussi di lavoro automatizzati<\/li>\n<li>Sincronizza automaticamente i dati con il tuo CRM<\/li>\n<li>Un flusso unico basato su domande guida i venditori attraverso il processo di configurazione per garantire un adattamento ottimale del prodotto<\/li>\n<li>Molteplici playbook e scenari di vendita per adattarsi a qualsiasi fase del ciclo di vendita<\/li>\n<li>Attiva automaticamente suggerimenti di upgrade, upsell e cross-sell per aumentare le dimensioni dell&#8217;affare<\/li>\n<li>Accelera i tempi per i nuovi rappresentanti di vendita<\/li>\n<li>Garantire prezzi e sconti coerenti in tutta l&#8217;organizzazione<\/li>\n<li>Semplifica i processi di vendita per massimizzare l&#8217;efficienza<\/li>\n<li>Attiva richieste di approvazione automatizzate ai gestori autorizzati<\/li>\n<li>Aggiorna senza problemi nuovi prodotti, configurazioni e prezzi nel back-end<\/li>\n<li>Arricchisci il tuo CRM con dati sulle vendite e sui clienti pi\u00f9 accurati e completi<\/li>\n<li>Nessuna codifica aggiuntiva o dipendenza dalle risorse IT interne<\/li>\n<li>Supporta qualsiasi livello di complessit\u00e0 del preventivi<\/li>\n<li>Integrazione nativa con Salesforce, Microsoft Dynamics e Freshworks CRM<\/li>\n<li>Crea automaticamente opportunit\u00e0 di rinnovo<\/li>\n<li>Tieni traccia e gestisci gli abbonamenti dei clienti attuali<\/li>\n<li>Visualizza il percorso del client<\/li>\n<\/ul>\n<h4>LE RECENSIONI DEGLI UTENTI<\/h4>\n<p class=\"h5 font-weight-bold\"><strong>Johon D.&#8221;Sono un utente, mi piace.&#8221;<\/strong><\/p>\n<p><span class=\"font-weight-bold\"><strong>Commenti<\/strong>: <\/span>Ottima applicazione.<\/p>\n<p class=\"font-weight-bold mb-2\"><strong>Pro<\/strong>:\u00a0Ha una procedura dettagliata trasparente. Ha una facile sincronizzazione con le forze di vendita.<\/p>\n<p class=\"font-weight-bold mb-2\"><strong>Contro<\/strong>:\u00a0Ha bisogno di ulteriore flessibilit\u00e0 per quanto riguarda gli elementi pubblicitari di prodotto. l&#8217;implementazione richiede del tempo.<\/p>\n<p class=\"font-weight-bold mb-2\"><strong>Ovad T.&#8221;Ottima applicazione per le vendite! Grande squadra!&#8221;<\/strong><\/p>\n<p><span class=\"font-weight-bold\"><strong>Commenti<\/strong>: <\/span>DealHub ci sta aiutando a tenere traccia delle informazioni e a concentrarci maggiormente su cosa offrire ai nostri clienti.<\/p>\n<p class=\"font-weight-bold mb-2\"><strong>Pro<\/strong>:\u00a0Facile da usare, soluzione innovativa, aiuta a concludere affari pi\u00f9 velocemente!<\/p>\n<p class=\"font-weight-bold mb-2\"><strong>Contro<\/strong>:\u00a0Hai bisogno di pi\u00f9 funzionalit\u00e0 mobili poich\u00e9 ad ora siamo a 0.<\/p>\n<p class=\"font-weight-bold mb-2\"><strong>Ryan S.&#8221;Supera comunque le mie aspettative!&#8221;<\/strong><\/p>\n<p><span class=\"font-weight-bold\"><strong>Commenti<\/strong>: <\/span>Abbiamo ridotto l&#8217;inefficienza amministrativa. Abbiamo una visione completa dei clienti durante tutte le fasi dell&#8217;affare. Ci siamo anche resi conto che possiamo scalare i nostri output delle operazioni di vendita senza la necessit\u00e0 di assumere nuovo personale.<\/p>\n<p class=\"font-weight-bold mb-2\"><strong>Pro<\/strong>:\u00a0Lasciami andare al sodo, questo \u00e8 ci\u00f2 che mi piace di pi\u00f9: Dealhub ci ha risparmiato budget &#8211; erano operativi in poche settimane &#8211; possiamo facilmente apportare modifiche ogni volta che vogliamo senza supporto.<\/p>\n<p class=\"font-weight-bold mb-2\"><strong>Contro<\/strong>:\u00a0Non mi piace il fatto che siamo rimasti a fare le cose alla vecchia maniera per troppo tempo perch\u00e9 esitavamo con le nuove tecnologie!!<\/p>\n","protected":false},"excerpt":{"rendered":"<p>DealHub offre una piattaforma unificata che aiuta le aziende a generare preventivi e contratti, connettersi con potenziali clienti e accedere alle informazioni sugli acquirenti. Il software \u00e8 stato progettato utilizzando un approccio di amplificazione dei ricavi che aiuta a colmare il divario tra il CPQ aziendale e altre operazioni sui ricavi.<\/p>\n","protected":false},"author":16,"featured_media":52830,"parent":52783,"menu_order":0,"comment_status":"open","ping_status":"closed","template":"g1_template_page_review_new.php","meta":{"_acf_changed":false,"cwp_meta_box_check":"No","cwp_rev_product_name":"","cwp_rev_product_image":"","wppr_links":[],"cwp_rev_price":"","wppr_options":[],"wppr_pros":[],"wppr_cons":[],"_monsterinsights_skip_tracking":false,"_monsterinsights_sitenote_active":false,"_monsterinsights_sitenote_note":"","_monsterinsights_sitenote_category":0,"footnotes":""},"categories":[11869],"tags":[11878,11874,11877,11872,11873],"features":[],"class_list":{"0":"post-52814","1":"page","2":"type-page","3":"status-publish","4":"has-post-thumbnail","6":"category-programmi-preventivi-cat","7":"tag-dealhub","8":"tag-piattaforma-per-fare-preventivi","9":"tag-programma-per-fare-preventivi","10":"tag-software-per-fare-preventivi","11":"tag-soluzione-per-fare-preventivi"},"wppr_data":{"cwp_meta_box_check":"No"},"acf":[],"yoast_head":"<!-- This site is optimized with the Yoast SEO plugin v27.4 - https:\/\/yoast.com\/product\/yoast-seo-wordpress\/ -->\n<title>DealHub: recensione software per fare preventivi - Accurate Reviews<\/title>\n<meta name=\"description\" content=\"DealHub: recensione piattaforma che aiuta le aziende a generare preventivi, contratti e connettersi con potenziali clienti.\" \/>\n<meta name=\"robots\" content=\"index, follow, max-snippet:-1, max-image-preview:large, max-video-preview:-1\" \/>\n<link rel=\"canonical\" href=\"https:\/\/www.accuratereviews.com\/it\/programmi-preventivi\/dealhub-recensione\/\" \/>\n<meta property=\"og:locale\" content=\"it_IT\" \/>\n<meta property=\"og:type\" content=\"article\" \/>\n<meta property=\"og:title\" content=\"DealHub: recensione software per fare preventivi - Accurate Reviews\" \/>\n<meta property=\"og:description\" content=\"DealHub: recensione piattaforma che aiuta le aziende a generare preventivi, contratti e connettersi con potenziali clienti.\" \/>\n<meta property=\"og:url\" content=\"https:\/\/www.accuratereviews.com\/it\/programmi-preventivi\/dealhub-recensione\/\" \/>\n<meta property=\"og:site_name\" content=\"Accurate Reviews\" \/>\n<meta property=\"article:modified_time\" content=\"2022-01-27T09:44:27+00:00\" \/>\n<meta property=\"og:image\" content=\"https:\/\/www.accuratereviews.com\/wp-content\/uploads\/2022\/01\/DealHub.webp\" \/>\n\t<meta property=\"og:image:width\" content=\"300\" \/>\n\t<meta property=\"og:image:height\" content=\"300\" \/>\n\t<meta property=\"og:image:type\" content=\"image\/webp\" \/>\n<meta name=\"twitter:card\" content=\"summary_large_image\" \/>\n<meta name=\"twitter:label1\" content=\"Tempo di lettura stimato\" \/>\n\t<meta name=\"twitter:data1\" content=\"3 minuti\" \/>\n<script type=\"application\/ld+json\" class=\"yoast-schema-graph\">{\"@context\":\"https:\\\/\\\/schema.org\",\"@graph\":[{\"@type\":\"WebPage\",\"@id\":\"https:\\\/\\\/www.accuratereviews.com\\\/it\\\/programmi-preventivi\\\/dealhub-recensione\\\/\",\"url\":\"https:\\\/\\\/www.accuratereviews.com\\\/it\\\/programmi-preventivi\\\/dealhub-recensione\\\/\",\"name\":\"DealHub: recensione software per fare preventivi - Accurate Reviews\",\"isPartOf\":{\"@id\":\"https:\\\/\\\/www.accuratereviews.com\\\/it\\\/#website\"},\"primaryImageOfPage\":{\"@id\":\"https:\\\/\\\/www.accuratereviews.com\\\/it\\\/programmi-preventivi\\\/dealhub-recensione\\\/#primaryimage\"},\"image\":{\"@id\":\"https:\\\/\\\/www.accuratereviews.com\\\/it\\\/programmi-preventivi\\\/dealhub-recensione\\\/#primaryimage\"},\"thumbnailUrl\":\"https:\\\/\\\/www.accuratereviews.com\\\/wp-content\\\/uploads\\\/2022\\\/01\\\/DealHub.webp\",\"datePublished\":\"2022-01-25T14:48:01+00:00\",\"dateModified\":\"2022-01-27T09:44:27+00:00\",\"description\":\"DealHub: recensione piattaforma che aiuta le aziende a generare preventivi, contratti e connettersi con potenziali clienti.\",\"breadcrumb\":{\"@id\":\"https:\\\/\\\/www.accuratereviews.com\\\/it\\\/programmi-preventivi\\\/dealhub-recensione\\\/#breadcrumb\"},\"inLanguage\":\"it-IT\",\"potentialAction\":[{\"@type\":\"ReadAction\",\"target\":[\"https:\\\/\\\/www.accuratereviews.com\\\/it\\\/programmi-preventivi\\\/dealhub-recensione\\\/\"]}]},{\"@type\":\"ImageObject\",\"inLanguage\":\"it-IT\",\"@id\":\"https:\\\/\\\/www.accuratereviews.com\\\/it\\\/programmi-preventivi\\\/dealhub-recensione\\\/#primaryimage\",\"url\":\"https:\\\/\\\/www.accuratereviews.com\\\/wp-content\\\/uploads\\\/2022\\\/01\\\/DealHub.webp\",\"contentUrl\":\"https:\\\/\\\/www.accuratereviews.com\\\/wp-content\\\/uploads\\\/2022\\\/01\\\/DealHub.webp\",\"width\":300,\"height\":300},{\"@type\":\"BreadcrumbList\",\"@id\":\"https:\\\/\\\/www.accuratereviews.com\\\/it\\\/programmi-preventivi\\\/dealhub-recensione\\\/#breadcrumb\",\"itemListElement\":[{\"@type\":\"ListItem\",\"position\":1,\"name\":\"Home\",\"item\":\"https:\\\/\\\/www.accuratereviews.com\\\/it\\\/\"},{\"@type\":\"ListItem\",\"position\":2,\"name\":\"Programmi per fare preventivi\",\"item\":\"https:\\\/\\\/www.accuratereviews.com\\\/it\\\/programmi-preventivi\\\/\"},{\"@type\":\"ListItem\",\"position\":3,\"name\":\"DealHub\"}]},{\"@type\":\"WebSite\",\"@id\":\"https:\\\/\\\/www.accuratereviews.com\\\/it\\\/#website\",\"url\":\"https:\\\/\\\/www.accuratereviews.com\\\/it\\\/\",\"name\":\"Accurate Reviews\",\"description\":\"\",\"potentialAction\":[{\"@type\":\"SearchAction\",\"target\":{\"@type\":\"EntryPoint\",\"urlTemplate\":\"https:\\\/\\\/www.accuratereviews.com\\\/it\\\/?s={search_term_string}\"},\"query-input\":{\"@type\":\"PropertyValueSpecification\",\"valueRequired\":true,\"valueName\":\"search_term_string\"}}],\"inLanguage\":\"it-IT\"}]}<\/script>\n<!-- \/ Yoast SEO plugin. -->","yoast_head_json":{"title":"DealHub: recensione software per fare preventivi - Accurate Reviews","description":"DealHub: recensione piattaforma che aiuta le aziende a generare preventivi, contratti e connettersi con potenziali clienti.","robots":{"index":"index","follow":"follow","max-snippet":"max-snippet:-1","max-image-preview":"max-image-preview:large","max-video-preview":"max-video-preview:-1"},"canonical":"https:\/\/www.accuratereviews.com\/it\/programmi-preventivi\/dealhub-recensione\/","og_locale":"it_IT","og_type":"article","og_title":"DealHub: recensione software per fare preventivi - Accurate Reviews","og_description":"DealHub: recensione piattaforma che aiuta le aziende a generare preventivi, contratti e connettersi con potenziali clienti.","og_url":"https:\/\/www.accuratereviews.com\/it\/programmi-preventivi\/dealhub-recensione\/","og_site_name":"Accurate Reviews","article_modified_time":"2022-01-27T09:44:27+00:00","og_image":[{"width":300,"height":300,"url":"https:\/\/www.accuratereviews.com\/wp-content\/uploads\/2022\/01\/DealHub.webp","type":"image\/webp"}],"twitter_card":"summary_large_image","twitter_misc":{"Tempo di lettura stimato":"3 minuti"},"schema":{"@context":"https:\/\/schema.org","@graph":[{"@type":"WebPage","@id":"https:\/\/www.accuratereviews.com\/it\/programmi-preventivi\/dealhub-recensione\/","url":"https:\/\/www.accuratereviews.com\/it\/programmi-preventivi\/dealhub-recensione\/","name":"DealHub: recensione software per fare preventivi - Accurate Reviews","isPartOf":{"@id":"https:\/\/www.accuratereviews.com\/it\/#website"},"primaryImageOfPage":{"@id":"https:\/\/www.accuratereviews.com\/it\/programmi-preventivi\/dealhub-recensione\/#primaryimage"},"image":{"@id":"https:\/\/www.accuratereviews.com\/it\/programmi-preventivi\/dealhub-recensione\/#primaryimage"},"thumbnailUrl":"https:\/\/www.accuratereviews.com\/wp-content\/uploads\/2022\/01\/DealHub.webp","datePublished":"2022-01-25T14:48:01+00:00","dateModified":"2022-01-27T09:44:27+00:00","description":"DealHub: recensione piattaforma che aiuta le aziende a generare preventivi, contratti e connettersi con potenziali clienti.","breadcrumb":{"@id":"https:\/\/www.accuratereviews.com\/it\/programmi-preventivi\/dealhub-recensione\/#breadcrumb"},"inLanguage":"it-IT","potentialAction":[{"@type":"ReadAction","target":["https:\/\/www.accuratereviews.com\/it\/programmi-preventivi\/dealhub-recensione\/"]}]},{"@type":"ImageObject","inLanguage":"it-IT","@id":"https:\/\/www.accuratereviews.com\/it\/programmi-preventivi\/dealhub-recensione\/#primaryimage","url":"https:\/\/www.accuratereviews.com\/wp-content\/uploads\/2022\/01\/DealHub.webp","contentUrl":"https:\/\/www.accuratereviews.com\/wp-content\/uploads\/2022\/01\/DealHub.webp","width":300,"height":300},{"@type":"BreadcrumbList","@id":"https:\/\/www.accuratereviews.com\/it\/programmi-preventivi\/dealhub-recensione\/#breadcrumb","itemListElement":[{"@type":"ListItem","position":1,"name":"Home","item":"https:\/\/www.accuratereviews.com\/it\/"},{"@type":"ListItem","position":2,"name":"Programmi per fare preventivi","item":"https:\/\/www.accuratereviews.com\/it\/programmi-preventivi\/"},{"@type":"ListItem","position":3,"name":"DealHub"}]},{"@type":"WebSite","@id":"https:\/\/www.accuratereviews.com\/it\/#website","url":"https:\/\/www.accuratereviews.com\/it\/","name":"Accurate Reviews","description":"","potentialAction":[{"@type":"SearchAction","target":{"@type":"EntryPoint","urlTemplate":"https:\/\/www.accuratereviews.com\/it\/?s={search_term_string}"},"query-input":{"@type":"PropertyValueSpecification","valueRequired":true,"valueName":"search_term_string"}}],"inLanguage":"it-IT"}]}},"_links":{"self":[{"href":"https:\/\/www.accuratereviews.com\/it\/wp-json\/wp\/v2\/pages\/52814","targetHints":{"allow":["GET"]}}],"collection":[{"href":"https:\/\/www.accuratereviews.com\/it\/wp-json\/wp\/v2\/pages"}],"about":[{"href":"https:\/\/www.accuratereviews.com\/it\/wp-json\/wp\/v2\/types\/page"}],"author":[{"embeddable":true,"href":"https:\/\/www.accuratereviews.com\/it\/wp-json\/wp\/v2\/users\/16"}],"replies":[{"embeddable":true,"href":"https:\/\/www.accuratereviews.com\/it\/wp-json\/wp\/v2\/comments?post=52814"}],"version-history":[{"count":10,"href":"https:\/\/www.accuratereviews.com\/it\/wp-json\/wp\/v2\/pages\/52814\/revisions"}],"predecessor-version":[{"id":52945,"href":"https:\/\/www.accuratereviews.com\/it\/wp-json\/wp\/v2\/pages\/52814\/revisions\/52945"}],"up":[{"embeddable":true,"href":"https:\/\/www.accuratereviews.com\/it\/wp-json\/wp\/v2\/pages\/52783"}],"wp:featuredmedia":[{"embeddable":true,"href":"https:\/\/www.accuratereviews.com\/it\/wp-json\/wp\/v2\/media\/52830"}],"wp:attachment":[{"href":"https:\/\/www.accuratereviews.com\/it\/wp-json\/wp\/v2\/media?parent=52814"}],"wp:term":[{"taxonomy":"category","embeddable":true,"href":"https:\/\/www.accuratereviews.com\/it\/wp-json\/wp\/v2\/categories?post=52814"},{"taxonomy":"post_tag","embeddable":true,"href":"https:\/\/www.accuratereviews.com\/it\/wp-json\/wp\/v2\/tags?post=52814"},{"taxonomy":"features","embeddable":true,"href":"https:\/\/www.accuratereviews.com\/it\/wp-json\/wp\/v2\/features?post=52814"}],"curies":[{"name":"wp","href":"https:\/\/api.w.org\/{rel}","templated":true}]}}