{"id":52829,"date":"2022-01-25T14:56:28","date_gmt":"2022-01-25T14:56:28","guid":{"rendered":"https:\/\/www.accuratereviews.com\/?page_id=52829"},"modified":"2022-01-26T14:14:45","modified_gmt":"2022-01-26T14:14:45","slug":"cincom-recensione","status":"publish","type":"page","link":"https:\/\/www.accuratereviews.com\/it\/programmi-preventivi\/cincom-recensione\/","title":{"rendered":"Cincom"},"content":{"rendered":"<p><strong>Cincom<\/strong> \u00e8 un <strong>software CPQ<\/strong> (Configure, Price and Quote) che permette di creare preventivi in modo semplice e veloce. Si rivolge principalmente a\u00a0CEO,CFO,\u00a0leader delle vendite e\u00a0responsabili IT che necessitano di un configuratore di prodotti di primo livello che automatizza e semplifica l&#8217;intero processo di vendita. Offre un&#8217;interfaccia utente intuitiva e facile da usare ed elabora <strong>preventivi accurati in tempo reale<\/strong>.\u00a0L&#8217;ideale per i tuoi clienti che avranno accesso a tutte le informazioni di cui hanno bisogno per acquistare e ordinare i prodotti in qualsiasi momento.<br \/>\nLa tecnologia CPQ di <strong>Cicom<\/strong> pu\u00f2 essere implementata sia in cloud che on premise e il programma \u00e8 completamente integrato nelle applicazioni CRM, ERP, ecommerce e altre ancora.<\/p>\n<h2>CINCOM &#8211; TUTORIAL<\/h2>\n<p>Ecco come funziona questo <strong>software per fare preventivi<\/strong>:<\/p>\n<div id=\"fluid-wrapper-counter-1\" class=\"g1-fluid-wrapper \" style=\"width:686px;\">\n<div style=\"padding-bottom:56.268221574344%;\"><iframe loading=\"lazy\" title=\"Product Demo of Cincom CPQ\" width=\"686\" height=\"386\" src=\"https:\/\/www.youtube.com\/embed\/R5qus2x9roY?feature=oembed&amp;wmode=transparent&amp;autohide=1&amp;autoplay=0&amp;disablekb=0&amp;fs=1&amp;loop=0&amp;enablejsapi=1&amp;rel=0&amp;controls=2&amp;showinfo=0&amp;wmode=transparent&amp;autohide=2&amp;autoplay=0&amp;disablekb=0&amp;fs=1&amp;loop=0&amp;enablejsapi=1&amp;rel=0&amp;controls=2&amp;showinfo=1\" frameborder=\"0\" allow=\"accelerometer; autoplay; clipboard-write; encrypted-media; gyroscope; picture-in-picture\" allowfullscreen><\/iframe><\/div>\n<\/div>\n<h3>CINCOM &#8211; CARATTERISTICHE<\/h3>\n<div class=\"cols-2\">\n<ul>\n<li><b>Formazione<\/b>: le conoscenze di cui avete bisogno per essere rapidamente operativi ed autonomi<\/li>\n<li><b>Consulenza di progetto<\/b>: consulenza personalizzata per i vostri responsabili, gli sponsor di progetto, i dirigenti e gli utilizzatori<\/li>\n<li><b>Assistenza<\/b>: raccomandazioni su come sfruttare al meglio i prodotti e le soluzioni Cincom e su come risolvere velocemente i problemi<\/li>\n<li><b>Integrazione<\/b>: supporto nella fase di integrazione delle applicazioni e formazione specifica per i vostri team di manutenzione e supporto<\/li>\n<li><b>Supporto tecnico<\/b>: assistenza durante le fasi di installazione, configurazione, sicurezza, e manutenzione delle applicazioni<\/li>\n<li><b>Sviluppo<\/b>: analisi, realizzazione e implementazione di progetti personalizzati (metodologia Agile e Waterfall)<\/li>\n<li><b>Cincom FASTPATH<\/b>: una metodologia comprovata che assicura un rapido ritorno sull\u2019investimento.<\/li>\n<\/ul>\n<\/div>\n<h4>LE RECENSIONI DEGLI UTENTI<\/h4>\n<p><strong>Gemma F. &#8220;Ottima soluzione per creazione confezioni e promo vendite&#8221;<\/strong><br \/>\nPRO: grazie all&#8217;adozione di Cincom abbiamo strutturato ed organizzato il processo interno di creazione delle promo vendite ottimizzando gli obiettivi di margine preservando la rotazione dello stock di prodotto in magazzino. L&#8217;utilizzo del workflow autorizzativo ha permesso l&#8217;interazione fra i diversi reparti e ha velocizzato il tempo di creazione delle confezioni di vendita e ha migliorato il rispetto del margine della vendita a catalogo.<br \/>\nCONTRO: la soluzione prevede un piano di licenze nominali e quindi comporta l&#8217;acquisto delle stesse per ogni utilizzatore. Andrebbero aggiunti dei piani di licenze concorrenti e\\o licenze server in modo da poter allargare l&#8217;adozione dello strumento anche solo in consultazione a pi\u00f9 utenti possibili.<\/p>\n<p><strong>Peter M. &#8220;Come architetto d&#8217;impresa lavoro con le persone che implementano Cincom CPQ&#8221;<\/strong><br \/>\nPRO: due cose. \u00c8 completamente integrato con Microsoft Dynamics 365 e la sua agilit\u00e0 nell&#8217;affrontare qualsiasi problema. C&#8217;\u00e8 sempre una soluzione<br \/>\nCONTRO: l&#8217;installazione \u00e8 un po&#8217; macchinosa perch\u00e9 usiamo solo database Azure SQL. Abbiamo dovuto installare un server SQL prima di poter reindirizzare ai server che vogliamo effettivamente utilizzare.<\/p>\n<p><strong>Manoj K. &#8220;Abbondanza di funzioni sostenute da facilit\u00e0 d&#8217;uso e supporto globale senza pari&#8221;<\/strong><br \/>\nCOMMENTI: prodotto eccellente e altamente raccomandato.<br \/>\nPRO: enorme funzionalit\u00e0 con facilit\u00e0 d&#8217;uso. Il motore di vendita guidata unico nel suo genere.<\/p>\n","protected":false},"excerpt":{"rendered":"<p>Cincom \u00e8 un software CPQ (Configure, Price and Quote) che permette di creare preventivi in modo semplice e veloce. Si rivolge principalmente a\u00a0CEO,CFO,\u00a0leader delle vendite e\u00a0responsabili IT che necessitano di un configuratore di prodotti di primo livello che automatizza e semplifica l&#8217;intero processo di vendita.<\/p>\n","protected":false},"author":17,"featured_media":52837,"parent":52783,"menu_order":0,"comment_status":"open","ping_status":"closed","template":"g1_template_page_review_new.php","meta":{"_acf_changed":false,"cwp_meta_box_check":"No","cwp_rev_product_name":"","cwp_rev_product_image":"","wppr_links":[],"cwp_rev_price":"","wppr_options":[],"wppr_pros":[],"wppr_cons":[],"_monsterinsights_skip_tracking":false,"_monsterinsights_sitenote_active":false,"_monsterinsights_sitenote_note":"","_monsterinsights_sitenote_category":0,"footnotes":""},"categories":[11869],"tags":[11891,11874,11871,11870,11876,11872,11873],"features":[],"class_list":{"0":"post-52829","1":"page","2":"type-page","3":"status-publish","4":"has-post-thumbnail","6":"category-programmi-preventivi-cat","7":"tag-cpq","8":"tag-piattaforma-per-fare-preventivi","9":"tag-preventivi","10":"tag-programmi-per-fare-preventivi","11":"tag-sistema-per-fare-preventivi","12":"tag-software-per-fare-preventivi","13":"tag-soluzione-per-fare-preventivi"},"wppr_data":{"cwp_meta_box_check":"No"},"acf":[],"yoast_head":"<!-- This site is optimized with the Yoast SEO plugin v27.4 - https:\/\/yoast.com\/product\/yoast-seo-wordpress\/ -->\n<title>Cincom: recensione software CPQ preventivi - Accurate Reviews<\/title>\n<meta name=\"description\" content=\"Cincom: recensione del software CPQ (Configure, Price and Quote) che permette di creare preventivi in modo semplice e veloce.\" \/>\n<meta name=\"robots\" content=\"index, follow, max-snippet:-1, max-image-preview:large, max-video-preview:-1\" \/>\n<link rel=\"canonical\" href=\"https:\/\/www.accuratereviews.com\/it\/programmi-preventivi\/cincom-recensione\/\" \/>\n<meta property=\"og:locale\" content=\"it_IT\" \/>\n<meta property=\"og:type\" content=\"article\" \/>\n<meta property=\"og:title\" content=\"Cincom: recensione software CPQ preventivi - Accurate Reviews\" \/>\n<meta property=\"og:description\" content=\"Cincom: recensione del software CPQ (Configure, Price and Quote) che permette di creare preventivi in modo semplice e veloce.\" \/>\n<meta property=\"og:url\" content=\"https:\/\/www.accuratereviews.com\/it\/programmi-preventivi\/cincom-recensione\/\" \/>\n<meta property=\"og:site_name\" content=\"Accurate Reviews\" \/>\n<meta property=\"article:modified_time\" content=\"2022-01-26T14:14:45+00:00\" \/>\n<meta property=\"og:image\" content=\"https:\/\/www.accuratereviews.com\/wp-content\/uploads\/2022\/01\/Cincom_logo.jpg\" \/>\n\t<meta property=\"og:image:width\" content=\"697\" \/>\n\t<meta property=\"og:image:height\" content=\"366\" \/>\n\t<meta property=\"og:image:type\" content=\"image\/jpeg\" \/>\n<meta name=\"twitter:card\" content=\"summary_large_image\" \/>\n<meta name=\"twitter:label1\" content=\"Tempo di lettura stimato\" \/>\n\t<meta name=\"twitter:data1\" content=\"3 minuti\" \/>\n<script type=\"application\/ld+json\" class=\"yoast-schema-graph\">{\"@context\":\"https:\\\/\\\/schema.org\",\"@graph\":[{\"@type\":\"WebPage\",\"@id\":\"https:\\\/\\\/www.accuratereviews.com\\\/it\\\/programmi-preventivi\\\/cincom-recensione\\\/\",\"url\":\"https:\\\/\\\/www.accuratereviews.com\\\/it\\\/programmi-preventivi\\\/cincom-recensione\\\/\",\"name\":\"Cincom: recensione software CPQ preventivi - Accurate Reviews\",\"isPartOf\":{\"@id\":\"https:\\\/\\\/www.accuratereviews.com\\\/it\\\/#website\"},\"primaryImageOfPage\":{\"@id\":\"https:\\\/\\\/www.accuratereviews.com\\\/it\\\/programmi-preventivi\\\/cincom-recensione\\\/#primaryimage\"},\"image\":{\"@id\":\"https:\\\/\\\/www.accuratereviews.com\\\/it\\\/programmi-preventivi\\\/cincom-recensione\\\/#primaryimage\"},\"thumbnailUrl\":\"https:\\\/\\\/www.accuratereviews.com\\\/wp-content\\\/uploads\\\/2022\\\/01\\\/Cincom_logo.jpg\",\"datePublished\":\"2022-01-25T14:56:28+00:00\",\"dateModified\":\"2022-01-26T14:14:45+00:00\",\"description\":\"Cincom: recensione del software CPQ (Configure, Price and Quote) che permette di creare preventivi in modo semplice e veloce.\",\"breadcrumb\":{\"@id\":\"https:\\\/\\\/www.accuratereviews.com\\\/it\\\/programmi-preventivi\\\/cincom-recensione\\\/#breadcrumb\"},\"inLanguage\":\"it-IT\",\"potentialAction\":[{\"@type\":\"ReadAction\",\"target\":[\"https:\\\/\\\/www.accuratereviews.com\\\/it\\\/programmi-preventivi\\\/cincom-recensione\\\/\"]}]},{\"@type\":\"ImageObject\",\"inLanguage\":\"it-IT\",\"@id\":\"https:\\\/\\\/www.accuratereviews.com\\\/it\\\/programmi-preventivi\\\/cincom-recensione\\\/#primaryimage\",\"url\":\"https:\\\/\\\/www.accuratereviews.com\\\/wp-content\\\/uploads\\\/2022\\\/01\\\/Cincom_logo.jpg\",\"contentUrl\":\"https:\\\/\\\/www.accuratereviews.com\\\/wp-content\\\/uploads\\\/2022\\\/01\\\/Cincom_logo.jpg\",\"width\":697,\"height\":366},{\"@type\":\"BreadcrumbList\",\"@id\":\"https:\\\/\\\/www.accuratereviews.com\\\/it\\\/programmi-preventivi\\\/cincom-recensione\\\/#breadcrumb\",\"itemListElement\":[{\"@type\":\"ListItem\",\"position\":1,\"name\":\"Home\",\"item\":\"https:\\\/\\\/www.accuratereviews.com\\\/it\\\/\"},{\"@type\":\"ListItem\",\"position\":2,\"name\":\"Programmi per fare preventivi\",\"item\":\"https:\\\/\\\/www.accuratereviews.com\\\/it\\\/programmi-preventivi\\\/\"},{\"@type\":\"ListItem\",\"position\":3,\"name\":\"Cincom\"}]},{\"@type\":\"WebSite\",\"@id\":\"https:\\\/\\\/www.accuratereviews.com\\\/it\\\/#website\",\"url\":\"https:\\\/\\\/www.accuratereviews.com\\\/it\\\/\",\"name\":\"Accurate Reviews\",\"description\":\"\",\"potentialAction\":[{\"@type\":\"SearchAction\",\"target\":{\"@type\":\"EntryPoint\",\"urlTemplate\":\"https:\\\/\\\/www.accuratereviews.com\\\/it\\\/?s={search_term_string}\"},\"query-input\":{\"@type\":\"PropertyValueSpecification\",\"valueRequired\":true,\"valueName\":\"search_term_string\"}}],\"inLanguage\":\"it-IT\"}]}<\/script>\n<!-- \/ Yoast SEO plugin. -->","yoast_head_json":{"title":"Cincom: recensione software CPQ preventivi - Accurate Reviews","description":"Cincom: recensione del software CPQ (Configure, Price and Quote) che permette di creare preventivi in modo semplice e veloce.","robots":{"index":"index","follow":"follow","max-snippet":"max-snippet:-1","max-image-preview":"max-image-preview:large","max-video-preview":"max-video-preview:-1"},"canonical":"https:\/\/www.accuratereviews.com\/it\/programmi-preventivi\/cincom-recensione\/","og_locale":"it_IT","og_type":"article","og_title":"Cincom: recensione software CPQ preventivi - Accurate Reviews","og_description":"Cincom: recensione del software CPQ (Configure, Price and Quote) che permette di creare preventivi in modo semplice e veloce.","og_url":"https:\/\/www.accuratereviews.com\/it\/programmi-preventivi\/cincom-recensione\/","og_site_name":"Accurate Reviews","article_modified_time":"2022-01-26T14:14:45+00:00","og_image":[{"width":697,"height":366,"url":"https:\/\/www.accuratereviews.com\/wp-content\/uploads\/2022\/01\/Cincom_logo.jpg","type":"image\/jpeg"}],"twitter_card":"summary_large_image","twitter_misc":{"Tempo di lettura stimato":"3 minuti"},"schema":{"@context":"https:\/\/schema.org","@graph":[{"@type":"WebPage","@id":"https:\/\/www.accuratereviews.com\/it\/programmi-preventivi\/cincom-recensione\/","url":"https:\/\/www.accuratereviews.com\/it\/programmi-preventivi\/cincom-recensione\/","name":"Cincom: recensione software CPQ preventivi - Accurate Reviews","isPartOf":{"@id":"https:\/\/www.accuratereviews.com\/it\/#website"},"primaryImageOfPage":{"@id":"https:\/\/www.accuratereviews.com\/it\/programmi-preventivi\/cincom-recensione\/#primaryimage"},"image":{"@id":"https:\/\/www.accuratereviews.com\/it\/programmi-preventivi\/cincom-recensione\/#primaryimage"},"thumbnailUrl":"https:\/\/www.accuratereviews.com\/wp-content\/uploads\/2022\/01\/Cincom_logo.jpg","datePublished":"2022-01-25T14:56:28+00:00","dateModified":"2022-01-26T14:14:45+00:00","description":"Cincom: recensione del software CPQ (Configure, Price and Quote) che permette di creare preventivi in modo semplice e veloce.","breadcrumb":{"@id":"https:\/\/www.accuratereviews.com\/it\/programmi-preventivi\/cincom-recensione\/#breadcrumb"},"inLanguage":"it-IT","potentialAction":[{"@type":"ReadAction","target":["https:\/\/www.accuratereviews.com\/it\/programmi-preventivi\/cincom-recensione\/"]}]},{"@type":"ImageObject","inLanguage":"it-IT","@id":"https:\/\/www.accuratereviews.com\/it\/programmi-preventivi\/cincom-recensione\/#primaryimage","url":"https:\/\/www.accuratereviews.com\/wp-content\/uploads\/2022\/01\/Cincom_logo.jpg","contentUrl":"https:\/\/www.accuratereviews.com\/wp-content\/uploads\/2022\/01\/Cincom_logo.jpg","width":697,"height":366},{"@type":"BreadcrumbList","@id":"https:\/\/www.accuratereviews.com\/it\/programmi-preventivi\/cincom-recensione\/#breadcrumb","itemListElement":[{"@type":"ListItem","position":1,"name":"Home","item":"https:\/\/www.accuratereviews.com\/it\/"},{"@type":"ListItem","position":2,"name":"Programmi per fare preventivi","item":"https:\/\/www.accuratereviews.com\/it\/programmi-preventivi\/"},{"@type":"ListItem","position":3,"name":"Cincom"}]},{"@type":"WebSite","@id":"https:\/\/www.accuratereviews.com\/it\/#website","url":"https:\/\/www.accuratereviews.com\/it\/","name":"Accurate Reviews","description":"","potentialAction":[{"@type":"SearchAction","target":{"@type":"EntryPoint","urlTemplate":"https:\/\/www.accuratereviews.com\/it\/?s={search_term_string}"},"query-input":{"@type":"PropertyValueSpecification","valueRequired":true,"valueName":"search_term_string"}}],"inLanguage":"it-IT"}]}},"_links":{"self":[{"href":"https:\/\/www.accuratereviews.com\/it\/wp-json\/wp\/v2\/pages\/52829","targetHints":{"allow":["GET"]}}],"collection":[{"href":"https:\/\/www.accuratereviews.com\/it\/wp-json\/wp\/v2\/pages"}],"about":[{"href":"https:\/\/www.accuratereviews.com\/it\/wp-json\/wp\/v2\/types\/page"}],"author":[{"embeddable":true,"href":"https:\/\/www.accuratereviews.com\/it\/wp-json\/wp\/v2\/users\/17"}],"replies":[{"embeddable":true,"href":"https:\/\/www.accuratereviews.com\/it\/wp-json\/wp\/v2\/comments?post=52829"}],"version-history":[{"count":7,"href":"https:\/\/www.accuratereviews.com\/it\/wp-json\/wp\/v2\/pages\/52829\/revisions"}],"predecessor-version":[{"id":52908,"href":"https:\/\/www.accuratereviews.com\/it\/wp-json\/wp\/v2\/pages\/52829\/revisions\/52908"}],"up":[{"embeddable":true,"href":"https:\/\/www.accuratereviews.com\/it\/wp-json\/wp\/v2\/pages\/52783"}],"wp:featuredmedia":[{"embeddable":true,"href":"https:\/\/www.accuratereviews.com\/it\/wp-json\/wp\/v2\/media\/52837"}],"wp:attachment":[{"href":"https:\/\/www.accuratereviews.com\/it\/wp-json\/wp\/v2\/media?parent=52829"}],"wp:term":[{"taxonomy":"category","embeddable":true,"href":"https:\/\/www.accuratereviews.com\/it\/wp-json\/wp\/v2\/categories?post=52829"},{"taxonomy":"post_tag","embeddable":true,"href":"https:\/\/www.accuratereviews.com\/it\/wp-json\/wp\/v2\/tags?post=52829"},{"taxonomy":"features","embeddable":true,"href":"https:\/\/www.accuratereviews.com\/it\/wp-json\/wp\/v2\/features?post=52829"}],"curies":[{"name":"wp","href":"https:\/\/api.w.org\/{rel}","templated":true}]}}