{"id":52898,"date":"2022-01-26T14:56:48","date_gmt":"2022-01-26T14:56:48","guid":{"rendered":"https:\/\/www.accuratereviews.com\/?page_id=52898"},"modified":"2022-01-26T14:56:48","modified_gmt":"2022-01-26T14:56:48","slug":"scopestack-recensione","status":"publish","type":"page","link":"https:\/\/www.accuratereviews.com\/it\/programmi-preventivi\/scopestack-recensione\/","title":{"rendered":"ScopeStack"},"content":{"rendered":"<p><strong>ScopeStack<\/strong> \u00e8 un programma per fare preventivi che ti permette di chiudere pi\u00f9 affari con un margine pi\u00f9 alto ma in un minor tempo. Si tratta di una piattaforma di pre-vendita sviluppata principalmente per il settore dei servizi IT da persone dello stesso settore che assicura accuratezza e maggiore produttivit\u00e0.<br \/>\n<strong>ScopeStack<\/strong> \u00e8 un\u00a0<strong>servizio di configurazione, prezzo e preventivo<\/strong> (Configure, Price, Quote, CPQ) che permette\u00a0di automatizzare e semplificare tutte le operazioni manuali che vengono fatte in fase di definizione del progetto, facendoti risparmiare tempo e fatica.<\/p>\n<h2>SCOPESTACK &#8211; TUTORIAL<\/h2>\n<div id=\"fluid-wrapper-counter-1\" class=\"g1-fluid-wrapper \" style=\"width:686px;\">\n<div style=\"padding-bottom:56.268221574344%;\"><iframe loading=\"lazy\" title=\"Make IT Presales Easier and More Accurate With Version Control from ScopeStack\" width=\"686\" height=\"386\" src=\"https:\/\/www.youtube.com\/embed\/dbVMRD1ErEM?feature=oembed&amp;wmode=transparent&amp;autohide=1&amp;autoplay=0&amp;disablekb=0&amp;fs=1&amp;loop=0&amp;enablejsapi=1&amp;rel=0&amp;controls=2&amp;showinfo=0&amp;wmode=transparent&amp;autohide=2&amp;autoplay=0&amp;disablekb=0&amp;fs=1&amp;loop=0&amp;enablejsapi=1&amp;rel=0&amp;controls=2&amp;showinfo=1\" frameborder=\"0\" allow=\"accelerometer; autoplay; clipboard-write; encrypted-media; gyroscope; picture-in-picture\" allowfullscreen><\/iframe><\/div>\n<\/div>\n<h3>SCOPESTACK &#8211; CARATTERISTICHE<\/h3>\n<ul>\n<li><strong>Configurazione<\/strong>: realizza la configurazione in pochi minuti. Sfrutta i compiti standard pre-approvati e personalizzali in base ai bisogni specifici del cliente<\/li>\n<li><strong>Prezzi<\/strong>: crea tabelle dei prezzi standard, prezzi variabili basati su soglie e aggiustamenti dei prezzi per opportunit\u00e0 uniche del cliente<\/li>\n<li><strong>Preventivi<\/strong>: questa funzione include il flusso di lavoro per l&#8217;approvazione delle opportunit\u00e0, la generazione dinamica della dichiarazione di lavoro e l&#8217;integrazione CRM e PSA<\/li>\n<li><strong>Struttura di ripartizione del lavoro<\/strong>: include l&#8217;esportazione in Excel, la suddivisione per fase o linea di business\/pratica e tutti i compiti e i sottocompiti<\/li>\n<li><strong>Analisi dei prezzi<\/strong>: include la ripartizione del livello di risorse, prezzo, costo e margine, l&#8217;ordinamento per fase o linea di attivit\u00e0\/pratica e la visibilit\u00e0 delle voci generali e delle spese di viaggio<\/li>\n<li><strong>CRM<\/strong>: sincronizzazione delle informazioni del cliente dall&#8217;opportunit\u00e0 CRM all&#8217;ambito del progetto<\/li>\n<li><strong>Sistema di analisi<\/strong>: aiuta a identificare dove gli ingegneri stanno spendendo il loro tempo, capire quali clienti stanno richiedendo pi\u00f9 servizi e a misurare l&#8217;attivit\u00e0 degli ingegneri<\/li>\n<li><strong>Redditivit\u00e0<\/strong>: aiuta a prevedere meglio la pipeline di servizi, a tracciare il margine medio per progetto e ad assicurarsi che la redditivit\u00e0 del progetto sia allineata agli obiettivi aziendali.<\/li>\n<\/ul>\n<h4>LE RECENSIONI DEGLI UTENTI<\/h4>\n<p><strong>Jeremy R. &#8220;Buone basi&#8221;<\/strong><br \/>\nPRO: il supporto di Scopestack \u00e8 stato il massimo. Mi piace il prodotto, ma credo nel prodotto perch\u00e9 il supporto continua a lavorare con me per costruire la soluzione giusta per il nostro business. I blocchi di costruzione sono l\u00ec per formare SOW di base, ma continuiamo ad evolvere i nostri SOW per migliorare il nostro processo di prevendita per renderlo pi\u00f9 veloce e pi\u00f9 accurato.<br \/>\nCONTRO: ci sono ancora dei bug del software che saltano fuori. L&#8217;importazione non sempre funziona. L&#8217;esportazione si comporta diversamente in diversi browser. Il backend diventa lento a volte.<\/p>\n<p><strong>Ryan H. &#8220;Una fantastica offerta SaaS per le organizzazioni di servizi tecnologici&#8221;<\/strong><br \/>\nCOMMENTI: estremamente impressionato da Scopestack.io. Dopo aver costruito e mantenuto sistemi simili per i VAR in passato, Scopestack ha familiarit\u00e0 con i punti critici del flusso di lavoro dei prodotti e le frustrazioni dell&#8217;integrazione. Questo prodotto migliora notevolmente il flusso di lavoro, la responsabilit\u00e0\/profittabilit\u00e0 dei costi e l&#8217;analisi della linea di business per i servizi.<br \/>\nPRO: flusso di lavoro del team e distribuzione di nuove offerte in SOW. Facilit\u00e0 d&#8217;uso\/impostazione di prezzi\/scomposizione del lavoro Flusso di lavoro di approvazione basato sul cloud. Integrazione con SAML SSO. Integrazione con SFDC e ConnectWise<br \/>\nCONTRO: i modelli hanno avuto una leggera curva di apprendimento ma sono migliorati notevolmente<\/p>\n<p><strong>Alex B. &#8220;Scopestack recensione&#8221;<\/strong><br \/>\nCOMMENTI: molto soddisfatto. Il supporto \u00e8 molto utile e il processo di onboarding \u00e8 andato bene. Questo \u00e8 uno strumento che desideravo da un po&#8217; di tempo e ho visto efficienze nella ripetizione dei progetti quasi immediatamente.<br \/>\nPRO: ScopeStack ha affrontato un bisogno nel nostro mercato che non \u00e8 stato tentato.<br \/>\nCONTRO: il prodotto \u00e8 ancora molto giovane, quindi vorrei vedere un miglioramento dell&#8217;integrazione e delle funzionalit\u00e0. Ho incontrato alcuni problemi, ma sono sempre affrontati molto rapidamente. Ci sono stati molti sviluppi e miglioramenti da quando ci siamo iscritti.<\/p>\n","protected":false},"excerpt":{"rendered":"<p>ScopeStack \u00e8 un programma per fare preventivi che ti permette di chiudere pi\u00f9 affari con un margine pi\u00f9 alto ma in un minor tempo. Si tratta di una piattaforma di pre-vendita sviluppata principalmente per il settore dei servizi IT da persone dello stesso settore che assicura accuratezza e maggiore produttivit\u00e0.<\/p>\n","protected":false},"author":17,"featured_media":52899,"parent":52783,"menu_order":0,"comment_status":"open","ping_status":"closed","template":"g1_template_page_review_new.php","meta":{"_acf_changed":false,"cwp_meta_box_check":"No","cwp_rev_product_name":"","cwp_rev_product_image":"","wppr_links":[],"cwp_rev_price":"","wppr_options":[],"wppr_pros":[],"wppr_cons":[],"_monsterinsights_skip_tracking":false,"_monsterinsights_sitenote_active":false,"_monsterinsights_sitenote_note":"","_monsterinsights_sitenote_category":0,"footnotes":""},"categories":[11869],"tags":[11874,11871,11877,11876,11873],"features":[],"class_list":{"0":"post-52898","1":"page","2":"type-page","3":"status-publish","4":"has-post-thumbnail","6":"category-programmi-preventivi-cat","7":"tag-piattaforma-per-fare-preventivi","8":"tag-preventivi","9":"tag-programma-per-fare-preventivi","10":"tag-sistema-per-fare-preventivi","11":"tag-soluzione-per-fare-preventivi"},"wppr_data":{"cwp_meta_box_check":"No"},"acf":[],"yoast_head":"<!-- This site is optimized with the Yoast SEO plugin v27.4 - https:\/\/yoast.com\/product\/yoast-seo-wordpress\/ -->\n<title>ScopeStack: recensione programma preventivi - Accurate Reviews<\/title>\n<meta name=\"description\" content=\"ScopeStack: recensione del programma per fare preventivi che ti permette di chiudere pi\u00f9 affari con un margine pi\u00f9 alto ma in un minor tempo.\" \/>\n<meta name=\"robots\" content=\"index, follow, max-snippet:-1, max-image-preview:large, max-video-preview:-1\" \/>\n<link rel=\"canonical\" href=\"https:\/\/www.accuratereviews.com\/it\/programmi-preventivi\/scopestack-recensione\/\" \/>\n<meta property=\"og:locale\" content=\"it_IT\" \/>\n<meta property=\"og:type\" content=\"article\" \/>\n<meta property=\"og:title\" content=\"ScopeStack: recensione programma preventivi - Accurate Reviews\" \/>\n<meta property=\"og:description\" content=\"ScopeStack: recensione del programma per fare preventivi che ti permette di chiudere pi\u00f9 affari con un margine pi\u00f9 alto ma in un minor tempo.\" \/>\n<meta property=\"og:url\" content=\"https:\/\/www.accuratereviews.com\/it\/programmi-preventivi\/scopestack-recensione\/\" \/>\n<meta property=\"og:site_name\" content=\"Accurate Reviews\" \/>\n<meta property=\"og:image\" content=\"https:\/\/www.accuratereviews.com\/wp-content\/uploads\/2022\/01\/Unknown-4.png\" \/>\n\t<meta property=\"og:image:width\" content=\"1215\" \/>\n\t<meta property=\"og:image:height\" content=\"200\" \/>\n\t<meta property=\"og:image:type\" content=\"image\/png\" \/>\n<meta name=\"twitter:card\" content=\"summary_large_image\" \/>\n<meta name=\"twitter:label1\" content=\"Tempo di lettura stimato\" \/>\n\t<meta name=\"twitter:data1\" content=\"4 minuti\" \/>\n<script type=\"application\/ld+json\" class=\"yoast-schema-graph\">{\"@context\":\"https:\\\/\\\/schema.org\",\"@graph\":[{\"@type\":\"WebPage\",\"@id\":\"https:\\\/\\\/www.accuratereviews.com\\\/it\\\/programmi-preventivi\\\/scopestack-recensione\\\/\",\"url\":\"https:\\\/\\\/www.accuratereviews.com\\\/it\\\/programmi-preventivi\\\/scopestack-recensione\\\/\",\"name\":\"ScopeStack: recensione programma preventivi - Accurate Reviews\",\"isPartOf\":{\"@id\":\"https:\\\/\\\/www.accuratereviews.com\\\/it\\\/#website\"},\"primaryImageOfPage\":{\"@id\":\"https:\\\/\\\/www.accuratereviews.com\\\/it\\\/programmi-preventivi\\\/scopestack-recensione\\\/#primaryimage\"},\"image\":{\"@id\":\"https:\\\/\\\/www.accuratereviews.com\\\/it\\\/programmi-preventivi\\\/scopestack-recensione\\\/#primaryimage\"},\"thumbnailUrl\":\"https:\\\/\\\/www.accuratereviews.com\\\/wp-content\\\/uploads\\\/2022\\\/01\\\/Unknown-4.png\",\"datePublished\":\"2022-01-26T14:56:48+00:00\",\"description\":\"ScopeStack: recensione del programma per fare preventivi che ti permette di chiudere pi\u00f9 affari con un margine pi\u00f9 alto ma in un minor tempo.\",\"breadcrumb\":{\"@id\":\"https:\\\/\\\/www.accuratereviews.com\\\/it\\\/programmi-preventivi\\\/scopestack-recensione\\\/#breadcrumb\"},\"inLanguage\":\"it-IT\",\"potentialAction\":[{\"@type\":\"ReadAction\",\"target\":[\"https:\\\/\\\/www.accuratereviews.com\\\/it\\\/programmi-preventivi\\\/scopestack-recensione\\\/\"]}]},{\"@type\":\"ImageObject\",\"inLanguage\":\"it-IT\",\"@id\":\"https:\\\/\\\/www.accuratereviews.com\\\/it\\\/programmi-preventivi\\\/scopestack-recensione\\\/#primaryimage\",\"url\":\"https:\\\/\\\/www.accuratereviews.com\\\/wp-content\\\/uploads\\\/2022\\\/01\\\/Unknown-4.png\",\"contentUrl\":\"https:\\\/\\\/www.accuratereviews.com\\\/wp-content\\\/uploads\\\/2022\\\/01\\\/Unknown-4.png\",\"width\":1215,\"height\":200},{\"@type\":\"BreadcrumbList\",\"@id\":\"https:\\\/\\\/www.accuratereviews.com\\\/it\\\/programmi-preventivi\\\/scopestack-recensione\\\/#breadcrumb\",\"itemListElement\":[{\"@type\":\"ListItem\",\"position\":1,\"name\":\"Home\",\"item\":\"https:\\\/\\\/www.accuratereviews.com\\\/it\\\/\"},{\"@type\":\"ListItem\",\"position\":2,\"name\":\"Programmi per fare preventivi\",\"item\":\"https:\\\/\\\/www.accuratereviews.com\\\/it\\\/programmi-preventivi\\\/\"},{\"@type\":\"ListItem\",\"position\":3,\"name\":\"ScopeStack\"}]},{\"@type\":\"WebSite\",\"@id\":\"https:\\\/\\\/www.accuratereviews.com\\\/it\\\/#website\",\"url\":\"https:\\\/\\\/www.accuratereviews.com\\\/it\\\/\",\"name\":\"Accurate Reviews\",\"description\":\"\",\"potentialAction\":[{\"@type\":\"SearchAction\",\"target\":{\"@type\":\"EntryPoint\",\"urlTemplate\":\"https:\\\/\\\/www.accuratereviews.com\\\/it\\\/?s={search_term_string}\"},\"query-input\":{\"@type\":\"PropertyValueSpecification\",\"valueRequired\":true,\"valueName\":\"search_term_string\"}}],\"inLanguage\":\"it-IT\"}]}<\/script>\n<!-- \/ Yoast SEO plugin. -->","yoast_head_json":{"title":"ScopeStack: recensione programma preventivi - Accurate Reviews","description":"ScopeStack: recensione del programma per fare preventivi che ti permette di chiudere pi\u00f9 affari con un margine pi\u00f9 alto ma in un minor tempo.","robots":{"index":"index","follow":"follow","max-snippet":"max-snippet:-1","max-image-preview":"max-image-preview:large","max-video-preview":"max-video-preview:-1"},"canonical":"https:\/\/www.accuratereviews.com\/it\/programmi-preventivi\/scopestack-recensione\/","og_locale":"it_IT","og_type":"article","og_title":"ScopeStack: recensione programma preventivi - Accurate Reviews","og_description":"ScopeStack: recensione del programma per fare preventivi che ti permette di chiudere pi\u00f9 affari con un margine pi\u00f9 alto ma in un minor tempo.","og_url":"https:\/\/www.accuratereviews.com\/it\/programmi-preventivi\/scopestack-recensione\/","og_site_name":"Accurate Reviews","og_image":[{"width":1215,"height":200,"url":"https:\/\/www.accuratereviews.com\/wp-content\/uploads\/2022\/01\/Unknown-4.png","type":"image\/png"}],"twitter_card":"summary_large_image","twitter_misc":{"Tempo di lettura stimato":"4 minuti"},"schema":{"@context":"https:\/\/schema.org","@graph":[{"@type":"WebPage","@id":"https:\/\/www.accuratereviews.com\/it\/programmi-preventivi\/scopestack-recensione\/","url":"https:\/\/www.accuratereviews.com\/it\/programmi-preventivi\/scopestack-recensione\/","name":"ScopeStack: recensione programma preventivi - Accurate Reviews","isPartOf":{"@id":"https:\/\/www.accuratereviews.com\/it\/#website"},"primaryImageOfPage":{"@id":"https:\/\/www.accuratereviews.com\/it\/programmi-preventivi\/scopestack-recensione\/#primaryimage"},"image":{"@id":"https:\/\/www.accuratereviews.com\/it\/programmi-preventivi\/scopestack-recensione\/#primaryimage"},"thumbnailUrl":"https:\/\/www.accuratereviews.com\/wp-content\/uploads\/2022\/01\/Unknown-4.png","datePublished":"2022-01-26T14:56:48+00:00","description":"ScopeStack: recensione del programma per fare preventivi che ti permette di chiudere pi\u00f9 affari con un margine pi\u00f9 alto ma in un minor tempo.","breadcrumb":{"@id":"https:\/\/www.accuratereviews.com\/it\/programmi-preventivi\/scopestack-recensione\/#breadcrumb"},"inLanguage":"it-IT","potentialAction":[{"@type":"ReadAction","target":["https:\/\/www.accuratereviews.com\/it\/programmi-preventivi\/scopestack-recensione\/"]}]},{"@type":"ImageObject","inLanguage":"it-IT","@id":"https:\/\/www.accuratereviews.com\/it\/programmi-preventivi\/scopestack-recensione\/#primaryimage","url":"https:\/\/www.accuratereviews.com\/wp-content\/uploads\/2022\/01\/Unknown-4.png","contentUrl":"https:\/\/www.accuratereviews.com\/wp-content\/uploads\/2022\/01\/Unknown-4.png","width":1215,"height":200},{"@type":"BreadcrumbList","@id":"https:\/\/www.accuratereviews.com\/it\/programmi-preventivi\/scopestack-recensione\/#breadcrumb","itemListElement":[{"@type":"ListItem","position":1,"name":"Home","item":"https:\/\/www.accuratereviews.com\/it\/"},{"@type":"ListItem","position":2,"name":"Programmi per fare preventivi","item":"https:\/\/www.accuratereviews.com\/it\/programmi-preventivi\/"},{"@type":"ListItem","position":3,"name":"ScopeStack"}]},{"@type":"WebSite","@id":"https:\/\/www.accuratereviews.com\/it\/#website","url":"https:\/\/www.accuratereviews.com\/it\/","name":"Accurate Reviews","description":"","potentialAction":[{"@type":"SearchAction","target":{"@type":"EntryPoint","urlTemplate":"https:\/\/www.accuratereviews.com\/it\/?s={search_term_string}"},"query-input":{"@type":"PropertyValueSpecification","valueRequired":true,"valueName":"search_term_string"}}],"inLanguage":"it-IT"}]}},"_links":{"self":[{"href":"https:\/\/www.accuratereviews.com\/it\/wp-json\/wp\/v2\/pages\/52898","targetHints":{"allow":["GET"]}}],"collection":[{"href":"https:\/\/www.accuratereviews.com\/it\/wp-json\/wp\/v2\/pages"}],"about":[{"href":"https:\/\/www.accuratereviews.com\/it\/wp-json\/wp\/v2\/types\/page"}],"author":[{"embeddable":true,"href":"https:\/\/www.accuratereviews.com\/it\/wp-json\/wp\/v2\/users\/17"}],"replies":[{"embeddable":true,"href":"https:\/\/www.accuratereviews.com\/it\/wp-json\/wp\/v2\/comments?post=52898"}],"version-history":[{"count":2,"href":"https:\/\/www.accuratereviews.com\/it\/wp-json\/wp\/v2\/pages\/52898\/revisions"}],"predecessor-version":[{"id":52905,"href":"https:\/\/www.accuratereviews.com\/it\/wp-json\/wp\/v2\/pages\/52898\/revisions\/52905"}],"up":[{"embeddable":true,"href":"https:\/\/www.accuratereviews.com\/it\/wp-json\/wp\/v2\/pages\/52783"}],"wp:featuredmedia":[{"embeddable":true,"href":"https:\/\/www.accuratereviews.com\/it\/wp-json\/wp\/v2\/media\/52899"}],"wp:attachment":[{"href":"https:\/\/www.accuratereviews.com\/it\/wp-json\/wp\/v2\/media?parent=52898"}],"wp:term":[{"taxonomy":"category","embeddable":true,"href":"https:\/\/www.accuratereviews.com\/it\/wp-json\/wp\/v2\/categories?post=52898"},{"taxonomy":"post_tag","embeddable":true,"href":"https:\/\/www.accuratereviews.com\/it\/wp-json\/wp\/v2\/tags?post=52898"},{"taxonomy":"features","embeddable":true,"href":"https:\/\/www.accuratereviews.com\/it\/wp-json\/wp\/v2\/features?post=52898"}],"curies":[{"name":"wp","href":"https:\/\/api.w.org\/{rel}","templated":true}]}}