{"id":52930,"date":"2022-01-27T11:58:52","date_gmt":"2022-01-27T11:58:52","guid":{"rendered":"https:\/\/www.accuratereviews.com\/?page_id=52930"},"modified":"2022-01-27T11:58:52","modified_gmt":"2022-01-27T11:58:52","slug":"jobboss%c2%b2-recensione","status":"publish","type":"page","link":"https:\/\/www.accuratereviews.com\/it\/programmi-preventivi\/jobboss%c2%b2-recensione\/","title":{"rendered":"JobBOSS\u00b2"},"content":{"rendered":"<p><strong>JobBOSS\u00b2<\/strong> \u00e8 un sistema affidabile basato su <strong>cloud<\/strong> che offre la flessibilit\u00e0 necessaria ai manager per massimizzare la produttivit\u00e0 e i profitti, scalando in modo efficace. La soluzione ti assiste con stime e preventivi rapidi e accurati, ti offre raccolta e visualizzazione dei dati in tempo reale e molto altro ancora. Il software fornisce report dettagliati sui costi per materiali, manodopera, spese generali e altro e consente agli utenti di accedere ai dati storici su lavori simili per il confronto. Trasforma i preventivi in \u200b\u200bordini con un solo clic per evitare l&#8217;immissione ripetuta di dati e le cartelle di lavoro vengono generate automaticamente, consentendo ai membri del team di tenere traccia del progetto end-to-end con aggiornamenti in tempo reale. Una volta generati gli ordini, gli utenti possono pianificare attivit\u00e0 per diversi team, anticipare problemi con scenari ipotetici, monitorare il controllo qualit\u00e0, gestire la spedizione e tenere traccia delle spedizioni online.<\/p>\n<h2>JOBBOSS2 &#8211; TUTORIAL<\/h2>\n<p>Vediamo come <strong>creare preventivi<\/strong> con questo software in modo semplice e veloce:<\/p>\n<div id=\"fluid-wrapper-counter-1\" class=\"g1-fluid-wrapper \" style=\"width:686px;\">\n<div style=\"padding-bottom:56.268221574344%;\"><iframe loading=\"lazy\" title=\"JobBOSS Short Product Demo\" width=\"686\" height=\"386\" src=\"https:\/\/www.youtube.com\/embed\/KlNFb2APQ60?feature=oembed&amp;wmode=transparent&amp;autohide=1&amp;autoplay=0&amp;disablekb=0&amp;fs=1&amp;loop=0&amp;enablejsapi=1&amp;rel=0&amp;controls=2&amp;showinfo=0&amp;wmode=transparent&amp;autohide=2&amp;autoplay=0&amp;disablekb=0&amp;fs=1&amp;loop=0&amp;enablejsapi=1&amp;rel=0&amp;controls=2&amp;showinfo=1\" frameborder=\"0\" allow=\"accelerometer; autoplay; clipboard-write; encrypted-media; gyroscope; picture-in-picture\" allowfullscreen><\/iframe><\/div>\n<\/div>\n<h3>JOBBOSS2 &#8211; CARATTERISTICHE<\/h3>\n<ul>\n<li>Concentrati sulla pianificazione globale, di un singolo lavoro o di un lavoro suddiviso<\/li>\n<li>Scegli tra una pianificazione finita o infinita per gestire le domande sulla capacit\u00e0<\/li>\n<li>Individua il carico sui singoli centri di lavoro<\/li>\n<li>Prendi decisioni in base ai dipendenti o data e ora<\/li>\n<li>Riduci al minimo gli straordinari dei dipendenti e taglia i costi del lavoro<\/li>\n<li>Risolvi gli acquisti di materiale in ritardo e i problemi di inventario e osserva l&#8217;impatto sulla pianificazione<\/li>\n<li>Scopri se i materiali saranno disponibili se sposti un lavoro e l&#8217;impatto che ha sul cliente<\/li>\n<li>Esamina l&#8217;impatto delle operazioni di servizio esterne in ritardo sulla pianificazione e osserva come saranno influenzati i lavori specifici<\/li>\n<li>Crea scenari ipotetici per garantire la capacit\u00e0 prima di impegnarti per le date di scadenza<\/li>\n<li>Evitare i colli di bottiglia mantenendo i dipendenti e i lavori nei tempi previsti<\/li>\n<\/ul>\n<h4>LE RECENSIONE DEGLI UTENTI<\/h4>\n<p class=\"font-weight-bold mb-2\"><strong>Steve C.&#8221;Steve Cate&#8221;<\/strong><\/p>\n<p><strong>Commenti<\/strong>: Possiamo citare i lavori cos\u00ec velocemente con E2 che \u00e8 diventato il modo in cui controlliamo il ritmo della nostra attivit\u00e0. Se vogliamo essere pi\u00f9 occupati, inviamo un preventivo entro poche ore dalla richiesta di offerta. Se siamo troppo occupati, impieghiamo pi\u00f9 tempo per inviare i preventivi. Aiuta anche molto con la pianificazione, ma la pianificazione \u00e8 la funzione pi\u00f9 difficile da usare.<\/p>\n<p><strong>Pro<\/strong>:\u00a0Facilit\u00e0 d&#8217;uso e buon supporto tecnico. Molto simile ai libri rapidi<\/p>\n<p><strong>Contro<\/strong>:\u00a0Quando si assegna lo stock ai lavori, a meno che non sia stato acquistato specificamente per quel lavoro, \u00e8 un po&#8217; complicato, quindi abbiamo scritto un rapporto personalizzato per consentire la scansione del numero di tag dell&#8217;inventario.<\/p>\n<p class=\"font-weight-bold mb-2\"><strong>John S.\u00a0&#8220;Ci ha aiutato ad avanzare&#8221;<\/strong><\/p>\n<p><strong>Commenti<\/strong>: Nel complesso siamo molto contenti del modo in cui E2 ha modernizzato il nostro negozio e ci ha aiutato a crescere e far avanzare la nostra attivit\u00e0.<\/p>\n<p><strong>Pro<\/strong>:\u00a0E2 Shop Systems \u00e8 un software intuitivo. \u00c8 molto facile da usare.<\/p>\n<p><strong>Contro<\/strong>:\u00a0Vorrei che la grafica fosse migliore e che potessi aprire pi\u00f9 finestre contemporaneamente.<\/p>\n<p class=\"font-weight-bold mb-2\"><strong>Vickie S.&#8221;E-2 Recensione&#8221;<\/strong><\/p>\n<p><span class=\"font-weight-bold\"><strong>Commenti<\/strong>: <\/span>Questo software \u00e8 stata una grande scoperta per noi. Questo \u00e8 il primo software che ho trovato funzionante per un&#8217;azienda manifatturiera. Consiglierei questo software a chiunque voglia cambiare e spostare la propria azienda in una nuova direzione. Ci fa risparmiare molto tempo con i report disponibili e i nostri utenti trovano facile manovrare e ottenere prontamente le informazioni di cui hanno bisogno per il loro lavoro.<\/p>\n<p class=\"font-weight-bold mb-2\"><strong>Pro<\/strong>:\u00a0Questo software \u00e8 molto facile da usare e funziona perfettamente per il nostro tipo di attivit\u00e0. Siamo un&#8217;azienda di stampaggio metalli e questo software ci consente di creare ogni parte separatamente e il proprio flusso di materiale per creare il prodotto finale. Funziona benissimo per l&#8217;inventario e la contabilit\u00e0.<\/p>\n<p class=\"font-weight-bold mb-2\"><strong>Contro<\/strong>:\u00a0L&#8217;unico problema che ho con il software \u00e8 che non incorpora il libro paga. Abbiamo un altro sistema che viene importato nel software, ma mi piacerebbe avere uno sportello unico quando si utilizza questo software.<\/p>\n<p>&nbsp;<\/p>\n","protected":false},"excerpt":{"rendered":"<p>JobBOSS\u00b2 \u00e8 un sistema affidabile basato su cloud che offre la flessibilit\u00e0 necessaria ai manager per massimizzare la produttivit\u00e0 e i profitti, scalando in modo efficace. La soluzione ti offre informazioni e visibilit\u00e0 sulla tua officina come mai prima d&#8217;ora. Ti assiste con stime e preventivi rapidi e accurati, ti offre raccolta e visualizzazione dei dati in tempo reale e molto altro ancora.<\/p>\n","protected":false},"author":16,"featured_media":52931,"parent":52783,"menu_order":0,"comment_status":"open","ping_status":"closed","template":"g1_template_page_review_new.php","meta":{"_acf_changed":false,"cwp_meta_box_check":"No","cwp_rev_product_name":"","cwp_rev_product_image":"","wppr_links":[],"cwp_rev_price":"","wppr_options":[],"wppr_pros":[],"wppr_cons":[],"_monsterinsights_skip_tracking":false,"_monsterinsights_sitenote_active":false,"_monsterinsights_sitenote_note":"","_monsterinsights_sitenote_category":0,"footnotes":""},"categories":[11869],"tags":[11902,11874,11877,11872,11873],"features":[],"class_list":{"0":"post-52930","1":"page","2":"type-page","3":"status-publish","4":"has-post-thumbnail","6":"category-programmi-preventivi-cat","7":"tag-jobboss","8":"tag-piattaforma-per-fare-preventivi","9":"tag-programma-per-fare-preventivi","10":"tag-software-per-fare-preventivi","11":"tag-soluzione-per-fare-preventivi"},"wppr_data":{"cwp_meta_box_check":"No"},"acf":[],"yoast_head":"<!-- This site is optimized with the Yoast SEO plugin v27.4 - https:\/\/yoast.com\/product\/yoast-seo-wordpress\/ -->\n<title>JobBOSS\u00b2: recensione software per fare preventivi - Accurate Reviews<\/title>\n<meta name=\"description\" content=\"JobBOSS\u00b2: recensione sistema affidabile basato su cloud che offre la flessibilit\u00e0 necessaria per massimizzare la produttivit\u00e0 e i profitti.\" \/>\n<meta name=\"robots\" content=\"index, follow, max-snippet:-1, max-image-preview:large, max-video-preview:-1\" \/>\n<link rel=\"canonical\" href=\"https:\/\/www.accuratereviews.com\/it\/programmi-preventivi\/jobboss%c2%b2-recensione\/\" \/>\n<meta property=\"og:locale\" content=\"it_IT\" \/>\n<meta property=\"og:type\" content=\"article\" \/>\n<meta property=\"og:title\" content=\"JobBOSS\u00b2: recensione software per fare preventivi - Accurate Reviews\" \/>\n<meta property=\"og:description\" content=\"JobBOSS\u00b2: recensione sistema affidabile basato su cloud che offre la flessibilit\u00e0 necessaria per massimizzare la produttivit\u00e0 e i profitti.\" \/>\n<meta property=\"og:url\" content=\"https:\/\/www.accuratereviews.com\/it\/programmi-preventivi\/jobboss%c2%b2-recensione\/\" \/>\n<meta property=\"og:site_name\" content=\"Accurate Reviews\" \/>\n<meta property=\"og:image\" content=\"https:\/\/www.accuratereviews.com\/wp-content\/uploads\/2022\/01\/6f948125-3967-4960-86a2-809fc53e2513.jpeg-scaled.webp\" \/>\n\t<meta property=\"og:image:width\" content=\"2560\" \/>\n\t<meta property=\"og:image:height\" content=\"488\" \/>\n\t<meta property=\"og:image:type\" content=\"image\/webp\" \/>\n<meta name=\"twitter:card\" content=\"summary_large_image\" \/>\n<meta name=\"twitter:label1\" content=\"Tempo di lettura stimato\" \/>\n\t<meta name=\"twitter:data1\" content=\"4 minuti\" \/>\n<script type=\"application\/ld+json\" class=\"yoast-schema-graph\">{\"@context\":\"https:\\\/\\\/schema.org\",\"@graph\":[{\"@type\":\"WebPage\",\"@id\":\"https:\\\/\\\/www.accuratereviews.com\\\/it\\\/programmi-preventivi\\\/jobboss%c2%b2-recensione\\\/\",\"url\":\"https:\\\/\\\/www.accuratereviews.com\\\/it\\\/programmi-preventivi\\\/jobboss%c2%b2-recensione\\\/\",\"name\":\"JobBOSS\u00b2: recensione software per fare preventivi - Accurate Reviews\",\"isPartOf\":{\"@id\":\"https:\\\/\\\/www.accuratereviews.com\\\/it\\\/#website\"},\"primaryImageOfPage\":{\"@id\":\"https:\\\/\\\/www.accuratereviews.com\\\/it\\\/programmi-preventivi\\\/jobboss%c2%b2-recensione\\\/#primaryimage\"},\"image\":{\"@id\":\"https:\\\/\\\/www.accuratereviews.com\\\/it\\\/programmi-preventivi\\\/jobboss%c2%b2-recensione\\\/#primaryimage\"},\"thumbnailUrl\":\"https:\\\/\\\/www.accuratereviews.com\\\/wp-content\\\/uploads\\\/2022\\\/01\\\/6f948125-3967-4960-86a2-809fc53e2513.jpeg-scaled.webp\",\"datePublished\":\"2022-01-27T11:58:52+00:00\",\"description\":\"JobBOSS\u00b2: recensione sistema affidabile basato su cloud che offre la flessibilit\u00e0 necessaria per massimizzare la produttivit\u00e0 e i profitti.\",\"breadcrumb\":{\"@id\":\"https:\\\/\\\/www.accuratereviews.com\\\/it\\\/programmi-preventivi\\\/jobboss%c2%b2-recensione\\\/#breadcrumb\"},\"inLanguage\":\"it-IT\",\"potentialAction\":[{\"@type\":\"ReadAction\",\"target\":[\"https:\\\/\\\/www.accuratereviews.com\\\/it\\\/programmi-preventivi\\\/jobboss%c2%b2-recensione\\\/\"]}]},{\"@type\":\"ImageObject\",\"inLanguage\":\"it-IT\",\"@id\":\"https:\\\/\\\/www.accuratereviews.com\\\/it\\\/programmi-preventivi\\\/jobboss%c2%b2-recensione\\\/#primaryimage\",\"url\":\"https:\\\/\\\/www.accuratereviews.com\\\/wp-content\\\/uploads\\\/2022\\\/01\\\/6f948125-3967-4960-86a2-809fc53e2513.jpeg-scaled.webp\",\"contentUrl\":\"https:\\\/\\\/www.accuratereviews.com\\\/wp-content\\\/uploads\\\/2022\\\/01\\\/6f948125-3967-4960-86a2-809fc53e2513.jpeg-scaled.webp\",\"width\":2560,\"height\":488},{\"@type\":\"BreadcrumbList\",\"@id\":\"https:\\\/\\\/www.accuratereviews.com\\\/it\\\/programmi-preventivi\\\/jobboss%c2%b2-recensione\\\/#breadcrumb\",\"itemListElement\":[{\"@type\":\"ListItem\",\"position\":1,\"name\":\"Home\",\"item\":\"https:\\\/\\\/www.accuratereviews.com\\\/it\\\/\"},{\"@type\":\"ListItem\",\"position\":2,\"name\":\"Programmi per fare preventivi\",\"item\":\"https:\\\/\\\/www.accuratereviews.com\\\/it\\\/programmi-preventivi\\\/\"},{\"@type\":\"ListItem\",\"position\":3,\"name\":\"JobBOSS\u00b2\"}]},{\"@type\":\"WebSite\",\"@id\":\"https:\\\/\\\/www.accuratereviews.com\\\/it\\\/#website\",\"url\":\"https:\\\/\\\/www.accuratereviews.com\\\/it\\\/\",\"name\":\"Accurate Reviews\",\"description\":\"\",\"potentialAction\":[{\"@type\":\"SearchAction\",\"target\":{\"@type\":\"EntryPoint\",\"urlTemplate\":\"https:\\\/\\\/www.accuratereviews.com\\\/it\\\/?s={search_term_string}\"},\"query-input\":{\"@type\":\"PropertyValueSpecification\",\"valueRequired\":true,\"valueName\":\"search_term_string\"}}],\"inLanguage\":\"it-IT\"}]}<\/script>\n<!-- \/ Yoast SEO plugin. -->","yoast_head_json":{"title":"JobBOSS\u00b2: recensione software per fare preventivi - Accurate Reviews","description":"JobBOSS\u00b2: recensione sistema affidabile basato su cloud che offre la flessibilit\u00e0 necessaria per massimizzare la produttivit\u00e0 e i profitti.","robots":{"index":"index","follow":"follow","max-snippet":"max-snippet:-1","max-image-preview":"max-image-preview:large","max-video-preview":"max-video-preview:-1"},"canonical":"https:\/\/www.accuratereviews.com\/it\/programmi-preventivi\/jobboss%c2%b2-recensione\/","og_locale":"it_IT","og_type":"article","og_title":"JobBOSS\u00b2: recensione software per fare preventivi - Accurate Reviews","og_description":"JobBOSS\u00b2: recensione sistema affidabile basato su cloud che offre la flessibilit\u00e0 necessaria per massimizzare la produttivit\u00e0 e i profitti.","og_url":"https:\/\/www.accuratereviews.com\/it\/programmi-preventivi\/jobboss%c2%b2-recensione\/","og_site_name":"Accurate Reviews","og_image":[{"width":2560,"height":488,"url":"https:\/\/www.accuratereviews.com\/wp-content\/uploads\/2022\/01\/6f948125-3967-4960-86a2-809fc53e2513.jpeg-scaled.webp","type":"image\/webp"}],"twitter_card":"summary_large_image","twitter_misc":{"Tempo di lettura stimato":"4 minuti"},"schema":{"@context":"https:\/\/schema.org","@graph":[{"@type":"WebPage","@id":"https:\/\/www.accuratereviews.com\/it\/programmi-preventivi\/jobboss%c2%b2-recensione\/","url":"https:\/\/www.accuratereviews.com\/it\/programmi-preventivi\/jobboss%c2%b2-recensione\/","name":"JobBOSS\u00b2: recensione software per fare preventivi - Accurate Reviews","isPartOf":{"@id":"https:\/\/www.accuratereviews.com\/it\/#website"},"primaryImageOfPage":{"@id":"https:\/\/www.accuratereviews.com\/it\/programmi-preventivi\/jobboss%c2%b2-recensione\/#primaryimage"},"image":{"@id":"https:\/\/www.accuratereviews.com\/it\/programmi-preventivi\/jobboss%c2%b2-recensione\/#primaryimage"},"thumbnailUrl":"https:\/\/www.accuratereviews.com\/wp-content\/uploads\/2022\/01\/6f948125-3967-4960-86a2-809fc53e2513.jpeg-scaled.webp","datePublished":"2022-01-27T11:58:52+00:00","description":"JobBOSS\u00b2: recensione sistema affidabile basato su cloud che offre la flessibilit\u00e0 necessaria per massimizzare la produttivit\u00e0 e i profitti.","breadcrumb":{"@id":"https:\/\/www.accuratereviews.com\/it\/programmi-preventivi\/jobboss%c2%b2-recensione\/#breadcrumb"},"inLanguage":"it-IT","potentialAction":[{"@type":"ReadAction","target":["https:\/\/www.accuratereviews.com\/it\/programmi-preventivi\/jobboss%c2%b2-recensione\/"]}]},{"@type":"ImageObject","inLanguage":"it-IT","@id":"https:\/\/www.accuratereviews.com\/it\/programmi-preventivi\/jobboss%c2%b2-recensione\/#primaryimage","url":"https:\/\/www.accuratereviews.com\/wp-content\/uploads\/2022\/01\/6f948125-3967-4960-86a2-809fc53e2513.jpeg-scaled.webp","contentUrl":"https:\/\/www.accuratereviews.com\/wp-content\/uploads\/2022\/01\/6f948125-3967-4960-86a2-809fc53e2513.jpeg-scaled.webp","width":2560,"height":488},{"@type":"BreadcrumbList","@id":"https:\/\/www.accuratereviews.com\/it\/programmi-preventivi\/jobboss%c2%b2-recensione\/#breadcrumb","itemListElement":[{"@type":"ListItem","position":1,"name":"Home","item":"https:\/\/www.accuratereviews.com\/it\/"},{"@type":"ListItem","position":2,"name":"Programmi per fare preventivi","item":"https:\/\/www.accuratereviews.com\/it\/programmi-preventivi\/"},{"@type":"ListItem","position":3,"name":"JobBOSS\u00b2"}]},{"@type":"WebSite","@id":"https:\/\/www.accuratereviews.com\/it\/#website","url":"https:\/\/www.accuratereviews.com\/it\/","name":"Accurate Reviews","description":"","potentialAction":[{"@type":"SearchAction","target":{"@type":"EntryPoint","urlTemplate":"https:\/\/www.accuratereviews.com\/it\/?s={search_term_string}"},"query-input":{"@type":"PropertyValueSpecification","valueRequired":true,"valueName":"search_term_string"}}],"inLanguage":"it-IT"}]}},"_links":{"self":[{"href":"https:\/\/www.accuratereviews.com\/it\/wp-json\/wp\/v2\/pages\/52930","targetHints":{"allow":["GET"]}}],"collection":[{"href":"https:\/\/www.accuratereviews.com\/it\/wp-json\/wp\/v2\/pages"}],"about":[{"href":"https:\/\/www.accuratereviews.com\/it\/wp-json\/wp\/v2\/types\/page"}],"author":[{"embeddable":true,"href":"https:\/\/www.accuratereviews.com\/it\/wp-json\/wp\/v2\/users\/16"}],"replies":[{"embeddable":true,"href":"https:\/\/www.accuratereviews.com\/it\/wp-json\/wp\/v2\/comments?post=52930"}],"version-history":[{"count":9,"href":"https:\/\/www.accuratereviews.com\/it\/wp-json\/wp\/v2\/pages\/52930\/revisions"}],"predecessor-version":[{"id":52970,"href":"https:\/\/www.accuratereviews.com\/it\/wp-json\/wp\/v2\/pages\/52930\/revisions\/52970"}],"up":[{"embeddable":true,"href":"https:\/\/www.accuratereviews.com\/it\/wp-json\/wp\/v2\/pages\/52783"}],"wp:featuredmedia":[{"embeddable":true,"href":"https:\/\/www.accuratereviews.com\/it\/wp-json\/wp\/v2\/media\/52931"}],"wp:attachment":[{"href":"https:\/\/www.accuratereviews.com\/it\/wp-json\/wp\/v2\/media?parent=52930"}],"wp:term":[{"taxonomy":"category","embeddable":true,"href":"https:\/\/www.accuratereviews.com\/it\/wp-json\/wp\/v2\/categories?post=52930"},{"taxonomy":"post_tag","embeddable":true,"href":"https:\/\/www.accuratereviews.com\/it\/wp-json\/wp\/v2\/tags?post=52930"},{"taxonomy":"features","embeddable":true,"href":"https:\/\/www.accuratereviews.com\/it\/wp-json\/wp\/v2\/features?post=52930"}],"curies":[{"name":"wp","href":"https:\/\/api.w.org\/{rel}","templated":true}]}}