{"id":52978,"date":"2022-01-28T14:11:32","date_gmt":"2022-01-28T14:11:32","guid":{"rendered":"https:\/\/www.accuratereviews.com\/?page_id=52978"},"modified":"2022-01-28T14:11:32","modified_gmt":"2022-01-28T14:11:32","slug":"qwilr-recensione","status":"publish","type":"page","link":"https:\/\/www.accuratereviews.com\/it\/programmi-preventivi\/qwilr-recensione\/","title":{"rendered":"Qwilr"},"content":{"rendered":"<p><strong>Qwilr<\/strong> \u00e8 una <strong>soluzione di documentazione di vendita<\/strong> e richiesta di proposta (RFP) basata su <strong>cloud<\/strong>. Offre funzionalit\u00e0 di audit trail, archiviazione di documenti di vendita e marketing, un repository di contenuti e funzionalit\u00e0 di analisi. Il programma\u00a0dispone di una libreria di modelli, che consente agli utenti di cercare modelli RFP per vendite, affari e proposte di prodotti. Gli utenti possono anche incorporare contenuti multimediali come video, fogli di calcolo e sondaggi.\u00a0Gli strumenti di gestione delle vendite e del marketing aiutano gli utenti a creare preventivi, inoltrarli ai clienti e gestire approvazioni e pagamenti. Le funzionalit\u00e0 di analisi permette di monitorare le metriche dei contenuti. La soluzione consente inoltre agli utenti di creare report sulle prestazioni dei contenuti nelle divisioni vendite e marketing. \u00c8 compatibile con pi\u00f9 dispositivi, come tablet e desktop.<\/p>\n<h2>QWILR &#8211; TUTORIAL<\/h2>\n<p>Il video mostra la demo di questo <strong>programma per fare preventivi:<\/strong><\/p>\n<div id=\"fluid-wrapper-counter-1\" class=\"g1-fluid-wrapper \" style=\"width:686px;\">\n<div style=\"padding-bottom:56.268221574344%;\"><iframe loading=\"lazy\" title=\"Qwilr Demo Video\" width=\"686\" height=\"386\" src=\"https:\/\/www.youtube.com\/embed\/f2s-gi1BZ0o?feature=oembed&amp;wmode=transparent&amp;autohide=1&amp;autoplay=0&amp;disablekb=0&amp;fs=1&amp;loop=0&amp;enablejsapi=1&amp;rel=0&amp;controls=2&amp;showinfo=0&amp;wmode=transparent&amp;autohide=2&amp;autoplay=0&amp;disablekb=0&amp;fs=1&amp;loop=0&amp;enablejsapi=1&amp;rel=0&amp;controls=2&amp;showinfo=1\" frameborder=\"0\" allow=\"accelerometer; autoplay; clipboard-write; encrypted-media; gyroscope; picture-in-picture\" allowfullscreen><\/iframe><\/div>\n<\/div>\n<h3>QWILR &#8211; CARATTERISTICHE<\/h3>\n<ul>\n<li><strong>Spicca<\/strong>: mostra immediatamente ai potenziali clienti che la tua azienda \u00e8 il partner lungimirante che vogliono assumere. Le pagine sono interattive, potenziate con contenuti dinamici e incorporati e reattive ai dispositivi mobili<\/li>\n<li><strong>Proposte personalizzate rese facili<\/strong>: il semplice editor, i modelli e elementi costitutivi modulari rendono la creazione di documenti un gioco da ragazzi. Carica rapidamente le risorse del marchio che mostrano il tuo lavoro migliore. Aggiungi facilmente dettagli personalizzati che parlano ai tuoi clienti e ottieni molte vendite<\/li>\n<li><strong>Fatti pagare pi\u00f9 velocemente<\/strong>: riduci il tempo necessario per acquisire nuovi affari. I preventivi interattivi eliminano le oscillazioni e consentono ai clienti di scegliere il pacchetto tariffario pi\u00f9 adatto alle loro esigenze. Possono scegliere, accettare, firmare elettronicamente e pagare tutto in un unico flusso, da qualsiasi dispositivo: clicca, firma e il gioco \u00e8 fatto<\/li>\n<li><strong>Riduci l&#8217;orario di chiusura<\/strong>: poich\u00e9 le pagine della soluzione sono accessibili tramite collegamenti sicuri, \u00e8 facile per il tuo punto di contatto condividerle con il resto del team decisionale. Riceverai una notifica di pagina ogni volta che viene visualizzata e otterrai informazioni dettagliate su come e quando le persone interagiscono con essa<\/li>\n<li><strong>Trasforma il tuo processo e risparmia tempo<\/strong>:\u00a0si integra con tutti i principali software CRM, vendite e contabilit\u00e0, come HubSpot, Salesforce e Xero. Crea automaticamente documenti personalizzati dal tuo CRM, genera fatture quando le proposte vengono accettate, ricevi una notifica Slack quando la tua pagina \u00e8 stata visualizzata e altro ancora.<\/li>\n<\/ul>\n<h4>LE RECENSIONI DEGLI UTENTI<\/h4>\n<p class=\"font-weight-bold mb-2\"><strong>Giorgio F.&#8221;Perch\u00e9 \u00e8 necessario usare Qwilr&#8221;<\/strong><\/p>\n<p><span class=\"font-weight-bold\"><strong>Commenti<\/strong>: <\/span>Ho un archivio di contenuti e immagini sempre pronto, diviso per argomenti in modo da avere temi pronti per i clienti e la rete commerciale.\u00a0Template di offerte d progetti e di vendita che permette di dare risposte in breve tempo e senza grande spreco di energie.<\/p>\n<p class=\"font-weight-bold mb-2\"><strong>Pro<\/strong>: perch\u00e9 devi comunicare qualcosa sempre ogni giorno, alla tua rete di vendita, ai tuoi clienti, ai tuoi prospect,. Perch\u00e9 devi fare offerte e le devi adeguare meglio alle esigenze del cliente e poi incassare gli anticipi. Perch\u00e8 puoi costruirti insieme alla tua rete di vendita informazioni e spiegazioni aggiuntive che puoi inoltrare al cliente e sapere quando le vede per essere da lui al momento giusto (anche con una telefonata)<\/p>\n<p class=\"font-weight-bold mb-2\"><strong>Contro<\/strong>:\u00a0penso che la formattazione vada migliorata con pi\u00f9 alternative che reputo necessarie<\/p>\n<p class=\"font-weight-bold mb-2\"><strong>Grant B.&#8221;Proposte, che contano&#8221;<\/strong><\/p>\n<p><span class=\"font-weight-bold\"><strong>Commenti<\/strong>: <\/span>Qwilr, ci ha permesso di migliorare notevolmente la nostra proposta di invio ai clienti e di organizzare meglio i prezzi e gli articoli che stanno ricevendo in modo che lo capiscano meglio! Soprattutto, possono regolare gli articoli dalla loro parte in modo che possano vedere come cambierebbe il prezzo totale<\/p>\n<p class=\"font-weight-bold mb-2\"><strong>Pro<\/strong>:\u00a0Abbiamo scelto Qwilr rispetto agli altri software che avevamo esaminato, in particolare per i suoi strumenti di calcolo del totale. \u00c8 stato l&#8217;unico software che abbiamo trovato in grado di aggiungere sconti su pi\u00f9 sezioni e mettere in relazione correttamente i totali tra loro. Questo ci ha permesso di usarlo per le nostre strutture tariffarie pi\u00f9 complicate per tutti gli adon per i nostri sistemi.<\/p>\n<p class=\"font-weight-bold mb-2\"><strong>Contro<\/strong>:\u00a0Una migliore esportazione in PDF sarebbe l&#8217;ideale, poich\u00e9 troviamo che a volte pasticcia un po&#8217; con i layout quando proviamo a stamparli! Ma poich\u00e9 ci occupiamo principalmente di invii online, questo ci disturba raramente.<\/p>\n<p class=\"font-weight-bold mb-2\"><strong>Dogan A.&#8221;Risparmio di tempo al meglio&#8221;<\/strong><\/p>\n<p><span class=\"font-weight-bold\"><strong>Commenti<\/strong>: <\/span>Nel complesso, sono molto felice e una volta impostato, posso inviare le mie proposte molto rapidamente. Lo adoro.<\/p>\n<p class=\"font-weight-bold mb-2\"><strong>Pro<\/strong>:\u00a0\u00c8 facile da configurare e veloce da avviare Integrazione Hubspot molto visivo<\/p>\n<p class=\"font-weight-bold mb-2\"><strong>Contro<\/strong>:\u00a0La sezione dei costi ha bisogno di miglioramenti. Renderebbe pi\u00f9 veloce anche il mio lavoro duplicando un blocco di costi con un semplice clic.<\/p>\n<p>&nbsp;<\/p>\n","protected":false},"excerpt":{"rendered":"<p>Qwilr \u00e8 una soluzione di documentazione di vendita e richiesta di proposta (RFP) basata su cloud. Offre funzionalit\u00e0 di audit trail, archiviazione di documenti di vendita e marketing, un repository di contenuti e funzionalit\u00e0 di analisi. Il programma\u00a0dispone di una libreria di modelli, che consente agli utenti di cercare modelli RFP per vendite, affari e proposte di prodotti.<\/p>\n","protected":false},"author":16,"featured_media":52979,"parent":52783,"menu_order":0,"comment_status":"open","ping_status":"closed","template":"g1_template_page_review_new.php","meta":{"_acf_changed":false,"cwp_meta_box_check":"No","cwp_rev_product_name":"","cwp_rev_product_image":"","wppr_links":[],"cwp_rev_price":"","wppr_options":[],"wppr_pros":[],"wppr_cons":[],"_monsterinsights_skip_tracking":false,"_monsterinsights_sitenote_active":false,"_monsterinsights_sitenote_note":"","_monsterinsights_sitenote_category":0,"footnotes":""},"categories":[11869],"tags":[11905,11874,11877,11907,11872,11873],"features":[],"class_list":{"0":"post-52978","1":"page","2":"type-page","3":"status-publish","4":"has-post-thumbnail","6":"category-programmi-preventivi-cat","7":"tag-creazione-preventivi","8":"tag-piattaforma-per-fare-preventivi","9":"tag-programma-per-fare-preventivi","10":"tag-qwilr","11":"tag-software-per-fare-preventivi","12":"tag-soluzione-per-fare-preventivi"},"wppr_data":{"cwp_meta_box_check":"No"},"acf":[],"yoast_head":"<!-- This site is optimized with the Yoast SEO plugin v27.4 - https:\/\/yoast.com\/product\/yoast-seo-wordpress\/ -->\n<title>Qwilr: recensione software per fare preventivi- Accurate Reviews<\/title>\n<meta name=\"description\" content=\"Qwilr: recensione soluzione di documentazione di vendita e richiesta di preventivi (RFP) potente basata su cloud.\" \/>\n<meta name=\"robots\" content=\"index, follow, max-snippet:-1, max-image-preview:large, max-video-preview:-1\" \/>\n<link rel=\"canonical\" href=\"https:\/\/www.accuratereviews.com\/it\/programmi-preventivi\/qwilr-recensione\/\" \/>\n<meta property=\"og:locale\" content=\"it_IT\" \/>\n<meta property=\"og:type\" content=\"article\" \/>\n<meta property=\"og:title\" content=\"Qwilr: recensione software per fare preventivi- Accurate Reviews\" \/>\n<meta property=\"og:description\" content=\"Qwilr: recensione soluzione di documentazione di vendita e richiesta di preventivi (RFP) potente basata su cloud.\" \/>\n<meta property=\"og:url\" content=\"https:\/\/www.accuratereviews.com\/it\/programmi-preventivi\/qwilr-recensione\/\" \/>\n<meta property=\"og:site_name\" content=\"Accurate Reviews\" \/>\n<meta property=\"og:image\" content=\"https:\/\/www.accuratereviews.com\/wp-content\/uploads\/2022\/01\/Qwilr-Logo.png\" \/>\n\t<meta property=\"og:image:width\" content=\"400\" \/>\n\t<meta property=\"og:image:height\" content=\"250\" \/>\n\t<meta property=\"og:image:type\" content=\"image\/png\" \/>\n<meta name=\"twitter:card\" content=\"summary_large_image\" \/>\n<meta name=\"twitter:label1\" content=\"Tempo di lettura stimato\" \/>\n\t<meta name=\"twitter:data1\" content=\"4 minuti\" \/>\n<script type=\"application\/ld+json\" class=\"yoast-schema-graph\">{\"@context\":\"https:\\\/\\\/schema.org\",\"@graph\":[{\"@type\":\"WebPage\",\"@id\":\"https:\\\/\\\/www.accuratereviews.com\\\/it\\\/programmi-preventivi\\\/qwilr-recensione\\\/\",\"url\":\"https:\\\/\\\/www.accuratereviews.com\\\/it\\\/programmi-preventivi\\\/qwilr-recensione\\\/\",\"name\":\"Qwilr: recensione software per fare preventivi- Accurate Reviews\",\"isPartOf\":{\"@id\":\"https:\\\/\\\/www.accuratereviews.com\\\/it\\\/#website\"},\"primaryImageOfPage\":{\"@id\":\"https:\\\/\\\/www.accuratereviews.com\\\/it\\\/programmi-preventivi\\\/qwilr-recensione\\\/#primaryimage\"},\"image\":{\"@id\":\"https:\\\/\\\/www.accuratereviews.com\\\/it\\\/programmi-preventivi\\\/qwilr-recensione\\\/#primaryimage\"},\"thumbnailUrl\":\"https:\\\/\\\/www.accuratereviews.com\\\/wp-content\\\/uploads\\\/2022\\\/01\\\/Qwilr-Logo.png\",\"datePublished\":\"2022-01-28T14:11:32+00:00\",\"description\":\"Qwilr: recensione soluzione di documentazione di vendita e richiesta di preventivi (RFP) potente basata su cloud.\",\"breadcrumb\":{\"@id\":\"https:\\\/\\\/www.accuratereviews.com\\\/it\\\/programmi-preventivi\\\/qwilr-recensione\\\/#breadcrumb\"},\"inLanguage\":\"it-IT\",\"potentialAction\":[{\"@type\":\"ReadAction\",\"target\":[\"https:\\\/\\\/www.accuratereviews.com\\\/it\\\/programmi-preventivi\\\/qwilr-recensione\\\/\"]}]},{\"@type\":\"ImageObject\",\"inLanguage\":\"it-IT\",\"@id\":\"https:\\\/\\\/www.accuratereviews.com\\\/it\\\/programmi-preventivi\\\/qwilr-recensione\\\/#primaryimage\",\"url\":\"https:\\\/\\\/www.accuratereviews.com\\\/wp-content\\\/uploads\\\/2022\\\/01\\\/Qwilr-Logo.png\",\"contentUrl\":\"https:\\\/\\\/www.accuratereviews.com\\\/wp-content\\\/uploads\\\/2022\\\/01\\\/Qwilr-Logo.png\",\"width\":400,\"height\":250},{\"@type\":\"BreadcrumbList\",\"@id\":\"https:\\\/\\\/www.accuratereviews.com\\\/it\\\/programmi-preventivi\\\/qwilr-recensione\\\/#breadcrumb\",\"itemListElement\":[{\"@type\":\"ListItem\",\"position\":1,\"name\":\"Home\",\"item\":\"https:\\\/\\\/www.accuratereviews.com\\\/it\\\/\"},{\"@type\":\"ListItem\",\"position\":2,\"name\":\"Programmi per fare preventivi\",\"item\":\"https:\\\/\\\/www.accuratereviews.com\\\/it\\\/programmi-preventivi\\\/\"},{\"@type\":\"ListItem\",\"position\":3,\"name\":\"Qwilr\"}]},{\"@type\":\"WebSite\",\"@id\":\"https:\\\/\\\/www.accuratereviews.com\\\/it\\\/#website\",\"url\":\"https:\\\/\\\/www.accuratereviews.com\\\/it\\\/\",\"name\":\"Accurate Reviews\",\"description\":\"\",\"potentialAction\":[{\"@type\":\"SearchAction\",\"target\":{\"@type\":\"EntryPoint\",\"urlTemplate\":\"https:\\\/\\\/www.accuratereviews.com\\\/it\\\/?s={search_term_string}\"},\"query-input\":{\"@type\":\"PropertyValueSpecification\",\"valueRequired\":true,\"valueName\":\"search_term_string\"}}],\"inLanguage\":\"it-IT\"}]}<\/script>\n<!-- \/ Yoast SEO plugin. -->","yoast_head_json":{"title":"Qwilr: recensione software per fare preventivi- Accurate Reviews","description":"Qwilr: recensione soluzione di documentazione di vendita e richiesta di preventivi (RFP) potente basata su cloud.","robots":{"index":"index","follow":"follow","max-snippet":"max-snippet:-1","max-image-preview":"max-image-preview:large","max-video-preview":"max-video-preview:-1"},"canonical":"https:\/\/www.accuratereviews.com\/it\/programmi-preventivi\/qwilr-recensione\/","og_locale":"it_IT","og_type":"article","og_title":"Qwilr: recensione software per fare preventivi- Accurate Reviews","og_description":"Qwilr: recensione soluzione di documentazione di vendita e richiesta di preventivi (RFP) potente basata su cloud.","og_url":"https:\/\/www.accuratereviews.com\/it\/programmi-preventivi\/qwilr-recensione\/","og_site_name":"Accurate Reviews","og_image":[{"width":400,"height":250,"url":"https:\/\/www.accuratereviews.com\/wp-content\/uploads\/2022\/01\/Qwilr-Logo.png","type":"image\/png"}],"twitter_card":"summary_large_image","twitter_misc":{"Tempo di lettura stimato":"4 minuti"},"schema":{"@context":"https:\/\/schema.org","@graph":[{"@type":"WebPage","@id":"https:\/\/www.accuratereviews.com\/it\/programmi-preventivi\/qwilr-recensione\/","url":"https:\/\/www.accuratereviews.com\/it\/programmi-preventivi\/qwilr-recensione\/","name":"Qwilr: recensione software per fare preventivi- Accurate Reviews","isPartOf":{"@id":"https:\/\/www.accuratereviews.com\/it\/#website"},"primaryImageOfPage":{"@id":"https:\/\/www.accuratereviews.com\/it\/programmi-preventivi\/qwilr-recensione\/#primaryimage"},"image":{"@id":"https:\/\/www.accuratereviews.com\/it\/programmi-preventivi\/qwilr-recensione\/#primaryimage"},"thumbnailUrl":"https:\/\/www.accuratereviews.com\/wp-content\/uploads\/2022\/01\/Qwilr-Logo.png","datePublished":"2022-01-28T14:11:32+00:00","description":"Qwilr: recensione soluzione di documentazione di vendita e richiesta di preventivi (RFP) potente basata su cloud.","breadcrumb":{"@id":"https:\/\/www.accuratereviews.com\/it\/programmi-preventivi\/qwilr-recensione\/#breadcrumb"},"inLanguage":"it-IT","potentialAction":[{"@type":"ReadAction","target":["https:\/\/www.accuratereviews.com\/it\/programmi-preventivi\/qwilr-recensione\/"]}]},{"@type":"ImageObject","inLanguage":"it-IT","@id":"https:\/\/www.accuratereviews.com\/it\/programmi-preventivi\/qwilr-recensione\/#primaryimage","url":"https:\/\/www.accuratereviews.com\/wp-content\/uploads\/2022\/01\/Qwilr-Logo.png","contentUrl":"https:\/\/www.accuratereviews.com\/wp-content\/uploads\/2022\/01\/Qwilr-Logo.png","width":400,"height":250},{"@type":"BreadcrumbList","@id":"https:\/\/www.accuratereviews.com\/it\/programmi-preventivi\/qwilr-recensione\/#breadcrumb","itemListElement":[{"@type":"ListItem","position":1,"name":"Home","item":"https:\/\/www.accuratereviews.com\/it\/"},{"@type":"ListItem","position":2,"name":"Programmi per fare preventivi","item":"https:\/\/www.accuratereviews.com\/it\/programmi-preventivi\/"},{"@type":"ListItem","position":3,"name":"Qwilr"}]},{"@type":"WebSite","@id":"https:\/\/www.accuratereviews.com\/it\/#website","url":"https:\/\/www.accuratereviews.com\/it\/","name":"Accurate Reviews","description":"","potentialAction":[{"@type":"SearchAction","target":{"@type":"EntryPoint","urlTemplate":"https:\/\/www.accuratereviews.com\/it\/?s={search_term_string}"},"query-input":{"@type":"PropertyValueSpecification","valueRequired":true,"valueName":"search_term_string"}}],"inLanguage":"it-IT"}]}},"_links":{"self":[{"href":"https:\/\/www.accuratereviews.com\/it\/wp-json\/wp\/v2\/pages\/52978","targetHints":{"allow":["GET"]}}],"collection":[{"href":"https:\/\/www.accuratereviews.com\/it\/wp-json\/wp\/v2\/pages"}],"about":[{"href":"https:\/\/www.accuratereviews.com\/it\/wp-json\/wp\/v2\/types\/page"}],"author":[{"embeddable":true,"href":"https:\/\/www.accuratereviews.com\/it\/wp-json\/wp\/v2\/users\/16"}],"replies":[{"embeddable":true,"href":"https:\/\/www.accuratereviews.com\/it\/wp-json\/wp\/v2\/comments?post=52978"}],"version-history":[{"count":10,"href":"https:\/\/www.accuratereviews.com\/it\/wp-json\/wp\/v2\/pages\/52978\/revisions"}],"predecessor-version":[{"id":53030,"href":"https:\/\/www.accuratereviews.com\/it\/wp-json\/wp\/v2\/pages\/52978\/revisions\/53030"}],"up":[{"embeddable":true,"href":"https:\/\/www.accuratereviews.com\/it\/wp-json\/wp\/v2\/pages\/52783"}],"wp:featuredmedia":[{"embeddable":true,"href":"https:\/\/www.accuratereviews.com\/it\/wp-json\/wp\/v2\/media\/52979"}],"wp:attachment":[{"href":"https:\/\/www.accuratereviews.com\/it\/wp-json\/wp\/v2\/media?parent=52978"}],"wp:term":[{"taxonomy":"category","embeddable":true,"href":"https:\/\/www.accuratereviews.com\/it\/wp-json\/wp\/v2\/categories?post=52978"},{"taxonomy":"post_tag","embeddable":true,"href":"https:\/\/www.accuratereviews.com\/it\/wp-json\/wp\/v2\/tags?post=52978"},{"taxonomy":"features","embeddable":true,"href":"https:\/\/www.accuratereviews.com\/it\/wp-json\/wp\/v2\/features?post=52978"}],"curies":[{"name":"wp","href":"https:\/\/api.w.org\/{rel}","templated":true}]}}