{"id":52985,"date":"2022-01-28T14:15:51","date_gmt":"2022-01-28T14:15:51","guid":{"rendered":"https:\/\/www.accuratereviews.com\/?page_id=52985"},"modified":"2022-01-28T14:15:51","modified_gmt":"2022-01-28T14:15:51","slug":"proposify-recensione","status":"publish","type":"page","link":"https:\/\/www.accuratereviews.com\/it\/programmi-preventivi\/proposify-recensione\/","title":{"rendered":"Proposify"},"content":{"rendered":"<p><strong>Proposify<\/strong> \u00e8 il <strong>software di proposta online<\/strong> che ti d\u00e0 controllo e visibilit\u00e0 nella fase pi\u00f9 importante del tuo processo di vendita. Dalla progettazione dell&#8217;affare all&#8217;approvazione, ottieni la sicurezza e la flessibilit\u00e0 per gestire e chiudere tutti i tuoi preventivi, contratti e proposte. Crea straordinari documenti di vendita che rimangono coerenti e privi di errori. Ricevi le informazioni per ridimensionare il tuo processo, prendere impegni tempestivi e prevedere con precisione. Offri un&#8217;esperienza di approvazione senza interruzioni per i tuoi clienti o potenziali. Il software ha rivoluzionato il processo delle proposte in modo che i tuoi rappresentanti possano dedicare meno tempo alle attivit\u00e0 manuali e pi\u00f9 tempo a fare ci\u00f2 che sanno fare meglio: vendere.<\/p>\n<h2>PROPOSIFY &#8211; TUTORIAL<\/h2>\n<p>Guardiamo il tutorial che segue riguardante questo <strong>software per fare preventivi<\/strong>:<\/p>\n<div id=\"fluid-wrapper-counter-1\" class=\"g1-fluid-wrapper \" style=\"width:686px;\">\n<div style=\"padding-bottom:56.268221574344%;\"><iframe loading=\"lazy\" title=\"Proposify Proposal Tutorial Overview\" width=\"686\" height=\"386\" src=\"https:\/\/www.youtube.com\/embed\/l177uONMs8Y?feature=oembed&amp;wmode=transparent&amp;autohide=1&amp;autoplay=0&amp;disablekb=0&amp;fs=1&amp;loop=0&amp;enablejsapi=1&amp;rel=0&amp;controls=2&amp;showinfo=0&amp;wmode=transparent&amp;autohide=2&amp;autoplay=0&amp;disablekb=0&amp;fs=1&amp;loop=0&amp;enablejsapi=1&amp;rel=0&amp;controls=2&amp;showinfo=1\" frameborder=\"0\" allow=\"accelerometer; autoplay; clipboard-write; encrypted-media; gyroscope; picture-in-picture\" allowfullscreen><\/iframe><\/div>\n<\/div>\n<h3>PROPOSIFY &#8211; CARATTERISTICHE<\/h3>\n<ul>\n<li>Trova il framework completo per creare proposte accattivanti con una libreria centrale di modelli, immagini, tariffe e contenuti pre-approvati<\/li>\n<li>Organizza descrizioni dei prodotti, sezioni e grafici con cartelle e filtri in modo che tutti possano trovare ci\u00f2 di cui hanno bisogno quando ne hanno bisogno<\/li>\n<li>Applica aggiornamenti di massa tra i modelli per salvare il passaggio dell&#8217;amministratore dalle modifiche manuali<\/li>\n<li>Dai vita alle tue offerte con video e immagini. Incorpora facilmente questi poteri visivi nei tuoi documenti e lascia un&#8217;impressione duratura<\/li>\n<li>Dalla fantasia al formale, costruisci qualsiasi tipo di documento da proposte e contratti a NDA e SOW<\/li>\n<li>Impedisci che i documenti escano con costosi errori definendo i ruoli utente e applicando i parametri che manterranno i rappresentanti pi\u00f9 produttivi<\/li>\n<li>Imposta le autorizzazioni di approvazione in modo da poter stare tranquillo che le offerte non raggiungano la posta in arrivo del cliente senza un&#8217;adeguata approvazione<\/li>\n<li>Crea, tieni traccia e concludi le tue offerte all&#8217;interno del tuo CRM<\/li>\n<li>Promuovi l&#8217;automazione delle trattative collegando le tue proposte con la tua unica fonte di verit\u00e0<\/li>\n<li>Sincronizza i tuoi contatti e usa variabili personalizzate per precompilare i campi nei tuoi documenti e non perdere mai un dettaglio<\/li>\n<li>Dai un&#8217;occhiata al profilo di una proposta e approfondisci i dettagli in modo da avere un quadro completo delle sue prestazioni<\/li>\n<li>Monitora i progressi dei rappresentanti dall&#8217;avvio della proposta all&#8217;approvazione. Dalle modifiche alle approvazioni interne, avrai la responsabilit\u00e0 in ogni fase<\/li>\n<li>Tieni una traccia di controllo per rassicurare te e i tuoi clienti. Ottieni dettagli precisi su quando una proposta \u00e8 stata inviata, visualizzata, firmata o commentata<\/li>\n<li>Ottieni informazioni dettagliate su come i potenziali clienti interagiscono con le tue proposte e scopri cosa potrebbe costarti la chiusura<\/li>\n<li>Scopri quali sezioni vengono visualizzate pi\u00f9 spesso e quali dovrebbero essere riviste per un maggiore impatto<\/li>\n<li>Visualizza i rapporti per vedere cosa funziona meglio o non funziona affatto per team, tipi di documenti e clienti specifici<\/li>\n<li>Trova le proposte in pochi rapidi clic con le opzioni di ordinamento e filtro per data, rappresentante, fase e stato<\/li>\n<li>Mantieni le tue offerte in ordine e naviga facilmente con la funzione Stream. Puoi raggruppare rapidamente le offerte in base al team, al tipo di documento o alla regione<\/li>\n<li>Crea dashboard personalizzate in modo che i rappresentanti possano tenere in primo piano le proprie offerte<\/li>\n<li>Ricevi aggiornamenti in tempo reale quando il tuo affare sta attirando l&#8217;attenzione in modo da sapere quando fare la tua prossima mossa<\/li>\n<li>Tieni traccia delle visualizzazioni, dei pagamenti completati, delle approvazioni e altro ancora<\/li>\n<li>Imposta promemoria automatici per il follow-up e ringrazia in modo che i potenziali clienti continuino a sentire la fiducia anche dopo la conclusione dell&#8217;affare.<\/li>\n<\/ul>\n<h4>LE RECENSIONI DEGLI UTENTI<\/h4>\n<p class=\"font-weight-bold mb-2\"><strong>Catalina V.&#8221;Fantastico nel concetto ma troppi bug&#8221;<\/strong><\/p>\n<p><span class=\"font-weight-bold\"><strong>Commenti<\/strong>: <\/span>Nel complesso \u00e8 stato un ottimo prodotto. Sta attraversando problemi crescenti, ma non sembra che stiano crescendo velocemente. Il supporto \u00e8 in qualche modo reattivo anche se 9\/10 ottengo una risposta predefinita che non risponde davvero alla mia domanda. Se utilizzi lo stesso identico modello pi\u00f9 e pi\u00f9 volte senza modifiche, probabilmente non avrai problemi, ma se crei una proposta personalizzata per i tuoi clienti sar\u00e0 un compito frustrante.<\/p>\n<p class=\"font-weight-bold mb-2\"><strong>Pro<\/strong>:\u00a0Mi piace come semplifica la presentazione della nostra proposta ai clienti. Siamo in grado di produrre rapidamente proposte che sembrano belle e ci aiutano a chiudere&#8230; quando non sono necessarie modifiche al modello.<\/p>\n<p class=\"font-weight-bold mb-2\"><strong>Contro<\/strong>:\u00a0Sembra che negli ultimi anni la consistenza degli sviluppatori sia diminuita molto. Ci sono molti aggiornamenti delle funzionalit\u00e0 ma sempre pi\u00f9 bug. Cose semplici che dovrebbero essere eliminate prima della distribuzione non vengono fatte e questo \u00e8 qualcosa che vedo da oltre un anno e mezzo. Il problema pi\u00f9 grande finora sono state le tabelle dei prezzi. Ti viene richiesto di aggiornare alle nuove tabelle ma non funziona mai. Il supporto ti dice solo di fare alcune soluzioni alternative e a volte funziona e a volte no. Non abbiamo tempo per insegnare a tutto il nostro team come navigare tra i bug. Prima c&#8217;era un bug con la possibilit\u00e0 di aggiornare il testo semplice, non potevi selezionare una casella di testo e dovevi aggiornare ogni volta. Prima di ci\u00f2, i tuoi modelli venivano caricati in modo sfocato e quindi dovevi scorrere fino in fondo alla pagina, quindi eseguire il backup per poter modificare qualsiasi cosa. Amavo cos\u00ec tanto questo software ma non so cosa sia successo. \u00c8 passato dal farci risparmiare tempo al costarci tempo e causare ore di frustrazione. Una frase comune di frustrazione nel nostro ufficio \u00e8 &#8220;Perch\u00e9 proporre&#8221; PERCH\u00c9???&#8221;. Sto cercando un sostituto in cui trasferire l&#8217;intero team.<\/p>\n<p class=\"font-weight-bold mb-2\"><strong>Shaun P.&#8221;Ottimo per le piccole imprese che sviluppano proposte per progetti grandi.&#8221;<\/strong><\/p>\n<p><span class=\"font-weight-bold\"><strong>Commenti<\/strong>: <\/span>Esperienza molto positiva con il supporto, ho avuto poco da interrogare in quanto \u00e8 molto facile da usare e personalizzare.<\/p>\n<p class=\"font-weight-bold mb-2\"><strong>Pro<\/strong>:\u00a0La libreria di contenuti ed esempi \u00e8 particolarmente utile. Siamo stati in grado di sviluppare proposte per la nostra offerta di prodotti e personalizzare completamente per ogni cliente.<\/p>\n<p class=\"font-weight-bold mb-2\"><strong>Contro<\/strong>:\u00a0Mi piacerebbe l&#8217;integrazione tra il mio account FreeAgent.com quando una proposta \u00e8 stata autorizzata per automatizzare il processo di fatturazione.<\/p>\n<p class=\"font-weight-bold mb-2\"><strong>Elizabeth B.&#8221;Funziona ma con problemi&#8221;<\/strong><\/p>\n<p class=\"font-weight-bold mb-2\"><strong>Pro<\/strong>:\u00a0Essere in grado di creare i modelli e i miei colleghi in grado di usarli invece di progettarli da soli.<\/p>\n<p class=\"font-weight-bold mb-2\"><strong>Contro<\/strong>:\u00a0Da dove comincio&#8230; Questo non \u00e8 molto intuitivo per i designer grafici. La met\u00e0 delle volte alcune delle opzioni non funzionano. Oppure non riesci a trovare l&#8217;opzione per organizzare la grafica sulla tua pagina. I titoli, le opzioni di paragrafo per il testo non sono molto coerenti. E se il mio collega vuole aggiungere la propria casella di testo, la maggior parte delle volte non rimane lo stesso testo per loro. Questi sono solo alcuni dei problemi.<\/p>\n","protected":false},"excerpt":{"rendered":"<p>Proposify \u00e8 il software di proposta online che ti d\u00e0 controllo e visibilit\u00e0 nella fase pi\u00f9 importante del tuo processo di vendita. Dalla progettazione dell&#8217;affare all&#8217;approvazione, ottieni la sicurezza e la flessibilit\u00e0 per gestire e chiudere tutti i tuoi preventivi, contratti e proposte.\u00a0Crea straordinari documenti di vendita che rimangono coerenti e privi di errori.<\/p>\n","protected":false},"author":16,"featured_media":52986,"parent":52783,"menu_order":0,"comment_status":"open","ping_status":"closed","template":"g1_template_page_review_new.php","meta":{"_acf_changed":false,"cwp_meta_box_check":"No","cwp_rev_product_name":"","cwp_rev_product_image":"","wppr_links":[],"cwp_rev_price":"","wppr_options":[],"wppr_pros":[],"wppr_cons":[],"_monsterinsights_skip_tracking":false,"_monsterinsights_sitenote_active":false,"_monsterinsights_sitenote_note":"","_monsterinsights_sitenote_category":0,"footnotes":""},"categories":[11869],"tags":[11905,11874,11877,11906,11872,11873],"features":[],"class_list":{"0":"post-52985","1":"page","2":"type-page","3":"status-publish","4":"has-post-thumbnail","6":"category-programmi-preventivi-cat","7":"tag-creazione-preventivi","8":"tag-piattaforma-per-fare-preventivi","9":"tag-programma-per-fare-preventivi","10":"tag-proposify","11":"tag-software-per-fare-preventivi","12":"tag-soluzione-per-fare-preventivi"},"wppr_data":{"cwp_meta_box_check":"No"},"acf":[],"yoast_head":"<!-- This site is optimized with the Yoast SEO plugin v27.4 - https:\/\/yoast.com\/product\/yoast-seo-wordpress\/ -->\n<title>Proposify: recensione software per fare preventivi - Accurate Reviews<\/title>\n<meta name=\"description\" content=\"Proposify: recensione software di proposta online che ti d\u00e0 controllo e visibilit\u00e0 nella fase pi\u00f9 importante del tuo processo di vendita.\" \/>\n<meta name=\"robots\" content=\"index, follow, max-snippet:-1, max-image-preview:large, max-video-preview:-1\" \/>\n<link rel=\"canonical\" href=\"https:\/\/www.accuratereviews.com\/it\/programmi-preventivi\/proposify-recensione\/\" \/>\n<meta property=\"og:locale\" content=\"it_IT\" \/>\n<meta property=\"og:type\" content=\"article\" \/>\n<meta property=\"og:title\" content=\"Proposify: recensione software per fare preventivi - Accurate Reviews\" \/>\n<meta property=\"og:description\" content=\"Proposify: recensione software di proposta online che ti d\u00e0 controllo e visibilit\u00e0 nella fase pi\u00f9 importante del tuo processo di vendita.\" \/>\n<meta property=\"og:url\" content=\"https:\/\/www.accuratereviews.com\/it\/programmi-preventivi\/proposify-recensione\/\" \/>\n<meta property=\"og:site_name\" content=\"Accurate Reviews\" \/>\n<meta property=\"og:image\" content=\"https:\/\/www.accuratereviews.com\/wp-content\/uploads\/2022\/01\/Proposify-Logo.png\" \/>\n\t<meta property=\"og:image:width\" content=\"300\" \/>\n\t<meta property=\"og:image:height\" content=\"300\" \/>\n\t<meta property=\"og:image:type\" content=\"image\/png\" \/>\n<meta name=\"twitter:card\" content=\"summary_large_image\" \/>\n<meta name=\"twitter:label1\" content=\"Tempo di lettura stimato\" \/>\n\t<meta name=\"twitter:data1\" content=\"6 minuti\" \/>\n<script type=\"application\/ld+json\" class=\"yoast-schema-graph\">{\"@context\":\"https:\\\/\\\/schema.org\",\"@graph\":[{\"@type\":\"WebPage\",\"@id\":\"https:\\\/\\\/www.accuratereviews.com\\\/it\\\/programmi-preventivi\\\/proposify-recensione\\\/\",\"url\":\"https:\\\/\\\/www.accuratereviews.com\\\/it\\\/programmi-preventivi\\\/proposify-recensione\\\/\",\"name\":\"Proposify: recensione software per fare preventivi - Accurate Reviews\",\"isPartOf\":{\"@id\":\"https:\\\/\\\/www.accuratereviews.com\\\/it\\\/#website\"},\"primaryImageOfPage\":{\"@id\":\"https:\\\/\\\/www.accuratereviews.com\\\/it\\\/programmi-preventivi\\\/proposify-recensione\\\/#primaryimage\"},\"image\":{\"@id\":\"https:\\\/\\\/www.accuratereviews.com\\\/it\\\/programmi-preventivi\\\/proposify-recensione\\\/#primaryimage\"},\"thumbnailUrl\":\"https:\\\/\\\/www.accuratereviews.com\\\/wp-content\\\/uploads\\\/2022\\\/01\\\/Proposify-Logo.png\",\"datePublished\":\"2022-01-28T14:15:51+00:00\",\"description\":\"Proposify: recensione software di proposta online che ti d\u00e0 controllo e visibilit\u00e0 nella fase pi\u00f9 importante del tuo processo di vendita.\",\"breadcrumb\":{\"@id\":\"https:\\\/\\\/www.accuratereviews.com\\\/it\\\/programmi-preventivi\\\/proposify-recensione\\\/#breadcrumb\"},\"inLanguage\":\"it-IT\",\"potentialAction\":[{\"@type\":\"ReadAction\",\"target\":[\"https:\\\/\\\/www.accuratereviews.com\\\/it\\\/programmi-preventivi\\\/proposify-recensione\\\/\"]}]},{\"@type\":\"ImageObject\",\"inLanguage\":\"it-IT\",\"@id\":\"https:\\\/\\\/www.accuratereviews.com\\\/it\\\/programmi-preventivi\\\/proposify-recensione\\\/#primaryimage\",\"url\":\"https:\\\/\\\/www.accuratereviews.com\\\/wp-content\\\/uploads\\\/2022\\\/01\\\/Proposify-Logo.png\",\"contentUrl\":\"https:\\\/\\\/www.accuratereviews.com\\\/wp-content\\\/uploads\\\/2022\\\/01\\\/Proposify-Logo.png\",\"width\":300,\"height\":300},{\"@type\":\"BreadcrumbList\",\"@id\":\"https:\\\/\\\/www.accuratereviews.com\\\/it\\\/programmi-preventivi\\\/proposify-recensione\\\/#breadcrumb\",\"itemListElement\":[{\"@type\":\"ListItem\",\"position\":1,\"name\":\"Home\",\"item\":\"https:\\\/\\\/www.accuratereviews.com\\\/it\\\/\"},{\"@type\":\"ListItem\",\"position\":2,\"name\":\"Programmi per fare preventivi\",\"item\":\"https:\\\/\\\/www.accuratereviews.com\\\/it\\\/programmi-preventivi\\\/\"},{\"@type\":\"ListItem\",\"position\":3,\"name\":\"Proposify\"}]},{\"@type\":\"WebSite\",\"@id\":\"https:\\\/\\\/www.accuratereviews.com\\\/it\\\/#website\",\"url\":\"https:\\\/\\\/www.accuratereviews.com\\\/it\\\/\",\"name\":\"Accurate Reviews\",\"description\":\"\",\"potentialAction\":[{\"@type\":\"SearchAction\",\"target\":{\"@type\":\"EntryPoint\",\"urlTemplate\":\"https:\\\/\\\/www.accuratereviews.com\\\/it\\\/?s={search_term_string}\"},\"query-input\":{\"@type\":\"PropertyValueSpecification\",\"valueRequired\":true,\"valueName\":\"search_term_string\"}}],\"inLanguage\":\"it-IT\"}]}<\/script>\n<!-- \/ Yoast SEO plugin. -->","yoast_head_json":{"title":"Proposify: recensione software per fare preventivi - Accurate Reviews","description":"Proposify: recensione software di proposta online che ti d\u00e0 controllo e visibilit\u00e0 nella fase pi\u00f9 importante del tuo processo di vendita.","robots":{"index":"index","follow":"follow","max-snippet":"max-snippet:-1","max-image-preview":"max-image-preview:large","max-video-preview":"max-video-preview:-1"},"canonical":"https:\/\/www.accuratereviews.com\/it\/programmi-preventivi\/proposify-recensione\/","og_locale":"it_IT","og_type":"article","og_title":"Proposify: recensione software per fare preventivi - Accurate Reviews","og_description":"Proposify: recensione software di proposta online che ti d\u00e0 controllo e visibilit\u00e0 nella fase pi\u00f9 importante del tuo processo di vendita.","og_url":"https:\/\/www.accuratereviews.com\/it\/programmi-preventivi\/proposify-recensione\/","og_site_name":"Accurate Reviews","og_image":[{"width":300,"height":300,"url":"https:\/\/www.accuratereviews.com\/wp-content\/uploads\/2022\/01\/Proposify-Logo.png","type":"image\/png"}],"twitter_card":"summary_large_image","twitter_misc":{"Tempo di lettura stimato":"6 minuti"},"schema":{"@context":"https:\/\/schema.org","@graph":[{"@type":"WebPage","@id":"https:\/\/www.accuratereviews.com\/it\/programmi-preventivi\/proposify-recensione\/","url":"https:\/\/www.accuratereviews.com\/it\/programmi-preventivi\/proposify-recensione\/","name":"Proposify: recensione software per fare preventivi - Accurate Reviews","isPartOf":{"@id":"https:\/\/www.accuratereviews.com\/it\/#website"},"primaryImageOfPage":{"@id":"https:\/\/www.accuratereviews.com\/it\/programmi-preventivi\/proposify-recensione\/#primaryimage"},"image":{"@id":"https:\/\/www.accuratereviews.com\/it\/programmi-preventivi\/proposify-recensione\/#primaryimage"},"thumbnailUrl":"https:\/\/www.accuratereviews.com\/wp-content\/uploads\/2022\/01\/Proposify-Logo.png","datePublished":"2022-01-28T14:15:51+00:00","description":"Proposify: recensione software di proposta online che ti d\u00e0 controllo e visibilit\u00e0 nella fase pi\u00f9 importante del tuo processo di vendita.","breadcrumb":{"@id":"https:\/\/www.accuratereviews.com\/it\/programmi-preventivi\/proposify-recensione\/#breadcrumb"},"inLanguage":"it-IT","potentialAction":[{"@type":"ReadAction","target":["https:\/\/www.accuratereviews.com\/it\/programmi-preventivi\/proposify-recensione\/"]}]},{"@type":"ImageObject","inLanguage":"it-IT","@id":"https:\/\/www.accuratereviews.com\/it\/programmi-preventivi\/proposify-recensione\/#primaryimage","url":"https:\/\/www.accuratereviews.com\/wp-content\/uploads\/2022\/01\/Proposify-Logo.png","contentUrl":"https:\/\/www.accuratereviews.com\/wp-content\/uploads\/2022\/01\/Proposify-Logo.png","width":300,"height":300},{"@type":"BreadcrumbList","@id":"https:\/\/www.accuratereviews.com\/it\/programmi-preventivi\/proposify-recensione\/#breadcrumb","itemListElement":[{"@type":"ListItem","position":1,"name":"Home","item":"https:\/\/www.accuratereviews.com\/it\/"},{"@type":"ListItem","position":2,"name":"Programmi per fare preventivi","item":"https:\/\/www.accuratereviews.com\/it\/programmi-preventivi\/"},{"@type":"ListItem","position":3,"name":"Proposify"}]},{"@type":"WebSite","@id":"https:\/\/www.accuratereviews.com\/it\/#website","url":"https:\/\/www.accuratereviews.com\/it\/","name":"Accurate Reviews","description":"","potentialAction":[{"@type":"SearchAction","target":{"@type":"EntryPoint","urlTemplate":"https:\/\/www.accuratereviews.com\/it\/?s={search_term_string}"},"query-input":{"@type":"PropertyValueSpecification","valueRequired":true,"valueName":"search_term_string"}}],"inLanguage":"it-IT"}]}},"_links":{"self":[{"href":"https:\/\/www.accuratereviews.com\/it\/wp-json\/wp\/v2\/pages\/52985","targetHints":{"allow":["GET"]}}],"collection":[{"href":"https:\/\/www.accuratereviews.com\/it\/wp-json\/wp\/v2\/pages"}],"about":[{"href":"https:\/\/www.accuratereviews.com\/it\/wp-json\/wp\/v2\/types\/page"}],"author":[{"embeddable":true,"href":"https:\/\/www.accuratereviews.com\/it\/wp-json\/wp\/v2\/users\/16"}],"replies":[{"embeddable":true,"href":"https:\/\/www.accuratereviews.com\/it\/wp-json\/wp\/v2\/comments?post=52985"}],"version-history":[{"count":10,"href":"https:\/\/www.accuratereviews.com\/it\/wp-json\/wp\/v2\/pages\/52985\/revisions"}],"predecessor-version":[{"id":53031,"href":"https:\/\/www.accuratereviews.com\/it\/wp-json\/wp\/v2\/pages\/52985\/revisions\/53031"}],"up":[{"embeddable":true,"href":"https:\/\/www.accuratereviews.com\/it\/wp-json\/wp\/v2\/pages\/52783"}],"wp:featuredmedia":[{"embeddable":true,"href":"https:\/\/www.accuratereviews.com\/it\/wp-json\/wp\/v2\/media\/52986"}],"wp:attachment":[{"href":"https:\/\/www.accuratereviews.com\/it\/wp-json\/wp\/v2\/media?parent=52985"}],"wp:term":[{"taxonomy":"category","embeddable":true,"href":"https:\/\/www.accuratereviews.com\/it\/wp-json\/wp\/v2\/categories?post=52985"},{"taxonomy":"post_tag","embeddable":true,"href":"https:\/\/www.accuratereviews.com\/it\/wp-json\/wp\/v2\/tags?post=52985"},{"taxonomy":"features","embeddable":true,"href":"https:\/\/www.accuratereviews.com\/it\/wp-json\/wp\/v2\/features?post=52985"}],"curies":[{"name":"wp","href":"https:\/\/api.w.org\/{rel}","templated":true}]}}