{"id":52992,"date":"2022-01-28T14:21:04","date_gmt":"2022-01-28T14:21:04","guid":{"rendered":"https:\/\/www.accuratereviews.com\/?page_id=52992"},"modified":"2022-01-28T14:21:04","modified_gmt":"2022-01-28T14:21:04","slug":"better-proposals-recensione","status":"publish","type":"page","link":"https:\/\/www.accuratereviews.com\/it\/programmi-preventivi\/better-proposals-recensione\/","title":{"rendered":"Better Proposals"},"content":{"rendered":"<p><strong>Better Proposals<\/strong> \u00e8 un <strong>programma per creare preventivi<\/strong>\u00a0e proposte in modo semplice e veloce, personalizzando un modello predefinito disponibile sul marketplace. Esistono oltre 160 modelli che appaiono perfetti su desktop, tablet e dispositivi mobile: potrai scegliere quello che preferisci, aggiungere un logo, un video introduttivo della tua azienda e modificare il contenuto in modo che si adatti alle tue esigenze.<br \/>\n<strong>Better Proposals<\/strong> si integra anche con i tuoi strumenti preferiti come Zapier, Paypal, Trello, Hubspot, Pipedrive, Insightly, Basecamp e molti altri ancora.<\/p>\n<h2>BETTER PROPOSALS &#8211; VIDEO<\/h2>\n<div id=\"fluid-wrapper-counter-1\" class=\"g1-fluid-wrapper \" style=\"width:686px;\">\n<div style=\"padding-bottom:56.268221574344%;\"><iframe loading=\"lazy\" title=\"Better Proposals: The Future of Proposal Writing\" width=\"686\" height=\"386\" src=\"https:\/\/www.youtube.com\/embed\/VWogG0qqSaU?feature=oembed&amp;wmode=transparent&amp;autohide=1&amp;autoplay=0&amp;disablekb=0&amp;fs=1&amp;loop=0&amp;enablejsapi=1&amp;rel=0&amp;controls=2&amp;showinfo=0&amp;wmode=transparent&amp;autohide=2&amp;autoplay=0&amp;disablekb=0&amp;fs=1&amp;loop=0&amp;enablejsapi=1&amp;rel=0&amp;controls=2&amp;showinfo=1\" frameborder=\"0\" allow=\"accelerometer; autoplay; clipboard-write; encrypted-media; gyroscope; picture-in-picture\" allowfullscreen><\/iframe><\/div>\n<\/div>\n<h3>BETTER PROPOSALS &#8211; CARATTERISTICHE<\/h3>\n<ul>\n<li><strong>Risparmia tempo scrivendo proposte<\/strong>: il designer automatico rende facile creare proposte dall&#8217;aspetto fantastico in pochi minuti<\/li>\n<li><strong>Proposte online splendidamente progettate<\/strong>: oltre 160 bellissimi modelli che appaiono perfetti su desktop, tablet e dispositivi mobili<\/li>\n<li><strong>Impressiona i tuoi clienti<\/strong>: il &#8220;Dress to impress&#8221; si applica ancora online. L&#8217;interfaccia utente senza soluzione di continuit\u00e0 dar\u00e0 ai tuoi clienti un&#8217;esperienza che ricorderanno<\/li>\n<li><strong>Chiudi gli affari pi\u00f9 velocemente<\/strong>: i tuoi clienti possono firmare immediatamente la tua proposta e pagare la tua parcella, tutto dal link web sicuro e criptato che gli invii<\/li>\n<li><strong>Follow-up al momento giusto<\/strong>: ti mostrer\u00e0 quando i tuoi clienti leggono le tue proposte, cos\u00ec saprai esattamente quando tornare indietro e dare loro una spinta<\/li>\n<li><strong>Pipeline organizzata<\/strong>: le funzioni di reporting e monitoraggio ti permettono di vedere dove si trova ogni proposta nel processo di vendita, in modo da poter monitorare chi \u00e8 pronto a firmare, chi \u00e8 pronto per un follow-up e chi ha bisogno di maggiore attenzione<\/li>\n<li><strong>Sentitevi sicuri<\/strong>: a disposizione copertine che fanno la giusta prima impressione. I tuoi potenziali clienti giudicano un libro dalla sua copertina per questo deve essere fantastica. Scegli una copertina dal Marketplace o disegna la tua.<\/li>\n<\/ul>\n<h4>LE RECENSIONI DEGLI UTENTI<\/h4>\n<p><strong>Aaron N. &#8220;Senza dubbio&#8230; Il migliore disponibile!!!&#8221;<\/strong><br \/>\nCOMMENTI: lo adoro! Ho usato la prova gratuita e quando \u00e8 finita ho fatto l&#8217;upgrade. Finora, (tocchiamo ferro), tutte le proposte sono finite con contratti firmati!!!!<br \/>\nPRO: la capacit\u00e0 di personalizzare il marchio \u00e8 enorme. Tuttavia, la capacit\u00e0 per me di sapere quando il mio cliente ha visto la proposta e dove ha lasciato mi aiuta nel mio follow-up.<br \/>\nCONTRO: la cosa che meno mi piace del software \u00e8 l&#8217;editor di testo. A volte \u00e8 un po&#8217; difficile quando vuole apparire. Forse \u00e8 un errore dell&#8217;operatore, ma questa \u00e8 l&#8217;unica frustrazione che ho.<\/p>\n<p><strong>James H. &#8220;Il miglior software di proposte l\u00e0 fuori&#8221;<\/strong><br \/>\nCOMMENTI: grande!<br \/>\nPRO: sto usando BP da molto tempo ormai e rispetto davvero il prodotto. Come agenzia di vendita, posso dirvi che ho visto e usato molti software di proposta in passato, e Better Proposals \u00e8 di gran lunga il migliore l\u00e0 fuori. Ben fatto!<br \/>\nPRO: c&#8217;\u00e8 un po&#8217; una piccola curva di apprendimento per iniziare. Ne vale molto la pena una volta che lo fai!<\/p>\n<p><strong>Seth O. &#8220;BetterProposals ha cambiato il mio modo di vendere i miei servizi &#8211; in meglio&#8221;.<\/strong><br \/>\nCOMMENTI: un tasso di conversione del 36% e in miglioramento!<br \/>\nPRO: amo la facilit\u00e0 d&#8217;uso di questa piattaforma. Ho impostato un modello per ciascuno dei miei servizi. Poi, una volta fatta la telefonata iniziale con un potenziale cliente, invio la proposta. Dettaglia tutti i servizi in modo bello e mi aiuta davvero a mostrare, non a raccontare, il valore dei miei servizi.<br \/>\nCONTRO: l&#8217;esperienza di progettazione \u00e8 cos\u00ec facile da usare che gli manca un po&#8217; di flessibilit\u00e0 che vorrei. Inoltre, alcune delle integrazioni possono essere pi\u00f9 difficili da impostare &#8211; sarebbe bello avere pi\u00f9 &#8220;add-ons&#8221; disponibili per l&#8217;abbonamento base.<\/p>\n","protected":false},"excerpt":{"rendered":"<p>Better Proposals \u00e8 un programma per creare preventivi\u00a0e proposte in modo semplice e veloce, personalizzando un modello predefinito disponibile sul marketplace. Esistono oltre 160 modelli che appaiono perfetti su desktop, tablet e dispositivi mobile: potrai scegliere quello che preferisci, aggiungere un logo, un video introduttivo della tua azienda e modificare il contenuto in modo che si adatti alle tue esigenze.<\/p>\n","protected":false},"author":17,"featured_media":52995,"parent":52783,"menu_order":0,"comment_status":"open","ping_status":"closed","template":"g1_template_page_review_new.php","meta":{"_acf_changed":false,"cwp_meta_box_check":"No","cwp_rev_product_name":"","cwp_rev_product_image":"","wppr_links":[],"cwp_rev_price":"","wppr_options":[],"wppr_pros":[],"wppr_cons":[],"_monsterinsights_skip_tracking":false,"_monsterinsights_sitenote_active":false,"_monsterinsights_sitenote_note":"","_monsterinsights_sitenote_category":0,"footnotes":""},"categories":[11869],"tags":[11905,11874,11871,11877,11876,11872,11873],"features":[],"class_list":{"0":"post-52992","1":"page","2":"type-page","3":"status-publish","4":"has-post-thumbnail","6":"category-programmi-preventivi-cat","7":"tag-creazione-preventivi","8":"tag-piattaforma-per-fare-preventivi","9":"tag-preventivi","10":"tag-programma-per-fare-preventivi","11":"tag-sistema-per-fare-preventivi","12":"tag-software-per-fare-preventivi","13":"tag-soluzione-per-fare-preventivi"},"wppr_data":{"cwp_meta_box_check":"No"},"acf":[],"yoast_head":"<!-- This site is optimized with the Yoast SEO plugin v27.4 - https:\/\/yoast.com\/product\/yoast-seo-wordpress\/ -->\n<title>Better Proposals: recensione programma preventivi - Accurate Reviews<\/title>\n<meta name=\"description\" content=\"Better Proposals: recensione del programma per creare preventivi\u00a0e proposte in modo semplice e veloce. Scopri di pi\u00f9.\" \/>\n<meta name=\"robots\" content=\"index, follow, max-snippet:-1, max-image-preview:large, max-video-preview:-1\" \/>\n<link rel=\"canonical\" href=\"https:\/\/www.accuratereviews.com\/it\/programmi-preventivi\/better-proposals-recensione\/\" \/>\n<meta property=\"og:locale\" content=\"it_IT\" \/>\n<meta property=\"og:type\" content=\"article\" \/>\n<meta property=\"og:title\" content=\"Better Proposals: recensione programma preventivi - Accurate Reviews\" \/>\n<meta property=\"og:description\" content=\"Better Proposals: recensione del programma per creare preventivi\u00a0e proposte in modo semplice e veloce. Scopri di pi\u00f9.\" \/>\n<meta property=\"og:url\" content=\"https:\/\/www.accuratereviews.com\/it\/programmi-preventivi\/better-proposals-recensione\/\" \/>\n<meta property=\"og:site_name\" content=\"Accurate Reviews\" \/>\n<meta property=\"og:image\" content=\"https:\/\/www.accuratereviews.com\/wp-content\/uploads\/2022\/01\/BetterProposalsDarkPinkNEW-Download.png\" \/>\n\t<meta property=\"og:image:width\" content=\"2000\" \/>\n\t<meta property=\"og:image:height\" content=\"520\" \/>\n\t<meta property=\"og:image:type\" content=\"image\/png\" \/>\n<meta name=\"twitter:card\" content=\"summary_large_image\" \/>\n<meta name=\"twitter:label1\" content=\"Tempo di lettura stimato\" \/>\n\t<meta name=\"twitter:data1\" content=\"4 minuti\" \/>\n<script type=\"application\/ld+json\" class=\"yoast-schema-graph\">{\"@context\":\"https:\\\/\\\/schema.org\",\"@graph\":[{\"@type\":\"WebPage\",\"@id\":\"https:\\\/\\\/www.accuratereviews.com\\\/it\\\/programmi-preventivi\\\/better-proposals-recensione\\\/\",\"url\":\"https:\\\/\\\/www.accuratereviews.com\\\/it\\\/programmi-preventivi\\\/better-proposals-recensione\\\/\",\"name\":\"Better Proposals: recensione programma preventivi - Accurate Reviews\",\"isPartOf\":{\"@id\":\"https:\\\/\\\/www.accuratereviews.com\\\/it\\\/#website\"},\"primaryImageOfPage\":{\"@id\":\"https:\\\/\\\/www.accuratereviews.com\\\/it\\\/programmi-preventivi\\\/better-proposals-recensione\\\/#primaryimage\"},\"image\":{\"@id\":\"https:\\\/\\\/www.accuratereviews.com\\\/it\\\/programmi-preventivi\\\/better-proposals-recensione\\\/#primaryimage\"},\"thumbnailUrl\":\"https:\\\/\\\/www.accuratereviews.com\\\/wp-content\\\/uploads\\\/2022\\\/01\\\/BetterProposalsDarkPinkNEW-Download.png\",\"datePublished\":\"2022-01-28T14:21:04+00:00\",\"description\":\"Better Proposals: recensione del programma per creare preventivi\u00a0e proposte in modo semplice e veloce. Scopri di pi\u00f9.\",\"breadcrumb\":{\"@id\":\"https:\\\/\\\/www.accuratereviews.com\\\/it\\\/programmi-preventivi\\\/better-proposals-recensione\\\/#breadcrumb\"},\"inLanguage\":\"it-IT\",\"potentialAction\":[{\"@type\":\"ReadAction\",\"target\":[\"https:\\\/\\\/www.accuratereviews.com\\\/it\\\/programmi-preventivi\\\/better-proposals-recensione\\\/\"]}]},{\"@type\":\"ImageObject\",\"inLanguage\":\"it-IT\",\"@id\":\"https:\\\/\\\/www.accuratereviews.com\\\/it\\\/programmi-preventivi\\\/better-proposals-recensione\\\/#primaryimage\",\"url\":\"https:\\\/\\\/www.accuratereviews.com\\\/wp-content\\\/uploads\\\/2022\\\/01\\\/BetterProposalsDarkPinkNEW-Download.png\",\"contentUrl\":\"https:\\\/\\\/www.accuratereviews.com\\\/wp-content\\\/uploads\\\/2022\\\/01\\\/BetterProposalsDarkPinkNEW-Download.png\",\"width\":2000,\"height\":520},{\"@type\":\"BreadcrumbList\",\"@id\":\"https:\\\/\\\/www.accuratereviews.com\\\/it\\\/programmi-preventivi\\\/better-proposals-recensione\\\/#breadcrumb\",\"itemListElement\":[{\"@type\":\"ListItem\",\"position\":1,\"name\":\"Home\",\"item\":\"https:\\\/\\\/www.accuratereviews.com\\\/it\\\/\"},{\"@type\":\"ListItem\",\"position\":2,\"name\":\"Programmi per fare preventivi\",\"item\":\"https:\\\/\\\/www.accuratereviews.com\\\/it\\\/programmi-preventivi\\\/\"},{\"@type\":\"ListItem\",\"position\":3,\"name\":\"Better Proposals\"}]},{\"@type\":\"WebSite\",\"@id\":\"https:\\\/\\\/www.accuratereviews.com\\\/it\\\/#website\",\"url\":\"https:\\\/\\\/www.accuratereviews.com\\\/it\\\/\",\"name\":\"Accurate Reviews\",\"description\":\"\",\"potentialAction\":[{\"@type\":\"SearchAction\",\"target\":{\"@type\":\"EntryPoint\",\"urlTemplate\":\"https:\\\/\\\/www.accuratereviews.com\\\/it\\\/?s={search_term_string}\"},\"query-input\":{\"@type\":\"PropertyValueSpecification\",\"valueRequired\":true,\"valueName\":\"search_term_string\"}}],\"inLanguage\":\"it-IT\"}]}<\/script>\n<!-- \/ Yoast SEO plugin. -->","yoast_head_json":{"title":"Better Proposals: recensione programma preventivi - Accurate Reviews","description":"Better Proposals: recensione del programma per creare preventivi\u00a0e proposte in modo semplice e veloce. Scopri di pi\u00f9.","robots":{"index":"index","follow":"follow","max-snippet":"max-snippet:-1","max-image-preview":"max-image-preview:large","max-video-preview":"max-video-preview:-1"},"canonical":"https:\/\/www.accuratereviews.com\/it\/programmi-preventivi\/better-proposals-recensione\/","og_locale":"it_IT","og_type":"article","og_title":"Better Proposals: recensione programma preventivi - Accurate Reviews","og_description":"Better Proposals: recensione del programma per creare preventivi\u00a0e proposte in modo semplice e veloce. Scopri di pi\u00f9.","og_url":"https:\/\/www.accuratereviews.com\/it\/programmi-preventivi\/better-proposals-recensione\/","og_site_name":"Accurate Reviews","og_image":[{"width":2000,"height":520,"url":"https:\/\/www.accuratereviews.com\/wp-content\/uploads\/2022\/01\/BetterProposalsDarkPinkNEW-Download.png","type":"image\/png"}],"twitter_card":"summary_large_image","twitter_misc":{"Tempo di lettura stimato":"4 minuti"},"schema":{"@context":"https:\/\/schema.org","@graph":[{"@type":"WebPage","@id":"https:\/\/www.accuratereviews.com\/it\/programmi-preventivi\/better-proposals-recensione\/","url":"https:\/\/www.accuratereviews.com\/it\/programmi-preventivi\/better-proposals-recensione\/","name":"Better Proposals: recensione programma preventivi - Accurate Reviews","isPartOf":{"@id":"https:\/\/www.accuratereviews.com\/it\/#website"},"primaryImageOfPage":{"@id":"https:\/\/www.accuratereviews.com\/it\/programmi-preventivi\/better-proposals-recensione\/#primaryimage"},"image":{"@id":"https:\/\/www.accuratereviews.com\/it\/programmi-preventivi\/better-proposals-recensione\/#primaryimage"},"thumbnailUrl":"https:\/\/www.accuratereviews.com\/wp-content\/uploads\/2022\/01\/BetterProposalsDarkPinkNEW-Download.png","datePublished":"2022-01-28T14:21:04+00:00","description":"Better Proposals: recensione del programma per creare preventivi\u00a0e proposte in modo semplice e veloce. Scopri di pi\u00f9.","breadcrumb":{"@id":"https:\/\/www.accuratereviews.com\/it\/programmi-preventivi\/better-proposals-recensione\/#breadcrumb"},"inLanguage":"it-IT","potentialAction":[{"@type":"ReadAction","target":["https:\/\/www.accuratereviews.com\/it\/programmi-preventivi\/better-proposals-recensione\/"]}]},{"@type":"ImageObject","inLanguage":"it-IT","@id":"https:\/\/www.accuratereviews.com\/it\/programmi-preventivi\/better-proposals-recensione\/#primaryimage","url":"https:\/\/www.accuratereviews.com\/wp-content\/uploads\/2022\/01\/BetterProposalsDarkPinkNEW-Download.png","contentUrl":"https:\/\/www.accuratereviews.com\/wp-content\/uploads\/2022\/01\/BetterProposalsDarkPinkNEW-Download.png","width":2000,"height":520},{"@type":"BreadcrumbList","@id":"https:\/\/www.accuratereviews.com\/it\/programmi-preventivi\/better-proposals-recensione\/#breadcrumb","itemListElement":[{"@type":"ListItem","position":1,"name":"Home","item":"https:\/\/www.accuratereviews.com\/it\/"},{"@type":"ListItem","position":2,"name":"Programmi per fare preventivi","item":"https:\/\/www.accuratereviews.com\/it\/programmi-preventivi\/"},{"@type":"ListItem","position":3,"name":"Better Proposals"}]},{"@type":"WebSite","@id":"https:\/\/www.accuratereviews.com\/it\/#website","url":"https:\/\/www.accuratereviews.com\/it\/","name":"Accurate Reviews","description":"","potentialAction":[{"@type":"SearchAction","target":{"@type":"EntryPoint","urlTemplate":"https:\/\/www.accuratereviews.com\/it\/?s={search_term_string}"},"query-input":{"@type":"PropertyValueSpecification","valueRequired":true,"valueName":"search_term_string"}}],"inLanguage":"it-IT"}]}},"_links":{"self":[{"href":"https:\/\/www.accuratereviews.com\/it\/wp-json\/wp\/v2\/pages\/52992","targetHints":{"allow":["GET"]}}],"collection":[{"href":"https:\/\/www.accuratereviews.com\/it\/wp-json\/wp\/v2\/pages"}],"about":[{"href":"https:\/\/www.accuratereviews.com\/it\/wp-json\/wp\/v2\/types\/page"}],"author":[{"embeddable":true,"href":"https:\/\/www.accuratereviews.com\/it\/wp-json\/wp\/v2\/users\/17"}],"replies":[{"embeddable":true,"href":"https:\/\/www.accuratereviews.com\/it\/wp-json\/wp\/v2\/comments?post=52992"}],"version-history":[{"count":8,"href":"https:\/\/www.accuratereviews.com\/it\/wp-json\/wp\/v2\/pages\/52992\/revisions"}],"predecessor-version":[{"id":53033,"href":"https:\/\/www.accuratereviews.com\/it\/wp-json\/wp\/v2\/pages\/52992\/revisions\/53033"}],"up":[{"embeddable":true,"href":"https:\/\/www.accuratereviews.com\/it\/wp-json\/wp\/v2\/pages\/52783"}],"wp:featuredmedia":[{"embeddable":true,"href":"https:\/\/www.accuratereviews.com\/it\/wp-json\/wp\/v2\/media\/52995"}],"wp:attachment":[{"href":"https:\/\/www.accuratereviews.com\/it\/wp-json\/wp\/v2\/media?parent=52992"}],"wp:term":[{"taxonomy":"category","embeddable":true,"href":"https:\/\/www.accuratereviews.com\/it\/wp-json\/wp\/v2\/categories?post=52992"},{"taxonomy":"post_tag","embeddable":true,"href":"https:\/\/www.accuratereviews.com\/it\/wp-json\/wp\/v2\/tags?post=52992"},{"taxonomy":"features","embeddable":true,"href":"https:\/\/www.accuratereviews.com\/it\/wp-json\/wp\/v2\/features?post=52992"}],"curies":[{"name":"wp","href":"https:\/\/api.w.org\/{rel}","templated":true}]}}