{"id":53054,"date":"2022-01-31T13:30:19","date_gmt":"2022-01-31T13:30:19","guid":{"rendered":"https:\/\/www.accuratereviews.com\/?page_id=53054"},"modified":"2022-02-01T08:15:44","modified_gmt":"2022-02-01T08:15:44","slug":"quotewerks-recensione","status":"publish","type":"page","link":"https:\/\/www.accuratereviews.com\/it\/programmi-preventivi\/quotewerks-recensione\/","title":{"rendered":"QuoteWerks"},"content":{"rendered":"<p><strong>QuoteWerks<\/strong> \u00e8 una <strong>soluzione di CPQ<\/strong> che pu\u00f2 essere utilizzata in qualsiasi settore per la creazione di offerte e proposte di vendita. Si integra con soluzioni di gestione dei clienti come ACT!, Autotask, ConnectWise, GoldMine, Contatti Google, Maximizer, MS Dynamics CRM, Outlook, \u00a0salesforce.com, SalesLogix e SugarCRM.\u00a0Gli utenti possono importare le informazioni sui prodotti collegando la soluzione a fonti di database di prodotti come database esterni, fogli di calcolo Excel o file di testo, oppure le informazioni sui prodotti possono essere digitate direttamente nel preventivo. <strong>QuoteWerks<\/strong> pu\u00f2 anche citare i prodotti archiviati in QuickBooks, Sage 50 o Peachtree.\u00a0Gli utenti possono ottenere prezzi in tempo reale e disponibilit\u00e0 di magazzino dai fornitori, nonch\u00e9 descrizioni dei prodotti, immagini e descrizioni di marketing.<\/p>\n<h2>QUOTEWERKS &#8211; TUTORIAL<\/h2>\n<p>Guardiamo come integrare questo <strong>programma per fare preventivi<\/strong> con Zoho CRM:<\/p>\n<div id=\"fluid-wrapper-counter-1\" class=\"g1-fluid-wrapper \" style=\"width:686px;\">\n<div style=\"padding-bottom:56.268221574344%;\"><iframe loading=\"lazy\" title=\"Zoho CRM and QuoteWerks Version 5.7 New Features\" width=\"686\" height=\"386\" src=\"https:\/\/www.youtube.com\/embed\/99CGDMDrwS0?feature=oembed&amp;wmode=transparent&amp;autohide=1&amp;autoplay=0&amp;disablekb=0&amp;fs=1&amp;loop=0&amp;enablejsapi=1&amp;rel=0&amp;controls=2&amp;showinfo=0&amp;wmode=transparent&amp;autohide=2&amp;autoplay=0&amp;disablekb=0&amp;fs=1&amp;loop=0&amp;enablejsapi=1&amp;rel=0&amp;controls=2&amp;showinfo=1\" frameborder=\"0\" allow=\"accelerometer; autoplay; clipboard-write; encrypted-media; gyroscope; picture-in-picture\" allowfullscreen><\/iframe><\/div>\n<\/div>\n<h3>QUOTEWERKS &#8211; CARATTERISTICHE<\/h3>\n<ul>\n<li><strong>Trasparenza della pipeline di vendita<\/strong>: un design semplice ma potente offre ai rappresentanti di vendita un modo efficiente e semplice per creare, fornire e tenere traccia delle interazioni con i clienti per chiudere<\/li>\n<li><strong>Riduci errori<\/strong>: i flussi di lavoro di approvazione tra pari e di gestione garantiscono che ogni documento creato sia accurato e coerente per ridurre errori e citazioni errate<\/li>\n<li><strong>Integrato per l&#8217;efficienza<\/strong>: le integrazioni CRM e contabilit\u00e0 leader del settore trasferiranno i tuoi dati di vendita importanti tra il programma e le tue soluzioni gi\u00e0 implementate<\/li>\n<li><strong>Firma elettronica e accettazione<\/strong>: ottieni le firme dei clienti elettronicamente senza pi\u00f9 chiedere al cliente di stampare il PDF, firmarlo e poi inviarlo via email<\/li>\n<li><strong>Raccogliere pagamenti con carta di credito \/ ACH<\/strong>: incassare depositi, pagamenti anticipati, saldi o l&#8217;intero importo del preventivo. supporta oltre 80 gateway<\/li>\n<li><strong>Sapere quando vengono visualizzate le quotazioni:<\/strong> ti sei mai chiesto cosa succede al tuo preventivo dopo averlo inviato? Quante volte un cliente ha chiesto uno sconto e ti sei chiesto se ha gi\u00e0 guardato la proposta? Ricevi una notifica al momento della visione del documento<\/li>\n<li><strong>Citazioni e proposte belle e di marca<\/strong>: personalizza le tue offerte e proposte di vendita con layout belli e professionali. Includere documenti importanti come SOW, termini e condizioni e contratti. Crea presentazioni straordinarie<\/li>\n<li><strong>Standardizza prezzi e flussi di lavoro<\/strong>: crea elenchi di articoli, modelli e bundle per standardizzare le offerte di prodotti e servizi della tua azienda in un flusso di lavoro semplice ed efficiente per la creazione di documenti.<\/li>\n<li><strong>Archiviazione centralizzata dei preventivi<\/strong>: archivia e gestisci tutti i tuoi documenti in una posizione centrale e ricercabile per trovare facilmente i documenti esistenti. Filtra per data, azienda, rappresentante di vendita e molto altro.<\/li>\n<\/ul>\n<h4>LE RECENSIONI DEGLI UTENTI<\/h4>\n<p class=\"font-weight-bold mb-2\"><strong>Sandra M.&#8221;Strumento di citazione che semplifica le tue attivit\u00e0&#8221;<\/strong><\/p>\n<p class=\"font-weight-bold mb-2\"><strong>Pro<\/strong>:\u00a0Davvero un ottimo strumento. Siamo in grado di creare preventivi personalizzati in base alle esigenze. Offre funzionalit\u00e0 di controllo ortografico che correggono automaticamente. \u00c8 un ottimo strumento per tutte le organizzazioni. \u00c8 molto meglio che creare fogli di calcolo. Anche l&#8217;assistenza clienti \u00e8 molto buona. Possiamo integrarci con il sistema ERP. Inoltre offre un prezzo molto conveniente. Grazie QuoteWorks.<\/p>\n<p class=\"font-weight-bold mb-2\"><strong>Contro<\/strong>:\u00a0L&#8217;interfaccia utente desktop non \u00e8 buona come l&#8217;interfaccia utente moderna. Tranne questo Davvero un ottimo strumento per preventivi che li rende facili da capire e attraenti. Grazie QuoteWorks.<\/p>\n<p class=\"font-weight-bold mb-2\"><strong>Eli P.&#8221;Gestione intuitiva dei preventivi, gli aggiornamenti possono essere complicati&#8221;<\/strong><\/p>\n<p><span class=\"font-weight-bold\"><strong>Commenti<\/strong>: <\/span>Nel complesso, QuoteWerks \u00e8 un prodotto positivo da utilizzare, ma non per le aziende meno tecniche a causa di problemi di aggiornamento.<\/p>\n<p class=\"font-weight-bold mb-2\"><strong>Pro<\/strong>:\u00a0QuoteWerks consente una facile gestione dei preventivi. Il prodotto aiuta a creare e tenere traccia dei preventivi con poche frustrazioni.<\/p>\n<p class=\"font-weight-bold mb-2\"><strong>Contro<\/strong>:\u00a0Gli aggiornamenti del prodotto possono essere complicati. Assicurati di avere un SQL Egineer disponibile per aiutarti con i problemi di aggiornamento.<\/p>\n<p class=\"font-weight-bold mb-2\"><strong>Jason M.&#8221;Soluzione perfetta per quotare il software!&#8221;<\/strong><\/p>\n<p><span class=\"font-weight-bold\"><strong>Commenti<\/strong>: <\/span>Prima di Quotewerks, il nostro ufficio utilizzava Microsoft Word per creare preventivi e salvarli in una cartella casuale. Quotewerks ci ha consentito di utilizzare tutti un sistema, mantenere tutto organizzato, tenere traccia della nostra cronologia delle vendite e semplificare tutti i nostri processi di vendita! Lo consiglio vivamente a chiunque cerchi software di quotazione!<\/p>\n<p class=\"font-weight-bold mb-2\"><strong>Pro<\/strong>:\u00a0Facilit\u00e0 d&#8217;uso, possibilit\u00e0 di personalizzare i report generati, archiviazione centralizzata per preventivi di pi\u00f9 venditori.<\/p>\n<p class=\"font-weight-bold mb-2\"><strong>Contro<\/strong>:\u00a0Posizionamento del campo fisso per le schede nel software.<\/p>\n","protected":false},"excerpt":{"rendered":"<p>QuoteWerks \u00e8 una soluzione di CPQ che pu\u00f2 essere utilizzata in qualsiasi settore per la creazione di offerte e proposte di vendita. Si integra con soluzioni di gestione dei clienti come ACT!, Autotask, ConnectWise, GoldMine, Contatti Google, Maximizer, MS Dynamics CRM, Outlook, \u00a0salesforce.com, SalesLogix e SugarCRM.\u00a0<\/p>\n","protected":false},"author":16,"featured_media":53068,"parent":52783,"menu_order":0,"comment_status":"open","ping_status":"closed","template":"g1_template_page_review_new.php","meta":{"_acf_changed":false,"cwp_meta_box_check":"No","cwp_rev_product_name":"","cwp_rev_product_image":"","wppr_links":[],"cwp_rev_price":"","wppr_options":[],"wppr_pros":[],"wppr_cons":[],"_monsterinsights_skip_tracking":false,"_monsterinsights_sitenote_active":false,"_monsterinsights_sitenote_note":"","_monsterinsights_sitenote_category":0,"footnotes":""},"categories":[11869],"tags":[11914,11874,11877,11915,11872,11873],"features":[],"class_list":{"0":"post-53054","1":"page","2":"type-page","3":"status-publish","4":"has-post-thumbnail","6":"category-programmi-preventivi-cat","7":"tag-creare-preventivi","8":"tag-piattaforma-per-fare-preventivi","9":"tag-programma-per-fare-preventivi","10":"tag-quotewerks","11":"tag-software-per-fare-preventivi","12":"tag-soluzione-per-fare-preventivi"},"wppr_data":{"cwp_meta_box_check":"No"},"acf":[],"yoast_head":"<!-- This site is optimized with the Yoast SEO plugin v27.4 - https:\/\/yoast.com\/product\/yoast-seo-wordpress\/ -->\n<title>QuoteWerks: recensione software per fare preventivi - Accurate Reviews<\/title>\n<meta name=\"description\" content=\"QuoteWerks: recensione soluzione di CPQ che pu\u00f2 essere utilizzata in qualsiasi settore per la creazione di offerte e proposte di vendita.\" \/>\n<meta name=\"robots\" content=\"index, follow, max-snippet:-1, max-image-preview:large, max-video-preview:-1\" \/>\n<link rel=\"canonical\" href=\"https:\/\/www.accuratereviews.com\/it\/programmi-preventivi\/quotewerks-recensione\/\" \/>\n<meta property=\"og:locale\" content=\"it_IT\" \/>\n<meta property=\"og:type\" content=\"article\" \/>\n<meta property=\"og:title\" content=\"QuoteWerks: recensione software per fare preventivi - Accurate Reviews\" \/>\n<meta property=\"og:description\" content=\"QuoteWerks: recensione soluzione di CPQ che pu\u00f2 essere utilizzata in qualsiasi settore per la creazione di offerte e proposte di vendita.\" \/>\n<meta property=\"og:url\" content=\"https:\/\/www.accuratereviews.com\/it\/programmi-preventivi\/quotewerks-recensione\/\" \/>\n<meta property=\"og:site_name\" content=\"Accurate Reviews\" \/>\n<meta property=\"article:modified_time\" content=\"2022-02-01T08:15:44+00:00\" \/>\n<meta property=\"og:image\" content=\"https:\/\/www.accuratereviews.com\/wp-content\/uploads\/2022\/01\/QuoteWerks.png\" \/>\n\t<meta property=\"og:image:width\" content=\"256\" \/>\n\t<meta property=\"og:image:height\" content=\"256\" \/>\n\t<meta property=\"og:image:type\" content=\"image\/png\" \/>\n<meta name=\"twitter:card\" content=\"summary_large_image\" \/>\n<meta name=\"twitter:label1\" content=\"Tempo di lettura stimato\" \/>\n\t<meta name=\"twitter:data1\" content=\"4 minuti\" \/>\n<script type=\"application\/ld+json\" class=\"yoast-schema-graph\">{\"@context\":\"https:\\\/\\\/schema.org\",\"@graph\":[{\"@type\":\"WebPage\",\"@id\":\"https:\\\/\\\/www.accuratereviews.com\\\/it\\\/programmi-preventivi\\\/quotewerks-recensione\\\/\",\"url\":\"https:\\\/\\\/www.accuratereviews.com\\\/it\\\/programmi-preventivi\\\/quotewerks-recensione\\\/\",\"name\":\"QuoteWerks: recensione software per fare preventivi - Accurate Reviews\",\"isPartOf\":{\"@id\":\"https:\\\/\\\/www.accuratereviews.com\\\/it\\\/#website\"},\"primaryImageOfPage\":{\"@id\":\"https:\\\/\\\/www.accuratereviews.com\\\/it\\\/programmi-preventivi\\\/quotewerks-recensione\\\/#primaryimage\"},\"image\":{\"@id\":\"https:\\\/\\\/www.accuratereviews.com\\\/it\\\/programmi-preventivi\\\/quotewerks-recensione\\\/#primaryimage\"},\"thumbnailUrl\":\"https:\\\/\\\/www.accuratereviews.com\\\/wp-content\\\/uploads\\\/2022\\\/01\\\/QuoteWerks.png\",\"datePublished\":\"2022-01-31T13:30:19+00:00\",\"dateModified\":\"2022-02-01T08:15:44+00:00\",\"description\":\"QuoteWerks: recensione soluzione di CPQ che pu\u00f2 essere utilizzata in qualsiasi settore per la creazione di offerte e proposte di vendita.\",\"breadcrumb\":{\"@id\":\"https:\\\/\\\/www.accuratereviews.com\\\/it\\\/programmi-preventivi\\\/quotewerks-recensione\\\/#breadcrumb\"},\"inLanguage\":\"it-IT\",\"potentialAction\":[{\"@type\":\"ReadAction\",\"target\":[\"https:\\\/\\\/www.accuratereviews.com\\\/it\\\/programmi-preventivi\\\/quotewerks-recensione\\\/\"]}]},{\"@type\":\"ImageObject\",\"inLanguage\":\"it-IT\",\"@id\":\"https:\\\/\\\/www.accuratereviews.com\\\/it\\\/programmi-preventivi\\\/quotewerks-recensione\\\/#primaryimage\",\"url\":\"https:\\\/\\\/www.accuratereviews.com\\\/wp-content\\\/uploads\\\/2022\\\/01\\\/QuoteWerks.png\",\"contentUrl\":\"https:\\\/\\\/www.accuratereviews.com\\\/wp-content\\\/uploads\\\/2022\\\/01\\\/QuoteWerks.png\",\"width\":256,\"height\":256},{\"@type\":\"BreadcrumbList\",\"@id\":\"https:\\\/\\\/www.accuratereviews.com\\\/it\\\/programmi-preventivi\\\/quotewerks-recensione\\\/#breadcrumb\",\"itemListElement\":[{\"@type\":\"ListItem\",\"position\":1,\"name\":\"Home\",\"item\":\"https:\\\/\\\/www.accuratereviews.com\\\/it\\\/\"},{\"@type\":\"ListItem\",\"position\":2,\"name\":\"Programmi per fare preventivi\",\"item\":\"https:\\\/\\\/www.accuratereviews.com\\\/it\\\/programmi-preventivi\\\/\"},{\"@type\":\"ListItem\",\"position\":3,\"name\":\"QuoteWerks\"}]},{\"@type\":\"WebSite\",\"@id\":\"https:\\\/\\\/www.accuratereviews.com\\\/it\\\/#website\",\"url\":\"https:\\\/\\\/www.accuratereviews.com\\\/it\\\/\",\"name\":\"Accurate Reviews\",\"description\":\"\",\"potentialAction\":[{\"@type\":\"SearchAction\",\"target\":{\"@type\":\"EntryPoint\",\"urlTemplate\":\"https:\\\/\\\/www.accuratereviews.com\\\/it\\\/?s={search_term_string}\"},\"query-input\":{\"@type\":\"PropertyValueSpecification\",\"valueRequired\":true,\"valueName\":\"search_term_string\"}}],\"inLanguage\":\"it-IT\"}]}<\/script>\n<!-- \/ Yoast SEO plugin. -->","yoast_head_json":{"title":"QuoteWerks: recensione software per fare preventivi - Accurate Reviews","description":"QuoteWerks: recensione soluzione di CPQ che pu\u00f2 essere utilizzata in qualsiasi settore per la creazione di offerte e proposte di vendita.","robots":{"index":"index","follow":"follow","max-snippet":"max-snippet:-1","max-image-preview":"max-image-preview:large","max-video-preview":"max-video-preview:-1"},"canonical":"https:\/\/www.accuratereviews.com\/it\/programmi-preventivi\/quotewerks-recensione\/","og_locale":"it_IT","og_type":"article","og_title":"QuoteWerks: recensione software per fare preventivi - Accurate Reviews","og_description":"QuoteWerks: recensione soluzione di CPQ che pu\u00f2 essere utilizzata in qualsiasi settore per la creazione di offerte e proposte di vendita.","og_url":"https:\/\/www.accuratereviews.com\/it\/programmi-preventivi\/quotewerks-recensione\/","og_site_name":"Accurate Reviews","article_modified_time":"2022-02-01T08:15:44+00:00","og_image":[{"width":256,"height":256,"url":"https:\/\/www.accuratereviews.com\/wp-content\/uploads\/2022\/01\/QuoteWerks.png","type":"image\/png"}],"twitter_card":"summary_large_image","twitter_misc":{"Tempo di lettura stimato":"4 minuti"},"schema":{"@context":"https:\/\/schema.org","@graph":[{"@type":"WebPage","@id":"https:\/\/www.accuratereviews.com\/it\/programmi-preventivi\/quotewerks-recensione\/","url":"https:\/\/www.accuratereviews.com\/it\/programmi-preventivi\/quotewerks-recensione\/","name":"QuoteWerks: recensione software per fare preventivi - Accurate Reviews","isPartOf":{"@id":"https:\/\/www.accuratereviews.com\/it\/#website"},"primaryImageOfPage":{"@id":"https:\/\/www.accuratereviews.com\/it\/programmi-preventivi\/quotewerks-recensione\/#primaryimage"},"image":{"@id":"https:\/\/www.accuratereviews.com\/it\/programmi-preventivi\/quotewerks-recensione\/#primaryimage"},"thumbnailUrl":"https:\/\/www.accuratereviews.com\/wp-content\/uploads\/2022\/01\/QuoteWerks.png","datePublished":"2022-01-31T13:30:19+00:00","dateModified":"2022-02-01T08:15:44+00:00","description":"QuoteWerks: recensione soluzione di CPQ che pu\u00f2 essere utilizzata in qualsiasi settore per la creazione di offerte e proposte di vendita.","breadcrumb":{"@id":"https:\/\/www.accuratereviews.com\/it\/programmi-preventivi\/quotewerks-recensione\/#breadcrumb"},"inLanguage":"it-IT","potentialAction":[{"@type":"ReadAction","target":["https:\/\/www.accuratereviews.com\/it\/programmi-preventivi\/quotewerks-recensione\/"]}]},{"@type":"ImageObject","inLanguage":"it-IT","@id":"https:\/\/www.accuratereviews.com\/it\/programmi-preventivi\/quotewerks-recensione\/#primaryimage","url":"https:\/\/www.accuratereviews.com\/wp-content\/uploads\/2022\/01\/QuoteWerks.png","contentUrl":"https:\/\/www.accuratereviews.com\/wp-content\/uploads\/2022\/01\/QuoteWerks.png","width":256,"height":256},{"@type":"BreadcrumbList","@id":"https:\/\/www.accuratereviews.com\/it\/programmi-preventivi\/quotewerks-recensione\/#breadcrumb","itemListElement":[{"@type":"ListItem","position":1,"name":"Home","item":"https:\/\/www.accuratereviews.com\/it\/"},{"@type":"ListItem","position":2,"name":"Programmi per fare preventivi","item":"https:\/\/www.accuratereviews.com\/it\/programmi-preventivi\/"},{"@type":"ListItem","position":3,"name":"QuoteWerks"}]},{"@type":"WebSite","@id":"https:\/\/www.accuratereviews.com\/it\/#website","url":"https:\/\/www.accuratereviews.com\/it\/","name":"Accurate Reviews","description":"","potentialAction":[{"@type":"SearchAction","target":{"@type":"EntryPoint","urlTemplate":"https:\/\/www.accuratereviews.com\/it\/?s={search_term_string}"},"query-input":{"@type":"PropertyValueSpecification","valueRequired":true,"valueName":"search_term_string"}}],"inLanguage":"it-IT"}]}},"_links":{"self":[{"href":"https:\/\/www.accuratereviews.com\/it\/wp-json\/wp\/v2\/pages\/53054","targetHints":{"allow":["GET"]}}],"collection":[{"href":"https:\/\/www.accuratereviews.com\/it\/wp-json\/wp\/v2\/pages"}],"about":[{"href":"https:\/\/www.accuratereviews.com\/it\/wp-json\/wp\/v2\/types\/page"}],"author":[{"embeddable":true,"href":"https:\/\/www.accuratereviews.com\/it\/wp-json\/wp\/v2\/users\/16"}],"replies":[{"embeddable":true,"href":"https:\/\/www.accuratereviews.com\/it\/wp-json\/wp\/v2\/comments?post=53054"}],"version-history":[{"count":10,"href":"https:\/\/www.accuratereviews.com\/it\/wp-json\/wp\/v2\/pages\/53054\/revisions"}],"predecessor-version":[{"id":53116,"href":"https:\/\/www.accuratereviews.com\/it\/wp-json\/wp\/v2\/pages\/53054\/revisions\/53116"}],"up":[{"embeddable":true,"href":"https:\/\/www.accuratereviews.com\/it\/wp-json\/wp\/v2\/pages\/52783"}],"wp:featuredmedia":[{"embeddable":true,"href":"https:\/\/www.accuratereviews.com\/it\/wp-json\/wp\/v2\/media\/53068"}],"wp:attachment":[{"href":"https:\/\/www.accuratereviews.com\/it\/wp-json\/wp\/v2\/media?parent=53054"}],"wp:term":[{"taxonomy":"category","embeddable":true,"href":"https:\/\/www.accuratereviews.com\/it\/wp-json\/wp\/v2\/categories?post=53054"},{"taxonomy":"post_tag","embeddable":true,"href":"https:\/\/www.accuratereviews.com\/it\/wp-json\/wp\/v2\/tags?post=53054"},{"taxonomy":"features","embeddable":true,"href":"https:\/\/www.accuratereviews.com\/it\/wp-json\/wp\/v2\/features?post=53054"}],"curies":[{"name":"wp","href":"https:\/\/api.w.org\/{rel}","templated":true}]}}