{"id":53061,"date":"2022-01-31T13:27:43","date_gmt":"2022-01-31T13:27:43","guid":{"rendered":"https:\/\/www.accuratereviews.com\/?page_id=53061"},"modified":"2022-01-31T13:27:43","modified_gmt":"2022-01-31T13:27:43","slug":"quotient-recensione","status":"publish","type":"page","link":"https:\/\/www.accuratereviews.com\/it\/programmi-preventivi\/quotient-recensione\/","title":{"rendered":"Quotient"},"content":{"rendered":"<p><strong>Quotient<\/strong> \u00e8 una <strong>soluzione CPQ<\/strong> (configure-price-quote) basata su <strong>cloud<\/strong> che si rivolge alle piccole imprese di vari settori aiutando gli utenti a creare, inviare e gestire preventivi professionali. Le caratteristiche principali includono la gestione dei contatti, i prezzi e le proposte. Il programma consente agli utenti di aggiungere immagini, collegamenti a siti web e file alle citazioni. Gli utenti possono anche contrassegnare gli articoli come facoltativi o creare opzioni a scelta multipla per i moduli di offerta. La soluzione permette agli utenti di convertire i preventivi in \u200b\u200bmodelli e di archiviarli in una libreria di contenuti. La dashboard centrale mostra preventivi aggiornati, domande, notifiche e altre attivit\u00e0 commerciali. \u00c8 inoltre possibile accedere a Quotient tramite pi\u00f9 dispositivi inclusi telefoni cellulari e tablet.<\/p>\n<h2>QUOTIENT &#8211; TUTORIAL<\/h2>\n<p>Il video mostra cosa pu\u00f2 offrire questo <strong>programma per creare preventivi<\/strong>:<\/p>\n<div id=\"fluid-wrapper-counter-1\" class=\"g1-fluid-wrapper \" style=\"width:686px;\">\n<div style=\"padding-bottom:56.268221574344%;\"><iframe loading=\"lazy\" title=\"Getting Started with Quotient\" width=\"686\" height=\"386\" src=\"https:\/\/www.youtube.com\/embed\/bSDF0WaZA-k?feature=oembed&amp;wmode=transparent&amp;autohide=1&amp;autoplay=0&amp;disablekb=0&amp;fs=1&amp;loop=0&amp;enablejsapi=1&amp;rel=0&amp;controls=2&amp;showinfo=0&amp;wmode=transparent&amp;autohide=2&amp;autoplay=0&amp;disablekb=0&amp;fs=1&amp;loop=0&amp;enablejsapi=1&amp;rel=0&amp;controls=2&amp;showinfo=1\" frameborder=\"0\" allow=\"accelerometer; autoplay; clipboard-write; encrypted-media; gyroscope; picture-in-picture\" allowfullscreen><\/iframe><\/div>\n<\/div>\n<h2>QUOTIENT &#8211; CARATTERISTICHE<\/h2>\n<ul>\n<li>Consenti ai clienti di accettare online i preventivi in qualsiasi momento<\/li>\n<li>Includi articoli opzionali e a scelta multipla<\/li>\n<li>Automatizza il follow-up quando \u00e8 il momento<\/li>\n<li>Vedi con precisione quando un cliente apre il tuo preventivo<\/li>\n<li>Consenti ai clienti di porre domande direttamente sul preventivo<\/li>\n<li>Includi immagini e file<\/li>\n<li>Il contenuto salvato rende la citazione super veloce<\/li>\n<li>Cattura i lead online, direttamente in Quotient<\/li>\n<li>Raccogli facilmente feedback e recensioni una volta terminato il lavoro<\/li>\n<li>Puoi inviare fatture al tuo software di contabilit\u00e0 o cercare contatti dal tuo CRM preferito.<\/li>\n<\/ul>\n<h4>LE RECENSIONI DEGLI UTENTI<\/h4>\n<p class=\"font-weight-bold mb-2\"><strong>Kathryn P.&#8221;PERFEZIONE&#8221;<\/strong><\/p>\n<p><span class=\"font-weight-bold\"><strong>Commenti<\/strong>: <\/span>INCREDIBILMENTE felice! Cos\u00ec facile da configurare e la funzionalit\u00e0 perfetta per ci\u00f2 di cui avevamo bisogno!<\/p>\n<p class=\"font-weight-bold mb-2\"><strong>Pro<\/strong>:\u00a0Ho provato e provato a trovare qualcosa che funzioni bene con la fatturazione online Quickbooks e i pagamenti Quickbooks. Tutte le societ\u00e0 di software CRM vogliono che tu utilizzi i loro sistemi di fatturazione. Era cos\u00ec frustrante. Questo \u00e8 SENZA GIUNTE con QB!!! Lo adoro!!!<\/p>\n<p class=\"font-weight-bold mb-2\"><strong>Contro<\/strong>:\u00a0Mi piacerebbe un po&#8217; pi\u00f9 di personalizzazione del design sui modelli\/moduli.<\/p>\n<p><strong>Philisa N.&#8221;Il miglior software per preventivi professionali&#8221;<\/strong><\/p>\n<p class=\"font-weight-bold mb-2\"><strong>Pro<\/strong>:\u00a0Mi piace la professionalit\u00e0 dei loro software e le nostre quotazioni escono sempre dagli altri<\/p>\n<p class=\"font-weight-bold mb-2\"><strong>Contro<\/strong>:\u00a0Mi piace che tu possa scegliere anche i colori perch\u00e9 con l&#8217;aggiunta di loghi la maggior parte dei software ce l&#8217;hanno, quindi non c&#8217;\u00e8 niente che mi piaccia di meno<\/p>\n<p class=\"font-weight-bold mb-2\"><strong>Lazarus K.&#8221;Servizio clienti eccezionale&#8221;<\/strong><\/p>\n<p class=\"font-weight-bold mb-2\"><strong>Commenti<\/strong>: Quello che mi piace di pi\u00f9 \u00e8 che sono in grado di mostrare le recensioni dei clienti sui miei nuovi preventivi che invio. Sono anche in grado di utilizzare un modello. questo mi serve molto tempo<\/p>\n<p><strong>Pro<\/strong>:\u00a0Ho iniziato a usare Quotient proprio quando \u00e8 iniziato il Covid-19 e il lockdown. Ho contattato il team di Quotient e ho chiesto un&#8217;estensione del periodo di prova e hanno accettato di concedermi l&#8217;accesso fino alla fine di giugno. Questo mi ha permesso di risparmiare un po&#8217; sui costi e mi ha dato abbastanza tempo per provare il prodotto. Sono pronti a intervenire e ad aiutare quando ho domande o se ho difficolt\u00e0 con il sistema.<\/p>\n<p><strong>Contro<\/strong>:\u00a0L&#8217;unica cosa che desidero \u00e8 che sia in grado di generare fatture ripetute su base mensile direttamente da Quotient a Xero.<\/p>\n","protected":false},"excerpt":{"rendered":"<p>Quotient \u00e8 una soluzione CPQ (configure-price-quote) basata su cloud che si rivolge alle piccole imprese di vari settori verticali e aiuta gli utenti a creare, inviare e gestire preventivi professionali. Le caratteristiche principali includono la gestione dei contatti, i prezzi e le proposte. Il programma\u00a0consente agli utenti di aggiungere immagini, collegamenti a siti web e file alle citazioni. Gli utenti possono anche contrassegnare gli articoli come facoltativi o creare opzioni a scelta multipla per i moduli di offerta.<\/p>\n","protected":false},"author":16,"featured_media":53062,"parent":52783,"menu_order":0,"comment_status":"open","ping_status":"closed","template":"g1_template_page_review_new.php","meta":{"_acf_changed":false,"cwp_meta_box_check":"No","cwp_rev_product_name":"","cwp_rev_product_image":"","wppr_links":[],"cwp_rev_price":"","wppr_options":[],"wppr_pros":[],"wppr_cons":[],"_monsterinsights_skip_tracking":false,"_monsterinsights_sitenote_active":false,"_monsterinsights_sitenote_note":"","_monsterinsights_sitenote_category":0,"footnotes":""},"categories":[11869],"tags":[11905,11874,11877,11913,11872,11873],"features":[],"class_list":{"0":"post-53061","1":"page","2":"type-page","3":"status-publish","4":"has-post-thumbnail","6":"category-programmi-preventivi-cat","7":"tag-creazione-preventivi","8":"tag-piattaforma-per-fare-preventivi","9":"tag-programma-per-fare-preventivi","10":"tag-quotient","11":"tag-software-per-fare-preventivi","12":"tag-soluzione-per-fare-preventivi"},"wppr_data":{"cwp_meta_box_check":"No"},"acf":[],"yoast_head":"<!-- This site is optimized with the Yoast SEO plugin v27.4 - https:\/\/yoast.com\/product\/yoast-seo-wordpress\/ -->\n<title>Quotient: recensione software per fare preventivi - Accurate Reviews<\/title>\n<meta name=\"description\" content=\"Quotient: recensione soluzione CPQ (configure-price-quote) basata su cloud che si rivolge alle piccole imprese di vari settori verticali\" \/>\n<meta name=\"robots\" content=\"index, follow, max-snippet:-1, max-image-preview:large, max-video-preview:-1\" \/>\n<link rel=\"canonical\" href=\"https:\/\/www.accuratereviews.com\/it\/programmi-preventivi\/quotient-recensione\/\" \/>\n<meta property=\"og:locale\" content=\"it_IT\" \/>\n<meta property=\"og:type\" content=\"article\" \/>\n<meta property=\"og:title\" content=\"Quotient: recensione software per fare preventivi - Accurate Reviews\" \/>\n<meta property=\"og:description\" content=\"Quotient: recensione soluzione CPQ (configure-price-quote) basata su cloud che si rivolge alle piccole imprese di vari settori verticali\" \/>\n<meta property=\"og:url\" content=\"https:\/\/www.accuratereviews.com\/it\/programmi-preventivi\/quotient-recensione\/\" \/>\n<meta property=\"og:site_name\" content=\"Accurate Reviews\" \/>\n<meta property=\"og:image\" content=\"https:\/\/www.accuratereviews.com\/wp-content\/uploads\/2022\/01\/Quotient.webp\" \/>\n\t<meta property=\"og:image:width\" content=\"620\" \/>\n\t<meta property=\"og:image:height\" content=\"620\" \/>\n\t<meta property=\"og:image:type\" content=\"image\/webp\" \/>\n<meta name=\"twitter:card\" content=\"summary_large_image\" \/>\n<meta name=\"twitter:label1\" content=\"Tempo di lettura stimato\" \/>\n\t<meta name=\"twitter:data1\" content=\"3 minuti\" \/>\n<script type=\"application\/ld+json\" class=\"yoast-schema-graph\">{\"@context\":\"https:\\\/\\\/schema.org\",\"@graph\":[{\"@type\":\"WebPage\",\"@id\":\"https:\\\/\\\/www.accuratereviews.com\\\/it\\\/programmi-preventivi\\\/quotient-recensione\\\/\",\"url\":\"https:\\\/\\\/www.accuratereviews.com\\\/it\\\/programmi-preventivi\\\/quotient-recensione\\\/\",\"name\":\"Quotient: recensione software per fare preventivi - Accurate Reviews\",\"isPartOf\":{\"@id\":\"https:\\\/\\\/www.accuratereviews.com\\\/it\\\/#website\"},\"primaryImageOfPage\":{\"@id\":\"https:\\\/\\\/www.accuratereviews.com\\\/it\\\/programmi-preventivi\\\/quotient-recensione\\\/#primaryimage\"},\"image\":{\"@id\":\"https:\\\/\\\/www.accuratereviews.com\\\/it\\\/programmi-preventivi\\\/quotient-recensione\\\/#primaryimage\"},\"thumbnailUrl\":\"https:\\\/\\\/www.accuratereviews.com\\\/wp-content\\\/uploads\\\/2022\\\/01\\\/Quotient.webp\",\"datePublished\":\"2022-01-31T13:27:43+00:00\",\"description\":\"Quotient: recensione soluzione CPQ (configure-price-quote) basata su cloud che si rivolge alle piccole imprese di vari settori verticali\",\"breadcrumb\":{\"@id\":\"https:\\\/\\\/www.accuratereviews.com\\\/it\\\/programmi-preventivi\\\/quotient-recensione\\\/#breadcrumb\"},\"inLanguage\":\"it-IT\",\"potentialAction\":[{\"@type\":\"ReadAction\",\"target\":[\"https:\\\/\\\/www.accuratereviews.com\\\/it\\\/programmi-preventivi\\\/quotient-recensione\\\/\"]}]},{\"@type\":\"ImageObject\",\"inLanguage\":\"it-IT\",\"@id\":\"https:\\\/\\\/www.accuratereviews.com\\\/it\\\/programmi-preventivi\\\/quotient-recensione\\\/#primaryimage\",\"url\":\"https:\\\/\\\/www.accuratereviews.com\\\/wp-content\\\/uploads\\\/2022\\\/01\\\/Quotient.webp\",\"contentUrl\":\"https:\\\/\\\/www.accuratereviews.com\\\/wp-content\\\/uploads\\\/2022\\\/01\\\/Quotient.webp\",\"width\":620,\"height\":620},{\"@type\":\"BreadcrumbList\",\"@id\":\"https:\\\/\\\/www.accuratereviews.com\\\/it\\\/programmi-preventivi\\\/quotient-recensione\\\/#breadcrumb\",\"itemListElement\":[{\"@type\":\"ListItem\",\"position\":1,\"name\":\"Home\",\"item\":\"https:\\\/\\\/www.accuratereviews.com\\\/it\\\/\"},{\"@type\":\"ListItem\",\"position\":2,\"name\":\"Programmi per fare preventivi\",\"item\":\"https:\\\/\\\/www.accuratereviews.com\\\/it\\\/programmi-preventivi\\\/\"},{\"@type\":\"ListItem\",\"position\":3,\"name\":\"Quotient\"}]},{\"@type\":\"WebSite\",\"@id\":\"https:\\\/\\\/www.accuratereviews.com\\\/it\\\/#website\",\"url\":\"https:\\\/\\\/www.accuratereviews.com\\\/it\\\/\",\"name\":\"Accurate Reviews\",\"description\":\"\",\"potentialAction\":[{\"@type\":\"SearchAction\",\"target\":{\"@type\":\"EntryPoint\",\"urlTemplate\":\"https:\\\/\\\/www.accuratereviews.com\\\/it\\\/?s={search_term_string}\"},\"query-input\":{\"@type\":\"PropertyValueSpecification\",\"valueRequired\":true,\"valueName\":\"search_term_string\"}}],\"inLanguage\":\"it-IT\"}]}<\/script>\n<!-- \/ Yoast SEO plugin. -->","yoast_head_json":{"title":"Quotient: recensione software per fare preventivi - Accurate Reviews","description":"Quotient: recensione soluzione CPQ (configure-price-quote) basata su cloud che si rivolge alle piccole imprese di vari settori verticali","robots":{"index":"index","follow":"follow","max-snippet":"max-snippet:-1","max-image-preview":"max-image-preview:large","max-video-preview":"max-video-preview:-1"},"canonical":"https:\/\/www.accuratereviews.com\/it\/programmi-preventivi\/quotient-recensione\/","og_locale":"it_IT","og_type":"article","og_title":"Quotient: recensione software per fare preventivi - Accurate Reviews","og_description":"Quotient: recensione soluzione CPQ (configure-price-quote) basata su cloud che si rivolge alle piccole imprese di vari settori verticali","og_url":"https:\/\/www.accuratereviews.com\/it\/programmi-preventivi\/quotient-recensione\/","og_site_name":"Accurate Reviews","og_image":[{"width":620,"height":620,"url":"https:\/\/www.accuratereviews.com\/wp-content\/uploads\/2022\/01\/Quotient.webp","type":"image\/webp"}],"twitter_card":"summary_large_image","twitter_misc":{"Tempo di lettura stimato":"3 minuti"},"schema":{"@context":"https:\/\/schema.org","@graph":[{"@type":"WebPage","@id":"https:\/\/www.accuratereviews.com\/it\/programmi-preventivi\/quotient-recensione\/","url":"https:\/\/www.accuratereviews.com\/it\/programmi-preventivi\/quotient-recensione\/","name":"Quotient: recensione software per fare preventivi - Accurate Reviews","isPartOf":{"@id":"https:\/\/www.accuratereviews.com\/it\/#website"},"primaryImageOfPage":{"@id":"https:\/\/www.accuratereviews.com\/it\/programmi-preventivi\/quotient-recensione\/#primaryimage"},"image":{"@id":"https:\/\/www.accuratereviews.com\/it\/programmi-preventivi\/quotient-recensione\/#primaryimage"},"thumbnailUrl":"https:\/\/www.accuratereviews.com\/wp-content\/uploads\/2022\/01\/Quotient.webp","datePublished":"2022-01-31T13:27:43+00:00","description":"Quotient: recensione soluzione CPQ (configure-price-quote) basata su cloud che si rivolge alle piccole imprese di vari settori verticali","breadcrumb":{"@id":"https:\/\/www.accuratereviews.com\/it\/programmi-preventivi\/quotient-recensione\/#breadcrumb"},"inLanguage":"it-IT","potentialAction":[{"@type":"ReadAction","target":["https:\/\/www.accuratereviews.com\/it\/programmi-preventivi\/quotient-recensione\/"]}]},{"@type":"ImageObject","inLanguage":"it-IT","@id":"https:\/\/www.accuratereviews.com\/it\/programmi-preventivi\/quotient-recensione\/#primaryimage","url":"https:\/\/www.accuratereviews.com\/wp-content\/uploads\/2022\/01\/Quotient.webp","contentUrl":"https:\/\/www.accuratereviews.com\/wp-content\/uploads\/2022\/01\/Quotient.webp","width":620,"height":620},{"@type":"BreadcrumbList","@id":"https:\/\/www.accuratereviews.com\/it\/programmi-preventivi\/quotient-recensione\/#breadcrumb","itemListElement":[{"@type":"ListItem","position":1,"name":"Home","item":"https:\/\/www.accuratereviews.com\/it\/"},{"@type":"ListItem","position":2,"name":"Programmi per fare preventivi","item":"https:\/\/www.accuratereviews.com\/it\/programmi-preventivi\/"},{"@type":"ListItem","position":3,"name":"Quotient"}]},{"@type":"WebSite","@id":"https:\/\/www.accuratereviews.com\/it\/#website","url":"https:\/\/www.accuratereviews.com\/it\/","name":"Accurate Reviews","description":"","potentialAction":[{"@type":"SearchAction","target":{"@type":"EntryPoint","urlTemplate":"https:\/\/www.accuratereviews.com\/it\/?s={search_term_string}"},"query-input":{"@type":"PropertyValueSpecification","valueRequired":true,"valueName":"search_term_string"}}],"inLanguage":"it-IT"}]}},"_links":{"self":[{"href":"https:\/\/www.accuratereviews.com\/it\/wp-json\/wp\/v2\/pages\/53061","targetHints":{"allow":["GET"]}}],"collection":[{"href":"https:\/\/www.accuratereviews.com\/it\/wp-json\/wp\/v2\/pages"}],"about":[{"href":"https:\/\/www.accuratereviews.com\/it\/wp-json\/wp\/v2\/types\/page"}],"author":[{"embeddable":true,"href":"https:\/\/www.accuratereviews.com\/it\/wp-json\/wp\/v2\/users\/16"}],"replies":[{"embeddable":true,"href":"https:\/\/www.accuratereviews.com\/it\/wp-json\/wp\/v2\/comments?post=53061"}],"version-history":[{"count":7,"href":"https:\/\/www.accuratereviews.com\/it\/wp-json\/wp\/v2\/pages\/53061\/revisions"}],"predecessor-version":[{"id":53096,"href":"https:\/\/www.accuratereviews.com\/it\/wp-json\/wp\/v2\/pages\/53061\/revisions\/53096"}],"up":[{"embeddable":true,"href":"https:\/\/www.accuratereviews.com\/it\/wp-json\/wp\/v2\/pages\/52783"}],"wp:featuredmedia":[{"embeddable":true,"href":"https:\/\/www.accuratereviews.com\/it\/wp-json\/wp\/v2\/media\/53062"}],"wp:attachment":[{"href":"https:\/\/www.accuratereviews.com\/it\/wp-json\/wp\/v2\/media?parent=53061"}],"wp:term":[{"taxonomy":"category","embeddable":true,"href":"https:\/\/www.accuratereviews.com\/it\/wp-json\/wp\/v2\/categories?post=53061"},{"taxonomy":"post_tag","embeddable":true,"href":"https:\/\/www.accuratereviews.com\/it\/wp-json\/wp\/v2\/tags?post=53061"},{"taxonomy":"features","embeddable":true,"href":"https:\/\/www.accuratereviews.com\/it\/wp-json\/wp\/v2\/features?post=53061"}],"curies":[{"name":"wp","href":"https:\/\/api.w.org\/{rel}","templated":true}]}}