{"id":53078,"date":"2022-01-31T13:46:10","date_gmt":"2022-01-31T13:46:10","guid":{"rendered":"https:\/\/www.accuratereviews.com\/?page_id=53078"},"modified":"2022-02-01T13:24:49","modified_gmt":"2022-02-01T13:24:49","slug":"shopvox-recensione","status":"publish","type":"page","link":"https:\/\/www.accuratereviews.com\/it\/programmi-preventivi\/shopvox-recensione\/","title":{"rendered":"ShopVOX"},"content":{"rendered":"<p><strong>ShopVOX<\/strong>\u00a0\u00e8 una piattaforma basata su cloud che supporta aziende e imprese che realizzano articoli personalizzati come prodotti promozionali, insegne commerciali, incisioni e adesivi, nella gestione e nell&#8217;ottimizzazione dei flussi di lavoro.<br \/>\nIl suo obiettivo \u00e8 quello di aumentare la produttivit\u00e0 e, di conseguenza, la redditivit\u00e0 dell&#8217;azienda semplificando la <strong>creazione dei preventivi<\/strong>, la gestione dei dipendenti, del lavoro, degli ordini e delle vendite.<strong>\u00a0ShopVOX<\/strong> offre una suite completa di strumenti avanzati che ti permetteranno tutto questo.<\/p>\n<h2>SHOPVOX &#8211; TUTORIAL<\/h2>\n<p>Di seguito un breve video che ci mostra come funziona questo <strong>software per creare preventivi<\/strong>:<\/p>\n<div id=\"fluid-wrapper-counter-1\" class=\"g1-fluid-wrapper \" style=\"width:686px;\">\n<div style=\"padding-bottom:56.268221574344%;\"><iframe loading=\"lazy\" title=\"Organize your shop management with shopVOX\" width=\"686\" height=\"386\" src=\"https:\/\/www.youtube.com\/embed\/vSGQP6IkEKE?list=PLc8oETsY6WXz8ttHpGSUNKJsfjZ8K0CCk\" frameborder=\"0\" allow=\"accelerometer; autoplay; clipboard-write; encrypted-media; gyroscope; picture-in-picture\" allowfullscreen><\/iframe><\/div>\n<\/div>\n<h3>SHOPVOX &#8211; CARATTERISTICHE<\/h3>\n<ul>\n<li><strong>Impostazione super veloce<\/strong>: non c&#8217;\u00e8 bisogno di perdere ore con le impostazioni con shopVOX. Organizza il tuo negozio in meno di un&#8217;ora<\/li>\n<li><strong>Preventivi<\/strong>: elimina tutte le incertezze nel fissare i prezzi del tuo lavoro. Fornire ai tuoi clienti preventivi veloci e coerenti \u00e8 appena diventato molto pi\u00f9 facile<\/li>\n<li><strong>Prove online<\/strong>: rendi le prove facili per i tuoi clienti e per il tuo staff. Ha strumenti di prova online per permettere ai tuoi clienti di vedere e approvare le prove senza problemi.<\/li>\n<li><strong>Integrazioni<\/strong>: collegato a tutti gli strumenti di cui hai bisogno. Porta le vendite, il design, la produzione, l&#8217;assistenza clienti e la contabilit\u00e0 sotto lo stesso tetto, il che ti d\u00e0 informazioni affidabili per prendere decisioni aziendali migliori<\/li>\n<li><strong>Gestione dei lavori<\/strong>: non lasciare mai che un altro lavoro vada perduto. ShopVOX permette di fabbricare prodotti in modo pi\u00f9 rapido ed efficiente, riducendo gli errori e aumentando la produttivit\u00e0 e il potenziale di guadagno.<\/li>\n<li><strong>Supporto di esperti<\/strong>: puoi sempre raggiungere una persona dal vivo per le tue domande, 24 ore al giorno dal luned\u00ec al venerd\u00ec. L&#8217;amichevole team di supporto \u00e8 composto da esperti di shopVOX e di solito pu\u00f2 aiutarti entro cinque minuti.<\/li>\n<\/ul>\n<h4>LE RECENSIONI DEGLI UTENTI<\/h4>\n<p><strong>Aurelie D. &#8220;Uno strumento molto completo&#8221;<\/strong><br \/>\nCOMMENTI: Shopvox \u00e8 un ottimo software che abbiamo gi\u00e0 utilizzato diversi anni fa. Ci eravamo fermati per problemi di compatibilit\u00e0 con la legge francese.<br \/>\nMa non siamo riusciti a trovare uno strumento altrettanto efficiente n\u00e9 per i prezzi n\u00e9 per la programmazione, quindi abbiamo optato per tornare a Shopvox e riconfigurare tutto da zero. Il nostro margine \u00e8 migliore, risparmiamo un sacco di tempo, siamo entusiasti!<br \/>\nPRO: facilit\u00e0 di fare preventivi. I prezzi calcolati sono buoni. Nessun possibile errore sul calcolo della superficie<br \/>\nCONTRO: molte funzioni non sono tradotte nella nostra lingua, il che ci limita le possibilit\u00e0 di utilizzo, soprattutto per i termini tecnici. Alcune richieste di supporto specifiche richiedono molto tempo per essere elaborate<\/p>\n<p><strong>Dani H. &#8220;Ottimo software per la gestione del Printshop&#8221;<\/strong><br \/>\nPRO: ottimo software. Fa molto. Pi\u00f9 focalizzato sui negozi di insegne piuttosto che sulle stamperie on-demand e sull&#8217;intermediazione. Ha un sacco di grandi caratteristiche<br \/>\nCONTRO: l&#8217;interfaccia utente \u00e8 un po&#8217; complicata. Non molto amichevole per i piccoli negozi di stampa<\/p>\n<p><strong>Tiffany H. &#8220;Non potremmo lavorare senza&#8221;<\/strong><br \/>\nCOMMENTI: la nostra esperienza complessiva \u00e8 stata positiva. Possiamo fare tutte le nostre citazioni, fatturazione, monitorare il nostro uso del materiale e assicurarci che il nostro tempo sia contabilizzato. Stampiamo i nostri rapporti mensili da esso per depositare l&#8217;imposta sulle vendite, e siamo molto soddisfatti. Lo usiamo tutti i giorni e abbiamo intenzione di usarlo tutti i giorni in futuro.<br \/>\nPRO: la facilit\u00e0 d&#8217;uso. Essere in grado di costruire prodotti accurati e assicurarci di essere pagati il giusto importo per la nostra produzione. Il fatto che possiamo calcolare il nostro tempo e non dobbiamo indovinare i prezzi, d\u00e0 ai nostri clienti la fiducia che quando vengono da noi di volta in volta sanno di essere trattati bene.<br \/>\nCONTRO: ci sono molte caratteristiche che dobbiamo implementare di pi\u00f9. Essendo un business pi\u00f9 recente non siamo stati in grado di ritagliarci il tempo necessario. Ma dato che lo stiamo usando ora, non posso davvero dare alcun contro. Ci ha servito bene.<\/p>\n","protected":false},"excerpt":{"rendered":"<p>ShopVOX\u00a0\u00e8 una piattaforma basata su cloud che supporta aziende e imprese che realizzano articoli personalizzati come prodotti promozionali, insegne commerciali, incisioni e adesivi, nella gestione e nell&#8217;ottimizzazione dei flussi di lavoro. Il suo obiettivo \u00e8 quello di aumentare la produttivit\u00e0 e, di conseguenza, la redditivit\u00e0 dell&#8217;azienda semplificando la creazione dei preventivi, la gestione dei dipendenti, del lavoro, degli ordini e delle vendite.<\/p>\n","protected":false},"author":17,"featured_media":53055,"parent":52783,"menu_order":0,"comment_status":"open","ping_status":"closed","template":"g1_template_page_review_new.php","meta":{"_acf_changed":false,"cwp_meta_box_check":"No","cwp_rev_product_name":"","cwp_rev_product_image":"","wppr_links":[],"cwp_rev_price":"","wppr_options":[],"wppr_pros":[],"wppr_cons":[],"_monsterinsights_skip_tracking":false,"_monsterinsights_sitenote_active":false,"_monsterinsights_sitenote_note":"","_monsterinsights_sitenote_category":0,"footnotes":""},"categories":[11869],"tags":[11905,11874,11871,11877,11916,11876,11872,11873],"features":[],"class_list":{"0":"post-53078","1":"page","2":"type-page","3":"status-publish","4":"has-post-thumbnail","6":"category-programmi-preventivi-cat","7":"tag-creazione-preventivi","8":"tag-piattaforma-per-fare-preventivi","9":"tag-preventivi","10":"tag-programma-per-fare-preventivi","11":"tag-shopvox","12":"tag-sistema-per-fare-preventivi","13":"tag-software-per-fare-preventivi","14":"tag-soluzione-per-fare-preventivi"},"wppr_data":{"cwp_meta_box_check":"No"},"acf":[],"yoast_head":"<!-- This site is optimized with the Yoast SEO plugin v27.4 - https:\/\/yoast.com\/product\/yoast-seo-wordpress\/ -->\n<title>ShopVOX: recensione software preventivi - Accurate Reviews<\/title>\n<meta name=\"description\" content=\"ShopVOX: recensione del software che semplifica la creazione dei preventivi, la gestione dei dipendenti, del lavoro, delle vendite ecc.\" \/>\n<meta name=\"robots\" content=\"index, follow, max-snippet:-1, max-image-preview:large, max-video-preview:-1\" \/>\n<link rel=\"canonical\" href=\"https:\/\/www.accuratereviews.com\/it\/programmi-preventivi\/shopvox-recensione\/\" \/>\n<meta property=\"og:locale\" content=\"it_IT\" \/>\n<meta property=\"og:type\" content=\"article\" \/>\n<meta property=\"og:title\" content=\"ShopVOX: recensione software preventivi - Accurate Reviews\" \/>\n<meta property=\"og:description\" content=\"ShopVOX: recensione del software che semplifica la creazione dei preventivi, la gestione dei dipendenti, del lavoro, delle vendite ecc.\" \/>\n<meta property=\"og:url\" content=\"https:\/\/www.accuratereviews.com\/it\/programmi-preventivi\/shopvox-recensione\/\" \/>\n<meta property=\"og:site_name\" content=\"Accurate Reviews\" \/>\n<meta property=\"article:modified_time\" content=\"2022-02-01T13:24:49+00:00\" \/>\n<meta property=\"og:image\" content=\"https:\/\/www.accuratereviews.com\/wp-content\/uploads\/2022\/01\/shopVOX.jpeg\" \/>\n\t<meta property=\"og:image:width\" content=\"960\" \/>\n\t<meta property=\"og:image:height\" content=\"272\" \/>\n\t<meta property=\"og:image:type\" content=\"image\/jpeg\" \/>\n<meta name=\"twitter:card\" content=\"summary_large_image\" \/>\n<meta name=\"twitter:label1\" content=\"Tempo di lettura stimato\" \/>\n\t<meta name=\"twitter:data1\" content=\"4 minuti\" \/>\n<script type=\"application\/ld+json\" class=\"yoast-schema-graph\">{\"@context\":\"https:\\\/\\\/schema.org\",\"@graph\":[{\"@type\":\"WebPage\",\"@id\":\"https:\\\/\\\/www.accuratereviews.com\\\/it\\\/programmi-preventivi\\\/shopvox-recensione\\\/\",\"url\":\"https:\\\/\\\/www.accuratereviews.com\\\/it\\\/programmi-preventivi\\\/shopvox-recensione\\\/\",\"name\":\"ShopVOX: recensione software preventivi - Accurate Reviews\",\"isPartOf\":{\"@id\":\"https:\\\/\\\/www.accuratereviews.com\\\/it\\\/#website\"},\"primaryImageOfPage\":{\"@id\":\"https:\\\/\\\/www.accuratereviews.com\\\/it\\\/programmi-preventivi\\\/shopvox-recensione\\\/#primaryimage\"},\"image\":{\"@id\":\"https:\\\/\\\/www.accuratereviews.com\\\/it\\\/programmi-preventivi\\\/shopvox-recensione\\\/#primaryimage\"},\"thumbnailUrl\":\"https:\\\/\\\/www.accuratereviews.com\\\/wp-content\\\/uploads\\\/2022\\\/01\\\/shopVOX.jpeg\",\"datePublished\":\"2022-01-31T13:46:10+00:00\",\"dateModified\":\"2022-02-01T13:24:49+00:00\",\"description\":\"ShopVOX: recensione del software che semplifica la creazione dei preventivi, la gestione dei dipendenti, del lavoro, delle vendite ecc.\",\"breadcrumb\":{\"@id\":\"https:\\\/\\\/www.accuratereviews.com\\\/it\\\/programmi-preventivi\\\/shopvox-recensione\\\/#breadcrumb\"},\"inLanguage\":\"it-IT\",\"potentialAction\":[{\"@type\":\"ReadAction\",\"target\":[\"https:\\\/\\\/www.accuratereviews.com\\\/it\\\/programmi-preventivi\\\/shopvox-recensione\\\/\"]}]},{\"@type\":\"ImageObject\",\"inLanguage\":\"it-IT\",\"@id\":\"https:\\\/\\\/www.accuratereviews.com\\\/it\\\/programmi-preventivi\\\/shopvox-recensione\\\/#primaryimage\",\"url\":\"https:\\\/\\\/www.accuratereviews.com\\\/wp-content\\\/uploads\\\/2022\\\/01\\\/shopVOX.jpeg\",\"contentUrl\":\"https:\\\/\\\/www.accuratereviews.com\\\/wp-content\\\/uploads\\\/2022\\\/01\\\/shopVOX.jpeg\",\"width\":960,\"height\":272},{\"@type\":\"BreadcrumbList\",\"@id\":\"https:\\\/\\\/www.accuratereviews.com\\\/it\\\/programmi-preventivi\\\/shopvox-recensione\\\/#breadcrumb\",\"itemListElement\":[{\"@type\":\"ListItem\",\"position\":1,\"name\":\"Home\",\"item\":\"https:\\\/\\\/www.accuratereviews.com\\\/it\\\/\"},{\"@type\":\"ListItem\",\"position\":2,\"name\":\"Programmi per fare preventivi\",\"item\":\"https:\\\/\\\/www.accuratereviews.com\\\/it\\\/programmi-preventivi\\\/\"},{\"@type\":\"ListItem\",\"position\":3,\"name\":\"ShopVOX\"}]},{\"@type\":\"WebSite\",\"@id\":\"https:\\\/\\\/www.accuratereviews.com\\\/it\\\/#website\",\"url\":\"https:\\\/\\\/www.accuratereviews.com\\\/it\\\/\",\"name\":\"Accurate Reviews\",\"description\":\"\",\"potentialAction\":[{\"@type\":\"SearchAction\",\"target\":{\"@type\":\"EntryPoint\",\"urlTemplate\":\"https:\\\/\\\/www.accuratereviews.com\\\/it\\\/?s={search_term_string}\"},\"query-input\":{\"@type\":\"PropertyValueSpecification\",\"valueRequired\":true,\"valueName\":\"search_term_string\"}}],\"inLanguage\":\"it-IT\"}]}<\/script>\n<!-- \/ Yoast SEO plugin. -->","yoast_head_json":{"title":"ShopVOX: recensione software preventivi - Accurate Reviews","description":"ShopVOX: recensione del software che semplifica la creazione dei preventivi, la gestione dei dipendenti, del lavoro, delle vendite ecc.","robots":{"index":"index","follow":"follow","max-snippet":"max-snippet:-1","max-image-preview":"max-image-preview:large","max-video-preview":"max-video-preview:-1"},"canonical":"https:\/\/www.accuratereviews.com\/it\/programmi-preventivi\/shopvox-recensione\/","og_locale":"it_IT","og_type":"article","og_title":"ShopVOX: recensione software preventivi - Accurate Reviews","og_description":"ShopVOX: recensione del software che semplifica la creazione dei preventivi, la gestione dei dipendenti, del lavoro, delle vendite ecc.","og_url":"https:\/\/www.accuratereviews.com\/it\/programmi-preventivi\/shopvox-recensione\/","og_site_name":"Accurate Reviews","article_modified_time":"2022-02-01T13:24:49+00:00","og_image":[{"width":960,"height":272,"url":"https:\/\/www.accuratereviews.com\/wp-content\/uploads\/2022\/01\/shopVOX.jpeg","type":"image\/jpeg"}],"twitter_card":"summary_large_image","twitter_misc":{"Tempo di lettura stimato":"4 minuti"},"schema":{"@context":"https:\/\/schema.org","@graph":[{"@type":"WebPage","@id":"https:\/\/www.accuratereviews.com\/it\/programmi-preventivi\/shopvox-recensione\/","url":"https:\/\/www.accuratereviews.com\/it\/programmi-preventivi\/shopvox-recensione\/","name":"ShopVOX: recensione software preventivi - Accurate Reviews","isPartOf":{"@id":"https:\/\/www.accuratereviews.com\/it\/#website"},"primaryImageOfPage":{"@id":"https:\/\/www.accuratereviews.com\/it\/programmi-preventivi\/shopvox-recensione\/#primaryimage"},"image":{"@id":"https:\/\/www.accuratereviews.com\/it\/programmi-preventivi\/shopvox-recensione\/#primaryimage"},"thumbnailUrl":"https:\/\/www.accuratereviews.com\/wp-content\/uploads\/2022\/01\/shopVOX.jpeg","datePublished":"2022-01-31T13:46:10+00:00","dateModified":"2022-02-01T13:24:49+00:00","description":"ShopVOX: recensione del software che semplifica la creazione dei preventivi, la gestione dei dipendenti, del lavoro, delle vendite ecc.","breadcrumb":{"@id":"https:\/\/www.accuratereviews.com\/it\/programmi-preventivi\/shopvox-recensione\/#breadcrumb"},"inLanguage":"it-IT","potentialAction":[{"@type":"ReadAction","target":["https:\/\/www.accuratereviews.com\/it\/programmi-preventivi\/shopvox-recensione\/"]}]},{"@type":"ImageObject","inLanguage":"it-IT","@id":"https:\/\/www.accuratereviews.com\/it\/programmi-preventivi\/shopvox-recensione\/#primaryimage","url":"https:\/\/www.accuratereviews.com\/wp-content\/uploads\/2022\/01\/shopVOX.jpeg","contentUrl":"https:\/\/www.accuratereviews.com\/wp-content\/uploads\/2022\/01\/shopVOX.jpeg","width":960,"height":272},{"@type":"BreadcrumbList","@id":"https:\/\/www.accuratereviews.com\/it\/programmi-preventivi\/shopvox-recensione\/#breadcrumb","itemListElement":[{"@type":"ListItem","position":1,"name":"Home","item":"https:\/\/www.accuratereviews.com\/it\/"},{"@type":"ListItem","position":2,"name":"Programmi per fare preventivi","item":"https:\/\/www.accuratereviews.com\/it\/programmi-preventivi\/"},{"@type":"ListItem","position":3,"name":"ShopVOX"}]},{"@type":"WebSite","@id":"https:\/\/www.accuratereviews.com\/it\/#website","url":"https:\/\/www.accuratereviews.com\/it\/","name":"Accurate Reviews","description":"","potentialAction":[{"@type":"SearchAction","target":{"@type":"EntryPoint","urlTemplate":"https:\/\/www.accuratereviews.com\/it\/?s={search_term_string}"},"query-input":{"@type":"PropertyValueSpecification","valueRequired":true,"valueName":"search_term_string"}}],"inLanguage":"it-IT"}]}},"_links":{"self":[{"href":"https:\/\/www.accuratereviews.com\/it\/wp-json\/wp\/v2\/pages\/53078","targetHints":{"allow":["GET"]}}],"collection":[{"href":"https:\/\/www.accuratereviews.com\/it\/wp-json\/wp\/v2\/pages"}],"about":[{"href":"https:\/\/www.accuratereviews.com\/it\/wp-json\/wp\/v2\/types\/page"}],"author":[{"embeddable":true,"href":"https:\/\/www.accuratereviews.com\/it\/wp-json\/wp\/v2\/users\/17"}],"replies":[{"embeddable":true,"href":"https:\/\/www.accuratereviews.com\/it\/wp-json\/wp\/v2\/comments?post=53078"}],"version-history":[{"count":9,"href":"https:\/\/www.accuratereviews.com\/it\/wp-json\/wp\/v2\/pages\/53078\/revisions"}],"predecessor-version":[{"id":53172,"href":"https:\/\/www.accuratereviews.com\/it\/wp-json\/wp\/v2\/pages\/53078\/revisions\/53172"}],"up":[{"embeddable":true,"href":"https:\/\/www.accuratereviews.com\/it\/wp-json\/wp\/v2\/pages\/52783"}],"wp:featuredmedia":[{"embeddable":true,"href":"https:\/\/www.accuratereviews.com\/it\/wp-json\/wp\/v2\/media\/53055"}],"wp:attachment":[{"href":"https:\/\/www.accuratereviews.com\/it\/wp-json\/wp\/v2\/media?parent=53078"}],"wp:term":[{"taxonomy":"category","embeddable":true,"href":"https:\/\/www.accuratereviews.com\/it\/wp-json\/wp\/v2\/categories?post=53078"},{"taxonomy":"post_tag","embeddable":true,"href":"https:\/\/www.accuratereviews.com\/it\/wp-json\/wp\/v2\/tags?post=53078"},{"taxonomy":"features","embeddable":true,"href":"https:\/\/www.accuratereviews.com\/it\/wp-json\/wp\/v2\/features?post=53078"}],"curies":[{"name":"wp","href":"https:\/\/api.w.org\/{rel}","templated":true}]}}