{"id":53125,"date":"2022-02-01T12:12:00","date_gmt":"2022-02-01T12:12:00","guid":{"rendered":"https:\/\/www.accuratereviews.com\/?page_id=53125"},"modified":"2022-02-02T08:22:37","modified_gmt":"2022-02-02T08:22:37","slug":"quoter-recensione","status":"publish","type":"page","link":"https:\/\/www.accuratereviews.com\/it\/programmi-preventivi\/quoter-recensione\/","title":{"rendered":"Quoter"},"content":{"rendered":"<p><strong>Quoter<\/strong>, precedentemente noto come <strong>Socket<\/strong>, \u00e8 un <strong>software per fare preventivi<\/strong>\u00a0che consente di risparmiare tempo, eliminare gli errori e consentire pagamenti rapidi. Con questa applicazione basata su <strong>cloud<\/strong> puoi goderti l&#8217;organizzazione della tua contabilit\u00e0 grazie alla sua facilit\u00e0 d&#8217;uso e alle convenienti opzioni di prezzo. Puoi anche astrarre fogli di calcolo particolarmente complessi, poich\u00e9 <strong>Quoter<\/strong> mette tutti gli strumenti necessari per creare un preventivo in un&#8217;unica piattaforma. Ci\u00f2 include configurazioni di prodotti e servizi, prezzi standard e sconti speciali, informazioni sulle proposte e persino modelli riutilizzabili.\u00a0Inoltre, facilita l&#8217;accettazione delle proposte da parte dei tuoi clienti. Ci\u00f2 \u00e8 possibile perch\u00e9 la soluzione include il supporto per firme elettroniche e pagamenti online. Non devi preoccuparti della sicurezza dell&#8217;elaborazione delle carte, poich\u00e9 sar\u00e0 la soluzione a pensarci per te.<\/p>\n<h2><a href=\"https:\/\/www.accuratereviews.com\/wp-content\/uploads\/2022\/02\/Schermata-2022-02-01-alle-11.37.07.png\"><img loading=\"lazy\" decoding=\"async\" class=\"alignnone size-full wp-image-53144\" src=\"https:\/\/www.accuratereviews.com\/wp-content\/uploads\/2022\/02\/Schermata-2022-02-01-alle-11.37.07.png\" alt=\"\" width=\"2590\" height=\"914\" srcset=\"https:\/\/www.accuratereviews.com\/wp-content\/uploads\/2022\/02\/Schermata-2022-02-01-alle-11.37.07.png 2590w, https:\/\/www.accuratereviews.com\/wp-content\/uploads\/2022\/02\/Schermata-2022-02-01-alle-11.37.07-300x106.png 300w, https:\/\/www.accuratereviews.com\/wp-content\/uploads\/2022\/02\/Schermata-2022-02-01-alle-11.37.07-1024x361.png 1024w, https:\/\/www.accuratereviews.com\/wp-content\/uploads\/2022\/02\/Schermata-2022-02-01-alle-11.37.07-768x271.png 768w, https:\/\/www.accuratereviews.com\/wp-content\/uploads\/2022\/02\/Schermata-2022-02-01-alle-11.37.07-1536x542.png 1536w, https:\/\/www.accuratereviews.com\/wp-content\/uploads\/2022\/02\/Schermata-2022-02-01-alle-11.37.07-2048x723.png 2048w, https:\/\/www.accuratereviews.com\/wp-content\/uploads\/2022\/02\/Schermata-2022-02-01-alle-11.37.07-260x92.png 260w, https:\/\/www.accuratereviews.com\/wp-content\/uploads\/2022\/02\/Schermata-2022-02-01-alle-11.37.07-50x18.png 50w, https:\/\/www.accuratereviews.com\/wp-content\/uploads\/2022\/02\/Schermata-2022-02-01-alle-11.37.07-968x342.png 968w, https:\/\/www.accuratereviews.com\/wp-content\/uploads\/2022\/02\/Schermata-2022-02-01-alle-11.37.07-636x224.png 636w, https:\/\/www.accuratereviews.com\/wp-content\/uploads\/2022\/02\/Schermata-2022-02-01-alle-11.37.07-320x113.png 320w, https:\/\/www.accuratereviews.com\/wp-content\/uploads\/2022\/02\/Schermata-2022-02-01-alle-11.37.07-239x84.png 239w\" sizes=\"auto, (max-width: 2590px) 100vw, 2590px\" \/><\/a><\/h2>\n<h2>QUOTER &#8211; CARATTERISTICHE<\/h2>\n<ul>\n<li><strong>Aggiungi prodotti e servizi in gruppi<\/strong>: scegliendo di mostrare gli articoli in un pacchetto, i componenti verranno visualizzati come normali articoli nel preventivo. Ci\u00f2 semplifica l&#8217;aggiunta di pi\u00f9 articoli senza dover selezionare gli articoli o le quantit\u00e0 singolarmente<\/li>\n<li><strong>Opzioni di visualizzazione dell&#8217;elemento pubblicitario<\/strong>: puoi scegliere se desideri che il pacchetto e la descrizione del pacchetto siano mostrati sul preventivo o che i componenti siano elencati come normali elementi pubblicitari. Selezionando il primo verr\u00e0 semplicemente mostrato l&#8217;importo totale per tutti gli articoli selezionati<\/li>\n<li><strong>Servizi di cross-sell e up-sell:<\/strong> la creazione di pacchetti opzionali semplifica l&#8217;offerta di prodotti alternativi in modo che abbiano pi\u00f9 libert\u00e0 di scelta<\/li>\n<li><strong>Configurazione semplice e intuitiva:<\/strong> l&#8217;interfaccia semplice e facile da usare rende la creazione dei tuoi modelli un gioco da ragazzi. Puoi creare e inviare il tuo primo preventivo in pochi minuti, aggiungendo modelli personalizzati aggiuntivi man mano che procedi. Una volta perfezionati i modelli, \u00e8 possibile creare preventivi in \u200b\u200bpochi secondi con pochi clic<\/li>\n<li><strong>Costruito per le tue esigenze aziendali specifiche<\/strong>: crea il tuo semplice sistema di configurazione-prezzo-preventivo (CPQ) in cui prodotti e servizi complessi possono essere configurati e quotati dal tuo team di vendita con pochi clic<\/li>\n<li><strong>Configurazione dei prezzi flessibile:<\/strong> il software\u00a0offre potenti opzioni di configurazione dei prezzi che ti offrono un&#8217;eccezionale flessibilit\u00e0 nell&#8217;automazione dei prezzi dei tuoi prodotti e servizi.<\/li>\n<\/ul>\n<h4>LE RECENSIONI DEGLI UTENTI<\/h4>\n<p class=\"font-weight-bold mb-2\"><strong>Craig H.&#8221;Facile e veloce&#8221;<\/strong><\/p>\n<p><span class=\"font-weight-bold\"><strong>Commenti<\/strong>: <\/span>Il nostro tasso di chiusura \u00e8 aumentato del 60% una volta implementata completamente la soluzione.<\/p>\n<p class=\"font-weight-bold mb-2\"><strong>Pro<\/strong>:\u00a0Velocit\u00e0 di creazione di preventivi e di inviarli. Anche i clienti possono creare i propri preventivi se glielo permettiamo.<\/p>\n<p class=\"font-weight-bold mb-2\"><strong>Contro<\/strong>:\u00a0Rimuovere gli articoli ritirati o meno recenti \u00e8 difficile. Sii gentile a ordinare in base alla data di aggiunta e modifica in modo che i servizi o gli elementi meno recenti possano essere eliminati facilmente.<\/p>\n<p class=\"font-weight-bold mb-2\"><strong>Michael S.&#8221;Questo software \u00e8 cos\u00ec buono che mi sono offerto di filmare una testimonianza video.&#8221;<\/strong><\/p>\n<p><span class=\"font-weight-bold\"><strong>Commenti<\/strong>: <\/span>Il team di sviluppo di Quoter ha lavorato con me su tutti i miei suggerimenti. L&#8217;ho adorato.<\/p>\n<p class=\"font-weight-bold mb-2\"><strong>Pro<\/strong>:\u00a0Mi \u00e8 piaciuto il sistema di quotazione molto al di sopra degli altri programmi che abbiamo utilizzato. L&#8217;interfaccia \u00e8 semplice, \u00a0facile da usare. Ho un controllo pi\u00f9 granulare di cui francamente non ho bisogno con il programma della concorrenza che stavo usando.<\/p>\n<p class=\"font-weight-bold mb-2\"><strong>Contro<\/strong>:\u00a0Ho avuto problemi con il pool di prodotti archiviati, ma \u00e8 stato colpa mia per non aver imparato a usarlo correttamente.<\/p>\n<p class=\"font-weight-bold mb-2\"><strong>Bruce P.&#8221;Preventivo semplice e veloce&#8221;<\/strong><\/p>\n<p><span class=\"font-weight-bold\"><strong>Commenti<\/strong>: <\/span>In poche parole, Quoter ci semplifica i preventivi<\/p>\n<p class=\"font-weight-bold mb-2\"><strong>Pro<\/strong>:\u00a0Davvero facile da usare: posso inserire nuovo personale in pochissimo tempo. Il tempo per produrre preventivi \u00e8 davvero veloce. Anche il supporto \u00e8 tra i migliori che abbia mai visto: molto rapido e personale.<\/p>\n<p class=\"font-weight-bold mb-2\"><strong>Contro<\/strong>:\u00a0Potrebbe avere una migliore integrazione con il nostro software PSA. Tuttavia, Quoter ascolta i suoi clienti, ha preso in considerazione questo aspetto e sono fiducioso che sar\u00e0 migliorato.<\/p>\n","protected":false},"excerpt":{"rendered":"<p>Quoter, precedentemente noto come Socket, \u00e8 un software per fare preventivi\u00a0che consente di risparmiare tempo, eliminare gli errori e consentire pagamenti rapidi. Con questa applicazione basata su cloud, puoi goderti l&#8217;organizzazione della tua contabilit\u00e0 grazie alla sua facilit\u00e0 d&#8217;uso e alle convenienti opzioni di prezzo.<\/p>\n","protected":false},"author":16,"featured_media":53126,"parent":52783,"menu_order":0,"comment_status":"open","ping_status":"closed","template":"g1_template_page_review_new.php","meta":{"_acf_changed":false,"cwp_meta_box_check":"No","cwp_rev_product_name":"","cwp_rev_product_image":"","wppr_links":[],"cwp_rev_price":"","wppr_options":[],"wppr_pros":[],"wppr_cons":[],"_monsterinsights_skip_tracking":false,"_monsterinsights_sitenote_active":false,"_monsterinsights_sitenote_note":"","_monsterinsights_sitenote_category":0,"footnotes":""},"categories":[11869],"tags":[11905,11874,11877,11925,11872,11873],"features":[],"class_list":{"0":"post-53125","1":"page","2":"type-page","3":"status-publish","4":"has-post-thumbnail","6":"category-programmi-preventivi-cat","7":"tag-creazione-preventivi","8":"tag-piattaforma-per-fare-preventivi","9":"tag-programma-per-fare-preventivi","10":"tag-quoter","11":"tag-software-per-fare-preventivi","12":"tag-soluzione-per-fare-preventivi"},"wppr_data":{"cwp_meta_box_check":"No"},"acf":[],"yoast_head":"<!-- This site is optimized with the Yoast SEO plugin v27.4 - https:\/\/yoast.com\/product\/yoast-seo-wordpress\/ -->\n<title>Quoter: recensione software per fare preventivi - Accurate Reviews<\/title>\n<meta name=\"description\" content=\"Quoter: recensione software per fare preventivi\u00a0che consente di risparmiare tempo, eliminare gli errori e consentire pagamenti rapidi.\" \/>\n<meta name=\"robots\" content=\"index, follow, max-snippet:-1, max-image-preview:large, max-video-preview:-1\" \/>\n<link rel=\"canonical\" href=\"https:\/\/www.accuratereviews.com\/it\/programmi-preventivi\/quoter-recensione\/\" \/>\n<meta property=\"og:locale\" content=\"it_IT\" \/>\n<meta property=\"og:type\" content=\"article\" \/>\n<meta property=\"og:title\" content=\"Quoter: recensione software per fare preventivi - Accurate Reviews\" \/>\n<meta property=\"og:description\" content=\"Quoter: recensione software per fare preventivi\u00a0che consente di risparmiare tempo, eliminare gli errori e consentire pagamenti rapidi.\" \/>\n<meta property=\"og:url\" content=\"https:\/\/www.accuratereviews.com\/it\/programmi-preventivi\/quoter-recensione\/\" \/>\n<meta property=\"og:site_name\" content=\"Accurate Reviews\" \/>\n<meta property=\"article:modified_time\" content=\"2022-02-02T08:22:37+00:00\" \/>\n<meta property=\"og:image\" content=\"https:\/\/www.accuratereviews.com\/wp-content\/uploads\/2022\/02\/Quoter.png\" \/>\n\t<meta property=\"og:image:width\" content=\"608\" \/>\n\t<meta property=\"og:image:height\" content=\"608\" \/>\n\t<meta property=\"og:image:type\" content=\"image\/png\" \/>\n<meta name=\"twitter:card\" content=\"summary_large_image\" \/>\n<meta name=\"twitter:label1\" content=\"Tempo di lettura stimato\" \/>\n\t<meta name=\"twitter:data1\" content=\"4 minuti\" \/>\n<script type=\"application\/ld+json\" class=\"yoast-schema-graph\">{\"@context\":\"https:\\\/\\\/schema.org\",\"@graph\":[{\"@type\":\"WebPage\",\"@id\":\"https:\\\/\\\/www.accuratereviews.com\\\/it\\\/programmi-preventivi\\\/quoter-recensione\\\/\",\"url\":\"https:\\\/\\\/www.accuratereviews.com\\\/it\\\/programmi-preventivi\\\/quoter-recensione\\\/\",\"name\":\"Quoter: recensione software per fare preventivi - Accurate Reviews\",\"isPartOf\":{\"@id\":\"https:\\\/\\\/www.accuratereviews.com\\\/it\\\/#website\"},\"primaryImageOfPage\":{\"@id\":\"https:\\\/\\\/www.accuratereviews.com\\\/it\\\/programmi-preventivi\\\/quoter-recensione\\\/#primaryimage\"},\"image\":{\"@id\":\"https:\\\/\\\/www.accuratereviews.com\\\/it\\\/programmi-preventivi\\\/quoter-recensione\\\/#primaryimage\"},\"thumbnailUrl\":\"https:\\\/\\\/www.accuratereviews.com\\\/wp-content\\\/uploads\\\/2022\\\/02\\\/Quoter.png\",\"datePublished\":\"2022-02-01T12:12:00+00:00\",\"dateModified\":\"2022-02-02T08:22:37+00:00\",\"description\":\"Quoter: recensione software per fare preventivi\u00a0che consente di risparmiare tempo, eliminare gli errori e consentire pagamenti rapidi.\",\"breadcrumb\":{\"@id\":\"https:\\\/\\\/www.accuratereviews.com\\\/it\\\/programmi-preventivi\\\/quoter-recensione\\\/#breadcrumb\"},\"inLanguage\":\"it-IT\",\"potentialAction\":[{\"@type\":\"ReadAction\",\"target\":[\"https:\\\/\\\/www.accuratereviews.com\\\/it\\\/programmi-preventivi\\\/quoter-recensione\\\/\"]}]},{\"@type\":\"ImageObject\",\"inLanguage\":\"it-IT\",\"@id\":\"https:\\\/\\\/www.accuratereviews.com\\\/it\\\/programmi-preventivi\\\/quoter-recensione\\\/#primaryimage\",\"url\":\"https:\\\/\\\/www.accuratereviews.com\\\/wp-content\\\/uploads\\\/2022\\\/02\\\/Quoter.png\",\"contentUrl\":\"https:\\\/\\\/www.accuratereviews.com\\\/wp-content\\\/uploads\\\/2022\\\/02\\\/Quoter.png\",\"width\":608,\"height\":608},{\"@type\":\"BreadcrumbList\",\"@id\":\"https:\\\/\\\/www.accuratereviews.com\\\/it\\\/programmi-preventivi\\\/quoter-recensione\\\/#breadcrumb\",\"itemListElement\":[{\"@type\":\"ListItem\",\"position\":1,\"name\":\"Home\",\"item\":\"https:\\\/\\\/www.accuratereviews.com\\\/it\\\/\"},{\"@type\":\"ListItem\",\"position\":2,\"name\":\"Programmi per fare preventivi\",\"item\":\"https:\\\/\\\/www.accuratereviews.com\\\/it\\\/programmi-preventivi\\\/\"},{\"@type\":\"ListItem\",\"position\":3,\"name\":\"Quoter\"}]},{\"@type\":\"WebSite\",\"@id\":\"https:\\\/\\\/www.accuratereviews.com\\\/it\\\/#website\",\"url\":\"https:\\\/\\\/www.accuratereviews.com\\\/it\\\/\",\"name\":\"Accurate Reviews\",\"description\":\"\",\"potentialAction\":[{\"@type\":\"SearchAction\",\"target\":{\"@type\":\"EntryPoint\",\"urlTemplate\":\"https:\\\/\\\/www.accuratereviews.com\\\/it\\\/?s={search_term_string}\"},\"query-input\":{\"@type\":\"PropertyValueSpecification\",\"valueRequired\":true,\"valueName\":\"search_term_string\"}}],\"inLanguage\":\"it-IT\"}]}<\/script>\n<!-- \/ Yoast SEO plugin. -->","yoast_head_json":{"title":"Quoter: recensione software per fare preventivi - Accurate Reviews","description":"Quoter: recensione software per fare preventivi\u00a0che consente di risparmiare tempo, eliminare gli errori e consentire pagamenti rapidi.","robots":{"index":"index","follow":"follow","max-snippet":"max-snippet:-1","max-image-preview":"max-image-preview:large","max-video-preview":"max-video-preview:-1"},"canonical":"https:\/\/www.accuratereviews.com\/it\/programmi-preventivi\/quoter-recensione\/","og_locale":"it_IT","og_type":"article","og_title":"Quoter: recensione software per fare preventivi - Accurate Reviews","og_description":"Quoter: recensione software per fare preventivi\u00a0che consente di risparmiare tempo, eliminare gli errori e consentire pagamenti rapidi.","og_url":"https:\/\/www.accuratereviews.com\/it\/programmi-preventivi\/quoter-recensione\/","og_site_name":"Accurate Reviews","article_modified_time":"2022-02-02T08:22:37+00:00","og_image":[{"width":608,"height":608,"url":"https:\/\/www.accuratereviews.com\/wp-content\/uploads\/2022\/02\/Quoter.png","type":"image\/png"}],"twitter_card":"summary_large_image","twitter_misc":{"Tempo di lettura stimato":"4 minuti"},"schema":{"@context":"https:\/\/schema.org","@graph":[{"@type":"WebPage","@id":"https:\/\/www.accuratereviews.com\/it\/programmi-preventivi\/quoter-recensione\/","url":"https:\/\/www.accuratereviews.com\/it\/programmi-preventivi\/quoter-recensione\/","name":"Quoter: recensione software per fare preventivi - Accurate Reviews","isPartOf":{"@id":"https:\/\/www.accuratereviews.com\/it\/#website"},"primaryImageOfPage":{"@id":"https:\/\/www.accuratereviews.com\/it\/programmi-preventivi\/quoter-recensione\/#primaryimage"},"image":{"@id":"https:\/\/www.accuratereviews.com\/it\/programmi-preventivi\/quoter-recensione\/#primaryimage"},"thumbnailUrl":"https:\/\/www.accuratereviews.com\/wp-content\/uploads\/2022\/02\/Quoter.png","datePublished":"2022-02-01T12:12:00+00:00","dateModified":"2022-02-02T08:22:37+00:00","description":"Quoter: recensione software per fare preventivi\u00a0che consente di risparmiare tempo, eliminare gli errori e consentire pagamenti rapidi.","breadcrumb":{"@id":"https:\/\/www.accuratereviews.com\/it\/programmi-preventivi\/quoter-recensione\/#breadcrumb"},"inLanguage":"it-IT","potentialAction":[{"@type":"ReadAction","target":["https:\/\/www.accuratereviews.com\/it\/programmi-preventivi\/quoter-recensione\/"]}]},{"@type":"ImageObject","inLanguage":"it-IT","@id":"https:\/\/www.accuratereviews.com\/it\/programmi-preventivi\/quoter-recensione\/#primaryimage","url":"https:\/\/www.accuratereviews.com\/wp-content\/uploads\/2022\/02\/Quoter.png","contentUrl":"https:\/\/www.accuratereviews.com\/wp-content\/uploads\/2022\/02\/Quoter.png","width":608,"height":608},{"@type":"BreadcrumbList","@id":"https:\/\/www.accuratereviews.com\/it\/programmi-preventivi\/quoter-recensione\/#breadcrumb","itemListElement":[{"@type":"ListItem","position":1,"name":"Home","item":"https:\/\/www.accuratereviews.com\/it\/"},{"@type":"ListItem","position":2,"name":"Programmi per fare preventivi","item":"https:\/\/www.accuratereviews.com\/it\/programmi-preventivi\/"},{"@type":"ListItem","position":3,"name":"Quoter"}]},{"@type":"WebSite","@id":"https:\/\/www.accuratereviews.com\/it\/#website","url":"https:\/\/www.accuratereviews.com\/it\/","name":"Accurate Reviews","description":"","potentialAction":[{"@type":"SearchAction","target":{"@type":"EntryPoint","urlTemplate":"https:\/\/www.accuratereviews.com\/it\/?s={search_term_string}"},"query-input":{"@type":"PropertyValueSpecification","valueRequired":true,"valueName":"search_term_string"}}],"inLanguage":"it-IT"}]}},"_links":{"self":[{"href":"https:\/\/www.accuratereviews.com\/it\/wp-json\/wp\/v2\/pages\/53125","targetHints":{"allow":["GET"]}}],"collection":[{"href":"https:\/\/www.accuratereviews.com\/it\/wp-json\/wp\/v2\/pages"}],"about":[{"href":"https:\/\/www.accuratereviews.com\/it\/wp-json\/wp\/v2\/types\/page"}],"author":[{"embeddable":true,"href":"https:\/\/www.accuratereviews.com\/it\/wp-json\/wp\/v2\/users\/16"}],"replies":[{"embeddable":true,"href":"https:\/\/www.accuratereviews.com\/it\/wp-json\/wp\/v2\/comments?post=53125"}],"version-history":[{"count":11,"href":"https:\/\/www.accuratereviews.com\/it\/wp-json\/wp\/v2\/pages\/53125\/revisions"}],"predecessor-version":[{"id":53192,"href":"https:\/\/www.accuratereviews.com\/it\/wp-json\/wp\/v2\/pages\/53125\/revisions\/53192"}],"up":[{"embeddable":true,"href":"https:\/\/www.accuratereviews.com\/it\/wp-json\/wp\/v2\/pages\/52783"}],"wp:featuredmedia":[{"embeddable":true,"href":"https:\/\/www.accuratereviews.com\/it\/wp-json\/wp\/v2\/media\/53126"}],"wp:attachment":[{"href":"https:\/\/www.accuratereviews.com\/it\/wp-json\/wp\/v2\/media?parent=53125"}],"wp:term":[{"taxonomy":"category","embeddable":true,"href":"https:\/\/www.accuratereviews.com\/it\/wp-json\/wp\/v2\/categories?post=53125"},{"taxonomy":"post_tag","embeddable":true,"href":"https:\/\/www.accuratereviews.com\/it\/wp-json\/wp\/v2\/tags?post=53125"},{"taxonomy":"features","embeddable":true,"href":"https:\/\/www.accuratereviews.com\/it\/wp-json\/wp\/v2\/features?post=53125"}],"curies":[{"name":"wp","href":"https:\/\/api.w.org\/{rel}","templated":true}]}}