{"id":53159,"date":"2022-02-01T13:34:16","date_gmt":"2022-02-01T13:34:16","guid":{"rendered":"https:\/\/www.accuratereviews.com\/?page_id=53159"},"modified":"2022-02-01T13:34:16","modified_gmt":"2022-02-01T13:34:16","slug":"logicbox-recensione","status":"publish","type":"page","link":"https:\/\/www.accuratereviews.com\/it\/programmi-preventivi\/logicbox-recensione\/","title":{"rendered":"LogicBox"},"content":{"rendered":"<p><strong>LogicBox<\/strong> \u00e8 un <strong>software di gestione aziendale<\/strong> semplice da usare e fatto su misura per adattarsi perfettamente al tuo business. L&#8217;obiettivo \u00e8 quello di aiutare le aziende a crescere combinando ogni aspetto del loro business in un unico sistema personalizzato che include funzioni chiave come la gestione degli account, <strong>creazione dei preventivi<\/strong>, gestione degli ordini e adempimento, fatturazione, supporto, acquisti e gestione dell&#8217;inventario.<br \/>\nSi tratta di un database personalizzato, scalabile che automatizza i processi di cui hai bisogno per crescere velocemente e\u00a0rendere i tuoi dati pi\u00f9 accessibili e sicuri.<\/p>\n<h2>LOGICBOX &#8211; TUTORIAL<\/h2>\n<div id=\"fluid-wrapper-counter-1\" class=\"g1-fluid-wrapper \" style=\"width:686px;\">\n<div style=\"padding-bottom:56.268221574344%;\"><iframe loading=\"lazy\" title=\"LogicBox CRM - Custom CRM Is Better\" width=\"686\" height=\"386\" src=\"https:\/\/www.youtube.com\/embed\/Fpraw9eRO3Q?feature=oembed&amp;wmode=transparent&amp;autohide=1&amp;autoplay=0&amp;disablekb=0&amp;fs=1&amp;loop=0&amp;enablejsapi=1&amp;rel=0&amp;controls=2&amp;showinfo=0&amp;wmode=transparent&amp;autohide=2&amp;autoplay=0&amp;disablekb=0&amp;fs=1&amp;loop=0&amp;enablejsapi=1&amp;rel=0&amp;controls=2&amp;showinfo=1\" frameborder=\"0\" allow=\"accelerometer; autoplay; clipboard-write; encrypted-media; gyroscope; picture-in-picture\" allowfullscreen><\/iframe><\/div>\n<\/div>\n<h3>LOGICBOX &#8211; CARATTERISTICHE<\/h3>\n<ul>\n<li>Gestione di contatti, clienti, partner e fornitori<\/li>\n<li>Dashboard con facile accesso alla cronologia degli account, alle note e alle interazioni<\/li>\n<li>Previsione delle vendite e gestione della pipeline<\/li>\n<li>Creazione, gestione di elenchi di lead e assegnazione dinamica ai rappresentanti di vendita<\/li>\n<li>Creazione, invio archiviazione di bellissime proposte di vendita<\/li>\n<li>Creazione e gestione di articoli di prodotti, parti, supporto e servizi in un listino prezzi impostato solo per voi<\/li>\n<li>Creazione di cataloghi con pi\u00f9 livelli di prezzo e strutture di commissioni<\/li>\n<li>Configurazione di ordini complessi con gli strumenti avanzati di CPQ<\/li>\n<li>Elaborazione di carte di credito e altre transazioni di pagamento come parte integrata del flusso di lavoro<\/li>\n<li>Elaborazione delle fatture e raccolta dei pagamenti<\/li>\n<li>Automatizzazione di tutti i tuoi processi sul campo, dalla programmazione degli appuntamenti alla creazione di preventivi e alla chiusura degli affari<\/li>\n<li>Creazione e monitoraggio delle quote di vendita e gestione delle strutture di commissione complesse<\/li>\n<li>Tutti i vostri documenti, in un luogo sicuro e accessibile<\/li>\n<li>Aumenta il controllo, la collaborazione e la visibilit\u00e0 con la gestione completa del ciclo di vita dei contratti<\/li>\n<li>Elaborazione delle richieste di garanzia e gestite i processi di autorizzazione alla restituzione della merce (RMA)<\/li>\n<li>Accesso rapido alle risposte con la tua Knowledge Base Logicbox su misura<\/li>\n<li>Automatizzazione e integrazione dei processi aziendali innovativi che sono unici per la tua azienda.<\/li>\n<\/ul>\n<h4>LE RECENSIONI DEGLI UTENTI<\/h4>\n<p><strong>Cory W. &#8220;Organizzazione al meglio&#8221;<\/strong><br \/>\nCOMMENTI: utilizzo Logicbox attraverso il mio lavoro (Red Rhino Leak Detection), onestamente \u00e8 un grande programma che non solo mantiene le cose organizzate, ma mantiene anche tutti sulla stessa pagina istantaneamente.<br \/>\nPRO: mi piace essere in grado di contattare praticamente chiunque nella nostra azienda attraverso di esso per tenerli aggiornati, essere in grado di contattare i partner aziendali, sullo stesso programma ancora in grado di gestire il mio programma e altri.<br \/>\nCONTRO: a volte rintracciare le informazioni di contatto pu\u00f2 essere un po&#8217; complicato.<\/p>\n<p><strong>Eric B. &#8220;Recensione di Logicbox&#8221;<\/strong><br \/>\nCOMMENTI: lavoro con Logicbox da circa 3-4 anni ormai. Non posso immaginare di fare affari senza di essa. Finch\u00e9 hai internet, Logicbox \u00e8 sulla punta delle tue dita pronto ad aiutarti a massimizzare la produttivit\u00e0 e l&#8217;efficienza del tuo business.<br \/>\nPRO: tutto \u00e8 in un unico posto: fatturazione, programmazione dei servizi, database dei clienti, database dei partner, statistiche e produttivit\u00e0 dei dipendenti, storia del lavoro, ecc. Se lavoro da un PC, ipad o iphone, non importa dove sono posso lavorare.<br \/>\nCONTRO: richiede una formazione su come usarlo. In altre parole, non \u00e8 autoesplicativo. Bisogna conoscere bene il sistema per massimizzare la sua efficacia.<\/p>\n<p><strong>Brian K. &#8220;La recensione di Brian&#8221;<\/strong><br \/>\nCOMMENTI: il software funziona benissimo per tracciare la nostra attivit\u00e0 di front-end. Lo usiamo per tracciare le nuove richieste di credito.<br \/>\nPRO: la facilit\u00e0 d&#8217;uso. \u00c8 facile inserire un nuovo accordo ed \u00e8 facile spingere le informazioni alla prossima persona che ha bisogno di rivedere il nuovo programma di locazione<br \/>\nCONTRO: mi piace il software e non ho nulla di negativo da dire su di esso. Lo hanno personalizzato per la nostra azienda per renderlo facile da usare.<\/p>\n","protected":false},"excerpt":{"rendered":"<p>LogicBox \u00e8 un software di gestione aziendale semplice da usare e fatto su misura per adattarsi perfettamente al tuo business. L&#8217;obiettivo \u00e8 quello di aiutare le aziende a crescere combinando ogni aspetto del loro business in un unico sistema personalizzato che include funzioni chiave come la gestione degli account, creazione dei preventivi, gestione degli ordini e adempimento, fatturazione, supporto, acquisti e gestione dell&#8217;inventario.<\/p>\n","protected":false},"author":17,"featured_media":53161,"parent":52783,"menu_order":0,"comment_status":"open","ping_status":"closed","template":"g1_template_page_review_new.php","meta":{"_acf_changed":false,"cwp_meta_box_check":"No","cwp_rev_product_name":"","cwp_rev_product_image":"","wppr_links":[],"cwp_rev_price":"","wppr_options":[],"wppr_pros":[],"wppr_cons":[],"_monsterinsights_skip_tracking":false,"_monsterinsights_sitenote_active":false,"_monsterinsights_sitenote_note":"","_monsterinsights_sitenote_category":0,"footnotes":""},"categories":[11869],"tags":[11891,11914,11905,11874,11877,11926,11872,11927],"features":[],"class_list":{"0":"post-53159","1":"page","2":"type-page","3":"status-publish","4":"has-post-thumbnail","6":"category-programmi-preventivi-cat","7":"tag-cpq","8":"tag-creare-preventivi","9":"tag-creazione-preventivi","10":"tag-piattaforma-per-fare-preventivi","11":"tag-programma-per-fare-preventivi","12":"tag-software-cpq","13":"tag-software-per-fare-preventivi","14":"tag-soluzione-cpq"},"wppr_data":{"cwp_meta_box_check":"No"},"acf":[],"yoast_head":"<!-- This site is optimized with the Yoast SEO plugin v27.4 - https:\/\/yoast.com\/product\/yoast-seo-wordpress\/ -->\n<title>LogicBox: recensione software preventivi - Accurate Reviews<\/title>\n<meta name=\"description\" content=\"LogicBox: recensione del software di gestione aziendale semplice da usare e fatto su misura per adattarsi perfettamente al tuo business.\" \/>\n<meta name=\"robots\" content=\"index, follow, max-snippet:-1, max-image-preview:large, max-video-preview:-1\" \/>\n<link rel=\"canonical\" href=\"https:\/\/www.accuratereviews.com\/it\/programmi-preventivi\/logicbox-recensione\/\" \/>\n<meta property=\"og:locale\" content=\"it_IT\" \/>\n<meta property=\"og:type\" content=\"article\" \/>\n<meta property=\"og:title\" content=\"LogicBox: recensione software preventivi - Accurate Reviews\" \/>\n<meta property=\"og:description\" content=\"LogicBox: recensione del software di gestione aziendale semplice da usare e fatto su misura per adattarsi perfettamente al tuo business.\" \/>\n<meta property=\"og:url\" content=\"https:\/\/www.accuratereviews.com\/it\/programmi-preventivi\/logicbox-recensione\/\" \/>\n<meta property=\"og:site_name\" content=\"Accurate Reviews\" \/>\n<meta property=\"og:image\" content=\"https:\/\/www.accuratereviews.com\/wp-content\/uploads\/2022\/02\/uhqabig5ktxpleu3om98.webp\" \/>\n\t<meta property=\"og:image:width\" content=\"256\" \/>\n\t<meta property=\"og:image:height\" content=\"256\" \/>\n\t<meta property=\"og:image:type\" content=\"image\/webp\" \/>\n<meta name=\"twitter:card\" content=\"summary_large_image\" \/>\n<meta name=\"twitter:label1\" content=\"Tempo di lettura stimato\" \/>\n\t<meta name=\"twitter:data1\" content=\"4 minuti\" \/>\n<script type=\"application\/ld+json\" class=\"yoast-schema-graph\">{\"@context\":\"https:\\\/\\\/schema.org\",\"@graph\":[{\"@type\":\"WebPage\",\"@id\":\"https:\\\/\\\/www.accuratereviews.com\\\/it\\\/programmi-preventivi\\\/logicbox-recensione\\\/\",\"url\":\"https:\\\/\\\/www.accuratereviews.com\\\/it\\\/programmi-preventivi\\\/logicbox-recensione\\\/\",\"name\":\"LogicBox: recensione software preventivi - Accurate Reviews\",\"isPartOf\":{\"@id\":\"https:\\\/\\\/www.accuratereviews.com\\\/it\\\/#website\"},\"primaryImageOfPage\":{\"@id\":\"https:\\\/\\\/www.accuratereviews.com\\\/it\\\/programmi-preventivi\\\/logicbox-recensione\\\/#primaryimage\"},\"image\":{\"@id\":\"https:\\\/\\\/www.accuratereviews.com\\\/it\\\/programmi-preventivi\\\/logicbox-recensione\\\/#primaryimage\"},\"thumbnailUrl\":\"https:\\\/\\\/www.accuratereviews.com\\\/wp-content\\\/uploads\\\/2022\\\/02\\\/uhqabig5ktxpleu3om98.webp\",\"datePublished\":\"2022-02-01T13:34:16+00:00\",\"description\":\"LogicBox: recensione del software di gestione aziendale semplice da usare e fatto su misura per adattarsi perfettamente al tuo business.\",\"breadcrumb\":{\"@id\":\"https:\\\/\\\/www.accuratereviews.com\\\/it\\\/programmi-preventivi\\\/logicbox-recensione\\\/#breadcrumb\"},\"inLanguage\":\"it-IT\",\"potentialAction\":[{\"@type\":\"ReadAction\",\"target\":[\"https:\\\/\\\/www.accuratereviews.com\\\/it\\\/programmi-preventivi\\\/logicbox-recensione\\\/\"]}]},{\"@type\":\"ImageObject\",\"inLanguage\":\"it-IT\",\"@id\":\"https:\\\/\\\/www.accuratereviews.com\\\/it\\\/programmi-preventivi\\\/logicbox-recensione\\\/#primaryimage\",\"url\":\"https:\\\/\\\/www.accuratereviews.com\\\/wp-content\\\/uploads\\\/2022\\\/02\\\/uhqabig5ktxpleu3om98.webp\",\"contentUrl\":\"https:\\\/\\\/www.accuratereviews.com\\\/wp-content\\\/uploads\\\/2022\\\/02\\\/uhqabig5ktxpleu3om98.webp\",\"width\":256,\"height\":256},{\"@type\":\"BreadcrumbList\",\"@id\":\"https:\\\/\\\/www.accuratereviews.com\\\/it\\\/programmi-preventivi\\\/logicbox-recensione\\\/#breadcrumb\",\"itemListElement\":[{\"@type\":\"ListItem\",\"position\":1,\"name\":\"Home\",\"item\":\"https:\\\/\\\/www.accuratereviews.com\\\/it\\\/\"},{\"@type\":\"ListItem\",\"position\":2,\"name\":\"Programmi per fare preventivi\",\"item\":\"https:\\\/\\\/www.accuratereviews.com\\\/it\\\/programmi-preventivi\\\/\"},{\"@type\":\"ListItem\",\"position\":3,\"name\":\"LogicBox\"}]},{\"@type\":\"WebSite\",\"@id\":\"https:\\\/\\\/www.accuratereviews.com\\\/it\\\/#website\",\"url\":\"https:\\\/\\\/www.accuratereviews.com\\\/it\\\/\",\"name\":\"Accurate Reviews\",\"description\":\"\",\"potentialAction\":[{\"@type\":\"SearchAction\",\"target\":{\"@type\":\"EntryPoint\",\"urlTemplate\":\"https:\\\/\\\/www.accuratereviews.com\\\/it\\\/?s={search_term_string}\"},\"query-input\":{\"@type\":\"PropertyValueSpecification\",\"valueRequired\":true,\"valueName\":\"search_term_string\"}}],\"inLanguage\":\"it-IT\"}]}<\/script>\n<!-- \/ Yoast SEO plugin. -->","yoast_head_json":{"title":"LogicBox: recensione software preventivi - Accurate Reviews","description":"LogicBox: recensione del software di gestione aziendale semplice da usare e fatto su misura per adattarsi perfettamente al tuo business.","robots":{"index":"index","follow":"follow","max-snippet":"max-snippet:-1","max-image-preview":"max-image-preview:large","max-video-preview":"max-video-preview:-1"},"canonical":"https:\/\/www.accuratereviews.com\/it\/programmi-preventivi\/logicbox-recensione\/","og_locale":"it_IT","og_type":"article","og_title":"LogicBox: recensione software preventivi - Accurate Reviews","og_description":"LogicBox: recensione del software di gestione aziendale semplice da usare e fatto su misura per adattarsi perfettamente al tuo business.","og_url":"https:\/\/www.accuratereviews.com\/it\/programmi-preventivi\/logicbox-recensione\/","og_site_name":"Accurate Reviews","og_image":[{"width":256,"height":256,"url":"https:\/\/www.accuratereviews.com\/wp-content\/uploads\/2022\/02\/uhqabig5ktxpleu3om98.webp","type":"image\/webp"}],"twitter_card":"summary_large_image","twitter_misc":{"Tempo di lettura stimato":"4 minuti"},"schema":{"@context":"https:\/\/schema.org","@graph":[{"@type":"WebPage","@id":"https:\/\/www.accuratereviews.com\/it\/programmi-preventivi\/logicbox-recensione\/","url":"https:\/\/www.accuratereviews.com\/it\/programmi-preventivi\/logicbox-recensione\/","name":"LogicBox: recensione software preventivi - Accurate Reviews","isPartOf":{"@id":"https:\/\/www.accuratereviews.com\/it\/#website"},"primaryImageOfPage":{"@id":"https:\/\/www.accuratereviews.com\/it\/programmi-preventivi\/logicbox-recensione\/#primaryimage"},"image":{"@id":"https:\/\/www.accuratereviews.com\/it\/programmi-preventivi\/logicbox-recensione\/#primaryimage"},"thumbnailUrl":"https:\/\/www.accuratereviews.com\/wp-content\/uploads\/2022\/02\/uhqabig5ktxpleu3om98.webp","datePublished":"2022-02-01T13:34:16+00:00","description":"LogicBox: recensione del software di gestione aziendale semplice da usare e fatto su misura per adattarsi perfettamente al tuo business.","breadcrumb":{"@id":"https:\/\/www.accuratereviews.com\/it\/programmi-preventivi\/logicbox-recensione\/#breadcrumb"},"inLanguage":"it-IT","potentialAction":[{"@type":"ReadAction","target":["https:\/\/www.accuratereviews.com\/it\/programmi-preventivi\/logicbox-recensione\/"]}]},{"@type":"ImageObject","inLanguage":"it-IT","@id":"https:\/\/www.accuratereviews.com\/it\/programmi-preventivi\/logicbox-recensione\/#primaryimage","url":"https:\/\/www.accuratereviews.com\/wp-content\/uploads\/2022\/02\/uhqabig5ktxpleu3om98.webp","contentUrl":"https:\/\/www.accuratereviews.com\/wp-content\/uploads\/2022\/02\/uhqabig5ktxpleu3om98.webp","width":256,"height":256},{"@type":"BreadcrumbList","@id":"https:\/\/www.accuratereviews.com\/it\/programmi-preventivi\/logicbox-recensione\/#breadcrumb","itemListElement":[{"@type":"ListItem","position":1,"name":"Home","item":"https:\/\/www.accuratereviews.com\/it\/"},{"@type":"ListItem","position":2,"name":"Programmi per fare preventivi","item":"https:\/\/www.accuratereviews.com\/it\/programmi-preventivi\/"},{"@type":"ListItem","position":3,"name":"LogicBox"}]},{"@type":"WebSite","@id":"https:\/\/www.accuratereviews.com\/it\/#website","url":"https:\/\/www.accuratereviews.com\/it\/","name":"Accurate Reviews","description":"","potentialAction":[{"@type":"SearchAction","target":{"@type":"EntryPoint","urlTemplate":"https:\/\/www.accuratereviews.com\/it\/?s={search_term_string}"},"query-input":{"@type":"PropertyValueSpecification","valueRequired":true,"valueName":"search_term_string"}}],"inLanguage":"it-IT"}]}},"_links":{"self":[{"href":"https:\/\/www.accuratereviews.com\/it\/wp-json\/wp\/v2\/pages\/53159","targetHints":{"allow":["GET"]}}],"collection":[{"href":"https:\/\/www.accuratereviews.com\/it\/wp-json\/wp\/v2\/pages"}],"about":[{"href":"https:\/\/www.accuratereviews.com\/it\/wp-json\/wp\/v2\/types\/page"}],"author":[{"embeddable":true,"href":"https:\/\/www.accuratereviews.com\/it\/wp-json\/wp\/v2\/users\/17"}],"replies":[{"embeddable":true,"href":"https:\/\/www.accuratereviews.com\/it\/wp-json\/wp\/v2\/comments?post=53159"}],"version-history":[{"count":3,"href":"https:\/\/www.accuratereviews.com\/it\/wp-json\/wp\/v2\/pages\/53159\/revisions"}],"predecessor-version":[{"id":53168,"href":"https:\/\/www.accuratereviews.com\/it\/wp-json\/wp\/v2\/pages\/53159\/revisions\/53168"}],"up":[{"embeddable":true,"href":"https:\/\/www.accuratereviews.com\/it\/wp-json\/wp\/v2\/pages\/52783"}],"wp:featuredmedia":[{"embeddable":true,"href":"https:\/\/www.accuratereviews.com\/it\/wp-json\/wp\/v2\/media\/53161"}],"wp:attachment":[{"href":"https:\/\/www.accuratereviews.com\/it\/wp-json\/wp\/v2\/media?parent=53159"}],"wp:term":[{"taxonomy":"category","embeddable":true,"href":"https:\/\/www.accuratereviews.com\/it\/wp-json\/wp\/v2\/categories?post=53159"},{"taxonomy":"post_tag","embeddable":true,"href":"https:\/\/www.accuratereviews.com\/it\/wp-json\/wp\/v2\/tags?post=53159"},{"taxonomy":"features","embeddable":true,"href":"https:\/\/www.accuratereviews.com\/it\/wp-json\/wp\/v2\/features?post=53159"}],"curies":[{"name":"wp","href":"https:\/\/api.w.org\/{rel}","templated":true}]}}