{"id":53175,"date":"2022-02-02T12:33:32","date_gmt":"2022-02-02T12:33:32","guid":{"rendered":"https:\/\/www.accuratereviews.com\/?page_id=53175"},"modified":"2022-02-02T12:33:32","modified_gmt":"2022-02-02T12:33:32","slug":"configure-one-recensione","status":"publish","type":"page","link":"https:\/\/www.accuratereviews.com\/it\/programmi-preventivi\/configure-one-recensione\/","title":{"rendered":"Configure One"},"content":{"rendered":"<p><strong>Configure One<\/strong>\u00a0\u00e8 una <strong>soluzione per la configurazione del preventivo<\/strong> facile da usare e da implementare utilizzata da piccole e grandi aziende manifatturiere per vendere ed elaborare in modo efficiente gli ordini per i loro prodotti e servizi configurabili, multi-opzione e personalizzabili. La potente e veloce applicazione CPQ aziendale consente l&#8217;acquisizione efficiente delle regole di configurazione per varie linee di prodotti. Offre inoltre un&#8217;ampia funzionalit\u00e0 di determinazione dei prezzi, costi e sconti che rende l&#8217;implementazione di nuove strategie di prezzo un gioco da ragazzi. Inoltre, <strong>Configure One<\/strong> semplifica la creazione di preventivi e documenti di proposta fornendo un<strong> generatore di preventivi<\/strong> in \u200b\u200bgrado di produrre istantaneamente documenti. La soluzione fornisce funzionalit\u00e0 di automazione della progettazione che consentono agli utenti di creare disegni di vendita e produzione 2D e 3D.<\/p>\n<h2>CONFIGURE ONE &#8211; TUTORIAL<\/h2>\n<p>Ecco un breve tutorial su questo <strong>programma che genera preventivi<\/strong>:<\/p>\n<div id=\"fluid-wrapper-counter-1\" class=\"g1-fluid-wrapper \" style=\"width:686px;\">\n<div style=\"padding-bottom:56.268221574344%;\"><iframe loading=\"lazy\" title=\"Configure, Price, Quote (CPQ) Software Demonstration - Configure One\" width=\"686\" height=\"386\" src=\"https:\/\/www.youtube.com\/embed\/oJBbFXCSa0Y?feature=oembed&amp;wmode=transparent&amp;autohide=1&amp;autoplay=0&amp;disablekb=0&amp;fs=1&amp;loop=0&amp;enablejsapi=1&amp;rel=0&amp;controls=2&amp;showinfo=0&amp;wmode=transparent&amp;autohide=2&amp;autoplay=0&amp;disablekb=0&amp;fs=1&amp;loop=0&amp;enablejsapi=1&amp;rel=0&amp;controls=2&amp;showinfo=1\" frameborder=\"0\" allow=\"accelerometer; autoplay; clipboard-write; encrypted-media; gyroscope; picture-in-picture\" allowfullscreen><\/iframe><\/div>\n<\/div>\n<h3>CONFIGURE ONE &#8211; CARATTERISTICHE<\/h3>\n<ul>\n<li><strong>Crea configurazioni uniche di prodotti complessi:<\/strong> le configurazioni utilizzano una variet\u00e0 di regole e logiche per guidare in modo intelligente gli utenti attraverso il processo di configurazione. Ulteriori opzioni di visualizzazione consentono ai clienti di vedere come apparir\u00e0 la loro configurazione in tempo reale quando ogni opzione viene selezionata. Le schermate amministrative di facile utilizzo consentono di definire e mantenere le regole con un controllo di precisione<\/li>\n<li><strong>Calcora i prezzi in modo dinamico o utilizzare le informazioni sui materiali<\/strong>: la soluzione offre una perfetta integrazione CPQ per Salesforce. Sfrutta la potenza delle configurazioni, dei preventivi e delle funzionalit\u00e0 di determinazione dei prezzi. L&#8217;integrazione si collega direttamente all&#8217;interfaccia Salesforce per le opportunit\u00e0 e i dati dei clienti che vengono inviati nella CPQ \u00a0per popolare automaticamente i dati dei preventivi<\/li>\n<li><strong>Fornire preventivi completi per i clienti<\/strong>: visualizza e modifica le distinte base dall&#8217;interfaccia dei preventivi, gestisci i clienti e genera documenti dinamici. I documenti di preventivo possono includere distinte base, dati su clienti e articoli, immagini, disegni, foto dei prodotti e altro ancora. Il creatore di documenti include anche le schede tecniche configurate e le fatture degli ordini<\/li>\n<li><strong>Completa una vendita e invia un ordine tramite il web<\/strong>: monitora gli ordini con report personalizzabili e una coda degli ordini per la revisione prima dell&#8217;approvazione finale. Il programma fornisce tutti gli strumenti necessari per spostare l&#8217;intero processo di vendita in un&#8217;unica applicazione.<\/li>\n<\/ul>\n<h4>LE RECENSIONI DEGLI UTENTI<\/h4>\n<p class=\"font-weight-bold mb-2\"><strong>Marvin S.&#8221;Ottimo strumento per soluzioni personalizzate&#8221;<\/strong><\/p>\n<p><span class=\"font-weight-bold\"><strong>Commenti<\/strong>: <\/span>Costruiamo e integriamo sistemi di alimentazione personalizzati e questo software consente a noi e ai nostri clienti di selezionare le parti e le opzioni corrette. Questo ci consente anche di monitorare il costo e il margine di profitto per ciascun progetto.<\/p>\n<p class=\"font-weight-bold mb-2\"><strong>Pro<\/strong>:\u00a0La capacit\u00e0 di manipolare l&#8217;interfaccia per fare ci\u00f2 di cui hai bisogno. La facilit\u00e0 d&#8217;uso \u00e8 fantastica per l&#8217;utente finale.<\/p>\n<p class=\"font-weight-bold mb-2\"><strong>Contro<\/strong>:\u00a0Non ho davvero nulla di negativo da dire su questo software.<\/p>\n<p class=\"font-weight-bold mb-2\"><strong>Nathan B.&#8221;Distribuzione&#8221;<\/strong><\/p>\n<p class=\"font-weight-bold mb-2\"><strong>Pro<\/strong>: configuratore Basato su cloud Collegamento a Salesforce Capacit\u00e0 di elaborare modelli.<\/p>\n<p class=\"font-weight-bold mb-2\"><strong>Contro<\/strong>:\u00a0La quantit\u00e0 di clic del mouse richiesti. Il software sembra ottimizzato per configurazioni complesse di grandi dimensioni. Lottato per trovare modi efficienti per aggiungere molti articoli vendibili.<\/p>\n<p class=\"font-weight-bold mb-2\"><strong>Wilma D.&#8221;Recensione gennaio 2020&#8243;<\/strong><\/p>\n<p class=\"font-weight-bold mb-2\"><strong>Pro<\/strong>:\u00a0La facilit\u00e0 di impostare nuovi input, prodotti, aggiungere i risultati e utilizzare la logica.<\/p>\n<p class=\"font-weight-bold mb-2\"><strong>Contro<\/strong>:\u00a0L&#8217;errore di disconnessione automatica continua a comparire di tanto in tanto (indipendentemente dall&#8217;uso del browser e dai programmi aperti). Peccato che il livello di sconto non possa essere organizzato in C1 nel modo in cui ci serve (funzionalit\u00e0 standard). L&#8217;impostazione dei nostri numeri 4 e 6 \u00e8 piuttosto complessa e richiede tempo. Sarebbe bello se questo potesse essere semplificato.<\/p>\n","protected":false},"excerpt":{"rendered":"<p>Configure One\u00a0\u00e8 una soluzione per la configurazione del preventivo facile da usare e da implementare utilizzata da piccole e grandi aziende manifatturiere per vendere ed elaborare in modo efficiente gli ordini per i loro prodotti e servizi configurabili, multi-opzione e personalizzabili. La potente e veloce applicazione CPQ aziendale consente l&#8217;acquisizione efficiente delle regole di configurazione per varie linee di prodotti.<\/p>\n","protected":false},"author":16,"featured_media":53176,"parent":52783,"menu_order":0,"comment_status":"open","ping_status":"closed","template":"g1_template_page_review_new.php","meta":{"_acf_changed":false,"cwp_meta_box_check":"No","cwp_rev_product_name":"","cwp_rev_product_image":"","wppr_links":[],"cwp_rev_price":"","wppr_options":[],"wppr_pros":[],"wppr_cons":[],"_monsterinsights_skip_tracking":false,"_monsterinsights_sitenote_active":false,"_monsterinsights_sitenote_note":"","_monsterinsights_sitenote_category":0,"footnotes":""},"categories":[11869],"tags":[11933,11905,11874,11877,11872,11873],"features":[],"class_list":{"0":"post-53175","1":"page","2":"type-page","3":"status-publish","4":"has-post-thumbnail","6":"category-programmi-preventivi-cat","7":"tag-configure-one","8":"tag-creazione-preventivi","9":"tag-piattaforma-per-fare-preventivi","10":"tag-programma-per-fare-preventivi","11":"tag-software-per-fare-preventivi","12":"tag-soluzione-per-fare-preventivi"},"wppr_data":{"cwp_meta_box_check":"No"},"acf":[],"yoast_head":"<!-- This site is optimized with the Yoast SEO plugin v27.4 - https:\/\/yoast.com\/product\/yoast-seo-wordpress\/ -->\n<title>Configure One: recensione software per fare preventivi - Accurate Reviews<\/title>\n<meta name=\"description\" content=\"Configure One: recensione\u00a0soluzione per la configurazione del preventivo facile da usare utilizzata da piccole e grandi aziende manifatturiere\" \/>\n<meta name=\"robots\" content=\"index, follow, max-snippet:-1, max-image-preview:large, max-video-preview:-1\" \/>\n<link rel=\"canonical\" href=\"https:\/\/www.accuratereviews.com\/it\/programmi-preventivi\/configure-one-recensione\/\" \/>\n<meta property=\"og:locale\" content=\"it_IT\" \/>\n<meta property=\"og:type\" content=\"article\" \/>\n<meta property=\"og:title\" content=\"Configure One: recensione software per fare preventivi - Accurate Reviews\" \/>\n<meta property=\"og:description\" content=\"Configure One: recensione\u00a0soluzione per la configurazione del preventivo facile da usare utilizzata da piccole e grandi aziende manifatturiere\" \/>\n<meta property=\"og:url\" content=\"https:\/\/www.accuratereviews.com\/it\/programmi-preventivi\/configure-one-recensione\/\" \/>\n<meta property=\"og:site_name\" content=\"Accurate Reviews\" \/>\n<meta property=\"og:image\" content=\"https:\/\/www.accuratereviews.com\/wp-content\/uploads\/2022\/02\/Configure-One.webp\" \/>\n\t<meta property=\"og:image:width\" content=\"256\" \/>\n\t<meta property=\"og:image:height\" content=\"256\" \/>\n\t<meta property=\"og:image:type\" content=\"image\/webp\" \/>\n<meta name=\"twitter:card\" content=\"summary_large_image\" \/>\n<meta name=\"twitter:label1\" content=\"Tempo di lettura stimato\" \/>\n\t<meta name=\"twitter:data1\" content=\"4 minuti\" \/>\n<script type=\"application\/ld+json\" class=\"yoast-schema-graph\">{\"@context\":\"https:\\\/\\\/schema.org\",\"@graph\":[{\"@type\":\"WebPage\",\"@id\":\"https:\\\/\\\/www.accuratereviews.com\\\/it\\\/programmi-preventivi\\\/configure-one-recensione\\\/\",\"url\":\"https:\\\/\\\/www.accuratereviews.com\\\/it\\\/programmi-preventivi\\\/configure-one-recensione\\\/\",\"name\":\"Configure One: recensione software per fare preventivi - Accurate Reviews\",\"isPartOf\":{\"@id\":\"https:\\\/\\\/www.accuratereviews.com\\\/it\\\/#website\"},\"primaryImageOfPage\":{\"@id\":\"https:\\\/\\\/www.accuratereviews.com\\\/it\\\/programmi-preventivi\\\/configure-one-recensione\\\/#primaryimage\"},\"image\":{\"@id\":\"https:\\\/\\\/www.accuratereviews.com\\\/it\\\/programmi-preventivi\\\/configure-one-recensione\\\/#primaryimage\"},\"thumbnailUrl\":\"https:\\\/\\\/www.accuratereviews.com\\\/wp-content\\\/uploads\\\/2022\\\/02\\\/Configure-One.webp\",\"datePublished\":\"2022-02-02T12:33:32+00:00\",\"description\":\"Configure One: recensione\u00a0soluzione per la configurazione del preventivo facile da usare utilizzata da piccole e grandi aziende manifatturiere\",\"breadcrumb\":{\"@id\":\"https:\\\/\\\/www.accuratereviews.com\\\/it\\\/programmi-preventivi\\\/configure-one-recensione\\\/#breadcrumb\"},\"inLanguage\":\"it-IT\",\"potentialAction\":[{\"@type\":\"ReadAction\",\"target\":[\"https:\\\/\\\/www.accuratereviews.com\\\/it\\\/programmi-preventivi\\\/configure-one-recensione\\\/\"]}]},{\"@type\":\"ImageObject\",\"inLanguage\":\"it-IT\",\"@id\":\"https:\\\/\\\/www.accuratereviews.com\\\/it\\\/programmi-preventivi\\\/configure-one-recensione\\\/#primaryimage\",\"url\":\"https:\\\/\\\/www.accuratereviews.com\\\/wp-content\\\/uploads\\\/2022\\\/02\\\/Configure-One.webp\",\"contentUrl\":\"https:\\\/\\\/www.accuratereviews.com\\\/wp-content\\\/uploads\\\/2022\\\/02\\\/Configure-One.webp\",\"width\":256,\"height\":256},{\"@type\":\"BreadcrumbList\",\"@id\":\"https:\\\/\\\/www.accuratereviews.com\\\/it\\\/programmi-preventivi\\\/configure-one-recensione\\\/#breadcrumb\",\"itemListElement\":[{\"@type\":\"ListItem\",\"position\":1,\"name\":\"Home\",\"item\":\"https:\\\/\\\/www.accuratereviews.com\\\/it\\\/\"},{\"@type\":\"ListItem\",\"position\":2,\"name\":\"Programmi per fare preventivi\",\"item\":\"https:\\\/\\\/www.accuratereviews.com\\\/it\\\/programmi-preventivi\\\/\"},{\"@type\":\"ListItem\",\"position\":3,\"name\":\"Configure One\"}]},{\"@type\":\"WebSite\",\"@id\":\"https:\\\/\\\/www.accuratereviews.com\\\/it\\\/#website\",\"url\":\"https:\\\/\\\/www.accuratereviews.com\\\/it\\\/\",\"name\":\"Accurate Reviews\",\"description\":\"\",\"potentialAction\":[{\"@type\":\"SearchAction\",\"target\":{\"@type\":\"EntryPoint\",\"urlTemplate\":\"https:\\\/\\\/www.accuratereviews.com\\\/it\\\/?s={search_term_string}\"},\"query-input\":{\"@type\":\"PropertyValueSpecification\",\"valueRequired\":true,\"valueName\":\"search_term_string\"}}],\"inLanguage\":\"it-IT\"}]}<\/script>\n<!-- \/ Yoast SEO plugin. -->","yoast_head_json":{"title":"Configure One: recensione software per fare preventivi - Accurate Reviews","description":"Configure One: recensione\u00a0soluzione per la configurazione del preventivo facile da usare utilizzata da piccole e grandi aziende manifatturiere","robots":{"index":"index","follow":"follow","max-snippet":"max-snippet:-1","max-image-preview":"max-image-preview:large","max-video-preview":"max-video-preview:-1"},"canonical":"https:\/\/www.accuratereviews.com\/it\/programmi-preventivi\/configure-one-recensione\/","og_locale":"it_IT","og_type":"article","og_title":"Configure One: recensione software per fare preventivi - Accurate Reviews","og_description":"Configure One: recensione\u00a0soluzione per la configurazione del preventivo facile da usare utilizzata da piccole e grandi aziende manifatturiere","og_url":"https:\/\/www.accuratereviews.com\/it\/programmi-preventivi\/configure-one-recensione\/","og_site_name":"Accurate Reviews","og_image":[{"width":256,"height":256,"url":"https:\/\/www.accuratereviews.com\/wp-content\/uploads\/2022\/02\/Configure-One.webp","type":"image\/webp"}],"twitter_card":"summary_large_image","twitter_misc":{"Tempo di lettura stimato":"4 minuti"},"schema":{"@context":"https:\/\/schema.org","@graph":[{"@type":"WebPage","@id":"https:\/\/www.accuratereviews.com\/it\/programmi-preventivi\/configure-one-recensione\/","url":"https:\/\/www.accuratereviews.com\/it\/programmi-preventivi\/configure-one-recensione\/","name":"Configure One: recensione software per fare preventivi - Accurate Reviews","isPartOf":{"@id":"https:\/\/www.accuratereviews.com\/it\/#website"},"primaryImageOfPage":{"@id":"https:\/\/www.accuratereviews.com\/it\/programmi-preventivi\/configure-one-recensione\/#primaryimage"},"image":{"@id":"https:\/\/www.accuratereviews.com\/it\/programmi-preventivi\/configure-one-recensione\/#primaryimage"},"thumbnailUrl":"https:\/\/www.accuratereviews.com\/wp-content\/uploads\/2022\/02\/Configure-One.webp","datePublished":"2022-02-02T12:33:32+00:00","description":"Configure One: recensione\u00a0soluzione per la configurazione del preventivo facile da usare utilizzata da piccole e grandi aziende manifatturiere","breadcrumb":{"@id":"https:\/\/www.accuratereviews.com\/it\/programmi-preventivi\/configure-one-recensione\/#breadcrumb"},"inLanguage":"it-IT","potentialAction":[{"@type":"ReadAction","target":["https:\/\/www.accuratereviews.com\/it\/programmi-preventivi\/configure-one-recensione\/"]}]},{"@type":"ImageObject","inLanguage":"it-IT","@id":"https:\/\/www.accuratereviews.com\/it\/programmi-preventivi\/configure-one-recensione\/#primaryimage","url":"https:\/\/www.accuratereviews.com\/wp-content\/uploads\/2022\/02\/Configure-One.webp","contentUrl":"https:\/\/www.accuratereviews.com\/wp-content\/uploads\/2022\/02\/Configure-One.webp","width":256,"height":256},{"@type":"BreadcrumbList","@id":"https:\/\/www.accuratereviews.com\/it\/programmi-preventivi\/configure-one-recensione\/#breadcrumb","itemListElement":[{"@type":"ListItem","position":1,"name":"Home","item":"https:\/\/www.accuratereviews.com\/it\/"},{"@type":"ListItem","position":2,"name":"Programmi per fare preventivi","item":"https:\/\/www.accuratereviews.com\/it\/programmi-preventivi\/"},{"@type":"ListItem","position":3,"name":"Configure One"}]},{"@type":"WebSite","@id":"https:\/\/www.accuratereviews.com\/it\/#website","url":"https:\/\/www.accuratereviews.com\/it\/","name":"Accurate Reviews","description":"","potentialAction":[{"@type":"SearchAction","target":{"@type":"EntryPoint","urlTemplate":"https:\/\/www.accuratereviews.com\/it\/?s={search_term_string}"},"query-input":{"@type":"PropertyValueSpecification","valueRequired":true,"valueName":"search_term_string"}}],"inLanguage":"it-IT"}]}},"_links":{"self":[{"href":"https:\/\/www.accuratereviews.com\/it\/wp-json\/wp\/v2\/pages\/53175","targetHints":{"allow":["GET"]}}],"collection":[{"href":"https:\/\/www.accuratereviews.com\/it\/wp-json\/wp\/v2\/pages"}],"about":[{"href":"https:\/\/www.accuratereviews.com\/it\/wp-json\/wp\/v2\/types\/page"}],"author":[{"embeddable":true,"href":"https:\/\/www.accuratereviews.com\/it\/wp-json\/wp\/v2\/users\/16"}],"replies":[{"embeddable":true,"href":"https:\/\/www.accuratereviews.com\/it\/wp-json\/wp\/v2\/comments?post=53175"}],"version-history":[{"count":8,"href":"https:\/\/www.accuratereviews.com\/it\/wp-json\/wp\/v2\/pages\/53175\/revisions"}],"predecessor-version":[{"id":53234,"href":"https:\/\/www.accuratereviews.com\/it\/wp-json\/wp\/v2\/pages\/53175\/revisions\/53234"}],"up":[{"embeddable":true,"href":"https:\/\/www.accuratereviews.com\/it\/wp-json\/wp\/v2\/pages\/52783"}],"wp:featuredmedia":[{"embeddable":true,"href":"https:\/\/www.accuratereviews.com\/it\/wp-json\/wp\/v2\/media\/53176"}],"wp:attachment":[{"href":"https:\/\/www.accuratereviews.com\/it\/wp-json\/wp\/v2\/media?parent=53175"}],"wp:term":[{"taxonomy":"category","embeddable":true,"href":"https:\/\/www.accuratereviews.com\/it\/wp-json\/wp\/v2\/categories?post=53175"},{"taxonomy":"post_tag","embeddable":true,"href":"https:\/\/www.accuratereviews.com\/it\/wp-json\/wp\/v2\/tags?post=53175"},{"taxonomy":"features","embeddable":true,"href":"https:\/\/www.accuratereviews.com\/it\/wp-json\/wp\/v2\/features?post=53175"}],"curies":[{"name":"wp","href":"https:\/\/api.w.org\/{rel}","templated":true}]}}