{"id":53194,"date":"2022-02-02T12:25:25","date_gmt":"2022-02-02T12:25:25","guid":{"rendered":"https:\/\/www.accuratereviews.com\/?page_id=53194"},"modified":"2022-02-03T08:18:33","modified_gmt":"2022-02-03T08:18:33","slug":"convertcalculator-recensione","status":"publish","type":"page","link":"https:\/\/www.accuratereviews.com\/it\/programmi-preventivi\/convertcalculator-recensione\/","title":{"rendered":"ConvertCalculator"},"content":{"rendered":"<p><strong>ConvertCalculator<\/strong> aiuta le piccole imprese ad aumentare le vendite e a ridurre i problemi. Consenti ai tuoi clienti di impostare i loro prezzi e aumentare le conversioni e le vendite del sito web.\u00a0Con questo programma puoi creare moduli di calcolo altamente flessibili e personalizzabili, da incorporare nel tuo sito web. \u00c8 perfetto per <strong>creare un preventivo,<\/strong> un modulo di prenotazione, calcoli finanziari e come configuratore di prodotto.\u00a0Con funzionalit\u00e0 intelligenti come la logica mostra\/nascondi, un&#8217;API JavaScript, integrazioni di input e output, pagamenti e tutti gli elementi del modulo di cui hai bisogno, <strong>ConvertCalculator<\/strong> offre una soluzione completa.\u00a0Creare un modulo di calcolo da zero \u00e8 un&#8217;impresa costosa. Per non parlare del tempo, dello sforzo e dello stress quando si apportano modifiche. Il programma ti consente di smettere di sprecare tempo e denaro preziosi e di concentrarti sulla tua attivit\u00e0.<\/p>\n<h2>CONVERTCALCULATOR &#8211; TUTORIAL<\/h2>\n<p>Ecco un breve tutorial che mostra come <strong>creare un preventivo<\/strong>:<\/p>\n<div class=\"wp-video\" style=\"max-width:1280px;\"><video class=\"wp-video-shortcode\" width=\"1280\" height=\"720\" controls autoplay muted playsinline preload=\"auto\"><source src=\"https:\/\/www.accuratereviews.com\/wp-content\/uploads\/2022\/02\/cleanerCleaningVideo-4940203d9e67449097fa303773cc7b97.mp4\" type=\"video\/mp4\"><\/video><\/div>\n<h3>CONVERTCALCULATOR &#8211; CARATTERISTICHE<\/h3>\n<ul>\n<li>Non sono necessarie competenze tecniche, di programmazione o di progettazione per attivare il software<\/li>\n<li>Estremamente flessibile. Lavora con Hubspot, MailChimp, Slack, Stripe e qualsiasi altro programma di cui ha bisogno<\/li>\n<li>Il builder supporta tutte le funzioni di Excel. Preparati a trasformare il tuo foglio di calcolo in un modulo personalizzato<\/li>\n<li>Accetta pagamenti online direttamente dal programma<\/li>\n<li>Crea e apporta tu stesso modifiche sui tuoi preventivi. Costruisci il tuo modulo di calcolo del sito web per renderlo unico<\/li>\n<li>Supporta oltre 32 tipi di domande, layout, elementi e risultati unici. Da semplici input a immagini tridimensionali<\/li>\n<li>Installazione in pochi minuti su qualsiasi sito web. Si integra con ogni piattaforma o CMS. Supporto mobile al 100%<\/li>\n<li>Crea moduli dinamici e interattivi con logica condizionale, che si adattano al modo in cui il tuo pubblico risponde a ogni domanda.<\/li>\n<\/ul>\n<h4>LE RECENSIONI DEGLI UTENTI<\/h4>\n<p class=\"font-weight-bold mb-2\"><strong>Raven W.&#8221;Il miglior generatore di preventivi personalizzate che ho trovato!&#8221;<\/strong><\/p>\n<p><span class=\"font-weight-bold\"><strong>Commenti<\/strong>: <\/span>Grande! Questo calcolatore \u00e8 una pietra miliare del nostro sito Web e della generazione di vendita e ha funzionato molto bene per le nostre esigenze. Altamente raccomandato.<\/p>\n<p class=\"font-weight-bold mb-2\"><strong>Pro<\/strong>:\u00a0Intuitivo e facile da usare, con un&#8217;ampia selezione di elementi che possono coprire quasi tutte le tue basi. Non si arresta mai in modo anomalo, si integra facilmente nel tuo sito e aggiorna le modifiche in tempo reale. Nel complesso un&#8217;app molto utile!<\/p>\n<p class=\"font-weight-bold mb-2\"><strong>Contro<\/strong>:\u00a0Sarebbe fantastico se potessi modificare parte della formattazione per i dispositivi mobili (la dimensione delle immagini e alcuni elementi possono cambiare in modo indesiderato). Sarebbe fantastico anche poter incorporare immagini nelle descrizioni comandi! Ovviamente, sembra esserci funzionalit\u00e0 per il codice personalizzato. In quanto non programmatore, questa app ha funzionalit\u00e0 intuitive e facili per il 90% delle funzionalit\u00e0 che vorrei.<\/p>\n<p class=\"font-weight-bold mb-2\"><strong>Kevin J.&#8221;Se gli utenti devono calcolare prima di effettuare un acquisto, il programma fa per te.&#8221;<\/strong><\/p>\n<p><span class=\"font-weight-bold\"><strong>Commenti<\/strong>: <\/span>\u00c8 uno strumento innovativo che migliora automaticamente il tuo sito.<\/p>\n<p class=\"font-weight-bold mb-2\"><strong>Pro<\/strong>:\u00a0\u00c8 un calcolatore integrato molto carino per un sito web. Consente agli utenti di eseguire calcoli all&#8217;interno del foglio senza andare altrove.<\/p>\n<p class=\"font-weight-bold mb-2\"><strong>Contro<\/strong>:\u00a0I limiti dei livelli di abbonamento inferiori.<\/p>\n<p class=\"font-weight-bold mb-2\"><strong>Kate J.&#8221;Qualsiasi sito web dovrebbe avere un programma del genere&#8221;<\/strong><\/p>\n<p><span class=\"font-weight-bold\"><strong>Commenti<\/strong>: ConvertCalculator<\/span>\u00a0\u00e8 stato facile da usare per creare un modulo preventivo personalizzato. Sia che tu ne abbia bisogno per fare un po&#8217; di matematica in background o per usare le istruzioni if\/then, dovresti essere in grado di progettare qualcosa che si adatta alle tue esigenze.<\/p>\n<p class=\"font-weight-bold mb-2\"><strong>Pro<\/strong>:\u00a0Altre societ\u00e0 addebitano centinaia di dollari al mese per mantenere un modulo di preventivo su un sito web. Questa \u00e8 un&#8217;alternativa semplice e relativamente economica per le piccole imprese. Qualsiasi azienda dovrebbe avere qualche aspetto della propria attivit\u00e0 che renderebbe un calcolatore accattivante sul proprio sito Web. Vai a costruirlo da solo con ConvertCalculator.<\/p>\n<p class=\"font-weight-bold mb-2\"><strong>Contro<\/strong>:\u00a0Non ho riscontrato alcuna funzionalit\u00e0 che mancava al software.<\/p>\n","protected":false},"excerpt":{"rendered":"<p>ConvertCalculator aiuta le piccole imprese ad aumentare le vendite e a ridurre i problemi. Consenti ai tuoi clienti di impostare i loro prezzi e aumentare le conversioni e le vendite del sito web.\u00a0Con questo programma puoi creare moduli di calcolo altamente flessibili e personalizzabili, da incorporare nel tuo sito web. \u00c8 perfetto per creare un preventivo, un modulo di prenotazione, calcoli finanziari e come configuratore di prodotto.\u00a0<\/p>\n","protected":false},"author":16,"featured_media":53196,"parent":52783,"menu_order":0,"comment_status":"open","ping_status":"closed","template":"g1_template_page_review_new.php","meta":{"_acf_changed":false,"cwp_meta_box_check":"No","cwp_rev_product_name":"","cwp_rev_product_image":"","wppr_links":[],"cwp_rev_price":"","wppr_options":[],"wppr_pros":[],"wppr_cons":[],"_monsterinsights_skip_tracking":false,"_monsterinsights_sitenote_active":false,"_monsterinsights_sitenote_note":"","_monsterinsights_sitenote_category":0,"footnotes":""},"categories":[11869],"tags":[11934,11905,11874,11870,11872,11873],"features":[],"class_list":{"0":"post-53194","1":"page","2":"type-page","3":"status-publish","4":"has-post-thumbnail","6":"category-programmi-preventivi-cat","7":"tag-convertcalculator","8":"tag-creazione-preventivi","9":"tag-piattaforma-per-fare-preventivi","10":"tag-programmi-per-fare-preventivi","11":"tag-software-per-fare-preventivi","12":"tag-soluzione-per-fare-preventivi"},"wppr_data":{"cwp_meta_box_check":"No"},"acf":[],"yoast_head":"<!-- This site is optimized with the Yoast SEO plugin v27.4 - https:\/\/yoast.com\/product\/yoast-seo-wordpress\/ -->\n<title>ConvertCalculator: recensione software per fare preventivi<\/title>\n<meta name=\"description\" content=\"ConvertCalculator: recensione software per fare preventivi che aiuta le piccole imprese ad aumentare le vendite e a ridurre i problemi.\" \/>\n<meta name=\"robots\" content=\"index, follow, max-snippet:-1, max-image-preview:large, max-video-preview:-1\" \/>\n<link rel=\"canonical\" href=\"https:\/\/www.accuratereviews.com\/it\/programmi-preventivi\/convertcalculator-recensione\/\" \/>\n<meta property=\"og:locale\" content=\"it_IT\" \/>\n<meta property=\"og:type\" content=\"article\" \/>\n<meta property=\"og:title\" content=\"ConvertCalculator: recensione software per fare preventivi\" \/>\n<meta property=\"og:description\" content=\"ConvertCalculator: recensione software per fare preventivi che aiuta le piccole imprese ad aumentare le vendite e a ridurre i problemi.\" \/>\n<meta property=\"og:url\" content=\"https:\/\/www.accuratereviews.com\/it\/programmi-preventivi\/convertcalculator-recensione\/\" \/>\n<meta property=\"og:site_name\" content=\"Accurate Reviews\" \/>\n<meta property=\"article:modified_time\" content=\"2022-02-03T08:18:33+00:00\" \/>\n<meta property=\"og:image\" content=\"https:\/\/www.accuratereviews.com\/wp-content\/uploads\/2022\/02\/convertcalculator.png\" \/>\n\t<meta property=\"og:image:width\" content=\"500\" \/>\n\t<meta property=\"og:image:height\" content=\"500\" \/>\n\t<meta property=\"og:image:type\" content=\"image\/png\" \/>\n<meta name=\"twitter:card\" content=\"summary_large_image\" \/>\n<meta name=\"twitter:label1\" content=\"Tempo di lettura stimato\" \/>\n\t<meta name=\"twitter:data1\" content=\"4 minuti\" \/>\n<script type=\"application\/ld+json\" class=\"yoast-schema-graph\">{\"@context\":\"https:\\\/\\\/schema.org\",\"@graph\":[{\"@type\":\"WebPage\",\"@id\":\"https:\\\/\\\/www.accuratereviews.com\\\/it\\\/programmi-preventivi\\\/convertcalculator-recensione\\\/\",\"url\":\"https:\\\/\\\/www.accuratereviews.com\\\/it\\\/programmi-preventivi\\\/convertcalculator-recensione\\\/\",\"name\":\"ConvertCalculator: recensione software per fare preventivi\",\"isPartOf\":{\"@id\":\"https:\\\/\\\/www.accuratereviews.com\\\/it\\\/#website\"},\"primaryImageOfPage\":{\"@id\":\"https:\\\/\\\/www.accuratereviews.com\\\/it\\\/programmi-preventivi\\\/convertcalculator-recensione\\\/#primaryimage\"},\"image\":{\"@id\":\"https:\\\/\\\/www.accuratereviews.com\\\/it\\\/programmi-preventivi\\\/convertcalculator-recensione\\\/#primaryimage\"},\"thumbnailUrl\":\"https:\\\/\\\/www.accuratereviews.com\\\/wp-content\\\/uploads\\\/2022\\\/02\\\/convertcalculator.png\",\"datePublished\":\"2022-02-02T12:25:25+00:00\",\"dateModified\":\"2022-02-03T08:18:33+00:00\",\"description\":\"ConvertCalculator: recensione software per fare preventivi che aiuta le piccole imprese ad aumentare le vendite e a ridurre i problemi.\",\"breadcrumb\":{\"@id\":\"https:\\\/\\\/www.accuratereviews.com\\\/it\\\/programmi-preventivi\\\/convertcalculator-recensione\\\/#breadcrumb\"},\"inLanguage\":\"it-IT\",\"potentialAction\":[{\"@type\":\"ReadAction\",\"target\":[\"https:\\\/\\\/www.accuratereviews.com\\\/it\\\/programmi-preventivi\\\/convertcalculator-recensione\\\/\"]}]},{\"@type\":\"ImageObject\",\"inLanguage\":\"it-IT\",\"@id\":\"https:\\\/\\\/www.accuratereviews.com\\\/it\\\/programmi-preventivi\\\/convertcalculator-recensione\\\/#primaryimage\",\"url\":\"https:\\\/\\\/www.accuratereviews.com\\\/wp-content\\\/uploads\\\/2022\\\/02\\\/convertcalculator.png\",\"contentUrl\":\"https:\\\/\\\/www.accuratereviews.com\\\/wp-content\\\/uploads\\\/2022\\\/02\\\/convertcalculator.png\",\"width\":500,\"height\":500},{\"@type\":\"BreadcrumbList\",\"@id\":\"https:\\\/\\\/www.accuratereviews.com\\\/it\\\/programmi-preventivi\\\/convertcalculator-recensione\\\/#breadcrumb\",\"itemListElement\":[{\"@type\":\"ListItem\",\"position\":1,\"name\":\"Home\",\"item\":\"https:\\\/\\\/www.accuratereviews.com\\\/it\\\/\"},{\"@type\":\"ListItem\",\"position\":2,\"name\":\"Programmi per fare preventivi\",\"item\":\"https:\\\/\\\/www.accuratereviews.com\\\/it\\\/programmi-preventivi\\\/\"},{\"@type\":\"ListItem\",\"position\":3,\"name\":\"ConvertCalculator\"}]},{\"@type\":\"WebSite\",\"@id\":\"https:\\\/\\\/www.accuratereviews.com\\\/it\\\/#website\",\"url\":\"https:\\\/\\\/www.accuratereviews.com\\\/it\\\/\",\"name\":\"Accurate Reviews\",\"description\":\"\",\"potentialAction\":[{\"@type\":\"SearchAction\",\"target\":{\"@type\":\"EntryPoint\",\"urlTemplate\":\"https:\\\/\\\/www.accuratereviews.com\\\/it\\\/?s={search_term_string}\"},\"query-input\":{\"@type\":\"PropertyValueSpecification\",\"valueRequired\":true,\"valueName\":\"search_term_string\"}}],\"inLanguage\":\"it-IT\"}]}<\/script>\n<!-- \/ Yoast SEO plugin. -->","yoast_head_json":{"title":"ConvertCalculator: recensione software per fare preventivi","description":"ConvertCalculator: recensione software per fare preventivi che aiuta le piccole imprese ad aumentare le vendite e a ridurre i problemi.","robots":{"index":"index","follow":"follow","max-snippet":"max-snippet:-1","max-image-preview":"max-image-preview:large","max-video-preview":"max-video-preview:-1"},"canonical":"https:\/\/www.accuratereviews.com\/it\/programmi-preventivi\/convertcalculator-recensione\/","og_locale":"it_IT","og_type":"article","og_title":"ConvertCalculator: recensione software per fare preventivi","og_description":"ConvertCalculator: recensione software per fare preventivi che aiuta le piccole imprese ad aumentare le vendite e a ridurre i problemi.","og_url":"https:\/\/www.accuratereviews.com\/it\/programmi-preventivi\/convertcalculator-recensione\/","og_site_name":"Accurate Reviews","article_modified_time":"2022-02-03T08:18:33+00:00","og_image":[{"width":500,"height":500,"url":"https:\/\/www.accuratereviews.com\/wp-content\/uploads\/2022\/02\/convertcalculator.png","type":"image\/png"}],"twitter_card":"summary_large_image","twitter_misc":{"Tempo di lettura stimato":"4 minuti"},"schema":{"@context":"https:\/\/schema.org","@graph":[{"@type":"WebPage","@id":"https:\/\/www.accuratereviews.com\/it\/programmi-preventivi\/convertcalculator-recensione\/","url":"https:\/\/www.accuratereviews.com\/it\/programmi-preventivi\/convertcalculator-recensione\/","name":"ConvertCalculator: recensione software per fare preventivi","isPartOf":{"@id":"https:\/\/www.accuratereviews.com\/it\/#website"},"primaryImageOfPage":{"@id":"https:\/\/www.accuratereviews.com\/it\/programmi-preventivi\/convertcalculator-recensione\/#primaryimage"},"image":{"@id":"https:\/\/www.accuratereviews.com\/it\/programmi-preventivi\/convertcalculator-recensione\/#primaryimage"},"thumbnailUrl":"https:\/\/www.accuratereviews.com\/wp-content\/uploads\/2022\/02\/convertcalculator.png","datePublished":"2022-02-02T12:25:25+00:00","dateModified":"2022-02-03T08:18:33+00:00","description":"ConvertCalculator: recensione software per fare preventivi che aiuta le piccole imprese ad aumentare le vendite e a ridurre i problemi.","breadcrumb":{"@id":"https:\/\/www.accuratereviews.com\/it\/programmi-preventivi\/convertcalculator-recensione\/#breadcrumb"},"inLanguage":"it-IT","potentialAction":[{"@type":"ReadAction","target":["https:\/\/www.accuratereviews.com\/it\/programmi-preventivi\/convertcalculator-recensione\/"]}]},{"@type":"ImageObject","inLanguage":"it-IT","@id":"https:\/\/www.accuratereviews.com\/it\/programmi-preventivi\/convertcalculator-recensione\/#primaryimage","url":"https:\/\/www.accuratereviews.com\/wp-content\/uploads\/2022\/02\/convertcalculator.png","contentUrl":"https:\/\/www.accuratereviews.com\/wp-content\/uploads\/2022\/02\/convertcalculator.png","width":500,"height":500},{"@type":"BreadcrumbList","@id":"https:\/\/www.accuratereviews.com\/it\/programmi-preventivi\/convertcalculator-recensione\/#breadcrumb","itemListElement":[{"@type":"ListItem","position":1,"name":"Home","item":"https:\/\/www.accuratereviews.com\/it\/"},{"@type":"ListItem","position":2,"name":"Programmi per fare preventivi","item":"https:\/\/www.accuratereviews.com\/it\/programmi-preventivi\/"},{"@type":"ListItem","position":3,"name":"ConvertCalculator"}]},{"@type":"WebSite","@id":"https:\/\/www.accuratereviews.com\/it\/#website","url":"https:\/\/www.accuratereviews.com\/it\/","name":"Accurate Reviews","description":"","potentialAction":[{"@type":"SearchAction","target":{"@type":"EntryPoint","urlTemplate":"https:\/\/www.accuratereviews.com\/it\/?s={search_term_string}"},"query-input":{"@type":"PropertyValueSpecification","valueRequired":true,"valueName":"search_term_string"}}],"inLanguage":"it-IT"}]}},"_links":{"self":[{"href":"https:\/\/www.accuratereviews.com\/it\/wp-json\/wp\/v2\/pages\/53194","targetHints":{"allow":["GET"]}}],"collection":[{"href":"https:\/\/www.accuratereviews.com\/it\/wp-json\/wp\/v2\/pages"}],"about":[{"href":"https:\/\/www.accuratereviews.com\/it\/wp-json\/wp\/v2\/types\/page"}],"author":[{"embeddable":true,"href":"https:\/\/www.accuratereviews.com\/it\/wp-json\/wp\/v2\/users\/16"}],"replies":[{"embeddable":true,"href":"https:\/\/www.accuratereviews.com\/it\/wp-json\/wp\/v2\/comments?post=53194"}],"version-history":[{"count":10,"href":"https:\/\/www.accuratereviews.com\/it\/wp-json\/wp\/v2\/pages\/53194\/revisions"}],"predecessor-version":[{"id":53258,"href":"https:\/\/www.accuratereviews.com\/it\/wp-json\/wp\/v2\/pages\/53194\/revisions\/53258"}],"up":[{"embeddable":true,"href":"https:\/\/www.accuratereviews.com\/it\/wp-json\/wp\/v2\/pages\/52783"}],"wp:featuredmedia":[{"embeddable":true,"href":"https:\/\/www.accuratereviews.com\/it\/wp-json\/wp\/v2\/media\/53196"}],"wp:attachment":[{"href":"https:\/\/www.accuratereviews.com\/it\/wp-json\/wp\/v2\/media?parent=53194"}],"wp:term":[{"taxonomy":"category","embeddable":true,"href":"https:\/\/www.accuratereviews.com\/it\/wp-json\/wp\/v2\/categories?post=53194"},{"taxonomy":"post_tag","embeddable":true,"href":"https:\/\/www.accuratereviews.com\/it\/wp-json\/wp\/v2\/tags?post=53194"},{"taxonomy":"features","embeddable":true,"href":"https:\/\/www.accuratereviews.com\/it\/wp-json\/wp\/v2\/features?post=53194"}],"curies":[{"name":"wp","href":"https:\/\/api.w.org\/{rel}","templated":true}]}}