{"id":53237,"date":"2022-02-03T11:58:39","date_gmt":"2022-02-03T11:58:39","guid":{"rendered":"https:\/\/www.accuratereviews.com\/?page_id=53237"},"modified":"2022-02-03T11:58:39","modified_gmt":"2022-02-03T11:58:39","slug":"sofon-guided-solutions-recensione","status":"publish","type":"page","link":"https:\/\/www.accuratereviews.com\/it\/programmi-preventivi\/sofon-guided-solutions-recensione\/","title":{"rendered":"Sofon Guided Solutions"},"content":{"rendered":"<p><strong>Sofon Guided Solutions<\/strong> consente agli utenti di produrre rapidamente e facilmente<strong> proposte prive di errori e professionali<\/strong>. Offerte, contratti, ordini e altri documenti di vendita possono essere generati rapidamente e il software fornisce il controllo sul processo di vendita da contatto a contratto. Aiuta il personale di vendita a massimizzare le opportunit\u00e0 di vendita e gestirle in modo efficiente ed efficace. Supporta l&#8217;analisi delle esigenze, la configurazione delle vendite e dell&#8217;assistenza, la selezione dei prodotti, i prezzi, il calcolo, la distinta base, la visualizzazione, l&#8217;instradamento, i rapporti di quotazione e la generazione di documenti. Il modulo Sales Organizer \u00e8 progettato per le aziende orientate agli ordini dei clienti e offre tutte le funzionalit\u00e0 di un sistema CRM.<\/p>\n<h2>SOFON GUIDED SOLUTIONS &#8211; TUTORIAL<\/h2>\n<p>Guardiamo come questo <strong>software per creare preventivi<\/strong> pu\u00f2 aiutarti nel tuo lavoro:<\/p>\n<div id=\"fluid-wrapper-counter-1\" class=\"g1-fluid-wrapper \" style=\"width:686px;\">\n<div style=\"padding-bottom:56.268221574344%;\"><iframe loading=\"lazy\" title=\"Sofon Guided Solutions\" width=\"686\" height=\"386\" src=\"https:\/\/www.youtube.com\/embed\/Zr74CKUKmH0?list=PLuLV5e9MJ125r-BTH2JzCyyEeb5WE0SLy\" frameborder=\"0\" allow=\"accelerometer; autoplay; clipboard-write; encrypted-media; gyroscope; picture-in-picture\" allowfullscreen><\/iframe><\/div>\n<\/div>\n<h3>SOFON GUIDED SOLUTIONS &#8211; CARATTERISTICHE<\/h3>\n<ul>\n<li><strong>Citare e contrattare<\/strong>: il software ti consente di impostare il tuo processo di offerta e contratto in modo intelligente. Avrai una panoramica ordinata del contenuto del preventivo ogni volta che lo desideri, incluso come stanno procedendo le trattative e cosa dicono i tuoi contratti su accordi e obblighi. Sarai in grado di soddisfare i tuoi requisiti di Conformit\u00e0<\/li>\n<li><strong>Definizione della soluzione<\/strong>: il punto di partenza per un buon preventivo \u00e8 una descrizione della soluzione e il programma ti fornisce gli strumenti per renderlo un processo intelligente<\/li>\n<li><strong>Gestione degli ordini<\/strong>: la soluzione ti consente di caricare automaticamente gli ordini, arricchiti con le informazioni sulla pianificazione, nel sistema ERP, che ti fornisce informazioni per le previsioni di produzione<\/li>\n<li><strong>Vendita guidata<\/strong>: la vendita guidata semplifica e automatizza la manutenzione e l&#8217;implementazione di tutte le conoscenze necessarie per analizzare le esigenze dei clienti, definire la soluzione e generare una proposta per soddisfare tali esigenze.<\/li>\n<li><strong>Direzione vendite<\/strong>: la piattaforma consente una gestione delle vendite<\/li>\n<li><strong>Gestione del prodotto<\/strong>: il software ti permette di commercializzare rapidamente innovazioni e sfruttare appieno il tuo vantaggio competitivo.<\/li>\n<\/ul>\n<h4>LE RECENSIONI DEGLI UTENTI<\/h4>\n<p class=\"font-weight-bold mb-2\"><strong>Kees K.&#8221;Preventivi completi, distinte base e percorsi&#8221;<\/strong><\/p>\n<p><span class=\"font-weight-bold\"><strong>Commenti<\/strong>: <\/span>GEA Refrigeration ha implementato la Sofon Guided Selling in tutto il mondo in ca. 30 uffici vendita. Generiamo preventivi e ordini completi, distinte base e cicli di produzione con incredibile facilit\u00e0 ed efficienza, completamente interfacciati con ERP. La cosa buona di Sofon \u00e8 che possiamo occuparci degli aggiustamenti direttamente noi stessi. La costruzione, la manutenzione e la gestione del modello sono di facile utilizzo. Le prestazioni dell&#8217;interfaccia utente sono eccellenti \u00e8 un piacere da usare.<\/p>\n<p class=\"font-weight-bold mb-2\"><strong>Stefan D.&#8221;Facciamo pi\u00f9 lavoro con meno personale in meno tempo&#8221;<\/strong><\/p>\n<p><span class=\"font-weight-bold\"><strong>Commenti<\/strong>: <\/span>Erbi fornisce piani cucina e piani di lavoro su specifica del cliente. I nostri rivenditori utilizzano Sofon per configurare i piani di lavoro. Le specifiche vengono immediatamente trasmesse al nostro reparto di produzione, con conseguente elaborazione degli ordini molto rapida. I clienti ora ricevono una conferma d&#8217;ordine entro 24 ore. Questo richiedeva circa 5 giorni. Il nostro ufficio vendite collabora anche con Sofon. I membri del personale sono in grado di inserire gli ordini con una formazione minima richiesta. Questo ci ha reso molto pi\u00f9 flessibili: otteniamo pi\u00f9 lavoro con meno personale in meno tempo.<\/p>\n<p class=\"font-weight-bold mb-2\"><strong>Jan W.&#8221;Generazione rapida di distinte base, calcoli e preventivi completi e privi di errori&#8221;<\/strong><\/p>\n<p><span class=\"font-weight-bold\"><strong>Commenti<\/strong>: <\/span>Nido fa parte del gruppo Aebi Schmidt. Produciamo spargitori e atomizzatori per combattere il ghiaccio sulle strade, sbrinatori aeroportuali, spazzaneve e macchine per la pulizia delle strade. Configuriamo le macchine utilizzando Sofon Guided Selling. Sofon si assicura che non dimentichiamo nulla e non commettiamo errori. In 15 minuti vengono generati distinte base, calcoli e preventivi completi e privi di errori. Grazie all&#8217;integrazione con SAP, le BOM vengono inviate direttamente all&#8217;ERP. Il nuovo personale \u00e8 produttivo molto pi\u00f9 rapidamente di prima. Ecco perch\u00e9 non vogliamo pi\u00f9 stare senza Sofon!<\/p>\n","protected":false},"excerpt":{"rendered":"<p>Sofon Guided Solutions consente agli utenti di produrre rapidamente e facilmente proposte prive di errori e professionali. Offerte, contratti, ordini e altri documenti di vendita possono essere generati rapidamente e il software fornisce il controllo sul processo di vendita da contatto a contratto. Aiuta il personale di vendita a massimizzare le opportunit\u00e0 di vendita e gestirle in modo efficiente ed efficace.<\/p>\n","protected":false},"author":16,"featured_media":53244,"parent":52783,"menu_order":0,"comment_status":"open","ping_status":"closed","template":"g1_template_page_review_new.php","meta":{"_acf_changed":false,"cwp_meta_box_check":"No","cwp_rev_product_name":"","cwp_rev_product_image":"","wppr_links":[],"cwp_rev_price":"","wppr_options":[],"wppr_pros":[],"wppr_cons":[],"_monsterinsights_skip_tracking":false,"_monsterinsights_sitenote_active":false,"_monsterinsights_sitenote_note":"","_monsterinsights_sitenote_category":0,"footnotes":""},"categories":[11869],"tags":[11905,11874,11877,11938,11872,11873],"features":[],"class_list":{"0":"post-53237","1":"page","2":"type-page","3":"status-publish","4":"has-post-thumbnail","6":"category-programmi-preventivi-cat","7":"tag-creazione-preventivi","8":"tag-piattaforma-per-fare-preventivi","9":"tag-programma-per-fare-preventivi","10":"tag-sofon-guided-solutions","11":"tag-software-per-fare-preventivi","12":"tag-soluzione-per-fare-preventivi"},"wppr_data":{"cwp_meta_box_check":"No"},"acf":[],"yoast_head":"<!-- This site is optimized with the Yoast SEO plugin v27.4 - https:\/\/yoast.com\/product\/yoast-seo-wordpress\/ -->\n<title>Sofon Guided Solutions: recensione software per fare preventivi<\/title>\n<meta name=\"description\" content=\"Sofon Guided Solutions: recensione software che consente agli utenti di produrre rapidamente proposte prive di errori e professionali.\" \/>\n<meta name=\"robots\" content=\"index, follow, max-snippet:-1, max-image-preview:large, max-video-preview:-1\" \/>\n<link rel=\"canonical\" href=\"https:\/\/www.accuratereviews.com\/it\/programmi-preventivi\/sofon-guided-solutions-recensione\/\" \/>\n<meta property=\"og:locale\" content=\"it_IT\" \/>\n<meta property=\"og:type\" content=\"article\" \/>\n<meta property=\"og:title\" content=\"Sofon Guided Solutions: recensione software per fare preventivi\" \/>\n<meta property=\"og:description\" content=\"Sofon Guided Solutions: recensione software che consente agli utenti di produrre rapidamente proposte prive di errori e professionali.\" \/>\n<meta property=\"og:url\" content=\"https:\/\/www.accuratereviews.com\/it\/programmi-preventivi\/sofon-guided-solutions-recensione\/\" \/>\n<meta property=\"og:site_name\" content=\"Accurate Reviews\" \/>\n<meta property=\"og:image\" content=\"https:\/\/www.accuratereviews.com\/wp-content\/uploads\/2022\/02\/Sofon-Guided-.jpeg\" \/>\n\t<meta property=\"og:image:width\" content=\"200\" \/>\n\t<meta property=\"og:image:height\" content=\"200\" \/>\n\t<meta property=\"og:image:type\" content=\"image\/jpeg\" \/>\n<meta name=\"twitter:card\" content=\"summary_large_image\" \/>\n<meta name=\"twitter:label1\" content=\"Tempo di lettura stimato\" \/>\n\t<meta name=\"twitter:data1\" content=\"4 minuti\" \/>\n<script type=\"application\/ld+json\" class=\"yoast-schema-graph\">{\"@context\":\"https:\\\/\\\/schema.org\",\"@graph\":[{\"@type\":\"WebPage\",\"@id\":\"https:\\\/\\\/www.accuratereviews.com\\\/it\\\/programmi-preventivi\\\/sofon-guided-solutions-recensione\\\/\",\"url\":\"https:\\\/\\\/www.accuratereviews.com\\\/it\\\/programmi-preventivi\\\/sofon-guided-solutions-recensione\\\/\",\"name\":\"Sofon Guided Solutions: recensione software per fare preventivi\",\"isPartOf\":{\"@id\":\"https:\\\/\\\/www.accuratereviews.com\\\/it\\\/#website\"},\"primaryImageOfPage\":{\"@id\":\"https:\\\/\\\/www.accuratereviews.com\\\/it\\\/programmi-preventivi\\\/sofon-guided-solutions-recensione\\\/#primaryimage\"},\"image\":{\"@id\":\"https:\\\/\\\/www.accuratereviews.com\\\/it\\\/programmi-preventivi\\\/sofon-guided-solutions-recensione\\\/#primaryimage\"},\"thumbnailUrl\":\"https:\\\/\\\/www.accuratereviews.com\\\/wp-content\\\/uploads\\\/2022\\\/02\\\/Sofon-Guided-.jpeg\",\"datePublished\":\"2022-02-03T11:58:39+00:00\",\"description\":\"Sofon Guided Solutions: recensione software che consente agli utenti di produrre rapidamente proposte prive di errori e professionali.\",\"breadcrumb\":{\"@id\":\"https:\\\/\\\/www.accuratereviews.com\\\/it\\\/programmi-preventivi\\\/sofon-guided-solutions-recensione\\\/#breadcrumb\"},\"inLanguage\":\"it-IT\",\"potentialAction\":[{\"@type\":\"ReadAction\",\"target\":[\"https:\\\/\\\/www.accuratereviews.com\\\/it\\\/programmi-preventivi\\\/sofon-guided-solutions-recensione\\\/\"]}]},{\"@type\":\"ImageObject\",\"inLanguage\":\"it-IT\",\"@id\":\"https:\\\/\\\/www.accuratereviews.com\\\/it\\\/programmi-preventivi\\\/sofon-guided-solutions-recensione\\\/#primaryimage\",\"url\":\"https:\\\/\\\/www.accuratereviews.com\\\/wp-content\\\/uploads\\\/2022\\\/02\\\/Sofon-Guided-.jpeg\",\"contentUrl\":\"https:\\\/\\\/www.accuratereviews.com\\\/wp-content\\\/uploads\\\/2022\\\/02\\\/Sofon-Guided-.jpeg\",\"width\":200,\"height\":200},{\"@type\":\"BreadcrumbList\",\"@id\":\"https:\\\/\\\/www.accuratereviews.com\\\/it\\\/programmi-preventivi\\\/sofon-guided-solutions-recensione\\\/#breadcrumb\",\"itemListElement\":[{\"@type\":\"ListItem\",\"position\":1,\"name\":\"Home\",\"item\":\"https:\\\/\\\/www.accuratereviews.com\\\/it\\\/\"},{\"@type\":\"ListItem\",\"position\":2,\"name\":\"Programmi per fare preventivi\",\"item\":\"https:\\\/\\\/www.accuratereviews.com\\\/it\\\/programmi-preventivi\\\/\"},{\"@type\":\"ListItem\",\"position\":3,\"name\":\"Sofon Guided Solutions\"}]},{\"@type\":\"WebSite\",\"@id\":\"https:\\\/\\\/www.accuratereviews.com\\\/it\\\/#website\",\"url\":\"https:\\\/\\\/www.accuratereviews.com\\\/it\\\/\",\"name\":\"Accurate Reviews\",\"description\":\"\",\"potentialAction\":[{\"@type\":\"SearchAction\",\"target\":{\"@type\":\"EntryPoint\",\"urlTemplate\":\"https:\\\/\\\/www.accuratereviews.com\\\/it\\\/?s={search_term_string}\"},\"query-input\":{\"@type\":\"PropertyValueSpecification\",\"valueRequired\":true,\"valueName\":\"search_term_string\"}}],\"inLanguage\":\"it-IT\"}]}<\/script>\n<!-- \/ Yoast SEO plugin. -->","yoast_head_json":{"title":"Sofon Guided Solutions: recensione software per fare preventivi","description":"Sofon Guided Solutions: recensione software che consente agli utenti di produrre rapidamente proposte prive di errori e professionali.","robots":{"index":"index","follow":"follow","max-snippet":"max-snippet:-1","max-image-preview":"max-image-preview:large","max-video-preview":"max-video-preview:-1"},"canonical":"https:\/\/www.accuratereviews.com\/it\/programmi-preventivi\/sofon-guided-solutions-recensione\/","og_locale":"it_IT","og_type":"article","og_title":"Sofon Guided Solutions: recensione software per fare preventivi","og_description":"Sofon Guided Solutions: recensione software che consente agli utenti di produrre rapidamente proposte prive di errori e professionali.","og_url":"https:\/\/www.accuratereviews.com\/it\/programmi-preventivi\/sofon-guided-solutions-recensione\/","og_site_name":"Accurate Reviews","og_image":[{"width":200,"height":200,"url":"https:\/\/www.accuratereviews.com\/wp-content\/uploads\/2022\/02\/Sofon-Guided-.jpeg","type":"image\/jpeg"}],"twitter_card":"summary_large_image","twitter_misc":{"Tempo di lettura stimato":"4 minuti"},"schema":{"@context":"https:\/\/schema.org","@graph":[{"@type":"WebPage","@id":"https:\/\/www.accuratereviews.com\/it\/programmi-preventivi\/sofon-guided-solutions-recensione\/","url":"https:\/\/www.accuratereviews.com\/it\/programmi-preventivi\/sofon-guided-solutions-recensione\/","name":"Sofon Guided Solutions: recensione software per fare preventivi","isPartOf":{"@id":"https:\/\/www.accuratereviews.com\/it\/#website"},"primaryImageOfPage":{"@id":"https:\/\/www.accuratereviews.com\/it\/programmi-preventivi\/sofon-guided-solutions-recensione\/#primaryimage"},"image":{"@id":"https:\/\/www.accuratereviews.com\/it\/programmi-preventivi\/sofon-guided-solutions-recensione\/#primaryimage"},"thumbnailUrl":"https:\/\/www.accuratereviews.com\/wp-content\/uploads\/2022\/02\/Sofon-Guided-.jpeg","datePublished":"2022-02-03T11:58:39+00:00","description":"Sofon Guided Solutions: recensione software che consente agli utenti di produrre rapidamente proposte prive di errori e professionali.","breadcrumb":{"@id":"https:\/\/www.accuratereviews.com\/it\/programmi-preventivi\/sofon-guided-solutions-recensione\/#breadcrumb"},"inLanguage":"it-IT","potentialAction":[{"@type":"ReadAction","target":["https:\/\/www.accuratereviews.com\/it\/programmi-preventivi\/sofon-guided-solutions-recensione\/"]}]},{"@type":"ImageObject","inLanguage":"it-IT","@id":"https:\/\/www.accuratereviews.com\/it\/programmi-preventivi\/sofon-guided-solutions-recensione\/#primaryimage","url":"https:\/\/www.accuratereviews.com\/wp-content\/uploads\/2022\/02\/Sofon-Guided-.jpeg","contentUrl":"https:\/\/www.accuratereviews.com\/wp-content\/uploads\/2022\/02\/Sofon-Guided-.jpeg","width":200,"height":200},{"@type":"BreadcrumbList","@id":"https:\/\/www.accuratereviews.com\/it\/programmi-preventivi\/sofon-guided-solutions-recensione\/#breadcrumb","itemListElement":[{"@type":"ListItem","position":1,"name":"Home","item":"https:\/\/www.accuratereviews.com\/it\/"},{"@type":"ListItem","position":2,"name":"Programmi per fare preventivi","item":"https:\/\/www.accuratereviews.com\/it\/programmi-preventivi\/"},{"@type":"ListItem","position":3,"name":"Sofon Guided Solutions"}]},{"@type":"WebSite","@id":"https:\/\/www.accuratereviews.com\/it\/#website","url":"https:\/\/www.accuratereviews.com\/it\/","name":"Accurate Reviews","description":"","potentialAction":[{"@type":"SearchAction","target":{"@type":"EntryPoint","urlTemplate":"https:\/\/www.accuratereviews.com\/it\/?s={search_term_string}"},"query-input":{"@type":"PropertyValueSpecification","valueRequired":true,"valueName":"search_term_string"}}],"inLanguage":"it-IT"}]}},"_links":{"self":[{"href":"https:\/\/www.accuratereviews.com\/it\/wp-json\/wp\/v2\/pages\/53237","targetHints":{"allow":["GET"]}}],"collection":[{"href":"https:\/\/www.accuratereviews.com\/it\/wp-json\/wp\/v2\/pages"}],"about":[{"href":"https:\/\/www.accuratereviews.com\/it\/wp-json\/wp\/v2\/types\/page"}],"author":[{"embeddable":true,"href":"https:\/\/www.accuratereviews.com\/it\/wp-json\/wp\/v2\/users\/16"}],"replies":[{"embeddable":true,"href":"https:\/\/www.accuratereviews.com\/it\/wp-json\/wp\/v2\/comments?post=53237"}],"version-history":[{"count":7,"href":"https:\/\/www.accuratereviews.com\/it\/wp-json\/wp\/v2\/pages\/53237\/revisions"}],"predecessor-version":[{"id":53291,"href":"https:\/\/www.accuratereviews.com\/it\/wp-json\/wp\/v2\/pages\/53237\/revisions\/53291"}],"up":[{"embeddable":true,"href":"https:\/\/www.accuratereviews.com\/it\/wp-json\/wp\/v2\/pages\/52783"}],"wp:featuredmedia":[{"embeddable":true,"href":"https:\/\/www.accuratereviews.com\/it\/wp-json\/wp\/v2\/media\/53244"}],"wp:attachment":[{"href":"https:\/\/www.accuratereviews.com\/it\/wp-json\/wp\/v2\/media?parent=53237"}],"wp:term":[{"taxonomy":"category","embeddable":true,"href":"https:\/\/www.accuratereviews.com\/it\/wp-json\/wp\/v2\/categories?post=53237"},{"taxonomy":"post_tag","embeddable":true,"href":"https:\/\/www.accuratereviews.com\/it\/wp-json\/wp\/v2\/tags?post=53237"},{"taxonomy":"features","embeddable":true,"href":"https:\/\/www.accuratereviews.com\/it\/wp-json\/wp\/v2\/features?post=53237"}],"curies":[{"name":"wp","href":"https:\/\/api.w.org\/{rel}","templated":true}]}}