{"id":53250,"date":"2022-02-03T11:51:36","date_gmt":"2022-02-03T11:51:36","guid":{"rendered":"https:\/\/www.accuratereviews.com\/?page_id=53250"},"modified":"2022-02-03T11:51:36","modified_gmt":"2022-02-03T11:51:36","slug":"paperless-parts-recensione","status":"publish","type":"page","link":"https:\/\/www.accuratereviews.com\/it\/programmi-preventivi\/paperless-parts-recensione\/","title":{"rendered":"Paperless Parts"},"content":{"rendered":"<p><strong>Paperless Parts<\/strong> \u00e8 una <strong>soluzione di collaborazione e preventivi<\/strong> conforme a ITAR basata su <strong>cloud<\/strong> e rivolta a officine meccaniche nei settori aerospaziale, della difesa, industriale e dei dispositivi medici. Il software offre un repository centrale che fornisce visibilit\u00e0 sullo stato del preventivo e informazioni storiche. Esegue preventivi rapidi sfruttando le caratteristiche geometriche per potenziare le formule dei prezzi. Il motore geometrico analizza le parti in base a vari processi di produzione per identificare potenziali problemi come angoli stretti e fori profondi o aree che richiedono utensili speciali. Il modulo Smart RFQ e i preventivi digitali semplificano la richiesta e l&#8217;accettazione delle proposte di vendita. La visualizzazione CAD e la collaborazione sicura ti consentono di comunicare facilmente con il tuo team, clienti e fornitori. Ottieni guadagni veloci con markup personalizzati che offrono ai tuoi clienti la scelta di velocit\u00e0 o costo. La soluzione funziona su desktop e qualsiasi dispositivo mobile.<\/p>\n<h2>PAPERLESS PARTS &#8211; TUTORIAL<\/h2>\n<p>Guardiamo come creare un preventivo corretto e accurato con questo programma:<\/p>\n<div id=\"fluid-wrapper-counter-1\" class=\"g1-fluid-wrapper \" style=\"width:686px;\">\n<div style=\"padding-bottom:56.268221574344%;\"><iframe loading=\"lazy\" title=\"The #1 Estimating &amp; Quoting Platform For Manufacturing\" width=\"686\" height=\"386\" src=\"https:\/\/www.youtube.com\/embed\/NDb0m56GWXM?feature=oembed&amp;wmode=transparent&amp;autohide=1&amp;autoplay=0&amp;disablekb=0&amp;fs=1&amp;loop=0&amp;enablejsapi=1&amp;rel=0&amp;controls=2&amp;showinfo=0&amp;wmode=transparent&amp;autohide=2&amp;autoplay=0&amp;disablekb=0&amp;fs=1&amp;loop=0&amp;enablejsapi=1&amp;rel=0&amp;controls=2&amp;showinfo=1\" frameborder=\"0\" allow=\"accelerometer; autoplay; clipboard-write; encrypted-media; gyroscope; picture-in-picture\" allowfullscreen><\/iframe><\/div>\n<\/div>\n<h3>PAPERLESS PARTS &#8211; CARATTERISTICHE<\/h3>\n<ul>\n<li><strong>Visualizzatore di file CAD 2D e 3D e ricerca geometrica<\/strong>: ti consente di visualizzare tutti i formati di file senza dover pagare licenze software CAD native. Visualizza sia i file PDF che CAD 3D da qualsiasi dispositivo. La ricerca geometrica ti consente di sapere quando hai realizzato parti esatte o simili in passato, riducendo gli sforzi di quotazione<\/li>\n<li><strong>Vendite e CRM<\/strong>: accedi a dati preziosi sui tuoi clienti come preventivi inviati in passato ed entrate degli ordini per assicurarti di avere sempre il contesto e i dati giusti quando fai un preventivo. Centralizza il tuo processo di quotazione per acquisire la conoscenza tribale sui clienti in un unico posto per una facile ricerca. Una volta inviati i preventivi, guarda quando vengono visualizzati dai clienti in modo che il tuo team di vendita possa seguirli rapidamente.<\/li>\n<li><strong>Avvertenze sulla produttivit\u00e0<\/strong>: individua i problemi di produttivit\u00e0 prima che ti costino denaro. Il software analizza i modelli CAD 3D basati su vari processi di produzione come la lavorazione CNC, la fabbricazione di lamiere e la produzione additiva. La piattaforma identifica potenziali problemi come angoli stretti e fori profondi che richiedono attrezzature speciali. Le soglie di rilevamento della produttivit\u00e0 possono essere personalizzate in base alle capacit\u00e0 del tuo negozio<\/li>\n<li><strong>Citazioni digitali<\/strong>: conquista nuovi clienti e ripeti l&#8217;attivit\u00e0 fornendo un&#8217;esperienza cliente senza attriti e una comunicazione chiara con preventivi e pagamenti digitali. L&#8217;utilizzo di una moderna interfaccia digitale per condividere le tue opzioni di prezzo con i clienti offre loro la migliore impressione della tua attivit\u00e0. Fornisci pi\u00f9 opzioni di acquisto per quantit\u00e0 e tempi di consegna rapidi direttamente sul preventivo<\/li>\n<li><strong>CPQ altamente configurabile<\/strong>: questa soluzione \u00e8 il motore di configurazione preventivo (CPQ) pi\u00f9 potente e flessibile per i produttori che si adatta facilmente al tuo flusso di lavoro. \u00c8 progettato per essere facilmente configurato per il tuo negozio. Il sistema sfrutta le caratteristiche geometriche per potenziare le formule dei prezzi, aiutandoti a inviare preventivi rapidamente<\/li>\n<li><strong>Analisi avanzate<\/strong>: analizza pi\u00f9 livelli di dati per ottimizzare il front office, dare priorit\u00e0 ai preventivi e lavorare sui prezzi in modo efficace. Interroga i tuoi dati e estrai informazioni come percentuali di vendita in base alla geometria o al materiale. Guarda come sta andando la tua azienda nel tempo per migliorare continuamente le operazioni.<\/li>\n<\/ul>\n<h4>LE RECENSIONI DEGLI UTENTI<\/h4>\n<p class=\"font-weight-bold mb-2\"><strong>Sanjaya A.&#8221;Spostata la nostra stima da tradizionale a Industria 4.0&#8243;<\/strong><\/p>\n<p><span class=\"font-weight-bold\"><strong>Commenti<\/strong>: <\/span>L&#8217;esperienza e l&#8217;impressione complessive sono estremamente positive. Non vedo l&#8217;ora di lavorare con il team Paperless Parts per aggiungere nuove funzionalit\u00e0 per migliorare il valore complessivo della piattaforma.<\/p>\n<p class=\"font-weight-bold mb-2\"><strong>Pro<\/strong>:\u00a0Adoro l&#8217;intelligenza offerta dalla piattaforma analizzando il modello CAD e la facilit\u00e0 con cui si integra con il nostro sistema ERP per convertire l&#8217;offerta in un router del negozio.<\/p>\n<p class=\"font-weight-bold mb-2\"><strong>Contro<\/strong>:\u00a0La capacit\u00e0 di creare, modificare e collegare sembra limitata. Hanno aggiunto alcune funzionalit\u00e0 e molto probabilmente miglioreranno questa funzionalit\u00e0 nel prossimo futuro.<\/p>\n<p class=\"font-weight-bold mb-2\"><strong>Peter D.&#8221;Squadra solidale!&#8221;<\/strong><\/p>\n<p><span class=\"font-weight-bold\"><strong>Commenti<\/strong>: <\/span>I nostri clienti apprezzano la facilit\u00e0 d&#8217;uso e la comodit\u00e0 dei preventivi digitali. Ci auguriamo di adattare lo strumento per ottenere un notevole risparmio di tempo nel nostro processo di preventivazione, migliorando il livello di servizio che possiamo fornire ai clienti senza compromettere la qualit\u00e0.<\/p>\n<p class=\"font-weight-bold mb-2\"><strong>Pro<\/strong>:\u00a0Il servizio clienti di Paperless Parts \u00e8 stato di prim&#8217;ordine. Hanno investito tempo nell&#8217;apprendimento di ci\u00f2 che conta di pi\u00f9 per noi e si sono posizionati per soddisfare tale esigenza.<\/p>\n<p class=\"font-weight-bold mb-2\"><strong>Contro<\/strong>:\u00a0Siamo molto contenti del prodotto! Abbiamo fornito feedback sulle funzioni utili che il team potrebbe incorporare e siamo sicuri che stanno lavorando per implementare tali idee.<\/p>\n<p class=\"font-weight-bold mb-2\"><strong>David B.&#8221;Valore aggiunto&#8221;<\/strong><\/p>\n<p class=\"font-weight-bold mb-2\"><strong>Pro<\/strong>:\u00a0Paperless Parts ha portato le citazioni nel 21\u00b0 secolo. Ha migliorato notevolmente la nostra velocit\u00e0 e qualit\u00e0 di quotazione. \u00c8 uno strumento incredibilmente potente per comunicare con i nostri clienti, fornitori esterni e interni. I nostri clienti adorano la possibilit\u00e0 di inviare facilmente preventivi e di selezionare la dimensione dell&#8217;ordine e il tempo di consegna.<\/p>\n<p class=\"font-weight-bold mb-2\"><strong>Contro<\/strong>:\u00a0Non abbiamo davvero grosse lamentele a riguardo. Questo software sta ancora migliorando ogni giorno e ogni volta che abbiamo riscontrato un problema, il team di Paperless Parts \u00e8 stato molto rapido nel pubblicare un aggiornamento con la modifica. \u00c8 fantastico poter fornire feedback a un&#8217;azienda di software e vedere il cambiamento implementato in poche settimane.<\/p>\n","protected":false},"excerpt":{"rendered":"<p>Paperless Parts \u00e8 una soluzione di collaborazione e preventivi conforme a ITAR basata su cloud per officine meccaniche nei settori aerospaziale, della difesa, industriale e dei dispositivi medici. Il software\u00a0offre un repository centrale che fornisce visibilit\u00e0 sullo stato del preventivo e informazioni storiche. Preventivi rapidi sfruttando le caratteristiche geometriche per potenziare le formule dei prezzi.<\/p>\n","protected":false},"author":16,"featured_media":53251,"parent":52783,"menu_order":0,"comment_status":"open","ping_status":"closed","template":"g1_template_page_review_new.php","meta":{"_acf_changed":false,"cwp_meta_box_check":"No","cwp_rev_product_name":"","cwp_rev_product_image":"","wppr_links":[],"cwp_rev_price":"","wppr_options":[],"wppr_pros":[],"wppr_cons":[],"_monsterinsights_skip_tracking":false,"_monsterinsights_sitenote_active":false,"_monsterinsights_sitenote_note":"","_monsterinsights_sitenote_category":0,"footnotes":""},"categories":[11869],"tags":[11905,11937,11874,11877,11872,11873],"features":[],"class_list":{"0":"post-53250","1":"page","2":"type-page","3":"status-publish","4":"has-post-thumbnail","6":"category-programmi-preventivi-cat","7":"tag-creazione-preventivi","8":"tag-paperless-parts","9":"tag-piattaforma-per-fare-preventivi","10":"tag-programma-per-fare-preventivi","11":"tag-software-per-fare-preventivi","12":"tag-soluzione-per-fare-preventivi"},"wppr_data":{"cwp_meta_box_check":"No"},"acf":[],"yoast_head":"<!-- This site is optimized with the Yoast SEO plugin v27.4 - https:\/\/yoast.com\/product\/yoast-seo-wordpress\/ -->\n<title>Paperless Parts: recensione software per fare preventivi Accurate Reviews<\/title>\n<meta name=\"description\" content=\"Paperless Parts: recensione soluzione di collaborazione e preventivi conforme a ITAR basata su cloud per officine meccaniche.\" \/>\n<meta name=\"robots\" content=\"index, follow, max-snippet:-1, max-image-preview:large, max-video-preview:-1\" \/>\n<link rel=\"canonical\" href=\"https:\/\/www.accuratereviews.com\/it\/programmi-preventivi\/paperless-parts-recensione\/\" \/>\n<meta property=\"og:locale\" content=\"it_IT\" \/>\n<meta property=\"og:type\" content=\"article\" \/>\n<meta property=\"og:title\" content=\"Paperless Parts: recensione software per fare preventivi Accurate Reviews\" \/>\n<meta property=\"og:description\" content=\"Paperless Parts: recensione soluzione di collaborazione e preventivi conforme a ITAR basata su cloud per officine meccaniche.\" \/>\n<meta property=\"og:url\" content=\"https:\/\/www.accuratereviews.com\/it\/programmi-preventivi\/paperless-parts-recensione\/\" \/>\n<meta property=\"og:site_name\" content=\"Accurate Reviews\" \/>\n<meta property=\"og:image\" content=\"https:\/\/www.accuratereviews.com\/wp-content\/uploads\/2022\/02\/Paperless-Parts.jpeg\" \/>\n\t<meta property=\"og:image:width\" content=\"1024\" \/>\n\t<meta property=\"og:image:height\" content=\"512\" \/>\n\t<meta property=\"og:image:type\" content=\"image\/jpeg\" \/>\n<meta name=\"twitter:card\" content=\"summary_large_image\" \/>\n<meta name=\"twitter:label1\" content=\"Tempo di lettura stimato\" \/>\n\t<meta name=\"twitter:data1\" content=\"5 minuti\" \/>\n<script type=\"application\/ld+json\" class=\"yoast-schema-graph\">{\"@context\":\"https:\\\/\\\/schema.org\",\"@graph\":[{\"@type\":\"WebPage\",\"@id\":\"https:\\\/\\\/www.accuratereviews.com\\\/it\\\/programmi-preventivi\\\/paperless-parts-recensione\\\/\",\"url\":\"https:\\\/\\\/www.accuratereviews.com\\\/it\\\/programmi-preventivi\\\/paperless-parts-recensione\\\/\",\"name\":\"Paperless Parts: recensione software per fare preventivi Accurate Reviews\",\"isPartOf\":{\"@id\":\"https:\\\/\\\/www.accuratereviews.com\\\/it\\\/#website\"},\"primaryImageOfPage\":{\"@id\":\"https:\\\/\\\/www.accuratereviews.com\\\/it\\\/programmi-preventivi\\\/paperless-parts-recensione\\\/#primaryimage\"},\"image\":{\"@id\":\"https:\\\/\\\/www.accuratereviews.com\\\/it\\\/programmi-preventivi\\\/paperless-parts-recensione\\\/#primaryimage\"},\"thumbnailUrl\":\"https:\\\/\\\/www.accuratereviews.com\\\/wp-content\\\/uploads\\\/2022\\\/02\\\/Paperless-Parts.jpeg\",\"datePublished\":\"2022-02-03T11:51:36+00:00\",\"description\":\"Paperless Parts: recensione soluzione di collaborazione e preventivi conforme a ITAR basata su cloud per officine meccaniche.\",\"breadcrumb\":{\"@id\":\"https:\\\/\\\/www.accuratereviews.com\\\/it\\\/programmi-preventivi\\\/paperless-parts-recensione\\\/#breadcrumb\"},\"inLanguage\":\"it-IT\",\"potentialAction\":[{\"@type\":\"ReadAction\",\"target\":[\"https:\\\/\\\/www.accuratereviews.com\\\/it\\\/programmi-preventivi\\\/paperless-parts-recensione\\\/\"]}]},{\"@type\":\"ImageObject\",\"inLanguage\":\"it-IT\",\"@id\":\"https:\\\/\\\/www.accuratereviews.com\\\/it\\\/programmi-preventivi\\\/paperless-parts-recensione\\\/#primaryimage\",\"url\":\"https:\\\/\\\/www.accuratereviews.com\\\/wp-content\\\/uploads\\\/2022\\\/02\\\/Paperless-Parts.jpeg\",\"contentUrl\":\"https:\\\/\\\/www.accuratereviews.com\\\/wp-content\\\/uploads\\\/2022\\\/02\\\/Paperless-Parts.jpeg\",\"width\":1024,\"height\":512},{\"@type\":\"BreadcrumbList\",\"@id\":\"https:\\\/\\\/www.accuratereviews.com\\\/it\\\/programmi-preventivi\\\/paperless-parts-recensione\\\/#breadcrumb\",\"itemListElement\":[{\"@type\":\"ListItem\",\"position\":1,\"name\":\"Home\",\"item\":\"https:\\\/\\\/www.accuratereviews.com\\\/it\\\/\"},{\"@type\":\"ListItem\",\"position\":2,\"name\":\"Programmi per fare preventivi\",\"item\":\"https:\\\/\\\/www.accuratereviews.com\\\/it\\\/programmi-preventivi\\\/\"},{\"@type\":\"ListItem\",\"position\":3,\"name\":\"Paperless Parts\"}]},{\"@type\":\"WebSite\",\"@id\":\"https:\\\/\\\/www.accuratereviews.com\\\/it\\\/#website\",\"url\":\"https:\\\/\\\/www.accuratereviews.com\\\/it\\\/\",\"name\":\"Accurate Reviews\",\"description\":\"\",\"potentialAction\":[{\"@type\":\"SearchAction\",\"target\":{\"@type\":\"EntryPoint\",\"urlTemplate\":\"https:\\\/\\\/www.accuratereviews.com\\\/it\\\/?s={search_term_string}\"},\"query-input\":{\"@type\":\"PropertyValueSpecification\",\"valueRequired\":true,\"valueName\":\"search_term_string\"}}],\"inLanguage\":\"it-IT\"}]}<\/script>\n<!-- \/ Yoast SEO plugin. -->","yoast_head_json":{"title":"Paperless Parts: recensione software per fare preventivi Accurate Reviews","description":"Paperless Parts: recensione soluzione di collaborazione e preventivi conforme a ITAR basata su cloud per officine meccaniche.","robots":{"index":"index","follow":"follow","max-snippet":"max-snippet:-1","max-image-preview":"max-image-preview:large","max-video-preview":"max-video-preview:-1"},"canonical":"https:\/\/www.accuratereviews.com\/it\/programmi-preventivi\/paperless-parts-recensione\/","og_locale":"it_IT","og_type":"article","og_title":"Paperless Parts: recensione software per fare preventivi Accurate Reviews","og_description":"Paperless Parts: recensione soluzione di collaborazione e preventivi conforme a ITAR basata su cloud per officine meccaniche.","og_url":"https:\/\/www.accuratereviews.com\/it\/programmi-preventivi\/paperless-parts-recensione\/","og_site_name":"Accurate Reviews","og_image":[{"width":1024,"height":512,"url":"https:\/\/www.accuratereviews.com\/wp-content\/uploads\/2022\/02\/Paperless-Parts.jpeg","type":"image\/jpeg"}],"twitter_card":"summary_large_image","twitter_misc":{"Tempo di lettura stimato":"5 minuti"},"schema":{"@context":"https:\/\/schema.org","@graph":[{"@type":"WebPage","@id":"https:\/\/www.accuratereviews.com\/it\/programmi-preventivi\/paperless-parts-recensione\/","url":"https:\/\/www.accuratereviews.com\/it\/programmi-preventivi\/paperless-parts-recensione\/","name":"Paperless Parts: recensione software per fare preventivi Accurate Reviews","isPartOf":{"@id":"https:\/\/www.accuratereviews.com\/it\/#website"},"primaryImageOfPage":{"@id":"https:\/\/www.accuratereviews.com\/it\/programmi-preventivi\/paperless-parts-recensione\/#primaryimage"},"image":{"@id":"https:\/\/www.accuratereviews.com\/it\/programmi-preventivi\/paperless-parts-recensione\/#primaryimage"},"thumbnailUrl":"https:\/\/www.accuratereviews.com\/wp-content\/uploads\/2022\/02\/Paperless-Parts.jpeg","datePublished":"2022-02-03T11:51:36+00:00","description":"Paperless Parts: recensione soluzione di collaborazione e preventivi conforme a ITAR basata su cloud per officine meccaniche.","breadcrumb":{"@id":"https:\/\/www.accuratereviews.com\/it\/programmi-preventivi\/paperless-parts-recensione\/#breadcrumb"},"inLanguage":"it-IT","potentialAction":[{"@type":"ReadAction","target":["https:\/\/www.accuratereviews.com\/it\/programmi-preventivi\/paperless-parts-recensione\/"]}]},{"@type":"ImageObject","inLanguage":"it-IT","@id":"https:\/\/www.accuratereviews.com\/it\/programmi-preventivi\/paperless-parts-recensione\/#primaryimage","url":"https:\/\/www.accuratereviews.com\/wp-content\/uploads\/2022\/02\/Paperless-Parts.jpeg","contentUrl":"https:\/\/www.accuratereviews.com\/wp-content\/uploads\/2022\/02\/Paperless-Parts.jpeg","width":1024,"height":512},{"@type":"BreadcrumbList","@id":"https:\/\/www.accuratereviews.com\/it\/programmi-preventivi\/paperless-parts-recensione\/#breadcrumb","itemListElement":[{"@type":"ListItem","position":1,"name":"Home","item":"https:\/\/www.accuratereviews.com\/it\/"},{"@type":"ListItem","position":2,"name":"Programmi per fare preventivi","item":"https:\/\/www.accuratereviews.com\/it\/programmi-preventivi\/"},{"@type":"ListItem","position":3,"name":"Paperless Parts"}]},{"@type":"WebSite","@id":"https:\/\/www.accuratereviews.com\/it\/#website","url":"https:\/\/www.accuratereviews.com\/it\/","name":"Accurate Reviews","description":"","potentialAction":[{"@type":"SearchAction","target":{"@type":"EntryPoint","urlTemplate":"https:\/\/www.accuratereviews.com\/it\/?s={search_term_string}"},"query-input":{"@type":"PropertyValueSpecification","valueRequired":true,"valueName":"search_term_string"}}],"inLanguage":"it-IT"}]}},"_links":{"self":[{"href":"https:\/\/www.accuratereviews.com\/it\/wp-json\/wp\/v2\/pages\/53250","targetHints":{"allow":["GET"]}}],"collection":[{"href":"https:\/\/www.accuratereviews.com\/it\/wp-json\/wp\/v2\/pages"}],"about":[{"href":"https:\/\/www.accuratereviews.com\/it\/wp-json\/wp\/v2\/types\/page"}],"author":[{"embeddable":true,"href":"https:\/\/www.accuratereviews.com\/it\/wp-json\/wp\/v2\/users\/16"}],"replies":[{"embeddable":true,"href":"https:\/\/www.accuratereviews.com\/it\/wp-json\/wp\/v2\/comments?post=53250"}],"version-history":[{"count":7,"href":"https:\/\/www.accuratereviews.com\/it\/wp-json\/wp\/v2\/pages\/53250\/revisions"}],"predecessor-version":[{"id":53289,"href":"https:\/\/www.accuratereviews.com\/it\/wp-json\/wp\/v2\/pages\/53250\/revisions\/53289"}],"up":[{"embeddable":true,"href":"https:\/\/www.accuratereviews.com\/it\/wp-json\/wp\/v2\/pages\/52783"}],"wp:featuredmedia":[{"embeddable":true,"href":"https:\/\/www.accuratereviews.com\/it\/wp-json\/wp\/v2\/media\/53251"}],"wp:attachment":[{"href":"https:\/\/www.accuratereviews.com\/it\/wp-json\/wp\/v2\/media?parent=53250"}],"wp:term":[{"taxonomy":"category","embeddable":true,"href":"https:\/\/www.accuratereviews.com\/it\/wp-json\/wp\/v2\/categories?post=53250"},{"taxonomy":"post_tag","embeddable":true,"href":"https:\/\/www.accuratereviews.com\/it\/wp-json\/wp\/v2\/tags?post=53250"},{"taxonomy":"features","embeddable":true,"href":"https:\/\/www.accuratereviews.com\/it\/wp-json\/wp\/v2\/features?post=53250"}],"curies":[{"name":"wp","href":"https:\/\/api.w.org\/{rel}","templated":true}]}}