{"id":53265,"date":"2022-02-03T12:24:25","date_gmt":"2022-02-03T12:24:25","guid":{"rendered":"https:\/\/www.accuratereviews.com\/?page_id=53265"},"modified":"2022-02-03T12:24:25","modified_gmt":"2022-02-03T12:24:25","slug":"quotecloud-recensione","status":"publish","type":"page","link":"https:\/\/www.accuratereviews.com\/it\/programmi-preventivi\/quotecloud-recensione\/","title":{"rendered":"QuoteCloud"},"content":{"rendered":"<p><strong>QuoteCloud<\/strong> \u00e8 un<strong> programma per creare e inviare preventivi<\/strong> di vendita in modo semplice e veloce che si rivolge ad aziende, imprese e associazioni di tutte le dimensioni e che operano in qualsiasi settore. Si tratta di un software di proposte di vendita online che ti permette di automatizzare e semplificare le operazioni che normalmente richiedono uno sforzo in termini di tempo e di denaro. Con <strong>QuoteCloud<\/strong> invii preventivi in pochi clic, ricevi la notifica quando i clienti li hanno letti, offri loro la possibilit\u00e0 di modificarli, di chattare con il tuo team di vendita e addirittura di firmarli con la firma elettronica e di pagare istantaneamente.<\/p>\n<h2>QUOTECLOUD &#8211; TUTORIAL<\/h2>\n<div id=\"fluid-wrapper-counter-1\" class=\"g1-fluid-wrapper \" style=\"width:686px;\">\n<div style=\"padding-bottom:56.268221574344%;\"><iframe loading=\"lazy\" title=\"Software for Sales Quotes + Sales Proposals + Contracts + Forms\" width=\"686\" height=\"386\" src=\"https:\/\/www.youtube.com\/embed\/bEOkoYtoghA?feature=oembed&amp;wmode=transparent&amp;autohide=1&amp;autoplay=0&amp;disablekb=0&amp;fs=1&amp;loop=0&amp;enablejsapi=1&amp;rel=0&amp;controls=2&amp;showinfo=0&amp;wmode=transparent&amp;autohide=2&amp;autoplay=0&amp;disablekb=0&amp;fs=1&amp;loop=0&amp;enablejsapi=1&amp;rel=0&amp;controls=2&amp;showinfo=1\" frameborder=\"0\" allow=\"accelerometer; autoplay; clipboard-write; encrypted-media; gyroscope; picture-in-picture\" allowfullscreen><\/iframe><\/div>\n<\/div>\n<h3>QUOTECLOUD &#8211; CARATTERISTICHE<\/h3>\n<ul>\n<li>Preventivi di vendita illimitati<\/li>\n<li>Modelli di preventivo illimitati<\/li>\n<li>Catalogo dei prodotti per un facile drag &amp; drop dei prodotti nelle tabelle dei prezzi<\/li>\n<li>Librerie di contenuti per il trascinamento al volo di contenuti nei preventivi di vendita: blocchi di testo, immagini, video, file PDF, fogli di calcolo e moduli di dati<\/li>\n<li>Incorpora documenti PDF che vengono visualizzati senza soluzione di continuit\u00e0 nei tuoi preventivi di vendita<\/li>\n<li>Inserire fogli di calcolo e utilizzare valori da formule di fogli di calcolo per le linee di prezzo<\/li>\n<li>Firme elettroniche integrate disponibili<\/li>\n<li>Rubrica clienti per aggiungere rapidamente le informazioni del destinatario durante la creazione dei preventivi di vendita<\/li>\n<li>Promemoria incorporati per i clienti<\/li>\n<li>Sconti automatici<\/li>\n<li>Sconti per rottura di quantit\u00e0 (% di sconto applicato attivato quando la quantit\u00e0 ordinata raggiunge un valore specificato)<\/li>\n<li>Sconti generati (attivati quando il valore totale del preventivo di vendita raggiunge una soglia)<\/li>\n<li>Ricevere i pagamenti quando i clienti approvano i preventivi di vendita<\/li>\n<li>Flusso di lavoro opzionale per le approvazioni dei manager prima che i preventivi di vendita possano essere inviati a un cliente<\/li>\n<li>Strumento automatico di previsione delle vendite<\/li>\n<li>Preventivi di vendita in HTML e convertiti automaticamente in formato PDF per la stampa<\/li>\n<li>Strumento integrato per campagne di email marketing per l&#8217;invio in massa di preventivi di vendita a un pubblico<\/li>\n<li>Controllo completo della versione durante la revisione dei preventivi di vendita<\/li>\n<li>Blocco dei contenuti &#8211; per evitare che i venditori cambino le sezioni di un preventivo di vendita, come le informazioni legali<\/li>\n<li>Aggiungere colonne di prezzo personalizzate alle tabelle dei prezzi per i prezzi aggiuntivi<\/li>\n<li>Aggiungere campi dati personalizzati ai preventivi di vendita<\/li>\n<li>Costruttore di moduli integrato per raccogliere dati quando i clienti approvano i tuoi preventivi di vendita<\/li>\n<li>Consenti ai clienti di scegliere le opzioni di prezzo o di regolare la quantit\u00e0 da ordinare.<\/li>\n<\/ul>\n<h4>LE RECENSIONI DEGLI UTENTI<\/h4>\n<p><strong>Kristi B. &#8220;Quotecloud vs Better Proposals&#8221;<\/strong><br \/>\nCOMMENTI: la nostra esperienza complessiva come azienda \u00e8 stata molto positiva<br \/>\nPRO: la qualit\u00e0 e la capacit\u00e0 di personalizzare i modelli non \u00e8 seconda a nessuno su quotecloud.<br \/>\nCONTRO: ho trovato un po&#8217; difficile modificare una tabella prezzi<\/p>\n<p><strong>Simon E. &#8220;Utilizzo di Quotecloud per 2 anni&#8221;<\/strong><br \/>\nCOMMENTI: ok ma stiamo pensando di spostarci<br \/>\nPRO: i nostri servizi sono complessi e Quotecloud ci permette di inviare un preventivo professionale in modo semplice<br \/>\nCONTRO: non si integra molto bene con altri servizi come il CRM. \u00c8 un sistema autonomo con un&#8217;API di base.<\/p>\n<p><strong>Nelson H. &#8220;Eccellente piattaforma di quotazione&#8221;<\/strong><br \/>\nCCOMMENTI: sono molto impressionato dal supporto clienti, e dove viene suggerito un cambiamento lo aggiungono prontamente agli aggiornamenti futuri. Lo consiglio vivamente<br \/>\nPRO: il software \u00e8 facile da implementare e utilizzare, il catalogo dei prodotti tutti categorizzati \u00e8 forse la caratteristica migliore, consentendo una foto da includere accanto al prodotto e tutto salvato per un uso futuro. Anche la possibilit\u00e0 di caricare pdf, immagini di prodotti pi\u00f9 grandi sono grandi caratteristiche, il cliente pu\u00f2 accettare online o firmare elettronicamente.<br \/>\nCONTRO: a volte il software \u00e8 un po&#8217; in ritardo, ed \u00e8 lento a volte a caricare le informazioni, ma questo \u00e8 occasionale, generalmente va bene.<\/p>\n","protected":false},"excerpt":{"rendered":"<p>QuoteCloud \u00e8 un programma per creare e inviare preventivi di vendita in modo semplice e veloce che si rivolge ad aziende, imprese e associazioni di tutte le dimensioni e che operano in qualsiasi settore. Si tratta di un software di proposte di vendita online che ti permette di automatizzare e semplificare le operazioni che normalmente richiedono uno sforzo in termini di tempo e di denaro.<\/p>\n","protected":false},"author":17,"featured_media":53266,"parent":52783,"menu_order":0,"comment_status":"open","ping_status":"closed","template":"g1_template_page_review_new.php","meta":{"_acf_changed":false,"cwp_meta_box_check":"No","cwp_rev_product_name":"","cwp_rev_product_image":"","wppr_links":[],"cwp_rev_price":"","wppr_options":[],"wppr_pros":[],"wppr_cons":[],"_monsterinsights_skip_tracking":false,"_monsterinsights_sitenote_active":false,"_monsterinsights_sitenote_note":"","_monsterinsights_sitenote_category":0,"footnotes":""},"categories":[11869],"tags":[11891,11914,11874,11877,11876,11926,11873],"features":[],"class_list":{"0":"post-53265","1":"page","2":"type-page","3":"status-publish","4":"has-post-thumbnail","6":"category-programmi-preventivi-cat","7":"tag-cpq","8":"tag-creare-preventivi","9":"tag-piattaforma-per-fare-preventivi","10":"tag-programma-per-fare-preventivi","11":"tag-sistema-per-fare-preventivi","12":"tag-software-cpq","13":"tag-soluzione-per-fare-preventivi"},"wppr_data":{"cwp_meta_box_check":"No"},"acf":[],"yoast_head":"<!-- This site is optimized with the Yoast SEO plugin v27.4 - https:\/\/yoast.com\/product\/yoast-seo-wordpress\/ -->\n<title>QuoteCloud: recensione programma preventivi - Accurate Reviews<\/title>\n<meta name=\"description\" content=\"QuoteCloud: recensione del programma per creare e inviare preventivi di vendita in modo semplice e veloce. Provalo gratuitamente.\" \/>\n<meta name=\"robots\" content=\"index, follow, max-snippet:-1, max-image-preview:large, max-video-preview:-1\" \/>\n<link rel=\"canonical\" href=\"https:\/\/www.accuratereviews.com\/it\/programmi-preventivi\/quotecloud-recensione\/\" \/>\n<meta property=\"og:locale\" content=\"it_IT\" \/>\n<meta property=\"og:type\" content=\"article\" \/>\n<meta property=\"og:title\" content=\"QuoteCloud: recensione programma preventivi - Accurate Reviews\" \/>\n<meta property=\"og:description\" content=\"QuoteCloud: recensione del programma per creare e inviare preventivi di vendita in modo semplice e veloce. Provalo gratuitamente.\" \/>\n<meta property=\"og:url\" content=\"https:\/\/www.accuratereviews.com\/it\/programmi-preventivi\/quotecloud-recensione\/\" \/>\n<meta property=\"og:site_name\" content=\"Accurate Reviews\" \/>\n<meta property=\"og:image\" content=\"https:\/\/www.accuratereviews.com\/wp-content\/uploads\/2022\/02\/placeholder.webp\" \/>\n\t<meta property=\"og:image:width\" content=\"560\" \/>\n\t<meta property=\"og:image:height\" content=\"315\" \/>\n\t<meta property=\"og:image:type\" content=\"image\/webp\" \/>\n<meta name=\"twitter:card\" content=\"summary_large_image\" \/>\n<meta name=\"twitter:label1\" content=\"Tempo di lettura stimato\" \/>\n\t<meta name=\"twitter:data1\" content=\"4 minuti\" \/>\n<script type=\"application\/ld+json\" class=\"yoast-schema-graph\">{\"@context\":\"https:\\\/\\\/schema.org\",\"@graph\":[{\"@type\":\"WebPage\",\"@id\":\"https:\\\/\\\/www.accuratereviews.com\\\/it\\\/programmi-preventivi\\\/quotecloud-recensione\\\/\",\"url\":\"https:\\\/\\\/www.accuratereviews.com\\\/it\\\/programmi-preventivi\\\/quotecloud-recensione\\\/\",\"name\":\"QuoteCloud: recensione programma preventivi - Accurate Reviews\",\"isPartOf\":{\"@id\":\"https:\\\/\\\/www.accuratereviews.com\\\/it\\\/#website\"},\"primaryImageOfPage\":{\"@id\":\"https:\\\/\\\/www.accuratereviews.com\\\/it\\\/programmi-preventivi\\\/quotecloud-recensione\\\/#primaryimage\"},\"image\":{\"@id\":\"https:\\\/\\\/www.accuratereviews.com\\\/it\\\/programmi-preventivi\\\/quotecloud-recensione\\\/#primaryimage\"},\"thumbnailUrl\":\"https:\\\/\\\/www.accuratereviews.com\\\/wp-content\\\/uploads\\\/2022\\\/02\\\/placeholder.webp\",\"datePublished\":\"2022-02-03T12:24:25+00:00\",\"description\":\"QuoteCloud: recensione del programma per creare e inviare preventivi di vendita in modo semplice e veloce. Provalo gratuitamente.\",\"breadcrumb\":{\"@id\":\"https:\\\/\\\/www.accuratereviews.com\\\/it\\\/programmi-preventivi\\\/quotecloud-recensione\\\/#breadcrumb\"},\"inLanguage\":\"it-IT\",\"potentialAction\":[{\"@type\":\"ReadAction\",\"target\":[\"https:\\\/\\\/www.accuratereviews.com\\\/it\\\/programmi-preventivi\\\/quotecloud-recensione\\\/\"]}]},{\"@type\":\"ImageObject\",\"inLanguage\":\"it-IT\",\"@id\":\"https:\\\/\\\/www.accuratereviews.com\\\/it\\\/programmi-preventivi\\\/quotecloud-recensione\\\/#primaryimage\",\"url\":\"https:\\\/\\\/www.accuratereviews.com\\\/wp-content\\\/uploads\\\/2022\\\/02\\\/placeholder.webp\",\"contentUrl\":\"https:\\\/\\\/www.accuratereviews.com\\\/wp-content\\\/uploads\\\/2022\\\/02\\\/placeholder.webp\",\"width\":560,\"height\":315},{\"@type\":\"BreadcrumbList\",\"@id\":\"https:\\\/\\\/www.accuratereviews.com\\\/it\\\/programmi-preventivi\\\/quotecloud-recensione\\\/#breadcrumb\",\"itemListElement\":[{\"@type\":\"ListItem\",\"position\":1,\"name\":\"Home\",\"item\":\"https:\\\/\\\/www.accuratereviews.com\\\/it\\\/\"},{\"@type\":\"ListItem\",\"position\":2,\"name\":\"Programmi per fare preventivi\",\"item\":\"https:\\\/\\\/www.accuratereviews.com\\\/it\\\/programmi-preventivi\\\/\"},{\"@type\":\"ListItem\",\"position\":3,\"name\":\"QuoteCloud\"}]},{\"@type\":\"WebSite\",\"@id\":\"https:\\\/\\\/www.accuratereviews.com\\\/it\\\/#website\",\"url\":\"https:\\\/\\\/www.accuratereviews.com\\\/it\\\/\",\"name\":\"Accurate Reviews\",\"description\":\"\",\"potentialAction\":[{\"@type\":\"SearchAction\",\"target\":{\"@type\":\"EntryPoint\",\"urlTemplate\":\"https:\\\/\\\/www.accuratereviews.com\\\/it\\\/?s={search_term_string}\"},\"query-input\":{\"@type\":\"PropertyValueSpecification\",\"valueRequired\":true,\"valueName\":\"search_term_string\"}}],\"inLanguage\":\"it-IT\"}]}<\/script>\n<!-- \/ Yoast SEO plugin. -->","yoast_head_json":{"title":"QuoteCloud: recensione programma preventivi - Accurate Reviews","description":"QuoteCloud: recensione del programma per creare e inviare preventivi di vendita in modo semplice e veloce. Provalo gratuitamente.","robots":{"index":"index","follow":"follow","max-snippet":"max-snippet:-1","max-image-preview":"max-image-preview:large","max-video-preview":"max-video-preview:-1"},"canonical":"https:\/\/www.accuratereviews.com\/it\/programmi-preventivi\/quotecloud-recensione\/","og_locale":"it_IT","og_type":"article","og_title":"QuoteCloud: recensione programma preventivi - Accurate Reviews","og_description":"QuoteCloud: recensione del programma per creare e inviare preventivi di vendita in modo semplice e veloce. Provalo gratuitamente.","og_url":"https:\/\/www.accuratereviews.com\/it\/programmi-preventivi\/quotecloud-recensione\/","og_site_name":"Accurate Reviews","og_image":[{"width":560,"height":315,"url":"https:\/\/www.accuratereviews.com\/wp-content\/uploads\/2022\/02\/placeholder.webp","type":"image\/webp"}],"twitter_card":"summary_large_image","twitter_misc":{"Tempo di lettura stimato":"4 minuti"},"schema":{"@context":"https:\/\/schema.org","@graph":[{"@type":"WebPage","@id":"https:\/\/www.accuratereviews.com\/it\/programmi-preventivi\/quotecloud-recensione\/","url":"https:\/\/www.accuratereviews.com\/it\/programmi-preventivi\/quotecloud-recensione\/","name":"QuoteCloud: recensione programma preventivi - Accurate Reviews","isPartOf":{"@id":"https:\/\/www.accuratereviews.com\/it\/#website"},"primaryImageOfPage":{"@id":"https:\/\/www.accuratereviews.com\/it\/programmi-preventivi\/quotecloud-recensione\/#primaryimage"},"image":{"@id":"https:\/\/www.accuratereviews.com\/it\/programmi-preventivi\/quotecloud-recensione\/#primaryimage"},"thumbnailUrl":"https:\/\/www.accuratereviews.com\/wp-content\/uploads\/2022\/02\/placeholder.webp","datePublished":"2022-02-03T12:24:25+00:00","description":"QuoteCloud: recensione del programma per creare e inviare preventivi di vendita in modo semplice e veloce. Provalo gratuitamente.","breadcrumb":{"@id":"https:\/\/www.accuratereviews.com\/it\/programmi-preventivi\/quotecloud-recensione\/#breadcrumb"},"inLanguage":"it-IT","potentialAction":[{"@type":"ReadAction","target":["https:\/\/www.accuratereviews.com\/it\/programmi-preventivi\/quotecloud-recensione\/"]}]},{"@type":"ImageObject","inLanguage":"it-IT","@id":"https:\/\/www.accuratereviews.com\/it\/programmi-preventivi\/quotecloud-recensione\/#primaryimage","url":"https:\/\/www.accuratereviews.com\/wp-content\/uploads\/2022\/02\/placeholder.webp","contentUrl":"https:\/\/www.accuratereviews.com\/wp-content\/uploads\/2022\/02\/placeholder.webp","width":560,"height":315},{"@type":"BreadcrumbList","@id":"https:\/\/www.accuratereviews.com\/it\/programmi-preventivi\/quotecloud-recensione\/#breadcrumb","itemListElement":[{"@type":"ListItem","position":1,"name":"Home","item":"https:\/\/www.accuratereviews.com\/it\/"},{"@type":"ListItem","position":2,"name":"Programmi per fare preventivi","item":"https:\/\/www.accuratereviews.com\/it\/programmi-preventivi\/"},{"@type":"ListItem","position":3,"name":"QuoteCloud"}]},{"@type":"WebSite","@id":"https:\/\/www.accuratereviews.com\/it\/#website","url":"https:\/\/www.accuratereviews.com\/it\/","name":"Accurate Reviews","description":"","potentialAction":[{"@type":"SearchAction","target":{"@type":"EntryPoint","urlTemplate":"https:\/\/www.accuratereviews.com\/it\/?s={search_term_string}"},"query-input":{"@type":"PropertyValueSpecification","valueRequired":true,"valueName":"search_term_string"}}],"inLanguage":"it-IT"}]}},"_links":{"self":[{"href":"https:\/\/www.accuratereviews.com\/it\/wp-json\/wp\/v2\/pages\/53265","targetHints":{"allow":["GET"]}}],"collection":[{"href":"https:\/\/www.accuratereviews.com\/it\/wp-json\/wp\/v2\/pages"}],"about":[{"href":"https:\/\/www.accuratereviews.com\/it\/wp-json\/wp\/v2\/types\/page"}],"author":[{"embeddable":true,"href":"https:\/\/www.accuratereviews.com\/it\/wp-json\/wp\/v2\/users\/17"}],"replies":[{"embeddable":true,"href":"https:\/\/www.accuratereviews.com\/it\/wp-json\/wp\/v2\/comments?post=53265"}],"version-history":[{"count":4,"href":"https:\/\/www.accuratereviews.com\/it\/wp-json\/wp\/v2\/pages\/53265\/revisions"}],"predecessor-version":[{"id":53274,"href":"https:\/\/www.accuratereviews.com\/it\/wp-json\/wp\/v2\/pages\/53265\/revisions\/53274"}],"up":[{"embeddable":true,"href":"https:\/\/www.accuratereviews.com\/it\/wp-json\/wp\/v2\/pages\/52783"}],"wp:featuredmedia":[{"embeddable":true,"href":"https:\/\/www.accuratereviews.com\/it\/wp-json\/wp\/v2\/media\/53266"}],"wp:attachment":[{"href":"https:\/\/www.accuratereviews.com\/it\/wp-json\/wp\/v2\/media?parent=53265"}],"wp:term":[{"taxonomy":"category","embeddable":true,"href":"https:\/\/www.accuratereviews.com\/it\/wp-json\/wp\/v2\/categories?post=53265"},{"taxonomy":"post_tag","embeddable":true,"href":"https:\/\/www.accuratereviews.com\/it\/wp-json\/wp\/v2\/tags?post=53265"},{"taxonomy":"features","embeddable":true,"href":"https:\/\/www.accuratereviews.com\/it\/wp-json\/wp\/v2\/features?post=53265"}],"curies":[{"name":"wp","href":"https:\/\/api.w.org\/{rel}","templated":true}]}}