{"id":53335,"date":"2022-02-04T12:13:52","date_gmt":"2022-02-04T12:13:52","guid":{"rendered":"https:\/\/www.accuratereviews.com\/?page_id=53335"},"modified":"2022-02-04T12:13:52","modified_gmt":"2022-02-04T12:13:52","slug":"cis-configurator-recensione","status":"publish","type":"page","link":"https:\/\/www.accuratereviews.com\/it\/programmi-preventivi\/cis-configurator-recensione\/","title":{"rendered":"CIS Configurator"},"content":{"rendered":"<p><strong>CIS Configurator<\/strong> \u00e8 uno strumento basato su <strong>cloud<\/strong> per aziende manifatturiere di grandi e medie dimensioni. Aiuta ad automatizzare la configurazione, la determinazione del prezzo e la <strong>generazione di preventivi<\/strong>. Estremamente flessibile offre un&#8217;API aperta per l&#8217;integrazione con le applicazioni aziendali esistenti, come soluzioni ERP e CRM.\u00a0Il modulo Quotebuilder consente agli utenti di automatizzare il processo di quotazione per personale di vendita, rivenditori e clienti. I preventivi contenenti articoli configurati e dati di magazzino possono essere creati, modificati, rivisti e copiati e vengono archiviati in un database centrale. Sono inoltre forniti con supporto multivaluta e listini prezzi di conversione.\u00a0Il modulo Configuratore consente agli utenti di importare ed esportare articoli e caratteristiche degli articoli, descrizioni, prezzi e risposte a domande. Gli utenti possono personalizzare diverse categorie, campi, vari comportamenti delle domande e aggiornare i prezzi.<\/p>\n<h2>CIS CONFIGURATOR &#8211; TUTORIAL<\/h2>\n<p>Guardiamo come configurare questo <strong>software per fare preventivi<\/strong> con Sap Business One:<\/p>\n<div id=\"fluid-wrapper-counter-1\" class=\"g1-fluid-wrapper \" style=\"width:686px;\">\n<div style=\"padding-bottom:56.268221574344%;\"><iframe loading=\"lazy\" title=\"CIS Configurator for SAP Business One\" width=\"686\" height=\"386\" src=\"https:\/\/www.youtube.com\/embed\/t-vv1P-aY3k?feature=oembed&amp;wmode=transparent&amp;autohide=1&amp;autoplay=0&amp;disablekb=0&amp;fs=1&amp;loop=0&amp;enablejsapi=1&amp;rel=0&amp;controls=2&amp;showinfo=0&amp;wmode=transparent&amp;autohide=2&amp;autoplay=0&amp;disablekb=0&amp;fs=1&amp;loop=0&amp;enablejsapi=1&amp;rel=0&amp;controls=2&amp;showinfo=1\" frameborder=\"0\" allow=\"accelerometer; autoplay; clipboard-write; encrypted-media; gyroscope; picture-in-picture\" allowfullscreen><\/iframe><\/div>\n<\/div>\n<h3>CIS CONFIGURATOR &#8211; CARATTERISTICHE<\/h3>\n<ul>\n<li>La soluzione offre un&#8217;applicazione di gestione delle quotazioni basata sul web che aiuta a organizzare ogni aspetto del processo di quotazione per il personale di vendita interno ed esterno, rivenditori e distributori<\/li>\n<li>Gli utenti possono aggiungere vari elementi configurabili tra cui arrotondamenti prima e dopo le tasse, sconti, ricarichi e altro al preventivo finale e gestire interi calcoli in un unico output<\/li>\n<li>Il software consente alle aziende di definire una strategia di prezzo che pu\u00f2 essere resa uniforme per ogni membro del team all&#8217;interno dell&#8217;organizzazione<\/li>\n<li>Il programma viene fornito con funzionalit\u00e0 di analisi del comportamento dei prezzi che aiutano a determinare il miglior prezzo per il cliente per una determinata dimensione dell&#8217;ordine<\/li>\n<li>Con gli strumenti di analisi integrati, i team di vendita possono trarre informazioni sui prodotti pi\u00f9 venduti, la struttura dei prezzi favorita e le prestazioni dei team di vendita.<\/li>\n<\/ul>\n<h4>LE RECENSIONI DEGLI UTENTI<\/h4>\n<p class=\"font-weight-bold mb-2\"><strong>Tony S.&#8221;Configuratore CSI&#8221;<\/strong><\/p>\n<p><span class=\"font-weight-bold\"><strong>Commenti<\/strong>: <\/span>Per la nostra attivit\u00e0 questo software \u00e8 stato un grande successo.<\/p>\n<p class=\"font-weight-bold mb-2\"><strong>Pro<\/strong>:\u00a0Usabilit\u00e0., Personalizzazione per adattarsi a Prodotti e usi<\/p>\n<p class=\"font-weight-bold mb-2\"><strong>Contro<\/strong>:\u00a0Non posso commentare perch\u00e9 non c&#8217;\u00e8 davvero niente che non mi piace.<\/p>\n<p class=\"font-weight-bold mb-2\"><strong>Terry O.&#8221;Il nostro sistema non ci ha mai deluso. CIS \u00e8 l\u00ec ogni volta che abbiamo bisogno di loro per rispondere alle domande&#8221;<\/strong><\/p>\n<p><span class=\"font-weight-bold\"><strong>Commenti<\/strong>: <\/span>La maggior parte dei nostri concorrenti non dispone di un sistema di quotazione. Oltre alle nostre eccezionali linee di prodotti, questo ha aggiunto il supporto di cui i nostri account hanno bisogno per avere successo e concludere affari molto pi\u00f9 velocemente.<\/p>\n<p class=\"font-weight-bold mb-2\"><strong>Pro<\/strong>:\u00a0Facile da seguire, \u00e8 veloce e molto dettagliato. Il sistema non consentir\u00e0 a un utente non esperto di creare un preventivo che coster\u00e0 denaro al rivenditore perch\u00e9 alcune opzioni selezionate richiedono altre funzionalit\u00e0 obbligatorie.<\/p>\n<p class=\"font-weight-bold mb-2\"><strong>Contro<\/strong>:\u00a0Mi piacerebbe adattare i nostri account pi\u00f9 grandi. Significato, la possibilit\u00e0 di creare un pacchetto, che la maggior parte ha un pacchetto esclusivo per la propria concessionaria, ma nessuno degli altri rivenditori pu\u00f2 usarlo o vederlo.<\/p>\n<p class=\"font-weight-bold mb-2\"><strong>Guillermo F.&#8221;Facile da usare ma ha mostrato problemi in passato come nessuna connettivit\u00e0 o rallenta molto.&#8221;<\/strong><\/p>\n<p><span class=\"font-weight-bold\"><strong>Commenti<\/strong>: <\/span>Processo di quotazione pi\u00f9 veloce.<\/p>\n<p class=\"font-weight-bold mb-2\"><strong>Pro<\/strong>:\u00a0Facile da usare, ti segue passo dopo passo, ha e fa tutto ci\u00f2 di cui ho bisogno a scopo di preventivo e mi permette di convertire facilmente i miei file in pdf.<\/p>\n<p class=\"font-weight-bold mb-2\"><strong>Contro<\/strong>:\u00a0Rallenta molto alcune volte, una volta selezionato un elemento e premuto continua o ok ci vuole molto tempo per mostrare la prossima finestra di opzioni, abbiamo riscontrato anche problemi di connettivit\u00e0.<\/p>\n","protected":false},"excerpt":{"rendered":"<p>CIS Configurator \u00e8 uno strumento basato su cloud per aziende manifatturiere di grandi e medie dimensioni. Aiuta ad automatizzare la configurazione, la determinazione del prezzo e la generazione di preventivi. Estremamente flessibile offre un&#8217;API aperta per l&#8217;integrazione con le applicazioni aziendali esistenti, come soluzioni ERP e CRM.\u00a0<\/p>\n","protected":false},"author":16,"featured_media":53341,"parent":52783,"menu_order":0,"comment_status":"open","ping_status":"closed","template":"g1_template_page_review_new.php","meta":{"_acf_changed":false,"cwp_meta_box_check":"No","cwp_rev_product_name":"","cwp_rev_product_image":"","wppr_links":[],"cwp_rev_price":"","wppr_options":[],"wppr_pros":[],"wppr_cons":[],"_monsterinsights_skip_tracking":false,"_monsterinsights_sitenote_active":false,"_monsterinsights_sitenote_note":"","_monsterinsights_sitenote_category":0,"footnotes":""},"categories":[11869],"tags":[11951,11905,11874,11877,11872,11873],"features":[],"class_list":{"0":"post-53335","1":"page","2":"type-page","3":"status-publish","4":"has-post-thumbnail","6":"category-programmi-preventivi-cat","7":"tag-cis-configurator","8":"tag-creazione-preventivi","9":"tag-piattaforma-per-fare-preventivi","10":"tag-programma-per-fare-preventivi","11":"tag-software-per-fare-preventivi","12":"tag-soluzione-per-fare-preventivi"},"wppr_data":{"cwp_meta_box_check":"No"},"acf":[],"yoast_head":"<!-- This site is optimized with the Yoast SEO plugin v27.4 - https:\/\/yoast.com\/product\/yoast-seo-wordpress\/ -->\n<title>CIS Configurator: recensione software per fare preventivi<\/title>\n<meta name=\"description\" content=\"CIS Configurator: recensione strumento basato su cloud per fare preventivi adatto ad aziende manifatturiere di grandi e medie dimensioni.\" \/>\n<meta name=\"robots\" content=\"index, follow, max-snippet:-1, max-image-preview:large, max-video-preview:-1\" \/>\n<link rel=\"canonical\" href=\"https:\/\/www.accuratereviews.com\/it\/programmi-preventivi\/cis-configurator-recensione\/\" \/>\n<meta property=\"og:locale\" content=\"it_IT\" \/>\n<meta property=\"og:type\" content=\"article\" \/>\n<meta property=\"og:title\" content=\"CIS Configurator: recensione software per fare preventivi\" \/>\n<meta property=\"og:description\" content=\"CIS Configurator: recensione strumento basato su cloud per fare preventivi adatto ad aziende manifatturiere di grandi e medie dimensioni.\" \/>\n<meta property=\"og:url\" content=\"https:\/\/www.accuratereviews.com\/it\/programmi-preventivi\/cis-configurator-recensione\/\" \/>\n<meta property=\"og:site_name\" content=\"Accurate Reviews\" \/>\n<meta property=\"og:image\" content=\"https:\/\/www.accuratereviews.com\/wp-content\/uploads\/2022\/02\/Schermata-2022-02-04-alle-10.32.22.png\" \/>\n\t<meta property=\"og:image:width\" content=\"656\" \/>\n\t<meta property=\"og:image:height\" content=\"228\" \/>\n\t<meta property=\"og:image:type\" content=\"image\/png\" \/>\n<meta name=\"twitter:card\" content=\"summary_large_image\" \/>\n<meta name=\"twitter:label1\" content=\"Tempo di lettura stimato\" \/>\n\t<meta name=\"twitter:data1\" content=\"3 minuti\" \/>\n<script type=\"application\/ld+json\" class=\"yoast-schema-graph\">{\"@context\":\"https:\\\/\\\/schema.org\",\"@graph\":[{\"@type\":\"WebPage\",\"@id\":\"https:\\\/\\\/www.accuratereviews.com\\\/it\\\/programmi-preventivi\\\/cis-configurator-recensione\\\/\",\"url\":\"https:\\\/\\\/www.accuratereviews.com\\\/it\\\/programmi-preventivi\\\/cis-configurator-recensione\\\/\",\"name\":\"CIS Configurator: recensione software per fare preventivi\",\"isPartOf\":{\"@id\":\"https:\\\/\\\/www.accuratereviews.com\\\/it\\\/#website\"},\"primaryImageOfPage\":{\"@id\":\"https:\\\/\\\/www.accuratereviews.com\\\/it\\\/programmi-preventivi\\\/cis-configurator-recensione\\\/#primaryimage\"},\"image\":{\"@id\":\"https:\\\/\\\/www.accuratereviews.com\\\/it\\\/programmi-preventivi\\\/cis-configurator-recensione\\\/#primaryimage\"},\"thumbnailUrl\":\"https:\\\/\\\/www.accuratereviews.com\\\/wp-content\\\/uploads\\\/2022\\\/02\\\/Schermata-2022-02-04-alle-10.32.22.png\",\"datePublished\":\"2022-02-04T12:13:52+00:00\",\"description\":\"CIS Configurator: recensione strumento basato su cloud per fare preventivi adatto ad aziende manifatturiere di grandi e medie dimensioni.\",\"breadcrumb\":{\"@id\":\"https:\\\/\\\/www.accuratereviews.com\\\/it\\\/programmi-preventivi\\\/cis-configurator-recensione\\\/#breadcrumb\"},\"inLanguage\":\"it-IT\",\"potentialAction\":[{\"@type\":\"ReadAction\",\"target\":[\"https:\\\/\\\/www.accuratereviews.com\\\/it\\\/programmi-preventivi\\\/cis-configurator-recensione\\\/\"]}]},{\"@type\":\"ImageObject\",\"inLanguage\":\"it-IT\",\"@id\":\"https:\\\/\\\/www.accuratereviews.com\\\/it\\\/programmi-preventivi\\\/cis-configurator-recensione\\\/#primaryimage\",\"url\":\"https:\\\/\\\/www.accuratereviews.com\\\/wp-content\\\/uploads\\\/2022\\\/02\\\/Schermata-2022-02-04-alle-10.32.22.png\",\"contentUrl\":\"https:\\\/\\\/www.accuratereviews.com\\\/wp-content\\\/uploads\\\/2022\\\/02\\\/Schermata-2022-02-04-alle-10.32.22.png\",\"width\":656,\"height\":228},{\"@type\":\"BreadcrumbList\",\"@id\":\"https:\\\/\\\/www.accuratereviews.com\\\/it\\\/programmi-preventivi\\\/cis-configurator-recensione\\\/#breadcrumb\",\"itemListElement\":[{\"@type\":\"ListItem\",\"position\":1,\"name\":\"Home\",\"item\":\"https:\\\/\\\/www.accuratereviews.com\\\/it\\\/\"},{\"@type\":\"ListItem\",\"position\":2,\"name\":\"Programmi per fare preventivi\",\"item\":\"https:\\\/\\\/www.accuratereviews.com\\\/it\\\/programmi-preventivi\\\/\"},{\"@type\":\"ListItem\",\"position\":3,\"name\":\"CIS Configurator\"}]},{\"@type\":\"WebSite\",\"@id\":\"https:\\\/\\\/www.accuratereviews.com\\\/it\\\/#website\",\"url\":\"https:\\\/\\\/www.accuratereviews.com\\\/it\\\/\",\"name\":\"Accurate Reviews\",\"description\":\"\",\"potentialAction\":[{\"@type\":\"SearchAction\",\"target\":{\"@type\":\"EntryPoint\",\"urlTemplate\":\"https:\\\/\\\/www.accuratereviews.com\\\/it\\\/?s={search_term_string}\"},\"query-input\":{\"@type\":\"PropertyValueSpecification\",\"valueRequired\":true,\"valueName\":\"search_term_string\"}}],\"inLanguage\":\"it-IT\"}]}<\/script>\n<!-- \/ Yoast SEO plugin. -->","yoast_head_json":{"title":"CIS Configurator: recensione software per fare preventivi","description":"CIS Configurator: recensione strumento basato su cloud per fare preventivi adatto ad aziende manifatturiere di grandi e medie dimensioni.","robots":{"index":"index","follow":"follow","max-snippet":"max-snippet:-1","max-image-preview":"max-image-preview:large","max-video-preview":"max-video-preview:-1"},"canonical":"https:\/\/www.accuratereviews.com\/it\/programmi-preventivi\/cis-configurator-recensione\/","og_locale":"it_IT","og_type":"article","og_title":"CIS Configurator: recensione software per fare preventivi","og_description":"CIS Configurator: recensione strumento basato su cloud per fare preventivi adatto ad aziende manifatturiere di grandi e medie dimensioni.","og_url":"https:\/\/www.accuratereviews.com\/it\/programmi-preventivi\/cis-configurator-recensione\/","og_site_name":"Accurate Reviews","og_image":[{"width":656,"height":228,"url":"https:\/\/www.accuratereviews.com\/wp-content\/uploads\/2022\/02\/Schermata-2022-02-04-alle-10.32.22.png","type":"image\/png"}],"twitter_card":"summary_large_image","twitter_misc":{"Tempo di lettura stimato":"3 minuti"},"schema":{"@context":"https:\/\/schema.org","@graph":[{"@type":"WebPage","@id":"https:\/\/www.accuratereviews.com\/it\/programmi-preventivi\/cis-configurator-recensione\/","url":"https:\/\/www.accuratereviews.com\/it\/programmi-preventivi\/cis-configurator-recensione\/","name":"CIS Configurator: recensione software per fare preventivi","isPartOf":{"@id":"https:\/\/www.accuratereviews.com\/it\/#website"},"primaryImageOfPage":{"@id":"https:\/\/www.accuratereviews.com\/it\/programmi-preventivi\/cis-configurator-recensione\/#primaryimage"},"image":{"@id":"https:\/\/www.accuratereviews.com\/it\/programmi-preventivi\/cis-configurator-recensione\/#primaryimage"},"thumbnailUrl":"https:\/\/www.accuratereviews.com\/wp-content\/uploads\/2022\/02\/Schermata-2022-02-04-alle-10.32.22.png","datePublished":"2022-02-04T12:13:52+00:00","description":"CIS Configurator: recensione strumento basato su cloud per fare preventivi adatto ad aziende manifatturiere di grandi e medie dimensioni.","breadcrumb":{"@id":"https:\/\/www.accuratereviews.com\/it\/programmi-preventivi\/cis-configurator-recensione\/#breadcrumb"},"inLanguage":"it-IT","potentialAction":[{"@type":"ReadAction","target":["https:\/\/www.accuratereviews.com\/it\/programmi-preventivi\/cis-configurator-recensione\/"]}]},{"@type":"ImageObject","inLanguage":"it-IT","@id":"https:\/\/www.accuratereviews.com\/it\/programmi-preventivi\/cis-configurator-recensione\/#primaryimage","url":"https:\/\/www.accuratereviews.com\/wp-content\/uploads\/2022\/02\/Schermata-2022-02-04-alle-10.32.22.png","contentUrl":"https:\/\/www.accuratereviews.com\/wp-content\/uploads\/2022\/02\/Schermata-2022-02-04-alle-10.32.22.png","width":656,"height":228},{"@type":"BreadcrumbList","@id":"https:\/\/www.accuratereviews.com\/it\/programmi-preventivi\/cis-configurator-recensione\/#breadcrumb","itemListElement":[{"@type":"ListItem","position":1,"name":"Home","item":"https:\/\/www.accuratereviews.com\/it\/"},{"@type":"ListItem","position":2,"name":"Programmi per fare preventivi","item":"https:\/\/www.accuratereviews.com\/it\/programmi-preventivi\/"},{"@type":"ListItem","position":3,"name":"CIS Configurator"}]},{"@type":"WebSite","@id":"https:\/\/www.accuratereviews.com\/it\/#website","url":"https:\/\/www.accuratereviews.com\/it\/","name":"Accurate Reviews","description":"","potentialAction":[{"@type":"SearchAction","target":{"@type":"EntryPoint","urlTemplate":"https:\/\/www.accuratereviews.com\/it\/?s={search_term_string}"},"query-input":{"@type":"PropertyValueSpecification","valueRequired":true,"valueName":"search_term_string"}}],"inLanguage":"it-IT"}]}},"_links":{"self":[{"href":"https:\/\/www.accuratereviews.com\/it\/wp-json\/wp\/v2\/pages\/53335","targetHints":{"allow":["GET"]}}],"collection":[{"href":"https:\/\/www.accuratereviews.com\/it\/wp-json\/wp\/v2\/pages"}],"about":[{"href":"https:\/\/www.accuratereviews.com\/it\/wp-json\/wp\/v2\/types\/page"}],"author":[{"embeddable":true,"href":"https:\/\/www.accuratereviews.com\/it\/wp-json\/wp\/v2\/users\/16"}],"replies":[{"embeddable":true,"href":"https:\/\/www.accuratereviews.com\/it\/wp-json\/wp\/v2\/comments?post=53335"}],"version-history":[{"count":7,"href":"https:\/\/www.accuratereviews.com\/it\/wp-json\/wp\/v2\/pages\/53335\/revisions"}],"predecessor-version":[{"id":53373,"href":"https:\/\/www.accuratereviews.com\/it\/wp-json\/wp\/v2\/pages\/53335\/revisions\/53373"}],"up":[{"embeddable":true,"href":"https:\/\/www.accuratereviews.com\/it\/wp-json\/wp\/v2\/pages\/52783"}],"wp:featuredmedia":[{"embeddable":true,"href":"https:\/\/www.accuratereviews.com\/it\/wp-json\/wp\/v2\/media\/53341"}],"wp:attachment":[{"href":"https:\/\/www.accuratereviews.com\/it\/wp-json\/wp\/v2\/media?parent=53335"}],"wp:term":[{"taxonomy":"category","embeddable":true,"href":"https:\/\/www.accuratereviews.com\/it\/wp-json\/wp\/v2\/categories?post=53335"},{"taxonomy":"post_tag","embeddable":true,"href":"https:\/\/www.accuratereviews.com\/it\/wp-json\/wp\/v2\/tags?post=53335"},{"taxonomy":"features","embeddable":true,"href":"https:\/\/www.accuratereviews.com\/it\/wp-json\/wp\/v2\/features?post=53335"}],"curies":[{"name":"wp","href":"https:\/\/api.w.org\/{rel}","templated":true}]}}