{"id":53386,"date":"2022-02-07T14:23:11","date_gmt":"2022-02-07T14:23:11","guid":{"rendered":"https:\/\/www.accuratereviews.com\/?page_id=53386"},"modified":"2022-02-07T14:23:11","modified_gmt":"2022-02-07T14:23:11","slug":"miclient-recensione","status":"publish","type":"page","link":"https:\/\/www.accuratereviews.com\/it\/programmi-preventivi\/miclient-recensione\/","title":{"rendered":"MiClient"},"content":{"rendered":"<p><strong>MiClient<\/strong> \u00e8 una<strong> soluzione di gestione delle proposte<\/strong> basata su <strong>cloud<\/strong> che aiuta le aziende a integrare e coinvolgere i clienti. Progettata per il settore dei servizi, le caratteristiche principali della piattaforma includono l&#8217;accesso a un repository di contenuti e una libreria di conoscenze, l&#8217;assegnazione di attivit\u00e0, il monitoraggio dello stato, la formattazione automatica e il lead nurturing.\u00a0Lo strumento preventivi consente agli utenti di creare proposte commerciali da modelli predefiniti e includere componenti dei servizi proposti. I gestori dei servizi possono utilizzare lo strumento di fatturazione per registrare i depositi iniziali e generare fatture ricorrenti in base alle tappe fondamentali del progetto o alla percentuale di lavoro completato. Una funzionalit\u00e0 di rimborso consente ai team di taggare le foto delle ricevute al progetto del cliente e allegarle alle fatture per registrare i reclami. Gli utenti possono aggregare lead da pi\u00f9 canali e inviare lettere di impegno a potenziali clienti online. Consente ai clienti di accettare proposte con una firma elettronica e registra i dettagli di diverse offerte per l&#8217;analisi.<\/p>\n<h2>MICLIENT &#8211; TUTORIAL<\/h2>\n<p>Vediamo come inserire un nuovo cliente in questo <strong>software per fare preventivi<\/strong>:<\/p>\n<div id=\"fluid-wrapper-counter-1\" class=\"g1-fluid-wrapper \" style=\"width:686px;\">\n<div style=\"padding-bottom:56.268221574344%;\"><iframe loading=\"lazy\" title=\"Client creation\" width=\"686\" height=\"386\" src=\"https:\/\/www.youtube.com\/embed\/KHsMMAL3Di4?feature=oembed&amp;wmode=transparent&amp;autohide=1&amp;autoplay=0&amp;disablekb=0&amp;fs=1&amp;loop=0&amp;enablejsapi=1&amp;rel=0&amp;controls=2&amp;showinfo=0&amp;wmode=transparent&amp;autohide=2&amp;autoplay=0&amp;disablekb=0&amp;fs=1&amp;loop=0&amp;enablejsapi=1&amp;rel=0&amp;controls=2&amp;showinfo=1\" frameborder=\"0\" allow=\"accelerometer; autoplay; clipboard-write; encrypted-media; gyroscope; picture-in-picture\" allowfullscreen><\/iframe><\/div>\n<\/div>\n<h3>MICLIENT &#8211; CARATTERISTICHE<\/h3>\n<ul>\n<li>Visualizza tutte le risposte dei clienti<\/li>\n<li>Controlla e rispondi a tutte le domande dei clienti<\/li>\n<li>Il cliente ricever\u00e0 anche email e SMS di notifica per le tue risposte<\/li>\n<li>Per i messaggi offline, riceverai una notifica email<\/li>\n<li>Vista a 360 gradi per il riepilogo dello stato delle diverse proposte con numeri, percentuali e importi<\/li>\n<li>Consente agli stakeholder di prendere importanti decisioni aziendali, come; spostamento di proposte pi\u00f9 bozze in attive, riduzione del numero di proposte perse, completamento tempestivo dello stato della proposta.<\/li>\n<li>Promemoria automatico generato dal sistema ai clienti per l&#8217;accettazione della proposta<\/li>\n<li>Flessibilit\u00e0 per inviare anche promemoria manuali<\/li>\n<li>Pop-up automatici per le persone che hanno effettuato l&#8217;accesso per inviare promemoria<\/li>\n<li>Selezione a scelta multipla per l&#8217;invio di promemoria in blocco<\/li>\n<li>Tieni traccia dell&#8217;erogazione del servizio abbinandola alla proposta<\/li>\n<li>Consegna completa come da servizi della proposta<\/li>\n<li>Aiuta a vedere la cronologia dell&#8217;interazione e contattare il cliente dallo stesso posto<\/li>\n<li>Consente ad altri membri del team di visualizzare l&#8217;interazione e prendere il comando con tutte le informazioni; in qualsiasi momento<\/li>\n<li>Condividere documenti e notifica email dell&#8217;interazione<\/li>\n<li>Modelli standard utilizzati nell&#8217;organizzazione<\/li>\n<li>Loghi, branding e termini e condizioni<\/li>\n<li>Ampia gamma di opzioni di personalizzazione<\/li>\n<li>Visibilit\u00e0 della proposta\/contratto con entrambe le parti<\/li>\n<li>Evita ritardi e processi manuali di firma\/scansione e condivisione della proposta<\/li>\n<li>Entrambe le parti hanno anche la possibilit\u00e0 di salvare le copie della proposta firmata come PDF<\/li>\n<li>Personalizzati i report standard<\/li>\n<li>Utilizzare i filtri e l&#8217;ordinamento per ottenere i dati\/il formato desiderati<\/li>\n<li>Possibilit\u00e0 di regolare le colonne\/Visualizza\/Stampa\/Salva come report<\/li>\n<li>Integrazione API con soluzioni di fatturazione<\/li>\n<li>Invia automaticamente le proposte completate alla soluzione di fatturazione<\/li>\n<li>Evita l&#8217;errore manuale nella creazione di fatture per i servizi forniti<\/li>\n<li>Riduce lo sforzo di creazione di fatture per i clienti.<\/li>\n<\/ul>\n<h4>LE RECENSIONI DEGLI UTENTI<\/h4>\n<p class=\"font-weight-bold mb-2\"><strong>Shefali T.&#8221;Proposte facili e veloci&#8221;<\/strong><\/p>\n<p><span class=\"font-weight-bold\"><strong>Commenti<\/strong>: <\/span>Grande<\/p>\n<p class=\"font-weight-bold mb-2\"><strong>Pro<\/strong>:\u00a0Tempi pi\u00f9 brevi per l&#8217;approvazione e facilit\u00e0 di esecuzione<\/p>\n<p class=\"font-weight-bold mb-2\"><strong>Contro<\/strong>:\u00a0La funzionalit\u00e0 di controllo utente deve essere sviluppata.<\/p>\n<div class=\"pl-4 my-4 py-3 border-left border-fog text-ash i18n-translation_vendor_container\" data-translation-id=\"1185396\" data-translation-vendor-target=\"original\">\n<p class=\"font-weight-bold mb-2\"><strong>Aashish kumar J.&#8221;Ottimo software&#8221;<\/strong><\/p>\n<p class=\"font-weight-bold mb-2\"><strong>Pro<\/strong>: software molto semplice e personalizzato. d\u00e0 un aspetto professionale diverso mentre corrisponde a clienti esistenti e nuovi.<\/p>\n<p class=\"font-weight-bold mb-2\"><strong>Contro<\/strong>:\u00a0Termini e condizioni come da specifica opzione di modifica del servizio da fornire<\/p>\n<p class=\"font-weight-bold mb-2\"><strong>Swati G.&#8221;Eccellente sul feedback dei clienti&#8221;<\/strong><\/p>\n<p><span class=\"font-weight-bold\"><strong>Commenti<\/strong>: <\/span>La gestione \u00e8 davvero molto buona. Il feedback dei clienti \u00e8 la priorit\u00e0.<\/p>\n<p class=\"font-weight-bold mb-2\"><strong>Pro<\/strong>:\u00a0Ora la mia attivit\u00e0 \u00e8 completamente gestita da questo software. Ci vogliono 10 secondi per inviare la proposta ai clienti di cui prima mi mancano alcune proposte. Non avrei mai pensato che potesse esserci qualcosa di cos\u00ec straordinario per la gestione delle mie PRE-VENDITE. Grazie Team MiClient.<\/p>\n<p class=\"font-weight-bold mb-2\"><strong>Contro<\/strong>:\u00a0Poich\u00e9 il software \u00e8 in fase di crescita, possiamo vedere il miglioramento ogni giorno. Buona soluzione da usare.<\/p>\n<\/div>\n","protected":false},"excerpt":{"rendered":"<p>MiClient \u00e8 una soluzione di gestione delle proposte basata su cloud che aiuta le aziende a integrare e coinvolgere i clienti. Progettata per il settore dei servizi, le caratteristiche principali della piattaforma includono l&#8217;accesso a un repository di contenuti e una libreria di conoscenze, l&#8217;assegnazione di attivit\u00e0, il monitoraggio dello stato, la formattazione automatica e il lead nurturing.<\/p>\n","protected":false},"author":16,"featured_media":53404,"parent":52783,"menu_order":0,"comment_status":"open","ping_status":"closed","template":"g1_template_page_review_new.php","meta":{"_acf_changed":false,"cwp_meta_box_check":"No","cwp_rev_product_name":"","cwp_rev_product_image":"","wppr_links":[],"cwp_rev_price":"","wppr_options":[],"wppr_pros":[],"wppr_cons":[],"_monsterinsights_skip_tracking":false,"_monsterinsights_sitenote_active":false,"_monsterinsights_sitenote_note":"","_monsterinsights_sitenote_category":0,"footnotes":""},"categories":[11869],"tags":[11905,11976,11874,11877,11872,11873],"features":[],"class_list":{"0":"post-53386","1":"page","2":"type-page","3":"status-publish","4":"has-post-thumbnail","6":"category-programmi-preventivi-cat","7":"tag-creazione-preventivi","8":"tag-miclient","9":"tag-piattaforma-per-fare-preventivi","10":"tag-programma-per-fare-preventivi","11":"tag-software-per-fare-preventivi","12":"tag-soluzione-per-fare-preventivi"},"wppr_data":{"cwp_meta_box_check":"No"},"acf":[],"yoast_head":"<!-- This site is optimized with the Yoast SEO plugin v27.4 - https:\/\/yoast.com\/product\/yoast-seo-wordpress\/ -->\n<title>MiClient: recensione software per fare preventivi - Accurate Reviews<\/title>\n<meta name=\"description\" content=\"MiClient: recensione soluzione di gestione delle proposte basata su cloud che aiuta le aziende a integrare e coinvolgere i clienti.\" \/>\n<meta name=\"robots\" content=\"index, follow, max-snippet:-1, max-image-preview:large, max-video-preview:-1\" \/>\n<link rel=\"canonical\" href=\"https:\/\/www.accuratereviews.com\/it\/programmi-preventivi\/miclient-recensione\/\" \/>\n<meta property=\"og:locale\" content=\"it_IT\" \/>\n<meta property=\"og:type\" content=\"article\" \/>\n<meta property=\"og:title\" content=\"MiClient: recensione software per fare preventivi - Accurate Reviews\" \/>\n<meta property=\"og:description\" content=\"MiClient: recensione soluzione di gestione delle proposte basata su cloud che aiuta le aziende a integrare e coinvolgere i clienti.\" \/>\n<meta property=\"og:url\" content=\"https:\/\/www.accuratereviews.com\/it\/programmi-preventivi\/miclient-recensione\/\" \/>\n<meta property=\"og:site_name\" content=\"Accurate Reviews\" \/>\n<meta property=\"og:image\" content=\"https:\/\/www.accuratereviews.com\/wp-content\/uploads\/2022\/02\/Schermata-2022-02-07-alle-10.48.36.png\" \/>\n\t<meta property=\"og:image:width\" content=\"646\" \/>\n\t<meta property=\"og:image:height\" content=\"290\" \/>\n\t<meta property=\"og:image:type\" content=\"image\/png\" \/>\n<meta name=\"twitter:card\" content=\"summary_large_image\" \/>\n<meta name=\"twitter:label1\" content=\"Tempo di lettura stimato\" \/>\n\t<meta name=\"twitter:data1\" content=\"4 minuti\" \/>\n<script type=\"application\/ld+json\" class=\"yoast-schema-graph\">{\"@context\":\"https:\\\/\\\/schema.org\",\"@graph\":[{\"@type\":\"WebPage\",\"@id\":\"https:\\\/\\\/www.accuratereviews.com\\\/it\\\/programmi-preventivi\\\/miclient-recensione\\\/\",\"url\":\"https:\\\/\\\/www.accuratereviews.com\\\/it\\\/programmi-preventivi\\\/miclient-recensione\\\/\",\"name\":\"MiClient: recensione software per fare preventivi - Accurate Reviews\",\"isPartOf\":{\"@id\":\"https:\\\/\\\/www.accuratereviews.com\\\/it\\\/#website\"},\"primaryImageOfPage\":{\"@id\":\"https:\\\/\\\/www.accuratereviews.com\\\/it\\\/programmi-preventivi\\\/miclient-recensione\\\/#primaryimage\"},\"image\":{\"@id\":\"https:\\\/\\\/www.accuratereviews.com\\\/it\\\/programmi-preventivi\\\/miclient-recensione\\\/#primaryimage\"},\"thumbnailUrl\":\"https:\\\/\\\/www.accuratereviews.com\\\/wp-content\\\/uploads\\\/2022\\\/02\\\/Schermata-2022-02-07-alle-10.48.36.png\",\"datePublished\":\"2022-02-07T14:23:11+00:00\",\"description\":\"MiClient: recensione soluzione di gestione delle proposte basata su cloud che aiuta le aziende a integrare e coinvolgere i clienti.\",\"breadcrumb\":{\"@id\":\"https:\\\/\\\/www.accuratereviews.com\\\/it\\\/programmi-preventivi\\\/miclient-recensione\\\/#breadcrumb\"},\"inLanguage\":\"it-IT\",\"potentialAction\":[{\"@type\":\"ReadAction\",\"target\":[\"https:\\\/\\\/www.accuratereviews.com\\\/it\\\/programmi-preventivi\\\/miclient-recensione\\\/\"]}]},{\"@type\":\"ImageObject\",\"inLanguage\":\"it-IT\",\"@id\":\"https:\\\/\\\/www.accuratereviews.com\\\/it\\\/programmi-preventivi\\\/miclient-recensione\\\/#primaryimage\",\"url\":\"https:\\\/\\\/www.accuratereviews.com\\\/wp-content\\\/uploads\\\/2022\\\/02\\\/Schermata-2022-02-07-alle-10.48.36.png\",\"contentUrl\":\"https:\\\/\\\/www.accuratereviews.com\\\/wp-content\\\/uploads\\\/2022\\\/02\\\/Schermata-2022-02-07-alle-10.48.36.png\",\"width\":646,\"height\":290},{\"@type\":\"BreadcrumbList\",\"@id\":\"https:\\\/\\\/www.accuratereviews.com\\\/it\\\/programmi-preventivi\\\/miclient-recensione\\\/#breadcrumb\",\"itemListElement\":[{\"@type\":\"ListItem\",\"position\":1,\"name\":\"Home\",\"item\":\"https:\\\/\\\/www.accuratereviews.com\\\/it\\\/\"},{\"@type\":\"ListItem\",\"position\":2,\"name\":\"Programmi per fare preventivi\",\"item\":\"https:\\\/\\\/www.accuratereviews.com\\\/it\\\/programmi-preventivi\\\/\"},{\"@type\":\"ListItem\",\"position\":3,\"name\":\"MiClient\"}]},{\"@type\":\"WebSite\",\"@id\":\"https:\\\/\\\/www.accuratereviews.com\\\/it\\\/#website\",\"url\":\"https:\\\/\\\/www.accuratereviews.com\\\/it\\\/\",\"name\":\"Accurate Reviews\",\"description\":\"\",\"potentialAction\":[{\"@type\":\"SearchAction\",\"target\":{\"@type\":\"EntryPoint\",\"urlTemplate\":\"https:\\\/\\\/www.accuratereviews.com\\\/it\\\/?s={search_term_string}\"},\"query-input\":{\"@type\":\"PropertyValueSpecification\",\"valueRequired\":true,\"valueName\":\"search_term_string\"}}],\"inLanguage\":\"it-IT\"}]}<\/script>\n<!-- \/ Yoast SEO plugin. -->","yoast_head_json":{"title":"MiClient: recensione software per fare preventivi - Accurate Reviews","description":"MiClient: recensione soluzione di gestione delle proposte basata su cloud che aiuta le aziende a integrare e coinvolgere i clienti.","robots":{"index":"index","follow":"follow","max-snippet":"max-snippet:-1","max-image-preview":"max-image-preview:large","max-video-preview":"max-video-preview:-1"},"canonical":"https:\/\/www.accuratereviews.com\/it\/programmi-preventivi\/miclient-recensione\/","og_locale":"it_IT","og_type":"article","og_title":"MiClient: recensione software per fare preventivi - Accurate Reviews","og_description":"MiClient: recensione soluzione di gestione delle proposte basata su cloud che aiuta le aziende a integrare e coinvolgere i clienti.","og_url":"https:\/\/www.accuratereviews.com\/it\/programmi-preventivi\/miclient-recensione\/","og_site_name":"Accurate Reviews","og_image":[{"width":646,"height":290,"url":"https:\/\/www.accuratereviews.com\/wp-content\/uploads\/2022\/02\/Schermata-2022-02-07-alle-10.48.36.png","type":"image\/png"}],"twitter_card":"summary_large_image","twitter_misc":{"Tempo di lettura stimato":"4 minuti"},"schema":{"@context":"https:\/\/schema.org","@graph":[{"@type":"WebPage","@id":"https:\/\/www.accuratereviews.com\/it\/programmi-preventivi\/miclient-recensione\/","url":"https:\/\/www.accuratereviews.com\/it\/programmi-preventivi\/miclient-recensione\/","name":"MiClient: recensione software per fare preventivi - Accurate Reviews","isPartOf":{"@id":"https:\/\/www.accuratereviews.com\/it\/#website"},"primaryImageOfPage":{"@id":"https:\/\/www.accuratereviews.com\/it\/programmi-preventivi\/miclient-recensione\/#primaryimage"},"image":{"@id":"https:\/\/www.accuratereviews.com\/it\/programmi-preventivi\/miclient-recensione\/#primaryimage"},"thumbnailUrl":"https:\/\/www.accuratereviews.com\/wp-content\/uploads\/2022\/02\/Schermata-2022-02-07-alle-10.48.36.png","datePublished":"2022-02-07T14:23:11+00:00","description":"MiClient: recensione soluzione di gestione delle proposte basata su cloud che aiuta le aziende a integrare e coinvolgere i clienti.","breadcrumb":{"@id":"https:\/\/www.accuratereviews.com\/it\/programmi-preventivi\/miclient-recensione\/#breadcrumb"},"inLanguage":"it-IT","potentialAction":[{"@type":"ReadAction","target":["https:\/\/www.accuratereviews.com\/it\/programmi-preventivi\/miclient-recensione\/"]}]},{"@type":"ImageObject","inLanguage":"it-IT","@id":"https:\/\/www.accuratereviews.com\/it\/programmi-preventivi\/miclient-recensione\/#primaryimage","url":"https:\/\/www.accuratereviews.com\/wp-content\/uploads\/2022\/02\/Schermata-2022-02-07-alle-10.48.36.png","contentUrl":"https:\/\/www.accuratereviews.com\/wp-content\/uploads\/2022\/02\/Schermata-2022-02-07-alle-10.48.36.png","width":646,"height":290},{"@type":"BreadcrumbList","@id":"https:\/\/www.accuratereviews.com\/it\/programmi-preventivi\/miclient-recensione\/#breadcrumb","itemListElement":[{"@type":"ListItem","position":1,"name":"Home","item":"https:\/\/www.accuratereviews.com\/it\/"},{"@type":"ListItem","position":2,"name":"Programmi per fare preventivi","item":"https:\/\/www.accuratereviews.com\/it\/programmi-preventivi\/"},{"@type":"ListItem","position":3,"name":"MiClient"}]},{"@type":"WebSite","@id":"https:\/\/www.accuratereviews.com\/it\/#website","url":"https:\/\/www.accuratereviews.com\/it\/","name":"Accurate Reviews","description":"","potentialAction":[{"@type":"SearchAction","target":{"@type":"EntryPoint","urlTemplate":"https:\/\/www.accuratereviews.com\/it\/?s={search_term_string}"},"query-input":{"@type":"PropertyValueSpecification","valueRequired":true,"valueName":"search_term_string"}}],"inLanguage":"it-IT"}]}},"_links":{"self":[{"href":"https:\/\/www.accuratereviews.com\/it\/wp-json\/wp\/v2\/pages\/53386","targetHints":{"allow":["GET"]}}],"collection":[{"href":"https:\/\/www.accuratereviews.com\/it\/wp-json\/wp\/v2\/pages"}],"about":[{"href":"https:\/\/www.accuratereviews.com\/it\/wp-json\/wp\/v2\/types\/page"}],"author":[{"embeddable":true,"href":"https:\/\/www.accuratereviews.com\/it\/wp-json\/wp\/v2\/users\/16"}],"replies":[{"embeddable":true,"href":"https:\/\/www.accuratereviews.com\/it\/wp-json\/wp\/v2\/comments?post=53386"}],"version-history":[{"count":10,"href":"https:\/\/www.accuratereviews.com\/it\/wp-json\/wp\/v2\/pages\/53386\/revisions"}],"predecessor-version":[{"id":53421,"href":"https:\/\/www.accuratereviews.com\/it\/wp-json\/wp\/v2\/pages\/53386\/revisions\/53421"}],"up":[{"embeddable":true,"href":"https:\/\/www.accuratereviews.com\/it\/wp-json\/wp\/v2\/pages\/52783"}],"wp:featuredmedia":[{"embeddable":true,"href":"https:\/\/www.accuratereviews.com\/it\/wp-json\/wp\/v2\/media\/53404"}],"wp:attachment":[{"href":"https:\/\/www.accuratereviews.com\/it\/wp-json\/wp\/v2\/media?parent=53386"}],"wp:term":[{"taxonomy":"category","embeddable":true,"href":"https:\/\/www.accuratereviews.com\/it\/wp-json\/wp\/v2\/categories?post=53386"},{"taxonomy":"post_tag","embeddable":true,"href":"https:\/\/www.accuratereviews.com\/it\/wp-json\/wp\/v2\/tags?post=53386"},{"taxonomy":"features","embeddable":true,"href":"https:\/\/www.accuratereviews.com\/it\/wp-json\/wp\/v2\/features?post=53386"}],"curies":[{"name":"wp","href":"https:\/\/api.w.org\/{rel}","templated":true}]}}