{"id":53393,"date":"2022-02-07T12:21:19","date_gmt":"2022-02-07T12:21:19","guid":{"rendered":"https:\/\/www.accuratereviews.com\/?page_id=53393"},"modified":"2022-02-07T12:21:19","modified_gmt":"2022-02-07T12:21:19","slug":"kbmax-recensione","status":"publish","type":"page","link":"https:\/\/www.accuratereviews.com\/it\/programmi-preventivi\/kbmax-recensione\/","title":{"rendered":"KBMax"},"content":{"rendered":"<p><strong>KBMax<\/strong> \u00e8 un <strong>software di configurazione dei preventivi<\/strong> basato su <strong>cloud<\/strong> e omnicanale progettato per organizzazioni di vendita diretta, rivenditori, distributori e aziende di ecommerce per migliorare il processo di vendita, semplificare la configurazione e la vendita di prodotti complessi ed elevare l&#8217;esperienza del cliente. Il software viene fornito con visualizzazione 3D interattiva e strumenti di automazione CAD, consentendo agli utenti di creare modelli 3D.\u00a0Il suo configuratore di prodotto supporta integrazioni, prezzi in tempo reale, regole aziendali complesse, automazione CAD e visualizzazione.\u00a0Inoltre, KBMax \u00e8 facile da usare e consente agli utenti di creare regole per i loro processi e prodotti aziendali, indipendentemente dal loro livello di abilit\u00e0. Ultimo ma non meno importante, il software si integra con altri sistemi per migliorare le vendite dirette.<\/p>\n<h2>KBMAX &#8211; TUTORIAL<\/h2>\n<p>Vediamo come inserire un articolo con la relativi foto in 3 D con questo <strong>software per fare preventivi<\/strong>:<\/p>\n<div id=\"fluid-wrapper-counter-1\" class=\"g1-fluid-wrapper \" style=\"width:686px;\">\n<div style=\"padding-bottom:56.268221574344%;\"><iframe loading=\"lazy\" title=\"KBMax Admin Tour\" width=\"686\" height=\"386\" src=\"https:\/\/www.youtube.com\/embed\/ENtBBakARPM?feature=oembed&amp;wmode=transparent&amp;autohide=1&amp;autoplay=0&amp;disablekb=0&amp;fs=1&amp;loop=0&amp;enablejsapi=1&amp;rel=0&amp;controls=2&amp;showinfo=0&amp;wmode=transparent&amp;autohide=2&amp;autoplay=0&amp;disablekb=0&amp;fs=1&amp;loop=0&amp;enablejsapi=1&amp;rel=0&amp;controls=2&amp;showinfo=1\" frameborder=\"0\" allow=\"accelerometer; autoplay; clipboard-write; encrypted-media; gyroscope; picture-in-picture\" allowfullscreen><\/iframe><\/div>\n<\/div>\n<h3>KBMAX &#8211; CARATTERISTICHE<\/h3>\n<div class=\"transition-shadow w-full rounded-md card-flip vert\">\n<div class=\"front flex flex-wrap flex-row p-3 shadow-md\">\n<ul>\n<li><strong>Configurazione visuale 2D\/3D<\/strong>: crea una migliore esperienza di acquisto mostrando ai tuoi clienti esattamente cosa stanno comprando<\/li>\n<li><strong>Ecommerce B2B<\/strong>: consenti ai visitatori di interagire con le rappresentazioni 3D dei tuoi prodotti in tempo reale<\/li>\n<li><strong>Vendita B2B2C<\/strong>: sfrutta le economie di scala attraverso canali di vendita nuovi e diversificati<\/li>\n<li><strong>CAD e automazione della progettazione:<\/strong> genera\u00a0automaticamente i disegni CAD per i team di vendita, ingegneria e produzione<\/li>\n<li><strong>Ecommerce B2B<\/strong>: consenti ai visitatori di interagire con le rappresentazioni 3D dei tuoi prodotti in tempo reale<\/li>\n<li><strong>Configurazione complessa del prodotto<\/strong>: configura dinamicamente e valuta i prodotti pi\u00f9 complessi<\/li>\n<li><strong>Ingegnere su ordinazione<\/strong>: velocizzare la progettazione e la produzione di beni altamente variabili<\/li>\n<li><strong>Vendita guidata<\/strong>: guida un rappresentante di vendita o un cliente al perfetto adattamento cliente-prodotto<\/li>\n<li><strong>CPQ integrato<\/strong>: connetti le tue persone con dati, sistemi e processi aziendali critici<\/li>\n<li><strong>Vendite omnicanale<\/strong>: apri nuovi canali di acquisto coinvolgenti per i tuoi clienti con le vendite omnicanale<\/li>\n<li><strong>Automazione delle vendite:<\/strong> automatizza le attivit\u00e0 di vendita manuali e aumenta la produttivit\u00e0 delle vendite in uscita<\/li>\n<\/ul>\n<div class=\"transition-shadow w-full rounded-md card-flip vert\">\n<div class=\"front flex flex-wrap flex-row p-3 shadow-md\"><\/div>\n<\/div>\n<div class=\"transition-shadow w-full rounded-md card-flip vert\">\n<div class=\"front flex flex-wrap flex-row p-3 shadow-md\">\n<div class=\"transition-shadow w-full rounded-md card-flip vert\">\n<div class=\"front flex flex-wrap flex-row p-3 shadow-md\">\n<div class=\"relative w-full h-96 overflow-hidden\">\n<div id=\"wide-5\" class=\"absolute -translate-x-1\/2 -translate-y-1\/2 h-full z-0 w-full\">\n<div class=\"w-2\/3 absolute left-1\/4 bottom-1\" data-animate=\"1\" data-animate-direction=\"left\" data-animate-factor=\"20\">\n<h4 class=\"transform scale-x-70 2xl:scale-x-110 scale-y-90 origin-bottom\">LE RECENSIONI DEGLI UTENTI<\/h4>\n<p class=\"font-weight-bold mb-2\"><strong>Binh N.&#8221;Buona flessibilit\u00e0 ma pesante da programmare a seconda delle esigenze&#8221;<\/strong><\/p>\n<p><span class=\"font-weight-bold\"><strong>Commenti<\/strong>: <\/span>Persone fantastiche e supporto, ma sacrificano un po&#8217; di robustezza delle funzioni a causa dell&#8217;elevato grado di flessibilit\u00e0 e personalizzazione possibile (molta risoluzione dei problemi).<\/p>\n<p class=\"font-weight-bold mb-2\"><strong>Pro<\/strong>:\u00a0Flessibilit\u00e0 di personalizzazione secondo necessit\u00e0. Interfaccia facile.<\/p>\n<p class=\"font-weight-bold mb-2\"><strong>Contro<\/strong>:\u00a0\u00c8 necessario essere un programmatore molto tecnico per configurare le regole e il flusso di lavoro. L&#8217;analisi \u00e8 difficile (es. esportazione dei dati delle quotazioni, necessit\u00e0 di API, ecc.). Vorrei vedere pi\u00f9 possibilit\u00e0 di BI native o almeno esportare in funzioni di Excel.<\/p>\n<p class=\"font-weight-bold mb-2\"><strong>St\u00e9phane K.&#8221;Soluzione CPQ con caratteristiche preziose&#8221;<\/strong><\/p>\n<p><span class=\"font-weight-bold\"><strong>Commenti<\/strong>: <\/span>Con questa piattaforma abbiamo aiutato i nostri clienti a semplificare il processo di preventivo in una soluzione connessa dalle vendite al back-office.<\/p>\n<p class=\"font-weight-bold mb-2\"><strong>Pro<\/strong>:\u00a0Facile da implementare Soluzione multicanale Soluzione multidispositivo (cellulare, tablet, desktop) Generazione di documenti per team non IT Possibilit\u00e0 di estendere Salesforce Generazione 3D e CAD per la produzione Pu\u00f2 essere utilizzato per configurare, quotare e quotare offerte di assicurazioni, telecomunicazioni, energia<\/p>\n<p class=\"font-weight-bold mb-2\"><strong>Contro<\/strong>:\u00a0Prendi in considerazione i processi di abbonamento e rinnovo<\/p>\n<p class=\"font-weight-bold mb-2\"><strong>Arnaud C.&#8221;Semplicemente facile&#8221;<\/strong><\/p>\n<p class=\"font-weight-bold mb-2\"><strong>Pro<\/strong>:\u00a0La piattaforma di sviluppo per 3D pi\u00f9 semplice che abbia mai usato. Non sono uno sviluppatore e dopo un solo training sono in grado di gestire molte funzionalit\u00e0 sulla nostra piattaforma, aggiungere nuovi prodotti.<\/p>\n<p class=\"font-weight-bold mb-2\"><strong>Contro<\/strong>:\u00a0Dal mio punto di vista personale, il supporto potrebbe essere il punto debole (ma la mia azienda probabilmente \u00e8 l&#8217;arte del problema)<\/p>\n<\/div>\n<\/div>\n<\/div>\n<\/div>\n<\/div>\n<\/div>\n<\/div>\n<\/div>\n<\/div>\n","protected":false},"excerpt":{"rendered":"<p>KBMax \u00e8 un software di configurazione dei preventivi basato su cloud e omnicanale progettato per organizzazioni di vendita diretta, rivenditori, distributori e aziende di ecommerce per migliorare il processo di vendita, semplificare la configurazione e la vendita di prodotti complessi ed elevare l&#8217;esperienza del cliente.<\/p>\n","protected":false},"author":16,"featured_media":53394,"parent":52783,"menu_order":0,"comment_status":"open","ping_status":"closed","template":"g1_template_page_review_new.php","meta":{"_acf_changed":false,"cwp_meta_box_check":"No","cwp_rev_product_name":"","cwp_rev_product_image":"","wppr_links":[],"cwp_rev_price":"","wppr_options":[],"wppr_pros":[],"wppr_cons":[],"_monsterinsights_skip_tracking":false,"_monsterinsights_sitenote_active":false,"_monsterinsights_sitenote_note":"","_monsterinsights_sitenote_category":0,"footnotes":""},"categories":[11869],"tags":[11905,11977,11874,11877,11872,11873],"features":[],"class_list":{"0":"post-53393","1":"page","2":"type-page","3":"status-publish","4":"has-post-thumbnail","6":"category-programmi-preventivi-cat","7":"tag-creazione-preventivi","8":"tag-kbmax","9":"tag-piattaforma-per-fare-preventivi","10":"tag-programma-per-fare-preventivi","11":"tag-software-per-fare-preventivi","12":"tag-soluzione-per-fare-preventivi"},"wppr_data":{"cwp_meta_box_check":"No"},"acf":[],"yoast_head":"<!-- This site is optimized with the Yoast SEO plugin v27.4 - https:\/\/yoast.com\/product\/yoast-seo-wordpress\/ -->\n<title>KBMax: recensione software per fare preventivi - Accurate Reviews<\/title>\n<meta name=\"description\" content=\"KBMax: recensione software di configurazione dei preventivi basato su cloud e omnicanale progettato per organizzazioni di vendita diretta.\" \/>\n<meta name=\"robots\" content=\"index, follow, max-snippet:-1, max-image-preview:large, max-video-preview:-1\" \/>\n<link rel=\"canonical\" href=\"https:\/\/www.accuratereviews.com\/it\/programmi-preventivi\/kbmax-recensione\/\" \/>\n<meta property=\"og:locale\" content=\"it_IT\" \/>\n<meta property=\"og:type\" content=\"article\" \/>\n<meta property=\"og:title\" content=\"KBMax: recensione software per fare preventivi - Accurate Reviews\" \/>\n<meta property=\"og:description\" content=\"KBMax: recensione software di configurazione dei preventivi basato su cloud e omnicanale progettato per organizzazioni di vendita diretta.\" \/>\n<meta property=\"og:url\" content=\"https:\/\/www.accuratereviews.com\/it\/programmi-preventivi\/kbmax-recensione\/\" \/>\n<meta property=\"og:site_name\" content=\"Accurate Reviews\" \/>\n<meta property=\"og:image\" content=\"https:\/\/www.accuratereviews.com\/wp-content\/uploads\/2022\/02\/KBMax.jpeg\" \/>\n\t<meta property=\"og:image:width\" content=\"400\" \/>\n\t<meta property=\"og:image:height\" content=\"400\" \/>\n\t<meta property=\"og:image:type\" content=\"image\/jpeg\" \/>\n<meta name=\"twitter:card\" content=\"summary_large_image\" \/>\n<meta name=\"twitter:label1\" content=\"Tempo di lettura stimato\" \/>\n\t<meta name=\"twitter:data1\" content=\"3 minuti\" \/>\n<script type=\"application\/ld+json\" class=\"yoast-schema-graph\">{\"@context\":\"https:\\\/\\\/schema.org\",\"@graph\":[{\"@type\":\"WebPage\",\"@id\":\"https:\\\/\\\/www.accuratereviews.com\\\/it\\\/programmi-preventivi\\\/kbmax-recensione\\\/\",\"url\":\"https:\\\/\\\/www.accuratereviews.com\\\/it\\\/programmi-preventivi\\\/kbmax-recensione\\\/\",\"name\":\"KBMax: recensione software per fare preventivi - Accurate Reviews\",\"isPartOf\":{\"@id\":\"https:\\\/\\\/www.accuratereviews.com\\\/it\\\/#website\"},\"primaryImageOfPage\":{\"@id\":\"https:\\\/\\\/www.accuratereviews.com\\\/it\\\/programmi-preventivi\\\/kbmax-recensione\\\/#primaryimage\"},\"image\":{\"@id\":\"https:\\\/\\\/www.accuratereviews.com\\\/it\\\/programmi-preventivi\\\/kbmax-recensione\\\/#primaryimage\"},\"thumbnailUrl\":\"https:\\\/\\\/www.accuratereviews.com\\\/wp-content\\\/uploads\\\/2022\\\/02\\\/KBMax.jpeg\",\"datePublished\":\"2022-02-07T12:21:19+00:00\",\"description\":\"KBMax: recensione software di configurazione dei preventivi basato su cloud e omnicanale progettato per organizzazioni di vendita diretta.\",\"breadcrumb\":{\"@id\":\"https:\\\/\\\/www.accuratereviews.com\\\/it\\\/programmi-preventivi\\\/kbmax-recensione\\\/#breadcrumb\"},\"inLanguage\":\"it-IT\",\"potentialAction\":[{\"@type\":\"ReadAction\",\"target\":[\"https:\\\/\\\/www.accuratereviews.com\\\/it\\\/programmi-preventivi\\\/kbmax-recensione\\\/\"]}]},{\"@type\":\"ImageObject\",\"inLanguage\":\"it-IT\",\"@id\":\"https:\\\/\\\/www.accuratereviews.com\\\/it\\\/programmi-preventivi\\\/kbmax-recensione\\\/#primaryimage\",\"url\":\"https:\\\/\\\/www.accuratereviews.com\\\/wp-content\\\/uploads\\\/2022\\\/02\\\/KBMax.jpeg\",\"contentUrl\":\"https:\\\/\\\/www.accuratereviews.com\\\/wp-content\\\/uploads\\\/2022\\\/02\\\/KBMax.jpeg\",\"width\":400,\"height\":400},{\"@type\":\"BreadcrumbList\",\"@id\":\"https:\\\/\\\/www.accuratereviews.com\\\/it\\\/programmi-preventivi\\\/kbmax-recensione\\\/#breadcrumb\",\"itemListElement\":[{\"@type\":\"ListItem\",\"position\":1,\"name\":\"Home\",\"item\":\"https:\\\/\\\/www.accuratereviews.com\\\/it\\\/\"},{\"@type\":\"ListItem\",\"position\":2,\"name\":\"Programmi per fare preventivi\",\"item\":\"https:\\\/\\\/www.accuratereviews.com\\\/it\\\/programmi-preventivi\\\/\"},{\"@type\":\"ListItem\",\"position\":3,\"name\":\"KBMax\"}]},{\"@type\":\"WebSite\",\"@id\":\"https:\\\/\\\/www.accuratereviews.com\\\/it\\\/#website\",\"url\":\"https:\\\/\\\/www.accuratereviews.com\\\/it\\\/\",\"name\":\"Accurate Reviews\",\"description\":\"\",\"potentialAction\":[{\"@type\":\"SearchAction\",\"target\":{\"@type\":\"EntryPoint\",\"urlTemplate\":\"https:\\\/\\\/www.accuratereviews.com\\\/it\\\/?s={search_term_string}\"},\"query-input\":{\"@type\":\"PropertyValueSpecification\",\"valueRequired\":true,\"valueName\":\"search_term_string\"}}],\"inLanguage\":\"it-IT\"}]}<\/script>\n<!-- \/ Yoast SEO plugin. -->","yoast_head_json":{"title":"KBMax: recensione software per fare preventivi - Accurate Reviews","description":"KBMax: recensione software di configurazione dei preventivi basato su cloud e omnicanale progettato per organizzazioni di vendita diretta.","robots":{"index":"index","follow":"follow","max-snippet":"max-snippet:-1","max-image-preview":"max-image-preview:large","max-video-preview":"max-video-preview:-1"},"canonical":"https:\/\/www.accuratereviews.com\/it\/programmi-preventivi\/kbmax-recensione\/","og_locale":"it_IT","og_type":"article","og_title":"KBMax: recensione software per fare preventivi - Accurate Reviews","og_description":"KBMax: recensione software di configurazione dei preventivi basato su cloud e omnicanale progettato per organizzazioni di vendita diretta.","og_url":"https:\/\/www.accuratereviews.com\/it\/programmi-preventivi\/kbmax-recensione\/","og_site_name":"Accurate Reviews","og_image":[{"width":400,"height":400,"url":"https:\/\/www.accuratereviews.com\/wp-content\/uploads\/2022\/02\/KBMax.jpeg","type":"image\/jpeg"}],"twitter_card":"summary_large_image","twitter_misc":{"Tempo di lettura stimato":"3 minuti"},"schema":{"@context":"https:\/\/schema.org","@graph":[{"@type":"WebPage","@id":"https:\/\/www.accuratereviews.com\/it\/programmi-preventivi\/kbmax-recensione\/","url":"https:\/\/www.accuratereviews.com\/it\/programmi-preventivi\/kbmax-recensione\/","name":"KBMax: recensione software per fare preventivi - Accurate Reviews","isPartOf":{"@id":"https:\/\/www.accuratereviews.com\/it\/#website"},"primaryImageOfPage":{"@id":"https:\/\/www.accuratereviews.com\/it\/programmi-preventivi\/kbmax-recensione\/#primaryimage"},"image":{"@id":"https:\/\/www.accuratereviews.com\/it\/programmi-preventivi\/kbmax-recensione\/#primaryimage"},"thumbnailUrl":"https:\/\/www.accuratereviews.com\/wp-content\/uploads\/2022\/02\/KBMax.jpeg","datePublished":"2022-02-07T12:21:19+00:00","description":"KBMax: recensione software di configurazione dei preventivi basato su cloud e omnicanale progettato per organizzazioni di vendita diretta.","breadcrumb":{"@id":"https:\/\/www.accuratereviews.com\/it\/programmi-preventivi\/kbmax-recensione\/#breadcrumb"},"inLanguage":"it-IT","potentialAction":[{"@type":"ReadAction","target":["https:\/\/www.accuratereviews.com\/it\/programmi-preventivi\/kbmax-recensione\/"]}]},{"@type":"ImageObject","inLanguage":"it-IT","@id":"https:\/\/www.accuratereviews.com\/it\/programmi-preventivi\/kbmax-recensione\/#primaryimage","url":"https:\/\/www.accuratereviews.com\/wp-content\/uploads\/2022\/02\/KBMax.jpeg","contentUrl":"https:\/\/www.accuratereviews.com\/wp-content\/uploads\/2022\/02\/KBMax.jpeg","width":400,"height":400},{"@type":"BreadcrumbList","@id":"https:\/\/www.accuratereviews.com\/it\/programmi-preventivi\/kbmax-recensione\/#breadcrumb","itemListElement":[{"@type":"ListItem","position":1,"name":"Home","item":"https:\/\/www.accuratereviews.com\/it\/"},{"@type":"ListItem","position":2,"name":"Programmi per fare preventivi","item":"https:\/\/www.accuratereviews.com\/it\/programmi-preventivi\/"},{"@type":"ListItem","position":3,"name":"KBMax"}]},{"@type":"WebSite","@id":"https:\/\/www.accuratereviews.com\/it\/#website","url":"https:\/\/www.accuratereviews.com\/it\/","name":"Accurate Reviews","description":"","potentialAction":[{"@type":"SearchAction","target":{"@type":"EntryPoint","urlTemplate":"https:\/\/www.accuratereviews.com\/it\/?s={search_term_string}"},"query-input":{"@type":"PropertyValueSpecification","valueRequired":true,"valueName":"search_term_string"}}],"inLanguage":"it-IT"}]}},"_links":{"self":[{"href":"https:\/\/www.accuratereviews.com\/it\/wp-json\/wp\/v2\/pages\/53393","targetHints":{"allow":["GET"]}}],"collection":[{"href":"https:\/\/www.accuratereviews.com\/it\/wp-json\/wp\/v2\/pages"}],"about":[{"href":"https:\/\/www.accuratereviews.com\/it\/wp-json\/wp\/v2\/types\/page"}],"author":[{"embeddable":true,"href":"https:\/\/www.accuratereviews.com\/it\/wp-json\/wp\/v2\/users\/16"}],"replies":[{"embeddable":true,"href":"https:\/\/www.accuratereviews.com\/it\/wp-json\/wp\/v2\/comments?post=53393"}],"version-history":[{"count":8,"href":"https:\/\/www.accuratereviews.com\/it\/wp-json\/wp\/v2\/pages\/53393\/revisions"}],"predecessor-version":[{"id":53419,"href":"https:\/\/www.accuratereviews.com\/it\/wp-json\/wp\/v2\/pages\/53393\/revisions\/53419"}],"up":[{"embeddable":true,"href":"https:\/\/www.accuratereviews.com\/it\/wp-json\/wp\/v2\/pages\/52783"}],"wp:featuredmedia":[{"embeddable":true,"href":"https:\/\/www.accuratereviews.com\/it\/wp-json\/wp\/v2\/media\/53394"}],"wp:attachment":[{"href":"https:\/\/www.accuratereviews.com\/it\/wp-json\/wp\/v2\/media?parent=53393"}],"wp:term":[{"taxonomy":"category","embeddable":true,"href":"https:\/\/www.accuratereviews.com\/it\/wp-json\/wp\/v2\/categories?post=53393"},{"taxonomy":"post_tag","embeddable":true,"href":"https:\/\/www.accuratereviews.com\/it\/wp-json\/wp\/v2\/tags?post=53393"},{"taxonomy":"features","embeddable":true,"href":"https:\/\/www.accuratereviews.com\/it\/wp-json\/wp\/v2\/features?post=53393"}],"curies":[{"name":"wp","href":"https:\/\/api.w.org\/{rel}","templated":true}]}}