{"id":53422,"date":"2022-02-08T20:13:12","date_gmt":"2022-02-08T20:13:12","guid":{"rendered":"https:\/\/www.accuratereviews.com\/?page_id=53422"},"modified":"2022-02-08T20:13:12","modified_gmt":"2022-02-08T20:13:12","slug":"iquotexpress-recensione","status":"publish","type":"page","link":"https:\/\/www.accuratereviews.com\/it\/programmi-preventivi\/iquotexpress-recensione\/","title":{"rendered":"iQuoteXpress"},"content":{"rendered":"<p><strong>iQuoteXpress<\/strong> \u00e8 un <strong>generatore di preventivi<\/strong> e proposte ospitato nel <strong>cloud<\/strong> che consente alle organizzazioni di automatizzare i processi di stima delle vendite. I venditori sono in grado di creare comodamente proposte dettagliate e accurate senza richiedere troppo tempo, in modo che possano concentrarsi maggiormente sulla vendita effettiva che sulla preparazione dei documenti di vendita.\u00a0La piattaforma<strong> Configure Price Quote (CPQ)<\/strong> dell&#8217;applicazione offre soluzioni di abilitazione alle vendite complete e potenti di cui le aziende hanno bisogno per semplificare e migliorare le attivit\u00e0 relative a preventivi e proposte. Gli strumenti integrati includono l&#8217;automazione delle proposte, la catalogazione dinamica, l&#8217;analisi e il reporting e l&#8217;integrazione flessibile con i sistemi esistenti.\u00a0<strong>iQuoteXpress<\/strong> vanta un servizio clienti pratico fornendo account manager e personale di supporto affidabili a seconda del pacchetto utilizzato.<\/p>\n<h2>IQUOTEXPRESS &#8211; TUTORIAL<\/h2>\n<p>Ecco un video che illustra come inserire prodotti su questo <strong>software per fare preventivi<\/strong>:<\/p>\n<div id=\"fluid-wrapper-counter-1\" class=\"g1-fluid-wrapper \" style=\"width:686px;\">\n<div style=\"padding-bottom:56.268221574344%;\"><iframe loading=\"lazy\" title=\"iQuoteXpress   Demonstration\" width=\"686\" height=\"386\" src=\"https:\/\/www.youtube.com\/embed\/Bg-4dQKWxTg?feature=oembed&amp;wmode=transparent&amp;autohide=1&amp;autoplay=0&amp;disablekb=0&amp;fs=1&amp;loop=0&amp;enablejsapi=1&amp;rel=0&amp;controls=2&amp;showinfo=0&amp;wmode=transparent&amp;autohide=2&amp;autoplay=0&amp;disablekb=0&amp;fs=1&amp;loop=0&amp;enablejsapi=1&amp;rel=0&amp;controls=2&amp;showinfo=1\" frameborder=\"0\" allow=\"accelerometer; autoplay; clipboard-write; encrypted-media; gyroscope; picture-in-picture\" allowfullscreen><\/iframe><\/div>\n<\/div>\n<h3>IQUOTEXPRESS &#8211; CARATTERISTICHE<\/h3>\n<ul>\n<li><strong>Supporto<\/strong>: accedi a un team di consulenti aziendali, designer e sviluppatori per aiutarti a personalizzare e ottimizzare la tua soluzione<\/li>\n<li><strong>Gestione account dedicata<\/strong>: godrai di un unico punto di contatto e condivider\u00e0 la propria esperienza QRM e si dedicher\u00e0 alla tua attivit\u00e0 tanto quanto te e i tuoi venditori<\/li>\n<li><strong>Catalogazione dedicata<\/strong>: conserva tutti i prodotti e le offerte di servizi in un repository basato su cloud, assicurando che tutti i venditori, locali e remoti, utilizzino i prezzi e i dettagli del prodotto pi\u00f9 recenti nel loro processo CPQ<\/li>\n<li><strong>Gestione contatti<\/strong>: archivia e gestisci in modo sicuro una quantit\u00e0 illimitata di contatti e informazioni sui clienti<\/li>\n<li><strong>Rapporti<\/strong>: massimizza la produttivit\u00e0 di ogni membro del team e identifica facilmente i suoi blocchi con report in tempo reale su ogni fase del processo di vendita<\/li>\n<li><strong>Integrazione flessibile<\/strong>: la soluzione possedendo una Api aperta pu\u00f2 integrasi perfettamente al tuo CRM in modo facile e veloce.<\/li>\n<\/ul>\n<h4>LE RECENSIONI DEGLI UTENTI<\/h4>\n<p class=\"font-weight-bold mb-2\"><strong>Holly S.&#8221;Vendita guidata&#8221;<\/strong><\/p>\n<p><span class=\"font-weight-bold\"><strong>Commenti<\/strong>: <\/span>Software eccellente&#8230;molto robusto.<\/p>\n<p class=\"font-weight-bold mb-2\"><strong>Pro<\/strong>:\u00a0Molto facile da installare e correre. Goditi il catalogo e gli strumenti di configurazione.<\/p>\n<p class=\"font-weight-bold mb-2\"><strong>Contro<\/strong>:\u00a0Non siamo in grado di creare i nostri strumenti di configurazione&#8230; \u00e8 necessario utilizzare il team iQUoteXpress per questo.<\/p>\n<p class=\"font-weight-bold mb-2\"><strong>Matthew S.&#8221;Facile da imparare&#8230; un buon team con cui lavorare. Ci hanno fatto iniziare a generare proposte rapidamente.&#8221;<\/strong><\/p>\n<p class=\"font-weight-bold mb-2\"><strong>Pro<\/strong>:\u00a0Software di configurazione facile da usare per aiutare il nostro team di vendita a promuovere proposte accurate sui prodotti. Adoriamo l&#8217;assistenza alla vendita guidata soprattutto per i nostri nuovi rappresentanti di vendita.<\/p>\n<p class=\"font-weight-bold mb-2\"><strong>Contro<\/strong>:\u00a0Il software ha troppe funzionalit\u00e0. Abbiamo dovuto razionalizzare per i nostri scopi. Nel complesso \u00e8 molto robusto.<\/p>\n<p class=\"font-weight-bold mb-2\"><strong>Nicholas ty L.&#8221;Buon prezzo, facile da usare, supporto eccellente&#8221;<\/strong><\/p>\n<p><span class=\"font-weight-bold\"><strong>Commenti<\/strong>: <\/span>Fantastico, l&#8217;implementazione e lo sviluppo sono stati facili perch\u00e9 il team di supporto \u00e8 stato assolutamente incredibile.<\/p>\n<p class=\"font-weight-bold mb-2\"><strong>Pro<\/strong>:\u00a0Flessibilit\u00e0 di quotazione per articoli, regolazione della descrizione dell&#8217;articolo e aggiunta rapida di articoli non presenti nel database alla proposta. \u00c8 intuitivo e facile da usare.<\/p>\n<p class=\"font-weight-bold mb-2\"><strong>Contro<\/strong>:\u00a0L&#8217;integrazione con il CRM \u00e8 unidirezionale, il cambiamento delle fasi dell&#8217;opportunit\u00e0 deve essere effettuato dall&#8217;IQX.<\/p>\n","protected":false},"excerpt":{"rendered":"<p>iQuoteXpress \u00e8 un generatore di preventivi e proposte ospitato nel cloud che consente alle organizzazioni di automatizzare i processi di stima delle vendite. I venditori sono in grado di creare comodamente proposte dettagliate e accurate senza richiedere troppo tempo, in modo che possano concentrarsi maggiormente sulla vendita effettiva che sulla preparazione dei documenti di vendita.\u00a0<\/p>\n","protected":false},"author":16,"featured_media":53423,"parent":52783,"menu_order":0,"comment_status":"open","ping_status":"closed","template":"g1_template_page_review_new.php","meta":{"_acf_changed":false,"cwp_meta_box_check":"No","cwp_rev_product_name":"","cwp_rev_product_image":"","wppr_links":[],"cwp_rev_price":"","wppr_options":[],"wppr_pros":[],"wppr_cons":[],"_monsterinsights_skip_tracking":false,"_monsterinsights_sitenote_active":false,"_monsterinsights_sitenote_note":"","_monsterinsights_sitenote_category":0,"footnotes":""},"categories":[11869],"tags":[11905,11978,11874,11877,11872,11873],"features":[],"class_list":{"0":"post-53422","1":"page","2":"type-page","3":"status-publish","4":"has-post-thumbnail","6":"category-programmi-preventivi-cat","7":"tag-creazione-preventivi","8":"tag-iquotexpress","9":"tag-piattaforma-per-fare-preventivi","10":"tag-programma-per-fare-preventivi","11":"tag-software-per-fare-preventivi","12":"tag-soluzione-per-fare-preventivi"},"wppr_data":{"cwp_meta_box_check":"No"},"acf":[],"yoast_head":"<!-- This site is optimized with the Yoast SEO plugin v27.4 - https:\/\/yoast.com\/product\/yoast-seo-wordpress\/ -->\n<title>iQuoteXpress: recensione software per fare preventivi - Accurate Reviews<\/title>\n<meta name=\"description\" content=\"iQuoteXpress: recensione programma preventivi che consente alle organizzazioni di automatizzare i processi di stima delle vendite.\" \/>\n<meta name=\"robots\" content=\"index, follow, max-snippet:-1, max-image-preview:large, max-video-preview:-1\" \/>\n<link rel=\"canonical\" href=\"https:\/\/www.accuratereviews.com\/it\/programmi-preventivi\/iquotexpress-recensione\/\" \/>\n<meta property=\"og:locale\" content=\"it_IT\" \/>\n<meta property=\"og:type\" content=\"article\" \/>\n<meta property=\"og:title\" content=\"iQuoteXpress: recensione software per fare preventivi - Accurate Reviews\" \/>\n<meta property=\"og:description\" content=\"iQuoteXpress: recensione programma preventivi che consente alle organizzazioni di automatizzare i processi di stima delle vendite.\" \/>\n<meta property=\"og:url\" content=\"https:\/\/www.accuratereviews.com\/it\/programmi-preventivi\/iquotexpress-recensione\/\" \/>\n<meta property=\"og:site_name\" content=\"Accurate Reviews\" \/>\n<meta property=\"og:image\" content=\"https:\/\/www.accuratereviews.com\/wp-content\/uploads\/2022\/02\/iQuoteXpress.png\" \/>\n\t<meta property=\"og:image:width\" content=\"225\" \/>\n\t<meta property=\"og:image:height\" content=\"225\" \/>\n\t<meta property=\"og:image:type\" content=\"image\/png\" \/>\n<meta name=\"twitter:card\" content=\"summary_large_image\" \/>\n<meta name=\"twitter:label1\" content=\"Tempo di lettura stimato\" \/>\n\t<meta name=\"twitter:data1\" content=\"3 minuti\" \/>\n<script type=\"application\/ld+json\" class=\"yoast-schema-graph\">{\"@context\":\"https:\\\/\\\/schema.org\",\"@graph\":[{\"@type\":\"WebPage\",\"@id\":\"https:\\\/\\\/www.accuratereviews.com\\\/it\\\/programmi-preventivi\\\/iquotexpress-recensione\\\/\",\"url\":\"https:\\\/\\\/www.accuratereviews.com\\\/it\\\/programmi-preventivi\\\/iquotexpress-recensione\\\/\",\"name\":\"iQuoteXpress: recensione software per fare preventivi - Accurate Reviews\",\"isPartOf\":{\"@id\":\"https:\\\/\\\/www.accuratereviews.com\\\/it\\\/#website\"},\"primaryImageOfPage\":{\"@id\":\"https:\\\/\\\/www.accuratereviews.com\\\/it\\\/programmi-preventivi\\\/iquotexpress-recensione\\\/#primaryimage\"},\"image\":{\"@id\":\"https:\\\/\\\/www.accuratereviews.com\\\/it\\\/programmi-preventivi\\\/iquotexpress-recensione\\\/#primaryimage\"},\"thumbnailUrl\":\"https:\\\/\\\/www.accuratereviews.com\\\/wp-content\\\/uploads\\\/2022\\\/02\\\/iQuoteXpress.png\",\"datePublished\":\"2022-02-08T20:13:12+00:00\",\"description\":\"iQuoteXpress: recensione programma preventivi che consente alle organizzazioni di automatizzare i processi di stima delle vendite.\",\"breadcrumb\":{\"@id\":\"https:\\\/\\\/www.accuratereviews.com\\\/it\\\/programmi-preventivi\\\/iquotexpress-recensione\\\/#breadcrumb\"},\"inLanguage\":\"it-IT\",\"potentialAction\":[{\"@type\":\"ReadAction\",\"target\":[\"https:\\\/\\\/www.accuratereviews.com\\\/it\\\/programmi-preventivi\\\/iquotexpress-recensione\\\/\"]}]},{\"@type\":\"ImageObject\",\"inLanguage\":\"it-IT\",\"@id\":\"https:\\\/\\\/www.accuratereviews.com\\\/it\\\/programmi-preventivi\\\/iquotexpress-recensione\\\/#primaryimage\",\"url\":\"https:\\\/\\\/www.accuratereviews.com\\\/wp-content\\\/uploads\\\/2022\\\/02\\\/iQuoteXpress.png\",\"contentUrl\":\"https:\\\/\\\/www.accuratereviews.com\\\/wp-content\\\/uploads\\\/2022\\\/02\\\/iQuoteXpress.png\",\"width\":225,\"height\":225},{\"@type\":\"BreadcrumbList\",\"@id\":\"https:\\\/\\\/www.accuratereviews.com\\\/it\\\/programmi-preventivi\\\/iquotexpress-recensione\\\/#breadcrumb\",\"itemListElement\":[{\"@type\":\"ListItem\",\"position\":1,\"name\":\"Home\",\"item\":\"https:\\\/\\\/www.accuratereviews.com\\\/it\\\/\"},{\"@type\":\"ListItem\",\"position\":2,\"name\":\"Programmi per fare preventivi\",\"item\":\"https:\\\/\\\/www.accuratereviews.com\\\/it\\\/programmi-preventivi\\\/\"},{\"@type\":\"ListItem\",\"position\":3,\"name\":\"iQuoteXpress\"}]},{\"@type\":\"WebSite\",\"@id\":\"https:\\\/\\\/www.accuratereviews.com\\\/it\\\/#website\",\"url\":\"https:\\\/\\\/www.accuratereviews.com\\\/it\\\/\",\"name\":\"Accurate Reviews\",\"description\":\"\",\"potentialAction\":[{\"@type\":\"SearchAction\",\"target\":{\"@type\":\"EntryPoint\",\"urlTemplate\":\"https:\\\/\\\/www.accuratereviews.com\\\/it\\\/?s={search_term_string}\"},\"query-input\":{\"@type\":\"PropertyValueSpecification\",\"valueRequired\":true,\"valueName\":\"search_term_string\"}}],\"inLanguage\":\"it-IT\"}]}<\/script>\n<!-- \/ Yoast SEO plugin. -->","yoast_head_json":{"title":"iQuoteXpress: recensione software per fare preventivi - Accurate Reviews","description":"iQuoteXpress: recensione programma preventivi che consente alle organizzazioni di automatizzare i processi di stima delle vendite.","robots":{"index":"index","follow":"follow","max-snippet":"max-snippet:-1","max-image-preview":"max-image-preview:large","max-video-preview":"max-video-preview:-1"},"canonical":"https:\/\/www.accuratereviews.com\/it\/programmi-preventivi\/iquotexpress-recensione\/","og_locale":"it_IT","og_type":"article","og_title":"iQuoteXpress: recensione software per fare preventivi - Accurate Reviews","og_description":"iQuoteXpress: recensione programma preventivi che consente alle organizzazioni di automatizzare i processi di stima delle vendite.","og_url":"https:\/\/www.accuratereviews.com\/it\/programmi-preventivi\/iquotexpress-recensione\/","og_site_name":"Accurate Reviews","og_image":[{"width":225,"height":225,"url":"https:\/\/www.accuratereviews.com\/wp-content\/uploads\/2022\/02\/iQuoteXpress.png","type":"image\/png"}],"twitter_card":"summary_large_image","twitter_misc":{"Tempo di lettura stimato":"3 minuti"},"schema":{"@context":"https:\/\/schema.org","@graph":[{"@type":"WebPage","@id":"https:\/\/www.accuratereviews.com\/it\/programmi-preventivi\/iquotexpress-recensione\/","url":"https:\/\/www.accuratereviews.com\/it\/programmi-preventivi\/iquotexpress-recensione\/","name":"iQuoteXpress: recensione software per fare preventivi - Accurate Reviews","isPartOf":{"@id":"https:\/\/www.accuratereviews.com\/it\/#website"},"primaryImageOfPage":{"@id":"https:\/\/www.accuratereviews.com\/it\/programmi-preventivi\/iquotexpress-recensione\/#primaryimage"},"image":{"@id":"https:\/\/www.accuratereviews.com\/it\/programmi-preventivi\/iquotexpress-recensione\/#primaryimage"},"thumbnailUrl":"https:\/\/www.accuratereviews.com\/wp-content\/uploads\/2022\/02\/iQuoteXpress.png","datePublished":"2022-02-08T20:13:12+00:00","description":"iQuoteXpress: recensione programma preventivi che consente alle organizzazioni di automatizzare i processi di stima delle vendite.","breadcrumb":{"@id":"https:\/\/www.accuratereviews.com\/it\/programmi-preventivi\/iquotexpress-recensione\/#breadcrumb"},"inLanguage":"it-IT","potentialAction":[{"@type":"ReadAction","target":["https:\/\/www.accuratereviews.com\/it\/programmi-preventivi\/iquotexpress-recensione\/"]}]},{"@type":"ImageObject","inLanguage":"it-IT","@id":"https:\/\/www.accuratereviews.com\/it\/programmi-preventivi\/iquotexpress-recensione\/#primaryimage","url":"https:\/\/www.accuratereviews.com\/wp-content\/uploads\/2022\/02\/iQuoteXpress.png","contentUrl":"https:\/\/www.accuratereviews.com\/wp-content\/uploads\/2022\/02\/iQuoteXpress.png","width":225,"height":225},{"@type":"BreadcrumbList","@id":"https:\/\/www.accuratereviews.com\/it\/programmi-preventivi\/iquotexpress-recensione\/#breadcrumb","itemListElement":[{"@type":"ListItem","position":1,"name":"Home","item":"https:\/\/www.accuratereviews.com\/it\/"},{"@type":"ListItem","position":2,"name":"Programmi per fare preventivi","item":"https:\/\/www.accuratereviews.com\/it\/programmi-preventivi\/"},{"@type":"ListItem","position":3,"name":"iQuoteXpress"}]},{"@type":"WebSite","@id":"https:\/\/www.accuratereviews.com\/it\/#website","url":"https:\/\/www.accuratereviews.com\/it\/","name":"Accurate Reviews","description":"","potentialAction":[{"@type":"SearchAction","target":{"@type":"EntryPoint","urlTemplate":"https:\/\/www.accuratereviews.com\/it\/?s={search_term_string}"},"query-input":{"@type":"PropertyValueSpecification","valueRequired":true,"valueName":"search_term_string"}}],"inLanguage":"it-IT"}]}},"_links":{"self":[{"href":"https:\/\/www.accuratereviews.com\/it\/wp-json\/wp\/v2\/pages\/53422","targetHints":{"allow":["GET"]}}],"collection":[{"href":"https:\/\/www.accuratereviews.com\/it\/wp-json\/wp\/v2\/pages"}],"about":[{"href":"https:\/\/www.accuratereviews.com\/it\/wp-json\/wp\/v2\/types\/page"}],"author":[{"embeddable":true,"href":"https:\/\/www.accuratereviews.com\/it\/wp-json\/wp\/v2\/users\/16"}],"replies":[{"embeddable":true,"href":"https:\/\/www.accuratereviews.com\/it\/wp-json\/wp\/v2\/comments?post=53422"}],"version-history":[{"count":10,"href":"https:\/\/www.accuratereviews.com\/it\/wp-json\/wp\/v2\/pages\/53422\/revisions"}],"predecessor-version":[{"id":53494,"href":"https:\/\/www.accuratereviews.com\/it\/wp-json\/wp\/v2\/pages\/53422\/revisions\/53494"}],"up":[{"embeddable":true,"href":"https:\/\/www.accuratereviews.com\/it\/wp-json\/wp\/v2\/pages\/52783"}],"wp:featuredmedia":[{"embeddable":true,"href":"https:\/\/www.accuratereviews.com\/it\/wp-json\/wp\/v2\/media\/53423"}],"wp:attachment":[{"href":"https:\/\/www.accuratereviews.com\/it\/wp-json\/wp\/v2\/media?parent=53422"}],"wp:term":[{"taxonomy":"category","embeddable":true,"href":"https:\/\/www.accuratereviews.com\/it\/wp-json\/wp\/v2\/categories?post=53422"},{"taxonomy":"post_tag","embeddable":true,"href":"https:\/\/www.accuratereviews.com\/it\/wp-json\/wp\/v2\/tags?post=53422"},{"taxonomy":"features","embeddable":true,"href":"https:\/\/www.accuratereviews.com\/it\/wp-json\/wp\/v2\/features?post=53422"}],"curies":[{"name":"wp","href":"https:\/\/api.w.org\/{rel}","templated":true}]}}