{"id":53496,"date":"2022-02-09T13:35:35","date_gmt":"2022-02-09T13:35:35","guid":{"rendered":"https:\/\/www.accuratereviews.com\/?page_id=53496"},"modified":"2022-02-09T13:36:28","modified_gmt":"2022-02-09T13:36:28","slug":"expedite-commerce-recensione","status":"publish","type":"page","link":"https:\/\/www.accuratereviews.com\/it\/programmi-preventivi\/expedite-commerce-recensione\/","title":{"rendered":"Expedite Commerce"},"content":{"rendered":"<p><strong>Expedite Commerce<\/strong>\u00a0\u00e8 una <strong>soluzione CPQ<\/strong> basata su <strong>cloud<\/strong> che aiuta le aziende di produzione, distribuzione e comunicazione con l&#8217;elaborazione di preventivi, fatturazione e pagamenti automatici. Le sue caratteristiche principali includono la gestione degli ordini, le previsioni, la consegna e la documentazione.\u00a0L&#8217;applicazione consente a produttori e distributori di configurare i profili dei prodotti e di monitorare i flussi di ordini e ricavi. Consente agli utenti di tenere traccia dell&#8217;inventario, creare proposte e gestire l&#8217;adempimento di terze parti. Con il suo framework di fatturazione ricorrente e di utilizzo, i fornitori di servizi di telecomunicazione possono controllare i prezzi a pi\u00f9 livelli e i cicli di pagamento. Inoltre, la soluzione assiste gli utenti con la tassazione, gli estratti conto e il monitoraggio delle uscite.\u00a0<strong>Expedite Commerce<\/strong> si integra con Oracle, Intuit, BMC, Remedy, Avalara Tax, QuickBooks e Google.<\/p>\n<p><a href=\"https:\/\/www.accuratereviews.com\/wp-content\/uploads\/2022\/02\/Schermata-2022-02-09-alle-11.02.48.png\"><img loading=\"lazy\" decoding=\"async\" class=\"alignnone size-full wp-image-53525\" src=\"https:\/\/www.accuratereviews.com\/wp-content\/uploads\/2022\/02\/Schermata-2022-02-09-alle-11.02.48.png\" alt=\"\" width=\"2774\" height=\"1500\" srcset=\"https:\/\/www.accuratereviews.com\/wp-content\/uploads\/2022\/02\/Schermata-2022-02-09-alle-11.02.48.png 2774w, https:\/\/www.accuratereviews.com\/wp-content\/uploads\/2022\/02\/Schermata-2022-02-09-alle-11.02.48-300x162.png 300w, https:\/\/www.accuratereviews.com\/wp-content\/uploads\/2022\/02\/Schermata-2022-02-09-alle-11.02.48-1024x554.png 1024w, https:\/\/www.accuratereviews.com\/wp-content\/uploads\/2022\/02\/Schermata-2022-02-09-alle-11.02.48-768x415.png 768w, https:\/\/www.accuratereviews.com\/wp-content\/uploads\/2022\/02\/Schermata-2022-02-09-alle-11.02.48-1536x831.png 1536w, https:\/\/www.accuratereviews.com\/wp-content\/uploads\/2022\/02\/Schermata-2022-02-09-alle-11.02.48-2048x1107.png 2048w, https:\/\/www.accuratereviews.com\/wp-content\/uploads\/2022\/02\/Schermata-2022-02-09-alle-11.02.48-231x125.png 231w, https:\/\/www.accuratereviews.com\/wp-content\/uploads\/2022\/02\/Schermata-2022-02-09-alle-11.02.48-50x27.png 50w, https:\/\/www.accuratereviews.com\/wp-content\/uploads\/2022\/02\/Schermata-2022-02-09-alle-11.02.48-968x523.png 968w, https:\/\/www.accuratereviews.com\/wp-content\/uploads\/2022\/02\/Schermata-2022-02-09-alle-11.02.48-636x344.png 636w, https:\/\/www.accuratereviews.com\/wp-content\/uploads\/2022\/02\/Schermata-2022-02-09-alle-11.02.48-320x173.png 320w, https:\/\/www.accuratereviews.com\/wp-content\/uploads\/2022\/02\/Schermata-2022-02-09-alle-11.02.48-239x129.png 239w\" sizes=\"auto, (max-width: 2774px) 100vw, 2774px\" \/><\/a><\/p>\n<h2>EXPEDITE COMMERCE &#8211; CARATTERISTICHE<\/h2>\n<ul>\n<li><strong>Costruisci relazioni<\/strong>: i tuoi clienti ottengono pi\u00f9 attenzione e i tuoi dipendenti possono concentrarsi sull&#8217;aggiunta di valore e sulla costruzione di relazioni quando rimuovi l&#8217;attrito dal sistema e dai processi interni<\/li>\n<li><strong>Vendi pi\u00f9 velocemente<\/strong>: migliora l&#8217;efficienza, la precisione e la coerenza quando guidi i clienti lungo il percorso di acquisto. Anche i nuovi rappresentanti di vendita saranno in grado di fornire proposte mirate e tempestive, consentendo ai tuoi clienti di interagire online e accettare elettronicamente<\/li>\n<li><strong>Consegna prima<\/strong>: i clienti ottengono i loro ordini evasi pi\u00f9 velocemente e tu puoi prenotare i numeri. Accelera l&#8217;evasione, ottieni previsioni in tempo reale sulle entrate degli ordini e mantieni i tuoi clienti informati su ogni fase del processo. Nessuna sorpresa significa nessuna costosa riedizione<\/li>\n<li><strong>Fattura automaticamente<\/strong>: cicli di fatturazione incredibilmente intuitivi, configurabili e facili da usare ti offrono una facile gestione di tutto, dalle commissioni ricorrenti, all&#8217;utilizzo, tasse, pagamenti, estratti conto e persino monitoraggio delle uscite<\/li>\n<li><strong>Analisi degli abbonamenti<\/strong>: analizza i dati per essere in grado di deliziare, fidelizzare e persino espandere i tuoi clienti.<\/li>\n<\/ul>\n<h3>LE RECENSIONI DEGLI UTENTI<\/h3>\n<h4><strong>Angie M.&#8221;La facilit\u00e0 d&#8217;uso \u00e8 incredibile!&#8221;<\/strong><\/h4>\n<p class=\"font-weight-bold mb-2\"><strong>Pro<\/strong>:\u00a0Sono in ufficio solo 2 giorni a settimana e oltre lavoro da remoto. Il software \u00e8 molto facile da usare e mi piace l&#8217;accessibilit\u00e0 da parte di chiunque nel mondo. \u00c8 affidabile e molto efficiente!<\/p>\n<p class=\"font-weight-bold mb-2\"><strong>Contro<\/strong>:\u00a0La mia unica lamentela e non ha nulla a che fare con il software \u00e8 trovare il tempo per insegnare a me stesso come implementare tutto ci\u00f2 che pu\u00f2 fare! So che \u00e8 capace di molto di pi\u00f9 di quello per cui lo uso.<\/p>\n<h4><strong>Johon D.&#8221;Pi\u00f9 di un semplice CPQ&#8230; Expedite include preventivi, ordini, base di installazione e accordi in uno!&#8221;<\/strong><\/h4>\n<p><span class=\"font-weight-bold\"><strong>Commenti<\/strong>: <\/span>Il team Expedite ha fatto un ottimo lavoro nel portarci al &#8220;Salesforce Lightning Launchpad&#8221; e speriamo di raggiungere la &#8220;velocit\u00e0 della luce&#8221; molto presto!<\/p>\n<p class=\"font-weight-bold mb-2\">Pro:\u00a0Offerta CPQ ampliata rispetto ai prodotti della concorrenza, team di progettazione competente, team di supporto reattivo, sviluppo continuo e nuove funzionalit\u00e0<\/p>\n<p class=\"font-weight-bold mb-2\">Contro:\u00a0Il generatore di modelli non \u00e8 stato in grado di modellare completamente le nostre esigenze uniche di Telecom, ma \u00e8 migliorato enormemente dalla prima versione. Spero di vedere funzionalit\u00e0 pi\u00f9 estese in futuro.<\/p>\n<h4 class=\"font-weight-bold mb-2\"><strong>Don P.&#8221;Soluzione CPQ eccellente, intuitiva, flessibile e robusta&#8221;<\/strong><\/h4>\n<p><span class=\"font-weight-bold\"><strong>Commenti<\/strong>: <\/span>Expedite Commerce esemplifica il vero servizio clienti in ogni aspetto. Il loro modello di coinvolgimento \u00e8 incentrato sull&#8217;attivit\u00e0 e contribuisce ad aumentare il valore aziendale dei loro prodotti e servizi. Le risorse del team di implementazione sono di prim&#8217;ordine, con esperienza in una variet\u00e0 di implementazioni in vari settori. Il supporto continuo e la reattivit\u00e0 alle domande e ai problemi del sistema sono impressionanti. Mentre continuiamo a spingere i limiti con le nostre capacit\u00e0 aziendali, non vediamo l&#8217;ora di avere Expedite Commerce come nostro partner di fiducia e fornitore di soluzioni.<\/p>\n<p class=\"font-weight-bold mb-2\"><strong>Pro<\/strong>:\u00a0Il nostro viaggio con Expedite Commerce \u00e8 iniziato nel 2016 mentre cercavamo una soluzione CPQ. All&#8217;inizio abbiamo riconosciuto le capacit\u00e0, la flessibilit\u00e0 e le capacit\u00e0 di espansione della loro soluzione. Il software \u00e8 flessibile e l&#8217;amministrazione del sistema \u00e8 semplice e diretta. I nostri utenti finali trovano le funzionalit\u00e0 CPQ intuitive e facili da usare. Siamo stati soddisfatti dei continui miglioramenti e del set di funzionalit\u00e0 ampliato dei loro prodotti e servizi CPQ.<\/p>\n<p class=\"font-weight-bold mb-2\"><strong>Contro<\/strong>:\u00a0Ci sono sempre novit\u00e0 e funzioni che vuoi vedere in un sistema aziendale. Nella nostra breve relazione con Expedite Commerce, abbiamo riscontrato una fornitura continua di caratteristiche\/funzioni migliorate e nuove, aggiungendo un vero valore commerciale al nostro investimento con loro come partner di fiducia e fornitore di soluzioni.<\/p>\n","protected":false},"excerpt":{"rendered":"<p>Expedite Commerce\u00a0\u00e8 una soluzione CPQ basata su cloud che aiuta le aziende di produzione, distribuzione e comunicazione con l&#8217;elaborazione di preventivi, fatturazione e pagamenti automatici. Le sue caratteristiche principali includono la gestione degli ordini, le previsioni, la consegna e la documentazione.\u00a0<\/p>\n","protected":false},"author":16,"featured_media":53502,"parent":52783,"menu_order":0,"comment_status":"open","ping_status":"closed","template":"g1_template_page_review_new.php","meta":{"_acf_changed":false,"cwp_meta_box_check":"No","cwp_rev_product_name":"","cwp_rev_product_image":"","wppr_links":[],"cwp_rev_price":"","wppr_options":[],"wppr_pros":[],"wppr_cons":[],"_monsterinsights_skip_tracking":false,"_monsterinsights_sitenote_active":false,"_monsterinsights_sitenote_note":"","_monsterinsights_sitenote_category":0,"footnotes":""},"categories":[11869],"tags":[11905,11984,11874,11877,11872,11873],"features":[],"class_list":{"0":"post-53496","1":"page","2":"type-page","3":"status-publish","4":"has-post-thumbnail","6":"category-programmi-preventivi-cat","7":"tag-creazione-preventivi","8":"tag-expedite-commerce","9":"tag-piattaforma-per-fare-preventivi","10":"tag-programma-per-fare-preventivi","11":"tag-software-per-fare-preventivi","12":"tag-soluzione-per-fare-preventivi"},"wppr_data":{"cwp_meta_box_check":"No"},"acf":[],"yoast_head":"<!-- This site is optimized with the Yoast SEO plugin v27.4 - https:\/\/yoast.com\/product\/yoast-seo-wordpress\/ -->\n<title>Expedite Commerce: recensione software per fare preventivi<\/title>\n<meta name=\"description\" content=\"Expedite Commerce: recensione\u00a0soluzione CPQ basata su cloud che aiuta le aziende a elaborare preventivi, fatturazione e pagamenti automatici.\" \/>\n<meta name=\"robots\" content=\"index, follow, max-snippet:-1, max-image-preview:large, max-video-preview:-1\" \/>\n<link rel=\"canonical\" href=\"https:\/\/www.accuratereviews.com\/it\/programmi-preventivi\/expedite-commerce-recensione\/\" \/>\n<meta property=\"og:locale\" content=\"it_IT\" \/>\n<meta property=\"og:type\" content=\"article\" \/>\n<meta property=\"og:title\" content=\"Expedite Commerce: recensione software per fare preventivi\" \/>\n<meta property=\"og:description\" content=\"Expedite Commerce: recensione\u00a0soluzione CPQ basata su cloud che aiuta le aziende a elaborare preventivi, fatturazione e pagamenti automatici.\" \/>\n<meta property=\"og:url\" content=\"https:\/\/www.accuratereviews.com\/it\/programmi-preventivi\/expedite-commerce-recensione\/\" \/>\n<meta property=\"og:site_name\" content=\"Accurate Reviews\" \/>\n<meta property=\"article:modified_time\" content=\"2022-02-09T13:36:28+00:00\" \/>\n<meta property=\"og:image\" content=\"https:\/\/www.accuratereviews.com\/wp-content\/uploads\/2022\/02\/Expedite-Commerce2.jpeg\" \/>\n\t<meta property=\"og:image:width\" content=\"225\" \/>\n\t<meta property=\"og:image:height\" content=\"225\" \/>\n\t<meta property=\"og:image:type\" content=\"image\/jpeg\" \/>\n<meta name=\"twitter:card\" content=\"summary_large_image\" \/>\n<meta name=\"twitter:label1\" content=\"Tempo di lettura stimato\" \/>\n\t<meta name=\"twitter:data1\" content=\"5 minuti\" \/>\n<script type=\"application\/ld+json\" class=\"yoast-schema-graph\">{\"@context\":\"https:\\\/\\\/schema.org\",\"@graph\":[{\"@type\":\"WebPage\",\"@id\":\"https:\\\/\\\/www.accuratereviews.com\\\/it\\\/programmi-preventivi\\\/expedite-commerce-recensione\\\/\",\"url\":\"https:\\\/\\\/www.accuratereviews.com\\\/it\\\/programmi-preventivi\\\/expedite-commerce-recensione\\\/\",\"name\":\"Expedite Commerce: recensione software per fare preventivi\",\"isPartOf\":{\"@id\":\"https:\\\/\\\/www.accuratereviews.com\\\/it\\\/#website\"},\"primaryImageOfPage\":{\"@id\":\"https:\\\/\\\/www.accuratereviews.com\\\/it\\\/programmi-preventivi\\\/expedite-commerce-recensione\\\/#primaryimage\"},\"image\":{\"@id\":\"https:\\\/\\\/www.accuratereviews.com\\\/it\\\/programmi-preventivi\\\/expedite-commerce-recensione\\\/#primaryimage\"},\"thumbnailUrl\":\"https:\\\/\\\/www.accuratereviews.com\\\/wp-content\\\/uploads\\\/2022\\\/02\\\/Expedite-Commerce2.jpeg\",\"datePublished\":\"2022-02-09T13:35:35+00:00\",\"dateModified\":\"2022-02-09T13:36:28+00:00\",\"description\":\"Expedite Commerce: recensione\u00a0soluzione CPQ basata su cloud che aiuta le aziende a elaborare preventivi, fatturazione e pagamenti automatici.\",\"breadcrumb\":{\"@id\":\"https:\\\/\\\/www.accuratereviews.com\\\/it\\\/programmi-preventivi\\\/expedite-commerce-recensione\\\/#breadcrumb\"},\"inLanguage\":\"it-IT\",\"potentialAction\":[{\"@type\":\"ReadAction\",\"target\":[\"https:\\\/\\\/www.accuratereviews.com\\\/it\\\/programmi-preventivi\\\/expedite-commerce-recensione\\\/\"]}]},{\"@type\":\"ImageObject\",\"inLanguage\":\"it-IT\",\"@id\":\"https:\\\/\\\/www.accuratereviews.com\\\/it\\\/programmi-preventivi\\\/expedite-commerce-recensione\\\/#primaryimage\",\"url\":\"https:\\\/\\\/www.accuratereviews.com\\\/wp-content\\\/uploads\\\/2022\\\/02\\\/Expedite-Commerce2.jpeg\",\"contentUrl\":\"https:\\\/\\\/www.accuratereviews.com\\\/wp-content\\\/uploads\\\/2022\\\/02\\\/Expedite-Commerce2.jpeg\",\"width\":225,\"height\":225},{\"@type\":\"BreadcrumbList\",\"@id\":\"https:\\\/\\\/www.accuratereviews.com\\\/it\\\/programmi-preventivi\\\/expedite-commerce-recensione\\\/#breadcrumb\",\"itemListElement\":[{\"@type\":\"ListItem\",\"position\":1,\"name\":\"Home\",\"item\":\"https:\\\/\\\/www.accuratereviews.com\\\/it\\\/\"},{\"@type\":\"ListItem\",\"position\":2,\"name\":\"Programmi per fare preventivi\",\"item\":\"https:\\\/\\\/www.accuratereviews.com\\\/it\\\/programmi-preventivi\\\/\"},{\"@type\":\"ListItem\",\"position\":3,\"name\":\"Expedite Commerce\"}]},{\"@type\":\"WebSite\",\"@id\":\"https:\\\/\\\/www.accuratereviews.com\\\/it\\\/#website\",\"url\":\"https:\\\/\\\/www.accuratereviews.com\\\/it\\\/\",\"name\":\"Accurate Reviews\",\"description\":\"\",\"potentialAction\":[{\"@type\":\"SearchAction\",\"target\":{\"@type\":\"EntryPoint\",\"urlTemplate\":\"https:\\\/\\\/www.accuratereviews.com\\\/it\\\/?s={search_term_string}\"},\"query-input\":{\"@type\":\"PropertyValueSpecification\",\"valueRequired\":true,\"valueName\":\"search_term_string\"}}],\"inLanguage\":\"it-IT\"}]}<\/script>\n<!-- \/ Yoast SEO plugin. -->","yoast_head_json":{"title":"Expedite Commerce: recensione software per fare preventivi","description":"Expedite Commerce: recensione\u00a0soluzione CPQ basata su cloud che aiuta le aziende a elaborare preventivi, fatturazione e pagamenti automatici.","robots":{"index":"index","follow":"follow","max-snippet":"max-snippet:-1","max-image-preview":"max-image-preview:large","max-video-preview":"max-video-preview:-1"},"canonical":"https:\/\/www.accuratereviews.com\/it\/programmi-preventivi\/expedite-commerce-recensione\/","og_locale":"it_IT","og_type":"article","og_title":"Expedite Commerce: recensione software per fare preventivi","og_description":"Expedite Commerce: recensione\u00a0soluzione CPQ basata su cloud che aiuta le aziende a elaborare preventivi, fatturazione e pagamenti automatici.","og_url":"https:\/\/www.accuratereviews.com\/it\/programmi-preventivi\/expedite-commerce-recensione\/","og_site_name":"Accurate Reviews","article_modified_time":"2022-02-09T13:36:28+00:00","og_image":[{"width":225,"height":225,"url":"https:\/\/www.accuratereviews.com\/wp-content\/uploads\/2022\/02\/Expedite-Commerce2.jpeg","type":"image\/jpeg"}],"twitter_card":"summary_large_image","twitter_misc":{"Tempo di lettura stimato":"5 minuti"},"schema":{"@context":"https:\/\/schema.org","@graph":[{"@type":"WebPage","@id":"https:\/\/www.accuratereviews.com\/it\/programmi-preventivi\/expedite-commerce-recensione\/","url":"https:\/\/www.accuratereviews.com\/it\/programmi-preventivi\/expedite-commerce-recensione\/","name":"Expedite Commerce: recensione software per fare preventivi","isPartOf":{"@id":"https:\/\/www.accuratereviews.com\/it\/#website"},"primaryImageOfPage":{"@id":"https:\/\/www.accuratereviews.com\/it\/programmi-preventivi\/expedite-commerce-recensione\/#primaryimage"},"image":{"@id":"https:\/\/www.accuratereviews.com\/it\/programmi-preventivi\/expedite-commerce-recensione\/#primaryimage"},"thumbnailUrl":"https:\/\/www.accuratereviews.com\/wp-content\/uploads\/2022\/02\/Expedite-Commerce2.jpeg","datePublished":"2022-02-09T13:35:35+00:00","dateModified":"2022-02-09T13:36:28+00:00","description":"Expedite Commerce: recensione\u00a0soluzione CPQ basata su cloud che aiuta le aziende a elaborare preventivi, fatturazione e pagamenti automatici.","breadcrumb":{"@id":"https:\/\/www.accuratereviews.com\/it\/programmi-preventivi\/expedite-commerce-recensione\/#breadcrumb"},"inLanguage":"it-IT","potentialAction":[{"@type":"ReadAction","target":["https:\/\/www.accuratereviews.com\/it\/programmi-preventivi\/expedite-commerce-recensione\/"]}]},{"@type":"ImageObject","inLanguage":"it-IT","@id":"https:\/\/www.accuratereviews.com\/it\/programmi-preventivi\/expedite-commerce-recensione\/#primaryimage","url":"https:\/\/www.accuratereviews.com\/wp-content\/uploads\/2022\/02\/Expedite-Commerce2.jpeg","contentUrl":"https:\/\/www.accuratereviews.com\/wp-content\/uploads\/2022\/02\/Expedite-Commerce2.jpeg","width":225,"height":225},{"@type":"BreadcrumbList","@id":"https:\/\/www.accuratereviews.com\/it\/programmi-preventivi\/expedite-commerce-recensione\/#breadcrumb","itemListElement":[{"@type":"ListItem","position":1,"name":"Home","item":"https:\/\/www.accuratereviews.com\/it\/"},{"@type":"ListItem","position":2,"name":"Programmi per fare preventivi","item":"https:\/\/www.accuratereviews.com\/it\/programmi-preventivi\/"},{"@type":"ListItem","position":3,"name":"Expedite Commerce"}]},{"@type":"WebSite","@id":"https:\/\/www.accuratereviews.com\/it\/#website","url":"https:\/\/www.accuratereviews.com\/it\/","name":"Accurate Reviews","description":"","potentialAction":[{"@type":"SearchAction","target":{"@type":"EntryPoint","urlTemplate":"https:\/\/www.accuratereviews.com\/it\/?s={search_term_string}"},"query-input":{"@type":"PropertyValueSpecification","valueRequired":true,"valueName":"search_term_string"}}],"inLanguage":"it-IT"}]}},"_links":{"self":[{"href":"https:\/\/www.accuratereviews.com\/it\/wp-json\/wp\/v2\/pages\/53496","targetHints":{"allow":["GET"]}}],"collection":[{"href":"https:\/\/www.accuratereviews.com\/it\/wp-json\/wp\/v2\/pages"}],"about":[{"href":"https:\/\/www.accuratereviews.com\/it\/wp-json\/wp\/v2\/types\/page"}],"author":[{"embeddable":true,"href":"https:\/\/www.accuratereviews.com\/it\/wp-json\/wp\/v2\/users\/16"}],"replies":[{"embeddable":true,"href":"https:\/\/www.accuratereviews.com\/it\/wp-json\/wp\/v2\/comments?post=53496"}],"version-history":[{"count":8,"href":"https:\/\/www.accuratereviews.com\/it\/wp-json\/wp\/v2\/pages\/53496\/revisions"}],"predecessor-version":[{"id":53537,"href":"https:\/\/www.accuratereviews.com\/it\/wp-json\/wp\/v2\/pages\/53496\/revisions\/53537"}],"up":[{"embeddable":true,"href":"https:\/\/www.accuratereviews.com\/it\/wp-json\/wp\/v2\/pages\/52783"}],"wp:featuredmedia":[{"embeddable":true,"href":"https:\/\/www.accuratereviews.com\/it\/wp-json\/wp\/v2\/media\/53502"}],"wp:attachment":[{"href":"https:\/\/www.accuratereviews.com\/it\/wp-json\/wp\/v2\/media?parent=53496"}],"wp:term":[{"taxonomy":"category","embeddable":true,"href":"https:\/\/www.accuratereviews.com\/it\/wp-json\/wp\/v2\/categories?post=53496"},{"taxonomy":"post_tag","embeddable":true,"href":"https:\/\/www.accuratereviews.com\/it\/wp-json\/wp\/v2\/tags?post=53496"},{"taxonomy":"features","embeddable":true,"href":"https:\/\/www.accuratereviews.com\/it\/wp-json\/wp\/v2\/features?post=53496"}],"curies":[{"name":"wp","href":"https:\/\/api.w.org\/{rel}","templated":true}]}}