{"id":53509,"date":"2022-02-09T13:38:40","date_gmt":"2022-02-09T13:38:40","guid":{"rendered":"https:\/\/www.accuratereviews.com\/?page_id=53509"},"modified":"2022-02-09T13:38:40","modified_gmt":"2022-02-09T13:38:40","slug":"hive-cpq-recensione","status":"publish","type":"page","link":"https:\/\/www.accuratereviews.com\/it\/programmi-preventivi\/hive-cpq-recensione\/","title":{"rendered":"Hive CPQ"},"content":{"rendered":"<p><strong>Hive CPQ<\/strong> \u00e8 una <strong>soluzione per fare preventivi<\/strong> per grandi imprese manifatturiere che vendono prodotti complessi attraverso una rete di distribuzione. La piattaforma supporta e semplifica il processo di vendita dalla A alla Z. Gli utenti possono facilmente configurare i prodotti in 3D, visualizzare i prezzi in tempo reale, generare preventivi, stampare schede tecniche e ordinare i prodotti configurati online. Questa acquisizione automatica degli ordini \u00e8 priva di errori perch\u00e9 il software convalida immediatamente tutte le configurazioni. Ci\u00f2 consente ai produttori di risparmiare tempo, migliora l&#8217;esperienza del cliente per i distributori o i clienti finali e consente ai produttori di vendere di pi\u00f9. Collabora con i distributori su progetti, stupisci i clienti con rendering 3D fotorealistici e crea preventivi personalizzati con un clic.<\/p>\n<h2>HIVE CPQ &#8211; TUTORIAL<\/h2>\n<p>Guardiamo come inserire prodotti in questo software per fare preventivi:<\/p>\n<div id=\"fluid-wrapper-counter-1\" class=\"g1-fluid-wrapper \" style=\"width:686px;\">\n<div style=\"padding-bottom:56.268221574344%;\"><iframe loading=\"lazy\" title=\"Hive CPQ - Demo\" src=\"https:\/\/player.vimeo.com\/video\/236276514?h=c55de5280f&amp;dnt=1&amp;app_id=122963?title=0&amp;byline=0&amp;portrait=0\" width=\"686\" height=\"386\" frameborder=\"0\" allow=\"autoplay; fullscreen; picture-in-picture\" allowfullscreen><\/iframe><\/div>\n<\/div>\n<h3>HIVE CPQ &#8211; CARATTERISTICHE<\/h3>\n<ul>\n<li><strong>Riduci il carico di lavoro del backoffice:<\/strong> consenti ai tuoi clienti di configurare il prodotto e modificare i preventivi da soli. Semplifica il tuo processo di vendita eliminando lunghe telefonate e infiniti scambi di email<\/li>\n<li><strong>Parla la lingua del tuo cliente<\/strong>: la piattaforma adatter\u00e0 le tue informazioni per essere applicabili alla valuta, al fuso orario e alla lingua del tuo cliente<\/li>\n<li><strong>Informazioni sul prodotto sempre aggiornate<\/strong>: mantieni aggiornate le informazioni sui prodotti, aggiungendo nuove funzionalit\u00e0 e informazioni sui prezzi direttamente nell&#8217;applicazione. Non lottare con migliaia di prodotti nel tuo ERP o una grande quantit\u00e0 di descrizioni di prodotti nel tuo PIM, riunisci tutto in un unico luogo Evita tutti gli errori e le incomprensioni con i tuoi rivenditori<\/li>\n<li><strong>Aumentare le vendite sui pezzi di ricambio<\/strong>: consenti ai tuoi distributori di ordinare pezzi di ricambio senza errori, grazie a un piano esploso interattivo di ogni prodotto. Lascia che il tuo cliente trovi la sua parte in pochi clic e ti invii il numero di serie<\/li>\n<li><strong>Mantieni i tuoi dati aziendali al sicuro<\/strong>: vuoi evitare che i tuoi team abbiano accesso ai dati di un altro paese o ai dati di un dipartimento diverso? Con le autorizzazioni, assegni a ciascun dipartimento un ruolo specifico nel team e modifichi il loro accesso in base alle esigenze.<\/li>\n<\/ul>\n<h4>LE RECENSIONI DEGLI UTENTI<\/h4>\n<p class=\"font-weight-bold mb-2\"><strong>Peter V.&#8221;Hive aiuta la tua azienda a crescere&#8221;<\/strong><\/p>\n<p class=\"font-weight-bold mb-2\"><strong>Pro<\/strong>:\u00a0Il modo pi\u00f9 veloce per calcolare i prezzi con premi in tempo reale. Il team dell&#8217;alveare fa del suo meglio per stare al passo con le nuove tecnologie<\/p>\n<p class=\"font-weight-bold mb-2\"><strong>Contro<\/strong>:\u00a0Per il momento, non ho trovato nulla che potrebbe essere migliorato. Un valore aggiunto sarebbe il 3D, ma ci stanno gi\u00e0 lavorando.<\/p>\n<p class=\"font-weight-bold mb-2\"><strong>Sebastien R.&#8221;CPQ e molto altro!&#8221;<\/strong><\/p>\n<p class=\"font-weight-bold mb-2\"><strong>Pro<\/strong>:\u00a0Con Hive i nostri distributori possono Configurare un prodotto complesso, personalizzare il Preventivo e inviarlo ai propri clienti in pochi click\/minuti. Hive \u00e8 facile da usare, super veloce e con un tempo di attivit\u00e0 del 99,99%. Con il Team HIVE, siamo stati in grado di integrarlo in tutti i nostri sistemi. Grazie al loro supporto altamente reattivo!<\/p>\n<p class=\"font-weight-bold mb-2\"><strong>Contro<\/strong>:\u00a0L&#8217;integrazione non \u00e8 stata la parte pi\u00f9 semplice, le nostre applicazioni non erano pronte per HIVE, ma gli specialisti HIVE sono pronti a tutto.<\/p>\n<p class=\"font-weight-bold mb-2\"><strong>Di\u00e9go C.&#8221;CPQ e piattaforma per collaborare con i tuoi rivenditori&#8221;<\/strong><\/p>\n<p class=\"font-weight-bold mb-2\"><strong>Pro<\/strong>:\u00a0La pi\u00f9 grande risorsa di HiveCPQ \u00e8 la volont\u00e0 e la professionalit\u00e0 dei &#8220;maghi configuratori&#8221; alias. la squadra di Hive. L&#8217;implementazione sta procedendo senza intoppi e il team presenta molte proposte riguardanti l&#8217;UX a cui non avevamo pensato prima. Anche l&#8217;integrazione di questo software con gli altri nostri software di produzione non sembra essere un problema e il team \u00e8 molto flessibile rispetto alle altre parti con cui l&#8217;integrazione deve essere eseguita. La piattaforma stessa \u00e8 molto intuitiva, sia per i dipendenti interni che per i rivenditori esterni che la utilizzano.<\/p>\n<p class=\"font-weight-bold mb-2\"><strong>Contro<\/strong>:\u00a0Attualmente nessun vero inconveniente riscontrato.<\/p>\n","protected":false},"excerpt":{"rendered":"<p>Hive CPQ \u00e8 una soluzione per fare preventivi\u00a0per grandi imprese manifatturiere che vendono prodotti complessi attraverso una rete di distribuzione. La piattaforma supporta e semplifica il processo di vendita dalla A alla Z. Gli utenti possono facilmente configurare i prodotti in 3D, visualizzare i prezzi in tempo reale, generare preventivi, stampare schede tecniche e ordinare i prodotti configurati online.<\/p>\n","protected":false},"author":16,"featured_media":53515,"parent":52783,"menu_order":0,"comment_status":"open","ping_status":"closed","template":"g1_template_page_review_new.php","meta":{"_acf_changed":false,"cwp_meta_box_check":"No","cwp_rev_product_name":"","cwp_rev_product_image":"","wppr_links":[],"cwp_rev_price":"","wppr_options":[],"wppr_pros":[],"wppr_cons":[],"_monsterinsights_skip_tracking":false,"_monsterinsights_sitenote_active":false,"_monsterinsights_sitenote_note":"","_monsterinsights_sitenote_category":0,"footnotes":""},"categories":[11869],"tags":[11914,11985,11874,11877,11872,11873],"features":[],"class_list":{"0":"post-53509","1":"page","2":"type-page","3":"status-publish","4":"has-post-thumbnail","6":"category-programmi-preventivi-cat","7":"tag-creare-preventivi","8":"tag-hive-cpq","9":"tag-piattaforma-per-fare-preventivi","10":"tag-programma-per-fare-preventivi","11":"tag-software-per-fare-preventivi","12":"tag-soluzione-per-fare-preventivi"},"wppr_data":{"cwp_meta_box_check":"No"},"acf":[],"yoast_head":"<!-- This site is optimized with the Yoast SEO plugin v27.4 - https:\/\/yoast.com\/product\/yoast-seo-wordpress\/ -->\n<title>Hive CPQ: recensione software per fare preventivi - Accurate Reviews<\/title>\n<meta name=\"description\" content=\"Hive CPQ: recensione soluzione per fare preventivi\u00a0per grandi imprese manifatturiere che vendono prodotti attraverso una rete di distribuzione.\" \/>\n<meta name=\"robots\" content=\"index, follow, max-snippet:-1, max-image-preview:large, max-video-preview:-1\" \/>\n<link rel=\"canonical\" href=\"https:\/\/www.accuratereviews.com\/it\/programmi-preventivi\/hive-cpq-recensione\/\" \/>\n<meta property=\"og:locale\" content=\"it_IT\" \/>\n<meta property=\"og:type\" content=\"article\" \/>\n<meta property=\"og:title\" content=\"Hive CPQ: recensione software per fare preventivi - Accurate Reviews\" \/>\n<meta property=\"og:description\" content=\"Hive CPQ: recensione soluzione per fare preventivi\u00a0per grandi imprese manifatturiere che vendono prodotti attraverso una rete di distribuzione.\" \/>\n<meta property=\"og:url\" content=\"https:\/\/www.accuratereviews.com\/it\/programmi-preventivi\/hive-cpq-recensione\/\" \/>\n<meta property=\"og:site_name\" content=\"Accurate Reviews\" \/>\n<meta property=\"og:image\" content=\"https:\/\/www.accuratereviews.com\/wp-content\/uploads\/2022\/02\/Hive-CPQ2.png\" \/>\n\t<meta property=\"og:image:width\" content=\"225\" \/>\n\t<meta property=\"og:image:height\" content=\"225\" \/>\n\t<meta property=\"og:image:type\" content=\"image\/png\" \/>\n<meta name=\"twitter:card\" content=\"summary_large_image\" \/>\n<meta name=\"twitter:label1\" content=\"Tempo di lettura stimato\" \/>\n\t<meta name=\"twitter:data1\" content=\"4 minuti\" \/>\n<script type=\"application\/ld+json\" class=\"yoast-schema-graph\">{\"@context\":\"https:\\\/\\\/schema.org\",\"@graph\":[{\"@type\":\"WebPage\",\"@id\":\"https:\\\/\\\/www.accuratereviews.com\\\/it\\\/programmi-preventivi\\\/hive-cpq-recensione\\\/\",\"url\":\"https:\\\/\\\/www.accuratereviews.com\\\/it\\\/programmi-preventivi\\\/hive-cpq-recensione\\\/\",\"name\":\"Hive CPQ: recensione software per fare preventivi - Accurate Reviews\",\"isPartOf\":{\"@id\":\"https:\\\/\\\/www.accuratereviews.com\\\/it\\\/#website\"},\"primaryImageOfPage\":{\"@id\":\"https:\\\/\\\/www.accuratereviews.com\\\/it\\\/programmi-preventivi\\\/hive-cpq-recensione\\\/#primaryimage\"},\"image\":{\"@id\":\"https:\\\/\\\/www.accuratereviews.com\\\/it\\\/programmi-preventivi\\\/hive-cpq-recensione\\\/#primaryimage\"},\"thumbnailUrl\":\"https:\\\/\\\/www.accuratereviews.com\\\/wp-content\\\/uploads\\\/2022\\\/02\\\/Hive-CPQ2.png\",\"datePublished\":\"2022-02-09T13:38:40+00:00\",\"description\":\"Hive CPQ: recensione soluzione per fare preventivi\u00a0per grandi imprese manifatturiere che vendono prodotti attraverso una rete di distribuzione.\",\"breadcrumb\":{\"@id\":\"https:\\\/\\\/www.accuratereviews.com\\\/it\\\/programmi-preventivi\\\/hive-cpq-recensione\\\/#breadcrumb\"},\"inLanguage\":\"it-IT\",\"potentialAction\":[{\"@type\":\"ReadAction\",\"target\":[\"https:\\\/\\\/www.accuratereviews.com\\\/it\\\/programmi-preventivi\\\/hive-cpq-recensione\\\/\"]}]},{\"@type\":\"ImageObject\",\"inLanguage\":\"it-IT\",\"@id\":\"https:\\\/\\\/www.accuratereviews.com\\\/it\\\/programmi-preventivi\\\/hive-cpq-recensione\\\/#primaryimage\",\"url\":\"https:\\\/\\\/www.accuratereviews.com\\\/wp-content\\\/uploads\\\/2022\\\/02\\\/Hive-CPQ2.png\",\"contentUrl\":\"https:\\\/\\\/www.accuratereviews.com\\\/wp-content\\\/uploads\\\/2022\\\/02\\\/Hive-CPQ2.png\",\"width\":225,\"height\":225},{\"@type\":\"BreadcrumbList\",\"@id\":\"https:\\\/\\\/www.accuratereviews.com\\\/it\\\/programmi-preventivi\\\/hive-cpq-recensione\\\/#breadcrumb\",\"itemListElement\":[{\"@type\":\"ListItem\",\"position\":1,\"name\":\"Home\",\"item\":\"https:\\\/\\\/www.accuratereviews.com\\\/it\\\/\"},{\"@type\":\"ListItem\",\"position\":2,\"name\":\"Programmi per fare preventivi\",\"item\":\"https:\\\/\\\/www.accuratereviews.com\\\/it\\\/programmi-preventivi\\\/\"},{\"@type\":\"ListItem\",\"position\":3,\"name\":\"Hive CPQ\"}]},{\"@type\":\"WebSite\",\"@id\":\"https:\\\/\\\/www.accuratereviews.com\\\/it\\\/#website\",\"url\":\"https:\\\/\\\/www.accuratereviews.com\\\/it\\\/\",\"name\":\"Accurate Reviews\",\"description\":\"\",\"potentialAction\":[{\"@type\":\"SearchAction\",\"target\":{\"@type\":\"EntryPoint\",\"urlTemplate\":\"https:\\\/\\\/www.accuratereviews.com\\\/it\\\/?s={search_term_string}\"},\"query-input\":{\"@type\":\"PropertyValueSpecification\",\"valueRequired\":true,\"valueName\":\"search_term_string\"}}],\"inLanguage\":\"it-IT\"}]}<\/script>\n<!-- \/ Yoast SEO plugin. -->","yoast_head_json":{"title":"Hive CPQ: recensione software per fare preventivi - Accurate Reviews","description":"Hive CPQ: recensione soluzione per fare preventivi\u00a0per grandi imprese manifatturiere che vendono prodotti attraverso una rete di distribuzione.","robots":{"index":"index","follow":"follow","max-snippet":"max-snippet:-1","max-image-preview":"max-image-preview:large","max-video-preview":"max-video-preview:-1"},"canonical":"https:\/\/www.accuratereviews.com\/it\/programmi-preventivi\/hive-cpq-recensione\/","og_locale":"it_IT","og_type":"article","og_title":"Hive CPQ: recensione software per fare preventivi - Accurate Reviews","og_description":"Hive CPQ: recensione soluzione per fare preventivi\u00a0per grandi imprese manifatturiere che vendono prodotti attraverso una rete di distribuzione.","og_url":"https:\/\/www.accuratereviews.com\/it\/programmi-preventivi\/hive-cpq-recensione\/","og_site_name":"Accurate Reviews","og_image":[{"width":225,"height":225,"url":"https:\/\/www.accuratereviews.com\/wp-content\/uploads\/2022\/02\/Hive-CPQ2.png","type":"image\/png"}],"twitter_card":"summary_large_image","twitter_misc":{"Tempo di lettura stimato":"4 minuti"},"schema":{"@context":"https:\/\/schema.org","@graph":[{"@type":"WebPage","@id":"https:\/\/www.accuratereviews.com\/it\/programmi-preventivi\/hive-cpq-recensione\/","url":"https:\/\/www.accuratereviews.com\/it\/programmi-preventivi\/hive-cpq-recensione\/","name":"Hive CPQ: recensione software per fare preventivi - Accurate Reviews","isPartOf":{"@id":"https:\/\/www.accuratereviews.com\/it\/#website"},"primaryImageOfPage":{"@id":"https:\/\/www.accuratereviews.com\/it\/programmi-preventivi\/hive-cpq-recensione\/#primaryimage"},"image":{"@id":"https:\/\/www.accuratereviews.com\/it\/programmi-preventivi\/hive-cpq-recensione\/#primaryimage"},"thumbnailUrl":"https:\/\/www.accuratereviews.com\/wp-content\/uploads\/2022\/02\/Hive-CPQ2.png","datePublished":"2022-02-09T13:38:40+00:00","description":"Hive CPQ: recensione soluzione per fare preventivi\u00a0per grandi imprese manifatturiere che vendono prodotti attraverso una rete di distribuzione.","breadcrumb":{"@id":"https:\/\/www.accuratereviews.com\/it\/programmi-preventivi\/hive-cpq-recensione\/#breadcrumb"},"inLanguage":"it-IT","potentialAction":[{"@type":"ReadAction","target":["https:\/\/www.accuratereviews.com\/it\/programmi-preventivi\/hive-cpq-recensione\/"]}]},{"@type":"ImageObject","inLanguage":"it-IT","@id":"https:\/\/www.accuratereviews.com\/it\/programmi-preventivi\/hive-cpq-recensione\/#primaryimage","url":"https:\/\/www.accuratereviews.com\/wp-content\/uploads\/2022\/02\/Hive-CPQ2.png","contentUrl":"https:\/\/www.accuratereviews.com\/wp-content\/uploads\/2022\/02\/Hive-CPQ2.png","width":225,"height":225},{"@type":"BreadcrumbList","@id":"https:\/\/www.accuratereviews.com\/it\/programmi-preventivi\/hive-cpq-recensione\/#breadcrumb","itemListElement":[{"@type":"ListItem","position":1,"name":"Home","item":"https:\/\/www.accuratereviews.com\/it\/"},{"@type":"ListItem","position":2,"name":"Programmi per fare preventivi","item":"https:\/\/www.accuratereviews.com\/it\/programmi-preventivi\/"},{"@type":"ListItem","position":3,"name":"Hive CPQ"}]},{"@type":"WebSite","@id":"https:\/\/www.accuratereviews.com\/it\/#website","url":"https:\/\/www.accuratereviews.com\/it\/","name":"Accurate Reviews","description":"","potentialAction":[{"@type":"SearchAction","target":{"@type":"EntryPoint","urlTemplate":"https:\/\/www.accuratereviews.com\/it\/?s={search_term_string}"},"query-input":{"@type":"PropertyValueSpecification","valueRequired":true,"valueName":"search_term_string"}}],"inLanguage":"it-IT"}]}},"_links":{"self":[{"href":"https:\/\/www.accuratereviews.com\/it\/wp-json\/wp\/v2\/pages\/53509","targetHints":{"allow":["GET"]}}],"collection":[{"href":"https:\/\/www.accuratereviews.com\/it\/wp-json\/wp\/v2\/pages"}],"about":[{"href":"https:\/\/www.accuratereviews.com\/it\/wp-json\/wp\/v2\/types\/page"}],"author":[{"embeddable":true,"href":"https:\/\/www.accuratereviews.com\/it\/wp-json\/wp\/v2\/users\/16"}],"replies":[{"embeddable":true,"href":"https:\/\/www.accuratereviews.com\/it\/wp-json\/wp\/v2\/comments?post=53509"}],"version-history":[{"count":8,"href":"https:\/\/www.accuratereviews.com\/it\/wp-json\/wp\/v2\/pages\/53509\/revisions"}],"predecessor-version":[{"id":53539,"href":"https:\/\/www.accuratereviews.com\/it\/wp-json\/wp\/v2\/pages\/53509\/revisions\/53539"}],"up":[{"embeddable":true,"href":"https:\/\/www.accuratereviews.com\/it\/wp-json\/wp\/v2\/pages\/52783"}],"wp:featuredmedia":[{"embeddable":true,"href":"https:\/\/www.accuratereviews.com\/it\/wp-json\/wp\/v2\/media\/53515"}],"wp:attachment":[{"href":"https:\/\/www.accuratereviews.com\/it\/wp-json\/wp\/v2\/media?parent=53509"}],"wp:term":[{"taxonomy":"category","embeddable":true,"href":"https:\/\/www.accuratereviews.com\/it\/wp-json\/wp\/v2\/categories?post=53509"},{"taxonomy":"post_tag","embeddable":true,"href":"https:\/\/www.accuratereviews.com\/it\/wp-json\/wp\/v2\/tags?post=53509"},{"taxonomy":"features","embeddable":true,"href":"https:\/\/www.accuratereviews.com\/it\/wp-json\/wp\/v2\/features?post=53509"}],"curies":[{"name":"wp","href":"https:\/\/api.w.org\/{rel}","templated":true}]}}