{"id":53541,"date":"2022-02-09T15:40:44","date_gmt":"2022-02-09T15:40:44","guid":{"rendered":"https:\/\/www.accuratereviews.com\/?page_id=53541"},"modified":"2022-02-09T15:48:45","modified_gmt":"2022-02-09T15:48:45","slug":"sap-cpq-recensione","status":"publish","type":"page","link":"https:\/\/www.accuratereviews.com\/it\/programmi-preventivi\/sap-cpq-recensione\/","title":{"rendered":"SAP CPQ"},"content":{"rendered":"<p><strong>SAP CPQ\u00a0<\/strong>\u00e8 un <strong>programma per fare preventivi<\/strong> che automatizza i flussi di lavoro riducendo ed eliminando totalmente gli errori\u00a0nella fase di preventivazione. Si tratta di una soluzione scalabile, progettata per aziende di tutte le dimensioni che operano in qualsiasi settore, che ha l&#8217;obiettivo di semplificare la creazione dei preventivi complessi per i clienti. Inoltre offre strumenti di margini minimi e di tariffazione specifica cos\u00ec da andare incontro alle esigenze di tutti.<br \/>\nData l&#8217;ampia possibilit\u00e0 di integrazione di\u00a0<strong>SAP CPQ,<\/strong>\u00a0sia con SAP Sales Cloud e con altre soluzioni SAP che con CRM di terze parti, potrai sfruttare tutti le tue app preferite.<\/p>\n<h2>SAP CPQ &#8211; TUTORIAL<\/h2>\n<div id=\"fluid-wrapper-counter-1\" class=\"g1-fluid-wrapper \" style=\"width:686px;\">\n<div style=\"padding-bottom:56.268221574344%;\"><iframe loading=\"lazy\" title=\"SAP Configure Price Quote (CPQ) demonstration\" width=\"686\" height=\"386\" src=\"https:\/\/www.youtube.com\/embed\/dByHMynlQkk?feature=oembed&amp;wmode=transparent&amp;autohide=1&amp;autoplay=0&amp;disablekb=0&amp;fs=1&amp;loop=0&amp;enablejsapi=1&amp;rel=0&amp;controls=2&amp;showinfo=0&amp;wmode=transparent&amp;autohide=2&amp;autoplay=0&amp;disablekb=0&amp;fs=1&amp;loop=0&amp;enablejsapi=1&amp;rel=0&amp;controls=2&amp;showinfo=1\" frameborder=\"0\" allow=\"accelerometer; autoplay; clipboard-write; encrypted-media; gyroscope; picture-in-picture\" allowfullscreen><\/iframe><\/div>\n<\/div>\n<h3>SAP CPQ &#8211; CARATTERISTICHE<\/h3>\n<div class=\"Grid__col-12--7Dsx8 Grid__col-sm-12--t3Q1V Grid__col-md-4--i2Poc Grid__col-lg-4--H2OvK Grid__col-xl-4--2MpC3 UniversalLayout__universalItem--foc2e UniversalLayout__vertical--p-IhI UniversalLayout__three-boxes--K4HA6\">\n<div class=\"\">\n<div class=\"UniversalLayout__universalItemContentVertical--OrAZ7\">\n<div class=\"UniversalLayout__textContent--tGIz0 UniversalLayout__textOnly--szAzy\">\n<div>\n<div>\n<ul>\n<li>Offri ai responsabili vendite la capacit\u00e0 di creare rapidamente preventivi brandizzati privi di errori e conformi alle direttive aziendali<\/li>\n<li>Semplifica la configurazione dei preventivi, indipendentemente dalla complessit\u00e0, dalla dipendenza del prodotto o dalle dimensioni delle offerte<\/li>\n<li>Genera offerte di 10.000 righe o pi\u00f9 in pochi secondi, grazie a workflow automatizzati di approvazione e gestione delle eccezioni<\/li>\n<li>Proteggi il margine di ogni opportunit\u00e0 con controlli sui prezzi relativi a prodotti, clienti e canali<\/li>\n<li>Elimina sconti dannosi con l&#8217;idoneit\u00e0 basata su regole e &#8220;paletti&#8221; di protezione dei margini<\/li>\n<li>Incrementa il volume delle operazioni commerciali con raccomandazioni intelligenti su prezzi e opportunit\u00e0 di up-selling e cross-selling<\/li>\n<li>Migliora l&#8217;efficienza operativa ad un costo inferiore grazie a processi preventivo-evasione connessi<\/li>\n<li>Semplifica i preventivi sfruttando i modelli di configurazione delle varianti e i dati ERP esistenti<\/li>\n<li>Coinvolgi i clienti e dai impulso al fatturato con un modello di dati unificato grazie all&#8217;integrazione con SAP Sales Cloud, SAP Commerce Cloud e SAP Service Cloud<\/li>\n<\/ul>\n<\/div>\n<\/div>\n<\/div>\n<\/div>\n<\/div>\n<\/div>\n<div class=\"Grid__col-12--7Dsx8 Grid__col-sm-12--t3Q1V Grid__col-md-4--i2Poc Grid__col-lg-4--H2OvK Grid__col-xl-4--2MpC3 UniversalLayout__universalItem--foc2e UniversalLayout__vertical--p-IhI UniversalLayout__three-boxes--K4HA6\">\n<div class=\"\">\n<div class=\"UniversalLayout__universalItemContentVertical--OrAZ7 UniversalLayout__reversedItem--x+KVQ\">\n<div class=\"UniversalLayout__textContent--tGIz0 UniversalLayout__textOnly--szAzy\"><\/div>\n<\/div>\n<\/div>\n<\/div>\n<div class=\"Grid__col-12--7Dsx8 Grid__col-sm-12--t3Q1V Grid__col-md-4--i2Poc Grid__col-lg-4--H2OvK Grid__col-xl-4--2MpC3 UniversalLayout__universalItem--foc2e UniversalLayout__vertical--p-IhI UniversalLayout__three-boxes--K4HA6\">\n<div class=\"\">\n<div class=\"UniversalLayout__universalItemContentVertical--OrAZ7\">\n<div class=\"UniversalLayout__textContent--tGIz0 UniversalLayout__textOnly--szAzy\"><\/div>\n<\/div>\n<\/div>\n<\/div>\n<h4>LE RECENSIONI DEGLI UTENTI<\/h4>\n<p><strong>Michael D. &#8220;Ho visto buoni risultati nel citare hardware di consumo con questo strumento&#8221;.<\/strong><br \/>\nPRO: capacit\u00e0 di tracciare dal preventivo alla vendita, e poi post vendita. Capacit\u00e0 di aggiungere rapidamente opzioni e servizi per migliorare il preventivo esistente.<br \/>\nCONTRO: sembra essere fatto su misura per il B2C dalle demo e dai risultati che ho visto. La personalizzazione potrebbe essere migliorata.<\/p>\n<p><strong>Ugo L. &#8220;Abbastanza buono&#8221;<\/strong><br \/>\nCOMMENTI: fa preventivi per la nostra azienda<br \/>\nPRO: \u00e8 solitamente affidabile e non richiede molta manutenzione. Il lato amministrativo \u00e8 abbastanza intuitivo e il supporto \u00e8 adeguato.<br \/>\nCONTRO: gli utenti che usano il sistema quotidianamente si lamentano che il software \u00e8 troppo lento. Sul lato amministrativo ci vuole circa un&#8217;ora per caricare\/aggiornare tutte le nostre parti, quindi anche questo \u00e8 lento.<\/p>\n<p><strong>Aaron S. &#8220;Ottimo prodotto CPQ che pu\u00f2 essere utilizzato da aziende di produzione industriale&#8221;<\/strong><br \/>\nPRO: facilit\u00e0 d&#8217;uso, capacit\u00e0 di configurare prodotti complessi, logica dei prezzi, integrazione aziendale, capacit\u00e0 di utilizzo su dispositivi mobili.<\/p>\n","protected":false},"excerpt":{"rendered":"<p>SAP CPQ\u00a0\u00e8 un programma per fare preventivi che automatizza i flussi di lavoro riducendo ed eliminando totalmente gli errori\u00a0nella fase di preventivazione. Si tratta di una soluzione scalabile, progettata per aziende di tutte le dimensioni che operano in qualsiasi settore, che ha l&#8217;obiettivo di semplificare la creazione dei preventivi complessi per i clienti.<\/p>\n","protected":false},"author":17,"featured_media":53542,"parent":52783,"menu_order":0,"comment_status":"open","ping_status":"closed","template":"g1_template_page_review_new.php","meta":{"_acf_changed":false,"cwp_meta_box_check":"No","cwp_rev_product_name":"","cwp_rev_product_image":"","wppr_links":[],"cwp_rev_price":"","wppr_options":[],"wppr_pros":[],"wppr_cons":[],"_monsterinsights_skip_tracking":false,"_monsterinsights_sitenote_active":false,"_monsterinsights_sitenote_note":"","_monsterinsights_sitenote_category":0,"footnotes":""},"categories":[11869],"tags":[11891,11914,11877,11986,11876,11926,11872,11873],"features":[],"class_list":{"0":"post-53541","1":"page","2":"type-page","3":"status-publish","4":"has-post-thumbnail","6":"category-programmi-preventivi-cat","7":"tag-cpq","8":"tag-creare-preventivi","9":"tag-programma-per-fare-preventivi","10":"tag-sap-cpq","11":"tag-sistema-per-fare-preventivi","12":"tag-software-cpq","13":"tag-software-per-fare-preventivi","14":"tag-soluzione-per-fare-preventivi"},"wppr_data":{"cwp_meta_box_check":"No"},"acf":[],"yoast_head":"<!-- This site is optimized with the Yoast SEO plugin v27.4 - https:\/\/yoast.com\/product\/yoast-seo-wordpress\/ -->\n<title>SAP CPQ: recensione programma preventivi - Accurate Reviews<\/title>\n<meta name=\"description\" content=\"SAP CPQ: recensione del programma per fare preventivi che automatizza i flussi di lavoro riducendo ed eliminando totalmente gli errori.\" \/>\n<meta name=\"robots\" content=\"index, follow, max-snippet:-1, max-image-preview:large, max-video-preview:-1\" \/>\n<link rel=\"canonical\" href=\"https:\/\/www.accuratereviews.com\/it\/programmi-preventivi\/sap-cpq-recensione\/\" \/>\n<meta property=\"og:locale\" content=\"it_IT\" \/>\n<meta property=\"og:type\" content=\"article\" \/>\n<meta property=\"og:title\" content=\"SAP CPQ: recensione programma preventivi - Accurate Reviews\" \/>\n<meta property=\"og:description\" content=\"SAP CPQ: recensione del programma per fare preventivi che automatizza i flussi di lavoro riducendo ed eliminando totalmente gli errori.\" \/>\n<meta property=\"og:url\" content=\"https:\/\/www.accuratereviews.com\/it\/programmi-preventivi\/sap-cpq-recensione\/\" \/>\n<meta property=\"og:site_name\" content=\"Accurate Reviews\" \/>\n<meta property=\"article:modified_time\" content=\"2022-02-09T15:48:45+00:00\" \/>\n<meta property=\"og:image\" content=\"https:\/\/www.accuratereviews.com\/wp-content\/uploads\/2022\/02\/SAP_logo.png\" \/>\n\t<meta property=\"og:image:width\" content=\"500\" \/>\n\t<meta property=\"og:image:height\" content=\"255\" \/>\n\t<meta property=\"og:image:type\" content=\"image\/png\" \/>\n<meta name=\"twitter:card\" content=\"summary_large_image\" \/>\n<meta name=\"twitter:label1\" content=\"Tempo di lettura stimato\" \/>\n\t<meta name=\"twitter:data1\" content=\"3 minuti\" \/>\n<script type=\"application\/ld+json\" class=\"yoast-schema-graph\">{\"@context\":\"https:\\\/\\\/schema.org\",\"@graph\":[{\"@type\":\"WebPage\",\"@id\":\"https:\\\/\\\/www.accuratereviews.com\\\/it\\\/programmi-preventivi\\\/sap-cpq-recensione\\\/\",\"url\":\"https:\\\/\\\/www.accuratereviews.com\\\/it\\\/programmi-preventivi\\\/sap-cpq-recensione\\\/\",\"name\":\"SAP CPQ: recensione programma preventivi - Accurate Reviews\",\"isPartOf\":{\"@id\":\"https:\\\/\\\/www.accuratereviews.com\\\/it\\\/#website\"},\"primaryImageOfPage\":{\"@id\":\"https:\\\/\\\/www.accuratereviews.com\\\/it\\\/programmi-preventivi\\\/sap-cpq-recensione\\\/#primaryimage\"},\"image\":{\"@id\":\"https:\\\/\\\/www.accuratereviews.com\\\/it\\\/programmi-preventivi\\\/sap-cpq-recensione\\\/#primaryimage\"},\"thumbnailUrl\":\"https:\\\/\\\/www.accuratereviews.com\\\/wp-content\\\/uploads\\\/2022\\\/02\\\/SAP_logo.png\",\"datePublished\":\"2022-02-09T15:40:44+00:00\",\"dateModified\":\"2022-02-09T15:48:45+00:00\",\"description\":\"SAP CPQ: recensione del programma per fare preventivi che automatizza i flussi di lavoro riducendo ed eliminando totalmente gli errori.\",\"breadcrumb\":{\"@id\":\"https:\\\/\\\/www.accuratereviews.com\\\/it\\\/programmi-preventivi\\\/sap-cpq-recensione\\\/#breadcrumb\"},\"inLanguage\":\"it-IT\",\"potentialAction\":[{\"@type\":\"ReadAction\",\"target\":[\"https:\\\/\\\/www.accuratereviews.com\\\/it\\\/programmi-preventivi\\\/sap-cpq-recensione\\\/\"]}]},{\"@type\":\"ImageObject\",\"inLanguage\":\"it-IT\",\"@id\":\"https:\\\/\\\/www.accuratereviews.com\\\/it\\\/programmi-preventivi\\\/sap-cpq-recensione\\\/#primaryimage\",\"url\":\"https:\\\/\\\/www.accuratereviews.com\\\/wp-content\\\/uploads\\\/2022\\\/02\\\/SAP_logo.png\",\"contentUrl\":\"https:\\\/\\\/www.accuratereviews.com\\\/wp-content\\\/uploads\\\/2022\\\/02\\\/SAP_logo.png\",\"width\":500,\"height\":255},{\"@type\":\"BreadcrumbList\",\"@id\":\"https:\\\/\\\/www.accuratereviews.com\\\/it\\\/programmi-preventivi\\\/sap-cpq-recensione\\\/#breadcrumb\",\"itemListElement\":[{\"@type\":\"ListItem\",\"position\":1,\"name\":\"Home\",\"item\":\"https:\\\/\\\/www.accuratereviews.com\\\/it\\\/\"},{\"@type\":\"ListItem\",\"position\":2,\"name\":\"Programmi per fare preventivi\",\"item\":\"https:\\\/\\\/www.accuratereviews.com\\\/it\\\/programmi-preventivi\\\/\"},{\"@type\":\"ListItem\",\"position\":3,\"name\":\"SAP CPQ\"}]},{\"@type\":\"WebSite\",\"@id\":\"https:\\\/\\\/www.accuratereviews.com\\\/it\\\/#website\",\"url\":\"https:\\\/\\\/www.accuratereviews.com\\\/it\\\/\",\"name\":\"Accurate Reviews\",\"description\":\"\",\"potentialAction\":[{\"@type\":\"SearchAction\",\"target\":{\"@type\":\"EntryPoint\",\"urlTemplate\":\"https:\\\/\\\/www.accuratereviews.com\\\/it\\\/?s={search_term_string}\"},\"query-input\":{\"@type\":\"PropertyValueSpecification\",\"valueRequired\":true,\"valueName\":\"search_term_string\"}}],\"inLanguage\":\"it-IT\"}]}<\/script>\n<!-- \/ Yoast SEO plugin. -->","yoast_head_json":{"title":"SAP CPQ: recensione programma preventivi - Accurate Reviews","description":"SAP CPQ: recensione del programma per fare preventivi che automatizza i flussi di lavoro riducendo ed eliminando totalmente gli errori.","robots":{"index":"index","follow":"follow","max-snippet":"max-snippet:-1","max-image-preview":"max-image-preview:large","max-video-preview":"max-video-preview:-1"},"canonical":"https:\/\/www.accuratereviews.com\/it\/programmi-preventivi\/sap-cpq-recensione\/","og_locale":"it_IT","og_type":"article","og_title":"SAP CPQ: recensione programma preventivi - Accurate Reviews","og_description":"SAP CPQ: recensione del programma per fare preventivi che automatizza i flussi di lavoro riducendo ed eliminando totalmente gli errori.","og_url":"https:\/\/www.accuratereviews.com\/it\/programmi-preventivi\/sap-cpq-recensione\/","og_site_name":"Accurate Reviews","article_modified_time":"2022-02-09T15:48:45+00:00","og_image":[{"width":500,"height":255,"url":"https:\/\/www.accuratereviews.com\/wp-content\/uploads\/2022\/02\/SAP_logo.png","type":"image\/png"}],"twitter_card":"summary_large_image","twitter_misc":{"Tempo di lettura stimato":"3 minuti"},"schema":{"@context":"https:\/\/schema.org","@graph":[{"@type":"WebPage","@id":"https:\/\/www.accuratereviews.com\/it\/programmi-preventivi\/sap-cpq-recensione\/","url":"https:\/\/www.accuratereviews.com\/it\/programmi-preventivi\/sap-cpq-recensione\/","name":"SAP CPQ: recensione programma preventivi - Accurate Reviews","isPartOf":{"@id":"https:\/\/www.accuratereviews.com\/it\/#website"},"primaryImageOfPage":{"@id":"https:\/\/www.accuratereviews.com\/it\/programmi-preventivi\/sap-cpq-recensione\/#primaryimage"},"image":{"@id":"https:\/\/www.accuratereviews.com\/it\/programmi-preventivi\/sap-cpq-recensione\/#primaryimage"},"thumbnailUrl":"https:\/\/www.accuratereviews.com\/wp-content\/uploads\/2022\/02\/SAP_logo.png","datePublished":"2022-02-09T15:40:44+00:00","dateModified":"2022-02-09T15:48:45+00:00","description":"SAP CPQ: recensione del programma per fare preventivi che automatizza i flussi di lavoro riducendo ed eliminando totalmente gli errori.","breadcrumb":{"@id":"https:\/\/www.accuratereviews.com\/it\/programmi-preventivi\/sap-cpq-recensione\/#breadcrumb"},"inLanguage":"it-IT","potentialAction":[{"@type":"ReadAction","target":["https:\/\/www.accuratereviews.com\/it\/programmi-preventivi\/sap-cpq-recensione\/"]}]},{"@type":"ImageObject","inLanguage":"it-IT","@id":"https:\/\/www.accuratereviews.com\/it\/programmi-preventivi\/sap-cpq-recensione\/#primaryimage","url":"https:\/\/www.accuratereviews.com\/wp-content\/uploads\/2022\/02\/SAP_logo.png","contentUrl":"https:\/\/www.accuratereviews.com\/wp-content\/uploads\/2022\/02\/SAP_logo.png","width":500,"height":255},{"@type":"BreadcrumbList","@id":"https:\/\/www.accuratereviews.com\/it\/programmi-preventivi\/sap-cpq-recensione\/#breadcrumb","itemListElement":[{"@type":"ListItem","position":1,"name":"Home","item":"https:\/\/www.accuratereviews.com\/it\/"},{"@type":"ListItem","position":2,"name":"Programmi per fare preventivi","item":"https:\/\/www.accuratereviews.com\/it\/programmi-preventivi\/"},{"@type":"ListItem","position":3,"name":"SAP CPQ"}]},{"@type":"WebSite","@id":"https:\/\/www.accuratereviews.com\/it\/#website","url":"https:\/\/www.accuratereviews.com\/it\/","name":"Accurate Reviews","description":"","potentialAction":[{"@type":"SearchAction","target":{"@type":"EntryPoint","urlTemplate":"https:\/\/www.accuratereviews.com\/it\/?s={search_term_string}"},"query-input":{"@type":"PropertyValueSpecification","valueRequired":true,"valueName":"search_term_string"}}],"inLanguage":"it-IT"}]}},"_links":{"self":[{"href":"https:\/\/www.accuratereviews.com\/it\/wp-json\/wp\/v2\/pages\/53541","targetHints":{"allow":["GET"]}}],"collection":[{"href":"https:\/\/www.accuratereviews.com\/it\/wp-json\/wp\/v2\/pages"}],"about":[{"href":"https:\/\/www.accuratereviews.com\/it\/wp-json\/wp\/v2\/types\/page"}],"author":[{"embeddable":true,"href":"https:\/\/www.accuratereviews.com\/it\/wp-json\/wp\/v2\/users\/17"}],"replies":[{"embeddable":true,"href":"https:\/\/www.accuratereviews.com\/it\/wp-json\/wp\/v2\/comments?post=53541"}],"version-history":[{"count":3,"href":"https:\/\/www.accuratereviews.com\/it\/wp-json\/wp\/v2\/pages\/53541\/revisions"}],"predecessor-version":[{"id":53549,"href":"https:\/\/www.accuratereviews.com\/it\/wp-json\/wp\/v2\/pages\/53541\/revisions\/53549"}],"up":[{"embeddable":true,"href":"https:\/\/www.accuratereviews.com\/it\/wp-json\/wp\/v2\/pages\/52783"}],"wp:featuredmedia":[{"embeddable":true,"href":"https:\/\/www.accuratereviews.com\/it\/wp-json\/wp\/v2\/media\/53542"}],"wp:attachment":[{"href":"https:\/\/www.accuratereviews.com\/it\/wp-json\/wp\/v2\/media?parent=53541"}],"wp:term":[{"taxonomy":"category","embeddable":true,"href":"https:\/\/www.accuratereviews.com\/it\/wp-json\/wp\/v2\/categories?post=53541"},{"taxonomy":"post_tag","embeddable":true,"href":"https:\/\/www.accuratereviews.com\/it\/wp-json\/wp\/v2\/tags?post=53541"},{"taxonomy":"features","embeddable":true,"href":"https:\/\/www.accuratereviews.com\/it\/wp-json\/wp\/v2\/features?post=53541"}],"curies":[{"name":"wp","href":"https:\/\/api.w.org\/{rel}","templated":true}]}}