{"id":53565,"date":"2022-02-10T11:58:53","date_gmt":"2022-02-10T11:58:53","guid":{"rendered":"https:\/\/www.accuratereviews.com\/?page_id=53565"},"modified":"2022-02-11T09:35:32","modified_gmt":"2022-02-11T09:35:32","slug":"atlatl-visual-recensione","status":"publish","type":"page","link":"https:\/\/www.accuratereviews.com\/it\/programmi-preventivi\/atlatl-visual-recensione\/","title":{"rendered":"ATLATL Visual"},"content":{"rendered":"<p><strong>Atlatl Visual<\/strong> \u00e8 un <strong>software di configurazione del prodotto<\/strong> che aiuta le aziende a dare vita ai prodotti sullo schermo, facilitando le esperienze di acquisto digitale.\u00a0Gli amministratori possono creare rappresentazioni 3D e visualizzare in anteprima i dettagli della merce. Inoltre, il programma offre una funzionalit\u00e0 di realt\u00e0 aumentata, che consente ai team di analizzare gli articoli selezionati su sfondi diversi. Offre un&#8217;API (Application Programming Interface), che consente alle aziende di integrare il sistema con diverse applicazioni di terze parti, tra cui Acumatica Cloud ERP, Oracle CPQ, Sage Business Cloud Accounting e Salesforce Sales Cloud. Per garantire l&#8217;accuratezza degli ordini e responsabilizzare gli utenti, il team della soluzione lavora a stretto contatto con i clienti per comprendere le loro regole aziendali, di prodotto e di progettazione.<\/p>\n<h2>ATLATL VISUAL &#8211; TUTORIAL<\/h2>\n<p>Guardiamo come inserire un prodotto con la relativa immagine in 3D su questo <strong>software per fare preventivi<\/strong>:<\/p>\n<div id=\"fluid-wrapper-counter-1\" class=\"g1-fluid-wrapper \" style=\"width:686px;\">\n<div style=\"padding-bottom:56.268221574344%;\"><iframe loading=\"lazy\" title=\"How To Build a Product Configurator Application\" width=\"686\" height=\"386\" src=\"https:\/\/www.youtube.com\/embed\/7ELTBR7pG1U?feature=oembed&amp;wmode=transparent&amp;autohide=1&amp;autoplay=0&amp;disablekb=0&amp;fs=1&amp;loop=0&amp;enablejsapi=1&amp;rel=0&amp;controls=2&amp;showinfo=0&amp;wmode=transparent&amp;autohide=2&amp;autoplay=0&amp;disablekb=0&amp;fs=1&amp;loop=0&amp;enablejsapi=1&amp;rel=0&amp;controls=2&amp;showinfo=1\" frameborder=\"0\" allow=\"accelerometer; autoplay; clipboard-write; encrypted-media; gyroscope; picture-in-picture\" allowfullscreen><\/iframe><\/div>\n<\/div>\n<h3>ATLATL VISUAL &#8211; CARATTERISTICHE<\/h3>\n<ul>\n<li><strong>Velocit\u00e0<\/strong>: selezione visiva del prodotto, garanzia del motore di ricerca e configurazioni pi\u00f9 rapide e risorse di supporto non necessarie<\/li>\n<li><strong>Precisione:<\/strong> la conferma visiva delle selezioni dei prodotti elimina l&#8217;errore dell&#8217;ordine<\/li>\n<li><strong>Esperienza<\/strong>: configurazione veloce, meno tempo perso, conferma visiva = fiducia nell&#8217;acquisto<\/li>\n<li><strong>ROI<\/strong>: coinvolgimenti pi\u00f9 rapidi portano a pi\u00f9 opportunit\u00e0, esperienze migliori portano a una maggiore conversione<\/li>\n<\/ul>\n<h4>LE RECENSIONI DEGLLI UTENTI<\/h4>\n<p class=\"font-weight-bold mb-2\"><strong>Bryan L.&#8221;Sorprendente&#8221;<\/strong><\/p>\n<p><span class=\"font-weight-bold\"><strong>Commenti<\/strong>: <\/span>Gestione completa<\/p>\n<p class=\"font-weight-bold mb-2\"><strong>Pro<\/strong>:\u00a0Versatilit\u00e0 di tutte le funzionalit\u00e0 e come funzionano bene insieme. Semplice ma robusto, tutto racchiuso in una piattaforma gestita e supportata estremamente bene.<\/p>\n<p class=\"font-weight-bold mb-2\"><strong>Contro<\/strong>:\u00a0Sono molto soddisfatto di tutto ci\u00f2 che ho visto nel software! L&#8217;unico problema \u00e8 la quantit\u00e0 di tempo necessaria per ottenere nuove funzionalit\u00e0 o apportare modifiche alle funzionalit\u00e0 esistenti implementate.<\/p>\n<p class=\"font-weight-bold mb-2\"><strong>Brian B.&#8221;Facile da usare. Adoro i dettagli nelle citazioni che posso inviare&#8221;<\/strong><\/p>\n<p class=\"font-weight-bold mb-2\"><strong>Pro<\/strong>:\u00a0Facile da usare quando ci si allena. Le citazioni sono molto dettagliate e sembrano professionali. Mi piace il fatto che puoi scaricare i tuoi contatti e sono l\u00ec per citazioni future. Puoi vedere dove si trovano tutti i tuoi clienti sulla mappa.<\/p>\n<p class=\"font-weight-bold mb-2\"><strong>Contro<\/strong>:\u00a0Non essere in grado di fare clic su un pulsante per eliminare un preventivo non desiderato. Vorrei che il configuratore fosse parte di questo in cui non devi aprire un altro programma e salvarlo e quindi aprire Preventivi per inviare il preventivo.<\/p>\n<p class=\"h5 font-weight-bold\"><strong>Jonon D.:&#8221;Il programma \u00e8 stato molto vantaggioso per il team di vendita. A colpo d&#8217;occhio possono vedere tutte le loro citazioni&#8221;<\/strong><\/p>\n<div class=\"pl-4 my-4 py-3 border-left border-fog text-ash i18n-translation_vendor_container\" data-translation-id=\"367073\" data-translation-vendor-target=\"original\">\n<p class=\"font-weight-bold mb-2\"><strong>Pro<\/strong>:\u00a0Essere in grado di consentire a ciascun addetto alle vendite di visualizzare e gestire i propri preventivi individuali e consentire ai manager di vederli come un intero team e sapere cosa c&#8217;\u00e8 nella canalizzazione.<\/p>\n<p class=\"font-weight-bold mb-2\"><strong>Contro<\/strong>:\u00a0Sarebbe bello avere un carattere jolly * quando si cercano le virgolette perch\u00e9 \u00e8 sensibile a K o una casella che dovrebbe contenere che potrebbe essere selezionata. Anche se esistesse un modo pi\u00f9 semplice per convertire il preventivo e l&#8217;ordine. A volte la direzione va a recensire e non si rende conto di aver fatto una piccola modifica rivedendo la struttura degli sconti e assegna al preventivo un nuovo numero di recensione eliminando il preventivo precedente che ora il nostro cliente ha deciso di firmare.<\/p>\n<\/div>\n","protected":false},"excerpt":{"rendered":"<p>Atlatl Visual \u00e8 un software di configurazione del prodotto che aiuta le aziende a dare vita ai prodotti sullo schermo, facilitando le esperienze di acquisto digitale.\u00a0Gli amministratori possono creare rappresentazioni 3D e visualizzare in anteprima i dettagli della merce. Inoltre, il programma offre una funzionalit\u00e0 di realt\u00e0 aumentata, che consente ai team di analizzare gli articoli selezionati su sfondi diversi.<\/p>\n","protected":false},"author":16,"featured_media":53566,"parent":52783,"menu_order":0,"comment_status":"open","ping_status":"closed","template":"g1_template_page_review_new.php","meta":{"_acf_changed":false,"cwp_meta_box_check":"No","cwp_rev_product_name":"","cwp_rev_product_image":"","wppr_links":[],"cwp_rev_price":"","wppr_options":[],"wppr_pros":[],"wppr_cons":[],"_monsterinsights_skip_tracking":false,"_monsterinsights_sitenote_active":false,"_monsterinsights_sitenote_note":"","_monsterinsights_sitenote_category":0,"footnotes":""},"categories":[11869],"tags":[11989,11993,11992,11874,11877,11872,11873],"features":[],"class_list":{"0":"post-53565","1":"page","2":"type-page","3":"status-publish","4":"has-post-thumbnail","6":"category-programmi-preventivi-cat","7":"tag-atlatl-visual","8":"tag-creazione-di-preventivi","9":"tag-immagini-3d","10":"tag-piattaforma-per-fare-preventivi","11":"tag-programma-per-fare-preventivi","12":"tag-software-per-fare-preventivi","13":"tag-soluzione-per-fare-preventivi"},"wppr_data":{"cwp_meta_box_check":"No"},"acf":[],"yoast_head":"<!-- This site is optimized with the Yoast SEO plugin v27.4 - https:\/\/yoast.com\/product\/yoast-seo-wordpress\/ -->\n<title>Atlatl Visual: recensione software per fare preventivi - Accurate Reviews<\/title>\n<meta name=\"description\" content=\"Atlatl Visual: recensione software di configurazione del prodotto che aiuta le aziende a dare vita ai prodotti sullo schermo.\" \/>\n<meta name=\"robots\" content=\"index, follow, max-snippet:-1, max-image-preview:large, max-video-preview:-1\" \/>\n<link rel=\"canonical\" href=\"https:\/\/www.accuratereviews.com\/it\/programmi-preventivi\/atlatl-visual-recensione\/\" \/>\n<meta property=\"og:locale\" content=\"it_IT\" \/>\n<meta property=\"og:type\" content=\"article\" \/>\n<meta property=\"og:title\" content=\"Atlatl Visual: recensione software per fare preventivi - Accurate Reviews\" \/>\n<meta property=\"og:description\" content=\"Atlatl Visual: recensione software di configurazione del prodotto che aiuta le aziende a dare vita ai prodotti sullo schermo.\" \/>\n<meta property=\"og:url\" content=\"https:\/\/www.accuratereviews.com\/it\/programmi-preventivi\/atlatl-visual-recensione\/\" \/>\n<meta property=\"og:site_name\" content=\"Accurate Reviews\" \/>\n<meta property=\"article:modified_time\" content=\"2022-02-11T09:35:32+00:00\" \/>\n<meta property=\"og:image\" content=\"https:\/\/www.accuratereviews.com\/wp-content\/uploads\/2022\/02\/ATLATL-Visual.png\" \/>\n\t<meta property=\"og:image:width\" content=\"297\" \/>\n\t<meta property=\"og:image:height\" content=\"297\" \/>\n\t<meta property=\"og:image:type\" content=\"image\/png\" \/>\n<meta name=\"twitter:card\" content=\"summary_large_image\" \/>\n<meta name=\"twitter:label1\" content=\"Tempo di lettura stimato\" \/>\n\t<meta name=\"twitter:data1\" content=\"3 minuti\" \/>\n<script type=\"application\/ld+json\" class=\"yoast-schema-graph\">{\"@context\":\"https:\\\/\\\/schema.org\",\"@graph\":[{\"@type\":\"WebPage\",\"@id\":\"https:\\\/\\\/www.accuratereviews.com\\\/it\\\/programmi-preventivi\\\/atlatl-visual-recensione\\\/\",\"url\":\"https:\\\/\\\/www.accuratereviews.com\\\/it\\\/programmi-preventivi\\\/atlatl-visual-recensione\\\/\",\"name\":\"Atlatl Visual: recensione software per fare preventivi - Accurate Reviews\",\"isPartOf\":{\"@id\":\"https:\\\/\\\/www.accuratereviews.com\\\/it\\\/#website\"},\"primaryImageOfPage\":{\"@id\":\"https:\\\/\\\/www.accuratereviews.com\\\/it\\\/programmi-preventivi\\\/atlatl-visual-recensione\\\/#primaryimage\"},\"image\":{\"@id\":\"https:\\\/\\\/www.accuratereviews.com\\\/it\\\/programmi-preventivi\\\/atlatl-visual-recensione\\\/#primaryimage\"},\"thumbnailUrl\":\"https:\\\/\\\/www.accuratereviews.com\\\/wp-content\\\/uploads\\\/2022\\\/02\\\/ATLATL-Visual.png\",\"datePublished\":\"2022-02-10T11:58:53+00:00\",\"dateModified\":\"2022-02-11T09:35:32+00:00\",\"description\":\"Atlatl Visual: recensione software di configurazione del prodotto che aiuta le aziende a dare vita ai prodotti sullo schermo.\",\"breadcrumb\":{\"@id\":\"https:\\\/\\\/www.accuratereviews.com\\\/it\\\/programmi-preventivi\\\/atlatl-visual-recensione\\\/#breadcrumb\"},\"inLanguage\":\"it-IT\",\"potentialAction\":[{\"@type\":\"ReadAction\",\"target\":[\"https:\\\/\\\/www.accuratereviews.com\\\/it\\\/programmi-preventivi\\\/atlatl-visual-recensione\\\/\"]}]},{\"@type\":\"ImageObject\",\"inLanguage\":\"it-IT\",\"@id\":\"https:\\\/\\\/www.accuratereviews.com\\\/it\\\/programmi-preventivi\\\/atlatl-visual-recensione\\\/#primaryimage\",\"url\":\"https:\\\/\\\/www.accuratereviews.com\\\/wp-content\\\/uploads\\\/2022\\\/02\\\/ATLATL-Visual.png\",\"contentUrl\":\"https:\\\/\\\/www.accuratereviews.com\\\/wp-content\\\/uploads\\\/2022\\\/02\\\/ATLATL-Visual.png\",\"width\":297,\"height\":297},{\"@type\":\"BreadcrumbList\",\"@id\":\"https:\\\/\\\/www.accuratereviews.com\\\/it\\\/programmi-preventivi\\\/atlatl-visual-recensione\\\/#breadcrumb\",\"itemListElement\":[{\"@type\":\"ListItem\",\"position\":1,\"name\":\"Home\",\"item\":\"https:\\\/\\\/www.accuratereviews.com\\\/it\\\/\"},{\"@type\":\"ListItem\",\"position\":2,\"name\":\"Programmi per fare preventivi\",\"item\":\"https:\\\/\\\/www.accuratereviews.com\\\/it\\\/programmi-preventivi\\\/\"},{\"@type\":\"ListItem\",\"position\":3,\"name\":\"ATLATL Visual\"}]},{\"@type\":\"WebSite\",\"@id\":\"https:\\\/\\\/www.accuratereviews.com\\\/it\\\/#website\",\"url\":\"https:\\\/\\\/www.accuratereviews.com\\\/it\\\/\",\"name\":\"Accurate Reviews\",\"description\":\"\",\"potentialAction\":[{\"@type\":\"SearchAction\",\"target\":{\"@type\":\"EntryPoint\",\"urlTemplate\":\"https:\\\/\\\/www.accuratereviews.com\\\/it\\\/?s={search_term_string}\"},\"query-input\":{\"@type\":\"PropertyValueSpecification\",\"valueRequired\":true,\"valueName\":\"search_term_string\"}}],\"inLanguage\":\"it-IT\"}]}<\/script>\n<!-- \/ Yoast SEO plugin. -->","yoast_head_json":{"title":"Atlatl Visual: recensione software per fare preventivi - Accurate Reviews","description":"Atlatl Visual: recensione software di configurazione del prodotto che aiuta le aziende a dare vita ai prodotti sullo schermo.","robots":{"index":"index","follow":"follow","max-snippet":"max-snippet:-1","max-image-preview":"max-image-preview:large","max-video-preview":"max-video-preview:-1"},"canonical":"https:\/\/www.accuratereviews.com\/it\/programmi-preventivi\/atlatl-visual-recensione\/","og_locale":"it_IT","og_type":"article","og_title":"Atlatl Visual: recensione software per fare preventivi - Accurate Reviews","og_description":"Atlatl Visual: recensione software di configurazione del prodotto che aiuta le aziende a dare vita ai prodotti sullo schermo.","og_url":"https:\/\/www.accuratereviews.com\/it\/programmi-preventivi\/atlatl-visual-recensione\/","og_site_name":"Accurate Reviews","article_modified_time":"2022-02-11T09:35:32+00:00","og_image":[{"width":297,"height":297,"url":"https:\/\/www.accuratereviews.com\/wp-content\/uploads\/2022\/02\/ATLATL-Visual.png","type":"image\/png"}],"twitter_card":"summary_large_image","twitter_misc":{"Tempo di lettura stimato":"3 minuti"},"schema":{"@context":"https:\/\/schema.org","@graph":[{"@type":"WebPage","@id":"https:\/\/www.accuratereviews.com\/it\/programmi-preventivi\/atlatl-visual-recensione\/","url":"https:\/\/www.accuratereviews.com\/it\/programmi-preventivi\/atlatl-visual-recensione\/","name":"Atlatl Visual: recensione software per fare preventivi - Accurate Reviews","isPartOf":{"@id":"https:\/\/www.accuratereviews.com\/it\/#website"},"primaryImageOfPage":{"@id":"https:\/\/www.accuratereviews.com\/it\/programmi-preventivi\/atlatl-visual-recensione\/#primaryimage"},"image":{"@id":"https:\/\/www.accuratereviews.com\/it\/programmi-preventivi\/atlatl-visual-recensione\/#primaryimage"},"thumbnailUrl":"https:\/\/www.accuratereviews.com\/wp-content\/uploads\/2022\/02\/ATLATL-Visual.png","datePublished":"2022-02-10T11:58:53+00:00","dateModified":"2022-02-11T09:35:32+00:00","description":"Atlatl Visual: recensione software di configurazione del prodotto che aiuta le aziende a dare vita ai prodotti sullo schermo.","breadcrumb":{"@id":"https:\/\/www.accuratereviews.com\/it\/programmi-preventivi\/atlatl-visual-recensione\/#breadcrumb"},"inLanguage":"it-IT","potentialAction":[{"@type":"ReadAction","target":["https:\/\/www.accuratereviews.com\/it\/programmi-preventivi\/atlatl-visual-recensione\/"]}]},{"@type":"ImageObject","inLanguage":"it-IT","@id":"https:\/\/www.accuratereviews.com\/it\/programmi-preventivi\/atlatl-visual-recensione\/#primaryimage","url":"https:\/\/www.accuratereviews.com\/wp-content\/uploads\/2022\/02\/ATLATL-Visual.png","contentUrl":"https:\/\/www.accuratereviews.com\/wp-content\/uploads\/2022\/02\/ATLATL-Visual.png","width":297,"height":297},{"@type":"BreadcrumbList","@id":"https:\/\/www.accuratereviews.com\/it\/programmi-preventivi\/atlatl-visual-recensione\/#breadcrumb","itemListElement":[{"@type":"ListItem","position":1,"name":"Home","item":"https:\/\/www.accuratereviews.com\/it\/"},{"@type":"ListItem","position":2,"name":"Programmi per fare preventivi","item":"https:\/\/www.accuratereviews.com\/it\/programmi-preventivi\/"},{"@type":"ListItem","position":3,"name":"ATLATL Visual"}]},{"@type":"WebSite","@id":"https:\/\/www.accuratereviews.com\/it\/#website","url":"https:\/\/www.accuratereviews.com\/it\/","name":"Accurate Reviews","description":"","potentialAction":[{"@type":"SearchAction","target":{"@type":"EntryPoint","urlTemplate":"https:\/\/www.accuratereviews.com\/it\/?s={search_term_string}"},"query-input":{"@type":"PropertyValueSpecification","valueRequired":true,"valueName":"search_term_string"}}],"inLanguage":"it-IT"}]}},"_links":{"self":[{"href":"https:\/\/www.accuratereviews.com\/it\/wp-json\/wp\/v2\/pages\/53565","targetHints":{"allow":["GET"]}}],"collection":[{"href":"https:\/\/www.accuratereviews.com\/it\/wp-json\/wp\/v2\/pages"}],"about":[{"href":"https:\/\/www.accuratereviews.com\/it\/wp-json\/wp\/v2\/types\/page"}],"author":[{"embeddable":true,"href":"https:\/\/www.accuratereviews.com\/it\/wp-json\/wp\/v2\/users\/16"}],"replies":[{"embeddable":true,"href":"https:\/\/www.accuratereviews.com\/it\/wp-json\/wp\/v2\/comments?post=53565"}],"version-history":[{"count":10,"href":"https:\/\/www.accuratereviews.com\/it\/wp-json\/wp\/v2\/pages\/53565\/revisions"}],"predecessor-version":[{"id":53628,"href":"https:\/\/www.accuratereviews.com\/it\/wp-json\/wp\/v2\/pages\/53565\/revisions\/53628"}],"up":[{"embeddable":true,"href":"https:\/\/www.accuratereviews.com\/it\/wp-json\/wp\/v2\/pages\/52783"}],"wp:featuredmedia":[{"embeddable":true,"href":"https:\/\/www.accuratereviews.com\/it\/wp-json\/wp\/v2\/media\/53566"}],"wp:attachment":[{"href":"https:\/\/www.accuratereviews.com\/it\/wp-json\/wp\/v2\/media?parent=53565"}],"wp:term":[{"taxonomy":"category","embeddable":true,"href":"https:\/\/www.accuratereviews.com\/it\/wp-json\/wp\/v2\/categories?post=53565"},{"taxonomy":"post_tag","embeddable":true,"href":"https:\/\/www.accuratereviews.com\/it\/wp-json\/wp\/v2\/tags?post=53565"},{"taxonomy":"features","embeddable":true,"href":"https:\/\/www.accuratereviews.com\/it\/wp-json\/wp\/v2\/features?post=53565"}],"curies":[{"name":"wp","href":"https:\/\/api.w.org\/{rel}","templated":true}]}}