{"id":53582,"date":"2022-02-10T12:28:07","date_gmt":"2022-02-10T12:28:07","guid":{"rendered":"https:\/\/www.accuratereviews.com\/?page_id=53582"},"modified":"2022-02-10T12:28:07","modified_gmt":"2022-02-10T12:28:07","slug":"elfsquad-recensione","status":"publish","type":"page","link":"https:\/\/www.accuratereviews.com\/it\/programmi-preventivi\/elfsquad-recensione\/","title":{"rendered":"Elfsquad"},"content":{"rendered":"<p><strong>Elfsquad<\/strong> \u00e8 un <strong>software CPQ<\/strong> che serve per configurare, prezzare e quotare nel modo giusto, eliminando tutti gli errori del processo di pre-produzione e preventivazione. Con questo programma avrete modo di andare incontro alle esigenze di ogni cliente, il quale potr\u00e0 configurare e assemblare in 3D il vostro prodotto in\u00a0modo semplice e veloce. Una volta terminata la configurazione del prodotto, si passer\u00e0 alla fase successiva, quella del prezzo. Quest&#8217;ultima fase sar\u00e0 totalmente automatizzata e semplificata da <strong>Elfsquad<\/strong> che vi fornir\u00e0 preventivi precisi e accurati.<\/p>\n<h2>ELFSQUAD &#8211; TUTORIAL<\/h2>\n<p>Vediamo come funziona questo <strong>software CPQ<\/strong>:<\/p>\n<div id=\"fluid-wrapper-counter-1\" class=\"g1-fluid-wrapper \" style=\"width:686px;\">\n<div style=\"padding-bottom:56.268221574344%;\"><iframe loading=\"lazy\" title=\"The art of scalable dealer management | Elfsquad CPQ Suborganizations\" width=\"686\" height=\"386\" src=\"https:\/\/www.youtube.com\/embed\/FZ4K8jgENNE?feature=oembed&amp;wmode=transparent&amp;autohide=1&amp;autoplay=0&amp;disablekb=0&amp;fs=1&amp;loop=0&amp;enablejsapi=1&amp;rel=0&amp;controls=2&amp;showinfo=0&amp;wmode=transparent&amp;autohide=2&amp;autoplay=0&amp;disablekb=0&amp;fs=1&amp;loop=0&amp;enablejsapi=1&amp;rel=0&amp;controls=2&amp;showinfo=1\" frameborder=\"0\" allow=\"accelerometer; autoplay; clipboard-write; encrypted-media; gyroscope; picture-in-picture\" allowfullscreen><\/iframe><\/div>\n<\/div>\n<h3>ELFSQUAD &#8211; CARATTERISTICHE<\/h3>\n<ul>\n<li><strong>Aumento delle vendite<\/strong>: ottieni pi\u00f9 ordini creando preventivi impeccabili e convincenti con un solo clic<\/li>\n<li><strong>Garanzia di conoscenza<\/strong>: il vostro miglior venditore probabilmente non \u00e8 il vostro miglior ingegnere. E viceversa. Con CPQ, la conoscenza di entrambe le parti \u00e8 assicurata. Le logiche ingegneristiche dei vostri prodotti sono memorizzate e prezzi, sconti e supporto commerciale sono direttamente disponibili<\/li>\n<li><strong>Efficienza<\/strong>: i preventivi che richiedono molto tempo si riducono a pochi minuti, anche per i prodotti pi\u00f9 complessi. Sia i vostri venditori interni che quelli su strada possono di nuovo concentrarsi sulla vendita<\/li>\n<li><strong>Riduzione dei costi e degli errori<\/strong>: la sensibilit\u00e0 agli errori tra le vendite e l&#8217;ingegneria \u00e8 completamente eliminata. I venditori presentano ai clienti una storia visiva che \u00e8 corretta al 100%. Il tempo perso per la preparazione del lavoro viene dimezzato<\/li>\n<li><strong>Soluzione CPQ leader su piattaforme low-code<\/strong>: \u00e8 una soluzione CPQ che si trova su piattaforme low-code. Questo \u00e8 il modo in cui si integra in modo accessibile con pi\u00f9 di 3000 applicazioni aziendali<\/li>\n<li><strong>Basato su Archer AI<\/strong>: \u00e8 in grado di fare una media di 30.000 calcoli in 150 millisecondi, ti aiuta a fare i modelli pi\u00f9 efficienti durante l&#8217;implementazione e fa suggerimenti mirati per l&#8217;ottimizzazione delle tue formule.<\/li>\n<\/ul>\n<h4>LE RECENSIONI DEGLI UTENTI<\/h4>\n<p><strong>Sven P. &#8220;Creare preventivi velocemente&#8221;<\/strong><br \/>\nPRO: il configuratore \u00e8 uno strumento potente per creare rapidamente i preventivi.<br \/>\nCONTRO: una difficolt\u00e0 potrebbe essere l&#8217;integrazione con il sistema ERP.<\/p>\n<p><strong>Ane B. &#8220;Recensione di Elfsquad&#8221;<\/strong><br \/>\nCOMMENTI: la mia esperienza \u00e8 molto positiva. Ci ha dato molta efficienza.<br \/>\nPRO: la facilit\u00e0 di integrazione dei nostri prodotti in Elfsquad<br \/>\nCONTRO: all&#8217;inizio c&#8217;erano alcuni bug. Ma sono stati risolti rapidamente.<\/p>\n<p><strong>Laurens V. &#8220;Elfsquad, un meraviglioso club giovane e dinamico con un prodotto meraviglioso!&#8221;<\/strong><br \/>\nCOMMENTI: supporto facilmente accessibile, molto disponibile e molto competente.<br \/>\nPRO: flessibilit\u00e0 del prodotto nonostante la complessit\u00e0 delle funzionalit\u00e0.<\/p>\n","protected":false},"excerpt":{"rendered":"<p>Elfsquad \u00e8 un software CPQ che serve per configurare, prezzare e quotare nel modo giusto, eliminando tutti gli errori del processo di pre-produzione e preventivazione. Con questo programma avrete modo di andare incontro alle esigenze di ogni cliente, il quale potr\u00e0 configurare e assemblare in 3D il vostro prodotto in\u00a0modo semplice e veloce.Elfsquad \u00e8 un software CPQ che serve per configurare, prezzare e quotare nel modo giusto, eliminando tutti gli errori del processo di pre-produzione e preventivazione. Con questo programma avrete modo di andare incontro alle esigenze di ogni cliente, il quale potr\u00e0 configurare e assemblare in 3D il vostro prodotto in\u00a0modo semplice e veloce.<\/p>\n","protected":false},"author":17,"featured_media":53584,"parent":52783,"menu_order":0,"comment_status":"open","ping_status":"closed","template":"g1_template_page_review_new.php","meta":{"_acf_changed":false,"cwp_meta_box_check":"No","cwp_rev_product_name":"","cwp_rev_product_image":"","wppr_links":[],"cwp_rev_price":"","wppr_options":[],"wppr_pros":[],"wppr_cons":[],"_monsterinsights_skip_tracking":false,"_monsterinsights_sitenote_active":false,"_monsterinsights_sitenote_note":"","_monsterinsights_sitenote_category":0,"footnotes":""},"categories":[11869],"tags":[11891,11993,11871,11877,11876,11926,11872,11873],"features":[],"class_list":{"0":"post-53582","1":"page","2":"type-page","3":"status-publish","4":"has-post-thumbnail","6":"category-programmi-preventivi-cat","7":"tag-cpq","8":"tag-creazione-di-preventivi","9":"tag-preventivi","10":"tag-programma-per-fare-preventivi","11":"tag-sistema-per-fare-preventivi","12":"tag-software-cpq","13":"tag-software-per-fare-preventivi","14":"tag-soluzione-per-fare-preventivi"},"wppr_data":{"cwp_meta_box_check":"No"},"acf":[],"yoast_head":"<!-- This site is optimized with the Yoast SEO plugin v27.4 - https:\/\/yoast.com\/product\/yoast-seo-wordpress\/ -->\n<title>Elfsquad: recensione software CPQ - Accurate Reviews<\/title>\n<meta name=\"description\" content=\"Elfsquad: software CPQ che serve per configurare, prezzare e quotare nel modo giusto, eliminando gli errori del processo di preventivazione.\" \/>\n<meta name=\"robots\" content=\"index, follow, max-snippet:-1, max-image-preview:large, max-video-preview:-1\" \/>\n<link rel=\"canonical\" href=\"https:\/\/www.accuratereviews.com\/it\/programmi-preventivi\/elfsquad-recensione\/\" \/>\n<meta property=\"og:locale\" content=\"it_IT\" \/>\n<meta property=\"og:type\" content=\"article\" \/>\n<meta property=\"og:title\" content=\"Elfsquad: recensione software CPQ - Accurate Reviews\" \/>\n<meta property=\"og:description\" content=\"Elfsquad: software CPQ che serve per configurare, prezzare e quotare nel modo giusto, eliminando gli errori del processo di preventivazione.\" \/>\n<meta property=\"og:url\" content=\"https:\/\/www.accuratereviews.com\/it\/programmi-preventivi\/elfsquad-recensione\/\" \/>\n<meta property=\"og:site_name\" content=\"Accurate Reviews\" \/>\n<meta property=\"og:image\" content=\"https:\/\/www.accuratereviews.com\/wp-content\/uploads\/2022\/02\/Unknown.png\" \/>\n\t<meta property=\"og:image:width\" content=\"299\" \/>\n\t<meta property=\"og:image:height\" content=\"168\" \/>\n\t<meta property=\"og:image:type\" content=\"image\/png\" \/>\n<meta name=\"twitter:card\" content=\"summary_large_image\" \/>\n<meta name=\"twitter:label1\" content=\"Tempo di lettura stimato\" \/>\n\t<meta name=\"twitter:data1\" content=\"3 minuti\" \/>\n<script type=\"application\/ld+json\" class=\"yoast-schema-graph\">{\"@context\":\"https:\\\/\\\/schema.org\",\"@graph\":[{\"@type\":\"WebPage\",\"@id\":\"https:\\\/\\\/www.accuratereviews.com\\\/it\\\/programmi-preventivi\\\/elfsquad-recensione\\\/\",\"url\":\"https:\\\/\\\/www.accuratereviews.com\\\/it\\\/programmi-preventivi\\\/elfsquad-recensione\\\/\",\"name\":\"Elfsquad: recensione software CPQ - Accurate Reviews\",\"isPartOf\":{\"@id\":\"https:\\\/\\\/www.accuratereviews.com\\\/it\\\/#website\"},\"primaryImageOfPage\":{\"@id\":\"https:\\\/\\\/www.accuratereviews.com\\\/it\\\/programmi-preventivi\\\/elfsquad-recensione\\\/#primaryimage\"},\"image\":{\"@id\":\"https:\\\/\\\/www.accuratereviews.com\\\/it\\\/programmi-preventivi\\\/elfsquad-recensione\\\/#primaryimage\"},\"thumbnailUrl\":\"https:\\\/\\\/www.accuratereviews.com\\\/wp-content\\\/uploads\\\/2022\\\/02\\\/Unknown.png\",\"datePublished\":\"2022-02-10T12:28:07+00:00\",\"description\":\"Elfsquad: software CPQ che serve per configurare, prezzare e quotare nel modo giusto, eliminando gli errori del processo di preventivazione.\",\"breadcrumb\":{\"@id\":\"https:\\\/\\\/www.accuratereviews.com\\\/it\\\/programmi-preventivi\\\/elfsquad-recensione\\\/#breadcrumb\"},\"inLanguage\":\"it-IT\",\"potentialAction\":[{\"@type\":\"ReadAction\",\"target\":[\"https:\\\/\\\/www.accuratereviews.com\\\/it\\\/programmi-preventivi\\\/elfsquad-recensione\\\/\"]}]},{\"@type\":\"ImageObject\",\"inLanguage\":\"it-IT\",\"@id\":\"https:\\\/\\\/www.accuratereviews.com\\\/it\\\/programmi-preventivi\\\/elfsquad-recensione\\\/#primaryimage\",\"url\":\"https:\\\/\\\/www.accuratereviews.com\\\/wp-content\\\/uploads\\\/2022\\\/02\\\/Unknown.png\",\"contentUrl\":\"https:\\\/\\\/www.accuratereviews.com\\\/wp-content\\\/uploads\\\/2022\\\/02\\\/Unknown.png\",\"width\":299,\"height\":168},{\"@type\":\"BreadcrumbList\",\"@id\":\"https:\\\/\\\/www.accuratereviews.com\\\/it\\\/programmi-preventivi\\\/elfsquad-recensione\\\/#breadcrumb\",\"itemListElement\":[{\"@type\":\"ListItem\",\"position\":1,\"name\":\"Home\",\"item\":\"https:\\\/\\\/www.accuratereviews.com\\\/it\\\/\"},{\"@type\":\"ListItem\",\"position\":2,\"name\":\"Programmi per fare preventivi\",\"item\":\"https:\\\/\\\/www.accuratereviews.com\\\/it\\\/programmi-preventivi\\\/\"},{\"@type\":\"ListItem\",\"position\":3,\"name\":\"Elfsquad\"}]},{\"@type\":\"WebSite\",\"@id\":\"https:\\\/\\\/www.accuratereviews.com\\\/it\\\/#website\",\"url\":\"https:\\\/\\\/www.accuratereviews.com\\\/it\\\/\",\"name\":\"Accurate Reviews\",\"description\":\"\",\"potentialAction\":[{\"@type\":\"SearchAction\",\"target\":{\"@type\":\"EntryPoint\",\"urlTemplate\":\"https:\\\/\\\/www.accuratereviews.com\\\/it\\\/?s={search_term_string}\"},\"query-input\":{\"@type\":\"PropertyValueSpecification\",\"valueRequired\":true,\"valueName\":\"search_term_string\"}}],\"inLanguage\":\"it-IT\"}]}<\/script>\n<!-- \/ Yoast SEO plugin. -->","yoast_head_json":{"title":"Elfsquad: recensione software CPQ - Accurate Reviews","description":"Elfsquad: software CPQ che serve per configurare, prezzare e quotare nel modo giusto, eliminando gli errori del processo di preventivazione.","robots":{"index":"index","follow":"follow","max-snippet":"max-snippet:-1","max-image-preview":"max-image-preview:large","max-video-preview":"max-video-preview:-1"},"canonical":"https:\/\/www.accuratereviews.com\/it\/programmi-preventivi\/elfsquad-recensione\/","og_locale":"it_IT","og_type":"article","og_title":"Elfsquad: recensione software CPQ - Accurate Reviews","og_description":"Elfsquad: software CPQ che serve per configurare, prezzare e quotare nel modo giusto, eliminando gli errori del processo di preventivazione.","og_url":"https:\/\/www.accuratereviews.com\/it\/programmi-preventivi\/elfsquad-recensione\/","og_site_name":"Accurate Reviews","og_image":[{"width":299,"height":168,"url":"https:\/\/www.accuratereviews.com\/wp-content\/uploads\/2022\/02\/Unknown.png","type":"image\/png"}],"twitter_card":"summary_large_image","twitter_misc":{"Tempo di lettura stimato":"3 minuti"},"schema":{"@context":"https:\/\/schema.org","@graph":[{"@type":"WebPage","@id":"https:\/\/www.accuratereviews.com\/it\/programmi-preventivi\/elfsquad-recensione\/","url":"https:\/\/www.accuratereviews.com\/it\/programmi-preventivi\/elfsquad-recensione\/","name":"Elfsquad: recensione software CPQ - Accurate Reviews","isPartOf":{"@id":"https:\/\/www.accuratereviews.com\/it\/#website"},"primaryImageOfPage":{"@id":"https:\/\/www.accuratereviews.com\/it\/programmi-preventivi\/elfsquad-recensione\/#primaryimage"},"image":{"@id":"https:\/\/www.accuratereviews.com\/it\/programmi-preventivi\/elfsquad-recensione\/#primaryimage"},"thumbnailUrl":"https:\/\/www.accuratereviews.com\/wp-content\/uploads\/2022\/02\/Unknown.png","datePublished":"2022-02-10T12:28:07+00:00","description":"Elfsquad: software CPQ che serve per configurare, prezzare e quotare nel modo giusto, eliminando gli errori del processo di preventivazione.","breadcrumb":{"@id":"https:\/\/www.accuratereviews.com\/it\/programmi-preventivi\/elfsquad-recensione\/#breadcrumb"},"inLanguage":"it-IT","potentialAction":[{"@type":"ReadAction","target":["https:\/\/www.accuratereviews.com\/it\/programmi-preventivi\/elfsquad-recensione\/"]}]},{"@type":"ImageObject","inLanguage":"it-IT","@id":"https:\/\/www.accuratereviews.com\/it\/programmi-preventivi\/elfsquad-recensione\/#primaryimage","url":"https:\/\/www.accuratereviews.com\/wp-content\/uploads\/2022\/02\/Unknown.png","contentUrl":"https:\/\/www.accuratereviews.com\/wp-content\/uploads\/2022\/02\/Unknown.png","width":299,"height":168},{"@type":"BreadcrumbList","@id":"https:\/\/www.accuratereviews.com\/it\/programmi-preventivi\/elfsquad-recensione\/#breadcrumb","itemListElement":[{"@type":"ListItem","position":1,"name":"Home","item":"https:\/\/www.accuratereviews.com\/it\/"},{"@type":"ListItem","position":2,"name":"Programmi per fare preventivi","item":"https:\/\/www.accuratereviews.com\/it\/programmi-preventivi\/"},{"@type":"ListItem","position":3,"name":"Elfsquad"}]},{"@type":"WebSite","@id":"https:\/\/www.accuratereviews.com\/it\/#website","url":"https:\/\/www.accuratereviews.com\/it\/","name":"Accurate Reviews","description":"","potentialAction":[{"@type":"SearchAction","target":{"@type":"EntryPoint","urlTemplate":"https:\/\/www.accuratereviews.com\/it\/?s={search_term_string}"},"query-input":{"@type":"PropertyValueSpecification","valueRequired":true,"valueName":"search_term_string"}}],"inLanguage":"it-IT"}]}},"_links":{"self":[{"href":"https:\/\/www.accuratereviews.com\/it\/wp-json\/wp\/v2\/pages\/53582","targetHints":{"allow":["GET"]}}],"collection":[{"href":"https:\/\/www.accuratereviews.com\/it\/wp-json\/wp\/v2\/pages"}],"about":[{"href":"https:\/\/www.accuratereviews.com\/it\/wp-json\/wp\/v2\/types\/page"}],"author":[{"embeddable":true,"href":"https:\/\/www.accuratereviews.com\/it\/wp-json\/wp\/v2\/users\/17"}],"replies":[{"embeddable":true,"href":"https:\/\/www.accuratereviews.com\/it\/wp-json\/wp\/v2\/comments?post=53582"}],"version-history":[{"count":6,"href":"https:\/\/www.accuratereviews.com\/it\/wp-json\/wp\/v2\/pages\/53582\/revisions"}],"predecessor-version":[{"id":53610,"href":"https:\/\/www.accuratereviews.com\/it\/wp-json\/wp\/v2\/pages\/53582\/revisions\/53610"}],"up":[{"embeddable":true,"href":"https:\/\/www.accuratereviews.com\/it\/wp-json\/wp\/v2\/pages\/52783"}],"wp:featuredmedia":[{"embeddable":true,"href":"https:\/\/www.accuratereviews.com\/it\/wp-json\/wp\/v2\/media\/53584"}],"wp:attachment":[{"href":"https:\/\/www.accuratereviews.com\/it\/wp-json\/wp\/v2\/media?parent=53582"}],"wp:term":[{"taxonomy":"category","embeddable":true,"href":"https:\/\/www.accuratereviews.com\/it\/wp-json\/wp\/v2\/categories?post=53582"},{"taxonomy":"post_tag","embeddable":true,"href":"https:\/\/www.accuratereviews.com\/it\/wp-json\/wp\/v2\/tags?post=53582"},{"taxonomy":"features","embeddable":true,"href":"https:\/\/www.accuratereviews.com\/it\/wp-json\/wp\/v2\/features?post=53582"}],"curies":[{"name":"wp","href":"https:\/\/api.w.org\/{rel}","templated":true}]}}