{"id":53670,"date":"2022-02-14T15:00:31","date_gmt":"2022-02-14T15:00:31","guid":{"rendered":"https:\/\/www.accuratereviews.com\/?page_id=53670"},"modified":"2022-02-14T15:02:25","modified_gmt":"2022-02-14T15:02:25","slug":"segment-recensione","status":"publish","type":"page","link":"https:\/\/www.accuratereviews.com\/it\/software-gestione-accurata-dati\/segment-recensione\/","title":{"rendered":"Segment"},"content":{"rendered":"<p><strong>Segment<\/strong> \u00e8 una <strong>soluzione di analisi e gestione dei dati<\/strong> dei clienti che ti aiuta a dare un senso alle informazioni dei clienti provenienti da pi\u00f9 origini. L&#8217;app si integra con centinaia di altre app, estraendo i dati da queste app in un&#8217;unica piattaforma. Estrae anche i dati dai tuoi siti web e da dispositivi come cellulari, tablet, browser, smartwatch, iBeacon, registri dei punti vendita e TV.\u00a0Puoi accedere alle notizie in Segment e automatizzarli in un database SQL schematizzato utilizzando Amazon Redshift per analizzare come viene utilizzato il tuo prodotto, identificare le tendenze, comprendere le entrate e valutare le prestazioni della campagna. <strong>Segment<\/strong> archivia una copia dei tuoi dati grezzi in modo che tu possa accedervi in \u200b\u200bqualsiasi momento.<\/p>\n<h2>SEGMENT &#8211; TUTORIAL<\/h2>\n<p>Accelera la crescita con una <strong>piattaforma di dati dei clienti<\/strong> e rendi disponibili dati validi ai membri del tuo team:<\/p>\n<div id=\"fluid-wrapper-counter-1\" class=\"g1-fluid-wrapper \" style=\"width:686px;\">\n<div style=\"padding-bottom:56.268221574344%;\"><iframe loading=\"lazy\" title=\"Segment Demo | Sept 2020\" width=\"686\" height=\"386\" src=\"https:\/\/www.youtube.com\/embed\/2fErE_8hFEc?feature=oembed&amp;wmode=transparent&amp;autohide=1&amp;autoplay=0&amp;disablekb=0&amp;fs=1&amp;loop=0&amp;enablejsapi=1&amp;rel=0&amp;controls=2&amp;showinfo=0&amp;wmode=transparent&amp;autohide=2&amp;autoplay=0&amp;disablekb=0&amp;fs=1&amp;loop=0&amp;enablejsapi=1&amp;rel=0&amp;controls=2&amp;showinfo=1\" frameborder=\"0\" allow=\"accelerometer; autoplay; clipboard-write; encrypted-media; gyroscope; picture-in-picture\" allowfullscreen><\/iframe><\/div>\n<\/div>\n<h3>SEGMENT &#8211; CARATTERISTICHE<\/h3>\n<ul>\n<li><strong>Personalizzazione dell&#8217;email<\/strong>: personalizza le email con consigli basati sul comportamento degli utenti<\/li>\n<li><strong>Limiti di frequenza<\/strong>: comprendi il numero di email che raggiungono un cliente ogni giorno e limitalo per evitare cancellazioni<\/li>\n<li><strong>Abbandono del carrello:<\/strong> crea campagne personalizzate ogni volta che un utente esce dalla canalizzazione<\/li>\n<li><strong>Agisci in fretta<\/strong>: invia un&#8217;email o mostra un annuncio entro pochi minuti dall&#8217;esecuzione di un&#8217;azione da parte dell&#8217;utente<\/li>\n<li><strong>Messaggistica multicanale<\/strong>: invia un messaggio coerente su tutti i canali: email, annunci su Facebook e Google e all&#8217;interno del prodotto<\/li>\n<li><strong>Dati coerenti<\/strong>: utilizza gli stessi segmenti di pubblico e dati in tutti i tuoi strumenti per fornire un messaggio coerente su tutti i canali<\/li>\n<li><strong>Allinea i dati tra i team<\/strong>: allinea il tuo team di marketing, dati e ingegneria con un unico dizionario di dati condiviso<\/li>\n<li><strong>Rispettare la privacy dell&#8217;utente finale<\/strong>: assicurati che tutte le tue destinazioni rispettino la tua valutazione della privacy in tempo reale. Accelera la conformit\u00e0 alle normative sulla privacy come GDPR, CCPA e altro<\/li>\n<li><strong>Integrare<\/strong>: l&#8217;integrazione di un nuovo strumento di analisi \u00e8 facile e richiede pochi minuti<\/li>\n<li><strong>Scalabile<\/strong>: lascia che la soluzione gestisca il ridimensionamento automatico e rapido per te in modo che tu possa concentrarti sulla tua attivit\u00e0, non sulla pianificazione della capacit\u00e0<\/li>\n<li><strong>Veloce<\/strong>: sono sufficienti solo dieci righe di codice per acquisire nuovi punti dati, arricchire le informazioni in nuovi modi ed eseguire campagne avanzate su tutti gli strumenti.<\/li>\n<\/ul>\n<h4>LE RECENSIONI DEGLI UTENTI<\/h4>\n<p><strong>Giovanni G.&#8221;Utile strumento di marketing&#8221;<\/strong><\/p>\n<p><strong><span class=\"font-weight-bold\">Commenti: <\/span><\/strong>fantastico, aiuta molto nella raccolta delle informazioni sui clienti<\/p>\n<p class=\"font-weight-bold mb-2\"><strong>Pro<\/strong>:\u00a0Segment \u00e8 un&#8217;ottima piattaforma che consente molte funzioni diverse nella raccolta dei dati dei clienti. La cosa migliore dal mio punto di vista \u00e8 che molti strumenti di marketing sono pronti per l&#8217;uso, devi solo collegarli a Segment e tutti i dati scorreranno.<\/p>\n<p class=\"font-weight-bold mb-2\"><strong>Contro<\/strong>:\u00a0se il tuo strumento di marketing non \u00e8 nell&#8217;elenco devi codificare: non \u00e8 una brutta cosa, solo tu hai bisogno di uno sviluppatore<\/p>\n<p><strong>Christopher S.&#8221;Ottimo software per rimuovere il peso di innumerevoli integrazioni API&#8221;<\/strong><\/p>\n<p><span class=\"font-weight-bold\"><strong>Commenti<\/strong>: <\/span>Risparmiato un sacco di tempo di sviluppo<\/p>\n<p class=\"font-weight-bold mb-2\"><strong>Pro<\/strong>:\u00a0La gestione di una serie di integrazioni API elimina l&#8217;onere dei nostri team. Questo ci fa risparmiare un sacco di costi di sviluppo in tempo e rende molto facile controllare nuovi strumenti per i nostri stack di analisi e marketing.<\/p>\n<p class=\"font-weight-bold mb-2\"><strong>Contro<\/strong>:\u00a0Come ogni livello di astrazione, non tutto \u00e8 plug-and-play. Quando inizi a utilizzare pi\u00f9 integrazioni, questo diventa pi\u00f9 complicato di per s\u00e9 e talvolta devi regredire a un&#8217;integrazione API standard.<\/p>\n<p><strong>Rodrigo de castro R.&#8221;Grande aggiunta al nostro stack di marketing&#8221;<\/strong><\/p>\n<p class=\"font-weight-bold mb-2\"><strong>Pro<\/strong>:\u00a0La facilit\u00e0 d&#8217;uso \u00e8 uno dei maggiori vantaggi. C&#8217;\u00e8 una lunga lista di possibili destinazioni ed \u00e8 possibile attivarle\/disattivarle molto facilmente, senza alcuno sviluppo.<\/p>\n<p class=\"font-weight-bold mb-2\"><strong>Contro<\/strong>:\u00a0Il modello di prezzo (MTU) quando si hanno molti utenti anonimi pu\u00f2 essere un problema.<\/p>\n","protected":false},"excerpt":{"rendered":"<p>Segment \u00e8 una soluzione di analisi e gestione dei dati dei clienti che ti aiuta a dare un senso alle informazioni dei clienti provenienti da pi\u00f9 origini. L&#8217;app si integra con centinaia di altre app, estraendo i dati da queste app in un&#8217;unica piattaforma. Estrae anche i dati dai tuoi siti web e da dispositivi come cellulari, tablet, browser, smartwatch, iBeacon, registri dei punti vendita e TV.<\/p>\n","protected":false},"author":16,"featured_media":53672,"parent":53694,"menu_order":0,"comment_status":"open","ping_status":"closed","template":"g1_template_page_review_new.php","meta":{"_acf_changed":false,"cwp_meta_box_check":"No","cwp_rev_product_name":"","cwp_rev_product_image":"","wppr_links":[],"cwp_rev_price":"","wppr_options":[],"wppr_pros":[],"wppr_cons":[],"_monsterinsights_skip_tracking":false,"_monsterinsights_sitenote_active":false,"_monsterinsights_sitenote_note":"","_monsterinsights_sitenote_category":0,"footnotes":""},"categories":[12005],"tags":[12015,12014,12011,12012,12013],"features":[],"class_list":{"0":"post-53670","1":"page","2":"type-page","3":"status-publish","4":"has-post-thumbnail","6":"category-software-gestione-accurata-dati-cat","7":"tag-piattaforma-per-gestire-dati-accurati","8":"tag-programma-per-gestire-dati-accurati","9":"tag-segment","10":"tag-software-per-gestire-dati-accurati","11":"tag-soluzione-per-gestire-dati-accurati"},"wppr_data":{"cwp_meta_box_check":"No"},"acf":[],"yoast_head":"<!-- This site is optimized with the Yoast SEO plugin v27.4 - https:\/\/yoast.com\/product\/yoast-seo-wordpress\/ -->\n<title>Segment: recensione software per gestire dati accurati - Accurate Reviews<\/title>\n<meta name=\"description\" content=\"Segment: recensione soluzione di analisi e gestione dei dati dei clienti che ti aiuta a dare un senso alle informazioni provenienti da pi\u00f9 origini.\" \/>\n<meta name=\"robots\" content=\"index, follow, max-snippet:-1, max-image-preview:large, max-video-preview:-1\" \/>\n<link rel=\"canonical\" href=\"https:\/\/www.accuratereviews.com\/it\/software-gestione-accurata-dati\/segment-recensione\/\" \/>\n<meta property=\"og:locale\" content=\"it_IT\" \/>\n<meta property=\"og:type\" content=\"article\" \/>\n<meta property=\"og:title\" content=\"Segment: recensione software per gestire dati accurati - Accurate Reviews\" \/>\n<meta property=\"og:description\" content=\"Segment: recensione soluzione di analisi e gestione dei dati dei clienti che ti aiuta a dare un senso alle informazioni provenienti da pi\u00f9 origini.\" \/>\n<meta property=\"og:url\" content=\"https:\/\/www.accuratereviews.com\/it\/software-gestione-accurata-dati\/segment-recensione\/\" \/>\n<meta property=\"og:site_name\" content=\"Accurate Reviews\" \/>\n<meta property=\"article:modified_time\" content=\"2022-02-14T15:02:25+00:00\" \/>\n<meta property=\"og:image\" content=\"https:\/\/www.accuratereviews.com\/wp-content\/uploads\/2022\/02\/segment.jpeg\" \/>\n\t<meta property=\"og:image:width\" content=\"866\" \/>\n\t<meta property=\"og:image:height\" content=\"650\" \/>\n\t<meta property=\"og:image:type\" content=\"image\/jpeg\" \/>\n<meta name=\"twitter:card\" content=\"summary_large_image\" \/>\n<meta name=\"twitter:label1\" content=\"Tempo di lettura stimato\" \/>\n\t<meta name=\"twitter:data1\" content=\"4 minuti\" \/>\n<script type=\"application\/ld+json\" class=\"yoast-schema-graph\">{\"@context\":\"https:\\\/\\\/schema.org\",\"@graph\":[{\"@type\":\"WebPage\",\"@id\":\"https:\\\/\\\/www.accuratereviews.com\\\/it\\\/software-gestione-accurata-dati\\\/segment-recensione\\\/\",\"url\":\"https:\\\/\\\/www.accuratereviews.com\\\/it\\\/software-gestione-accurata-dati\\\/segment-recensione\\\/\",\"name\":\"Segment: recensione software per gestire dati accurati - Accurate Reviews\",\"isPartOf\":{\"@id\":\"https:\\\/\\\/www.accuratereviews.com\\\/it\\\/#website\"},\"primaryImageOfPage\":{\"@id\":\"https:\\\/\\\/www.accuratereviews.com\\\/it\\\/software-gestione-accurata-dati\\\/segment-recensione\\\/#primaryimage\"},\"image\":{\"@id\":\"https:\\\/\\\/www.accuratereviews.com\\\/it\\\/software-gestione-accurata-dati\\\/segment-recensione\\\/#primaryimage\"},\"thumbnailUrl\":\"https:\\\/\\\/www.accuratereviews.com\\\/wp-content\\\/uploads\\\/2022\\\/02\\\/segment.jpeg\",\"datePublished\":\"2022-02-14T15:00:31+00:00\",\"dateModified\":\"2022-02-14T15:02:25+00:00\",\"description\":\"Segment: recensione soluzione di analisi e gestione dei dati dei clienti che ti aiuta a dare un senso alle informazioni provenienti da pi\u00f9 origini.\",\"breadcrumb\":{\"@id\":\"https:\\\/\\\/www.accuratereviews.com\\\/it\\\/software-gestione-accurata-dati\\\/segment-recensione\\\/#breadcrumb\"},\"inLanguage\":\"it-IT\",\"potentialAction\":[{\"@type\":\"ReadAction\",\"target\":[\"https:\\\/\\\/www.accuratereviews.com\\\/it\\\/software-gestione-accurata-dati\\\/segment-recensione\\\/\"]}]},{\"@type\":\"ImageObject\",\"inLanguage\":\"it-IT\",\"@id\":\"https:\\\/\\\/www.accuratereviews.com\\\/it\\\/software-gestione-accurata-dati\\\/segment-recensione\\\/#primaryimage\",\"url\":\"https:\\\/\\\/www.accuratereviews.com\\\/wp-content\\\/uploads\\\/2022\\\/02\\\/segment.jpeg\",\"contentUrl\":\"https:\\\/\\\/www.accuratereviews.com\\\/wp-content\\\/uploads\\\/2022\\\/02\\\/segment.jpeg\",\"width\":866,\"height\":650},{\"@type\":\"BreadcrumbList\",\"@id\":\"https:\\\/\\\/www.accuratereviews.com\\\/it\\\/software-gestione-accurata-dati\\\/segment-recensione\\\/#breadcrumb\",\"itemListElement\":[{\"@type\":\"ListItem\",\"position\":1,\"name\":\"Home\",\"item\":\"https:\\\/\\\/www.accuratereviews.com\\\/it\\\/\"},{\"@type\":\"ListItem\",\"position\":2,\"name\":\"Software per la gestione accurata dei dati\",\"item\":\"https:\\\/\\\/www.accuratereviews.com\\\/it\\\/software-gestione-accurata-dati\\\/\"},{\"@type\":\"ListItem\",\"position\":3,\"name\":\"Segment\"}]},{\"@type\":\"WebSite\",\"@id\":\"https:\\\/\\\/www.accuratereviews.com\\\/it\\\/#website\",\"url\":\"https:\\\/\\\/www.accuratereviews.com\\\/it\\\/\",\"name\":\"Accurate Reviews\",\"description\":\"\",\"potentialAction\":[{\"@type\":\"SearchAction\",\"target\":{\"@type\":\"EntryPoint\",\"urlTemplate\":\"https:\\\/\\\/www.accuratereviews.com\\\/it\\\/?s={search_term_string}\"},\"query-input\":{\"@type\":\"PropertyValueSpecification\",\"valueRequired\":true,\"valueName\":\"search_term_string\"}}],\"inLanguage\":\"it-IT\"}]}<\/script>\n<!-- \/ Yoast SEO plugin. -->","yoast_head_json":{"title":"Segment: recensione software per gestire dati accurati - Accurate Reviews","description":"Segment: recensione soluzione di analisi e gestione dei dati dei clienti che ti aiuta a dare un senso alle informazioni provenienti da pi\u00f9 origini.","robots":{"index":"index","follow":"follow","max-snippet":"max-snippet:-1","max-image-preview":"max-image-preview:large","max-video-preview":"max-video-preview:-1"},"canonical":"https:\/\/www.accuratereviews.com\/it\/software-gestione-accurata-dati\/segment-recensione\/","og_locale":"it_IT","og_type":"article","og_title":"Segment: recensione software per gestire dati accurati - Accurate Reviews","og_description":"Segment: recensione soluzione di analisi e gestione dei dati dei clienti che ti aiuta a dare un senso alle informazioni provenienti da pi\u00f9 origini.","og_url":"https:\/\/www.accuratereviews.com\/it\/software-gestione-accurata-dati\/segment-recensione\/","og_site_name":"Accurate Reviews","article_modified_time":"2022-02-14T15:02:25+00:00","og_image":[{"width":866,"height":650,"url":"https:\/\/www.accuratereviews.com\/wp-content\/uploads\/2022\/02\/segment.jpeg","type":"image\/jpeg"}],"twitter_card":"summary_large_image","twitter_misc":{"Tempo di lettura stimato":"4 minuti"},"schema":{"@context":"https:\/\/schema.org","@graph":[{"@type":"WebPage","@id":"https:\/\/www.accuratereviews.com\/it\/software-gestione-accurata-dati\/segment-recensione\/","url":"https:\/\/www.accuratereviews.com\/it\/software-gestione-accurata-dati\/segment-recensione\/","name":"Segment: recensione software per gestire dati accurati - Accurate Reviews","isPartOf":{"@id":"https:\/\/www.accuratereviews.com\/it\/#website"},"primaryImageOfPage":{"@id":"https:\/\/www.accuratereviews.com\/it\/software-gestione-accurata-dati\/segment-recensione\/#primaryimage"},"image":{"@id":"https:\/\/www.accuratereviews.com\/it\/software-gestione-accurata-dati\/segment-recensione\/#primaryimage"},"thumbnailUrl":"https:\/\/www.accuratereviews.com\/wp-content\/uploads\/2022\/02\/segment.jpeg","datePublished":"2022-02-14T15:00:31+00:00","dateModified":"2022-02-14T15:02:25+00:00","description":"Segment: recensione soluzione di analisi e gestione dei dati dei clienti che ti aiuta a dare un senso alle informazioni provenienti da pi\u00f9 origini.","breadcrumb":{"@id":"https:\/\/www.accuratereviews.com\/it\/software-gestione-accurata-dati\/segment-recensione\/#breadcrumb"},"inLanguage":"it-IT","potentialAction":[{"@type":"ReadAction","target":["https:\/\/www.accuratereviews.com\/it\/software-gestione-accurata-dati\/segment-recensione\/"]}]},{"@type":"ImageObject","inLanguage":"it-IT","@id":"https:\/\/www.accuratereviews.com\/it\/software-gestione-accurata-dati\/segment-recensione\/#primaryimage","url":"https:\/\/www.accuratereviews.com\/wp-content\/uploads\/2022\/02\/segment.jpeg","contentUrl":"https:\/\/www.accuratereviews.com\/wp-content\/uploads\/2022\/02\/segment.jpeg","width":866,"height":650},{"@type":"BreadcrumbList","@id":"https:\/\/www.accuratereviews.com\/it\/software-gestione-accurata-dati\/segment-recensione\/#breadcrumb","itemListElement":[{"@type":"ListItem","position":1,"name":"Home","item":"https:\/\/www.accuratereviews.com\/it\/"},{"@type":"ListItem","position":2,"name":"Software per la gestione accurata dei dati","item":"https:\/\/www.accuratereviews.com\/it\/software-gestione-accurata-dati\/"},{"@type":"ListItem","position":3,"name":"Segment"}]},{"@type":"WebSite","@id":"https:\/\/www.accuratereviews.com\/it\/#website","url":"https:\/\/www.accuratereviews.com\/it\/","name":"Accurate Reviews","description":"","potentialAction":[{"@type":"SearchAction","target":{"@type":"EntryPoint","urlTemplate":"https:\/\/www.accuratereviews.com\/it\/?s={search_term_string}"},"query-input":{"@type":"PropertyValueSpecification","valueRequired":true,"valueName":"search_term_string"}}],"inLanguage":"it-IT"}]}},"_links":{"self":[{"href":"https:\/\/www.accuratereviews.com\/it\/wp-json\/wp\/v2\/pages\/53670","targetHints":{"allow":["GET"]}}],"collection":[{"href":"https:\/\/www.accuratereviews.com\/it\/wp-json\/wp\/v2\/pages"}],"about":[{"href":"https:\/\/www.accuratereviews.com\/it\/wp-json\/wp\/v2\/types\/page"}],"author":[{"embeddable":true,"href":"https:\/\/www.accuratereviews.com\/it\/wp-json\/wp\/v2\/users\/16"}],"replies":[{"embeddable":true,"href":"https:\/\/www.accuratereviews.com\/it\/wp-json\/wp\/v2\/comments?post=53670"}],"version-history":[{"count":10,"href":"https:\/\/www.accuratereviews.com\/it\/wp-json\/wp\/v2\/pages\/53670\/revisions"}],"predecessor-version":[{"id":53726,"href":"https:\/\/www.accuratereviews.com\/it\/wp-json\/wp\/v2\/pages\/53670\/revisions\/53726"}],"up":[{"embeddable":true,"href":"https:\/\/www.accuratereviews.com\/it\/wp-json\/wp\/v2\/pages\/53694"}],"wp:featuredmedia":[{"embeddable":true,"href":"https:\/\/www.accuratereviews.com\/it\/wp-json\/wp\/v2\/media\/53672"}],"wp:attachment":[{"href":"https:\/\/www.accuratereviews.com\/it\/wp-json\/wp\/v2\/media?parent=53670"}],"wp:term":[{"taxonomy":"category","embeddable":true,"href":"https:\/\/www.accuratereviews.com\/it\/wp-json\/wp\/v2\/categories?post=53670"},{"taxonomy":"post_tag","embeddable":true,"href":"https:\/\/www.accuratereviews.com\/it\/wp-json\/wp\/v2\/tags?post=53670"},{"taxonomy":"features","embeddable":true,"href":"https:\/\/www.accuratereviews.com\/it\/wp-json\/wp\/v2\/features?post=53670"}],"curies":[{"name":"wp","href":"https:\/\/api.w.org\/{rel}","templated":true}]}}