{"id":53751,"date":"2022-02-15T12:09:01","date_gmt":"2022-02-15T12:09:01","guid":{"rendered":"https:\/\/www.accuratereviews.com\/?page_id=53751"},"modified":"2022-02-16T09:52:55","modified_gmt":"2022-02-16T09:52:55","slug":"rulex-recensione","status":"publish","type":"page","link":"https:\/\/www.accuratereviews.com\/it\/software-gestione-accurata-dati\/rulex-recensione\/","title":{"rendered":"Rulex"},"content":{"rendered":"<p><strong>Rulex<\/strong> aiuta le persone e le organizzazioni a prendere le migliori decisioni possibili combinando perfettamente la conoscenza trasparente basata sui dati con l&#8217;esperienza umana. La piattaforma pu\u00f2 essere utilizzata da chiunque da un laptop standard, senza scrivere una riga di codice. L&#8217;applicazione aiuta i clienti di tutto il mondo a migliorare i processi operativi e decisionali utilizzando <strong>insight basati sui dati<\/strong>. \u00c8 possibile accedere alla piattaforma da pi\u00f9 dispositivi. La sua interfaccia grafica drag-and-drop di facile utilizzo consente agli utenti di gestire i dati con sicurezza e ottenere informazioni dettagliate basate sui dati per migliorare i processi operativi e decisionali. Dalle catene di approvvigionamento ai servizi finanziari e alle imprese sanitarie, persone di tutto il mondo utilizzano la tecnologia Rulex per trasformare i loro big data in una risorsa affidabile e preziosa.<\/p>\n<h2>RULEX &#8211; TUTORIAL<\/h2>\n<p>Vediamo i benefici che porta usare questo<strong> software per la gestione dei dati<\/strong>:<\/p>\n<div id=\"fluid-wrapper-counter-1\" class=\"g1-fluid-wrapper \" style=\"width:686px;\">\n<div style=\"padding-bottom:56.268221574344%;\"><iframe loading=\"lazy\" title=\"This is Rulex\" width=\"686\" height=\"386\" src=\"https:\/\/www.youtube.com\/embed\/GYNwHSvU7Pc?feature=oembed&amp;wmode=transparent&amp;autohide=1&amp;autoplay=0&amp;disablekb=0&amp;fs=1&amp;loop=0&amp;enablejsapi=1&amp;rel=0&amp;controls=2&amp;showinfo=0&amp;wmode=transparent&amp;autohide=2&amp;autoplay=0&amp;disablekb=0&amp;fs=1&amp;loop=0&amp;enablejsapi=1&amp;rel=0&amp;controls=2&amp;showinfo=1\" frameborder=\"0\" allow=\"accelerometer; autoplay; clipboard-write; encrypted-media; gyroscope; picture-in-picture\" allowfullscreen><\/iframe><\/div>\n<\/div>\n<h2>RULEX &#8211; CARATTERISTICHE<\/h2>\n<ul>\n<li><strong>Semplice e immediato<\/strong>:\u00a0piattaforma user-friendly senza codice significa che chiunque pu\u00f2 lavorare con i dati e ottenere informazioni basate sui dati in pochi minuti su un laptop standard, senza scrivere una riga di codice.\u00a0Rivoluzionare i servizi finanziari con decisioni intelligenti<\/li>\n<li><strong>Versatile e flessibile<\/strong>: il software offre una gamma completa di funzioni, dalla preparazione e pre-elaborazione dei dati, agli algoritmi di intelligenza artificiale e all&#8217;ottimizzazione in un unico ambiente<\/li>\n<li><strong>Veloce ed efficiente<\/strong>: il programma consente alle aziende di vedere rapidamente i risultati, grazie a un rapido ciclo di sviluppo. Il passaggio dall&#8217;ideazione alla produzione \u00e8 questione di pochi clic. Le idee di business possono essere provate, testate e implementate rapidamente<\/li>\n<li><strong>Vedi oltre le tabelle di dati<\/strong>: visualizza i tuoi dati su una dashboard interattiva. Crea grafici, forme e indicatori in un unico ambiente di lavoro per leggere meglio le informazioni dettagliate sui dati ed esplorare i modelli. Perfeziona l&#8217;analisi visiva aggiungendo filtri e approfondimenti per mettere in discussione i tuoi dati e fare scoperte rivoluzionarie<\/li>\n<li><strong>Migliora la comunicazione:<\/strong> la visualizzazione dei dati in una dashboard rende le informazioni pi\u00f9 comprensibili e dirette, soprattutto per i decisori non tecnici. Le visualizzazioni dinamiche possono aiutarti a chiarire il tuo punto durante le riunioni, presentando i tuoi risultati a colleghi e clienti in modo pi\u00f9 efficace.<\/li>\n<\/ul>\n<h4>LE RECENSIONI DEGLI UTENTI<\/h4>\n<p class=\"font-weight-bold mb-2\"><strong>Sara S.&#8221;Piattaforma molto facile da usare per Data Analytics e Intelligenza Artificiale&#8221;<\/strong><\/p>\n<p class=\"font-weight-bold mb-2\"><strong>Pro<\/strong>:\u00a0Il software consente a sviluppatori non esperti di analizzare i dati in modo semplice, grazie alla sua interfaccia intuitiva. In particolare, l&#8217;ispezione e la visualizzazione dei dati possono essere eseguite in modo rapido ed efficace.<\/p>\n<p class=\"font-weight-bold mb-2\"><strong>Contro<\/strong>:\u00a0Suggerirei di aggiungere pi\u00f9 documentazione sulle funzioni avanzate di Rulex.<\/p>\n<p class=\"font-weight-bold mb-2\"><strong>Pierluigi S.&#8221;Rulex \u00e8 fantastico&#8221;<\/strong><\/p>\n<p class=\"font-weight-bold mb-2\"><strong>Pro<\/strong>:\u00a0\u00c8 facile da usare nella preparazione dei dati nel migliore che abbia mai visto sul mercato negli ultimi 20 anni. La macchina di apprendimento logico semplifica la vita nello sviluppo e nella messa a punto di un modello di apprendimento automatico. Tutte queste caratteristiche rendono il lavoro in regolex un&#8217;esperienza molto soddisfacente e molto produttiva<\/p>\n<p class=\"font-weight-bold mb-2\"><strong>Contro<\/strong>:\u00a0Mi piacerebbe che fosse pi\u00f9 economico, ma a dire il vero il prezzo \u00e8 nella stessa fascia dei concorrenti sul mercato e la facilit\u00e0 d&#8217;uso rende Rulex TCO il migliore,<\/p>\n<p class=\"font-weight-bold mb-2\"><strong>Johan \u00d6.: &#8220;Utilizzo di Rulex per analisi avanzate della catena di approvvigionamento&#8221;<\/strong><\/p>\n<p><span class=\"font-weight-bold\"><strong>Commenti<\/strong>: <\/span>Nel complesso ho avuto un&#8217;esperienza molto positiva lavorando in e con Rulex negli ultimi tre anni.<\/p>\n<p class=\"font-weight-bold mb-2\"><strong>Pro<\/strong>:\u00a0La flessibilit\u00e0 e la facilit\u00e0 d&#8217;uso nel combinare entrambe le potenti funzioni di gestione dei dati insieme a funzioni di modifica predittiva. La configurazione del flusso di lavoro \u00e8 rapida e intuitiva, il che significa che il tempo per ottenere informazioni \u00e8 inferiore rispetto ad altri software simili sperimentati.<\/p>\n<p class=\"font-weight-bold mb-2\"><strong>Contro<\/strong>:\u00a0La funzionalit\u00e0 dell&#8217;API, sebbene presente, potrebbe essere migliorata con pi\u00f9 funzionalit\u00e0.<\/p>\n","protected":false},"excerpt":{"rendered":"<p>Rulex aiuta le persone e le organizzazioni a prendere le migliori decisioni possibili combinando perfettamente la conoscenza trasparente basata sui dati con l&#8217;esperienza umana. La piattaforma pu\u00f2 essere utilizzata da chiunque da un laptop standard, senza scrivere una riga di codice. L&#8217;applicazione aiuta i clienti di tutto il mondo a migliorare i processi operativi e decisionali utilizzando insight basati sui dati.<\/p>\n","protected":false},"author":16,"featured_media":53754,"parent":53694,"menu_order":0,"comment_status":"open","ping_status":"closed","template":"g1_template_page_review_new.php","meta":{"_acf_changed":false,"cwp_meta_box_check":"No","cwp_rev_product_name":"","cwp_rev_product_image":"","wppr_links":[],"cwp_rev_price":"","wppr_options":[],"wppr_pros":[],"wppr_cons":[],"_monsterinsights_skip_tracking":false,"_monsterinsights_sitenote_active":false,"_monsterinsights_sitenote_note":"","_monsterinsights_sitenote_category":0,"footnotes":""},"categories":[12005],"tags":[5690,12056,12054,12058,12057,12055],"features":[],"class_list":{"0":"post-53751","1":"page","2":"type-page","3":"status-publish","4":"has-post-thumbnail","6":"category-software-gestione-accurata-dati-cat","7":"tag-gestione-dati","8":"tag-piattaforma-per-la-gestione-dati","9":"tag-programma-per-la-gestione-dati","10":"tag-rulex","11":"tag-software-per-la-gestione-dati","12":"tag-soluzione-per-la-gestione-dati"},"wppr_data":{"cwp_meta_box_check":"No"},"acf":[],"yoast_head":"<!-- This site is optimized with the Yoast SEO plugin v27.4 - https:\/\/yoast.com\/product\/yoast-seo-wordpress\/ -->\n<title>Rulex: recensione software per gestione dati - Accurate Reviews<\/title>\n<meta name=\"description\" content=\"Rulex: recensione software che aiuta a prendere le decisioni combinando perfettamente la conoscenza basata sui dati con l&#039;esperienza umana.\" \/>\n<meta name=\"robots\" content=\"index, follow, max-snippet:-1, max-image-preview:large, max-video-preview:-1\" \/>\n<link rel=\"canonical\" href=\"https:\/\/www.accuratereviews.com\/it\/software-gestione-accurata-dati\/rulex-recensione\/\" \/>\n<meta property=\"og:locale\" content=\"it_IT\" \/>\n<meta property=\"og:type\" content=\"article\" \/>\n<meta property=\"og:title\" content=\"Rulex: recensione software per gestione dati - Accurate Reviews\" \/>\n<meta property=\"og:description\" content=\"Rulex: recensione software che aiuta a prendere le decisioni combinando perfettamente la conoscenza basata sui dati con l&#039;esperienza umana.\" \/>\n<meta property=\"og:url\" content=\"https:\/\/www.accuratereviews.com\/it\/software-gestione-accurata-dati\/rulex-recensione\/\" \/>\n<meta property=\"og:site_name\" content=\"Accurate Reviews\" \/>\n<meta property=\"article:modified_time\" content=\"2022-02-16T09:52:55+00:00\" \/>\n<meta property=\"og:image\" content=\"https:\/\/www.accuratereviews.com\/wp-content\/uploads\/2022\/02\/rulex.png\" \/>\n\t<meta property=\"og:image:width\" content=\"225\" \/>\n\t<meta property=\"og:image:height\" content=\"225\" \/>\n\t<meta property=\"og:image:type\" content=\"image\/png\" \/>\n<meta name=\"twitter:card\" content=\"summary_large_image\" \/>\n<meta name=\"twitter:label1\" content=\"Tempo di lettura stimato\" \/>\n\t<meta name=\"twitter:data1\" content=\"4 minuti\" \/>\n<script type=\"application\/ld+json\" class=\"yoast-schema-graph\">{\"@context\":\"https:\\\/\\\/schema.org\",\"@graph\":[{\"@type\":\"WebPage\",\"@id\":\"https:\\\/\\\/www.accuratereviews.com\\\/it\\\/software-gestione-accurata-dati\\\/rulex-recensione\\\/\",\"url\":\"https:\\\/\\\/www.accuratereviews.com\\\/it\\\/software-gestione-accurata-dati\\\/rulex-recensione\\\/\",\"name\":\"Rulex: recensione software per gestione dati - Accurate Reviews\",\"isPartOf\":{\"@id\":\"https:\\\/\\\/www.accuratereviews.com\\\/it\\\/#website\"},\"primaryImageOfPage\":{\"@id\":\"https:\\\/\\\/www.accuratereviews.com\\\/it\\\/software-gestione-accurata-dati\\\/rulex-recensione\\\/#primaryimage\"},\"image\":{\"@id\":\"https:\\\/\\\/www.accuratereviews.com\\\/it\\\/software-gestione-accurata-dati\\\/rulex-recensione\\\/#primaryimage\"},\"thumbnailUrl\":\"https:\\\/\\\/www.accuratereviews.com\\\/wp-content\\\/uploads\\\/2022\\\/02\\\/rulex.png\",\"datePublished\":\"2022-02-15T12:09:01+00:00\",\"dateModified\":\"2022-02-16T09:52:55+00:00\",\"description\":\"Rulex: recensione software che aiuta a prendere le decisioni combinando perfettamente la conoscenza basata sui dati con l'esperienza umana.\",\"breadcrumb\":{\"@id\":\"https:\\\/\\\/www.accuratereviews.com\\\/it\\\/software-gestione-accurata-dati\\\/rulex-recensione\\\/#breadcrumb\"},\"inLanguage\":\"it-IT\",\"potentialAction\":[{\"@type\":\"ReadAction\",\"target\":[\"https:\\\/\\\/www.accuratereviews.com\\\/it\\\/software-gestione-accurata-dati\\\/rulex-recensione\\\/\"]}]},{\"@type\":\"ImageObject\",\"inLanguage\":\"it-IT\",\"@id\":\"https:\\\/\\\/www.accuratereviews.com\\\/it\\\/software-gestione-accurata-dati\\\/rulex-recensione\\\/#primaryimage\",\"url\":\"https:\\\/\\\/www.accuratereviews.com\\\/wp-content\\\/uploads\\\/2022\\\/02\\\/rulex.png\",\"contentUrl\":\"https:\\\/\\\/www.accuratereviews.com\\\/wp-content\\\/uploads\\\/2022\\\/02\\\/rulex.png\",\"width\":225,\"height\":225},{\"@type\":\"BreadcrumbList\",\"@id\":\"https:\\\/\\\/www.accuratereviews.com\\\/it\\\/software-gestione-accurata-dati\\\/rulex-recensione\\\/#breadcrumb\",\"itemListElement\":[{\"@type\":\"ListItem\",\"position\":1,\"name\":\"Home\",\"item\":\"https:\\\/\\\/www.accuratereviews.com\\\/it\\\/\"},{\"@type\":\"ListItem\",\"position\":2,\"name\":\"Software per la gestione accurata dei dati\",\"item\":\"https:\\\/\\\/www.accuratereviews.com\\\/it\\\/software-gestione-accurata-dati\\\/\"},{\"@type\":\"ListItem\",\"position\":3,\"name\":\"Rulex\"}]},{\"@type\":\"WebSite\",\"@id\":\"https:\\\/\\\/www.accuratereviews.com\\\/it\\\/#website\",\"url\":\"https:\\\/\\\/www.accuratereviews.com\\\/it\\\/\",\"name\":\"Accurate Reviews\",\"description\":\"\",\"potentialAction\":[{\"@type\":\"SearchAction\",\"target\":{\"@type\":\"EntryPoint\",\"urlTemplate\":\"https:\\\/\\\/www.accuratereviews.com\\\/it\\\/?s={search_term_string}\"},\"query-input\":{\"@type\":\"PropertyValueSpecification\",\"valueRequired\":true,\"valueName\":\"search_term_string\"}}],\"inLanguage\":\"it-IT\"}]}<\/script>\n<!-- \/ Yoast SEO plugin. -->","yoast_head_json":{"title":"Rulex: recensione software per gestione dati - Accurate Reviews","description":"Rulex: recensione software che aiuta a prendere le decisioni combinando perfettamente la conoscenza basata sui dati con l'esperienza umana.","robots":{"index":"index","follow":"follow","max-snippet":"max-snippet:-1","max-image-preview":"max-image-preview:large","max-video-preview":"max-video-preview:-1"},"canonical":"https:\/\/www.accuratereviews.com\/it\/software-gestione-accurata-dati\/rulex-recensione\/","og_locale":"it_IT","og_type":"article","og_title":"Rulex: recensione software per gestione dati - Accurate Reviews","og_description":"Rulex: recensione software che aiuta a prendere le decisioni combinando perfettamente la conoscenza basata sui dati con l'esperienza umana.","og_url":"https:\/\/www.accuratereviews.com\/it\/software-gestione-accurata-dati\/rulex-recensione\/","og_site_name":"Accurate Reviews","article_modified_time":"2022-02-16T09:52:55+00:00","og_image":[{"width":225,"height":225,"url":"https:\/\/www.accuratereviews.com\/wp-content\/uploads\/2022\/02\/rulex.png","type":"image\/png"}],"twitter_card":"summary_large_image","twitter_misc":{"Tempo di lettura stimato":"4 minuti"},"schema":{"@context":"https:\/\/schema.org","@graph":[{"@type":"WebPage","@id":"https:\/\/www.accuratereviews.com\/it\/software-gestione-accurata-dati\/rulex-recensione\/","url":"https:\/\/www.accuratereviews.com\/it\/software-gestione-accurata-dati\/rulex-recensione\/","name":"Rulex: recensione software per gestione dati - Accurate Reviews","isPartOf":{"@id":"https:\/\/www.accuratereviews.com\/it\/#website"},"primaryImageOfPage":{"@id":"https:\/\/www.accuratereviews.com\/it\/software-gestione-accurata-dati\/rulex-recensione\/#primaryimage"},"image":{"@id":"https:\/\/www.accuratereviews.com\/it\/software-gestione-accurata-dati\/rulex-recensione\/#primaryimage"},"thumbnailUrl":"https:\/\/www.accuratereviews.com\/wp-content\/uploads\/2022\/02\/rulex.png","datePublished":"2022-02-15T12:09:01+00:00","dateModified":"2022-02-16T09:52:55+00:00","description":"Rulex: recensione software che aiuta a prendere le decisioni combinando perfettamente la conoscenza basata sui dati con l'esperienza umana.","breadcrumb":{"@id":"https:\/\/www.accuratereviews.com\/it\/software-gestione-accurata-dati\/rulex-recensione\/#breadcrumb"},"inLanguage":"it-IT","potentialAction":[{"@type":"ReadAction","target":["https:\/\/www.accuratereviews.com\/it\/software-gestione-accurata-dati\/rulex-recensione\/"]}]},{"@type":"ImageObject","inLanguage":"it-IT","@id":"https:\/\/www.accuratereviews.com\/it\/software-gestione-accurata-dati\/rulex-recensione\/#primaryimage","url":"https:\/\/www.accuratereviews.com\/wp-content\/uploads\/2022\/02\/rulex.png","contentUrl":"https:\/\/www.accuratereviews.com\/wp-content\/uploads\/2022\/02\/rulex.png","width":225,"height":225},{"@type":"BreadcrumbList","@id":"https:\/\/www.accuratereviews.com\/it\/software-gestione-accurata-dati\/rulex-recensione\/#breadcrumb","itemListElement":[{"@type":"ListItem","position":1,"name":"Home","item":"https:\/\/www.accuratereviews.com\/it\/"},{"@type":"ListItem","position":2,"name":"Software per la gestione accurata dei dati","item":"https:\/\/www.accuratereviews.com\/it\/software-gestione-accurata-dati\/"},{"@type":"ListItem","position":3,"name":"Rulex"}]},{"@type":"WebSite","@id":"https:\/\/www.accuratereviews.com\/it\/#website","url":"https:\/\/www.accuratereviews.com\/it\/","name":"Accurate Reviews","description":"","potentialAction":[{"@type":"SearchAction","target":{"@type":"EntryPoint","urlTemplate":"https:\/\/www.accuratereviews.com\/it\/?s={search_term_string}"},"query-input":{"@type":"PropertyValueSpecification","valueRequired":true,"valueName":"search_term_string"}}],"inLanguage":"it-IT"}]}},"_links":{"self":[{"href":"https:\/\/www.accuratereviews.com\/it\/wp-json\/wp\/v2\/pages\/53751","targetHints":{"allow":["GET"]}}],"collection":[{"href":"https:\/\/www.accuratereviews.com\/it\/wp-json\/wp\/v2\/pages"}],"about":[{"href":"https:\/\/www.accuratereviews.com\/it\/wp-json\/wp\/v2\/types\/page"}],"author":[{"embeddable":true,"href":"https:\/\/www.accuratereviews.com\/it\/wp-json\/wp\/v2\/users\/16"}],"replies":[{"embeddable":true,"href":"https:\/\/www.accuratereviews.com\/it\/wp-json\/wp\/v2\/comments?post=53751"}],"version-history":[{"count":9,"href":"https:\/\/www.accuratereviews.com\/it\/wp-json\/wp\/v2\/pages\/53751\/revisions"}],"predecessor-version":[{"id":53790,"href":"https:\/\/www.accuratereviews.com\/it\/wp-json\/wp\/v2\/pages\/53751\/revisions\/53790"}],"up":[{"embeddable":true,"href":"https:\/\/www.accuratereviews.com\/it\/wp-json\/wp\/v2\/pages\/53694"}],"wp:featuredmedia":[{"embeddable":true,"href":"https:\/\/www.accuratereviews.com\/it\/wp-json\/wp\/v2\/media\/53754"}],"wp:attachment":[{"href":"https:\/\/www.accuratereviews.com\/it\/wp-json\/wp\/v2\/media?parent=53751"}],"wp:term":[{"taxonomy":"category","embeddable":true,"href":"https:\/\/www.accuratereviews.com\/it\/wp-json\/wp\/v2\/categories?post=53751"},{"taxonomy":"post_tag","embeddable":true,"href":"https:\/\/www.accuratereviews.com\/it\/wp-json\/wp\/v2\/tags?post=53751"},{"taxonomy":"features","embeddable":true,"href":"https:\/\/www.accuratereviews.com\/it\/wp-json\/wp\/v2\/features?post=53751"}],"curies":[{"name":"wp","href":"https:\/\/api.w.org\/{rel}","templated":true}]}}