{"id":53811,"date":"2022-02-16T11:18:38","date_gmt":"2022-02-16T11:18:38","guid":{"rendered":"https:\/\/www.accuratereviews.com\/?page_id=53811"},"modified":"2022-02-16T11:18:38","modified_gmt":"2022-02-16T11:18:38","slug":"importomatic-recensione","status":"publish","type":"page","link":"https:\/\/www.accuratereviews.com\/it\/software-gestione-accurata-dati\/importomatic-recensione\/","title":{"rendered":"ImportOmatic"},"content":{"rendered":"<p><strong>ImportOmatic<\/strong> consente una <strong>rapida integrazione dei dati<\/strong> per Raiser&#8217;s Edge e Raiser&#8217;s Edge NXT di Blackbaud. La soluzione ridefinisce l&#8217;efficienza con l&#8217;intelligenza integrata per pulire i dati, profili intelligenti per un&#8217;elaborazione su misura e un catalogo in espansione di connettori (tra cui MailChimp, WealthEngine, Luminate Online e altri) che rendono l&#8217;importazione e l&#8217;esportazione un processo in un&#8217;unica fase.\u00a0Le caratteristiche principali includono un algoritmo avanzato di punteggio duplicato che scopre potenziali corrispondenze e assegna un livello di confidenza, impostazioni di punteggio separate per le relazioni e pi\u00f9 opzioni di corrispondenza per codice costituente e attributi.<strong> ImportOmatic<\/strong> consente agli utenti di impostare e applicare automaticamente parametri distinti per componenti e relazioni e sfruttare i tasti di scelta rapida per velocizzare le schermate di importazione interattive.<\/p>\n<h2>IMPORTOMATIC &#8211; TUTORIAL<\/h2>\n<p>Vediamo come questo<strong> software per gestione dei dati<\/strong> pu\u00f2 aiutare le organizzazioni no profit:<\/p>\n<div id=\"fluid-wrapper-counter-1\" class=\"g1-fluid-wrapper \" style=\"width:686px;\">\n<div style=\"padding-bottom:56.268221574344%;\"><iframe loading=\"lazy\" title=\"Omatic Cloud Overview- Non Profit Data Integration\" width=\"686\" height=\"386\" src=\"https:\/\/www.youtube.com\/embed\/if1vJTQqvgI?feature=oembed&amp;wmode=transparent&amp;autohide=1&amp;autoplay=0&amp;disablekb=0&amp;fs=1&amp;loop=0&amp;enablejsapi=1&amp;rel=0&amp;controls=2&amp;showinfo=0&amp;wmode=transparent&amp;autohide=2&amp;autoplay=0&amp;disablekb=0&amp;fs=1&amp;loop=0&amp;enablejsapi=1&amp;rel=0&amp;controls=2&amp;showinfo=1\" frameborder=\"0\" allow=\"accelerometer; autoplay; clipboard-write; encrypted-media; gyroscope; picture-in-picture\" allowfullscreen><\/iframe><\/div>\n<\/div>\n<h3>IMPORTOMATIC &#8211; CARATTERISTICHE<\/h3>\n<ul>\n<li>Standardizza e ripulisci i dati durante l&#8217;importazione o riduci al minimo i record duplicati con l&#8217;integrazione avanzata per risparmiare tempo, denaro e sfruttare davvero gli investimenti tecnologici<\/li>\n<li>Elabora su misura e nuovi connettori che rendono il processo di importazione ed esportazione in una fase<\/li>\n<li>Approfondisci o imposta un&#8217;importazione pianificata e rimani aggiornato su ogni dettaglio.<\/li>\n<li>I connettori del software consentono di spostare i dati da e verso strumenti di terze parti come Mailchimp, Classy e DonorDrive in un unico passaggio<\/li>\n<li>Importa ed esporta dati da qualsiasi fonte in modo rapido e semplice<\/li>\n<\/ul>\n<h4>LE RECENSIONI DEGLI UTENTI<\/h4>\n<p class=\"font-weight-bold mb-2\"><strong>Lindsay B. &#8220;ImportOmatic&#8221;<\/strong><\/p>\n<p><span class=\"font-weight-bold\"><strong>Commenti<\/strong>: <\/span>Piuttosto buono. L&#8217;aiuto \u00e8 stato abbastanza reattivo e sono contento che per la maggior parte prendano il controllo.<\/p>\n<p class=\"font-weight-bold mb-2\"><strong>Pro<\/strong>:\u00a0Importazione ed esportazione di set di dati completi &#8211; di componenti, regali e risposte a sondaggi &#8211; da\/verso Raisers Edge e Luminate.<\/p>\n<p class=\"font-weight-bold mb-2\"><strong>Contro<\/strong>:\u00a0L&#8217;aggiunta e la modifica di criteri\/campi di importazione\/esportazione pu\u00f2 essere ingombrante.<\/p>\n<p class=\"font-weight-bold mb-2\"><strong>Stephanie U.&#8221;Omatica automatica&#8221;<\/strong><\/p>\n<p><span class=\"font-weight-bold\"><strong>Commenti<\/strong>: <\/span>Non addetti alle vendite invadenti. Disposto a mostrare demo e rispondere alle domande. La configurazione del prodotto \u00e8 stata rapida, forse troppo veloce. Avrebbe voluto che il trainer ci seguisse dopo i nostri corsi di formazione poich\u00e9 una volta che abbiamo iniziato a utilizzare il prodotto, abbiamo avuto delle domande.<\/p>\n<p class=\"font-weight-bold mb-2\"><strong>Pro<\/strong>:\u00a0La mia organizzazione utilizza tre prodotti omatic. Hanno continuato a dimostrare la loro comprensione del nostro settore e a progettare i loro prodotti in modo che siano facili da usare. Il prodotto che utilizziamo da pi\u00f9 tempo \u00e8 Record Radar. Se le tue raccolte fondi amano visitare aree geografiche e vogliono sapere chi altro possono visitare, questo \u00e8 lo strumento di cui hai bisogno!<\/p>\n<p class=\"font-weight-bold mb-2\"><strong>Contro<\/strong>:\u00a0Non sono affatto invadenti con i loro prodotti e vorrei che lo fossero di pi\u00f9! Con questo, intendo dire che vorrei averlo acquistato prima perch\u00e9 ha fatto la differenza con il nostro team di elaborazione dati. Penso che la loro implementazione avrebbe potuto essere leggermente diversa per import-o-matic.<\/p>\n<p><strong>Johon D.&#8221;Risparmia cos\u00ec tanto tempo!&#8221;<\/strong><\/p>\n<p><span class=\"font-weight-bold\"><strong>Commenti<\/strong>: <\/span>Positivo! Ora che ho compreso appieno come utilizzare questo prodotto, mi ha fatto risparmiare una notevole quantit\u00e0 di tempo e fatica<\/p>\n<p class=\"font-weight-bold mb-2\"><strong>Pro<\/strong>:\u00a0Questo strumento, se utilizzato correttamente, pu\u00f2 farti risparmiare ore e ore di tempo per l&#8217;inserimento dei dati. Super disponibile e funziona davvero bene<\/p>\n<p class=\"font-weight-bold mb-2\"><strong>Contro<\/strong>:\u00a0Pu\u00f2 essere difficile da imparare e c&#8217;\u00e8 un sacco di programmazione e che serve per far funzionare il software che pu\u00f2 essere proibitivo.<\/p>\n","protected":false},"excerpt":{"rendered":"<p>ImportOmatic consente una rapida integrazione dei dati per Raiser&#8217;s Edge e Raiser&#8217;s Edge NXT di Blackbaud. La soluzione ridefinisce l&#8217;efficienza con l&#8217;intelligenza integrata per pulire i dati, profili intelligenti per un&#8217;elaborazione su misura e un catalogo in espansione di connettori (tra cui MailChimp, WealthEngine, Luminate Online e altri) che rendono l&#8217;importazione e l&#8217;esportazione un processo in un&#8217;unica fase<\/p>\n","protected":false},"author":16,"featured_media":53812,"parent":53694,"menu_order":0,"comment_status":"open","ping_status":"closed","template":"g1_template_page_review_new.php","meta":{"_acf_changed":false,"cwp_meta_box_check":"No","cwp_rev_product_name":"","cwp_rev_product_image":"","wppr_links":[],"cwp_rev_price":"","wppr_options":[],"wppr_pros":[],"wppr_cons":[],"_monsterinsights_skip_tracking":false,"_monsterinsights_sitenote_active":false,"_monsterinsights_sitenote_note":"","_monsterinsights_sitenote_category":0,"footnotes":""},"categories":[12005],"tags":[5690,12089,12088,12087,12085,12086],"features":[],"class_list":{"0":"post-53811","1":"page","2":"type-page","3":"status-publish","4":"has-post-thumbnail","6":"category-software-gestione-accurata-dati-cat","7":"tag-gestione-dati","8":"tag-importomatic","9":"tag-piattaforma-per-gestione-dati","10":"tag-programma-per-gestione-dati","11":"tag-software-per-gestione-dati","12":"tag-soluzione-per-gestione-dati"},"wppr_data":{"cwp_meta_box_check":"No"},"acf":[],"yoast_head":"<!-- This site is optimized with the Yoast SEO plugin v27.4 - https:\/\/yoast.com\/product\/yoast-seo-wordpress\/ -->\n<title>ImportOmatic: recensione software per gestire i dati - Accurate Reviews<\/title>\n<meta name=\"description\" content=\"ImportOmatic: recensione soluzione che consente una rapida integrazione dei dati per Raiser&#039;s Edge e Raiser&#039;s Edge NXT di Blackbaud.\" \/>\n<meta name=\"robots\" content=\"index, follow, max-snippet:-1, max-image-preview:large, max-video-preview:-1\" \/>\n<link rel=\"canonical\" href=\"https:\/\/www.accuratereviews.com\/it\/software-gestione-accurata-dati\/importomatic-recensione\/\" \/>\n<meta property=\"og:locale\" content=\"it_IT\" \/>\n<meta property=\"og:type\" content=\"article\" \/>\n<meta property=\"og:title\" content=\"ImportOmatic: recensione software per gestire i dati - Accurate Reviews\" \/>\n<meta property=\"og:description\" content=\"ImportOmatic: recensione soluzione che consente una rapida integrazione dei dati per Raiser&#039;s Edge e Raiser&#039;s Edge NXT di Blackbaud.\" \/>\n<meta property=\"og:url\" content=\"https:\/\/www.accuratereviews.com\/it\/software-gestione-accurata-dati\/importomatic-recensione\/\" \/>\n<meta property=\"og:site_name\" content=\"Accurate Reviews\" \/>\n<meta property=\"og:image\" content=\"https:\/\/www.accuratereviews.com\/wp-content\/uploads\/2022\/02\/omatic-.png\" \/>\n\t<meta property=\"og:image:width\" content=\"1200\" \/>\n\t<meta property=\"og:image:height\" content=\"630\" \/>\n\t<meta property=\"og:image:type\" content=\"image\/png\" \/>\n<meta name=\"twitter:card\" content=\"summary_large_image\" \/>\n<meta name=\"twitter:label1\" content=\"Tempo di lettura stimato\" \/>\n\t<meta name=\"twitter:data1\" content=\"3 minuti\" \/>\n<script type=\"application\/ld+json\" class=\"yoast-schema-graph\">{\"@context\":\"https:\\\/\\\/schema.org\",\"@graph\":[{\"@type\":\"WebPage\",\"@id\":\"https:\\\/\\\/www.accuratereviews.com\\\/it\\\/software-gestione-accurata-dati\\\/importomatic-recensione\\\/\",\"url\":\"https:\\\/\\\/www.accuratereviews.com\\\/it\\\/software-gestione-accurata-dati\\\/importomatic-recensione\\\/\",\"name\":\"ImportOmatic: recensione software per gestire i dati - Accurate Reviews\",\"isPartOf\":{\"@id\":\"https:\\\/\\\/www.accuratereviews.com\\\/it\\\/#website\"},\"primaryImageOfPage\":{\"@id\":\"https:\\\/\\\/www.accuratereviews.com\\\/it\\\/software-gestione-accurata-dati\\\/importomatic-recensione\\\/#primaryimage\"},\"image\":{\"@id\":\"https:\\\/\\\/www.accuratereviews.com\\\/it\\\/software-gestione-accurata-dati\\\/importomatic-recensione\\\/#primaryimage\"},\"thumbnailUrl\":\"https:\\\/\\\/www.accuratereviews.com\\\/wp-content\\\/uploads\\\/2022\\\/02\\\/omatic-.png\",\"datePublished\":\"2022-02-16T11:18:38+00:00\",\"description\":\"ImportOmatic: recensione soluzione che consente una rapida integrazione dei dati per Raiser's Edge e Raiser's Edge NXT di Blackbaud.\",\"breadcrumb\":{\"@id\":\"https:\\\/\\\/www.accuratereviews.com\\\/it\\\/software-gestione-accurata-dati\\\/importomatic-recensione\\\/#breadcrumb\"},\"inLanguage\":\"it-IT\",\"potentialAction\":[{\"@type\":\"ReadAction\",\"target\":[\"https:\\\/\\\/www.accuratereviews.com\\\/it\\\/software-gestione-accurata-dati\\\/importomatic-recensione\\\/\"]}]},{\"@type\":\"ImageObject\",\"inLanguage\":\"it-IT\",\"@id\":\"https:\\\/\\\/www.accuratereviews.com\\\/it\\\/software-gestione-accurata-dati\\\/importomatic-recensione\\\/#primaryimage\",\"url\":\"https:\\\/\\\/www.accuratereviews.com\\\/wp-content\\\/uploads\\\/2022\\\/02\\\/omatic-.png\",\"contentUrl\":\"https:\\\/\\\/www.accuratereviews.com\\\/wp-content\\\/uploads\\\/2022\\\/02\\\/omatic-.png\",\"width\":1200,\"height\":630},{\"@type\":\"BreadcrumbList\",\"@id\":\"https:\\\/\\\/www.accuratereviews.com\\\/it\\\/software-gestione-accurata-dati\\\/importomatic-recensione\\\/#breadcrumb\",\"itemListElement\":[{\"@type\":\"ListItem\",\"position\":1,\"name\":\"Home\",\"item\":\"https:\\\/\\\/www.accuratereviews.com\\\/it\\\/\"},{\"@type\":\"ListItem\",\"position\":2,\"name\":\"Software per la gestione accurata dei dati\",\"item\":\"https:\\\/\\\/www.accuratereviews.com\\\/it\\\/software-gestione-accurata-dati\\\/\"},{\"@type\":\"ListItem\",\"position\":3,\"name\":\"ImportOmatic\"}]},{\"@type\":\"WebSite\",\"@id\":\"https:\\\/\\\/www.accuratereviews.com\\\/it\\\/#website\",\"url\":\"https:\\\/\\\/www.accuratereviews.com\\\/it\\\/\",\"name\":\"Accurate Reviews\",\"description\":\"\",\"potentialAction\":[{\"@type\":\"SearchAction\",\"target\":{\"@type\":\"EntryPoint\",\"urlTemplate\":\"https:\\\/\\\/www.accuratereviews.com\\\/it\\\/?s={search_term_string}\"},\"query-input\":{\"@type\":\"PropertyValueSpecification\",\"valueRequired\":true,\"valueName\":\"search_term_string\"}}],\"inLanguage\":\"it-IT\"}]}<\/script>\n<!-- \/ Yoast SEO plugin. -->","yoast_head_json":{"title":"ImportOmatic: recensione software per gestire i dati - Accurate Reviews","description":"ImportOmatic: recensione soluzione che consente una rapida integrazione dei dati per Raiser's Edge e Raiser's Edge NXT di Blackbaud.","robots":{"index":"index","follow":"follow","max-snippet":"max-snippet:-1","max-image-preview":"max-image-preview:large","max-video-preview":"max-video-preview:-1"},"canonical":"https:\/\/www.accuratereviews.com\/it\/software-gestione-accurata-dati\/importomatic-recensione\/","og_locale":"it_IT","og_type":"article","og_title":"ImportOmatic: recensione software per gestire i dati - Accurate Reviews","og_description":"ImportOmatic: recensione soluzione che consente una rapida integrazione dei dati per Raiser's Edge e Raiser's Edge NXT di Blackbaud.","og_url":"https:\/\/www.accuratereviews.com\/it\/software-gestione-accurata-dati\/importomatic-recensione\/","og_site_name":"Accurate Reviews","og_image":[{"width":1200,"height":630,"url":"https:\/\/www.accuratereviews.com\/wp-content\/uploads\/2022\/02\/omatic-.png","type":"image\/png"}],"twitter_card":"summary_large_image","twitter_misc":{"Tempo di lettura stimato":"3 minuti"},"schema":{"@context":"https:\/\/schema.org","@graph":[{"@type":"WebPage","@id":"https:\/\/www.accuratereviews.com\/it\/software-gestione-accurata-dati\/importomatic-recensione\/","url":"https:\/\/www.accuratereviews.com\/it\/software-gestione-accurata-dati\/importomatic-recensione\/","name":"ImportOmatic: recensione software per gestire i dati - Accurate Reviews","isPartOf":{"@id":"https:\/\/www.accuratereviews.com\/it\/#website"},"primaryImageOfPage":{"@id":"https:\/\/www.accuratereviews.com\/it\/software-gestione-accurata-dati\/importomatic-recensione\/#primaryimage"},"image":{"@id":"https:\/\/www.accuratereviews.com\/it\/software-gestione-accurata-dati\/importomatic-recensione\/#primaryimage"},"thumbnailUrl":"https:\/\/www.accuratereviews.com\/wp-content\/uploads\/2022\/02\/omatic-.png","datePublished":"2022-02-16T11:18:38+00:00","description":"ImportOmatic: recensione soluzione che consente una rapida integrazione dei dati per Raiser's Edge e Raiser's Edge NXT di Blackbaud.","breadcrumb":{"@id":"https:\/\/www.accuratereviews.com\/it\/software-gestione-accurata-dati\/importomatic-recensione\/#breadcrumb"},"inLanguage":"it-IT","potentialAction":[{"@type":"ReadAction","target":["https:\/\/www.accuratereviews.com\/it\/software-gestione-accurata-dati\/importomatic-recensione\/"]}]},{"@type":"ImageObject","inLanguage":"it-IT","@id":"https:\/\/www.accuratereviews.com\/it\/software-gestione-accurata-dati\/importomatic-recensione\/#primaryimage","url":"https:\/\/www.accuratereviews.com\/wp-content\/uploads\/2022\/02\/omatic-.png","contentUrl":"https:\/\/www.accuratereviews.com\/wp-content\/uploads\/2022\/02\/omatic-.png","width":1200,"height":630},{"@type":"BreadcrumbList","@id":"https:\/\/www.accuratereviews.com\/it\/software-gestione-accurata-dati\/importomatic-recensione\/#breadcrumb","itemListElement":[{"@type":"ListItem","position":1,"name":"Home","item":"https:\/\/www.accuratereviews.com\/it\/"},{"@type":"ListItem","position":2,"name":"Software per la gestione accurata dei dati","item":"https:\/\/www.accuratereviews.com\/it\/software-gestione-accurata-dati\/"},{"@type":"ListItem","position":3,"name":"ImportOmatic"}]},{"@type":"WebSite","@id":"https:\/\/www.accuratereviews.com\/it\/#website","url":"https:\/\/www.accuratereviews.com\/it\/","name":"Accurate Reviews","description":"","potentialAction":[{"@type":"SearchAction","target":{"@type":"EntryPoint","urlTemplate":"https:\/\/www.accuratereviews.com\/it\/?s={search_term_string}"},"query-input":{"@type":"PropertyValueSpecification","valueRequired":true,"valueName":"search_term_string"}}],"inLanguage":"it-IT"}]}},"_links":{"self":[{"href":"https:\/\/www.accuratereviews.com\/it\/wp-json\/wp\/v2\/pages\/53811","targetHints":{"allow":["GET"]}}],"collection":[{"href":"https:\/\/www.accuratereviews.com\/it\/wp-json\/wp\/v2\/pages"}],"about":[{"href":"https:\/\/www.accuratereviews.com\/it\/wp-json\/wp\/v2\/types\/page"}],"author":[{"embeddable":true,"href":"https:\/\/www.accuratereviews.com\/it\/wp-json\/wp\/v2\/users\/16"}],"replies":[{"embeddable":true,"href":"https:\/\/www.accuratereviews.com\/it\/wp-json\/wp\/v2\/comments?post=53811"}],"version-history":[{"count":11,"href":"https:\/\/www.accuratereviews.com\/it\/wp-json\/wp\/v2\/pages\/53811\/revisions"}],"predecessor-version":[{"id":53910,"href":"https:\/\/www.accuratereviews.com\/it\/wp-json\/wp\/v2\/pages\/53811\/revisions\/53910"}],"up":[{"embeddable":true,"href":"https:\/\/www.accuratereviews.com\/it\/wp-json\/wp\/v2\/pages\/53694"}],"wp:featuredmedia":[{"embeddable":true,"href":"https:\/\/www.accuratereviews.com\/it\/wp-json\/wp\/v2\/media\/53812"}],"wp:attachment":[{"href":"https:\/\/www.accuratereviews.com\/it\/wp-json\/wp\/v2\/media?parent=53811"}],"wp:term":[{"taxonomy":"category","embeddable":true,"href":"https:\/\/www.accuratereviews.com\/it\/wp-json\/wp\/v2\/categories?post=53811"},{"taxonomy":"post_tag","embeddable":true,"href":"https:\/\/www.accuratereviews.com\/it\/wp-json\/wp\/v2\/tags?post=53811"},{"taxonomy":"features","embeddable":true,"href":"https:\/\/www.accuratereviews.com\/it\/wp-json\/wp\/v2\/features?post=53811"}],"curies":[{"name":"wp","href":"https:\/\/api.w.org\/{rel}","templated":true}]}}